{"id":16119,"date":"2023-11-16T02:48:52","date_gmt":"2023-11-16T02:48:52","guid":{"rendered":"https:\/\/global-hookah.com\/product\/handmade-curved-smoking-pipe\/"},"modified":"2023-11-23T15:14:04","modified_gmt":"2023-11-23T15:14:04","slug":"handmade-curved-smoking-pipe","status":"publish","type":"product","link":"https:\/\/global-hookah.com\/de\/produkt\/handmade-curved-smoking-pipe\/","title":{"rendered":"Handgefertigte gebogene Rauchpfeife"},"content":{"rendered":"<p>Willkommen bei unserem Angebot an <strong>Handgefertigte gebogene Rauchpfeifen<\/strong>. Diese<strong> Handgefertigte gebogene Rauchpfeife<\/strong> wird von den Pfeifenmeistern in unserem Atelier sorgf\u00e4ltig hergestellt. Sie sind aus hochwertigem importiertem Bruy\u00e8reholz gefertigt. Unsere Handwerksmeister schnitzen sie in glatten B\u00f6gen und verwenden professionelle Schnitztechniken. Die exquisite Maserung des Bruy\u00e8reholzes wird geschickt kombiniert<\/p>\n<p>Der Rohrk\u00f6rper dieser <strong>Handgefertigte gebogene Rauchpfeife<\/strong> ist elegant geschwungen und das Mundst\u00fcck sinkt sattelf\u00f6rmig ab, so dass Sie beim Rauchen einen hervorragenden Halt haben. Das gebogene Design erm\u00f6glicht es dem Rauch, den Mund vollst\u00e4ndig zu ber\u00fchren, was ihn perfekt macht. Dank des Luftstroms k\u00f6nnen Sie das Aroma des Tabaks in vollem Umfang genie\u00dfen. Wenn Sie ihn mit hochwertigem Tabak kombinieren, wird das Erlebnis noch besser.<\/p>\n<p>Wenn Sie unsere <strong>handgefertigtes gebogenes Rohr,<\/strong> k\u00f6nnen Sie eine Acryl-Zigarettenspitze oder eine Cumberland-Zigarettenspitze f\u00fcr Ihre Pfeife w\u00e4hlen. Beide sind in verschiedenen Farbausf\u00fchrungen erh\u00e4ltlich. In Kombination mit dem <a href=\"https:\/\/global-hookah.com\/product-category\/tobacco-pipe\/briar-pipe\/\">Bruy\u00e8repfeife<\/a>k\u00f6nnen sie einen gro\u00dfen visuellen Effekt erzielen.<\/p>\n<div class=\"product-specs-list-container\">\n<ul class=\"product-specs-list util-clearfix\">\n<li class=\"product-prop line-limit-length\"><span class=\"property-title\">Modellnummer:\u00a0<\/span><span class=\"property-desc line-limit-length\">AA20004Q1C8M<\/span><\/li>\n<\/ul>\n<\/div>\n<p>&nbsp;<\/p>\n<p><img decoding=\"async\" src=\"https:\/\/ae01.alicdn.com\/kf\/Sb63ae5e11f2c426cbfe8212a10ed026bx.jpg\" \/><img decoding=\"async\" src=\"https:\/\/ae01.alicdn.com\/kf\/S739c1e6725d843a292d8d3c912642742B.jpg\" \/><img decoding=\"async\" src=\"https:\/\/ae01.alicdn.com\/kf\/S660a989c02ac4165a1b2a33ee11a8dedY.jpg\" \/><img decoding=\"async\" src=\"https:\/\/ae01.alicdn.com\/kf\/S1d4ec71c65d64c00be1f4a6ab492ddd9X.jpg\" \/><img decoding=\"async\" src=\"https:\/\/ae01.alicdn.com\/kf\/S166080c431e347e59ab61ab34ae36bc1J.jpg\" \/><img decoding=\"async\" src=\"https:\/\/ae01.alicdn.com\/kf\/S961437d55c5e4ea58d06e46c87758b3aG.jpg\" \/><img decoding=\"async\" src=\"https:\/\/ae01.alicdn.com\/kf\/Seeed1e8463a84b289e978830446d2771w.jpg\" \/><img decoding=\"async\" src=\"https:\/\/ae01.alicdn.com\/kf\/Sdc516a90d4e84fbd9123f612779d8f8fW.jpg\" \/><img decoding=\"async\" src=\"https:\/\/ae01.alicdn.com\/kf\/S1e0c7ef567844c2592937931b0c247e3v.jpg\" \/><img decoding=\"async\" src=\"https:\/\/ae01.alicdn.com\/kf\/S4137b60a84b4469f871d7cf1754c4d54i.jpg\" \/><img decoding=\"async\" src=\"https:\/\/ae01.alicdn.com\/kf\/S3d65d4a2a72b493f92deaa3772761639O.jpg\" \/><img decoding=\"async\" src=\"https:\/\/ae01.alicdn.com\/kf\/S6593da02410b4ec1a27abbe51176f0f95.jpg\" \/><img decoding=\"async\" src=\"https:\/\/ae01.alicdn.com\/kf\/S66fe6c4901114b11976bba85f6882eecK.jpg\" \/><\/p>","protected":false},"excerpt":{"rendered":"<p>Willkommen in unserem Angebot an handgefertigten gebogenen Rauchpfeifen. Diese Handmade Curved Smoking Pipe ist sorgf\u00e4ltig von der Pfeife gefertigt<\/p>","protected":false},"featured_media":16120,"comment_status":"open","ping_status":"closed","template":"","meta":{"iawp_total_views":5,"_joinchat":[]},"product_brand":[],"product_cat":[478],"product_tag":[],"class_list":{"0":"post-16119","1":"product","2":"type-product","3":"status-publish","4":"has-post-thumbnail","6":"product_cat-handmade-pipe","8":"first","9":"instock","10":"sale","11":"shipping-taxable","12":"purchasable","13":"product-type-variable"},"yoast_head":"<!-- This site is optimized with the Yoast SEO Premium plugin v24.7 (Yoast SEO v26.8) - https:\/\/yoast.com\/product\/yoast-seo-premium-wordpress\/ -->\n<title>Handmade Curved Smoking Pipe - Global Hookah<\/title>\n<meta name=\"robots\" content=\"index, follow, max-snippet:-1, max-image-preview:large, max-video-preview:-1\" \/>\n<link rel=\"canonical\" href=\"https:\/\/global-hookah.com\/de\/produkt\/handmade-curved-smoking-pipe\/\" \/>\n<meta property=\"og:locale\" content=\"de_DE\" \/>\n<meta property=\"og:type\" content=\"article\" \/>\n<meta property=\"og:title\" content=\"Handmade Curved Smoking Pipe\" \/>\n<meta property=\"og:description\" content=\"Welcome to our range of Handmade Curved Smoking Pipes. This Handmade Curved Smoking Pipe is carefully crafted by the pipe\" \/>\n<meta property=\"og:url\" content=\"https:\/\/global-hookah.com\/de\/produkt\/handmade-curved-smoking-pipe\/\" \/>\n<meta property=\"og:site_name\" content=\"Global Hookah\" \/>\n<meta property=\"article:modified_time\" content=\"2023-11-23T15:14:04+00:00\" \/>\n<meta property=\"og:image\" content=\"https:\/\/global-hookah.com\/wp-content\/uploads\/2023\/11\/MUXIANG-Handmade-briar-wood-tobacco-pipe-curved-handle-smoking-pipe-horn-decorative-ring-Heath-wood-smoking.webp\" \/>\n\t<meta property=\"og:image:width\" content=\"800\" \/>\n\t<meta property=\"og:image:height\" content=\"800\" \/>\n\t<meta property=\"og:image:type\" content=\"image\/webp\" \/>\n<meta name=\"twitter:card\" content=\"summary_large_image\" \/>\n<meta name=\"twitter:label1\" content=\"Gesch\u00e4tzte Lesezeit\" \/>\n\t<meta name=\"twitter:data1\" content=\"4\u00a0Minuten\" \/>\n<script type=\"application\/ld+json\" class=\"yoast-schema-graph\">{\"@context\":\"https:\/\/schema.org\",\"@graph\":[{\"@type\":\"WebPage\",\"@id\":\"https:\/\/global-hookah.com\/product\/handmade-curved-smoking-pipe\/\",\"url\":\"https:\/\/global-hookah.com\/product\/handmade-curved-smoking-pipe\/\",\"name\":\"Handmade Curved Smoking Pipe - Global Hookah\",\"isPartOf\":{\"@id\":\"https:\/\/global-hookah.com\/#website\"},\"primaryImageOfPage\":{\"@id\":\"https:\/\/global-hookah.com\/product\/handmade-curved-smoking-pipe\/#primaryimage\"},\"image\":{\"@id\":\"https:\/\/global-hookah.com\/product\/handmade-curved-smoking-pipe\/#primaryimage\"},\"thumbnailUrl\":\"https:\/\/global-hookah.com\/wp-content\/uploads\/2023\/11\/MUXIANG-Handmade-briar-wood-tobacco-pipe-curved-handle-smoking-pipe-horn-decorative-ring-Heath-wood-smoking.webp\",\"datePublished\":\"2023-11-16T02:48:52+00:00\",\"dateModified\":\"2023-11-23T15:14:04+00:00\",\"breadcrumb\":{\"@id\":\"https:\/\/global-hookah.com\/product\/handmade-curved-smoking-pipe\/#breadcrumb\"},\"inLanguage\":\"de\",\"potentialAction\":[{\"@type\":\"ReadAction\",\"target\":[\"https:\/\/global-hookah.com\/product\/handmade-curved-smoking-pipe\/\"]}]},{\"@type\":\"ImageObject\",\"inLanguage\":\"de\",\"@id\":\"https:\/\/global-hookah.com\/product\/handmade-curved-smoking-pipe\/#primaryimage\",\"url\":\"https:\/\/global-hookah.com\/wp-content\/uploads\/2023\/11\/MUXIANG-Handmade-briar-wood-tobacco-pipe-curved-handle-smoking-pipe-horn-decorative-ring-Heath-wood-smoking.webp\",\"contentUrl\":\"https:\/\/global-hookah.com\/wp-content\/uploads\/2023\/11\/MUXIANG-Handmade-briar-wood-tobacco-pipe-curved-handle-smoking-pipe-horn-decorative-ring-Heath-wood-smoking.webp\",\"width\":800,\"height\":800,\"caption\":\"Handmade Curved Smoking Pipe\"},{\"@type\":\"BreadcrumbList\",\"@id\":\"https:\/\/global-hookah.com\/product\/handmade-curved-smoking-pipe\/#breadcrumb\",\"itemListElement\":[{\"@type\":\"ListItem\",\"position\":1,\"name\":\"Home\",\"item\":\"https:\/\/global-hookah.com\/\"},{\"@type\":\"ListItem\",\"position\":2,\"name\":\"Shop\",\"item\":\"https:\/\/global-hookah.com\/shop\/\"},{\"@type\":\"ListItem\",\"position\":3,\"name\":\"Handmade Curved Smoking Pipe\"}]},{\"@type\":\"WebSite\",\"@id\":\"https:\/\/global-hookah.com\/#website\",\"url\":\"https:\/\/global-hookah.com\/\",\"name\":\"Global Hookah\",\"description\":\"Global Hookah\",\"publisher\":{\"@id\":\"https:\/\/global-hookah.com\/#organization\"},\"potentialAction\":[{\"@type\":\"SearchAction\",\"target\":{\"@type\":\"EntryPoint\",\"urlTemplate\":\"https:\/\/global-hookah.com\/?s={search_term_string}\"},\"query-input\":{\"@type\":\"PropertyValueSpecification\",\"valueRequired\":true,\"valueName\":\"search_term_string\"}}],\"inLanguage\":\"de\"},{\"@type\":\"Organization\",\"@id\":\"https:\/\/global-hookah.com\/#organization\",\"name\":\"Global Hookah\",\"url\":\"https:\/\/global-hookah.com\/\",\"logo\":{\"@type\":\"ImageObject\",\"inLanguage\":\"de\",\"@id\":\"https:\/\/global-hookah.com\/#\/schema\/logo\/image\/\",\"url\":\"https:\/\/global-hookah.com\/wp-content\/uploads\/2021\/10\/cropped-fgg.png\",\"contentUrl\":\"https:\/\/global-hookah.com\/wp-content\/uploads\/2021\/10\/cropped-fgg.png\",\"width\":512,\"height\":512,\"caption\":\"Global Hookah\"},\"image\":{\"@id\":\"https:\/\/global-hookah.com\/#\/schema\/logo\/image\/\"}}]}<\/script>\n<!-- \/ Yoast SEO Premium plugin. -->","yoast_head_json":{"title":"Handgefertigte gebogene Rauchpfeife - Global Hookah","robots":{"index":"index","follow":"follow","max-snippet":"max-snippet:-1","max-image-preview":"max-image-preview:large","max-video-preview":"max-video-preview:-1"},"canonical":"https:\/\/global-hookah.com\/de\/produkt\/handmade-curved-smoking-pipe\/","og_locale":"de_DE","og_type":"article","og_title":"Handmade Curved Smoking Pipe","og_description":"Welcome to our range of Handmade Curved Smoking Pipes. This Handmade Curved Smoking Pipe is carefully crafted by the pipe","og_url":"https:\/\/global-hookah.com\/de\/produkt\/handmade-curved-smoking-pipe\/","og_site_name":"Global Hookah","article_modified_time":"2023-11-23T15:14:04+00:00","og_image":[{"width":800,"height":800,"url":"https:\/\/global-hookah.com\/wp-content\/uploads\/2023\/11\/MUXIANG-Handmade-briar-wood-tobacco-pipe-curved-handle-smoking-pipe-horn-decorative-ring-Heath-wood-smoking.webp","type":"image\/webp"}],"twitter_card":"summary_large_image","twitter_misc":{"Gesch\u00e4tzte Lesezeit":"4\u00a0Minuten"},"schema":{"@context":"https:\/\/schema.org","@graph":[{"@type":"WebPage","@id":"https:\/\/global-hookah.com\/product\/handmade-curved-smoking-pipe\/","url":"https:\/\/global-hookah.com\/product\/handmade-curved-smoking-pipe\/","name":"Handgefertigte gebogene Rauchpfeife - Global Hookah","isPartOf":{"@id":"https:\/\/global-hookah.com\/#website"},"primaryImageOfPage":{"@id":"https:\/\/global-hookah.com\/product\/handmade-curved-smoking-pipe\/#primaryimage"},"image":{"@id":"https:\/\/global-hookah.com\/product\/handmade-curved-smoking-pipe\/#primaryimage"},"thumbnailUrl":"https:\/\/global-hookah.com\/wp-content\/uploads\/2023\/11\/MUXIANG-Handmade-briar-wood-tobacco-pipe-curved-handle-smoking-pipe-horn-decorative-ring-Heath-wood-smoking.webp","datePublished":"2023-11-16T02:48:52+00:00","dateModified":"2023-11-23T15:14:04+00:00","breadcrumb":{"@id":"https:\/\/global-hookah.com\/product\/handmade-curved-smoking-pipe\/#breadcrumb"},"inLanguage":"de","potentialAction":[{"@type":"ReadAction","target":["https:\/\/global-hookah.com\/product\/handmade-curved-smoking-pipe\/"]}]},{"@type":"ImageObject","inLanguage":"de","@id":"https:\/\/global-hookah.com\/product\/handmade-curved-smoking-pipe\/#primaryimage","url":"https:\/\/global-hookah.com\/wp-content\/uploads\/2023\/11\/MUXIANG-Handmade-briar-wood-tobacco-pipe-curved-handle-smoking-pipe-horn-decorative-ring-Heath-wood-smoking.webp","contentUrl":"https:\/\/global-hookah.com\/wp-content\/uploads\/2023\/11\/MUXIANG-Handmade-briar-wood-tobacco-pipe-curved-handle-smoking-pipe-horn-decorative-ring-Heath-wood-smoking.webp","width":800,"height":800,"caption":"Handmade Curved Smoking Pipe"},{"@type":"BreadcrumbList","@id":"https:\/\/global-hookah.com\/product\/handmade-curved-smoking-pipe\/#breadcrumb","itemListElement":[{"@type":"ListItem","position":1,"name":"Home","item":"https:\/\/global-hookah.com\/"},{"@type":"ListItem","position":2,"name":"Shop","item":"https:\/\/global-hookah.com\/shop\/"},{"@type":"ListItem","position":3,"name":"Handmade Curved Smoking Pipe"}]},{"@type":"WebSite","@id":"https:\/\/global-hookah.com\/#website","url":"https:\/\/global-hookah.com\/","name":"Globale Wasserpfeife","description":"Globale Wasserpfeife","publisher":{"@id":"https:\/\/global-hookah.com\/#organization"},"potentialAction":[{"@type":"SearchAction","target":{"@type":"EntryPoint","urlTemplate":"https:\/\/global-hookah.com\/?s={search_term_string}"},"query-input":{"@type":"PropertyValueSpecification","valueRequired":true,"valueName":"search_term_string"}}],"inLanguage":"de"},{"@type":"Organization","@id":"https:\/\/global-hookah.com\/#organization","name":"Globale Wasserpfeife","url":"https:\/\/global-hookah.com\/","logo":{"@type":"ImageObject","inLanguage":"de","@id":"https:\/\/global-hookah.com\/#\/schema\/logo\/image\/","url":"https:\/\/global-hookah.com\/wp-content\/uploads\/2021\/10\/cropped-fgg.png","contentUrl":"https:\/\/global-hookah.com\/wp-content\/uploads\/2021\/10\/cropped-fgg.png","width":512,"height":512,"caption":"Global Hookah"},"image":{"@id":"https:\/\/global-hookah.com\/#\/schema\/logo\/image\/"}}]}},"_links":{"self":[{"href":"https:\/\/global-hookah.com\/de\/wp-json\/wp\/v2\/product\/16119","targetHints":{"allow":["GET"]}}],"collection":[{"href":"https:\/\/global-hookah.com\/de\/wp-json\/wp\/v2\/product"}],"about":[{"href":"https:\/\/global-hookah.com\/de\/wp-json\/wp\/v2\/types\/product"}],"replies":[{"embeddable":true,"href":"https:\/\/global-hookah.com\/de\/wp-json\/wp\/v2\/comments?post=16119"}],"version-history":[{"count":0,"href":"https:\/\/global-hookah.com\/de\/wp-json\/wp\/v2\/product\/16119\/revisions"}],"wp:featuredmedia":[{"embeddable":true,"href":"https:\/\/global-hookah.com\/de\/wp-json\/wp\/v2\/media\/16120"}],"wp:attachment":[{"href":"https:\/\/global-hookah.com\/de\/wp-json\/wp\/v2\/media?parent=16119"}],"wp:term":[{"taxonomy":"product_brand","embeddable":true,"href":"https:\/\/global-hookah.com\/de\/wp-json\/wp\/v2\/product_brand?post=16119"},{"taxonomy":"product_cat","embeddable":true,"href":"https:\/\/global-hookah.com\/de\/wp-json\/wp\/v2\/product_cat?post=16119"},{"taxonomy":"product_tag","embeddable":true,"href":"https:\/\/global-hookah.com\/de\/wp-json\/wp\/v2\/product_tag?post=16119"}],"curies":[{"name":"wp","href":"https:\/\/api.w.org\/{rel}","templated":true}]}}