{"id":16128,"date":"2023-11-16T02:54:25","date_gmt":"2023-11-16T02:54:25","guid":{"rendered":"https:\/\/global-hookah.com\/product\/handmade-high-end-tobacco-pipes\/"},"modified":"2023-11-23T14:40:45","modified_gmt":"2023-11-23T14:40:45","slug":"handmade-high-end-tobacco-pipes","status":"publish","type":"product","link":"https:\/\/global-hookah.com\/de\/produkt\/handmade-high-end-tobacco-pipes\/","title":{"rendered":"Handgefertigte High-End-Tabakpfeifen"},"content":{"rendered":"<p>Die <strong>Handgefertigte High-End-Tabakpfeifen<\/strong> sind die <a href=\"https:\/\/global-hookah.com\/product-category\/tobacco-pipe\/handmade-pipe\/\">beliebteste Rohre<\/a> in unserer Bruy\u00e8re-Serie. Sie repr\u00e4sentieren das h\u00f6chste Niveau der Pfeifenherstellung durch unsere Pfeifenmeister, was man am Design und der Produktion erkennen kann.<\/p>\n<p>Wir haben uns f\u00fcr mediterranes Bruy\u00e8reholz entschieden. Dieses hochwertige Holz h\u00e4lt nicht nur der Hitze stand, die beim Verbrennen des Tabaks entsteht, sondern hat auch ein sehr sch\u00f6nes Aussehen. Die Maserung des Vogelaugenholzes ist sehr deutlich zu erkennen und sieht sehr hochwertig und stimmungsvoll aus.<\/p>\n<p>Vor allem nach unseren mehrfachen Prozessen des Polierens und Lackierens, hat diese handgefertigte Pfeife eine einzigartige Holzmaserung und Farbe gezeigt. Wir bieten auch ma\u00dfgeschneiderte Gravur Dienstleistungen auf der Grundlage der Kundenbed\u00fcrfnisse. Wir k\u00f6nnen einzigartige Logos oder Text auf dem schnitzen <strong>Handgefertigte High-End-Tabakpfeifen <\/strong>um Ihre pers\u00f6nlichen Bed\u00fcrfnisse zu erf\u00fcllen.<\/p>\n<div class=\"product-specs-list-container\">\n<ul class=\"product-specs-list util-clearfix\">\n<li class=\"product-prop line-limit-length\"><span class=\"property-title\">Modellnummer:\u00a0<\/span><span class=\"property-desc line-limit-length\">MA20159H1W1K<\/span><\/li>\n<\/ul>\n<\/div>\n<p><img decoding=\"async\" src=\"https:\/\/ae01.alicdn.com\/kf\/S43574a25aac34ae8877d7e9e650a958f2.jpg\" \/><img decoding=\"async\" src=\"https:\/\/ae01.alicdn.com\/kf\/Sb71816fae3e1483bacf6d1a9a241d1fbw.jpg\" \/><img decoding=\"async\" src=\"https:\/\/ae01.alicdn.com\/kf\/S7cf3f3e936304d3d8cec27011e0534e2y.jpg\" \/><img decoding=\"async\" src=\"https:\/\/ae01.alicdn.com\/kf\/Sbe828006d89340c6b3f25f23d9ff7038S.jpg\" \/><img decoding=\"async\" src=\"https:\/\/ae01.alicdn.com\/kf\/Sae2514de8495468ea032ae52dc9b3918B.jpg\" \/><img decoding=\"async\" src=\"https:\/\/ae01.alicdn.com\/kf\/S04b6f686b51f46cf9fe4f32f75c67814R.jpg\" \/><img decoding=\"async\" src=\"https:\/\/ae01.alicdn.com\/kf\/S3b7e4ccca5fd4d739739a451c0b31450j.jpg\" \/><img decoding=\"async\" src=\"https:\/\/ae01.alicdn.com\/kf\/Sf6481faf84ac41af95951d8690a20a4a9.jpg\" \/><img decoding=\"async\" src=\"https:\/\/ae01.alicdn.com\/kf\/S26b57711b7454ec9ac2042a331cffd6cg.jpg\" \/><img decoding=\"async\" src=\"https:\/\/ae01.alicdn.com\/kf\/S0af6dcedfed847b59f28571ae59585deE.jpg\" \/><\/p>","protected":false},"excerpt":{"rendered":"<p>Die Handmade High End Tobacco Pipes sind die beliebtesten Pfeifen in unserer Bruy\u00e8re-Serie. Sie repr\u00e4sentieren das h\u00f6chste Niveau<\/p>","protected":false},"featured_media":16129,"comment_status":"open","ping_status":"closed","template":"","meta":{"iawp_total_views":3,"_joinchat":[]},"product_brand":[],"product_cat":[478],"product_tag":[],"class_list":{"0":"post-16128","1":"product","2":"type-product","3":"status-publish","4":"has-post-thumbnail","6":"product_cat-handmade-pipe","8":"first","9":"instock","10":"sale","11":"shipping-taxable","12":"purchasable","13":"product-type-variable"},"yoast_head":"<!-- This site is optimized with the Yoast SEO Premium plugin v24.7 (Yoast SEO v26.8) - https:\/\/yoast.com\/product\/yoast-seo-premium-wordpress\/ -->\n<title>Handmade High End Tobacco Pipes - Global Hookah<\/title>\n<meta name=\"robots\" content=\"index, follow, max-snippet:-1, max-image-preview:large, max-video-preview:-1\" \/>\n<link rel=\"canonical\" href=\"https:\/\/global-hookah.com\/de\/producto\/pipas-de-tabaco-artesanales\/\" \/>\n<meta property=\"og:locale\" content=\"de_DE\" \/>\n<meta property=\"og:type\" content=\"article\" \/>\n<meta property=\"og:title\" content=\"Handmade High End Tobacco Pipes\" \/>\n<meta property=\"og:description\" content=\"The Handmade High End Tobacco Pipes are the most popular pipes in our briar series. They represent the highest level\" \/>\n<meta property=\"og:url\" content=\"https:\/\/global-hookah.com\/de\/producto\/pipas-de-tabaco-artesanales\/\" \/>\n<meta property=\"og:site_name\" content=\"Global Hookah\" \/>\n<meta property=\"article:modified_time\" content=\"2023-11-23T14:40:45+00:00\" \/>\n<meta property=\"og:image\" content=\"https:\/\/global-hookah.com\/wp-content\/uploads\/2023\/11\/MUXIANG-Heather-wood-tobacco-pipe-bowl-diameter-19mm-bowl-depth-36mm-Briar-pipe-cumberland-mouthpiece-Vulcanized.webp\" \/>\n\t<meta property=\"og:image:width\" content=\"800\" \/>\n\t<meta property=\"og:image:height\" content=\"800\" \/>\n\t<meta property=\"og:image:type\" content=\"image\/webp\" \/>\n<meta name=\"twitter:card\" content=\"summary_large_image\" \/>\n<meta name=\"twitter:label1\" content=\"Gesch\u00e4tzte Lesezeit\" \/>\n\t<meta name=\"twitter:data1\" content=\"3\u00a0Minuten\" \/>\n<script type=\"application\/ld+json\" class=\"yoast-schema-graph\">{\"@context\":\"https:\/\/schema.org\",\"@graph\":[{\"@type\":\"WebPage\",\"@id\":\"https:\/\/global-hookah.com\/es\/producto\/pipas-de-tabaco-artesanales\/\",\"url\":\"https:\/\/global-hookah.com\/es\/producto\/pipas-de-tabaco-artesanales\/\",\"name\":\"Handmade High End Tobacco Pipes - Global Hookah\",\"isPartOf\":{\"@id\":\"https:\/\/global-hookah.com\/#website\"},\"primaryImageOfPage\":{\"@id\":\"https:\/\/global-hookah.com\/es\/producto\/pipas-de-tabaco-artesanales\/#primaryimage\"},\"image\":{\"@id\":\"https:\/\/global-hookah.com\/es\/producto\/pipas-de-tabaco-artesanales\/#primaryimage\"},\"thumbnailUrl\":\"https:\/\/global-hookah.com\/wp-content\/uploads\/2023\/11\/MUXIANG-Heather-wood-tobacco-pipe-bowl-diameter-19mm-bowl-depth-36mm-Briar-pipe-cumberland-mouthpiece-Vulcanized.webp\",\"datePublished\":\"2023-11-16T02:54:25+00:00\",\"dateModified\":\"2023-11-23T14:40:45+00:00\",\"breadcrumb\":{\"@id\":\"https:\/\/global-hookah.com\/es\/producto\/pipas-de-tabaco-artesanales\/#breadcrumb\"},\"inLanguage\":\"de\",\"potentialAction\":[{\"@type\":\"ReadAction\",\"target\":[\"https:\/\/global-hookah.com\/es\/producto\/pipas-de-tabaco-artesanales\/\"]}]},{\"@type\":\"ImageObject\",\"inLanguage\":\"de\",\"@id\":\"https:\/\/global-hookah.com\/es\/producto\/pipas-de-tabaco-artesanales\/#primaryimage\",\"url\":\"https:\/\/global-hookah.com\/wp-content\/uploads\/2023\/11\/MUXIANG-Heather-wood-tobacco-pipe-bowl-diameter-19mm-bowl-depth-36mm-Briar-pipe-cumberland-mouthpiece-Vulcanized.webp\",\"contentUrl\":\"https:\/\/global-hookah.com\/wp-content\/uploads\/2023\/11\/MUXIANG-Heather-wood-tobacco-pipe-bowl-diameter-19mm-bowl-depth-36mm-Briar-pipe-cumberland-mouthpiece-Vulcanized.webp\",\"width\":800,\"height\":800,\"caption\":\"Handmade High End Tobacco Pipes\"},{\"@type\":\"BreadcrumbList\",\"@id\":\"https:\/\/global-hookah.com\/es\/producto\/pipas-de-tabaco-artesanales\/#breadcrumb\",\"itemListElement\":[{\"@type\":\"ListItem\",\"position\":1,\"name\":\"Home\",\"item\":\"https:\/\/global-hookah.com\/\"},{\"@type\":\"ListItem\",\"position\":2,\"name\":\"Shop\",\"item\":\"https:\/\/global-hookah.com\/shop\/\"},{\"@type\":\"ListItem\",\"position\":3,\"name\":\"Handmade High End Tobacco Pipes\"}]},{\"@type\":\"WebSite\",\"@id\":\"https:\/\/global-hookah.com\/#website\",\"url\":\"https:\/\/global-hookah.com\/\",\"name\":\"Global Hookah\",\"description\":\"Global Hookah\",\"publisher\":{\"@id\":\"https:\/\/global-hookah.com\/#organization\"},\"potentialAction\":[{\"@type\":\"SearchAction\",\"target\":{\"@type\":\"EntryPoint\",\"urlTemplate\":\"https:\/\/global-hookah.com\/?s={search_term_string}\"},\"query-input\":{\"@type\":\"PropertyValueSpecification\",\"valueRequired\":true,\"valueName\":\"search_term_string\"}}],\"inLanguage\":\"de\"},{\"@type\":\"Organization\",\"@id\":\"https:\/\/global-hookah.com\/#organization\",\"name\":\"Global Hookah\",\"url\":\"https:\/\/global-hookah.com\/\",\"logo\":{\"@type\":\"ImageObject\",\"inLanguage\":\"de\",\"@id\":\"https:\/\/global-hookah.com\/#\/schema\/logo\/image\/\",\"url\":\"https:\/\/global-hookah.com\/wp-content\/uploads\/2021\/10\/cropped-fgg.png\",\"contentUrl\":\"https:\/\/global-hookah.com\/wp-content\/uploads\/2021\/10\/cropped-fgg.png\",\"width\":512,\"height\":512,\"caption\":\"Global Hookah\"},\"image\":{\"@id\":\"https:\/\/global-hookah.com\/#\/schema\/logo\/image\/\"}}]}<\/script>\n<!-- \/ Yoast SEO Premium plugin. -->","yoast_head_json":{"title":"Handgefertigte High-End-Tabakpfeifen - Global Hookah","robots":{"index":"index","follow":"follow","max-snippet":"max-snippet:-1","max-image-preview":"max-image-preview:large","max-video-preview":"max-video-preview:-1"},"canonical":"https:\/\/global-hookah.com\/de\/producto\/pipas-de-tabaco-artesanales\/","og_locale":"de_DE","og_type":"article","og_title":"Handmade High End Tobacco Pipes","og_description":"The Handmade High End Tobacco Pipes are the most popular pipes in our briar series. They represent the highest level","og_url":"https:\/\/global-hookah.com\/de\/producto\/pipas-de-tabaco-artesanales\/","og_site_name":"Global Hookah","article_modified_time":"2023-11-23T14:40:45+00:00","og_image":[{"width":800,"height":800,"url":"https:\/\/global-hookah.com\/wp-content\/uploads\/2023\/11\/MUXIANG-Heather-wood-tobacco-pipe-bowl-diameter-19mm-bowl-depth-36mm-Briar-pipe-cumberland-mouthpiece-Vulcanized.webp","type":"image\/webp"}],"twitter_card":"summary_large_image","twitter_misc":{"Gesch\u00e4tzte Lesezeit":"3\u00a0Minuten"},"schema":{"@context":"https:\/\/schema.org","@graph":[{"@type":"WebPage","@id":"https:\/\/global-hookah.com\/es\/producto\/pipas-de-tabaco-artesanales\/","url":"https:\/\/global-hookah.com\/es\/producto\/pipas-de-tabaco-artesanales\/","name":"Handgefertigte High-End-Tabakpfeifen - Global Hookah","isPartOf":{"@id":"https:\/\/global-hookah.com\/#website"},"primaryImageOfPage":{"@id":"https:\/\/global-hookah.com\/es\/producto\/pipas-de-tabaco-artesanales\/#primaryimage"},"image":{"@id":"https:\/\/global-hookah.com\/es\/producto\/pipas-de-tabaco-artesanales\/#primaryimage"},"thumbnailUrl":"https:\/\/global-hookah.com\/wp-content\/uploads\/2023\/11\/MUXIANG-Heather-wood-tobacco-pipe-bowl-diameter-19mm-bowl-depth-36mm-Briar-pipe-cumberland-mouthpiece-Vulcanized.webp","datePublished":"2023-11-16T02:54:25+00:00","dateModified":"2023-11-23T14:40:45+00:00","breadcrumb":{"@id":"https:\/\/global-hookah.com\/es\/producto\/pipas-de-tabaco-artesanales\/#breadcrumb"},"inLanguage":"de","potentialAction":[{"@type":"ReadAction","target":["https:\/\/global-hookah.com\/es\/producto\/pipas-de-tabaco-artesanales\/"]}]},{"@type":"ImageObject","inLanguage":"de","@id":"https:\/\/global-hookah.com\/es\/producto\/pipas-de-tabaco-artesanales\/#primaryimage","url":"https:\/\/global-hookah.com\/wp-content\/uploads\/2023\/11\/MUXIANG-Heather-wood-tobacco-pipe-bowl-diameter-19mm-bowl-depth-36mm-Briar-pipe-cumberland-mouthpiece-Vulcanized.webp","contentUrl":"https:\/\/global-hookah.com\/wp-content\/uploads\/2023\/11\/MUXIANG-Heather-wood-tobacco-pipe-bowl-diameter-19mm-bowl-depth-36mm-Briar-pipe-cumberland-mouthpiece-Vulcanized.webp","width":800,"height":800,"caption":"Handmade High End Tobacco Pipes"},{"@type":"BreadcrumbList","@id":"https:\/\/global-hookah.com\/es\/producto\/pipas-de-tabaco-artesanales\/#breadcrumb","itemListElement":[{"@type":"ListItem","position":1,"name":"Home","item":"https:\/\/global-hookah.com\/"},{"@type":"ListItem","position":2,"name":"Shop","item":"https:\/\/global-hookah.com\/shop\/"},{"@type":"ListItem","position":3,"name":"Handmade High End Tobacco Pipes"}]},{"@type":"WebSite","@id":"https:\/\/global-hookah.com\/#website","url":"https:\/\/global-hookah.com\/","name":"Globale Wasserpfeife","description":"Globale Wasserpfeife","publisher":{"@id":"https:\/\/global-hookah.com\/#organization"},"potentialAction":[{"@type":"SearchAction","target":{"@type":"EntryPoint","urlTemplate":"https:\/\/global-hookah.com\/?s={search_term_string}"},"query-input":{"@type":"PropertyValueSpecification","valueRequired":true,"valueName":"search_term_string"}}],"inLanguage":"de"},{"@type":"Organization","@id":"https:\/\/global-hookah.com\/#organization","name":"Globale Wasserpfeife","url":"https:\/\/global-hookah.com\/","logo":{"@type":"ImageObject","inLanguage":"de","@id":"https:\/\/global-hookah.com\/#\/schema\/logo\/image\/","url":"https:\/\/global-hookah.com\/wp-content\/uploads\/2021\/10\/cropped-fgg.png","contentUrl":"https:\/\/global-hookah.com\/wp-content\/uploads\/2021\/10\/cropped-fgg.png","width":512,"height":512,"caption":"Global Hookah"},"image":{"@id":"https:\/\/global-hookah.com\/#\/schema\/logo\/image\/"}}]}},"_links":{"self":[{"href":"https:\/\/global-hookah.com\/de\/wp-json\/wp\/v2\/product\/16128","targetHints":{"allow":["GET"]}}],"collection":[{"href":"https:\/\/global-hookah.com\/de\/wp-json\/wp\/v2\/product"}],"about":[{"href":"https:\/\/global-hookah.com\/de\/wp-json\/wp\/v2\/types\/product"}],"replies":[{"embeddable":true,"href":"https:\/\/global-hookah.com\/de\/wp-json\/wp\/v2\/comments?post=16128"}],"version-history":[{"count":0,"href":"https:\/\/global-hookah.com\/de\/wp-json\/wp\/v2\/product\/16128\/revisions"}],"wp:featuredmedia":[{"embeddable":true,"href":"https:\/\/global-hookah.com\/de\/wp-json\/wp\/v2\/media\/16129"}],"wp:attachment":[{"href":"https:\/\/global-hookah.com\/de\/wp-json\/wp\/v2\/media?parent=16128"}],"wp:term":[{"taxonomy":"product_brand","embeddable":true,"href":"https:\/\/global-hookah.com\/de\/wp-json\/wp\/v2\/product_brand?post=16128"},{"taxonomy":"product_cat","embeddable":true,"href":"https:\/\/global-hookah.com\/de\/wp-json\/wp\/v2\/product_cat?post=16128"},{"taxonomy":"product_tag","embeddable":true,"href":"https:\/\/global-hookah.com\/de\/wp-json\/wp\/v2\/product_tag?post=16128"}],"curies":[{"name":"wp","href":"https:\/\/api.w.org\/{rel}","templated":true}]}}