{"id":16139,"date":"2023-11-16T03:00:02","date_gmt":"2023-11-16T03:00:02","guid":{"rendered":"https:\/\/global-hookah.com\/product\/handmade-straight-smoking-pipe\/"},"modified":"2023-11-23T14:17:23","modified_gmt":"2023-11-23T14:17:23","slug":"handmade-straight-smoking-pipe","status":"publish","type":"product","link":"https:\/\/global-hookah.com\/de\/produkt\/handmade-straight-smoking-pipe\/","title":{"rendered":"Handgefertigte gerade Rauchpfeife"},"content":{"rendered":"<p>Diese <strong>Handgefertigte gerade Rauchpfeife<\/strong> Design verwendet die klassische gerade Form, die sehr einfach und praktisch ist. Es spiegelt perfekt den reinen britischen Stil und die klassische Handwerkskunst wider.<\/p>\n<p><strong>Gerade Rauchpfeife<\/strong> verwendet f\u00fcr den Pfeifenk\u00f6rper nat\u00fcrliches Heideholz, dessen Oberfl\u00e4che sorgf\u00e4ltig poliert wurde. Nach jahrzehntelangem nat\u00fcrlichem Wachstum hat das daraus gefertigte Holz eine wunderbare Textur und ein warmes Gef\u00fchl entwickelt.<\/p>\n<p>Der innere Hohlraum dieses <strong>Handgefertigte gerade Rauchpfeife<\/strong> wird sorgf\u00e4ltig geschnitzt, um Ihnen ein au\u00dfergew\u00f6hnliches Raucherlebnis zu bieten. Das Wichtigste ist, dass Sie beim Kauf unserer <a href=\"https:\/\/global-hookah.com\/product-category\/tobacco-pipe\/handmade-pipe\/\">handgefertigte Pfeife<\/a>Sie erhalten von uns auch eine Aufbewahrungstasche f\u00fcr das Rohr, die auch auf Reisen leicht zu tragen ist.<\/p>\n<div class=\"product-specs-list-container\">\n<ul class=\"product-specs-list util-clearfix\">\n<li class=\"product-prop line-limit-length\"><span class=\"property-title\">Modellnummer:\u00a0<\/span><span class=\"property-desc line-limit-length\">aa10023q1w1h<\/span><\/li>\n<\/ul>\n<\/div>\n<p><img decoding=\"async\" src=\"https:\/\/ae01.alicdn.com\/kf\/S3a3202d41a564aa4930e835d4763969ci.jpg\" \/><img decoding=\"async\" src=\"https:\/\/ae01.alicdn.com\/kf\/Sc78ea6a8f60348e299e476790f9608551.jpg\" \/><img decoding=\"async\" src=\"https:\/\/ae01.alicdn.com\/kf\/S140278d60ad6427c8e3bc20e567010c2K.jpg\" \/><img decoding=\"async\" src=\"https:\/\/ae01.alicdn.com\/kf\/S67511ab22b7542c1853c0825ded6d2dda.jpg\" \/><img decoding=\"async\" src=\"https:\/\/ae01.alicdn.com\/kf\/S28ddaa45a8bb46f8a47e7ff8534eef5bW.jpg\" \/><img decoding=\"async\" src=\"https:\/\/ae01.alicdn.com\/kf\/S3f8ecaf5dcfa4031ac02797a98e86df4Y.jpg\" \/><img decoding=\"async\" src=\"https:\/\/ae01.alicdn.com\/kf\/Se7a7647746294054bf9f56ee62b1737a9.jpg\" \/><\/p>","protected":false},"excerpt":{"rendered":"<p>Diese Handmade Straight Smoking Pipe Design verwendet die klassische Straight Form, die sehr einfach und praktisch ist. Es perfekt<\/p>","protected":false},"featured_media":16140,"comment_status":"open","ping_status":"closed","template":"","meta":{"iawp_total_views":5,"_joinchat":[]},"product_brand":[],"product_cat":[478],"product_tag":[],"class_list":{"0":"post-16139","1":"product","2":"type-product","3":"status-publish","4":"has-post-thumbnail","6":"product_cat-handmade-pipe","8":"first","9":"instock","10":"sale","11":"shipping-taxable","12":"purchasable","13":"product-type-variable"},"yoast_head":"<!-- This site is optimized with the Yoast SEO Premium plugin v24.7 (Yoast SEO v26.8) - https:\/\/yoast.com\/product\/yoast-seo-premium-wordpress\/ -->\n<title>Handmade Straight Smoking Pipe - Global Hookah<\/title>\n<meta name=\"robots\" content=\"index, follow, max-snippet:-1, max-image-preview:large, max-video-preview:-1\" \/>\n<link rel=\"canonical\" href=\"https:\/\/global-hookah.com\/de\/produkt\/handmade-straight-smoking-pipe\/\" \/>\n<meta property=\"og:locale\" content=\"de_DE\" \/>\n<meta property=\"og:type\" content=\"article\" \/>\n<meta property=\"og:title\" content=\"Handmade Straight Smoking Pipe\" \/>\n<meta property=\"og:description\" content=\"This Handmade Straight Smoking Pipe design uses the most classic Straight shape, which is very simple and practical. It perfectly\" \/>\n<meta property=\"og:url\" content=\"https:\/\/global-hookah.com\/de\/produkt\/handmade-straight-smoking-pipe\/\" \/>\n<meta property=\"og:site_name\" content=\"Global Hookah\" \/>\n<meta property=\"article:modified_time\" content=\"2023-11-23T14:17:23+00:00\" \/>\n<meta property=\"og:image\" content=\"https:\/\/global-hookah.com\/wp-content\/uploads\/2023\/11\/MUXIANG-straight-handle-boule-tobacco-pipe-briar-wood-handmade-pipe-pomme-smoking-pipe-3mm-pipe-channel.webp\" \/>\n\t<meta property=\"og:image:width\" content=\"1000\" \/>\n\t<meta property=\"og:image:height\" content=\"1000\" \/>\n\t<meta property=\"og:image:type\" content=\"image\/webp\" \/>\n<meta name=\"twitter:card\" content=\"summary_large_image\" \/>\n<meta name=\"twitter:label1\" content=\"Gesch\u00e4tzte Lesezeit\" \/>\n\t<meta name=\"twitter:data1\" content=\"2\u00a0Minuten\" \/>\n<script type=\"application\/ld+json\" class=\"yoast-schema-graph\">{\"@context\":\"https:\/\/schema.org\",\"@graph\":[{\"@type\":\"WebPage\",\"@id\":\"https:\/\/global-hookah.com\/product\/handmade-straight-smoking-pipe\/\",\"url\":\"https:\/\/global-hookah.com\/product\/handmade-straight-smoking-pipe\/\",\"name\":\"Handmade Straight Smoking Pipe - Global Hookah\",\"isPartOf\":{\"@id\":\"https:\/\/global-hookah.com\/#website\"},\"primaryImageOfPage\":{\"@id\":\"https:\/\/global-hookah.com\/product\/handmade-straight-smoking-pipe\/#primaryimage\"},\"image\":{\"@id\":\"https:\/\/global-hookah.com\/product\/handmade-straight-smoking-pipe\/#primaryimage\"},\"thumbnailUrl\":\"https:\/\/global-hookah.com\/wp-content\/uploads\/2023\/11\/MUXIANG-straight-handle-boule-tobacco-pipe-briar-wood-handmade-pipe-pomme-smoking-pipe-3mm-pipe-channel.webp\",\"datePublished\":\"2023-11-16T03:00:02+00:00\",\"dateModified\":\"2023-11-23T14:17:23+00:00\",\"breadcrumb\":{\"@id\":\"https:\/\/global-hookah.com\/product\/handmade-straight-smoking-pipe\/#breadcrumb\"},\"inLanguage\":\"de\",\"potentialAction\":[{\"@type\":\"ReadAction\",\"target\":[\"https:\/\/global-hookah.com\/product\/handmade-straight-smoking-pipe\/\"]}]},{\"@type\":\"ImageObject\",\"inLanguage\":\"de\",\"@id\":\"https:\/\/global-hookah.com\/product\/handmade-straight-smoking-pipe\/#primaryimage\",\"url\":\"https:\/\/global-hookah.com\/wp-content\/uploads\/2023\/11\/MUXIANG-straight-handle-boule-tobacco-pipe-briar-wood-handmade-pipe-pomme-smoking-pipe-3mm-pipe-channel.webp\",\"contentUrl\":\"https:\/\/global-hookah.com\/wp-content\/uploads\/2023\/11\/MUXIANG-straight-handle-boule-tobacco-pipe-briar-wood-handmade-pipe-pomme-smoking-pipe-3mm-pipe-channel.webp\",\"width\":1000,\"height\":1000,\"caption\":\"Handmade Straight Smoking Pipe\"},{\"@type\":\"BreadcrumbList\",\"@id\":\"https:\/\/global-hookah.com\/product\/handmade-straight-smoking-pipe\/#breadcrumb\",\"itemListElement\":[{\"@type\":\"ListItem\",\"position\":1,\"name\":\"Home\",\"item\":\"https:\/\/global-hookah.com\/\"},{\"@type\":\"ListItem\",\"position\":2,\"name\":\"Shop\",\"item\":\"https:\/\/global-hookah.com\/shop\/\"},{\"@type\":\"ListItem\",\"position\":3,\"name\":\"Handmade Straight Smoking Pipe\"}]},{\"@type\":\"WebSite\",\"@id\":\"https:\/\/global-hookah.com\/#website\",\"url\":\"https:\/\/global-hookah.com\/\",\"name\":\"Global Hookah\",\"description\":\"Global Hookah\",\"publisher\":{\"@id\":\"https:\/\/global-hookah.com\/#organization\"},\"potentialAction\":[{\"@type\":\"SearchAction\",\"target\":{\"@type\":\"EntryPoint\",\"urlTemplate\":\"https:\/\/global-hookah.com\/?s={search_term_string}\"},\"query-input\":{\"@type\":\"PropertyValueSpecification\",\"valueRequired\":true,\"valueName\":\"search_term_string\"}}],\"inLanguage\":\"de\"},{\"@type\":\"Organization\",\"@id\":\"https:\/\/global-hookah.com\/#organization\",\"name\":\"Global Hookah\",\"url\":\"https:\/\/global-hookah.com\/\",\"logo\":{\"@type\":\"ImageObject\",\"inLanguage\":\"de\",\"@id\":\"https:\/\/global-hookah.com\/#\/schema\/logo\/image\/\",\"url\":\"https:\/\/global-hookah.com\/wp-content\/uploads\/2021\/10\/cropped-fgg.png\",\"contentUrl\":\"https:\/\/global-hookah.com\/wp-content\/uploads\/2021\/10\/cropped-fgg.png\",\"width\":512,\"height\":512,\"caption\":\"Global Hookah\"},\"image\":{\"@id\":\"https:\/\/global-hookah.com\/#\/schema\/logo\/image\/\"}}]}<\/script>\n<!-- \/ Yoast SEO Premium plugin. -->","yoast_head_json":{"title":"Handgefertigte gerade Tabakpfeife - Global Hookah","robots":{"index":"index","follow":"follow","max-snippet":"max-snippet:-1","max-image-preview":"max-image-preview:large","max-video-preview":"max-video-preview:-1"},"canonical":"https:\/\/global-hookah.com\/de\/produkt\/handmade-straight-smoking-pipe\/","og_locale":"de_DE","og_type":"article","og_title":"Handmade Straight Smoking Pipe","og_description":"This Handmade Straight Smoking Pipe design uses the most classic Straight shape, which is very simple and practical. It perfectly","og_url":"https:\/\/global-hookah.com\/de\/produkt\/handmade-straight-smoking-pipe\/","og_site_name":"Global Hookah","article_modified_time":"2023-11-23T14:17:23+00:00","og_image":[{"width":1000,"height":1000,"url":"https:\/\/global-hookah.com\/wp-content\/uploads\/2023\/11\/MUXIANG-straight-handle-boule-tobacco-pipe-briar-wood-handmade-pipe-pomme-smoking-pipe-3mm-pipe-channel.webp","type":"image\/webp"}],"twitter_card":"summary_large_image","twitter_misc":{"Gesch\u00e4tzte Lesezeit":"2\u00a0Minuten"},"schema":{"@context":"https:\/\/schema.org","@graph":[{"@type":"WebPage","@id":"https:\/\/global-hookah.com\/product\/handmade-straight-smoking-pipe\/","url":"https:\/\/global-hookah.com\/product\/handmade-straight-smoking-pipe\/","name":"Handgefertigte gerade Tabakpfeife - Global Hookah","isPartOf":{"@id":"https:\/\/global-hookah.com\/#website"},"primaryImageOfPage":{"@id":"https:\/\/global-hookah.com\/product\/handmade-straight-smoking-pipe\/#primaryimage"},"image":{"@id":"https:\/\/global-hookah.com\/product\/handmade-straight-smoking-pipe\/#primaryimage"},"thumbnailUrl":"https:\/\/global-hookah.com\/wp-content\/uploads\/2023\/11\/MUXIANG-straight-handle-boule-tobacco-pipe-briar-wood-handmade-pipe-pomme-smoking-pipe-3mm-pipe-channel.webp","datePublished":"2023-11-16T03:00:02+00:00","dateModified":"2023-11-23T14:17:23+00:00","breadcrumb":{"@id":"https:\/\/global-hookah.com\/product\/handmade-straight-smoking-pipe\/#breadcrumb"},"inLanguage":"de","potentialAction":[{"@type":"ReadAction","target":["https:\/\/global-hookah.com\/product\/handmade-straight-smoking-pipe\/"]}]},{"@type":"ImageObject","inLanguage":"de","@id":"https:\/\/global-hookah.com\/product\/handmade-straight-smoking-pipe\/#primaryimage","url":"https:\/\/global-hookah.com\/wp-content\/uploads\/2023\/11\/MUXIANG-straight-handle-boule-tobacco-pipe-briar-wood-handmade-pipe-pomme-smoking-pipe-3mm-pipe-channel.webp","contentUrl":"https:\/\/global-hookah.com\/wp-content\/uploads\/2023\/11\/MUXIANG-straight-handle-boule-tobacco-pipe-briar-wood-handmade-pipe-pomme-smoking-pipe-3mm-pipe-channel.webp","width":1000,"height":1000,"caption":"Handmade Straight Smoking Pipe"},{"@type":"BreadcrumbList","@id":"https:\/\/global-hookah.com\/product\/handmade-straight-smoking-pipe\/#breadcrumb","itemListElement":[{"@type":"ListItem","position":1,"name":"Home","item":"https:\/\/global-hookah.com\/"},{"@type":"ListItem","position":2,"name":"Shop","item":"https:\/\/global-hookah.com\/shop\/"},{"@type":"ListItem","position":3,"name":"Handmade Straight Smoking Pipe"}]},{"@type":"WebSite","@id":"https:\/\/global-hookah.com\/#website","url":"https:\/\/global-hookah.com\/","name":"Globale Wasserpfeife","description":"Globale Wasserpfeife","publisher":{"@id":"https:\/\/global-hookah.com\/#organization"},"potentialAction":[{"@type":"SearchAction","target":{"@type":"EntryPoint","urlTemplate":"https:\/\/global-hookah.com\/?s={search_term_string}"},"query-input":{"@type":"PropertyValueSpecification","valueRequired":true,"valueName":"search_term_string"}}],"inLanguage":"de"},{"@type":"Organization","@id":"https:\/\/global-hookah.com\/#organization","name":"Globale Wasserpfeife","url":"https:\/\/global-hookah.com\/","logo":{"@type":"ImageObject","inLanguage":"de","@id":"https:\/\/global-hookah.com\/#\/schema\/logo\/image\/","url":"https:\/\/global-hookah.com\/wp-content\/uploads\/2021\/10\/cropped-fgg.png","contentUrl":"https:\/\/global-hookah.com\/wp-content\/uploads\/2021\/10\/cropped-fgg.png","width":512,"height":512,"caption":"Global Hookah"},"image":{"@id":"https:\/\/global-hookah.com\/#\/schema\/logo\/image\/"}}]}},"_links":{"self":[{"href":"https:\/\/global-hookah.com\/de\/wp-json\/wp\/v2\/product\/16139","targetHints":{"allow":["GET"]}}],"collection":[{"href":"https:\/\/global-hookah.com\/de\/wp-json\/wp\/v2\/product"}],"about":[{"href":"https:\/\/global-hookah.com\/de\/wp-json\/wp\/v2\/types\/product"}],"replies":[{"embeddable":true,"href":"https:\/\/global-hookah.com\/de\/wp-json\/wp\/v2\/comments?post=16139"}],"version-history":[{"count":0,"href":"https:\/\/global-hookah.com\/de\/wp-json\/wp\/v2\/product\/16139\/revisions"}],"wp:featuredmedia":[{"embeddable":true,"href":"https:\/\/global-hookah.com\/de\/wp-json\/wp\/v2\/media\/16140"}],"wp:attachment":[{"href":"https:\/\/global-hookah.com\/de\/wp-json\/wp\/v2\/media?parent=16139"}],"wp:term":[{"taxonomy":"product_brand","embeddable":true,"href":"https:\/\/global-hookah.com\/de\/wp-json\/wp\/v2\/product_brand?post=16139"},{"taxonomy":"product_cat","embeddable":true,"href":"https:\/\/global-hookah.com\/de\/wp-json\/wp\/v2\/product_cat?post=16139"},{"taxonomy":"product_tag","embeddable":true,"href":"https:\/\/global-hookah.com\/de\/wp-json\/wp\/v2\/product_tag?post=16139"}],"curies":[{"name":"wp","href":"https:\/\/api.w.org\/{rel}","templated":true}]}}