{"id":16155,"date":"2023-11-16T03:37:37","date_gmt":"2023-11-16T03:37:37","guid":{"rendered":"https:\/\/global-hookah.com\/product\/british-classic-handmade-briar-pipes\/"},"modified":"2023-12-01T14:07:04","modified_gmt":"2023-12-01T14:07:04","slug":"british-classic-handmade-briar-pipes","status":"publish","type":"product","link":"https:\/\/global-hookah.com\/de\/produkt\/british-classic-handmade-briar-pipes\/","title":{"rendered":"Britische klassische handgefertigte Briar-Pfeifen"},"content":{"rendered":"<p>&nbsp;<\/p>\n<div class=\"product-specs-list-container\">\n<ul class=\"product-specs-list util-clearfix\">\n<li class=\"product-prop line-limit-length\">Bei der Auswahl Ihres ersten <strong>handgefertigte Bruy\u00e8repfeife<\/strong>Es ist wichtig, eine zu finden, die zu Ihrem pers\u00f6nlichen Stil passt. Ob Sie eine <a href=\"https:\/\/global-hookah.com\/product-category\/tobacco-pipe\/handmade-pipe\/\">klassische gerade Form<\/a> oder eine l\u00e4ngere, leichtere Pfeife, w\u00e4hlen Sie eine, die Sie wirklich widerspiegelt. Aus diesem Grund haben wir diese <strong>Klassische handgefertigte Briar-Pfeifen<\/strong>Das Design entspricht den Bed\u00fcrfnissen der meisten MenschenF\u00fcr Einsteiger empfehlen wir unsere <strong>handgefertigte Bruy\u00e8repfeife<\/strong>Wir kombinieren die Vorteile von geraden und gebogenen Pfeifen f\u00fcr eine einfache Reinigung und weniger Teerablagerungen. Unsere Standard-Pfeifenkopfgr\u00f6\u00dfe (3-3,5 cm tief) ist ideal f\u00fcr neue Raucher.\n<p>Um Anf\u00e4ngern den schnellen Einstieg zu erleichtern, wurde au\u00dferdem unser <strong>Handgefertigte Briar-Pfeifen<\/strong> bieten die M\u00f6glichkeit der Vorkarbonisierung, die zum Schutz der Rohrinnenwand beitr\u00e4gt und das Aufbrechen des Rohrs vereinfacht.<\/li>\n<\/ul>\n<\/div>\n<p><img decoding=\"async\" src=\"https:\/\/ae01.alicdn.com\/kf\/S063003edaec140d2b9178d700ae9e6fd2.jpg\" \/><img decoding=\"async\" src=\"https:\/\/ae01.alicdn.com\/kf\/S36a1980efd154dc689b6466c478759856.jpg\" \/><img decoding=\"async\" src=\"https:\/\/ae01.alicdn.com\/kf\/S902da516ac6e4f99bc49dc0cbe4e9ad9p.jpg\" \/><img decoding=\"async\" src=\"https:\/\/ae01.alicdn.com\/kf\/S9246525ef71f432198559ab54ab0b761l.jpg\" \/><img decoding=\"async\" src=\"https:\/\/ae01.alicdn.com\/kf\/S0a24cb1f9eff4b669f178de58c600969C.jpg\" \/><img decoding=\"async\" src=\"https:\/\/ae01.alicdn.com\/kf\/Se568ddfeea584e348a829f7ae4ba6edep.jpg\" \/><img decoding=\"async\" src=\"https:\/\/ae01.alicdn.com\/kf\/S64f3d76f57174e3782886bef9cc84229r.jpg\" \/><\/p>","protected":false},"excerpt":{"rendered":"<p>&nbsp; Bei der Auswahl Ihrer ersten handgefertigten Bruy\u00e8repfeife ist es wichtig, eine zu finden, die Ihrem pers\u00f6nlichen Stil entspricht. Ob Sie bevorzugen<\/p>","protected":false},"featured_media":16156,"comment_status":"open","ping_status":"closed","template":"","meta":{"iawp_total_views":4,"_joinchat":[]},"product_brand":[],"product_cat":[480,478],"product_tag":[],"class_list":{"0":"post-16155","1":"product","2":"type-product","3":"status-publish","4":"has-post-thumbnail","6":"product_cat-briar-pipe","7":"product_cat-handmade-pipe","9":"first","10":"instock","11":"sale","12":"shipping-taxable","13":"purchasable","14":"product-type-variable"},"yoast_head":"<!-- This site is optimized with the Yoast SEO Premium plugin v24.7 (Yoast SEO v26.8) - https:\/\/yoast.com\/product\/yoast-seo-premium-wordpress\/ -->\n<title>British Classic Handmade Briar Pipes - Global Hookah<\/title>\n<meta name=\"robots\" content=\"index, follow, max-snippet:-1, max-image-preview:large, max-video-preview:-1\" \/>\n<link rel=\"canonical\" href=\"https:\/\/global-hookah.com\/de\/pt\/produto\/cachimbos-de-barbaro-britanicos-classicos-feitos-a-mao\/\" \/>\n<meta property=\"og:locale\" content=\"de_DE\" \/>\n<meta property=\"og:type\" content=\"article\" \/>\n<meta property=\"og:title\" content=\"British Classic Handmade Briar Pipes\" \/>\n<meta property=\"og:description\" content=\"&nbsp; When selecting your first handmade briar pipe, finding one that fits your personal style is key. Whether you prefer\" \/>\n<meta property=\"og:url\" content=\"https:\/\/global-hookah.com\/de\/pt\/produto\/cachimbos-de-barbaro-britanicos-classicos-feitos-a-mao\/\" \/>\n<meta property=\"og:site_name\" content=\"Global Hookah\" \/>\n<meta property=\"article:modified_time\" content=\"2023-12-01T14:07:04+00:00\" \/>\n<meta property=\"og:image\" content=\"https:\/\/global-hookah.com\/wp-content\/uploads\/2023\/11\/MUXIANG-Heather-wood-tobacco-pipe-Tomato-tobacco-pipe-Thick-bowl-wall-Vulcanized-rubber-curved-handle-Handmade.webp\" \/>\n\t<meta property=\"og:image:width\" content=\"1000\" \/>\n\t<meta property=\"og:image:height\" content=\"1000\" \/>\n\t<meta property=\"og:image:type\" content=\"image\/webp\" \/>\n<meta name=\"twitter:card\" content=\"summary_large_image\" \/>\n<meta name=\"twitter:label1\" content=\"Gesch\u00e4tzte Lesezeit\" \/>\n\t<meta name=\"twitter:data1\" content=\"2\u00a0Minuten\" \/>\n<script type=\"application\/ld+json\" class=\"yoast-schema-graph\">{\"@context\":\"https:\/\/schema.org\",\"@graph\":[{\"@type\":\"WebPage\",\"@id\":\"https:\/\/global-hookah.com\/pt\/produto\/cachimbos-de-barbaro-britanicos-classicos-feitos-a-mao\/\",\"url\":\"https:\/\/global-hookah.com\/pt\/produto\/cachimbos-de-barbaro-britanicos-classicos-feitos-a-mao\/\",\"name\":\"British Classic Handmade Briar Pipes - Global Hookah\",\"isPartOf\":{\"@id\":\"https:\/\/global-hookah.com\/#website\"},\"primaryImageOfPage\":{\"@id\":\"https:\/\/global-hookah.com\/pt\/produto\/cachimbos-de-barbaro-britanicos-classicos-feitos-a-mao\/#primaryimage\"},\"image\":{\"@id\":\"https:\/\/global-hookah.com\/pt\/produto\/cachimbos-de-barbaro-britanicos-classicos-feitos-a-mao\/#primaryimage\"},\"thumbnailUrl\":\"https:\/\/global-hookah.com\/wp-content\/uploads\/2023\/11\/MUXIANG-Heather-wood-tobacco-pipe-Tomato-tobacco-pipe-Thick-bowl-wall-Vulcanized-rubber-curved-handle-Handmade.webp\",\"datePublished\":\"2023-11-16T03:37:37+00:00\",\"dateModified\":\"2023-12-01T14:07:04+00:00\",\"breadcrumb\":{\"@id\":\"https:\/\/global-hookah.com\/pt\/produto\/cachimbos-de-barbaro-britanicos-classicos-feitos-a-mao\/#breadcrumb\"},\"inLanguage\":\"de\",\"potentialAction\":[{\"@type\":\"ReadAction\",\"target\":[\"https:\/\/global-hookah.com\/pt\/produto\/cachimbos-de-barbaro-britanicos-classicos-feitos-a-mao\/\"]}]},{\"@type\":\"ImageObject\",\"inLanguage\":\"de\",\"@id\":\"https:\/\/global-hookah.com\/pt\/produto\/cachimbos-de-barbaro-britanicos-classicos-feitos-a-mao\/#primaryimage\",\"url\":\"https:\/\/global-hookah.com\/wp-content\/uploads\/2023\/11\/MUXIANG-Heather-wood-tobacco-pipe-Tomato-tobacco-pipe-Thick-bowl-wall-Vulcanized-rubber-curved-handle-Handmade.webp\",\"contentUrl\":\"https:\/\/global-hookah.com\/wp-content\/uploads\/2023\/11\/MUXIANG-Heather-wood-tobacco-pipe-Tomato-tobacco-pipe-Thick-bowl-wall-Vulcanized-rubber-curved-handle-Handmade.webp\",\"width\":1000,\"height\":1000,\"caption\":\"British Classic Handmade Briar Pipes\"},{\"@type\":\"BreadcrumbList\",\"@id\":\"https:\/\/global-hookah.com\/pt\/produto\/cachimbos-de-barbaro-britanicos-classicos-feitos-a-mao\/#breadcrumb\",\"itemListElement\":[{\"@type\":\"ListItem\",\"position\":1,\"name\":\"Home\",\"item\":\"https:\/\/global-hookah.com\/\"},{\"@type\":\"ListItem\",\"position\":2,\"name\":\"Shop\",\"item\":\"https:\/\/global-hookah.com\/shop\/\"},{\"@type\":\"ListItem\",\"position\":3,\"name\":\"British Classic Handmade Briar Pipes\"}]},{\"@type\":\"WebSite\",\"@id\":\"https:\/\/global-hookah.com\/#website\",\"url\":\"https:\/\/global-hookah.com\/\",\"name\":\"Global Hookah\",\"description\":\"Global Hookah\",\"publisher\":{\"@id\":\"https:\/\/global-hookah.com\/#organization\"},\"potentialAction\":[{\"@type\":\"SearchAction\",\"target\":{\"@type\":\"EntryPoint\",\"urlTemplate\":\"https:\/\/global-hookah.com\/?s={search_term_string}\"},\"query-input\":{\"@type\":\"PropertyValueSpecification\",\"valueRequired\":true,\"valueName\":\"search_term_string\"}}],\"inLanguage\":\"de\"},{\"@type\":\"Organization\",\"@id\":\"https:\/\/global-hookah.com\/#organization\",\"name\":\"Global Hookah\",\"url\":\"https:\/\/global-hookah.com\/\",\"logo\":{\"@type\":\"ImageObject\",\"inLanguage\":\"de\",\"@id\":\"https:\/\/global-hookah.com\/#\/schema\/logo\/image\/\",\"url\":\"https:\/\/global-hookah.com\/wp-content\/uploads\/2021\/10\/cropped-fgg.png\",\"contentUrl\":\"https:\/\/global-hookah.com\/wp-content\/uploads\/2021\/10\/cropped-fgg.png\",\"width\":512,\"height\":512,\"caption\":\"Global Hookah\"},\"image\":{\"@id\":\"https:\/\/global-hookah.com\/#\/schema\/logo\/image\/\"}}]}<\/script>\n<!-- \/ Yoast SEO Premium plugin. -->","yoast_head_json":{"title":"Britische klassische handgefertigte Briar-Pfeifen - Global Hookah","robots":{"index":"index","follow":"follow","max-snippet":"max-snippet:-1","max-image-preview":"max-image-preview:large","max-video-preview":"max-video-preview:-1"},"canonical":"https:\/\/global-hookah.com\/de\/pt\/produto\/cachimbos-de-barbaro-britanicos-classicos-feitos-a-mao\/","og_locale":"de_DE","og_type":"article","og_title":"British Classic Handmade Briar Pipes","og_description":"&nbsp; When selecting your first handmade briar pipe, finding one that fits your personal style is key. Whether you prefer","og_url":"https:\/\/global-hookah.com\/de\/pt\/produto\/cachimbos-de-barbaro-britanicos-classicos-feitos-a-mao\/","og_site_name":"Global Hookah","article_modified_time":"2023-12-01T14:07:04+00:00","og_image":[{"width":1000,"height":1000,"url":"https:\/\/global-hookah.com\/wp-content\/uploads\/2023\/11\/MUXIANG-Heather-wood-tobacco-pipe-Tomato-tobacco-pipe-Thick-bowl-wall-Vulcanized-rubber-curved-handle-Handmade.webp","type":"image\/webp"}],"twitter_card":"summary_large_image","twitter_misc":{"Gesch\u00e4tzte Lesezeit":"2\u00a0Minuten"},"schema":{"@context":"https:\/\/schema.org","@graph":[{"@type":"WebPage","@id":"https:\/\/global-hookah.com\/pt\/produto\/cachimbos-de-barbaro-britanicos-classicos-feitos-a-mao\/","url":"https:\/\/global-hookah.com\/pt\/produto\/cachimbos-de-barbaro-britanicos-classicos-feitos-a-mao\/","name":"Britische klassische handgefertigte Briar-Pfeifen - Global Hookah","isPartOf":{"@id":"https:\/\/global-hookah.com\/#website"},"primaryImageOfPage":{"@id":"https:\/\/global-hookah.com\/pt\/produto\/cachimbos-de-barbaro-britanicos-classicos-feitos-a-mao\/#primaryimage"},"image":{"@id":"https:\/\/global-hookah.com\/pt\/produto\/cachimbos-de-barbaro-britanicos-classicos-feitos-a-mao\/#primaryimage"},"thumbnailUrl":"https:\/\/global-hookah.com\/wp-content\/uploads\/2023\/11\/MUXIANG-Heather-wood-tobacco-pipe-Tomato-tobacco-pipe-Thick-bowl-wall-Vulcanized-rubber-curved-handle-Handmade.webp","datePublished":"2023-11-16T03:37:37+00:00","dateModified":"2023-12-01T14:07:04+00:00","breadcrumb":{"@id":"https:\/\/global-hookah.com\/pt\/produto\/cachimbos-de-barbaro-britanicos-classicos-feitos-a-mao\/#breadcrumb"},"inLanguage":"de","potentialAction":[{"@type":"ReadAction","target":["https:\/\/global-hookah.com\/pt\/produto\/cachimbos-de-barbaro-britanicos-classicos-feitos-a-mao\/"]}]},{"@type":"ImageObject","inLanguage":"de","@id":"https:\/\/global-hookah.com\/pt\/produto\/cachimbos-de-barbaro-britanicos-classicos-feitos-a-mao\/#primaryimage","url":"https:\/\/global-hookah.com\/wp-content\/uploads\/2023\/11\/MUXIANG-Heather-wood-tobacco-pipe-Tomato-tobacco-pipe-Thick-bowl-wall-Vulcanized-rubber-curved-handle-Handmade.webp","contentUrl":"https:\/\/global-hookah.com\/wp-content\/uploads\/2023\/11\/MUXIANG-Heather-wood-tobacco-pipe-Tomato-tobacco-pipe-Thick-bowl-wall-Vulcanized-rubber-curved-handle-Handmade.webp","width":1000,"height":1000,"caption":"British Classic Handmade Briar Pipes"},{"@type":"BreadcrumbList","@id":"https:\/\/global-hookah.com\/pt\/produto\/cachimbos-de-barbaro-britanicos-classicos-feitos-a-mao\/#breadcrumb","itemListElement":[{"@type":"ListItem","position":1,"name":"Home","item":"https:\/\/global-hookah.com\/"},{"@type":"ListItem","position":2,"name":"Shop","item":"https:\/\/global-hookah.com\/shop\/"},{"@type":"ListItem","position":3,"name":"British Classic Handmade Briar Pipes"}]},{"@type":"WebSite","@id":"https:\/\/global-hookah.com\/#website","url":"https:\/\/global-hookah.com\/","name":"Globale Wasserpfeife","description":"Globale Wasserpfeife","publisher":{"@id":"https:\/\/global-hookah.com\/#organization"},"potentialAction":[{"@type":"SearchAction","target":{"@type":"EntryPoint","urlTemplate":"https:\/\/global-hookah.com\/?s={search_term_string}"},"query-input":{"@type":"PropertyValueSpecification","valueRequired":true,"valueName":"search_term_string"}}],"inLanguage":"de"},{"@type":"Organization","@id":"https:\/\/global-hookah.com\/#organization","name":"Globale Wasserpfeife","url":"https:\/\/global-hookah.com\/","logo":{"@type":"ImageObject","inLanguage":"de","@id":"https:\/\/global-hookah.com\/#\/schema\/logo\/image\/","url":"https:\/\/global-hookah.com\/wp-content\/uploads\/2021\/10\/cropped-fgg.png","contentUrl":"https:\/\/global-hookah.com\/wp-content\/uploads\/2021\/10\/cropped-fgg.png","width":512,"height":512,"caption":"Global Hookah"},"image":{"@id":"https:\/\/global-hookah.com\/#\/schema\/logo\/image\/"}}]}},"_links":{"self":[{"href":"https:\/\/global-hookah.com\/de\/wp-json\/wp\/v2\/product\/16155","targetHints":{"allow":["GET"]}}],"collection":[{"href":"https:\/\/global-hookah.com\/de\/wp-json\/wp\/v2\/product"}],"about":[{"href":"https:\/\/global-hookah.com\/de\/wp-json\/wp\/v2\/types\/product"}],"replies":[{"embeddable":true,"href":"https:\/\/global-hookah.com\/de\/wp-json\/wp\/v2\/comments?post=16155"}],"version-history":[{"count":0,"href":"https:\/\/global-hookah.com\/de\/wp-json\/wp\/v2\/product\/16155\/revisions"}],"wp:featuredmedia":[{"embeddable":true,"href":"https:\/\/global-hookah.com\/de\/wp-json\/wp\/v2\/media\/16156"}],"wp:attachment":[{"href":"https:\/\/global-hookah.com\/de\/wp-json\/wp\/v2\/media?parent=16155"}],"wp:term":[{"taxonomy":"product_brand","embeddable":true,"href":"https:\/\/global-hookah.com\/de\/wp-json\/wp\/v2\/product_brand?post=16155"},{"taxonomy":"product_cat","embeddable":true,"href":"https:\/\/global-hookah.com\/de\/wp-json\/wp\/v2\/product_cat?post=16155"},{"taxonomy":"product_tag","embeddable":true,"href":"https:\/\/global-hookah.com\/de\/wp-json\/wp\/v2\/product_tag?post=16155"}],"curies":[{"name":"wp","href":"https:\/\/api.w.org\/{rel}","templated":true}]}}