{"id":16164,"date":"2023-11-16T03:39:06","date_gmt":"2023-11-16T03:39:06","guid":{"rendered":"https:\/\/global-hookah.com\/product\/handmade-smooth-finish-volcano-pipe\/"},"modified":"2024-01-21T08:45:11","modified_gmt":"2024-01-21T08:45:11","slug":"handmade-smooth-finish-volcano-pipe","status":"publish","type":"product","link":"https:\/\/global-hookah.com\/de\/produkt\/handmade-smooth-finish-volcano-pipe\/","title":{"rendered":"Handgefertigte Vulkanpfeife mit glatter Oberfl\u00e4che"},"content":{"rendered":"<p>Diese <strong>handgefertigte Vulkanpfeife<\/strong> kommt aus den H\u00e4nden erfahrener Handwerker und pr\u00e4sentiert ein glattes und elegantes Liniendesign. Die <strong>handgefertigte Vulkanpfeife<\/strong> K\u00f6rper besteht aus <a href=\"https:\/\/global-hookah.com\/product-category\/tobacco-pipe\/briar-pipe\/\">hochwertiges Bruy\u00e8reholz<\/a>Die Oberfl\u00e4che wurde mehrfach poliert, damit sie sich weich und glatt anf\u00fchlt.<\/p>\n<p>Der Kopf der Vulkanpfeife hat die Form eines Miniaturvulkans. Die einzigartige Form ist nicht nur ein echter Hingucker, sondern liegt auch gut in der Hand und macht jedes Mal Spa\u00df, wenn du sie benutzt. Sie k\u00f6nnen auch ein Filterelement in die Pfeife einsetzen, das sch\u00e4dlichen Rauch effektiv filtern kann. Die Substanz bringt ein ausgezeichnetes Rauchgef\u00fchl.<\/p>\n<p>Die <strong>handgefertigte Vulkanpfeife<\/strong> verf\u00fcgt \u00fcber eine gro\u00dfz\u00fcgige Schale, die viel von Ihrem Lieblingstabak oder Ihrer Kr\u00e4utermischung aufnehmen kann, so dass Sie lange rauchen k\u00f6nnen<\/p>\n<p>aa00596h1w1h<\/p>\n<p><img fetchpriority=\"high\" decoding=\"async\" src=\"https:\/\/ae01.alicdn.com\/kf\/S6e6b6ce53ecf4b5f829ee95265a70a74v.jpg\" width=\"1000\" height=\"1000\" \/><img decoding=\"async\" src=\"https:\/\/ae01.alicdn.com\/kf\/Sa1e75fd49e2448ebb0d831ae13124714u.jpg\" width=\"1000\" height=\"1000\" \/><img decoding=\"async\" src=\"https:\/\/ae01.alicdn.com\/kf\/Seade6f3c54db4b48913f71fd084e06dfN.jpg\" width=\"1000\" height=\"1000\" \/><img loading=\"lazy\" decoding=\"async\" src=\"https:\/\/ae01.alicdn.com\/kf\/Sd4e2fda03a074a959048ee649b84f98eB.jpg\" width=\"1000\" height=\"1000\" \/><img loading=\"lazy\" decoding=\"async\" src=\"https:\/\/ae01.alicdn.com\/kf\/S61804e6c9cd4467ba3e9cd7aa78168256.jpg\" width=\"1000\" height=\"1000\" \/><img loading=\"lazy\" decoding=\"async\" src=\"https:\/\/ae01.alicdn.com\/kf\/S66431dc02c0f426181dd723a62ff63d2p.jpg\" width=\"1000\" height=\"1000\" \/><img loading=\"lazy\" decoding=\"async\" src=\"https:\/\/ae01.alicdn.com\/kf\/Sbec2c1b8357345559840a6f4897cc16dU.jpg\" width=\"1000\" height=\"1000\" \/>aa00596q1w1h<\/p>\n<p><img decoding=\"async\" src=\"https:\/\/ae01.alicdn.com\/kf\/Sad0209b7c9304531a9b9883acf001132t.jpg\" \/><img decoding=\"async\" src=\"https:\/\/ae01.alicdn.com\/kf\/S5a76ce5d77e841d296204c327280e4b2E.jpg\" \/><img decoding=\"async\" src=\"https:\/\/ae01.alicdn.com\/kf\/Sce31490051a84745b0123f1fa68fe961P.jpg\" \/><img decoding=\"async\" src=\"https:\/\/ae01.alicdn.com\/kf\/Sad10450a514440d787c3944c23ebd2f4n.jpg\" \/><img decoding=\"async\" src=\"https:\/\/ae01.alicdn.com\/kf\/S1d52cdd3dd654d2eaa1c0807049ab800K.jpg\" \/><img decoding=\"async\" src=\"https:\/\/ae01.alicdn.com\/kf\/S5ff08d04bd4f4aeaa1ade84ba488e5efS.jpg\" \/><img decoding=\"async\" src=\"https:\/\/ae01.alicdn.com\/kf\/Sa1030d00f5b9449e9d3836f597c86993q.jpg\" \/><img decoding=\"async\" src=\"https:\/\/ae01.alicdn.com\/kf\/Sf357926c8f0e4680b865cd085780d845C.jpg\" \/><img decoding=\"async\" src=\"https:\/\/ae01.alicdn.com\/kf\/Sf00b3095320a4edebf19db85d4caddf0g.jpg\" \/><\/p>","protected":false},"excerpt":{"rendered":"<p>Diese handgefertigte Vulkanpfeife stammt aus den H\u00e4nden erfahrener Handwerker und pr\u00e4sentiert ein glattes und elegantes Liniendesign. Die<\/p>","protected":false},"featured_media":16165,"comment_status":"open","ping_status":"closed","template":"","meta":{"iawp_total_views":11,"_joinchat":[]},"product_brand":[],"product_cat":[478,579],"product_tag":[],"class_list":{"0":"post-16164","1":"product","2":"type-product","3":"status-publish","4":"has-post-thumbnail","6":"product_cat-handmade-pipe","7":"product_cat-volcano-pipe","9":"first","10":"instock","11":"sale","12":"shipping-taxable","13":"purchasable","14":"product-type-variable"},"yoast_head":"<!-- This site is optimized with the Yoast SEO Premium plugin v24.7 (Yoast SEO v26.8) - https:\/\/yoast.com\/product\/yoast-seo-premium-wordpress\/ -->\n<title>Handmade Smooth Finish Volcano Pipe - Global Hookah<\/title>\n<meta name=\"robots\" content=\"index, follow, max-snippet:-1, max-image-preview:large, max-video-preview:-1\" \/>\n<link rel=\"canonical\" href=\"https:\/\/global-hookah.com\/de\/produkt\/handmade-smooth-finish-volcano-pipe\/\" \/>\n<meta property=\"og:locale\" content=\"de_DE\" \/>\n<meta property=\"og:type\" content=\"article\" \/>\n<meta property=\"og:title\" content=\"Handmade Smooth Finish Volcano Pipe\" \/>\n<meta property=\"og:description\" content=\"This handmade volcano pipe comes from the hands of skilled craftsmen and presents a smooth and elegant line design. The\" \/>\n<meta property=\"og:url\" content=\"https:\/\/global-hookah.com\/de\/produkt\/handmade-smooth-finish-volcano-pipe\/\" \/>\n<meta property=\"og:site_name\" content=\"Global Hookah\" \/>\n<meta property=\"article:modified_time\" content=\"2024-01-21T08:45:11+00:00\" \/>\n<meta property=\"og:image\" content=\"https:\/\/global-hookah.com\/wp-content\/uploads\/2023\/11\/MUXIANG-spoon-type-volcanic-tobacco-pipe-vulcanized-rubber-mouthpiece-bowl-diameter-20mm-depth-25mm-handmade-briar.webp\" \/>\n\t<meta property=\"og:image:width\" content=\"800\" \/>\n\t<meta property=\"og:image:height\" content=\"800\" \/>\n\t<meta property=\"og:image:type\" content=\"image\/webp\" \/>\n<meta name=\"twitter:card\" content=\"summary_large_image\" \/>\n<meta name=\"twitter:label1\" content=\"Gesch\u00e4tzte Lesezeit\" \/>\n\t<meta name=\"twitter:data1\" content=\"4\u00a0Minuten\" \/>\n<script type=\"application\/ld+json\" class=\"yoast-schema-graph\">{\"@context\":\"https:\/\/schema.org\",\"@graph\":[{\"@type\":\"WebPage\",\"@id\":\"https:\/\/global-hookah.com\/product\/handmade-smooth-finish-volcano-pipe\/\",\"url\":\"https:\/\/global-hookah.com\/product\/handmade-smooth-finish-volcano-pipe\/\",\"name\":\"Handmade Smooth Finish Volcano Pipe - Global Hookah\",\"isPartOf\":{\"@id\":\"https:\/\/global-hookah.com\/#website\"},\"primaryImageOfPage\":{\"@id\":\"https:\/\/global-hookah.com\/product\/handmade-smooth-finish-volcano-pipe\/#primaryimage\"},\"image\":{\"@id\":\"https:\/\/global-hookah.com\/product\/handmade-smooth-finish-volcano-pipe\/#primaryimage\"},\"thumbnailUrl\":\"https:\/\/global-hookah.com\/wp-content\/uploads\/2023\/11\/MUXIANG-spoon-type-volcanic-tobacco-pipe-vulcanized-rubber-mouthpiece-bowl-diameter-20mm-depth-25mm-handmade-briar.webp\",\"datePublished\":\"2023-11-16T03:39:06+00:00\",\"dateModified\":\"2024-01-21T08:45:11+00:00\",\"breadcrumb\":{\"@id\":\"https:\/\/global-hookah.com\/product\/handmade-smooth-finish-volcano-pipe\/#breadcrumb\"},\"inLanguage\":\"de\",\"potentialAction\":[{\"@type\":\"ReadAction\",\"target\":[\"https:\/\/global-hookah.com\/product\/handmade-smooth-finish-volcano-pipe\/\"]}]},{\"@type\":\"ImageObject\",\"inLanguage\":\"de\",\"@id\":\"https:\/\/global-hookah.com\/product\/handmade-smooth-finish-volcano-pipe\/#primaryimage\",\"url\":\"https:\/\/global-hookah.com\/wp-content\/uploads\/2023\/11\/MUXIANG-spoon-type-volcanic-tobacco-pipe-vulcanized-rubber-mouthpiece-bowl-diameter-20mm-depth-25mm-handmade-briar.webp\",\"contentUrl\":\"https:\/\/global-hookah.com\/wp-content\/uploads\/2023\/11\/MUXIANG-spoon-type-volcanic-tobacco-pipe-vulcanized-rubber-mouthpiece-bowl-diameter-20mm-depth-25mm-handmade-briar.webp\",\"width\":800,\"height\":800,\"caption\":\"Handmade Smooth Finish Volcano Pipe\"},{\"@type\":\"BreadcrumbList\",\"@id\":\"https:\/\/global-hookah.com\/product\/handmade-smooth-finish-volcano-pipe\/#breadcrumb\",\"itemListElement\":[{\"@type\":\"ListItem\",\"position\":1,\"name\":\"Home\",\"item\":\"https:\/\/global-hookah.com\/\"},{\"@type\":\"ListItem\",\"position\":2,\"name\":\"Shop\",\"item\":\"https:\/\/global-hookah.com\/shop\/\"},{\"@type\":\"ListItem\",\"position\":3,\"name\":\"Handmade Smooth Finish Volcano Pipe\"}]},{\"@type\":\"WebSite\",\"@id\":\"https:\/\/global-hookah.com\/#website\",\"url\":\"https:\/\/global-hookah.com\/\",\"name\":\"Global Hookah\",\"description\":\"Global Hookah\",\"publisher\":{\"@id\":\"https:\/\/global-hookah.com\/#organization\"},\"potentialAction\":[{\"@type\":\"SearchAction\",\"target\":{\"@type\":\"EntryPoint\",\"urlTemplate\":\"https:\/\/global-hookah.com\/?s={search_term_string}\"},\"query-input\":{\"@type\":\"PropertyValueSpecification\",\"valueRequired\":true,\"valueName\":\"search_term_string\"}}],\"inLanguage\":\"de\"},{\"@type\":\"Organization\",\"@id\":\"https:\/\/global-hookah.com\/#organization\",\"name\":\"Global Hookah\",\"url\":\"https:\/\/global-hookah.com\/\",\"logo\":{\"@type\":\"ImageObject\",\"inLanguage\":\"de\",\"@id\":\"https:\/\/global-hookah.com\/#\/schema\/logo\/image\/\",\"url\":\"https:\/\/global-hookah.com\/wp-content\/uploads\/2021\/10\/cropped-fgg.png\",\"contentUrl\":\"https:\/\/global-hookah.com\/wp-content\/uploads\/2021\/10\/cropped-fgg.png\",\"width\":512,\"height\":512,\"caption\":\"Global Hookah\"},\"image\":{\"@id\":\"https:\/\/global-hookah.com\/#\/schema\/logo\/image\/\"}}]}<\/script>\n<!-- \/ Yoast SEO Premium plugin. -->","yoast_head_json":{"title":"Handgefertigte Vulkanpfeife mit glatter Oberfl\u00e4che - Global Hookah","robots":{"index":"index","follow":"follow","max-snippet":"max-snippet:-1","max-image-preview":"max-image-preview:large","max-video-preview":"max-video-preview:-1"},"canonical":"https:\/\/global-hookah.com\/de\/produkt\/handmade-smooth-finish-volcano-pipe\/","og_locale":"de_DE","og_type":"article","og_title":"Handmade Smooth Finish Volcano Pipe","og_description":"This handmade volcano pipe comes from the hands of skilled craftsmen and presents a smooth and elegant line design. The","og_url":"https:\/\/global-hookah.com\/de\/produkt\/handmade-smooth-finish-volcano-pipe\/","og_site_name":"Global Hookah","article_modified_time":"2024-01-21T08:45:11+00:00","og_image":[{"width":800,"height":800,"url":"https:\/\/global-hookah.com\/wp-content\/uploads\/2023\/11\/MUXIANG-spoon-type-volcanic-tobacco-pipe-vulcanized-rubber-mouthpiece-bowl-diameter-20mm-depth-25mm-handmade-briar.webp","type":"image\/webp"}],"twitter_card":"summary_large_image","twitter_misc":{"Gesch\u00e4tzte Lesezeit":"4\u00a0Minuten"},"schema":{"@context":"https:\/\/schema.org","@graph":[{"@type":"WebPage","@id":"https:\/\/global-hookah.com\/product\/handmade-smooth-finish-volcano-pipe\/","url":"https:\/\/global-hookah.com\/product\/handmade-smooth-finish-volcano-pipe\/","name":"Handgefertigte Vulkanpfeife mit glatter Oberfl\u00e4che - Global Hookah","isPartOf":{"@id":"https:\/\/global-hookah.com\/#website"},"primaryImageOfPage":{"@id":"https:\/\/global-hookah.com\/product\/handmade-smooth-finish-volcano-pipe\/#primaryimage"},"image":{"@id":"https:\/\/global-hookah.com\/product\/handmade-smooth-finish-volcano-pipe\/#primaryimage"},"thumbnailUrl":"https:\/\/global-hookah.com\/wp-content\/uploads\/2023\/11\/MUXIANG-spoon-type-volcanic-tobacco-pipe-vulcanized-rubber-mouthpiece-bowl-diameter-20mm-depth-25mm-handmade-briar.webp","datePublished":"2023-11-16T03:39:06+00:00","dateModified":"2024-01-21T08:45:11+00:00","breadcrumb":{"@id":"https:\/\/global-hookah.com\/product\/handmade-smooth-finish-volcano-pipe\/#breadcrumb"},"inLanguage":"de","potentialAction":[{"@type":"ReadAction","target":["https:\/\/global-hookah.com\/product\/handmade-smooth-finish-volcano-pipe\/"]}]},{"@type":"ImageObject","inLanguage":"de","@id":"https:\/\/global-hookah.com\/product\/handmade-smooth-finish-volcano-pipe\/#primaryimage","url":"https:\/\/global-hookah.com\/wp-content\/uploads\/2023\/11\/MUXIANG-spoon-type-volcanic-tobacco-pipe-vulcanized-rubber-mouthpiece-bowl-diameter-20mm-depth-25mm-handmade-briar.webp","contentUrl":"https:\/\/global-hookah.com\/wp-content\/uploads\/2023\/11\/MUXIANG-spoon-type-volcanic-tobacco-pipe-vulcanized-rubber-mouthpiece-bowl-diameter-20mm-depth-25mm-handmade-briar.webp","width":800,"height":800,"caption":"Handmade Smooth Finish Volcano Pipe"},{"@type":"BreadcrumbList","@id":"https:\/\/global-hookah.com\/product\/handmade-smooth-finish-volcano-pipe\/#breadcrumb","itemListElement":[{"@type":"ListItem","position":1,"name":"Home","item":"https:\/\/global-hookah.com\/"},{"@type":"ListItem","position":2,"name":"Shop","item":"https:\/\/global-hookah.com\/shop\/"},{"@type":"ListItem","position":3,"name":"Handmade Smooth Finish Volcano Pipe"}]},{"@type":"WebSite","@id":"https:\/\/global-hookah.com\/#website","url":"https:\/\/global-hookah.com\/","name":"Globale Wasserpfeife","description":"Globale Wasserpfeife","publisher":{"@id":"https:\/\/global-hookah.com\/#organization"},"potentialAction":[{"@type":"SearchAction","target":{"@type":"EntryPoint","urlTemplate":"https:\/\/global-hookah.com\/?s={search_term_string}"},"query-input":{"@type":"PropertyValueSpecification","valueRequired":true,"valueName":"search_term_string"}}],"inLanguage":"de"},{"@type":"Organization","@id":"https:\/\/global-hookah.com\/#organization","name":"Globale Wasserpfeife","url":"https:\/\/global-hookah.com\/","logo":{"@type":"ImageObject","inLanguage":"de","@id":"https:\/\/global-hookah.com\/#\/schema\/logo\/image\/","url":"https:\/\/global-hookah.com\/wp-content\/uploads\/2021\/10\/cropped-fgg.png","contentUrl":"https:\/\/global-hookah.com\/wp-content\/uploads\/2021\/10\/cropped-fgg.png","width":512,"height":512,"caption":"Global Hookah"},"image":{"@id":"https:\/\/global-hookah.com\/#\/schema\/logo\/image\/"}}]}},"_links":{"self":[{"href":"https:\/\/global-hookah.com\/de\/wp-json\/wp\/v2\/product\/16164","targetHints":{"allow":["GET"]}}],"collection":[{"href":"https:\/\/global-hookah.com\/de\/wp-json\/wp\/v2\/product"}],"about":[{"href":"https:\/\/global-hookah.com\/de\/wp-json\/wp\/v2\/types\/product"}],"replies":[{"embeddable":true,"href":"https:\/\/global-hookah.com\/de\/wp-json\/wp\/v2\/comments?post=16164"}],"version-history":[{"count":0,"href":"https:\/\/global-hookah.com\/de\/wp-json\/wp\/v2\/product\/16164\/revisions"}],"wp:featuredmedia":[{"embeddable":true,"href":"https:\/\/global-hookah.com\/de\/wp-json\/wp\/v2\/media\/16165"}],"wp:attachment":[{"href":"https:\/\/global-hookah.com\/de\/wp-json\/wp\/v2\/media?parent=16164"}],"wp:term":[{"taxonomy":"product_brand","embeddable":true,"href":"https:\/\/global-hookah.com\/de\/wp-json\/wp\/v2\/product_brand?post=16164"},{"taxonomy":"product_cat","embeddable":true,"href":"https:\/\/global-hookah.com\/de\/wp-json\/wp\/v2\/product_cat?post=16164"},{"taxonomy":"product_tag","embeddable":true,"href":"https:\/\/global-hookah.com\/de\/wp-json\/wp\/v2\/product_tag?post=16164"}],"curies":[{"name":"wp","href":"https:\/\/api.w.org\/{rel}","templated":true}]}}