{"id":16186,"date":"2023-11-16T03:42:10","date_gmt":"2023-11-16T03:42:10","guid":{"rendered":"https:\/\/global-hookah.com\/product\/bent-handmade-apple-design-smoking-pipes\/"},"modified":"2023-11-16T03:42:13","modified_gmt":"2023-11-16T03:42:13","slug":"bent-handmade-apple-design-smoking-pipes","status":"publish","type":"product","link":"https:\/\/global-hookah.com\/de\/produkt\/bent-handmade-apple-design-smoking-pipes\/","title":{"rendered":"Gebogene handgefertigte Apfel-Design-Rauchpfeifen"},"content":{"rendered":"<div class=\"product-specs-list-container\">\n<ul class=\"product-specs-list util-clearfix\">\n<li class=\"product-prop line-limit-length\"><span\n\t\t\t\t\t\t\t\t\tclass=\"property-title\">Die Form:&nbsp;<\/span><span\n\t\t\t\t\t\t\t\t\tclass=\"property-desc line-limit-length\">Gebogener Typ<\/span>\n\t\t\t\t\t\t<\/li>\n<li class=\"product-prop line-limit-length\"><span\n\t\t\t\t\t\t\t\t\tclass=\"property-title\">Modellnummer:&nbsp;<\/span><span\n\t\t\t\t\t\t\t\t\tclass=\"property-desc line-limit-length\">FT-12089<\/span>\n\t\t\t\t\t\t<\/li>\n<li class=\"product-prop line-limit-length\"><span\n\t\t\t\t\t\t\t\t\tclass=\"property-title\">Material:&nbsp;<\/span><span\n\t\t\t\t\t\t\t\t\tclass=\"property-desc line-limit-length\">Holz<\/span>\n\t\t\t\t\t\t<\/li>\n<li class=\"product-prop line-limit-length\"><span\n\t\t\t\t\t\t\t\t\tclass=\"property-title\">Markenname:&nbsp;<\/span><span\n\t\t\t\t\t\t\t\t\tclass=\"property-desc line-limit-length\">Erliao<\/span>\n\t\t\t\t\t\t<\/li>\n<li class=\"product-prop line-limit-length\"><span\n\t\t\t\t\t\t\t\t\tclass=\"property-title\">Herkunft:&nbsp;<\/span><span\n\t\t\t\t\t\t\t\t\tclass=\"property-desc line-limit-length\">Festland China<\/span>\n\t\t\t\t\t\t<\/li>\n<li class=\"product-prop line-limit-length\"><span\n\t\t\t\t\t\t\t\t\tclass=\"property-title\">Ort der Herkunft:&nbsp;<\/span><span\n\t\t\t\t\t\t\t\t\tclass=\"property-desc line-limit-length\">China<\/span>\n\t\t\t\t\t\t<\/li>\n<li class=\"product-prop line-limit-length\"><span\n\t\t\t\t\t\t\t\t\tclass=\"property-title\">Material:&nbsp;<\/span><span\n\t\t\t\t\t\t\t\t\tclass=\"property-desc line-limit-length\">Briar<\/span>\n\t\t\t\t\t\t<\/li>\n<li class=\"product-prop line-limit-length\"><span\n\t\t\t\t\t\t\t\t\tclass=\"property-title\">Gewicht:&nbsp;<\/span><span\n\t\t\t\t\t\t\t\t\tclass=\"property-desc line-limit-length\">58g f\u00fcr Nettogewicht<\/span>\n\t\t\t\t\t\t<\/li>\n<li class=\"product-prop line-limit-length\"><span\n\t\t\t\t\t\t\t\t\tclass=\"property-title\">Gr\u00f6\u00dfe:&nbsp;<\/span><span\n\t\t\t\t\t\t\t\t\tclass=\"property-desc line-limit-length\">12cm*4.9cm*2cm<\/span>\n\t\t\t\t\t\t<\/li>\n<li class=\"product-prop line-limit-length\"><span\n\t\t\t\t\t\t\t\t\tclass=\"property-title\">Gr\u00f6\u00dfe des Schornsteins:&nbsp;<\/span><span\n\t\t\t\t\t\t\t\t\tclass=\"property-desc line-limit-length\">2cm<\/span>\n\t\t\t\t\t\t<\/li>\n<li class=\"product-prop line-limit-length\"><span\n\t\t\t\t\t\t\t\t\tclass=\"property-title\">Farbe:&nbsp;<\/span><span\n\t\t\t\t\t\t\t\t\tclass=\"property-desc line-limit-length\">dunkel,hell,schwarz,Gravur<\/span>\n\t\t\t\t\t\t<\/li>\n<li class=\"product-prop line-limit-length\"><span\n\t\t\t\t\t\t\t\t\tclass=\"property-title\">Art:&nbsp;<\/span><span\n\t\t\t\t\t\t\t\t\tclass=\"property-desc line-limit-length\">Tabakpfeife im Bend-Stil<\/span>\n\t\t\t\t\t\t<\/li>\n<li class=\"product-prop line-limit-length\"><span\n\t\t\t\t\t\t\t\t\tclass=\"property-title\">Paket:&nbsp;<\/span><span\n\t\t\t\t\t\t\t\t\tclass=\"property-desc line-limit-length\">1St\u00fcck* Rauchpfeife<\/span>\n\t\t\t\t\t\t<\/li>\n<li class=\"product-prop line-limit-length\"><span\n\t\t\t\t\t\t\t\t\tclass=\"property-title\">Verwendung:&nbsp;<\/span><span\n\t\t\t\t\t\t\t\t\tclass=\"property-desc line-limit-length\">Das beste Geschenk f\u00fcr Vater, Freund<\/span>\n\t\t\t\t\t\t<\/li>\n<\/ul><\/div>\n<p><\/p>\n<p><\/p>\n<div class=\"detailmodule_dynamic\"><kse:widget data-widget-type=\"customText\" id=\"1005000000429665\" type=\"undefined\"><\/kse:widget><\/div>\n<div class=\"detailmodule_text\">\n<div><\/div>\n<p style=\"font-family:OpenSans;font-size:20px;font-weight:900;line-height:28px;white-space:pre-wrap;color:rgb(0, 0, 0);margin-bottom:12px\" class=\"detail-desc-decorate-title\">Beschreibung:<\/p>\n<p style=\"font-family:OpenSans;font-size:14px;font-weight:300;line-height:20px;white-space:pre-wrap;color:rgb(0, 0, 0);margin-bottom:12px\" class=\"detail-desc-decorate-content\"><span style=\"font-size:16px;font-family:verdana, geneva, sans-serif\">Wenn Sie eine Bestellung aufgeben, werden wir einige Raucherzubeh\u00f6r als Geschenk, wie Filter, Reinigung, Metallgitter, 3 in 1 Messer Werkzeug, Mundst\u00fcck....<\/p>\n<p>Briar<\/span><span style=\"font-size:14px;font-family:verdana, geneva, sans-serif\"> gilt derzeit als das am besten geeignete Material f\u00fcr die Herstellung von Pfeifen in der Welt. Tabakpfeifen aus Holz sind auch die beliebtesten Pfeifensorten der Welt. Die Pfeife aus Heathier ist stark und haltbar, mit feinem Holz, sch\u00f6ner Holzmaserung, atmungsaktiver W\u00e4rmeableitung und starker Flammenhemmung. Je \u00e4lter und ges\u00fcnder die Pfeife ist, desto besser ist das Holz, desto sch\u00f6ner ist die Holzmaserung und desto teurer ist der Preis.<\/span><span style=\"font-size:16px;font-family:verdana, geneva, sans-serif\"><br \/><\/span><\/p>\n<p style=\"font-family:OpenSans;font-size:14px;font-weight:300;line-height:20px;white-space:pre-wrap;color:rgb(0, 0, 0);margin-bottom:12px\" class=\"detail-desc-decorate-content\"><img decoding=\"async\" src=\"https:\/\/ae01.alicdn.com\/kf\/Sade8efce73e848369adb8220d6c59956n.jpg\" slate-data-type=\"image\"\/><img decoding=\"async\" src=\"https:\/\/ae01.alicdn.com\/kf\/S0fc7ea35aea24d67baf66e279235f148h.jpg\" slate-data-type=\"image\"\/><img decoding=\"async\" src=\"https:\/\/ae01.alicdn.com\/kf\/S698dd906d86c4ac6b34541f962fb1b05K.jpg\" slate-data-type=\"image\"\/><img decoding=\"async\" src=\"https:\/\/ae01.alicdn.com\/kf\/S1878278d72804697a7a4dda6b652cfaaN.jpg\" slate-data-type=\"image\"\/><img decoding=\"async\" src=\"https:\/\/ae01.alicdn.com\/kf\/Sd2494add372547baa941ddc302ca1150R.jpg\" slate-data-type=\"image\"\/><img decoding=\"async\" src=\"https:\/\/ae01.alicdn.com\/kf\/Sfe6d4c7bfb5b43edb6cc0239bab2ddfdu.jpg\" slate-data-type=\"image\"\/><img decoding=\"async\" src=\"https:\/\/ae01.alicdn.com\/kf\/Sd049632a49ee47b2b47bf5e14638c4a3q.jpg\" slate-data-type=\"image\"\/><img decoding=\"async\" src=\"https:\/\/ae01.alicdn.com\/kf\/Sfa849542f3a04a02a7aa9ec187e84e818.jpg\" slate-data-type=\"image\"\/><\/p>\n<\/div>\n<div class=\"detailmodule_image\"><img decoding=\"async\" class=\"detail-desc-decorate-image\" src=\"https:\/\/ae01.alicdn.com\/kf\/H0f0d58301d39416f8b76984cf37c09d24.jpg\" slate-data-type=\"image\"\/><img decoding=\"async\" class=\"detail-desc-decorate-image\" src=\"https:\/\/ae01.alicdn.com\/kf\/Haae934d34b5d48df8e249ce1b5fbad61b.jpg\" slate-data-type=\"image\"\/><img decoding=\"async\" class=\"detail-desc-decorate-image\" src=\"https:\/\/ae01.alicdn.com\/kf\/H90533929b00c4a79866db9437b8ca500f.jpg\" slate-data-type=\"image\"\/><img decoding=\"async\" class=\"detail-desc-decorate-image\" src=\"https:\/\/ae01.alicdn.com\/kf\/H0f0a737f21654110869ca93e2ae7c6adb.png\" slate-data-type=\"image\"\/><\/div>\n<p><\/p>\n<p><\/p>\n<p><\/p>\n<p><\/p>\n<p><\/p>","protected":false},"excerpt":{"rendered":"<p>Form: Gebogener Typ Modellnummer: FT-12089 Material: Holz Markenname: Erliao Herkunft: Festland China Herkunftsort: China Material: Briar Gewicht: 58g f\u00fcr Nettogewicht Gr\u00f6\u00dfe: 12cm*4.9cm*2cm Schornsteingr\u00f6\u00dfe: 2cm<\/p>","protected":false},"featured_media":16187,"comment_status":"open","ping_status":"closed","template":"","meta":{"iawp_total_views":1,"_joinchat":[]},"product_brand":[],"product_cat":[478],"product_tag":[],"class_list":{"0":"post-16186","1":"product","2":"type-product","3":"status-publish","4":"has-post-thumbnail","6":"product_cat-handmade-pipe","8":"first","9":"instock","10":"sale","11":"shipping-taxable","12":"purchasable","13":"product-type-variable"},"yoast_head":"<!-- This site is optimized with the Yoast SEO Premium plugin v24.7 (Yoast SEO v26.8) - https:\/\/yoast.com\/product\/yoast-seo-premium-wordpress\/ -->\n<title>Bent Handmade Apple Design Smoking Pipes - Global Hookah<\/title>\n<meta name=\"robots\" content=\"index, follow, max-snippet:-1, max-image-preview:large, max-video-preview:-1\" \/>\n<link rel=\"canonical\" href=\"https:\/\/global-hookah.com\/de\/ru\/\u043f\u0440\u043e\u0434\u0443\u043a\u0442\/\u0433\u043d\u0443\u0442\u044b\u0435-\u043a\u0443\u0440\u0438\u0442\u0435\u043b\u044c\u043d\u044b\u0435-\u0442\u0440\u0443\u0431\u043a\u0438-\u0440\u0443\u0447\u043d\u043e\u0439-\u0440\u0430\u0431\/\" \/>\n<meta property=\"og:locale\" content=\"de_DE\" \/>\n<meta property=\"og:type\" content=\"article\" \/>\n<meta property=\"og:title\" content=\"Bent Handmade Apple Design Smoking Pipes\" \/>\n<meta property=\"og:description\" content=\"Shape:&nbsp;Bent Type Model Number:&nbsp;FT-12089 Material:&nbsp;Wood Brand Name:&nbsp;Erliao Origin:&nbsp;Mainland China Place of origin:&nbsp;China Material:&nbsp;Briar Weight:&nbsp;58g for net weight Size:&nbsp;12cm*4.9cm*2cm Flue size:&nbsp;2cm\" \/>\n<meta property=\"og:url\" content=\"https:\/\/global-hookah.com\/de\/ru\/\u043f\u0440\u043e\u0434\u0443\u043a\u0442\/\u0433\u043d\u0443\u0442\u044b\u0435-\u043a\u0443\u0440\u0438\u0442\u0435\u043b\u044c\u043d\u044b\u0435-\u0442\u0440\u0443\u0431\u043a\u0438-\u0440\u0443\u0447\u043d\u043e\u0439-\u0440\u0430\u0431\/\" \/>\n<meta property=\"og:site_name\" content=\"Global Hookah\" \/>\n<meta property=\"article:modified_time\" content=\"2023-11-16T03:42:13+00:00\" \/>\n<meta property=\"og:image\" content=\"https:\/\/global-hookah.com\/wp-content\/uploads\/2023\/11\/Classic-Bent-Briar-Smoking-Pipe-Free-Tools-Gift-Randomly-9mm-Filter-Tobacco-Pipe-Many-Choice-Briar.webp\" \/>\n\t<meta property=\"og:image:width\" content=\"800\" \/>\n\t<meta property=\"og:image:height\" content=\"800\" \/>\n\t<meta property=\"og:image:type\" content=\"image\/webp\" \/>\n<meta name=\"twitter:card\" content=\"summary_large_image\" \/>\n<meta name=\"twitter:label1\" content=\"Gesch\u00e4tzte Lesezeit\" \/>\n\t<meta name=\"twitter:data1\" content=\"1\u00a0Minute\" \/>\n<script type=\"application\/ld+json\" class=\"yoast-schema-graph\">{\"@context\":\"https:\/\/schema.org\",\"@graph\":[{\"@type\":\"WebPage\",\"@id\":\"https:\/\/global-hookah.com\/ru\/\u043f\u0440\u043e\u0434\u0443\u043a\u0442\/\u0433\u043d\u0443\u0442\u044b\u0435-\u043a\u0443\u0440\u0438\u0442\u0435\u043b\u044c\u043d\u044b\u0435-\u0442\u0440\u0443\u0431\u043a\u0438-\u0440\u0443\u0447\u043d\u043e\u0439-\u0440\u0430\u0431\/\",\"url\":\"https:\/\/global-hookah.com\/ru\/\u043f\u0440\u043e\u0434\u0443\u043a\u0442\/\u0433\u043d\u0443\u0442\u044b\u0435-\u043a\u0443\u0440\u0438\u0442\u0435\u043b\u044c\u043d\u044b\u0435-\u0442\u0440\u0443\u0431\u043a\u0438-\u0440\u0443\u0447\u043d\u043e\u0439-\u0440\u0430\u0431\/\",\"name\":\"Bent Handmade Apple Design Smoking Pipes - Global Hookah\",\"isPartOf\":{\"@id\":\"https:\/\/global-hookah.com\/#website\"},\"primaryImageOfPage\":{\"@id\":\"https:\/\/global-hookah.com\/ru\/\u043f\u0440\u043e\u0434\u0443\u043a\u0442\/\u0433\u043d\u0443\u0442\u044b\u0435-\u043a\u0443\u0440\u0438\u0442\u0435\u043b\u044c\u043d\u044b\u0435-\u0442\u0440\u0443\u0431\u043a\u0438-\u0440\u0443\u0447\u043d\u043e\u0439-\u0440\u0430\u0431\/#primaryimage\"},\"image\":{\"@id\":\"https:\/\/global-hookah.com\/ru\/\u043f\u0440\u043e\u0434\u0443\u043a\u0442\/\u0433\u043d\u0443\u0442\u044b\u0435-\u043a\u0443\u0440\u0438\u0442\u0435\u043b\u044c\u043d\u044b\u0435-\u0442\u0440\u0443\u0431\u043a\u0438-\u0440\u0443\u0447\u043d\u043e\u0439-\u0440\u0430\u0431\/#primaryimage\"},\"thumbnailUrl\":\"https:\/\/global-hookah.com\/wp-content\/uploads\/2023\/11\/Classic-Bent-Briar-Smoking-Pipe-Free-Tools-Gift-Randomly-9mm-Filter-Tobacco-Pipe-Many-Choice-Briar.webp\",\"datePublished\":\"2023-11-16T03:42:10+00:00\",\"dateModified\":\"2023-11-16T03:42:13+00:00\",\"breadcrumb\":{\"@id\":\"https:\/\/global-hookah.com\/ru\/\u043f\u0440\u043e\u0434\u0443\u043a\u0442\/\u0433\u043d\u0443\u0442\u044b\u0435-\u043a\u0443\u0440\u0438\u0442\u0435\u043b\u044c\u043d\u044b\u0435-\u0442\u0440\u0443\u0431\u043a\u0438-\u0440\u0443\u0447\u043d\u043e\u0439-\u0440\u0430\u0431\/#breadcrumb\"},\"inLanguage\":\"de\",\"potentialAction\":[{\"@type\":\"ReadAction\",\"target\":[\"https:\/\/global-hookah.com\/ru\/\u043f\u0440\u043e\u0434\u0443\u043a\u0442\/\u0433\u043d\u0443\u0442\u044b\u0435-\u043a\u0443\u0440\u0438\u0442\u0435\u043b\u044c\u043d\u044b\u0435-\u0442\u0440\u0443\u0431\u043a\u0438-\u0440\u0443\u0447\u043d\u043e\u0439-\u0440\u0430\u0431\/\"]}]},{\"@type\":\"ImageObject\",\"inLanguage\":\"de\",\"@id\":\"https:\/\/global-hookah.com\/ru\/\u043f\u0440\u043e\u0434\u0443\u043a\u0442\/\u0433\u043d\u0443\u0442\u044b\u0435-\u043a\u0443\u0440\u0438\u0442\u0435\u043b\u044c\u043d\u044b\u0435-\u0442\u0440\u0443\u0431\u043a\u0438-\u0440\u0443\u0447\u043d\u043e\u0439-\u0440\u0430\u0431\/#primaryimage\",\"url\":\"https:\/\/global-hookah.com\/wp-content\/uploads\/2023\/11\/Classic-Bent-Briar-Smoking-Pipe-Free-Tools-Gift-Randomly-9mm-Filter-Tobacco-Pipe-Many-Choice-Briar.webp\",\"contentUrl\":\"https:\/\/global-hookah.com\/wp-content\/uploads\/2023\/11\/Classic-Bent-Briar-Smoking-Pipe-Free-Tools-Gift-Randomly-9mm-Filter-Tobacco-Pipe-Many-Choice-Briar.webp\",\"width\":800,\"height\":800},{\"@type\":\"BreadcrumbList\",\"@id\":\"https:\/\/global-hookah.com\/ru\/\u043f\u0440\u043e\u0434\u0443\u043a\u0442\/\u0433\u043d\u0443\u0442\u044b\u0435-\u043a\u0443\u0440\u0438\u0442\u0435\u043b\u044c\u043d\u044b\u0435-\u0442\u0440\u0443\u0431\u043a\u0438-\u0440\u0443\u0447\u043d\u043e\u0439-\u0440\u0430\u0431\/#breadcrumb\",\"itemListElement\":[{\"@type\":\"ListItem\",\"position\":1,\"name\":\"Home\",\"item\":\"https:\/\/global-hookah.com\/\"},{\"@type\":\"ListItem\",\"position\":2,\"name\":\"Shop\",\"item\":\"https:\/\/global-hookah.com\/shop\/\"},{\"@type\":\"ListItem\",\"position\":3,\"name\":\"Bent Handmade Apple Design Smoking Pipes\"}]},{\"@type\":\"WebSite\",\"@id\":\"https:\/\/global-hookah.com\/#website\",\"url\":\"https:\/\/global-hookah.com\/\",\"name\":\"Global Hookah\",\"description\":\"Global Hookah\",\"publisher\":{\"@id\":\"https:\/\/global-hookah.com\/#organization\"},\"potentialAction\":[{\"@type\":\"SearchAction\",\"target\":{\"@type\":\"EntryPoint\",\"urlTemplate\":\"https:\/\/global-hookah.com\/?s={search_term_string}\"},\"query-input\":{\"@type\":\"PropertyValueSpecification\",\"valueRequired\":true,\"valueName\":\"search_term_string\"}}],\"inLanguage\":\"de\"},{\"@type\":\"Organization\",\"@id\":\"https:\/\/global-hookah.com\/#organization\",\"name\":\"Global Hookah\",\"url\":\"https:\/\/global-hookah.com\/\",\"logo\":{\"@type\":\"ImageObject\",\"inLanguage\":\"de\",\"@id\":\"https:\/\/global-hookah.com\/#\/schema\/logo\/image\/\",\"url\":\"https:\/\/global-hookah.com\/wp-content\/uploads\/2021\/10\/cropped-fgg.png\",\"contentUrl\":\"https:\/\/global-hookah.com\/wp-content\/uploads\/2021\/10\/cropped-fgg.png\",\"width\":512,\"height\":512,\"caption\":\"Global Hookah\"},\"image\":{\"@id\":\"https:\/\/global-hookah.com\/#\/schema\/logo\/image\/\"}}]}<\/script>\n<!-- \/ Yoast SEO Premium plugin. -->","yoast_head_json":{"title":"Gebogene handgefertigte Apfel-Design-Rauchpfeifen - Global Hookah","robots":{"index":"index","follow":"follow","max-snippet":"max-snippet:-1","max-image-preview":"max-image-preview:large","max-video-preview":"max-video-preview:-1"},"canonical":"https:\/\/global-hookah.com\/de\/ru\/\u043f\u0440\u043e\u0434\u0443\u043a\u0442\/\u0433\u043d\u0443\u0442\u044b\u0435-\u043a\u0443\u0440\u0438\u0442\u0435\u043b\u044c\u043d\u044b\u0435-\u0442\u0440\u0443\u0431\u043a\u0438-\u0440\u0443\u0447\u043d\u043e\u0439-\u0440\u0430\u0431\/","og_locale":"de_DE","og_type":"article","og_title":"Bent Handmade Apple Design Smoking Pipes","og_description":"Shape:&nbsp;Bent Type Model Number:&nbsp;FT-12089 Material:&nbsp;Wood Brand Name:&nbsp;Erliao Origin:&nbsp;Mainland China Place of origin:&nbsp;China Material:&nbsp;Briar Weight:&nbsp;58g for net weight Size:&nbsp;12cm*4.9cm*2cm Flue size:&nbsp;2cm","og_url":"https:\/\/global-hookah.com\/de\/ru\/\u043f\u0440\u043e\u0434\u0443\u043a\u0442\/\u0433\u043d\u0443\u0442\u044b\u0435-\u043a\u0443\u0440\u0438\u0442\u0435\u043b\u044c\u043d\u044b\u0435-\u0442\u0440\u0443\u0431\u043a\u0438-\u0440\u0443\u0447\u043d\u043e\u0439-\u0440\u0430\u0431\/","og_site_name":"Global Hookah","article_modified_time":"2023-11-16T03:42:13+00:00","og_image":[{"width":800,"height":800,"url":"https:\/\/global-hookah.com\/wp-content\/uploads\/2023\/11\/Classic-Bent-Briar-Smoking-Pipe-Free-Tools-Gift-Randomly-9mm-Filter-Tobacco-Pipe-Many-Choice-Briar.webp","type":"image\/webp"}],"twitter_card":"summary_large_image","twitter_misc":{"Gesch\u00e4tzte Lesezeit":"1\u00a0Minute"},"schema":{"@context":"https:\/\/schema.org","@graph":[{"@type":"WebPage","@id":"https:\/\/global-hookah.com\/ru\/\u043f\u0440\u043e\u0434\u0443\u043a\u0442\/\u0433\u043d\u0443\u0442\u044b\u0435-\u043a\u0443\u0440\u0438\u0442\u0435\u043b\u044c\u043d\u044b\u0435-\u0442\u0440\u0443\u0431\u043a\u0438-\u0440\u0443\u0447\u043d\u043e\u0439-\u0440\u0430\u0431\/","url":"https:\/\/global-hookah.com\/ru\/\u043f\u0440\u043e\u0434\u0443\u043a\u0442\/\u0433\u043d\u0443\u0442\u044b\u0435-\u043a\u0443\u0440\u0438\u0442\u0435\u043b\u044c\u043d\u044b\u0435-\u0442\u0440\u0443\u0431\u043a\u0438-\u0440\u0443\u0447\u043d\u043e\u0439-\u0440\u0430\u0431\/","name":"Gebogene handgefertigte Apfel-Design-Rauchpfeifen - Global Hookah","isPartOf":{"@id":"https:\/\/global-hookah.com\/#website"},"primaryImageOfPage":{"@id":"https:\/\/global-hookah.com\/ru\/\u043f\u0440\u043e\u0434\u0443\u043a\u0442\/\u0433\u043d\u0443\u0442\u044b\u0435-\u043a\u0443\u0440\u0438\u0442\u0435\u043b\u044c\u043d\u044b\u0435-\u0442\u0440\u0443\u0431\u043a\u0438-\u0440\u0443\u0447\u043d\u043e\u0439-\u0440\u0430\u0431\/#primaryimage"},"image":{"@id":"https:\/\/global-hookah.com\/ru\/\u043f\u0440\u043e\u0434\u0443\u043a\u0442\/\u0433\u043d\u0443\u0442\u044b\u0435-\u043a\u0443\u0440\u0438\u0442\u0435\u043b\u044c\u043d\u044b\u0435-\u0442\u0440\u0443\u0431\u043a\u0438-\u0440\u0443\u0447\u043d\u043e\u0439-\u0440\u0430\u0431\/#primaryimage"},"thumbnailUrl":"https:\/\/global-hookah.com\/wp-content\/uploads\/2023\/11\/Classic-Bent-Briar-Smoking-Pipe-Free-Tools-Gift-Randomly-9mm-Filter-Tobacco-Pipe-Many-Choice-Briar.webp","datePublished":"2023-11-16T03:42:10+00:00","dateModified":"2023-11-16T03:42:13+00:00","breadcrumb":{"@id":"https:\/\/global-hookah.com\/ru\/\u043f\u0440\u043e\u0434\u0443\u043a\u0442\/\u0433\u043d\u0443\u0442\u044b\u0435-\u043a\u0443\u0440\u0438\u0442\u0435\u043b\u044c\u043d\u044b\u0435-\u0442\u0440\u0443\u0431\u043a\u0438-\u0440\u0443\u0447\u043d\u043e\u0439-\u0440\u0430\u0431\/#breadcrumb"},"inLanguage":"de","potentialAction":[{"@type":"ReadAction","target":["https:\/\/global-hookah.com\/ru\/\u043f\u0440\u043e\u0434\u0443\u043a\u0442\/\u0433\u043d\u0443\u0442\u044b\u0435-\u043a\u0443\u0440\u0438\u0442\u0435\u043b\u044c\u043d\u044b\u0435-\u0442\u0440\u0443\u0431\u043a\u0438-\u0440\u0443\u0447\u043d\u043e\u0439-\u0440\u0430\u0431\/"]}]},{"@type":"ImageObject","inLanguage":"de","@id":"https:\/\/global-hookah.com\/ru\/\u043f\u0440\u043e\u0434\u0443\u043a\u0442\/\u0433\u043d\u0443\u0442\u044b\u0435-\u043a\u0443\u0440\u0438\u0442\u0435\u043b\u044c\u043d\u044b\u0435-\u0442\u0440\u0443\u0431\u043a\u0438-\u0440\u0443\u0447\u043d\u043e\u0439-\u0440\u0430\u0431\/#primaryimage","url":"https:\/\/global-hookah.com\/wp-content\/uploads\/2023\/11\/Classic-Bent-Briar-Smoking-Pipe-Free-Tools-Gift-Randomly-9mm-Filter-Tobacco-Pipe-Many-Choice-Briar.webp","contentUrl":"https:\/\/global-hookah.com\/wp-content\/uploads\/2023\/11\/Classic-Bent-Briar-Smoking-Pipe-Free-Tools-Gift-Randomly-9mm-Filter-Tobacco-Pipe-Many-Choice-Briar.webp","width":800,"height":800},{"@type":"BreadcrumbList","@id":"https:\/\/global-hookah.com\/ru\/\u043f\u0440\u043e\u0434\u0443\u043a\u0442\/\u0433\u043d\u0443\u0442\u044b\u0435-\u043a\u0443\u0440\u0438\u0442\u0435\u043b\u044c\u043d\u044b\u0435-\u0442\u0440\u0443\u0431\u043a\u0438-\u0440\u0443\u0447\u043d\u043e\u0439-\u0440\u0430\u0431\/#breadcrumb","itemListElement":[{"@type":"ListItem","position":1,"name":"Home","item":"https:\/\/global-hookah.com\/"},{"@type":"ListItem","position":2,"name":"Shop","item":"https:\/\/global-hookah.com\/shop\/"},{"@type":"ListItem","position":3,"name":"Bent Handmade Apple Design Smoking Pipes"}]},{"@type":"WebSite","@id":"https:\/\/global-hookah.com\/#website","url":"https:\/\/global-hookah.com\/","name":"Globale Wasserpfeife","description":"Globale Wasserpfeife","publisher":{"@id":"https:\/\/global-hookah.com\/#organization"},"potentialAction":[{"@type":"SearchAction","target":{"@type":"EntryPoint","urlTemplate":"https:\/\/global-hookah.com\/?s={search_term_string}"},"query-input":{"@type":"PropertyValueSpecification","valueRequired":true,"valueName":"search_term_string"}}],"inLanguage":"de"},{"@type":"Organization","@id":"https:\/\/global-hookah.com\/#organization","name":"Globale Wasserpfeife","url":"https:\/\/global-hookah.com\/","logo":{"@type":"ImageObject","inLanguage":"de","@id":"https:\/\/global-hookah.com\/#\/schema\/logo\/image\/","url":"https:\/\/global-hookah.com\/wp-content\/uploads\/2021\/10\/cropped-fgg.png","contentUrl":"https:\/\/global-hookah.com\/wp-content\/uploads\/2021\/10\/cropped-fgg.png","width":512,"height":512,"caption":"Global Hookah"},"image":{"@id":"https:\/\/global-hookah.com\/#\/schema\/logo\/image\/"}}]}},"_links":{"self":[{"href":"https:\/\/global-hookah.com\/de\/wp-json\/wp\/v2\/product\/16186","targetHints":{"allow":["GET"]}}],"collection":[{"href":"https:\/\/global-hookah.com\/de\/wp-json\/wp\/v2\/product"}],"about":[{"href":"https:\/\/global-hookah.com\/de\/wp-json\/wp\/v2\/types\/product"}],"replies":[{"embeddable":true,"href":"https:\/\/global-hookah.com\/de\/wp-json\/wp\/v2\/comments?post=16186"}],"version-history":[{"count":0,"href":"https:\/\/global-hookah.com\/de\/wp-json\/wp\/v2\/product\/16186\/revisions"}],"wp:featuredmedia":[{"embeddable":true,"href":"https:\/\/global-hookah.com\/de\/wp-json\/wp\/v2\/media\/16187"}],"wp:attachment":[{"href":"https:\/\/global-hookah.com\/de\/wp-json\/wp\/v2\/media?parent=16186"}],"wp:term":[{"taxonomy":"product_brand","embeddable":true,"href":"https:\/\/global-hookah.com\/de\/wp-json\/wp\/v2\/product_brand?post=16186"},{"taxonomy":"product_cat","embeddable":true,"href":"https:\/\/global-hookah.com\/de\/wp-json\/wp\/v2\/product_cat?post=16186"},{"taxonomy":"product_tag","embeddable":true,"href":"https:\/\/global-hookah.com\/de\/wp-json\/wp\/v2\/product_tag?post=16186"}],"curies":[{"name":"wp","href":"https:\/\/api.w.org\/{rel}","templated":true}]}}