{"id":16201,"date":"2023-11-16T03:49:29","date_gmt":"2023-11-16T03:49:29","guid":{"rendered":"https:\/\/global-hookah.com\/product\/curved-handle-handcrafted-wood-pipes\/"},"modified":"2023-12-05T01:52:25","modified_gmt":"2023-12-05T01:52:25","slug":"curved-handle-handcrafted-wood-pipes","status":"publish","type":"product","link":"https:\/\/global-hookah.com\/de\/produkt\/curved-handle-handcrafted-wood-pipes\/","title":{"rendered":"Gebogener Griff Handgefertigtes Holz Gebogene Billardtabakpfeife"},"content":{"rendered":"<p>Diese unverwechselbare <strong>Handgefertigtes gebogenes Rohr<\/strong> aus chinesischem Kunsthandwerk hat eine mattschwarze, sandgestrahlte Oberfl\u00e4che, die die Schale aus Bruy\u00e8reholz mit einer reichen Textur \u00fcberzieht. Eine pralle, dickwandige Schale, die an der Spitze eines hoch aufragenden Schaft-Stiel-Arrangements steht.<\/p>\n<p>Diese <strong>Handgefertigtes gebogenes Rohr <\/strong>Der dunkle, scharfe Sandstrahl mit seiner au\u00dfergew\u00f6hnlichen Maserung sorgt f\u00fcr eine ansprechende Textur rund um die Schale, w\u00e4hrend ein asymmetrischer Plateau-R\u00fccken den Rand kr\u00f6nt. Die dunklen Paneele erzeugen asymmetrische Facetten auf der Au\u00dfenseite der Schale und verleihen ihr eine moderne geometrische \u00c4sthetik. Das polierte, tiefschwarze Gebiss sorgt f\u00fcr einen glatten Griff zwischen den Z\u00e4hnen. Die Verschmelzung von avantgardistischem Aussehen und idealen Raucheigenschaften spiegelt den Einfallsreichtum und die Geschicklichkeit des Herstellers wider. Vom Pfeifenkopf f\u00fchrt der sechseckige Schaft zu einem schlanken Vulkanit-Mundst\u00fcck. Letzteres passt sich ganz nat\u00fcrlich der Hand an.<\/p>\n<p>Erh\u00e4ltlich ist eine sch\u00f6ne, weinfarbene, glatte Oberfl\u00e4che, die an beiden Flanken der Schale eine windgepeitschte Flammenmaserung und an der Ferse reichlich Birdseye zeigt.<\/p>\n<div class=\"product-specs-list-container\">\n<ul class=\"product-specs-list util-clearfix\">\n<li><span class=\"property-title\">Material: Briard <\/span><span class=\"property-desc line-limit-length\">Holz+ Vulkanit<\/span><\/li>\n<li class=\"product-prop line-limit-length\"><span class=\"property-title\">Die Form:\u00a0<\/span><span class=\"property-desc line-limit-length\">Gebogener Typ<\/span><\/li>\n<li class=\"product-prop line-limit-length\"><span class=\"property-title\">Modellnummer:\u00a0<\/span><span class=\"property-desc line-limit-length\">aa0245S<\/span><\/li>\n<li class=\"product-prop line-limit-length\"><span class=\"property-title\">Markenname: <a href=\"https:\/\/global-hookah.com\/\">global-hookah<\/a><\/span><\/li>\n<li class=\"product-prop line-limit-length\"><span class=\"property-title\">Herkunft:\u00a0<\/span><span class=\"property-desc line-limit-length\">Festland China<\/span><\/li>\n<\/ul>\n<\/div>\n<p><img decoding=\"async\" src=\"https:\/\/ae01.alicdn.com\/kf\/Sc52a89381a3c44be959576b9f943cd8bR.jpg\" \/><img decoding=\"async\" src=\"https:\/\/ae01.alicdn.com\/kf\/S97b9615c834145d39b4909482493e587x.jpg\" \/><img decoding=\"async\" src=\"https:\/\/ae01.alicdn.com\/kf\/Sd20ef6c166a74953b1ce1f94dfa68351u.jpg\" \/><img decoding=\"async\" src=\"https:\/\/ae01.alicdn.com\/kf\/S3ce50686960f4cc3bfa64bb82f57cba3O.jpg\" \/><img decoding=\"async\" src=\"https:\/\/ae01.alicdn.com\/kf\/S2577a45d325a42a88d185ed7b744e2d42.jpg\" \/><img decoding=\"async\" src=\"https:\/\/ae01.alicdn.com\/kf\/Sea4c1b346c2c41658f826fad81318be99.jpg\" \/><img decoding=\"async\" src=\"https:\/\/ae01.alicdn.com\/kf\/S9217c8e640fc483ab42b32a84c61acd8I.jpg\" \/><img decoding=\"async\" src=\"https:\/\/ae01.alicdn.com\/kf\/Sf296344d259b428d8ad005552e9ec0f7R.jpg\" \/><\/p>","protected":false},"excerpt":{"rendered":"<p>Diese unverwechselbare, handgefertigte, gebogene Pfeife von Chinese Artesian zeichnet sich durch eine mattschwarze, sandgestrahlte Oberfl\u00e4che aus, die den Bruyereholzkopf in<\/p>","protected":false},"featured_media":16202,"comment_status":"open","ping_status":"closed","template":"","meta":{"iawp_total_views":0,"_joinchat":[]},"product_brand":[],"product_cat":[478],"product_tag":[],"class_list":{"0":"post-16201","1":"product","2":"type-product","3":"status-publish","4":"has-post-thumbnail","6":"product_cat-handmade-pipe","8":"first","9":"instock","10":"sale","11":"shipping-taxable","12":"purchasable","13":"product-type-variable"},"yoast_head":"<!-- This site is optimized with the Yoast SEO Premium plugin v24.7 (Yoast SEO v26.8) - https:\/\/yoast.com\/product\/yoast-seo-premium-wordpress\/ -->\n<title>Curved Handle Handcrafted Wood Bent Billiard Tobacco Pipe - Global Hookah<\/title>\n<meta name=\"robots\" content=\"index, follow, max-snippet:-1, max-image-preview:large, max-video-preview:-1\" \/>\n<link rel=\"canonical\" href=\"https:\/\/global-hookah.com\/de\/produkt\/curved-handle-handcrafted-wood-pipes\/\" \/>\n<meta property=\"og:locale\" content=\"de_DE\" \/>\n<meta property=\"og:type\" content=\"article\" \/>\n<meta property=\"og:title\" content=\"Curved Handle Handcrafted Wood Bent Billiard Tobacco Pipe\" \/>\n<meta property=\"og:description\" content=\"This distinctive Handmade curved pipe from Chinese artesian features a matte black sandblasted finish that covers the briarwood bowl in\" \/>\n<meta property=\"og:url\" content=\"https:\/\/global-hookah.com\/de\/produkt\/curved-handle-handcrafted-wood-pipes\/\" \/>\n<meta property=\"og:site_name\" content=\"Global Hookah\" \/>\n<meta property=\"article:modified_time\" content=\"2023-12-05T01:52:25+00:00\" \/>\n<meta property=\"og:image\" content=\"https:\/\/global-hookah.com\/wp-content\/uploads\/2023\/11\/Briar-wood-tobacco-pipe-curved-handle-large-gourd-3mm-filter-Handmade-smoking-pipe-deep-red-or.webp\" \/>\n\t<meta property=\"og:image:width\" content=\"1000\" \/>\n\t<meta property=\"og:image:height\" content=\"1000\" \/>\n\t<meta property=\"og:image:type\" content=\"image\/webp\" \/>\n<meta name=\"twitter:card\" content=\"summary_large_image\" \/>\n<meta name=\"twitter:label1\" content=\"Gesch\u00e4tzte Lesezeit\" \/>\n\t<meta name=\"twitter:data1\" content=\"3\u00a0Minuten\" \/>\n<script type=\"application\/ld+json\" class=\"yoast-schema-graph\">{\"@context\":\"https:\/\/schema.org\",\"@graph\":[{\"@type\":\"WebPage\",\"@id\":\"https:\/\/global-hookah.com\/product\/curved-handle-handcrafted-wood-pipes\/\",\"url\":\"https:\/\/global-hookah.com\/product\/curved-handle-handcrafted-wood-pipes\/\",\"name\":\"Curved Handle Handcrafted Wood Bent Billiard Tobacco Pipe - Global Hookah\",\"isPartOf\":{\"@id\":\"https:\/\/global-hookah.com\/#website\"},\"primaryImageOfPage\":{\"@id\":\"https:\/\/global-hookah.com\/product\/curved-handle-handcrafted-wood-pipes\/#primaryimage\"},\"image\":{\"@id\":\"https:\/\/global-hookah.com\/product\/curved-handle-handcrafted-wood-pipes\/#primaryimage\"},\"thumbnailUrl\":\"https:\/\/global-hookah.com\/wp-content\/uploads\/2023\/11\/Briar-wood-tobacco-pipe-curved-handle-large-gourd-3mm-filter-Handmade-smoking-pipe-deep-red-or.webp\",\"datePublished\":\"2023-11-16T03:49:29+00:00\",\"dateModified\":\"2023-12-05T01:52:25+00:00\",\"breadcrumb\":{\"@id\":\"https:\/\/global-hookah.com\/product\/curved-handle-handcrafted-wood-pipes\/#breadcrumb\"},\"inLanguage\":\"de\",\"potentialAction\":[{\"@type\":\"ReadAction\",\"target\":[\"https:\/\/global-hookah.com\/product\/curved-handle-handcrafted-wood-pipes\/\"]}]},{\"@type\":\"ImageObject\",\"inLanguage\":\"de\",\"@id\":\"https:\/\/global-hookah.com\/product\/curved-handle-handcrafted-wood-pipes\/#primaryimage\",\"url\":\"https:\/\/global-hookah.com\/wp-content\/uploads\/2023\/11\/Briar-wood-tobacco-pipe-curved-handle-large-gourd-3mm-filter-Handmade-smoking-pipe-deep-red-or.webp\",\"contentUrl\":\"https:\/\/global-hookah.com\/wp-content\/uploads\/2023\/11\/Briar-wood-tobacco-pipe-curved-handle-large-gourd-3mm-filter-Handmade-smoking-pipe-deep-red-or.webp\",\"width\":1000,\"height\":1000,\"caption\":\"Handmade curved pipe\"},{\"@type\":\"BreadcrumbList\",\"@id\":\"https:\/\/global-hookah.com\/product\/curved-handle-handcrafted-wood-pipes\/#breadcrumb\",\"itemListElement\":[{\"@type\":\"ListItem\",\"position\":1,\"name\":\"Home\",\"item\":\"https:\/\/global-hookah.com\/\"},{\"@type\":\"ListItem\",\"position\":2,\"name\":\"Shop\",\"item\":\"https:\/\/global-hookah.com\/shop\/\"},{\"@type\":\"ListItem\",\"position\":3,\"name\":\"Curved Handle Handcrafted Wood Bent Billiard Tobacco Pipe\"}]},{\"@type\":\"WebSite\",\"@id\":\"https:\/\/global-hookah.com\/#website\",\"url\":\"https:\/\/global-hookah.com\/\",\"name\":\"Global Hookah\",\"description\":\"Global Hookah\",\"publisher\":{\"@id\":\"https:\/\/global-hookah.com\/#organization\"},\"potentialAction\":[{\"@type\":\"SearchAction\",\"target\":{\"@type\":\"EntryPoint\",\"urlTemplate\":\"https:\/\/global-hookah.com\/?s={search_term_string}\"},\"query-input\":{\"@type\":\"PropertyValueSpecification\",\"valueRequired\":true,\"valueName\":\"search_term_string\"}}],\"inLanguage\":\"de\"},{\"@type\":\"Organization\",\"@id\":\"https:\/\/global-hookah.com\/#organization\",\"name\":\"Global Hookah\",\"url\":\"https:\/\/global-hookah.com\/\",\"logo\":{\"@type\":\"ImageObject\",\"inLanguage\":\"de\",\"@id\":\"https:\/\/global-hookah.com\/#\/schema\/logo\/image\/\",\"url\":\"https:\/\/global-hookah.com\/wp-content\/uploads\/2021\/10\/cropped-fgg.png\",\"contentUrl\":\"https:\/\/global-hookah.com\/wp-content\/uploads\/2021\/10\/cropped-fgg.png\",\"width\":512,\"height\":512,\"caption\":\"Global Hookah\"},\"image\":{\"@id\":\"https:\/\/global-hookah.com\/#\/schema\/logo\/image\/\"}}]}<\/script>\n<!-- \/ Yoast SEO Premium plugin. -->","yoast_head_json":{"title":"Gebogener Griff Handgefertigte Holz gebogene Billardtabakpfeife - Global Hookah","robots":{"index":"index","follow":"follow","max-snippet":"max-snippet:-1","max-image-preview":"max-image-preview:large","max-video-preview":"max-video-preview:-1"},"canonical":"https:\/\/global-hookah.com\/de\/produkt\/curved-handle-handcrafted-wood-pipes\/","og_locale":"de_DE","og_type":"article","og_title":"Curved Handle Handcrafted Wood Bent Billiard Tobacco Pipe","og_description":"This distinctive Handmade curved pipe from Chinese artesian features a matte black sandblasted finish that covers the briarwood bowl in","og_url":"https:\/\/global-hookah.com\/de\/produkt\/curved-handle-handcrafted-wood-pipes\/","og_site_name":"Global Hookah","article_modified_time":"2023-12-05T01:52:25+00:00","og_image":[{"width":1000,"height":1000,"url":"https:\/\/global-hookah.com\/wp-content\/uploads\/2023\/11\/Briar-wood-tobacco-pipe-curved-handle-large-gourd-3mm-filter-Handmade-smoking-pipe-deep-red-or.webp","type":"image\/webp"}],"twitter_card":"summary_large_image","twitter_misc":{"Gesch\u00e4tzte Lesezeit":"3\u00a0Minuten"},"schema":{"@context":"https:\/\/schema.org","@graph":[{"@type":"WebPage","@id":"https:\/\/global-hookah.com\/product\/curved-handle-handcrafted-wood-pipes\/","url":"https:\/\/global-hookah.com\/product\/curved-handle-handcrafted-wood-pipes\/","name":"Gebogener Griff Handgefertigte Holz gebogene Billardtabakpfeife - Global Hookah","isPartOf":{"@id":"https:\/\/global-hookah.com\/#website"},"primaryImageOfPage":{"@id":"https:\/\/global-hookah.com\/product\/curved-handle-handcrafted-wood-pipes\/#primaryimage"},"image":{"@id":"https:\/\/global-hookah.com\/product\/curved-handle-handcrafted-wood-pipes\/#primaryimage"},"thumbnailUrl":"https:\/\/global-hookah.com\/wp-content\/uploads\/2023\/11\/Briar-wood-tobacco-pipe-curved-handle-large-gourd-3mm-filter-Handmade-smoking-pipe-deep-red-or.webp","datePublished":"2023-11-16T03:49:29+00:00","dateModified":"2023-12-05T01:52:25+00:00","breadcrumb":{"@id":"https:\/\/global-hookah.com\/product\/curved-handle-handcrafted-wood-pipes\/#breadcrumb"},"inLanguage":"de","potentialAction":[{"@type":"ReadAction","target":["https:\/\/global-hookah.com\/product\/curved-handle-handcrafted-wood-pipes\/"]}]},{"@type":"ImageObject","inLanguage":"de","@id":"https:\/\/global-hookah.com\/product\/curved-handle-handcrafted-wood-pipes\/#primaryimage","url":"https:\/\/global-hookah.com\/wp-content\/uploads\/2023\/11\/Briar-wood-tobacco-pipe-curved-handle-large-gourd-3mm-filter-Handmade-smoking-pipe-deep-red-or.webp","contentUrl":"https:\/\/global-hookah.com\/wp-content\/uploads\/2023\/11\/Briar-wood-tobacco-pipe-curved-handle-large-gourd-3mm-filter-Handmade-smoking-pipe-deep-red-or.webp","width":1000,"height":1000,"caption":"Handmade curved pipe"},{"@type":"BreadcrumbList","@id":"https:\/\/global-hookah.com\/product\/curved-handle-handcrafted-wood-pipes\/#breadcrumb","itemListElement":[{"@type":"ListItem","position":1,"name":"Home","item":"https:\/\/global-hookah.com\/"},{"@type":"ListItem","position":2,"name":"Shop","item":"https:\/\/global-hookah.com\/shop\/"},{"@type":"ListItem","position":3,"name":"Curved Handle Handcrafted Wood Bent Billiard Tobacco Pipe"}]},{"@type":"WebSite","@id":"https:\/\/global-hookah.com\/#website","url":"https:\/\/global-hookah.com\/","name":"Globale Wasserpfeife","description":"Globale Wasserpfeife","publisher":{"@id":"https:\/\/global-hookah.com\/#organization"},"potentialAction":[{"@type":"SearchAction","target":{"@type":"EntryPoint","urlTemplate":"https:\/\/global-hookah.com\/?s={search_term_string}"},"query-input":{"@type":"PropertyValueSpecification","valueRequired":true,"valueName":"search_term_string"}}],"inLanguage":"de"},{"@type":"Organization","@id":"https:\/\/global-hookah.com\/#organization","name":"Globale Wasserpfeife","url":"https:\/\/global-hookah.com\/","logo":{"@type":"ImageObject","inLanguage":"de","@id":"https:\/\/global-hookah.com\/#\/schema\/logo\/image\/","url":"https:\/\/global-hookah.com\/wp-content\/uploads\/2021\/10\/cropped-fgg.png","contentUrl":"https:\/\/global-hookah.com\/wp-content\/uploads\/2021\/10\/cropped-fgg.png","width":512,"height":512,"caption":"Global Hookah"},"image":{"@id":"https:\/\/global-hookah.com\/#\/schema\/logo\/image\/"}}]}},"_links":{"self":[{"href":"https:\/\/global-hookah.com\/de\/wp-json\/wp\/v2\/product\/16201","targetHints":{"allow":["GET"]}}],"collection":[{"href":"https:\/\/global-hookah.com\/de\/wp-json\/wp\/v2\/product"}],"about":[{"href":"https:\/\/global-hookah.com\/de\/wp-json\/wp\/v2\/types\/product"}],"replies":[{"embeddable":true,"href":"https:\/\/global-hookah.com\/de\/wp-json\/wp\/v2\/comments?post=16201"}],"version-history":[{"count":0,"href":"https:\/\/global-hookah.com\/de\/wp-json\/wp\/v2\/product\/16201\/revisions"}],"wp:featuredmedia":[{"embeddable":true,"href":"https:\/\/global-hookah.com\/de\/wp-json\/wp\/v2\/media\/16202"}],"wp:attachment":[{"href":"https:\/\/global-hookah.com\/de\/wp-json\/wp\/v2\/media?parent=16201"}],"wp:term":[{"taxonomy":"product_brand","embeddable":true,"href":"https:\/\/global-hookah.com\/de\/wp-json\/wp\/v2\/product_brand?post=16201"},{"taxonomy":"product_cat","embeddable":true,"href":"https:\/\/global-hookah.com\/de\/wp-json\/wp\/v2\/product_cat?post=16201"},{"taxonomy":"product_tag","embeddable":true,"href":"https:\/\/global-hookah.com\/de\/wp-json\/wp\/v2\/product_tag?post=16201"}],"curies":[{"name":"wp","href":"https:\/\/api.w.org\/{rel}","templated":true}]}}