{"id":16212,"date":"2023-11-16T03:51:22","date_gmt":"2023-11-16T03:51:22","guid":{"rendered":"https:\/\/global-hookah.com\/product\/handmade-briar-pipes-for-beginners\/"},"modified":"2024-03-13T00:27:47","modified_gmt":"2024-03-13T00:27:47","slug":"handmade-briar-pipes-for-beginners","status":"publish","type":"product","link":"https:\/\/global-hookah.com\/de\/produkt\/handmade-briar-pipes-for-beginners\/","title":{"rendered":"Handgemachte Briar-Pfeifen f\u00fcr Anf\u00e4nger"},"content":{"rendered":"<p>Unser <strong>handgefertigte Bruy\u00e8repfeifen<\/strong> die speziell f\u00fcr Anf\u00e4nger entwickelt wurden, sind nicht nur zuverl\u00e4ssig und praktisch, sondern auch ein einzigartiges Kunstwerk.<\/p>\n<p>Ihre Form ist sehr zart, liegt gut in der Hand und hat ein ausgewogenes Gewicht. Anf\u00e4nger k\u00f6nnen sie leicht beherrschen und das Vergn\u00fcgen des Pfeiferauchens genie\u00dfen. Der innere Rauchabzug wurde sorgf\u00e4ltig entworfen, damit der Tabak gleichm\u00e4\u00dfig abbrennt und rein schmeckt.<\/p>\n<p>Diese <strong>Handgemachte Briar-Pfeifen f\u00fcr Anf\u00e4nger<\/strong> sind nicht nur fest strukturiert und widerstandsf\u00e4hig gegen Verformung bei hohen Temperaturen, sondern haben auch eine sch\u00f6n strukturierte Oberfl\u00e4che, die mit der Zeit tiefer wird und eine reizvolle Textur aufweist.<\/p>\n<p>Die nat\u00fcrlichen Eigenschaften des Bruy\u00e8reholzes sorgen zudem f\u00fcr einen k\u00fchlen, trockenen Rauch, der sich perfekt f\u00fcr Pfeifenraucher eignet, die gerade erst mit dem Rauchen beginnen.<\/p>\n<p>Vollst\u00e4ndige Kit-Optionen: F\u00fcr diejenigen, die eine umfassende Einf\u00fchrung w\u00fcnschen, bieten wir ein Starter-Kit an, das Folgendes enth\u00e4lt <a href=\"https:\/\/global-hookah.com\/product-category\/tobacco-pipe\/handmade-pipe\/\">handgefertigte Bruy\u00e8repfeife<\/a>zusammen mit wichtigem Zubeh\u00f6r wie einem Tampon, einem Pfeifenreiniger und einem Leitfaden f\u00fcr das Pfeifenrauchen.<\/p>\n<p>aa0007S-2+ak0002:<\/p>\n<p><img decoding=\"async\" src=\"https:\/\/ae01.alicdn.com\/kf\/Sc7bb597a5b6e41a896ce652257a83dafc.jpg\" \/><img decoding=\"async\" src=\"https:\/\/ae01.alicdn.com\/kf\/S91ed67bb74a64c2ead53af9fd702c1452.jpg\" \/><img decoding=\"async\" src=\"https:\/\/ae01.alicdn.com\/kf\/S9873ff659c364747b357d59b5c2d3ba9J.jpg\" \/><img decoding=\"async\" src=\"https:\/\/ae01.alicdn.com\/kf\/S4a71a15c9d49415f95b2e5a82b7e8b876.jpg\" \/><img decoding=\"async\" src=\"https:\/\/ae01.alicdn.com\/kf\/S7f3167d3ed19447eba9d51af1834e95dp.jpg\" \/><img decoding=\"async\" src=\"https:\/\/ae01.alicdn.com\/kf\/S0913bf66d95644e5a0cdbf3b095c2deaY.jpg\" \/><img decoding=\"async\" src=\"https:\/\/ae01.alicdn.com\/kf\/S4832d344c5b3438485ca9d6d6f4acfa1a.jpg\" \/><img decoding=\"async\" src=\"https:\/\/ae01.alicdn.com\/kf\/Sc45c7c1b565244018f6dc000011a879at.jpg\" \/><img decoding=\"async\" src=\"https:\/\/ae01.alicdn.com\/kf\/Sc65cfe498ae744348099d3c4e46629ee5.jpg\" \/>aa0007S+ak0002:<\/p>\n<p><img decoding=\"async\" src=\"https:\/\/ae01.alicdn.com\/kf\/S6da111f49c504d95b32e2ad1710cada96.jpg\" \/><img decoding=\"async\" src=\"https:\/\/ae01.alicdn.com\/kf\/S5531c734e37541f7a34fbb6e8d2ee331o.jpg\" \/><img decoding=\"async\" src=\"https:\/\/ae01.alicdn.com\/kf\/S679469f48dca4bd7ba017104b3ad7046m.jpg\" \/><img decoding=\"async\" src=\"https:\/\/ae01.alicdn.com\/kf\/S1fa3dd62482a4e01a358a2055e142479N.jpg\" \/><img decoding=\"async\" src=\"https:\/\/ae01.alicdn.com\/kf\/S39c645653d5b4ed8993985614ecc009fx.jpg\" \/><img decoding=\"async\" src=\"https:\/\/ae01.alicdn.com\/kf\/S067d3d62958c4aad96b781e29e3c458d1.jpg\" \/><img decoding=\"async\" src=\"https:\/\/ae01.alicdn.com\/kf\/Se69a84630d074f25ba55175b16061199A.jpg\" \/><img decoding=\"async\" src=\"https:\/\/ae01.alicdn.com\/kf\/S720c4027a2744083a241e2b3ec489ddbm.jpg\" \/><img decoding=\"async\" src=\"https:\/\/ae01.alicdn.com\/kf\/Sc65cfe498ae744348099d3c4e46629ee5.jpg\" \/><\/p>\n<p>&nbsp;<\/p>","protected":false},"excerpt":{"rendered":"<p>Unsere handgefertigten Bruy\u00e8repfeifen, die speziell f\u00fcr Anf\u00e4nger entwickelt wurden, sind nicht nur zuverl\u00e4ssig und praktisch, sondern auch ein einzigartiges Kunstwerk.<\/p>","protected":false},"featured_media":16213,"comment_status":"open","ping_status":"closed","template":"","meta":{"iawp_total_views":1,"_joinchat":[]},"product_brand":[],"product_cat":[480,478],"product_tag":[],"class_list":{"0":"post-16212","1":"product","2":"type-product","3":"status-publish","4":"has-post-thumbnail","6":"product_cat-briar-pipe","7":"product_cat-handmade-pipe","9":"first","10":"instock","11":"sale","12":"shipping-taxable","13":"purchasable","14":"product-type-variable"},"yoast_head":"<!-- This site is optimized with the Yoast SEO Premium plugin v24.7 (Yoast SEO v26.8) - https:\/\/yoast.com\/product\/yoast-seo-premium-wordpress\/ -->\n<title>Handmade Briar Pipes For Beginners - Global Hookah<\/title>\n<meta name=\"robots\" content=\"index, follow, max-snippet:-1, max-image-preview:large, max-video-preview:-1\" \/>\n<link rel=\"canonical\" href=\"https:\/\/global-hookah.com\/de\/produkt\/handmade-briar-pipes-for-beginners\/\" \/>\n<meta property=\"og:locale\" content=\"de_DE\" \/>\n<meta property=\"og:type\" content=\"article\" \/>\n<meta property=\"og:title\" content=\"Handmade Briar Pipes For Beginners\" \/>\n<meta property=\"og:description\" content=\"Our handmade briar pipes designed specifically for beginners are not only reliable and practical, but also a unique work of\" \/>\n<meta property=\"og:url\" content=\"https:\/\/global-hookah.com\/de\/produkt\/handmade-briar-pipes-for-beginners\/\" \/>\n<meta property=\"og:site_name\" content=\"Global Hookah\" \/>\n<meta property=\"article:modified_time\" content=\"2024-03-13T00:27:47+00:00\" \/>\n<meta property=\"og:image\" content=\"https:\/\/global-hookah.com\/wp-content\/uploads\/2023\/11\/Beginners-Handmade-Briarwood-Pipe-Gold-Contrasting-Color-Wood-Grain-Straight-Stem-Tobacco-Pipe-Smoking-Pipe-with.webp\" \/>\n\t<meta property=\"og:image:width\" content=\"1000\" \/>\n\t<meta property=\"og:image:height\" content=\"1000\" \/>\n\t<meta property=\"og:image:type\" content=\"image\/webp\" \/>\n<meta name=\"twitter:card\" content=\"summary_large_image\" \/>\n<meta name=\"twitter:label1\" content=\"Gesch\u00e4tzte Lesezeit\" \/>\n\t<meta name=\"twitter:data1\" content=\"5\u00a0Minuten\" \/>\n<script type=\"application\/ld+json\" class=\"yoast-schema-graph\">{\"@context\":\"https:\/\/schema.org\",\"@graph\":[{\"@type\":\"WebPage\",\"@id\":\"https:\/\/global-hookah.com\/product\/handmade-briar-pipes-for-beginners\/\",\"url\":\"https:\/\/global-hookah.com\/product\/handmade-briar-pipes-for-beginners\/\",\"name\":\"Handmade Briar Pipes For Beginners - Global Hookah\",\"isPartOf\":{\"@id\":\"https:\/\/global-hookah.com\/#website\"},\"primaryImageOfPage\":{\"@id\":\"https:\/\/global-hookah.com\/product\/handmade-briar-pipes-for-beginners\/#primaryimage\"},\"image\":{\"@id\":\"https:\/\/global-hookah.com\/product\/handmade-briar-pipes-for-beginners\/#primaryimage\"},\"thumbnailUrl\":\"https:\/\/global-hookah.com\/wp-content\/uploads\/2023\/11\/Beginners-Handmade-Briarwood-Pipe-Gold-Contrasting-Color-Wood-Grain-Straight-Stem-Tobacco-Pipe-Smoking-Pipe-with.webp\",\"datePublished\":\"2023-11-16T03:51:22+00:00\",\"dateModified\":\"2024-03-13T00:27:47+00:00\",\"breadcrumb\":{\"@id\":\"https:\/\/global-hookah.com\/product\/handmade-briar-pipes-for-beginners\/#breadcrumb\"},\"inLanguage\":\"de\",\"potentialAction\":[{\"@type\":\"ReadAction\",\"target\":[\"https:\/\/global-hookah.com\/product\/handmade-briar-pipes-for-beginners\/\"]}]},{\"@type\":\"ImageObject\",\"inLanguage\":\"de\",\"@id\":\"https:\/\/global-hookah.com\/product\/handmade-briar-pipes-for-beginners\/#primaryimage\",\"url\":\"https:\/\/global-hookah.com\/wp-content\/uploads\/2023\/11\/Beginners-Handmade-Briarwood-Pipe-Gold-Contrasting-Color-Wood-Grain-Straight-Stem-Tobacco-Pipe-Smoking-Pipe-with.webp\",\"contentUrl\":\"https:\/\/global-hookah.com\/wp-content\/uploads\/2023\/11\/Beginners-Handmade-Briarwood-Pipe-Gold-Contrasting-Color-Wood-Grain-Straight-Stem-Tobacco-Pipe-Smoking-Pipe-with.webp\",\"width\":1000,\"height\":1000,\"caption\":\"Handmade Briar Pipes For Beginners\"},{\"@type\":\"BreadcrumbList\",\"@id\":\"https:\/\/global-hookah.com\/product\/handmade-briar-pipes-for-beginners\/#breadcrumb\",\"itemListElement\":[{\"@type\":\"ListItem\",\"position\":1,\"name\":\"Home\",\"item\":\"https:\/\/global-hookah.com\/\"},{\"@type\":\"ListItem\",\"position\":2,\"name\":\"Shop\",\"item\":\"https:\/\/global-hookah.com\/shop\/\"},{\"@type\":\"ListItem\",\"position\":3,\"name\":\"Handmade Briar Pipes For Beginners\"}]},{\"@type\":\"WebSite\",\"@id\":\"https:\/\/global-hookah.com\/#website\",\"url\":\"https:\/\/global-hookah.com\/\",\"name\":\"Global Hookah\",\"description\":\"Global Hookah\",\"publisher\":{\"@id\":\"https:\/\/global-hookah.com\/#organization\"},\"potentialAction\":[{\"@type\":\"SearchAction\",\"target\":{\"@type\":\"EntryPoint\",\"urlTemplate\":\"https:\/\/global-hookah.com\/?s={search_term_string}\"},\"query-input\":{\"@type\":\"PropertyValueSpecification\",\"valueRequired\":true,\"valueName\":\"search_term_string\"}}],\"inLanguage\":\"de\"},{\"@type\":\"Organization\",\"@id\":\"https:\/\/global-hookah.com\/#organization\",\"name\":\"Global Hookah\",\"url\":\"https:\/\/global-hookah.com\/\",\"logo\":{\"@type\":\"ImageObject\",\"inLanguage\":\"de\",\"@id\":\"https:\/\/global-hookah.com\/#\/schema\/logo\/image\/\",\"url\":\"https:\/\/global-hookah.com\/wp-content\/uploads\/2021\/10\/cropped-fgg.png\",\"contentUrl\":\"https:\/\/global-hookah.com\/wp-content\/uploads\/2021\/10\/cropped-fgg.png\",\"width\":512,\"height\":512,\"caption\":\"Global Hookah\"},\"image\":{\"@id\":\"https:\/\/global-hookah.com\/#\/schema\/logo\/image\/\"}}]}<\/script>\n<!-- \/ Yoast SEO Premium plugin. -->","yoast_head_json":{"title":"Handgefertigte Briar-Pfeifen f\u00fcr Anf\u00e4nger - Global Hookah","robots":{"index":"index","follow":"follow","max-snippet":"max-snippet:-1","max-image-preview":"max-image-preview:large","max-video-preview":"max-video-preview:-1"},"canonical":"https:\/\/global-hookah.com\/de\/produkt\/handmade-briar-pipes-for-beginners\/","og_locale":"de_DE","og_type":"article","og_title":"Handmade Briar Pipes For Beginners","og_description":"Our handmade briar pipes designed specifically for beginners are not only reliable and practical, but also a unique work of","og_url":"https:\/\/global-hookah.com\/de\/produkt\/handmade-briar-pipes-for-beginners\/","og_site_name":"Global Hookah","article_modified_time":"2024-03-13T00:27:47+00:00","og_image":[{"width":1000,"height":1000,"url":"https:\/\/global-hookah.com\/wp-content\/uploads\/2023\/11\/Beginners-Handmade-Briarwood-Pipe-Gold-Contrasting-Color-Wood-Grain-Straight-Stem-Tobacco-Pipe-Smoking-Pipe-with.webp","type":"image\/webp"}],"twitter_card":"summary_large_image","twitter_misc":{"Gesch\u00e4tzte Lesezeit":"5\u00a0Minuten"},"schema":{"@context":"https:\/\/schema.org","@graph":[{"@type":"WebPage","@id":"https:\/\/global-hookah.com\/product\/handmade-briar-pipes-for-beginners\/","url":"https:\/\/global-hookah.com\/product\/handmade-briar-pipes-for-beginners\/","name":"Handgefertigte Briar-Pfeifen f\u00fcr Anf\u00e4nger - Global Hookah","isPartOf":{"@id":"https:\/\/global-hookah.com\/#website"},"primaryImageOfPage":{"@id":"https:\/\/global-hookah.com\/product\/handmade-briar-pipes-for-beginners\/#primaryimage"},"image":{"@id":"https:\/\/global-hookah.com\/product\/handmade-briar-pipes-for-beginners\/#primaryimage"},"thumbnailUrl":"https:\/\/global-hookah.com\/wp-content\/uploads\/2023\/11\/Beginners-Handmade-Briarwood-Pipe-Gold-Contrasting-Color-Wood-Grain-Straight-Stem-Tobacco-Pipe-Smoking-Pipe-with.webp","datePublished":"2023-11-16T03:51:22+00:00","dateModified":"2024-03-13T00:27:47+00:00","breadcrumb":{"@id":"https:\/\/global-hookah.com\/product\/handmade-briar-pipes-for-beginners\/#breadcrumb"},"inLanguage":"de","potentialAction":[{"@type":"ReadAction","target":["https:\/\/global-hookah.com\/product\/handmade-briar-pipes-for-beginners\/"]}]},{"@type":"ImageObject","inLanguage":"de","@id":"https:\/\/global-hookah.com\/product\/handmade-briar-pipes-for-beginners\/#primaryimage","url":"https:\/\/global-hookah.com\/wp-content\/uploads\/2023\/11\/Beginners-Handmade-Briarwood-Pipe-Gold-Contrasting-Color-Wood-Grain-Straight-Stem-Tobacco-Pipe-Smoking-Pipe-with.webp","contentUrl":"https:\/\/global-hookah.com\/wp-content\/uploads\/2023\/11\/Beginners-Handmade-Briarwood-Pipe-Gold-Contrasting-Color-Wood-Grain-Straight-Stem-Tobacco-Pipe-Smoking-Pipe-with.webp","width":1000,"height":1000,"caption":"Handmade Briar Pipes For Beginners"},{"@type":"BreadcrumbList","@id":"https:\/\/global-hookah.com\/product\/handmade-briar-pipes-for-beginners\/#breadcrumb","itemListElement":[{"@type":"ListItem","position":1,"name":"Home","item":"https:\/\/global-hookah.com\/"},{"@type":"ListItem","position":2,"name":"Shop","item":"https:\/\/global-hookah.com\/shop\/"},{"@type":"ListItem","position":3,"name":"Handmade Briar Pipes For Beginners"}]},{"@type":"WebSite","@id":"https:\/\/global-hookah.com\/#website","url":"https:\/\/global-hookah.com\/","name":"Globale Wasserpfeife","description":"Globale Wasserpfeife","publisher":{"@id":"https:\/\/global-hookah.com\/#organization"},"potentialAction":[{"@type":"SearchAction","target":{"@type":"EntryPoint","urlTemplate":"https:\/\/global-hookah.com\/?s={search_term_string}"},"query-input":{"@type":"PropertyValueSpecification","valueRequired":true,"valueName":"search_term_string"}}],"inLanguage":"de"},{"@type":"Organization","@id":"https:\/\/global-hookah.com\/#organization","name":"Globale Wasserpfeife","url":"https:\/\/global-hookah.com\/","logo":{"@type":"ImageObject","inLanguage":"de","@id":"https:\/\/global-hookah.com\/#\/schema\/logo\/image\/","url":"https:\/\/global-hookah.com\/wp-content\/uploads\/2021\/10\/cropped-fgg.png","contentUrl":"https:\/\/global-hookah.com\/wp-content\/uploads\/2021\/10\/cropped-fgg.png","width":512,"height":512,"caption":"Global Hookah"},"image":{"@id":"https:\/\/global-hookah.com\/#\/schema\/logo\/image\/"}}]}},"_links":{"self":[{"href":"https:\/\/global-hookah.com\/de\/wp-json\/wp\/v2\/product\/16212","targetHints":{"allow":["GET"]}}],"collection":[{"href":"https:\/\/global-hookah.com\/de\/wp-json\/wp\/v2\/product"}],"about":[{"href":"https:\/\/global-hookah.com\/de\/wp-json\/wp\/v2\/types\/product"}],"replies":[{"embeddable":true,"href":"https:\/\/global-hookah.com\/de\/wp-json\/wp\/v2\/comments?post=16212"}],"version-history":[{"count":0,"href":"https:\/\/global-hookah.com\/de\/wp-json\/wp\/v2\/product\/16212\/revisions"}],"wp:featuredmedia":[{"embeddable":true,"href":"https:\/\/global-hookah.com\/de\/wp-json\/wp\/v2\/media\/16213"}],"wp:attachment":[{"href":"https:\/\/global-hookah.com\/de\/wp-json\/wp\/v2\/media?parent=16212"}],"wp:term":[{"taxonomy":"product_brand","embeddable":true,"href":"https:\/\/global-hookah.com\/de\/wp-json\/wp\/v2\/product_brand?post=16212"},{"taxonomy":"product_cat","embeddable":true,"href":"https:\/\/global-hookah.com\/de\/wp-json\/wp\/v2\/product_cat?post=16212"},{"taxonomy":"product_tag","embeddable":true,"href":"https:\/\/global-hookah.com\/de\/wp-json\/wp\/v2\/product_tag?post=16212"}],"curies":[{"name":"wp","href":"https:\/\/api.w.org\/{rel}","templated":true}]}}