{"id":16420,"date":"2023-11-29T07:53:15","date_gmt":"2023-11-29T07:53:15","guid":{"rendered":"https:\/\/global-hookah.com\/product\/pretty-smok-pipe\/"},"modified":"2023-12-05T01:47:15","modified_gmt":"2023-12-05T01:47:15","slug":"pretty-smok-pipe","status":"publish","type":"product","link":"https:\/\/global-hookah.com\/de\/produkt\/pretty-smok-pipe\/","title":{"rendered":"Struktur Glatte get\u00e4felte gebogene Billardtabakpfeife"},"content":{"rendered":"<p>Diese <strong>elegant gefertigte Billardtabakpfeife<\/strong> hat eine Schale aus naturbelassenem Bruy\u00e8reholz, das von Hand zu einer glatten Textur geschliffen wurde. Das \u00c4u\u00dfere der Schale ist mit fein geschnitzten asymmetrischen Paneelen verziert, die ein k\u00fcnstlerisches Flair vermitteln. Sie bietet eine klassische Form, die durch eine architektonische, fest gef\u00fcgte \u00c4sthetik aufgewertet wird.<\/p>\n<p>Die <strong>Gebogene Billardtabakpfeifen<\/strong> Der sich verj\u00fcngende Schaft f\u00fchrt zu einem schlanken, bunten, mehrfarbigen Vulkanitstiel. Dieser haltbare Gummistiel bietet ein bequemes Mundst\u00fcck zum Greifen zwischen den Z\u00e4hnen. Seine matte Textur kontrastiert mit der polierten Holzoberfl\u00e4che der Schale.<\/p>\n<p>Die Billardform der Pfeife ist reich an kontrastreichen Flecken und muskul\u00f6ser Formgebung und weist eine eher geometrische Linienf\u00fchrung auf. Sie ist f\u00fcr alle Tabakstile geeignet, mit einer ger\u00e4umigen Kammer, die den idealen Rauchfluss f\u00f6rdert.<\/p>\n<p>Geschickte chinesische Kunsthandwerker haben dieses Ger\u00e4t geschickt konstruiert <strong>Billardpfeife<\/strong> von Hand, indem er sowohl die <a href=\"https:\/\/global-hookah.com\/\">funktionelles Rauchger\u00e4t<\/a> und ein geb\u00fcrsteter Ring in Silbert\u00f6nen, der das Ende des Schafts ziert, heben das St\u00fcck noch weiter an und vervollst\u00e4ndigen eine helle, gl\u00e4nzende \u00c4sthetik.<\/p>\n<div class=\"product-specs-list-container\">\n<ul class=\"product-specs-list util-clearfix\">\n<li class=\"product-prop line-limit-length\"><span class=\"property-title\">Material: Briard <\/span><span class=\"property-desc line-limit-length\">Holz+ Vulkanit<\/span><\/li>\n<li class=\"product-prop line-limit-length\"><span class=\"property-title\">Modellnummer:\u00a0<\/span><span class=\"property-desc line-limit-length\">aa20012y1y1k<\/span><\/li>\n<li class=\"product-prop line-limit-length\"><span class=\"property-title\">Markenname:\u00a0<\/span><span class=\"property-desc line-limit-length\">MUXIANG<\/span><\/li>\n<li class=\"product-prop line-limit-length\"><span class=\"property-title\">Herkunft:\u00a0<\/span><span class=\"property-desc line-limit-length\">Festland China<\/span><\/li>\n<\/ul>\n<\/div>\n<p><img decoding=\"async\" src=\"https:\/\/ae01.alicdn.com\/kf\/S1c18ddefbdb14d30b1995c1d164222c36.jpg\" \/><img decoding=\"async\" src=\"https:\/\/ae01.alicdn.com\/kf\/Se7daca4bb7284998bb89d837219794edZ.jpg\" \/><img decoding=\"async\" src=\"https:\/\/ae01.alicdn.com\/kf\/Sef44743188bb43778805cf1269c280687.jpg\" \/><img decoding=\"async\" src=\"https:\/\/ae01.alicdn.com\/kf\/S6106c17554fa4ab38eb08842a9b2e4fak.jpg\" \/><img decoding=\"async\" src=\"https:\/\/ae01.alicdn.com\/kf\/Sd1ca1dcfad044fc087f7b1b3062f4b40J.jpg\" \/><img decoding=\"async\" src=\"https:\/\/ae01.alicdn.com\/kf\/S5dfa91a3baae45a2ac59cc784080a3f0a.jpg\" \/><img decoding=\"async\" src=\"https:\/\/ae01.alicdn.com\/kf\/S12e06822e5944bf98d68ed947c76a67fc.jpg\" \/><\/p>","protected":false},"excerpt":{"rendered":"<p>Diese elegant gefertigte Billard-Tabakpfeife hat einen naturbelassenen Bruy\u00e8reholz-Kopf, der von Hand zu einer glatten Textur geschliffen wird. Die<\/p>","protected":false},"featured_media":16421,"comment_status":"open","ping_status":"closed","template":"","meta":{"iawp_total_views":1,"_joinchat":[]},"product_brand":[],"product_cat":[478],"product_tag":[],"class_list":{"0":"post-16420","1":"product","2":"type-product","3":"status-publish","4":"has-post-thumbnail","6":"product_cat-handmade-pipe","8":"first","9":"instock","10":"sale","11":"shipping-taxable","12":"purchasable","13":"product-type-variable"},"yoast_head":"<!-- This site is optimized with the Yoast SEO Premium plugin v24.7 (Yoast SEO v26.8) - https:\/\/yoast.com\/product\/yoast-seo-premium-wordpress\/ -->\n<title>Structure Smooth Paneled Bent Billiard Tobacco Pipe - Global Hookah<\/title>\n<meta name=\"robots\" content=\"index, follow, max-snippet:-1, max-image-preview:large, max-video-preview:-1\" \/>\n<link rel=\"canonical\" href=\"https:\/\/global-hookah.com\/de\/produkt\/pretty-smok-pipe\/\" \/>\n<meta property=\"og:locale\" content=\"de_DE\" \/>\n<meta property=\"og:type\" content=\"article\" \/>\n<meta property=\"og:title\" content=\"Structure Smooth Paneled Bent Billiard Tobacco Pipe\" \/>\n<meta property=\"og:description\" content=\"This elegantly crafted billiard tobacco pipe features a natural finish briarwood bowl that is hand-sanded to a smooth texture. The\" \/>\n<meta property=\"og:url\" content=\"https:\/\/global-hookah.com\/de\/produkt\/pretty-smok-pipe\/\" \/>\n<meta property=\"og:site_name\" content=\"Global Hookah\" \/>\n<meta property=\"article:modified_time\" content=\"2023-12-05T01:47:15+00:00\" \/>\n<meta property=\"og:image\" content=\"https:\/\/global-hookah.com\/wp-content\/uploads\/2023\/11\/MUXIANG-solid-wood-heather-tobacco-pipe-Tomahawk-pipe-bowl-diameter-20mm-bowl-depth-44mm-Briar-wood.webp\" \/>\n\t<meta property=\"og:image:width\" content=\"1000\" \/>\n\t<meta property=\"og:image:height\" content=\"1000\" \/>\n\t<meta property=\"og:image:type\" content=\"image\/webp\" \/>\n<meta name=\"twitter:card\" content=\"summary_large_image\" \/>\n<meta name=\"twitter:label1\" content=\"Gesch\u00e4tzte Lesezeit\" \/>\n\t<meta name=\"twitter:data1\" content=\"3\u00a0Minuten\" \/>\n<script type=\"application\/ld+json\" class=\"yoast-schema-graph\">{\"@context\":\"https:\/\/schema.org\",\"@graph\":[{\"@type\":\"WebPage\",\"@id\":\"https:\/\/global-hookah.com\/product\/pretty-smok-pipe\/\",\"url\":\"https:\/\/global-hookah.com\/product\/pretty-smok-pipe\/\",\"name\":\"Structure Smooth Paneled Bent Billiard Tobacco Pipe - Global Hookah\",\"isPartOf\":{\"@id\":\"https:\/\/global-hookah.com\/#website\"},\"primaryImageOfPage\":{\"@id\":\"https:\/\/global-hookah.com\/product\/pretty-smok-pipe\/#primaryimage\"},\"image\":{\"@id\":\"https:\/\/global-hookah.com\/product\/pretty-smok-pipe\/#primaryimage\"},\"thumbnailUrl\":\"https:\/\/global-hookah.com\/wp-content\/uploads\/2023\/11\/MUXIANG-solid-wood-heather-tobacco-pipe-Tomahawk-pipe-bowl-diameter-20mm-bowl-depth-44mm-Briar-wood.webp\",\"datePublished\":\"2023-11-29T07:53:15+00:00\",\"dateModified\":\"2023-12-05T01:47:15+00:00\",\"breadcrumb\":{\"@id\":\"https:\/\/global-hookah.com\/product\/pretty-smok-pipe\/#breadcrumb\"},\"inLanguage\":\"de\",\"potentialAction\":[{\"@type\":\"ReadAction\",\"target\":[\"https:\/\/global-hookah.com\/product\/pretty-smok-pipe\/\"]}]},{\"@type\":\"ImageObject\",\"inLanguage\":\"de\",\"@id\":\"https:\/\/global-hookah.com\/product\/pretty-smok-pipe\/#primaryimage\",\"url\":\"https:\/\/global-hookah.com\/wp-content\/uploads\/2023\/11\/MUXIANG-solid-wood-heather-tobacco-pipe-Tomahawk-pipe-bowl-diameter-20mm-bowl-depth-44mm-Briar-wood.webp\",\"contentUrl\":\"https:\/\/global-hookah.com\/wp-content\/uploads\/2023\/11\/MUXIANG-solid-wood-heather-tobacco-pipe-Tomahawk-pipe-bowl-diameter-20mm-bowl-depth-44mm-Briar-wood.webp\",\"width\":1000,\"height\":1000,\"caption\":\"Bent Billiard Tobacco Pipe\"},{\"@type\":\"BreadcrumbList\",\"@id\":\"https:\/\/global-hookah.com\/product\/pretty-smok-pipe\/#breadcrumb\",\"itemListElement\":[{\"@type\":\"ListItem\",\"position\":1,\"name\":\"Home\",\"item\":\"https:\/\/global-hookah.com\/\"},{\"@type\":\"ListItem\",\"position\":2,\"name\":\"Shop\",\"item\":\"https:\/\/global-hookah.com\/shop\/\"},{\"@type\":\"ListItem\",\"position\":3,\"name\":\"Structure Smooth Paneled Bent Billiard Tobacco Pipe\"}]},{\"@type\":\"WebSite\",\"@id\":\"https:\/\/global-hookah.com\/#website\",\"url\":\"https:\/\/global-hookah.com\/\",\"name\":\"Global Hookah\",\"description\":\"Global Hookah\",\"publisher\":{\"@id\":\"https:\/\/global-hookah.com\/#organization\"},\"potentialAction\":[{\"@type\":\"SearchAction\",\"target\":{\"@type\":\"EntryPoint\",\"urlTemplate\":\"https:\/\/global-hookah.com\/?s={search_term_string}\"},\"query-input\":{\"@type\":\"PropertyValueSpecification\",\"valueRequired\":true,\"valueName\":\"search_term_string\"}}],\"inLanguage\":\"de\"},{\"@type\":\"Organization\",\"@id\":\"https:\/\/global-hookah.com\/#organization\",\"name\":\"Global Hookah\",\"url\":\"https:\/\/global-hookah.com\/\",\"logo\":{\"@type\":\"ImageObject\",\"inLanguage\":\"de\",\"@id\":\"https:\/\/global-hookah.com\/#\/schema\/logo\/image\/\",\"url\":\"https:\/\/global-hookah.com\/wp-content\/uploads\/2021\/10\/cropped-fgg.png\",\"contentUrl\":\"https:\/\/global-hookah.com\/wp-content\/uploads\/2021\/10\/cropped-fgg.png\",\"width\":512,\"height\":512,\"caption\":\"Global Hookah\"},\"image\":{\"@id\":\"https:\/\/global-hookah.com\/#\/schema\/logo\/image\/\"}}]}<\/script>\n<!-- \/ Yoast SEO Premium plugin. -->","yoast_head_json":{"title":"Struktur Glatte get\u00e4felte gebogene Billardtabakpfeife - Global Hookah","robots":{"index":"index","follow":"follow","max-snippet":"max-snippet:-1","max-image-preview":"max-image-preview:large","max-video-preview":"max-video-preview:-1"},"canonical":"https:\/\/global-hookah.com\/de\/produkt\/pretty-smok-pipe\/","og_locale":"de_DE","og_type":"article","og_title":"Structure Smooth Paneled Bent Billiard Tobacco Pipe","og_description":"This elegantly crafted billiard tobacco pipe features a natural finish briarwood bowl that is hand-sanded to a smooth texture. The","og_url":"https:\/\/global-hookah.com\/de\/produkt\/pretty-smok-pipe\/","og_site_name":"Global Hookah","article_modified_time":"2023-12-05T01:47:15+00:00","og_image":[{"width":1000,"height":1000,"url":"https:\/\/global-hookah.com\/wp-content\/uploads\/2023\/11\/MUXIANG-solid-wood-heather-tobacco-pipe-Tomahawk-pipe-bowl-diameter-20mm-bowl-depth-44mm-Briar-wood.webp","type":"image\/webp"}],"twitter_card":"summary_large_image","twitter_misc":{"Gesch\u00e4tzte Lesezeit":"3\u00a0Minuten"},"schema":{"@context":"https:\/\/schema.org","@graph":[{"@type":"WebPage","@id":"https:\/\/global-hookah.com\/product\/pretty-smok-pipe\/","url":"https:\/\/global-hookah.com\/product\/pretty-smok-pipe\/","name":"Struktur Glatte get\u00e4felte gebogene Billardtabakpfeife - Global Hookah","isPartOf":{"@id":"https:\/\/global-hookah.com\/#website"},"primaryImageOfPage":{"@id":"https:\/\/global-hookah.com\/product\/pretty-smok-pipe\/#primaryimage"},"image":{"@id":"https:\/\/global-hookah.com\/product\/pretty-smok-pipe\/#primaryimage"},"thumbnailUrl":"https:\/\/global-hookah.com\/wp-content\/uploads\/2023\/11\/MUXIANG-solid-wood-heather-tobacco-pipe-Tomahawk-pipe-bowl-diameter-20mm-bowl-depth-44mm-Briar-wood.webp","datePublished":"2023-11-29T07:53:15+00:00","dateModified":"2023-12-05T01:47:15+00:00","breadcrumb":{"@id":"https:\/\/global-hookah.com\/product\/pretty-smok-pipe\/#breadcrumb"},"inLanguage":"de","potentialAction":[{"@type":"ReadAction","target":["https:\/\/global-hookah.com\/product\/pretty-smok-pipe\/"]}]},{"@type":"ImageObject","inLanguage":"de","@id":"https:\/\/global-hookah.com\/product\/pretty-smok-pipe\/#primaryimage","url":"https:\/\/global-hookah.com\/wp-content\/uploads\/2023\/11\/MUXIANG-solid-wood-heather-tobacco-pipe-Tomahawk-pipe-bowl-diameter-20mm-bowl-depth-44mm-Briar-wood.webp","contentUrl":"https:\/\/global-hookah.com\/wp-content\/uploads\/2023\/11\/MUXIANG-solid-wood-heather-tobacco-pipe-Tomahawk-pipe-bowl-diameter-20mm-bowl-depth-44mm-Briar-wood.webp","width":1000,"height":1000,"caption":"Bent Billiard Tobacco Pipe"},{"@type":"BreadcrumbList","@id":"https:\/\/global-hookah.com\/product\/pretty-smok-pipe\/#breadcrumb","itemListElement":[{"@type":"ListItem","position":1,"name":"Home","item":"https:\/\/global-hookah.com\/"},{"@type":"ListItem","position":2,"name":"Shop","item":"https:\/\/global-hookah.com\/shop\/"},{"@type":"ListItem","position":3,"name":"Structure Smooth Paneled Bent Billiard Tobacco Pipe"}]},{"@type":"WebSite","@id":"https:\/\/global-hookah.com\/#website","url":"https:\/\/global-hookah.com\/","name":"Globale Wasserpfeife","description":"Globale Wasserpfeife","publisher":{"@id":"https:\/\/global-hookah.com\/#organization"},"potentialAction":[{"@type":"SearchAction","target":{"@type":"EntryPoint","urlTemplate":"https:\/\/global-hookah.com\/?s={search_term_string}"},"query-input":{"@type":"PropertyValueSpecification","valueRequired":true,"valueName":"search_term_string"}}],"inLanguage":"de"},{"@type":"Organization","@id":"https:\/\/global-hookah.com\/#organization","name":"Globale Wasserpfeife","url":"https:\/\/global-hookah.com\/","logo":{"@type":"ImageObject","inLanguage":"de","@id":"https:\/\/global-hookah.com\/#\/schema\/logo\/image\/","url":"https:\/\/global-hookah.com\/wp-content\/uploads\/2021\/10\/cropped-fgg.png","contentUrl":"https:\/\/global-hookah.com\/wp-content\/uploads\/2021\/10\/cropped-fgg.png","width":512,"height":512,"caption":"Global Hookah"},"image":{"@id":"https:\/\/global-hookah.com\/#\/schema\/logo\/image\/"}}]}},"_links":{"self":[{"href":"https:\/\/global-hookah.com\/de\/wp-json\/wp\/v2\/product\/16420","targetHints":{"allow":["GET"]}}],"collection":[{"href":"https:\/\/global-hookah.com\/de\/wp-json\/wp\/v2\/product"}],"about":[{"href":"https:\/\/global-hookah.com\/de\/wp-json\/wp\/v2\/types\/product"}],"replies":[{"embeddable":true,"href":"https:\/\/global-hookah.com\/de\/wp-json\/wp\/v2\/comments?post=16420"}],"version-history":[{"count":0,"href":"https:\/\/global-hookah.com\/de\/wp-json\/wp\/v2\/product\/16420\/revisions"}],"wp:featuredmedia":[{"embeddable":true,"href":"https:\/\/global-hookah.com\/de\/wp-json\/wp\/v2\/media\/16421"}],"wp:attachment":[{"href":"https:\/\/global-hookah.com\/de\/wp-json\/wp\/v2\/media?parent=16420"}],"wp:term":[{"taxonomy":"product_brand","embeddable":true,"href":"https:\/\/global-hookah.com\/de\/wp-json\/wp\/v2\/product_brand?post=16420"},{"taxonomy":"product_cat","embeddable":true,"href":"https:\/\/global-hookah.com\/de\/wp-json\/wp\/v2\/product_cat?post=16420"},{"taxonomy":"product_tag","embeddable":true,"href":"https:\/\/global-hookah.com\/de\/wp-json\/wp\/v2\/product_tag?post=16420"}],"curies":[{"name":"wp","href":"https:\/\/api.w.org\/{rel}","templated":true}]}}