{"id":16429,"date":"2023-11-29T07:55:01","date_gmt":"2023-11-29T07:55:01","guid":{"rendered":"https:\/\/global-hookah.com\/product\/handmade-tobacco-pipe-starter-kit\/"},"modified":"2023-11-30T08:59:51","modified_gmt":"2023-11-30T08:59:51","slug":"handmade-tobacco-pipe-starter-kit","status":"publish","type":"product","link":"https:\/\/global-hookah.com\/de\/produkt\/handmade-tobacco-pipe-starter-kit\/","title":{"rendered":"Handgemachte Tabakpfeife Starter Kit"},"content":{"rendered":"<p>Diese <strong>handgefertigte Tabakpfeife Starter Kit<\/strong> ist aus hochwertigem Bruy\u00e8reholz gefertigt, das eine exquisite Bruy\u00e8reholzmaserung mit stilvoller Handschnitztechnik kombiniert. Die <strong>Handgemachte Tabakpfeife Starter Kit<\/strong> umfasst auch eine Reihe von Zubeh\u00f6rteilen wie einen Pfeifenst\u00e4nder, eine Tasche, Filter, Siebe und ein Reinigungsset (komplett mit einem 3-in-1-Werkzeug und Pfeifenreinigern).<\/p>\n<p>Unsere Pfeifenmeister haben auch viel M\u00fche darauf verwendet, den Tabakkopf w\u00e4hrend des Produktionsprozesses zu entwerfen. Das Design des tiefen Kopfes kann Raucher mit einem tiefen Zug-Effekt bieten, helfen sie mehr aromatisierten Rauch zu bekommen. Dar\u00fcber hinaus sorgen sorgf\u00e4ltige Handwerkskunst und strenge Qualit\u00e4tskontrolle daf\u00fcr, dass mehr als 98% unserer Pfeifen nicht auslaufen oder brechen.<\/p>\n<div class=\"product-specs-list-container\">\n<ul class=\"product-specs-list util-clearfix\">\n<li class=\"product-prop line-limit-length\"><span class=\"property-title\">Die Form:\u00a0<\/span><span class=\"property-desc line-limit-length\">Gebogener Typ<\/span><\/li>\n<li class=\"product-prop line-limit-length\"><span class=\"property-title\">Modellnummer:\u00a0<\/span><span class=\"property-desc line-limit-length\">Briar Wood Pipe<\/span><\/li>\n<li class=\"product-prop line-limit-length\"><span class=\"property-title\">Material:\u00a0<\/span><span class=\"property-desc line-limit-length\">Holz<\/span><\/li>\n<\/ul>\n<\/div>\n<p><img decoding=\"async\" src=\"https:\/\/ae01.alicdn.com\/kf\/Scbde730894f9447d9df4f1eed6d9e2dfP.jpg\" \/><img decoding=\"async\" src=\"https:\/\/ae01.alicdn.com\/kf\/S1f2a6280fff14e3cb341afaa30576a806.jpg\" \/><img decoding=\"async\" src=\"https:\/\/ae01.alicdn.com\/kf\/S4bae19d281554e0dbce113103bd88ddcr.jpg\" \/><img decoding=\"async\" src=\"https:\/\/ae01.alicdn.com\/kf\/Sd108a801c0d94714847e7c8a7919b314d.jpg\" \/><img decoding=\"async\" src=\"https:\/\/ae01.alicdn.com\/kf\/Scbca1f3ec11042229be410b49af11cf7v.jpg\" \/><img decoding=\"async\" src=\"https:\/\/ae01.alicdn.com\/kf\/S9b5eae12ef2d4f0c8b75d489780f1e27l.jpg\" \/><img decoding=\"async\" src=\"https:\/\/ae01.alicdn.com\/kf\/S32d252264f4947609db53c68517c8be9X.jpg\" \/><img decoding=\"async\" src=\"https:\/\/ae01.alicdn.com\/kf\/S15cdf06762924518af672acec992011e7.jpg\" \/><img decoding=\"async\" src=\"https:\/\/ae01.alicdn.com\/kf\/S6c9fd304518e4bcf9ac7d4c65646363ep.jpg\" \/><img decoding=\"async\" src=\"https:\/\/ae01.alicdn.com\/kf\/S30340c064e6c496f9d8d6748ef1a7db2L.jpg\" \/><img decoding=\"async\" src=\"https:\/\/ae01.alicdn.com\/kf\/Se9f6c9c7408f4fb89840a01d67d4e68bM.jpg\" \/><img decoding=\"async\" src=\"https:\/\/ae01.alicdn.com\/kf\/Sf53db35e536949a6b5ae33f7fdd3b5ceZ.jpg\" \/><img decoding=\"async\" src=\"https:\/\/ae01.alicdn.com\/kf\/S0433bea026464b96a4e2fa1cf419e7c5i.jpg\" \/><img decoding=\"async\" src=\"https:\/\/ae01.alicdn.com\/kf\/S753862d99759404c987e04e33ad05e17Z.jpg\" \/><img decoding=\"async\" src=\"https:\/\/ae01.alicdn.com\/kf\/Sbe258f66c8394cf286020ed8630de2fbA.jpg\" \/><img decoding=\"async\" src=\"https:\/\/ae01.alicdn.com\/kf\/Sb02504765e2945fba90c04d05acbe984x.jpg\" \/><img decoding=\"async\" src=\"https:\/\/ae01.alicdn.com\/kf\/Sc61ec4a0d5814b94ab5b8dd187862bed2.jpg\" \/><img decoding=\"async\" src=\"https:\/\/ae01.alicdn.com\/kf\/S1714f9d985244c25bc82066e46d096b8A.jpg\" \/><img decoding=\"async\" src=\"https:\/\/ae01.alicdn.com\/kf\/S32818d9727194ccba5728f21539439abw.jpg\" \/><img decoding=\"async\" src=\"https:\/\/ae01.alicdn.com\/kf\/Sd80caf3fab414e299fffee83b55dccc9h.jpg\" \/><img decoding=\"async\" src=\"https:\/\/ae01.alicdn.com\/kf\/Sc2f396ca77f64a89aaed82ea2c88ee81S.jpg\" \/><img decoding=\"async\" src=\"https:\/\/ae01.alicdn.com\/kf\/Sfbe3e52acff540fbbe1a388efc8c22acB.jpg\" \/><img decoding=\"async\" src=\"https:\/\/ae01.alicdn.com\/kf\/Sda9e3f8fa8114a70b7f4ad56d25867b9l.jpg\" \/><img decoding=\"async\" src=\"https:\/\/ae01.alicdn.com\/kf\/S0d4c927b5f044a349d5b8986551c2bbds.jpg\" \/><\/p>","protected":false},"excerpt":{"rendered":"<p>Dieses handgefertigte Tabakpfeifen-Starterset ist aus hochwertigem Bruy\u00e8reholz gefertigt und kombiniert exquisite Bruy\u00e8reholz-Maserung mit stilvoller Handschnitzerei<\/p>","protected":false},"featured_media":16430,"comment_status":"open","ping_status":"closed","template":"","meta":{"iawp_total_views":0,"_joinchat":[]},"product_brand":[],"product_cat":[478],"product_tag":[],"class_list":{"0":"post-16429","1":"product","2":"type-product","3":"status-publish","4":"has-post-thumbnail","6":"product_cat-handmade-pipe","8":"first","9":"instock","10":"sale","11":"shipping-taxable","12":"purchasable","13":"product-type-variable"},"yoast_head":"<!-- This site is optimized with the Yoast SEO Premium plugin v24.7 (Yoast SEO v26.8) - https:\/\/yoast.com\/product\/yoast-seo-premium-wordpress\/ -->\n<title>Handmade Tobacco Pipe Starter Kit - Global Hookah<\/title>\n<meta name=\"robots\" content=\"index, follow, max-snippet:-1, max-image-preview:large, max-video-preview:-1\" \/>\n<link rel=\"canonical\" href=\"https:\/\/global-hookah.com\/de\/produkt\/handmade-tobacco-pipe-starter-kit\/\" \/>\n<meta property=\"og:locale\" content=\"de_DE\" \/>\n<meta property=\"og:type\" content=\"article\" \/>\n<meta property=\"og:title\" content=\"Handmade Tobacco Pipe Starter Kit\" \/>\n<meta property=\"og:description\" content=\"This handmade Tobacco Pipe Starter Kit is made of high-end briar wood, combining exquisite briar wood grain with stylish hand-carving\" \/>\n<meta property=\"og:url\" content=\"https:\/\/global-hookah.com\/de\/produkt\/handmade-tobacco-pipe-starter-kit\/\" \/>\n<meta property=\"og:site_name\" content=\"Global Hookah\" \/>\n<meta property=\"article:modified_time\" content=\"2023-11-30T08:59:51+00:00\" \/>\n<meta property=\"og:image\" content=\"https:\/\/global-hookah.com\/wp-content\/uploads\/2023\/11\/Army-Mount-3mm-Filter-Flue-Briar-Wood-Pipe-For-Cut-Tobacco-Retro-Gentleman-Handmade-Smoking-Pipe.webp\" \/>\n\t<meta property=\"og:image:width\" content=\"1440\" \/>\n\t<meta property=\"og:image:height\" content=\"1440\" \/>\n\t<meta property=\"og:image:type\" content=\"image\/webp\" \/>\n<meta name=\"twitter:card\" content=\"summary_large_image\" \/>\n<meta name=\"twitter:label1\" content=\"Gesch\u00e4tzte Lesezeit\" \/>\n\t<meta name=\"twitter:data1\" content=\"6\u00a0Minuten\" \/>\n<script type=\"application\/ld+json\" class=\"yoast-schema-graph\">{\"@context\":\"https:\/\/schema.org\",\"@graph\":[{\"@type\":\"WebPage\",\"@id\":\"https:\/\/global-hookah.com\/product\/handmade-tobacco-pipe-starter-kit\/\",\"url\":\"https:\/\/global-hookah.com\/product\/handmade-tobacco-pipe-starter-kit\/\",\"name\":\"Handmade Tobacco Pipe Starter Kit - Global Hookah\",\"isPartOf\":{\"@id\":\"https:\/\/global-hookah.com\/#website\"},\"primaryImageOfPage\":{\"@id\":\"https:\/\/global-hookah.com\/product\/handmade-tobacco-pipe-starter-kit\/#primaryimage\"},\"image\":{\"@id\":\"https:\/\/global-hookah.com\/product\/handmade-tobacco-pipe-starter-kit\/#primaryimage\"},\"thumbnailUrl\":\"https:\/\/global-hookah.com\/wp-content\/uploads\/2023\/11\/Army-Mount-3mm-Filter-Flue-Briar-Wood-Pipe-For-Cut-Tobacco-Retro-Gentleman-Handmade-Smoking-Pipe.webp\",\"datePublished\":\"2023-11-29T07:55:01+00:00\",\"dateModified\":\"2023-11-30T08:59:51+00:00\",\"breadcrumb\":{\"@id\":\"https:\/\/global-hookah.com\/product\/handmade-tobacco-pipe-starter-kit\/#breadcrumb\"},\"inLanguage\":\"de\",\"potentialAction\":[{\"@type\":\"ReadAction\",\"target\":[\"https:\/\/global-hookah.com\/product\/handmade-tobacco-pipe-starter-kit\/\"]}]},{\"@type\":\"ImageObject\",\"inLanguage\":\"de\",\"@id\":\"https:\/\/global-hookah.com\/product\/handmade-tobacco-pipe-starter-kit\/#primaryimage\",\"url\":\"https:\/\/global-hookah.com\/wp-content\/uploads\/2023\/11\/Army-Mount-3mm-Filter-Flue-Briar-Wood-Pipe-For-Cut-Tobacco-Retro-Gentleman-Handmade-Smoking-Pipe.webp\",\"contentUrl\":\"https:\/\/global-hookah.com\/wp-content\/uploads\/2023\/11\/Army-Mount-3mm-Filter-Flue-Briar-Wood-Pipe-For-Cut-Tobacco-Retro-Gentleman-Handmade-Smoking-Pipe.webp\",\"width\":1440,\"height\":1440},{\"@type\":\"BreadcrumbList\",\"@id\":\"https:\/\/global-hookah.com\/product\/handmade-tobacco-pipe-starter-kit\/#breadcrumb\",\"itemListElement\":[{\"@type\":\"ListItem\",\"position\":1,\"name\":\"Home\",\"item\":\"https:\/\/global-hookah.com\/\"},{\"@type\":\"ListItem\",\"position\":2,\"name\":\"Shop\",\"item\":\"https:\/\/global-hookah.com\/shop\/\"},{\"@type\":\"ListItem\",\"position\":3,\"name\":\"Handmade Tobacco Pipe Starter Kit\"}]},{\"@type\":\"WebSite\",\"@id\":\"https:\/\/global-hookah.com\/#website\",\"url\":\"https:\/\/global-hookah.com\/\",\"name\":\"Global Hookah\",\"description\":\"Global Hookah\",\"publisher\":{\"@id\":\"https:\/\/global-hookah.com\/#organization\"},\"potentialAction\":[{\"@type\":\"SearchAction\",\"target\":{\"@type\":\"EntryPoint\",\"urlTemplate\":\"https:\/\/global-hookah.com\/?s={search_term_string}\"},\"query-input\":{\"@type\":\"PropertyValueSpecification\",\"valueRequired\":true,\"valueName\":\"search_term_string\"}}],\"inLanguage\":\"de\"},{\"@type\":\"Organization\",\"@id\":\"https:\/\/global-hookah.com\/#organization\",\"name\":\"Global Hookah\",\"url\":\"https:\/\/global-hookah.com\/\",\"logo\":{\"@type\":\"ImageObject\",\"inLanguage\":\"de\",\"@id\":\"https:\/\/global-hookah.com\/#\/schema\/logo\/image\/\",\"url\":\"https:\/\/global-hookah.com\/wp-content\/uploads\/2021\/10\/cropped-fgg.png\",\"contentUrl\":\"https:\/\/global-hookah.com\/wp-content\/uploads\/2021\/10\/cropped-fgg.png\",\"width\":512,\"height\":512,\"caption\":\"Global Hookah\"},\"image\":{\"@id\":\"https:\/\/global-hookah.com\/#\/schema\/logo\/image\/\"}}]}<\/script>\n<!-- \/ Yoast SEO Premium plugin. -->","yoast_head_json":{"title":"Handgemachte Tabakpfeife Starter Kit - Global Hookah","robots":{"index":"index","follow":"follow","max-snippet":"max-snippet:-1","max-image-preview":"max-image-preview:large","max-video-preview":"max-video-preview:-1"},"canonical":"https:\/\/global-hookah.com\/de\/produkt\/handmade-tobacco-pipe-starter-kit\/","og_locale":"de_DE","og_type":"article","og_title":"Handmade Tobacco Pipe Starter Kit","og_description":"This handmade Tobacco Pipe Starter Kit is made of high-end briar wood, combining exquisite briar wood grain with stylish hand-carving","og_url":"https:\/\/global-hookah.com\/de\/produkt\/handmade-tobacco-pipe-starter-kit\/","og_site_name":"Global Hookah","article_modified_time":"2023-11-30T08:59:51+00:00","og_image":[{"width":1440,"height":1440,"url":"https:\/\/global-hookah.com\/wp-content\/uploads\/2023\/11\/Army-Mount-3mm-Filter-Flue-Briar-Wood-Pipe-For-Cut-Tobacco-Retro-Gentleman-Handmade-Smoking-Pipe.webp","type":"image\/webp"}],"twitter_card":"summary_large_image","twitter_misc":{"Gesch\u00e4tzte Lesezeit":"6\u00a0Minuten"},"schema":{"@context":"https:\/\/schema.org","@graph":[{"@type":"WebPage","@id":"https:\/\/global-hookah.com\/product\/handmade-tobacco-pipe-starter-kit\/","url":"https:\/\/global-hookah.com\/product\/handmade-tobacco-pipe-starter-kit\/","name":"Handgemachte Tabakpfeife Starter Kit - Global Hookah","isPartOf":{"@id":"https:\/\/global-hookah.com\/#website"},"primaryImageOfPage":{"@id":"https:\/\/global-hookah.com\/product\/handmade-tobacco-pipe-starter-kit\/#primaryimage"},"image":{"@id":"https:\/\/global-hookah.com\/product\/handmade-tobacco-pipe-starter-kit\/#primaryimage"},"thumbnailUrl":"https:\/\/global-hookah.com\/wp-content\/uploads\/2023\/11\/Army-Mount-3mm-Filter-Flue-Briar-Wood-Pipe-For-Cut-Tobacco-Retro-Gentleman-Handmade-Smoking-Pipe.webp","datePublished":"2023-11-29T07:55:01+00:00","dateModified":"2023-11-30T08:59:51+00:00","breadcrumb":{"@id":"https:\/\/global-hookah.com\/product\/handmade-tobacco-pipe-starter-kit\/#breadcrumb"},"inLanguage":"de","potentialAction":[{"@type":"ReadAction","target":["https:\/\/global-hookah.com\/product\/handmade-tobacco-pipe-starter-kit\/"]}]},{"@type":"ImageObject","inLanguage":"de","@id":"https:\/\/global-hookah.com\/product\/handmade-tobacco-pipe-starter-kit\/#primaryimage","url":"https:\/\/global-hookah.com\/wp-content\/uploads\/2023\/11\/Army-Mount-3mm-Filter-Flue-Briar-Wood-Pipe-For-Cut-Tobacco-Retro-Gentleman-Handmade-Smoking-Pipe.webp","contentUrl":"https:\/\/global-hookah.com\/wp-content\/uploads\/2023\/11\/Army-Mount-3mm-Filter-Flue-Briar-Wood-Pipe-For-Cut-Tobacco-Retro-Gentleman-Handmade-Smoking-Pipe.webp","width":1440,"height":1440},{"@type":"BreadcrumbList","@id":"https:\/\/global-hookah.com\/product\/handmade-tobacco-pipe-starter-kit\/#breadcrumb","itemListElement":[{"@type":"ListItem","position":1,"name":"Home","item":"https:\/\/global-hookah.com\/"},{"@type":"ListItem","position":2,"name":"Shop","item":"https:\/\/global-hookah.com\/shop\/"},{"@type":"ListItem","position":3,"name":"Handmade Tobacco Pipe Starter Kit"}]},{"@type":"WebSite","@id":"https:\/\/global-hookah.com\/#website","url":"https:\/\/global-hookah.com\/","name":"Globale Wasserpfeife","description":"Globale Wasserpfeife","publisher":{"@id":"https:\/\/global-hookah.com\/#organization"},"potentialAction":[{"@type":"SearchAction","target":{"@type":"EntryPoint","urlTemplate":"https:\/\/global-hookah.com\/?s={search_term_string}"},"query-input":{"@type":"PropertyValueSpecification","valueRequired":true,"valueName":"search_term_string"}}],"inLanguage":"de"},{"@type":"Organization","@id":"https:\/\/global-hookah.com\/#organization","name":"Globale Wasserpfeife","url":"https:\/\/global-hookah.com\/","logo":{"@type":"ImageObject","inLanguage":"de","@id":"https:\/\/global-hookah.com\/#\/schema\/logo\/image\/","url":"https:\/\/global-hookah.com\/wp-content\/uploads\/2021\/10\/cropped-fgg.png","contentUrl":"https:\/\/global-hookah.com\/wp-content\/uploads\/2021\/10\/cropped-fgg.png","width":512,"height":512,"caption":"Global Hookah"},"image":{"@id":"https:\/\/global-hookah.com\/#\/schema\/logo\/image\/"}}]}},"_links":{"self":[{"href":"https:\/\/global-hookah.com\/de\/wp-json\/wp\/v2\/product\/16429","targetHints":{"allow":["GET"]}}],"collection":[{"href":"https:\/\/global-hookah.com\/de\/wp-json\/wp\/v2\/product"}],"about":[{"href":"https:\/\/global-hookah.com\/de\/wp-json\/wp\/v2\/types\/product"}],"replies":[{"embeddable":true,"href":"https:\/\/global-hookah.com\/de\/wp-json\/wp\/v2\/comments?post=16429"}],"version-history":[{"count":0,"href":"https:\/\/global-hookah.com\/de\/wp-json\/wp\/v2\/product\/16429\/revisions"}],"wp:featuredmedia":[{"embeddable":true,"href":"https:\/\/global-hookah.com\/de\/wp-json\/wp\/v2\/media\/16430"}],"wp:attachment":[{"href":"https:\/\/global-hookah.com\/de\/wp-json\/wp\/v2\/media?parent=16429"}],"wp:term":[{"taxonomy":"product_brand","embeddable":true,"href":"https:\/\/global-hookah.com\/de\/wp-json\/wp\/v2\/product_brand?post=16429"},{"taxonomy":"product_cat","embeddable":true,"href":"https:\/\/global-hookah.com\/de\/wp-json\/wp\/v2\/product_cat?post=16429"},{"taxonomy":"product_tag","embeddable":true,"href":"https:\/\/global-hookah.com\/de\/wp-json\/wp\/v2\/product_tag?post=16429"}],"curies":[{"name":"wp","href":"https:\/\/api.w.org\/{rel}","templated":true}]}}