{"id":16451,"date":"2023-11-29T08:20:12","date_gmt":"2023-11-29T08:20:12","guid":{"rendered":"https:\/\/global-hookah.com\/product\/rosewood-handmade-apple-tobacco-pipe\/"},"modified":"2023-11-29T08:42:57","modified_gmt":"2023-11-29T08:42:57","slug":"rosewood-handmade-apple-tobacco-pipe","status":"publish","type":"product","link":"https:\/\/global-hookah.com\/de\/produkt\/rosewood-handmade-apple-tobacco-pipe\/","title":{"rendered":"Handgemachte Apfel-Tabakpfeife aus Rosenholz"},"content":{"rendered":"<p>Diese <strong>Handgemachte Apfel-Tabakpfeife aus Rosenholz<\/strong> ist aus seltenem Palisanderholz gefertigt und die Oberfl\u00e4che wurde von Hand poliert, um ihm einen tiefen und weichen Klang zu verleihen. Die apfelf\u00f6rmigen Rundungen passen zum polierten Palisanderholz und sorgen f\u00fcr eine einzigartige \u00c4sthetik. Verglichen mit <a href=\"https:\/\/global-hookah.com\/product-category\/tobacco-pipe\/briar-pipe\/\">Bruy\u00e8reholzpfeifen<\/a>diese <strong>Handgefertigte Pfeife aus Rosenholz<\/strong> hat einen hohen Gehalt an nat\u00fcrlichem \u00d6l, das die Feuchtigkeit abh\u00e4lt. Es verhindert auch, dass die Tabakkammer Fl\u00fcssigkeit aufnimmt, was zu einem k\u00fchlen, trockenen Rauch f\u00fchrt.<\/p>\n<p>Dar\u00fcber hinaus ber\u00fccksichtigen unsere Pfeifenmeister bei der Entwicklung das Gef\u00fchl und den Abbrand des Tabaks. Die speziell entwickelten inneren Rauchkammern sorgen daf\u00fcr, dass Ihr Tabak gleichm\u00e4\u00dfig und sanft abbrennt.<\/p>\n<p>Entwurf: Billard.<br \/>\nGeeignet f\u00fcr die Verwendung mit einer 9-mm-Aktivkohle.<\/p>\n<p>Mit ihrem Acrylgriff und dem massiven K\u00f6rper ist sie die erste Wahl f\u00fcr alle, die eine besondere, handgefertigte Pfeife suchen.<\/p>\n<p>Die Personalisierung ist mittels Lasergravur m\u00f6glich.<\/p>\n<div class=\"product-specs-list-container\">\n<ul class=\"product-specs-list util-clearfix\">\n<li class=\"product-prop line-limit-length\"><span class=\"property-title\">Modellnummer:\u00a0<\/span><span class=\"property-desc line-limit-length\">ad0087<\/span><\/li>\n<li class=\"product-prop line-limit-length\"><\/li>\n<\/ul>\n<\/div>\n<p><img decoding=\"async\" src=\"https:\/\/ae01.alicdn.com\/kf\/Af7b34c6835984601b1b20a703af61ab5J.jpg\" \/><img decoding=\"async\" src=\"https:\/\/ae01.alicdn.com\/kf\/Adc88ed11cc0d4694a9cfd13d43355ef9L.jpg\" \/><img decoding=\"async\" src=\"https:\/\/ae01.alicdn.com\/kf\/Aa9e8a8744aab444db9915e4feeb1bcbdS.jpg\" \/><img decoding=\"async\" src=\"https:\/\/ae01.alicdn.com\/kf\/Ac462d2f000ce427ab5e0b07ecc6834cdJ.jpg\" \/><img decoding=\"async\" src=\"https:\/\/ae01.alicdn.com\/kf\/A78b6aaef5c0f46c0af9c76e94904fd49P.jpg\" \/><img decoding=\"async\" src=\"https:\/\/ae01.alicdn.com\/kf\/A5476818562f941b4a35504615e9f2ea3l.jpg\" \/><img decoding=\"async\" src=\"https:\/\/ae01.alicdn.com\/kf\/A42ad7530f20346f28e2414c2a18d520fw.jpg\" \/><\/p>","protected":false},"excerpt":{"rendered":"<p>Diese handgefertigte Apfeltabakpfeife aus Palisander ist aus seltenem Palisanderholz gefertigt, und die Oberfl\u00e4che wurde von Hand poliert, um sie<\/p>","protected":false},"featured_media":16452,"comment_status":"open","ping_status":"closed","template":"","meta":{"iawp_total_views":0,"_joinchat":[]},"product_brand":[],"product_cat":[478],"product_tag":[],"class_list":{"0":"post-16451","1":"product","2":"type-product","3":"status-publish","4":"has-post-thumbnail","6":"product_cat-handmade-pipe","8":"first","9":"instock","10":"sale","11":"shipping-taxable","12":"purchasable","13":"product-type-variable"},"yoast_head":"<!-- This site is optimized with the Yoast SEO Premium plugin v24.7 (Yoast SEO v26.8) - https:\/\/yoast.com\/product\/yoast-seo-premium-wordpress\/ -->\n<title>Rosewood Handmade Apple Tobacco Pipe - Global Hookah<\/title>\n<meta name=\"robots\" content=\"index, follow, max-snippet:-1, max-image-preview:large, max-video-preview:-1\" \/>\n<link rel=\"canonical\" href=\"https:\/\/global-hookah.com\/de\/pt\/produto\/cachimbo-de-tabaco-de-maca-feito-a-mao-em-pau-rosa\/\" \/>\n<meta property=\"og:locale\" content=\"de_DE\" \/>\n<meta property=\"og:type\" content=\"article\" \/>\n<meta property=\"og:title\" content=\"Rosewood Handmade Apple Tobacco Pipe\" \/>\n<meta property=\"og:description\" content=\"This Rosewood Handmade Apple Tobacco Pipe is made of rare rosewood, and the surface has been hand-polished to give it\" \/>\n<meta property=\"og:url\" content=\"https:\/\/global-hookah.com\/de\/pt\/produto\/cachimbo-de-tabaco-de-maca-feito-a-mao-em-pau-rosa\/\" \/>\n<meta property=\"og:site_name\" content=\"Global Hookah\" \/>\n<meta property=\"article:modified_time\" content=\"2023-11-29T08:42:57+00:00\" \/>\n<meta property=\"og:image\" content=\"https:\/\/global-hookah.com\/wp-content\/uploads\/2023\/11\/MUXIANG-Rosewood-tobacco-pipe-handmade-apple-cavity-pipe-color-acrylic-mouthpiece-3mm-filter-element-curved-handle.webp\" \/>\n\t<meta property=\"og:image:width\" content=\"1000\" \/>\n\t<meta property=\"og:image:height\" content=\"1000\" \/>\n\t<meta property=\"og:image:type\" content=\"image\/webp\" \/>\n<meta name=\"twitter:card\" content=\"summary_large_image\" \/>\n<meta name=\"twitter:label1\" content=\"Gesch\u00e4tzte Lesezeit\" \/>\n\t<meta name=\"twitter:data1\" content=\"3\u00a0Minuten\" \/>\n<script type=\"application\/ld+json\" class=\"yoast-schema-graph\">{\"@context\":\"https:\/\/schema.org\",\"@graph\":[{\"@type\":\"WebPage\",\"@id\":\"https:\/\/global-hookah.com\/pt\/produto\/cachimbo-de-tabaco-de-maca-feito-a-mao-em-pau-rosa\/\",\"url\":\"https:\/\/global-hookah.com\/pt\/produto\/cachimbo-de-tabaco-de-maca-feito-a-mao-em-pau-rosa\/\",\"name\":\"Rosewood Handmade Apple Tobacco Pipe - Global Hookah\",\"isPartOf\":{\"@id\":\"https:\/\/global-hookah.com\/#website\"},\"primaryImageOfPage\":{\"@id\":\"https:\/\/global-hookah.com\/pt\/produto\/cachimbo-de-tabaco-de-maca-feito-a-mao-em-pau-rosa\/#primaryimage\"},\"image\":{\"@id\":\"https:\/\/global-hookah.com\/pt\/produto\/cachimbo-de-tabaco-de-maca-feito-a-mao-em-pau-rosa\/#primaryimage\"},\"thumbnailUrl\":\"https:\/\/global-hookah.com\/wp-content\/uploads\/2023\/11\/MUXIANG-Rosewood-tobacco-pipe-handmade-apple-cavity-pipe-color-acrylic-mouthpiece-3mm-filter-element-curved-handle.webp\",\"datePublished\":\"2023-11-29T08:20:12+00:00\",\"dateModified\":\"2023-11-29T08:42:57+00:00\",\"breadcrumb\":{\"@id\":\"https:\/\/global-hookah.com\/pt\/produto\/cachimbo-de-tabaco-de-maca-feito-a-mao-em-pau-rosa\/#breadcrumb\"},\"inLanguage\":\"de\",\"potentialAction\":[{\"@type\":\"ReadAction\",\"target\":[\"https:\/\/global-hookah.com\/pt\/produto\/cachimbo-de-tabaco-de-maca-feito-a-mao-em-pau-rosa\/\"]}]},{\"@type\":\"ImageObject\",\"inLanguage\":\"de\",\"@id\":\"https:\/\/global-hookah.com\/pt\/produto\/cachimbo-de-tabaco-de-maca-feito-a-mao-em-pau-rosa\/#primaryimage\",\"url\":\"https:\/\/global-hookah.com\/wp-content\/uploads\/2023\/11\/MUXIANG-Rosewood-tobacco-pipe-handmade-apple-cavity-pipe-color-acrylic-mouthpiece-3mm-filter-element-curved-handle.webp\",\"contentUrl\":\"https:\/\/global-hookah.com\/wp-content\/uploads\/2023\/11\/MUXIANG-Rosewood-tobacco-pipe-handmade-apple-cavity-pipe-color-acrylic-mouthpiece-3mm-filter-element-curved-handle.webp\",\"width\":1000,\"height\":1000,\"caption\":\"Rosewood Handmade Apple Tobacco Pipe\"},{\"@type\":\"BreadcrumbList\",\"@id\":\"https:\/\/global-hookah.com\/pt\/produto\/cachimbo-de-tabaco-de-maca-feito-a-mao-em-pau-rosa\/#breadcrumb\",\"itemListElement\":[{\"@type\":\"ListItem\",\"position\":1,\"name\":\"Home\",\"item\":\"https:\/\/global-hookah.com\/\"},{\"@type\":\"ListItem\",\"position\":2,\"name\":\"Shop\",\"item\":\"https:\/\/global-hookah.com\/shop\/\"},{\"@type\":\"ListItem\",\"position\":3,\"name\":\"Rosewood Handmade Apple Tobacco Pipe\"}]},{\"@type\":\"WebSite\",\"@id\":\"https:\/\/global-hookah.com\/#website\",\"url\":\"https:\/\/global-hookah.com\/\",\"name\":\"Global Hookah\",\"description\":\"Global Hookah\",\"publisher\":{\"@id\":\"https:\/\/global-hookah.com\/#organization\"},\"potentialAction\":[{\"@type\":\"SearchAction\",\"target\":{\"@type\":\"EntryPoint\",\"urlTemplate\":\"https:\/\/global-hookah.com\/?s={search_term_string}\"},\"query-input\":{\"@type\":\"PropertyValueSpecification\",\"valueRequired\":true,\"valueName\":\"search_term_string\"}}],\"inLanguage\":\"de\"},{\"@type\":\"Organization\",\"@id\":\"https:\/\/global-hookah.com\/#organization\",\"name\":\"Global Hookah\",\"url\":\"https:\/\/global-hookah.com\/\",\"logo\":{\"@type\":\"ImageObject\",\"inLanguage\":\"de\",\"@id\":\"https:\/\/global-hookah.com\/#\/schema\/logo\/image\/\",\"url\":\"https:\/\/global-hookah.com\/wp-content\/uploads\/2021\/10\/cropped-fgg.png\",\"contentUrl\":\"https:\/\/global-hookah.com\/wp-content\/uploads\/2021\/10\/cropped-fgg.png\",\"width\":512,\"height\":512,\"caption\":\"Global Hookah\"},\"image\":{\"@id\":\"https:\/\/global-hookah.com\/#\/schema\/logo\/image\/\"}}]}<\/script>\n<!-- \/ Yoast SEO Premium plugin. -->","yoast_head_json":{"title":"Handgemachte Apfel-Tabakpfeife aus Rosenholz - Global Hookah","robots":{"index":"index","follow":"follow","max-snippet":"max-snippet:-1","max-image-preview":"max-image-preview:large","max-video-preview":"max-video-preview:-1"},"canonical":"https:\/\/global-hookah.com\/de\/pt\/produto\/cachimbo-de-tabaco-de-maca-feito-a-mao-em-pau-rosa\/","og_locale":"de_DE","og_type":"article","og_title":"Rosewood Handmade Apple Tobacco Pipe","og_description":"This Rosewood Handmade Apple Tobacco Pipe is made of rare rosewood, and the surface has been hand-polished to give it","og_url":"https:\/\/global-hookah.com\/de\/pt\/produto\/cachimbo-de-tabaco-de-maca-feito-a-mao-em-pau-rosa\/","og_site_name":"Global Hookah","article_modified_time":"2023-11-29T08:42:57+00:00","og_image":[{"width":1000,"height":1000,"url":"https:\/\/global-hookah.com\/wp-content\/uploads\/2023\/11\/MUXIANG-Rosewood-tobacco-pipe-handmade-apple-cavity-pipe-color-acrylic-mouthpiece-3mm-filter-element-curved-handle.webp","type":"image\/webp"}],"twitter_card":"summary_large_image","twitter_misc":{"Gesch\u00e4tzte Lesezeit":"3\u00a0Minuten"},"schema":{"@context":"https:\/\/schema.org","@graph":[{"@type":"WebPage","@id":"https:\/\/global-hookah.com\/pt\/produto\/cachimbo-de-tabaco-de-maca-feito-a-mao-em-pau-rosa\/","url":"https:\/\/global-hookah.com\/pt\/produto\/cachimbo-de-tabaco-de-maca-feito-a-mao-em-pau-rosa\/","name":"Handgemachte Apfel-Tabakpfeife aus Rosenholz - Global Hookah","isPartOf":{"@id":"https:\/\/global-hookah.com\/#website"},"primaryImageOfPage":{"@id":"https:\/\/global-hookah.com\/pt\/produto\/cachimbo-de-tabaco-de-maca-feito-a-mao-em-pau-rosa\/#primaryimage"},"image":{"@id":"https:\/\/global-hookah.com\/pt\/produto\/cachimbo-de-tabaco-de-maca-feito-a-mao-em-pau-rosa\/#primaryimage"},"thumbnailUrl":"https:\/\/global-hookah.com\/wp-content\/uploads\/2023\/11\/MUXIANG-Rosewood-tobacco-pipe-handmade-apple-cavity-pipe-color-acrylic-mouthpiece-3mm-filter-element-curved-handle.webp","datePublished":"2023-11-29T08:20:12+00:00","dateModified":"2023-11-29T08:42:57+00:00","breadcrumb":{"@id":"https:\/\/global-hookah.com\/pt\/produto\/cachimbo-de-tabaco-de-maca-feito-a-mao-em-pau-rosa\/#breadcrumb"},"inLanguage":"de","potentialAction":[{"@type":"ReadAction","target":["https:\/\/global-hookah.com\/pt\/produto\/cachimbo-de-tabaco-de-maca-feito-a-mao-em-pau-rosa\/"]}]},{"@type":"ImageObject","inLanguage":"de","@id":"https:\/\/global-hookah.com\/pt\/produto\/cachimbo-de-tabaco-de-maca-feito-a-mao-em-pau-rosa\/#primaryimage","url":"https:\/\/global-hookah.com\/wp-content\/uploads\/2023\/11\/MUXIANG-Rosewood-tobacco-pipe-handmade-apple-cavity-pipe-color-acrylic-mouthpiece-3mm-filter-element-curved-handle.webp","contentUrl":"https:\/\/global-hookah.com\/wp-content\/uploads\/2023\/11\/MUXIANG-Rosewood-tobacco-pipe-handmade-apple-cavity-pipe-color-acrylic-mouthpiece-3mm-filter-element-curved-handle.webp","width":1000,"height":1000,"caption":"Rosewood Handmade Apple Tobacco Pipe"},{"@type":"BreadcrumbList","@id":"https:\/\/global-hookah.com\/pt\/produto\/cachimbo-de-tabaco-de-maca-feito-a-mao-em-pau-rosa\/#breadcrumb","itemListElement":[{"@type":"ListItem","position":1,"name":"Home","item":"https:\/\/global-hookah.com\/"},{"@type":"ListItem","position":2,"name":"Shop","item":"https:\/\/global-hookah.com\/shop\/"},{"@type":"ListItem","position":3,"name":"Rosewood Handmade Apple Tobacco Pipe"}]},{"@type":"WebSite","@id":"https:\/\/global-hookah.com\/#website","url":"https:\/\/global-hookah.com\/","name":"Globale Wasserpfeife","description":"Globale Wasserpfeife","publisher":{"@id":"https:\/\/global-hookah.com\/#organization"},"potentialAction":[{"@type":"SearchAction","target":{"@type":"EntryPoint","urlTemplate":"https:\/\/global-hookah.com\/?s={search_term_string}"},"query-input":{"@type":"PropertyValueSpecification","valueRequired":true,"valueName":"search_term_string"}}],"inLanguage":"de"},{"@type":"Organization","@id":"https:\/\/global-hookah.com\/#organization","name":"Globale Wasserpfeife","url":"https:\/\/global-hookah.com\/","logo":{"@type":"ImageObject","inLanguage":"de","@id":"https:\/\/global-hookah.com\/#\/schema\/logo\/image\/","url":"https:\/\/global-hookah.com\/wp-content\/uploads\/2021\/10\/cropped-fgg.png","contentUrl":"https:\/\/global-hookah.com\/wp-content\/uploads\/2021\/10\/cropped-fgg.png","width":512,"height":512,"caption":"Global Hookah"},"image":{"@id":"https:\/\/global-hookah.com\/#\/schema\/logo\/image\/"}}]}},"_links":{"self":[{"href":"https:\/\/global-hookah.com\/de\/wp-json\/wp\/v2\/product\/16451","targetHints":{"allow":["GET"]}}],"collection":[{"href":"https:\/\/global-hookah.com\/de\/wp-json\/wp\/v2\/product"}],"about":[{"href":"https:\/\/global-hookah.com\/de\/wp-json\/wp\/v2\/types\/product"}],"replies":[{"embeddable":true,"href":"https:\/\/global-hookah.com\/de\/wp-json\/wp\/v2\/comments?post=16451"}],"version-history":[{"count":0,"href":"https:\/\/global-hookah.com\/de\/wp-json\/wp\/v2\/product\/16451\/revisions"}],"wp:featuredmedia":[{"embeddable":true,"href":"https:\/\/global-hookah.com\/de\/wp-json\/wp\/v2\/media\/16452"}],"wp:attachment":[{"href":"https:\/\/global-hookah.com\/de\/wp-json\/wp\/v2\/media?parent=16451"}],"wp:term":[{"taxonomy":"product_brand","embeddable":true,"href":"https:\/\/global-hookah.com\/de\/wp-json\/wp\/v2\/product_brand?post=16451"},{"taxonomy":"product_cat","embeddable":true,"href":"https:\/\/global-hookah.com\/de\/wp-json\/wp\/v2\/product_cat?post=16451"},{"taxonomy":"product_tag","embeddable":true,"href":"https:\/\/global-hookah.com\/de\/wp-json\/wp\/v2\/product_tag?post=16451"}],"curies":[{"name":"wp","href":"https:\/\/api.w.org\/{rel}","templated":true}]}}