{"id":16740,"date":"2023-12-06T03:50:56","date_gmt":"2023-12-06T03:50:56","guid":{"rendered":"https:\/\/global-hookah.com\/?post_type=product&#038;p=16740"},"modified":"2024-04-26T08:27:59","modified_gmt":"2024-04-26T08:27:59","slug":"mini-pink-glass-hookah-wholesale","status":"publish","type":"product","link":"https:\/\/global-hookah.com\/de\/produkt\/mini-pink-glass-hookah-wholesale\/","title":{"rendered":"Mini Rosa Glas Wasserpfeife Gro\u00dfhandel"},"content":{"rendered":"<p>Ich wei\u00df, dass Rosa nicht jedermanns Sache ist, aber w\u00e4re es nicht sch\u00f6n, wenn M\u00e4dchen wie wir eine <strong>Mini Rosa Glas Wasserpfeife<\/strong> wie dieses? Das mundgeblasene Glas hat atemberaubende Farbverl\u00e4ufe, die sich perfekt f\u00fcr eine Shisha-Party mit Freunden eignen.<\/p>\n<p>Und auch wenn es nur ein Mini ist, <strong>rosa Glas Wasserpfeife<\/strong> erzeugt Max-Geschmack. Der Glasdiffusor und der Eisauffang filtern den Rauch f\u00fcr den sanftesten Geschmack. Ihre Shisha-Aromen werden durchscheinen. Au\u00dferdem bietet der Glasboden eine optimale Wasserfilterung und K\u00fchlung.<\/p>\n<p>Oh, und habe ich schon erw\u00e4hnt, wie tragbar er ist? Dank seiner kompakten Gr\u00f6\u00dfe k\u00f6nnen Sie ihn \u00fcberallhin mitnehmen - zu Grillfesten, Partys, in den Urlaub... was auch immer Sie wollen! Kein Herumschleppen eines gro\u00dfen, sperrigen Ger\u00e4ts mehr.<a href=\"https:\/\/global-hookah.com\/\"> Wasserpfeife<\/a>. Diese <strong>Mini Rosa Glas Wasserpfeife<\/strong> wurde entwickelt, um Ihr bestes, unbeschwertes Raucherleben zu f\u00fchren.<\/p>","protected":false},"excerpt":{"rendered":"<p>Ich wei\u00df, dass Pink nicht jedermanns Sache ist, aber w\u00e4re es nicht sch\u00f6n, wenn M\u00e4dchen wie wir ein Mini Pink h\u00e4tten?<\/p>","protected":false},"featured_media":16744,"comment_status":"open","ping_status":"closed","template":"","meta":{"iawp_total_views":0,"_joinchat":[]},"product_brand":[],"product_cat":[560,119],"product_tag":[],"class_list":{"0":"post-16740","1":"product","2":"type-product","3":"status-publish","4":"has-post-thumbnail","6":"product_cat-glass-hookah-wholesale","7":"product_cat-wholesale-hookah","9":"first","10":"instock","11":"shipping-taxable","12":"purchasable","13":"product-type-simple"},"yoast_head":"<!-- This site is optimized with the Yoast SEO Premium plugin v24.7 (Yoast SEO v26.8) - https:\/\/yoast.com\/product\/yoast-seo-premium-wordpress\/ -->\n<title>Mini Pink Glass Hookah Wholesale - Global Hookah<\/title>\n<meta name=\"robots\" content=\"index, follow, max-snippet:-1, max-image-preview:large, max-video-preview:-1\" \/>\n<link rel=\"canonical\" href=\"https:\/\/global-hookah.com\/de\/produkt\/mini-pink-glass-hookah-wholesale\/\" \/>\n<meta property=\"og:locale\" content=\"de_DE\" \/>\n<meta property=\"og:type\" content=\"article\" \/>\n<meta property=\"og:title\" content=\"Mini Pink Glass Hookah Wholesale\" \/>\n<meta property=\"og:description\" content=\"I know pink isn&#8217;t for everyone, but wouldn&#8217;t it be nice for girls like us to have a Mini Pink\" \/>\n<meta property=\"og:url\" content=\"https:\/\/global-hookah.com\/de\/produkt\/mini-pink-glass-hookah-wholesale\/\" \/>\n<meta property=\"og:site_name\" content=\"Global Hookah\" \/>\n<meta property=\"article:modified_time\" content=\"2024-04-26T08:27:59+00:00\" \/>\n<meta property=\"og:image\" content=\"https:\/\/global-hookah.com\/wp-content\/uploads\/2023\/12\/O1CN01N7B1u028Xwq0LzIO8___2216657567943-0-cib.jpg\" \/>\n\t<meta property=\"og:image:width\" content=\"799\" \/>\n\t<meta property=\"og:image:height\" content=\"801\" \/>\n\t<meta property=\"og:image:type\" content=\"image\/jpeg\" \/>\n<meta name=\"twitter:card\" content=\"summary_large_image\" \/>\n<meta name=\"twitter:label1\" content=\"Gesch\u00e4tzte Lesezeit\" \/>\n\t<meta name=\"twitter:data1\" content=\"1\u00a0Minute\" \/>\n<script type=\"application\/ld+json\" class=\"yoast-schema-graph\">{\"@context\":\"https:\/\/schema.org\",\"@graph\":[{\"@type\":\"WebPage\",\"@id\":\"https:\/\/global-hookah.com\/product\/mini-pink-glass-hookah-wholesale\/\",\"url\":\"https:\/\/global-hookah.com\/product\/mini-pink-glass-hookah-wholesale\/\",\"name\":\"Mini Pink Glass Hookah Wholesale - Global Hookah\",\"isPartOf\":{\"@id\":\"https:\/\/global-hookah.com\/#website\"},\"primaryImageOfPage\":{\"@id\":\"https:\/\/global-hookah.com\/product\/mini-pink-glass-hookah-wholesale\/#primaryimage\"},\"image\":{\"@id\":\"https:\/\/global-hookah.com\/product\/mini-pink-glass-hookah-wholesale\/#primaryimage\"},\"thumbnailUrl\":\"https:\/\/global-hookah.com\/wp-content\/uploads\/2023\/12\/O1CN01N7B1u028Xwq0LzIO8___2216657567943-0-cib.jpg\",\"datePublished\":\"2023-12-06T03:50:56+00:00\",\"dateModified\":\"2024-04-26T08:27:59+00:00\",\"breadcrumb\":{\"@id\":\"https:\/\/global-hookah.com\/product\/mini-pink-glass-hookah-wholesale\/#breadcrumb\"},\"inLanguage\":\"de\",\"potentialAction\":[{\"@type\":\"ReadAction\",\"target\":[\"https:\/\/global-hookah.com\/product\/mini-pink-glass-hookah-wholesale\/\"]}]},{\"@type\":\"ImageObject\",\"inLanguage\":\"de\",\"@id\":\"https:\/\/global-hookah.com\/product\/mini-pink-glass-hookah-wholesale\/#primaryimage\",\"url\":\"https:\/\/global-hookah.com\/wp-content\/uploads\/2023\/12\/O1CN01N7B1u028Xwq0LzIO8___2216657567943-0-cib.jpg\",\"contentUrl\":\"https:\/\/global-hookah.com\/wp-content\/uploads\/2023\/12\/O1CN01N7B1u028Xwq0LzIO8___2216657567943-0-cib.jpg\",\"width\":799,\"height\":801,\"caption\":\"Mini Pink Glass Hookah Wholesale\"},{\"@type\":\"BreadcrumbList\",\"@id\":\"https:\/\/global-hookah.com\/product\/mini-pink-glass-hookah-wholesale\/#breadcrumb\",\"itemListElement\":[{\"@type\":\"ListItem\",\"position\":1,\"name\":\"Home\",\"item\":\"https:\/\/global-hookah.com\/\"},{\"@type\":\"ListItem\",\"position\":2,\"name\":\"Shop\",\"item\":\"https:\/\/global-hookah.com\/shop\/\"},{\"@type\":\"ListItem\",\"position\":3,\"name\":\"Mini Pink Glass Hookah Wholesale\"}]},{\"@type\":\"WebSite\",\"@id\":\"https:\/\/global-hookah.com\/#website\",\"url\":\"https:\/\/global-hookah.com\/\",\"name\":\"Global Hookah\",\"description\":\"Global Hookah\",\"publisher\":{\"@id\":\"https:\/\/global-hookah.com\/#organization\"},\"potentialAction\":[{\"@type\":\"SearchAction\",\"target\":{\"@type\":\"EntryPoint\",\"urlTemplate\":\"https:\/\/global-hookah.com\/?s={search_term_string}\"},\"query-input\":{\"@type\":\"PropertyValueSpecification\",\"valueRequired\":true,\"valueName\":\"search_term_string\"}}],\"inLanguage\":\"de\"},{\"@type\":\"Organization\",\"@id\":\"https:\/\/global-hookah.com\/#organization\",\"name\":\"Global Hookah\",\"url\":\"https:\/\/global-hookah.com\/\",\"logo\":{\"@type\":\"ImageObject\",\"inLanguage\":\"de\",\"@id\":\"https:\/\/global-hookah.com\/#\/schema\/logo\/image\/\",\"url\":\"https:\/\/global-hookah.com\/wp-content\/uploads\/2021\/10\/cropped-fgg.png\",\"contentUrl\":\"https:\/\/global-hookah.com\/wp-content\/uploads\/2021\/10\/cropped-fgg.png\",\"width\":512,\"height\":512,\"caption\":\"Global Hookah\"},\"image\":{\"@id\":\"https:\/\/global-hookah.com\/#\/schema\/logo\/image\/\"}}]}<\/script>\n<!-- \/ Yoast SEO Premium plugin. -->","yoast_head_json":{"title":"Mini Rosa Glas Wasserpfeife Gro\u00dfhandel - Global Hookah","robots":{"index":"index","follow":"follow","max-snippet":"max-snippet:-1","max-image-preview":"max-image-preview:large","max-video-preview":"max-video-preview:-1"},"canonical":"https:\/\/global-hookah.com\/de\/produkt\/mini-pink-glass-hookah-wholesale\/","og_locale":"de_DE","og_type":"article","og_title":"Mini Pink Glass Hookah Wholesale","og_description":"I know pink isn&#8217;t for everyone, but wouldn&#8217;t it be nice for girls like us to have a Mini Pink","og_url":"https:\/\/global-hookah.com\/de\/produkt\/mini-pink-glass-hookah-wholesale\/","og_site_name":"Global Hookah","article_modified_time":"2024-04-26T08:27:59+00:00","og_image":[{"width":799,"height":801,"url":"https:\/\/global-hookah.com\/wp-content\/uploads\/2023\/12\/O1CN01N7B1u028Xwq0LzIO8___2216657567943-0-cib.jpg","type":"image\/jpeg"}],"twitter_card":"summary_large_image","twitter_misc":{"Gesch\u00e4tzte Lesezeit":"1\u00a0Minute"},"schema":{"@context":"https:\/\/schema.org","@graph":[{"@type":"WebPage","@id":"https:\/\/global-hookah.com\/product\/mini-pink-glass-hookah-wholesale\/","url":"https:\/\/global-hookah.com\/product\/mini-pink-glass-hookah-wholesale\/","name":"Mini Rosa Glas Wasserpfeife Gro\u00dfhandel - Global Hookah","isPartOf":{"@id":"https:\/\/global-hookah.com\/#website"},"primaryImageOfPage":{"@id":"https:\/\/global-hookah.com\/product\/mini-pink-glass-hookah-wholesale\/#primaryimage"},"image":{"@id":"https:\/\/global-hookah.com\/product\/mini-pink-glass-hookah-wholesale\/#primaryimage"},"thumbnailUrl":"https:\/\/global-hookah.com\/wp-content\/uploads\/2023\/12\/O1CN01N7B1u028Xwq0LzIO8___2216657567943-0-cib.jpg","datePublished":"2023-12-06T03:50:56+00:00","dateModified":"2024-04-26T08:27:59+00:00","breadcrumb":{"@id":"https:\/\/global-hookah.com\/product\/mini-pink-glass-hookah-wholesale\/#breadcrumb"},"inLanguage":"de","potentialAction":[{"@type":"ReadAction","target":["https:\/\/global-hookah.com\/product\/mini-pink-glass-hookah-wholesale\/"]}]},{"@type":"ImageObject","inLanguage":"de","@id":"https:\/\/global-hookah.com\/product\/mini-pink-glass-hookah-wholesale\/#primaryimage","url":"https:\/\/global-hookah.com\/wp-content\/uploads\/2023\/12\/O1CN01N7B1u028Xwq0LzIO8___2216657567943-0-cib.jpg","contentUrl":"https:\/\/global-hookah.com\/wp-content\/uploads\/2023\/12\/O1CN01N7B1u028Xwq0LzIO8___2216657567943-0-cib.jpg","width":799,"height":801,"caption":"Mini Pink Glass Hookah Wholesale"},{"@type":"BreadcrumbList","@id":"https:\/\/global-hookah.com\/product\/mini-pink-glass-hookah-wholesale\/#breadcrumb","itemListElement":[{"@type":"ListItem","position":1,"name":"Home","item":"https:\/\/global-hookah.com\/"},{"@type":"ListItem","position":2,"name":"Shop","item":"https:\/\/global-hookah.com\/shop\/"},{"@type":"ListItem","position":3,"name":"Mini Pink Glass Hookah Wholesale"}]},{"@type":"WebSite","@id":"https:\/\/global-hookah.com\/#website","url":"https:\/\/global-hookah.com\/","name":"Globale Wasserpfeife","description":"Globale Wasserpfeife","publisher":{"@id":"https:\/\/global-hookah.com\/#organization"},"potentialAction":[{"@type":"SearchAction","target":{"@type":"EntryPoint","urlTemplate":"https:\/\/global-hookah.com\/?s={search_term_string}"},"query-input":{"@type":"PropertyValueSpecification","valueRequired":true,"valueName":"search_term_string"}}],"inLanguage":"de"},{"@type":"Organization","@id":"https:\/\/global-hookah.com\/#organization","name":"Globale Wasserpfeife","url":"https:\/\/global-hookah.com\/","logo":{"@type":"ImageObject","inLanguage":"de","@id":"https:\/\/global-hookah.com\/#\/schema\/logo\/image\/","url":"https:\/\/global-hookah.com\/wp-content\/uploads\/2021\/10\/cropped-fgg.png","contentUrl":"https:\/\/global-hookah.com\/wp-content\/uploads\/2021\/10\/cropped-fgg.png","width":512,"height":512,"caption":"Global Hookah"},"image":{"@id":"https:\/\/global-hookah.com\/#\/schema\/logo\/image\/"}}]}},"_links":{"self":[{"href":"https:\/\/global-hookah.com\/de\/wp-json\/wp\/v2\/product\/16740","targetHints":{"allow":["GET"]}}],"collection":[{"href":"https:\/\/global-hookah.com\/de\/wp-json\/wp\/v2\/product"}],"about":[{"href":"https:\/\/global-hookah.com\/de\/wp-json\/wp\/v2\/types\/product"}],"replies":[{"embeddable":true,"href":"https:\/\/global-hookah.com\/de\/wp-json\/wp\/v2\/comments?post=16740"}],"version-history":[{"count":0,"href":"https:\/\/global-hookah.com\/de\/wp-json\/wp\/v2\/product\/16740\/revisions"}],"wp:featuredmedia":[{"embeddable":true,"href":"https:\/\/global-hookah.com\/de\/wp-json\/wp\/v2\/media\/16744"}],"wp:attachment":[{"href":"https:\/\/global-hookah.com\/de\/wp-json\/wp\/v2\/media?parent=16740"}],"wp:term":[{"taxonomy":"product_brand","embeddable":true,"href":"https:\/\/global-hookah.com\/de\/wp-json\/wp\/v2\/product_brand?post=16740"},{"taxonomy":"product_cat","embeddable":true,"href":"https:\/\/global-hookah.com\/de\/wp-json\/wp\/v2\/product_cat?post=16740"},{"taxonomy":"product_tag","embeddable":true,"href":"https:\/\/global-hookah.com\/de\/wp-json\/wp\/v2\/product_tag?post=16740"}],"curies":[{"name":"wp","href":"https:\/\/api.w.org\/{rel}","templated":true}]}}