{"id":16748,"date":"2023-12-06T03:53:05","date_gmt":"2023-12-06T03:53:05","guid":{"rendered":"https:\/\/global-hookah.com\/?post_type=product&#038;p=16748"},"modified":"2023-12-27T08:55:37","modified_gmt":"2023-12-27T08:55:37","slug":"ak47-brass-hookah-pipe-wholesale","status":"publish","type":"product","link":"https:\/\/global-hookah.com\/de\/produkt\/ak47-brass-hookah-pipe-wholesale\/","title":{"rendered":"AK47 Messing Hookah Pfeife Gro\u00dfhandel"},"content":{"rendered":"<ul class=\"a-unordered-list a-vertical a-spacing-mini\">\n<li class=\"a-spacing-mini\">Diese Sammlung von <strong>Vintage Messing Wasserpfeife<\/strong> ist in verschiedenen Metallic-Farben erh\u00e4ltlich: electric blue, gold, bronze und lila. Jede Farbe ist auf ihre eigene Weise sch\u00f6n.<\/li>\n<li>Gekonnt aus hochwertigem Messing gegossen, sind diese<strong> Shisha aus Messing<\/strong> f\u00fchlen sich in der Hand kr\u00e4ftig und robust an und versprechen jahrelange Freude daran. Das Messingmaterial ist von Natur aus korrosionsbest\u00e4ndig, sodass es Feuchtigkeit, Tabaks\u00e4ften, Reinigungsmitteln und anderen Gefahren, die bei regelm\u00e4\u00dfigem Gebrauch des Hakens auftreten, problemlos standh\u00e4lt.<\/li>\n<li>Au\u00dferdem hat Messing einen nat\u00fcrlichen goldenen Farbton, der im Laufe der Zeit eine unverwechselbare Patina entwickeln kann. Diese Alterung im Vintage-Stil kann Raucher anziehen, die eine Retro-\u00c4sthetik m\u00f6gen.<\/li>\n<li>Mit seinem extra breiten Stiel ist dieser <strong>Wasserleitung aus Messing<\/strong> erzeugt volumin\u00f6se, wogende Rauchwolken f\u00fcr ein hervorragendes Raucherlebnis.<\/li>\n<li>Eine BREITE Vase aus <strong>Messing Metall Wasserpfeife<\/strong> sorgt f\u00fcr ein stabiles Gleichgewicht, w\u00e4hrend das innovative PUSH-RUBBER-System eine luftdichte Abdichtung zwischen dem hohen Schaft und der Vase schafft und so f\u00fcr auslaufsichere Stabilit\u00e4t sorgt.<\/li>\n<li>Wird gebrauchsfertig geliefert, mit T\u00fcllen zur einfachen Befestigung von Schlauch und Sch\u00fcssel.<\/li>\n<li>Wir <strong>Gro\u00dfhandel nicht nur diese Messing-Hookah<\/strong> sondern bieten auch <a href=\"https:\/\/global-hookah.com\/product-category\/wholesale-hookah\/\">einfach, doppelt, dreifach<\/a>und sogar Modelle mit vier Schl\u00e4uchen stehen Ihnen zur Auswahl, um Ihren Bed\u00fcrfnissen gerecht zu werden. Sie k\u00f6nnen eine Anfrage \u00fcber das Formular auf der rechten Seite einreichen oder uns direkt eine E-Mail schicken und wir werden uns umgehend mit Ihnen in Verbindung setzen.<\/li>\n<\/ul>","protected":false},"excerpt":{"rendered":"<p>Diese Kollektion von Messingpfeifen im Vintage-Stil ist in verschiedenen Metallic-Farben erh\u00e4ltlich - elektrisch blau, gold, bronze, und<\/p>","protected":false},"featured_media":16754,"comment_status":"open","ping_status":"closed","template":"","meta":{"iawp_total_views":4,"_joinchat":[]},"product_brand":[],"product_cat":[415],"product_tag":[],"class_list":{"0":"post-16748","1":"product","2":"type-product","3":"status-publish","4":"has-post-thumbnail","6":"product_cat-accessories","8":"first","9":"instock","10":"shipping-taxable","11":"product-type-external"},"yoast_head":"<!-- This site is optimized with the Yoast SEO Premium plugin v24.7 (Yoast SEO v26.8) - https:\/\/yoast.com\/product\/yoast-seo-premium-wordpress\/ -->\n<title>AK47 Brass Hookah Pipe Wholesale - Global Hookah<\/title>\n<meta name=\"robots\" content=\"index, follow, max-snippet:-1, max-image-preview:large, max-video-preview:-1\" \/>\n<link rel=\"canonical\" href=\"https:\/\/global-hookah.com\/de\/produkt\/ak47-brass-hookah-pipe-wholesale\/\" \/>\n<meta property=\"og:locale\" content=\"de_DE\" \/>\n<meta property=\"og:type\" content=\"article\" \/>\n<meta property=\"og:title\" content=\"AK47 Brass Hookah Pipe Wholesale\" \/>\n<meta property=\"og:description\" content=\"This collection of vintage brass hookah pipe comes in a variety of metallic finishes \u2013 electric blue, gold, bronze, and\" \/>\n<meta property=\"og:url\" content=\"https:\/\/global-hookah.com\/de\/produkt\/ak47-brass-hookah-pipe-wholesale\/\" \/>\n<meta property=\"og:site_name\" content=\"Global Hookah\" \/>\n<meta property=\"article:modified_time\" content=\"2023-12-27T08:55:37+00:00\" \/>\n<meta property=\"og:image\" content=\"https:\/\/global-hookah.com\/wp-content\/uploads\/2023\/12\/O1CN01W7fb111rwMQm4Gadr___2208137625695-0-cib.jpg\" \/>\n\t<meta property=\"og:image:width\" content=\"800\" \/>\n\t<meta property=\"og:image:height\" content=\"800\" \/>\n\t<meta property=\"og:image:type\" content=\"image\/jpeg\" \/>\n<meta name=\"twitter:card\" content=\"summary_large_image\" \/>\n<meta name=\"twitter:label1\" content=\"Gesch\u00e4tzte Lesezeit\" \/>\n\t<meta name=\"twitter:data1\" content=\"1\u00a0Minute\" \/>\n<script type=\"application\/ld+json\" class=\"yoast-schema-graph\">{\"@context\":\"https:\/\/schema.org\",\"@graph\":[{\"@type\":\"WebPage\",\"@id\":\"https:\/\/global-hookah.com\/product\/ak47-brass-hookah-pipe-wholesale\/\",\"url\":\"https:\/\/global-hookah.com\/product\/ak47-brass-hookah-pipe-wholesale\/\",\"name\":\"AK47 Brass Hookah Pipe Wholesale - Global Hookah\",\"isPartOf\":{\"@id\":\"https:\/\/global-hookah.com\/#website\"},\"primaryImageOfPage\":{\"@id\":\"https:\/\/global-hookah.com\/product\/ak47-brass-hookah-pipe-wholesale\/#primaryimage\"},\"image\":{\"@id\":\"https:\/\/global-hookah.com\/product\/ak47-brass-hookah-pipe-wholesale\/#primaryimage\"},\"thumbnailUrl\":\"https:\/\/global-hookah.com\/wp-content\/uploads\/2023\/12\/O1CN01W7fb111rwMQm4Gadr___2208137625695-0-cib.jpg\",\"datePublished\":\"2023-12-06T03:53:05+00:00\",\"dateModified\":\"2023-12-27T08:55:37+00:00\",\"breadcrumb\":{\"@id\":\"https:\/\/global-hookah.com\/product\/ak47-brass-hookah-pipe-wholesale\/#breadcrumb\"},\"inLanguage\":\"de\",\"potentialAction\":[{\"@type\":\"ReadAction\",\"target\":[\"https:\/\/global-hookah.com\/product\/ak47-brass-hookah-pipe-wholesale\/\"]}]},{\"@type\":\"ImageObject\",\"inLanguage\":\"de\",\"@id\":\"https:\/\/global-hookah.com\/product\/ak47-brass-hookah-pipe-wholesale\/#primaryimage\",\"url\":\"https:\/\/global-hookah.com\/wp-content\/uploads\/2023\/12\/O1CN01W7fb111rwMQm4Gadr___2208137625695-0-cib.jpg\",\"contentUrl\":\"https:\/\/global-hookah.com\/wp-content\/uploads\/2023\/12\/O1CN01W7fb111rwMQm4Gadr___2208137625695-0-cib.jpg\",\"width\":800,\"height\":800,\"caption\":\"Brass Hookah Pipe Wholesale\"},{\"@type\":\"BreadcrumbList\",\"@id\":\"https:\/\/global-hookah.com\/product\/ak47-brass-hookah-pipe-wholesale\/#breadcrumb\",\"itemListElement\":[{\"@type\":\"ListItem\",\"position\":1,\"name\":\"Home\",\"item\":\"https:\/\/global-hookah.com\/\"},{\"@type\":\"ListItem\",\"position\":2,\"name\":\"Shop\",\"item\":\"https:\/\/global-hookah.com\/shop\/\"},{\"@type\":\"ListItem\",\"position\":3,\"name\":\"AK47 Brass Hookah Pipe Wholesale\"}]},{\"@type\":\"WebSite\",\"@id\":\"https:\/\/global-hookah.com\/#website\",\"url\":\"https:\/\/global-hookah.com\/\",\"name\":\"Global Hookah\",\"description\":\"Global Hookah\",\"publisher\":{\"@id\":\"https:\/\/global-hookah.com\/#organization\"},\"potentialAction\":[{\"@type\":\"SearchAction\",\"target\":{\"@type\":\"EntryPoint\",\"urlTemplate\":\"https:\/\/global-hookah.com\/?s={search_term_string}\"},\"query-input\":{\"@type\":\"PropertyValueSpecification\",\"valueRequired\":true,\"valueName\":\"search_term_string\"}}],\"inLanguage\":\"de\"},{\"@type\":\"Organization\",\"@id\":\"https:\/\/global-hookah.com\/#organization\",\"name\":\"Global Hookah\",\"url\":\"https:\/\/global-hookah.com\/\",\"logo\":{\"@type\":\"ImageObject\",\"inLanguage\":\"de\",\"@id\":\"https:\/\/global-hookah.com\/#\/schema\/logo\/image\/\",\"url\":\"https:\/\/global-hookah.com\/wp-content\/uploads\/2021\/10\/cropped-fgg.png\",\"contentUrl\":\"https:\/\/global-hookah.com\/wp-content\/uploads\/2021\/10\/cropped-fgg.png\",\"width\":512,\"height\":512,\"caption\":\"Global Hookah\"},\"image\":{\"@id\":\"https:\/\/global-hookah.com\/#\/schema\/logo\/image\/\"}}]}<\/script>\n<!-- \/ Yoast SEO Premium plugin. -->","yoast_head_json":{"title":"AK47 Messing Hookah Pfeife Gro\u00dfhandel - Global Hookah","robots":{"index":"index","follow":"follow","max-snippet":"max-snippet:-1","max-image-preview":"max-image-preview:large","max-video-preview":"max-video-preview:-1"},"canonical":"https:\/\/global-hookah.com\/de\/produkt\/ak47-brass-hookah-pipe-wholesale\/","og_locale":"de_DE","og_type":"article","og_title":"AK47 Brass Hookah Pipe Wholesale","og_description":"This collection of vintage brass hookah pipe comes in a variety of metallic finishes \u2013 electric blue, gold, bronze, and","og_url":"https:\/\/global-hookah.com\/de\/produkt\/ak47-brass-hookah-pipe-wholesale\/","og_site_name":"Global Hookah","article_modified_time":"2023-12-27T08:55:37+00:00","og_image":[{"width":800,"height":800,"url":"https:\/\/global-hookah.com\/wp-content\/uploads\/2023\/12\/O1CN01W7fb111rwMQm4Gadr___2208137625695-0-cib.jpg","type":"image\/jpeg"}],"twitter_card":"summary_large_image","twitter_misc":{"Gesch\u00e4tzte Lesezeit":"1\u00a0Minute"},"schema":{"@context":"https:\/\/schema.org","@graph":[{"@type":"WebPage","@id":"https:\/\/global-hookah.com\/product\/ak47-brass-hookah-pipe-wholesale\/","url":"https:\/\/global-hookah.com\/product\/ak47-brass-hookah-pipe-wholesale\/","name":"AK47 Messing Hookah Pfeife Gro\u00dfhandel - Global Hookah","isPartOf":{"@id":"https:\/\/global-hookah.com\/#website"},"primaryImageOfPage":{"@id":"https:\/\/global-hookah.com\/product\/ak47-brass-hookah-pipe-wholesale\/#primaryimage"},"image":{"@id":"https:\/\/global-hookah.com\/product\/ak47-brass-hookah-pipe-wholesale\/#primaryimage"},"thumbnailUrl":"https:\/\/global-hookah.com\/wp-content\/uploads\/2023\/12\/O1CN01W7fb111rwMQm4Gadr___2208137625695-0-cib.jpg","datePublished":"2023-12-06T03:53:05+00:00","dateModified":"2023-12-27T08:55:37+00:00","breadcrumb":{"@id":"https:\/\/global-hookah.com\/product\/ak47-brass-hookah-pipe-wholesale\/#breadcrumb"},"inLanguage":"de","potentialAction":[{"@type":"ReadAction","target":["https:\/\/global-hookah.com\/product\/ak47-brass-hookah-pipe-wholesale\/"]}]},{"@type":"ImageObject","inLanguage":"de","@id":"https:\/\/global-hookah.com\/product\/ak47-brass-hookah-pipe-wholesale\/#primaryimage","url":"https:\/\/global-hookah.com\/wp-content\/uploads\/2023\/12\/O1CN01W7fb111rwMQm4Gadr___2208137625695-0-cib.jpg","contentUrl":"https:\/\/global-hookah.com\/wp-content\/uploads\/2023\/12\/O1CN01W7fb111rwMQm4Gadr___2208137625695-0-cib.jpg","width":800,"height":800,"caption":"Brass Hookah Pipe Wholesale"},{"@type":"BreadcrumbList","@id":"https:\/\/global-hookah.com\/product\/ak47-brass-hookah-pipe-wholesale\/#breadcrumb","itemListElement":[{"@type":"ListItem","position":1,"name":"Home","item":"https:\/\/global-hookah.com\/"},{"@type":"ListItem","position":2,"name":"Shop","item":"https:\/\/global-hookah.com\/shop\/"},{"@type":"ListItem","position":3,"name":"AK47 Brass Hookah Pipe Wholesale"}]},{"@type":"WebSite","@id":"https:\/\/global-hookah.com\/#website","url":"https:\/\/global-hookah.com\/","name":"Globale Wasserpfeife","description":"Globale Wasserpfeife","publisher":{"@id":"https:\/\/global-hookah.com\/#organization"},"potentialAction":[{"@type":"SearchAction","target":{"@type":"EntryPoint","urlTemplate":"https:\/\/global-hookah.com\/?s={search_term_string}"},"query-input":{"@type":"PropertyValueSpecification","valueRequired":true,"valueName":"search_term_string"}}],"inLanguage":"de"},{"@type":"Organization","@id":"https:\/\/global-hookah.com\/#organization","name":"Globale Wasserpfeife","url":"https:\/\/global-hookah.com\/","logo":{"@type":"ImageObject","inLanguage":"de","@id":"https:\/\/global-hookah.com\/#\/schema\/logo\/image\/","url":"https:\/\/global-hookah.com\/wp-content\/uploads\/2021\/10\/cropped-fgg.png","contentUrl":"https:\/\/global-hookah.com\/wp-content\/uploads\/2021\/10\/cropped-fgg.png","width":512,"height":512,"caption":"Global Hookah"},"image":{"@id":"https:\/\/global-hookah.com\/#\/schema\/logo\/image\/"}}]}},"_links":{"self":[{"href":"https:\/\/global-hookah.com\/de\/wp-json\/wp\/v2\/product\/16748","targetHints":{"allow":["GET"]}}],"collection":[{"href":"https:\/\/global-hookah.com\/de\/wp-json\/wp\/v2\/product"}],"about":[{"href":"https:\/\/global-hookah.com\/de\/wp-json\/wp\/v2\/types\/product"}],"replies":[{"embeddable":true,"href":"https:\/\/global-hookah.com\/de\/wp-json\/wp\/v2\/comments?post=16748"}],"version-history":[{"count":0,"href":"https:\/\/global-hookah.com\/de\/wp-json\/wp\/v2\/product\/16748\/revisions"}],"wp:featuredmedia":[{"embeddable":true,"href":"https:\/\/global-hookah.com\/de\/wp-json\/wp\/v2\/media\/16754"}],"wp:attachment":[{"href":"https:\/\/global-hookah.com\/de\/wp-json\/wp\/v2\/media?parent=16748"}],"wp:term":[{"taxonomy":"product_brand","embeddable":true,"href":"https:\/\/global-hookah.com\/de\/wp-json\/wp\/v2\/product_brand?post=16748"},{"taxonomy":"product_cat","embeddable":true,"href":"https:\/\/global-hookah.com\/de\/wp-json\/wp\/v2\/product_cat?post=16748"},{"taxonomy":"product_tag","embeddable":true,"href":"https:\/\/global-hookah.com\/de\/wp-json\/wp\/v2\/product_tag?post=16748"}],"curies":[{"name":"wp","href":"https:\/\/api.w.org\/{rel}","templated":true}]}}