{"id":16756,"date":"2023-12-06T03:54:44","date_gmt":"2023-12-06T03:54:44","guid":{"rendered":"https:\/\/global-hookah.com\/?post_type=product&#038;p=16756"},"modified":"2024-01-12T03:51:44","modified_gmt":"2024-01-12T03:51:44","slug":"wooden-hookah-pipe-wholesale","status":"publish","type":"product","link":"https:\/\/global-hookah.com\/de\/produkt\/wooden-hookah-pipe-wholesale\/","title":{"rendered":"H\u00f6lzerne Hookah Pfeife Gro\u00dfhandel"},"content":{"rendered":"<p>Es gibt zwar viele Metall- und <a href=\"https:\/\/global-hookah.com\/product-category\/wholesale-hookah\/\">Wasserpfeifen aus Glas<\/a> auf unserer Website, die beliebteste ist die <strong>H\u00f6lzerne Hookah-Pfeife<\/strong>die in traditioneller Handarbeit hergestellt wird. <strong>Handgefertigte Wasserpfeife aus Holz<\/strong> wird aus hochwertigem Schwarznussholz in Nordamerika geschnitzt. Die Vorteile der Verwendung von Holz sind Erm\u00f6glicht mehr Luftstrom und W\u00e4rme an den Tabak \u00fcbertragen werden, zus\u00e4tzlich zu den h\u00f6lzernen Wasserkammern, sorgf\u00e4ltig geschnitzt und geschliffen, zus\u00e4tzlich zu einer hervorragenden Filtration. Au\u00dferdem bleibt die nat\u00fcrliche Sch\u00f6nheit der Holzmaserung f\u00fcr Sie erhalten.<\/p>\n<p>Die Gr\u00f6\u00dfe der Holzkammer dieses <strong>H\u00f6lzerne Wasserpfeife mit mehreren<\/strong> Schl\u00e4uche sind in der Regel etwa 20-30 cm breit und 25-40 cm hoch. Eine so breite Kammer bietet Dir einen besseren Luftstrom und erm\u00f6glicht es, dass mehr Rauch durch das Wasser gefiltert wird, was Dir ein besseres Raucherlebnis beschert<\/p>\n<p>Der wichtigste Teil dieser orientalischen Rauchpfeife ist der Schlauch. Es ist lang genug f\u00fcr Sie sehr bequem zu verwenden. Es w\u00e4chst auf 4-5 Fu\u00df, so dass Sie gut rauchen k\u00f6nnen, auch wenn Sie weit weg von Ihrer Wasserpfeife sind.<\/p>\n<p>Das Wasser blubbert, wenn der Rauch von den brennenden Kohlen durch den K\u00f6rper und den Stiel hinunter in den K\u00f6rper gelangt, und k\u00fchlt und filtert den Rauch. Dadurch wird der Rauch weicher und weniger rau, nachdem Nikotin, Teer und andere Partikel entfernt worden sind.<\/p>\n<p><strong>Umweltfreundliche h\u00f6lzerne Wasserpfeife bieten einige wichtige Vorteile:<\/strong><\/p>\n<p>- Nat\u00fcrliches Material - Holz beeintr\u00e4chtigt den Geschmack nicht, wie es Metalle oder Kunststoffe tun k\u00f6nnen. Holz absorbiert W\u00e4rme und sorgt f\u00fcr einen k\u00fchleren Rauch.<\/p>\n<p>- Sanfte Hits - Die Vollholzkonstruktion sorgt f\u00fcr sanfte Hits ohne Plastik oder chemischen Nachgeschmack.<\/p>\n<p>- Traditionelles Design - <strong>Geschnitzte Holz-Wasserpfeifen<\/strong> sehen sch\u00f6n aus und bieten ein authentisches Raucherlebnis.<\/p>\n<p>Elegante F\u00e4rbung<br \/>\nDer nat\u00fcrliche, tiefe Farbton des Schwarznussholzes wirkt elegant und raffiniert, wenn es f\u00fcr Rauchzubeh\u00f6r verwendet wird.<\/p>\n<p>Einzigartiges Aroma<br \/>\nSchwarzes Walnussholz hat ein ausgepr\u00e4gtes Aroma, das beim Shisha-Rauchen ein besonderes Geschmackserlebnis bieten kann.<\/p>\n<p>Antibakterielle Eigenschaften<br \/>\nSchwarzes Walnussholz hat antibakterielle Eigenschaften und ist daher hygienischer in der Anwendung.<\/p>\n<p>Reinigende Wirkung<br \/>\nDas Holz kann einige sch\u00e4dliche Stoffe im Rauch absorbieren und abbauen, wodurch eine gewisse Reinigung erreicht wird.<\/p>","protected":false},"excerpt":{"rendered":"<p>Obwohl es auf unserer Website viele Wasserpfeifen aus Metall und Glas gibt, ist die Holzpfeife die beliebteste,<\/p>","protected":false},"featured_media":16758,"comment_status":"open","ping_status":"closed","template":"","meta":{"iawp_total_views":2,"_joinchat":[]},"product_brand":[],"product_cat":[560,119],"product_tag":[],"class_list":{"0":"post-16756","1":"product","2":"type-product","3":"status-publish","4":"has-post-thumbnail","6":"product_cat-glass-hookah-wholesale","7":"product_cat-wholesale-hookah","9":"first","10":"instock","11":"shipping-taxable","12":"purchasable","13":"product-type-simple"},"yoast_head":"<!-- This site is optimized with the Yoast SEO Premium plugin v24.7 (Yoast SEO v26.8) - https:\/\/yoast.com\/product\/yoast-seo-premium-wordpress\/ -->\n<title>Wooden Hookah Pipe Wholesale - Global Hookah<\/title>\n<meta name=\"robots\" content=\"index, follow, max-snippet:-1, max-image-preview:large, max-video-preview:-1\" \/>\n<link rel=\"canonical\" href=\"https:\/\/global-hookah.com\/de\/ru\/\u043f\u0440\u043e\u0434\u0443\u043a\u0442\/\u0434\u0435\u0440\u0435\u0432\u044f\u043d\u043d\u044b\u0435-\u043a\u0430\u043b\u044c\u044f\u043d\u043d\u044b\u0435-\u0442\u0440\u0443\u0431\u043a\u0438-\u043e\u043f\u0442\u043e\u043c\/\" \/>\n<meta property=\"og:locale\" content=\"de_DE\" \/>\n<meta property=\"og:type\" content=\"article\" \/>\n<meta property=\"og:title\" content=\"Wooden Hookah Pipe Wholesale\" \/>\n<meta property=\"og:description\" content=\"Although there are many metal and glass hookah pipes on our website, the most popular is the Wooden Hookah Pipe,\" \/>\n<meta property=\"og:url\" content=\"https:\/\/global-hookah.com\/de\/ru\/\u043f\u0440\u043e\u0434\u0443\u043a\u0442\/\u0434\u0435\u0440\u0435\u0432\u044f\u043d\u043d\u044b\u0435-\u043a\u0430\u043b\u044c\u044f\u043d\u043d\u044b\u0435-\u0442\u0440\u0443\u0431\u043a\u0438-\u043e\u043f\u0442\u043e\u043c\/\" \/>\n<meta property=\"og:site_name\" content=\"Global Hookah\" \/>\n<meta property=\"article:modified_time\" content=\"2024-01-12T03:51:44+00:00\" \/>\n<meta property=\"og:image\" content=\"https:\/\/global-hookah.com\/wp-content\/uploads\/2023\/12\/O1CN01APApLS1rwMHImrUs1___2208137625695-0-cib.jpg\" \/>\n\t<meta property=\"og:image:width\" content=\"800\" \/>\n\t<meta property=\"og:image:height\" content=\"800\" \/>\n\t<meta property=\"og:image:type\" content=\"image\/jpeg\" \/>\n<meta name=\"twitter:card\" content=\"summary_large_image\" \/>\n<meta name=\"twitter:label1\" content=\"Gesch\u00e4tzte Lesezeit\" \/>\n\t<meta name=\"twitter:data1\" content=\"2\u00a0Minuten\" \/>\n<script type=\"application\/ld+json\" class=\"yoast-schema-graph\">{\"@context\":\"https:\/\/schema.org\",\"@graph\":[{\"@type\":\"WebPage\",\"@id\":\"https:\/\/global-hookah.com\/ru\/\u043f\u0440\u043e\u0434\u0443\u043a\u0442\/%d0%b4%d0%b5%d1%80%d0%b5%d0%b2%d1%8f%d0%bd%d0%bd%d1%8b%d0%b5-%d0%ba%d0%b0%d0%bb%d1%8c%d1%8f%d0%bd%d0%bd%d1%8b%d0%b5-%d1%82%d1%80%d1%83%d0%b1%d0%ba%d0%b8-%d0%be%d0%bf%d1%82%d0%be%d0%bc\/\",\"url\":\"https:\/\/global-hookah.com\/ru\/\u043f\u0440\u043e\u0434\u0443\u043a\u0442\/%d0%b4%d0%b5%d1%80%d0%b5%d0%b2%d1%8f%d0%bd%d0%bd%d1%8b%d0%b5-%d0%ba%d0%b0%d0%bb%d1%8c%d1%8f%d0%bd%d0%bd%d1%8b%d0%b5-%d1%82%d1%80%d1%83%d0%b1%d0%ba%d0%b8-%d0%be%d0%bf%d1%82%d0%be%d0%bc\/\",\"name\":\"Wooden Hookah Pipe Wholesale - Global Hookah\",\"isPartOf\":{\"@id\":\"https:\/\/global-hookah.com\/#website\"},\"primaryImageOfPage\":{\"@id\":\"https:\/\/global-hookah.com\/ru\/\u043f\u0440\u043e\u0434\u0443\u043a\u0442\/%d0%b4%d0%b5%d1%80%d0%b5%d0%b2%d1%8f%d0%bd%d0%bd%d1%8b%d0%b5-%d0%ba%d0%b0%d0%bb%d1%8c%d1%8f%d0%bd%d0%bd%d1%8b%d0%b5-%d1%82%d1%80%d1%83%d0%b1%d0%ba%d0%b8-%d0%be%d0%bf%d1%82%d0%be%d0%bc\/#primaryimage\"},\"image\":{\"@id\":\"https:\/\/global-hookah.com\/ru\/\u043f\u0440\u043e\u0434\u0443\u043a\u0442\/%d0%b4%d0%b5%d1%80%d0%b5%d0%b2%d1%8f%d0%bd%d0%bd%d1%8b%d0%b5-%d0%ba%d0%b0%d0%bb%d1%8c%d1%8f%d0%bd%d0%bd%d1%8b%d0%b5-%d1%82%d1%80%d1%83%d0%b1%d0%ba%d0%b8-%d0%be%d0%bf%d1%82%d0%be%d0%bc\/#primaryimage\"},\"thumbnailUrl\":\"https:\/\/global-hookah.com\/wp-content\/uploads\/2023\/12\/O1CN01APApLS1rwMHImrUs1___2208137625695-0-cib.jpg\",\"datePublished\":\"2023-12-06T03:54:44+00:00\",\"dateModified\":\"2024-01-12T03:51:44+00:00\",\"breadcrumb\":{\"@id\":\"https:\/\/global-hookah.com\/ru\/\u043f\u0440\u043e\u0434\u0443\u043a\u0442\/%d0%b4%d0%b5%d1%80%d0%b5%d0%b2%d1%8f%d0%bd%d0%bd%d1%8b%d0%b5-%d0%ba%d0%b0%d0%bb%d1%8c%d1%8f%d0%bd%d0%bd%d1%8b%d0%b5-%d1%82%d1%80%d1%83%d0%b1%d0%ba%d0%b8-%d0%be%d0%bf%d1%82%d0%be%d0%bc\/#breadcrumb\"},\"inLanguage\":\"de\",\"potentialAction\":[{\"@type\":\"ReadAction\",\"target\":[\"https:\/\/global-hookah.com\/ru\/\u043f\u0440\u043e\u0434\u0443\u043a\u0442\/%d0%b4%d0%b5%d1%80%d0%b5%d0%b2%d1%8f%d0%bd%d0%bd%d1%8b%d0%b5-%d0%ba%d0%b0%d0%bb%d1%8c%d1%8f%d0%bd%d0%bd%d1%8b%d0%b5-%d1%82%d1%80%d1%83%d0%b1%d0%ba%d0%b8-%d0%be%d0%bf%d1%82%d0%be%d0%bc\/\"]}]},{\"@type\":\"ImageObject\",\"inLanguage\":\"de\",\"@id\":\"https:\/\/global-hookah.com\/ru\/\u043f\u0440\u043e\u0434\u0443\u043a\u0442\/%d0%b4%d0%b5%d1%80%d0%b5%d0%b2%d1%8f%d0%bd%d0%bd%d1%8b%d0%b5-%d0%ba%d0%b0%d0%bb%d1%8c%d1%8f%d0%bd%d0%bd%d1%8b%d0%b5-%d1%82%d1%80%d1%83%d0%b1%d0%ba%d0%b8-%d0%be%d0%bf%d1%82%d0%be%d0%bc\/#primaryimage\",\"url\":\"https:\/\/global-hookah.com\/wp-content\/uploads\/2023\/12\/O1CN01APApLS1rwMHImrUs1___2208137625695-0-cib.jpg\",\"contentUrl\":\"https:\/\/global-hookah.com\/wp-content\/uploads\/2023\/12\/O1CN01APApLS1rwMHImrUs1___2208137625695-0-cib.jpg\",\"width\":800,\"height\":800,\"caption\":\"Wooden Hookah Pipe Wholesale\"},{\"@type\":\"BreadcrumbList\",\"@id\":\"https:\/\/global-hookah.com\/ru\/\u043f\u0440\u043e\u0434\u0443\u043a\u0442\/%d0%b4%d0%b5%d1%80%d0%b5%d0%b2%d1%8f%d0%bd%d0%bd%d1%8b%d0%b5-%d0%ba%d0%b0%d0%bb%d1%8c%d1%8f%d0%bd%d0%bd%d1%8b%d0%b5-%d1%82%d1%80%d1%83%d0%b1%d0%ba%d0%b8-%d0%be%d0%bf%d1%82%d0%be%d0%bc\/#breadcrumb\",\"itemListElement\":[{\"@type\":\"ListItem\",\"position\":1,\"name\":\"Home\",\"item\":\"https:\/\/global-hookah.com\/\"},{\"@type\":\"ListItem\",\"position\":2,\"name\":\"Shop\",\"item\":\"https:\/\/global-hookah.com\/shop\/\"},{\"@type\":\"ListItem\",\"position\":3,\"name\":\"Wooden Hookah Pipe Wholesale\"}]},{\"@type\":\"WebSite\",\"@id\":\"https:\/\/global-hookah.com\/#website\",\"url\":\"https:\/\/global-hookah.com\/\",\"name\":\"Global Hookah\",\"description\":\"Global Hookah\",\"publisher\":{\"@id\":\"https:\/\/global-hookah.com\/#organization\"},\"potentialAction\":[{\"@type\":\"SearchAction\",\"target\":{\"@type\":\"EntryPoint\",\"urlTemplate\":\"https:\/\/global-hookah.com\/?s={search_term_string}\"},\"query-input\":{\"@type\":\"PropertyValueSpecification\",\"valueRequired\":true,\"valueName\":\"search_term_string\"}}],\"inLanguage\":\"de\"},{\"@type\":\"Organization\",\"@id\":\"https:\/\/global-hookah.com\/#organization\",\"name\":\"Global Hookah\",\"url\":\"https:\/\/global-hookah.com\/\",\"logo\":{\"@type\":\"ImageObject\",\"inLanguage\":\"de\",\"@id\":\"https:\/\/global-hookah.com\/#\/schema\/logo\/image\/\",\"url\":\"https:\/\/global-hookah.com\/wp-content\/uploads\/2021\/10\/cropped-fgg.png\",\"contentUrl\":\"https:\/\/global-hookah.com\/wp-content\/uploads\/2021\/10\/cropped-fgg.png\",\"width\":512,\"height\":512,\"caption\":\"Global Hookah\"},\"image\":{\"@id\":\"https:\/\/global-hookah.com\/#\/schema\/logo\/image\/\"}}]}<\/script>\n<!-- \/ Yoast SEO Premium plugin. -->","yoast_head_json":{"title":"H\u00f6lzerne Hookah-Pfeife Gro\u00dfhandel - Global Hookah","robots":{"index":"index","follow":"follow","max-snippet":"max-snippet:-1","max-image-preview":"max-image-preview:large","max-video-preview":"max-video-preview:-1"},"canonical":"https:\/\/global-hookah.com\/de\/ru\/\u043f\u0440\u043e\u0434\u0443\u043a\u0442\/\u0434\u0435\u0440\u0435\u0432\u044f\u043d\u043d\u044b\u0435-\u043a\u0430\u043b\u044c\u044f\u043d\u043d\u044b\u0435-\u0442\u0440\u0443\u0431\u043a\u0438-\u043e\u043f\u0442\u043e\u043c\/","og_locale":"de_DE","og_type":"article","og_title":"Wooden Hookah Pipe Wholesale","og_description":"Although there are many metal and glass hookah pipes on our website, the most popular is the Wooden Hookah Pipe,","og_url":"https:\/\/global-hookah.com\/de\/ru\/\u043f\u0440\u043e\u0434\u0443\u043a\u0442\/\u0434\u0435\u0440\u0435\u0432\u044f\u043d\u043d\u044b\u0435-\u043a\u0430\u043b\u044c\u044f\u043d\u043d\u044b\u0435-\u0442\u0440\u0443\u0431\u043a\u0438-\u043e\u043f\u0442\u043e\u043c\/","og_site_name":"Global Hookah","article_modified_time":"2024-01-12T03:51:44+00:00","og_image":[{"width":800,"height":800,"url":"https:\/\/global-hookah.com\/wp-content\/uploads\/2023\/12\/O1CN01APApLS1rwMHImrUs1___2208137625695-0-cib.jpg","type":"image\/jpeg"}],"twitter_card":"summary_large_image","twitter_misc":{"Gesch\u00e4tzte Lesezeit":"2\u00a0Minuten"},"schema":{"@context":"https:\/\/schema.org","@graph":[{"@type":"WebPage","@id":"https:\/\/global-hookah.com\/ru\/\u043f\u0440\u043e\u0434\u0443\u043a\u0442\/%d0%b4%d0%b5%d1%80%d0%b5%d0%b2%d1%8f%d0%bd%d0%bd%d1%8b%d0%b5-%d0%ba%d0%b0%d0%bb%d1%8c%d1%8f%d0%bd%d0%bd%d1%8b%d0%b5-%d1%82%d1%80%d1%83%d0%b1%d0%ba%d0%b8-%d0%be%d0%bf%d1%82%d0%be%d0%bc\/","url":"https:\/\/global-hookah.com\/ru\/\u043f\u0440\u043e\u0434\u0443\u043a\u0442\/%d0%b4%d0%b5%d1%80%d0%b5%d0%b2%d1%8f%d0%bd%d0%bd%d1%8b%d0%b5-%d0%ba%d0%b0%d0%bb%d1%8c%d1%8f%d0%bd%d0%bd%d1%8b%d0%b5-%d1%82%d1%80%d1%83%d0%b1%d0%ba%d0%b8-%d0%be%d0%bf%d1%82%d0%be%d0%bc\/","name":"H\u00f6lzerne Hookah-Pfeife Gro\u00dfhandel - Global Hookah","isPartOf":{"@id":"https:\/\/global-hookah.com\/#website"},"primaryImageOfPage":{"@id":"https:\/\/global-hookah.com\/ru\/\u043f\u0440\u043e\u0434\u0443\u043a\u0442\/%d0%b4%d0%b5%d1%80%d0%b5%d0%b2%d1%8f%d0%bd%d0%bd%d1%8b%d0%b5-%d0%ba%d0%b0%d0%bb%d1%8c%d1%8f%d0%bd%d0%bd%d1%8b%d0%b5-%d1%82%d1%80%d1%83%d0%b1%d0%ba%d0%b8-%d0%be%d0%bf%d1%82%d0%be%d0%bc\/#primaryimage"},"image":{"@id":"https:\/\/global-hookah.com\/ru\/\u043f\u0440\u043e\u0434\u0443\u043a\u0442\/%d0%b4%d0%b5%d1%80%d0%b5%d0%b2%d1%8f%d0%bd%d0%bd%d1%8b%d0%b5-%d0%ba%d0%b0%d0%bb%d1%8c%d1%8f%d0%bd%d0%bd%d1%8b%d0%b5-%d1%82%d1%80%d1%83%d0%b1%d0%ba%d0%b8-%d0%be%d0%bf%d1%82%d0%be%d0%bc\/#primaryimage"},"thumbnailUrl":"https:\/\/global-hookah.com\/wp-content\/uploads\/2023\/12\/O1CN01APApLS1rwMHImrUs1___2208137625695-0-cib.jpg","datePublished":"2023-12-06T03:54:44+00:00","dateModified":"2024-01-12T03:51:44+00:00","breadcrumb":{"@id":"https:\/\/global-hookah.com\/ru\/\u043f\u0440\u043e\u0434\u0443\u043a\u0442\/%d0%b4%d0%b5%d1%80%d0%b5%d0%b2%d1%8f%d0%bd%d0%bd%d1%8b%d0%b5-%d0%ba%d0%b0%d0%bb%d1%8c%d1%8f%d0%bd%d0%bd%d1%8b%d0%b5-%d1%82%d1%80%d1%83%d0%b1%d0%ba%d0%b8-%d0%be%d0%bf%d1%82%d0%be%d0%bc\/#breadcrumb"},"inLanguage":"de","potentialAction":[{"@type":"ReadAction","target":["https:\/\/global-hookah.com\/ru\/\u043f\u0440\u043e\u0434\u0443\u043a\u0442\/%d0%b4%d0%b5%d1%80%d0%b5%d0%b2%d1%8f%d0%bd%d0%bd%d1%8b%d0%b5-%d0%ba%d0%b0%d0%bb%d1%8c%d1%8f%d0%bd%d0%bd%d1%8b%d0%b5-%d1%82%d1%80%d1%83%d0%b1%d0%ba%d0%b8-%d0%be%d0%bf%d1%82%d0%be%d0%bc\/"]}]},{"@type":"ImageObject","inLanguage":"de","@id":"https:\/\/global-hookah.com\/ru\/\u043f\u0440\u043e\u0434\u0443\u043a\u0442\/%d0%b4%d0%b5%d1%80%d0%b5%d0%b2%d1%8f%d0%bd%d0%bd%d1%8b%d0%b5-%d0%ba%d0%b0%d0%bb%d1%8c%d1%8f%d0%bd%d0%bd%d1%8b%d0%b5-%d1%82%d1%80%d1%83%d0%b1%d0%ba%d0%b8-%d0%be%d0%bf%d1%82%d0%be%d0%bc\/#primaryimage","url":"https:\/\/global-hookah.com\/wp-content\/uploads\/2023\/12\/O1CN01APApLS1rwMHImrUs1___2208137625695-0-cib.jpg","contentUrl":"https:\/\/global-hookah.com\/wp-content\/uploads\/2023\/12\/O1CN01APApLS1rwMHImrUs1___2208137625695-0-cib.jpg","width":800,"height":800,"caption":"Wooden Hookah Pipe Wholesale"},{"@type":"BreadcrumbList","@id":"https:\/\/global-hookah.com\/ru\/\u043f\u0440\u043e\u0434\u0443\u043a\u0442\/%d0%b4%d0%b5%d1%80%d0%b5%d0%b2%d1%8f%d0%bd%d0%bd%d1%8b%d0%b5-%d0%ba%d0%b0%d0%bb%d1%8c%d1%8f%d0%bd%d0%bd%d1%8b%d0%b5-%d1%82%d1%80%d1%83%d0%b1%d0%ba%d0%b8-%d0%be%d0%bf%d1%82%d0%be%d0%bc\/#breadcrumb","itemListElement":[{"@type":"ListItem","position":1,"name":"Home","item":"https:\/\/global-hookah.com\/"},{"@type":"ListItem","position":2,"name":"Shop","item":"https:\/\/global-hookah.com\/shop\/"},{"@type":"ListItem","position":3,"name":"Wooden Hookah Pipe Wholesale"}]},{"@type":"WebSite","@id":"https:\/\/global-hookah.com\/#website","url":"https:\/\/global-hookah.com\/","name":"Globale Wasserpfeife","description":"Globale Wasserpfeife","publisher":{"@id":"https:\/\/global-hookah.com\/#organization"},"potentialAction":[{"@type":"SearchAction","target":{"@type":"EntryPoint","urlTemplate":"https:\/\/global-hookah.com\/?s={search_term_string}"},"query-input":{"@type":"PropertyValueSpecification","valueRequired":true,"valueName":"search_term_string"}}],"inLanguage":"de"},{"@type":"Organization","@id":"https:\/\/global-hookah.com\/#organization","name":"Globale Wasserpfeife","url":"https:\/\/global-hookah.com\/","logo":{"@type":"ImageObject","inLanguage":"de","@id":"https:\/\/global-hookah.com\/#\/schema\/logo\/image\/","url":"https:\/\/global-hookah.com\/wp-content\/uploads\/2021\/10\/cropped-fgg.png","contentUrl":"https:\/\/global-hookah.com\/wp-content\/uploads\/2021\/10\/cropped-fgg.png","width":512,"height":512,"caption":"Global Hookah"},"image":{"@id":"https:\/\/global-hookah.com\/#\/schema\/logo\/image\/"}}]}},"_links":{"self":[{"href":"https:\/\/global-hookah.com\/de\/wp-json\/wp\/v2\/product\/16756","targetHints":{"allow":["GET"]}}],"collection":[{"href":"https:\/\/global-hookah.com\/de\/wp-json\/wp\/v2\/product"}],"about":[{"href":"https:\/\/global-hookah.com\/de\/wp-json\/wp\/v2\/types\/product"}],"replies":[{"embeddable":true,"href":"https:\/\/global-hookah.com\/de\/wp-json\/wp\/v2\/comments?post=16756"}],"version-history":[{"count":0,"href":"https:\/\/global-hookah.com\/de\/wp-json\/wp\/v2\/product\/16756\/revisions"}],"wp:featuredmedia":[{"embeddable":true,"href":"https:\/\/global-hookah.com\/de\/wp-json\/wp\/v2\/media\/16758"}],"wp:attachment":[{"href":"https:\/\/global-hookah.com\/de\/wp-json\/wp\/v2\/media?parent=16756"}],"wp:term":[{"taxonomy":"product_brand","embeddable":true,"href":"https:\/\/global-hookah.com\/de\/wp-json\/wp\/v2\/product_brand?post=16756"},{"taxonomy":"product_cat","embeddable":true,"href":"https:\/\/global-hookah.com\/de\/wp-json\/wp\/v2\/product_cat?post=16756"},{"taxonomy":"product_tag","embeddable":true,"href":"https:\/\/global-hookah.com\/de\/wp-json\/wp\/v2\/product_tag?post=16756"}],"curies":[{"name":"wp","href":"https:\/\/api.w.org\/{rel}","templated":true}]}}