{"id":16770,"date":"2023-12-06T03:58:52","date_gmt":"2023-12-06T03:58:52","guid":{"rendered":"https:\/\/global-hookah.com\/?post_type=product&#038;p=16770"},"modified":"2023-12-27T08:50:28","modified_gmt":"2023-12-27T08:50:28","slug":"arabian-aluminum-alloy-hookah-wholesale","status":"publish","type":"product","link":"https:\/\/global-hookah.com\/de\/produkt\/arabian-aluminum-alloy-hookah-wholesale\/","title":{"rendered":"Arabische Aluminiumlegierung Hookah Gro\u00dfhandel"},"content":{"rendered":"<ul class=\"a-unordered-list a-vertical a-spacing-mini\">\n<li class=\"a-spacing-mini\">Diese <strong>Arabische Aluminium-Legierung Hookah<\/strong> zeichnet sich durch ein elegantes flaschenf\u00f6rmiges Design mit matter Oberfl\u00e4che aus, das von Metallb\u00e4ndern und einer Reihe kreisf\u00f6rmiger \u00d6ffnungen akzentuiert wird. Diese \u00d6ffnungen sorgen nicht nur f\u00fcr eine tats\u00e4chliche Bel\u00fcftung, sondern leiten auch schnell die W\u00e4rme ab.<\/li>\n<li>Jede <strong>Arabische Aluminium-Legierung Hookah<\/strong> kommt mit einem passenden schwarzen Schlauch, der ein ergonomisches Mundst\u00fcck f\u00fcr Komfort hat,<\/li>\n<li>Der Hauptk\u00f6rper der Wasserpfeife ist aus einer hochwertigen Aluminiumlegierung gefertigt, die f\u00fcr die W\u00e4rmeableitung entscheidend ist und verhindert, dass der Tabak zu schnell verbrennt. Und die Aluminiumlegierung Material kann auch helfen, uns bringen eine einzigartige Erfahrung w\u00e4hrend des Gebrauchs<\/li>\n<li>Dank des mattschwarzen Stiels aus hochwertigem Metall sieht er besser aus und f\u00fchlt sich auch besser an, wenn du ihn benutzt. Es hat auch einen Filter an der Unterseite eingebaut, um die Filterung besser zu machen und f\u00fcr glatte Z\u00fcge zu erm\u00f6glichen.<\/li>\n<li>Der 30 cm lange Schlauch macht das Erlebnis noch komfortabler, so dass Sie jeden Geschmack genie\u00dfen k\u00f6nnen.<\/li>\n<\/ul>","protected":false},"excerpt":{"rendered":"<p>Diese arabische Aluminiumlegierung Hookah verf\u00fcgt \u00fcber ein stilvolles flaschenf\u00f6rmiges Design mit einer matten Oberfl\u00e4che, akzentuiert durch Metallb\u00e4nder und eine<\/p>","protected":false},"featured_media":16777,"comment_status":"open","ping_status":"closed","template":"","meta":{"iawp_total_views":0,"_joinchat":[]},"product_brand":[],"product_cat":[119],"product_tag":[],"class_list":{"0":"post-16770","1":"product","2":"type-product","3":"status-publish","4":"has-post-thumbnail","6":"product_cat-wholesale-hookah","8":"first","9":"instock","10":"shipping-taxable","11":"purchasable","12":"product-type-simple"},"yoast_head":"<!-- This site is optimized with the Yoast SEO Premium plugin v24.7 (Yoast SEO v26.8) - https:\/\/yoast.com\/product\/yoast-seo-premium-wordpress\/ -->\n<title>Arabian Aluminum Alloy Hookah Wholesale - Global Hookah<\/title>\n<meta name=\"robots\" content=\"index, follow, max-snippet:-1, max-image-preview:large, max-video-preview:-1\" \/>\n<link rel=\"canonical\" href=\"https:\/\/global-hookah.com\/de\/pt\/produto\/narguile-de-liga-de-aluminio-arabe-no-atacado\/\" \/>\n<meta property=\"og:locale\" content=\"de_DE\" \/>\n<meta property=\"og:type\" content=\"article\" \/>\n<meta property=\"og:title\" content=\"Arabian Aluminum Alloy Hookah Wholesale\" \/>\n<meta property=\"og:description\" content=\"This Arabian Aluminum Alloy Hookah features a stylish bottle-shaped design with a matte finish, accented by metal bands and a\" \/>\n<meta property=\"og:url\" content=\"https:\/\/global-hookah.com\/de\/pt\/produto\/narguile-de-liga-de-aluminio-arabe-no-atacado\/\" \/>\n<meta property=\"og:site_name\" content=\"Global Hookah\" \/>\n<meta property=\"article:modified_time\" content=\"2023-12-27T08:50:28+00:00\" \/>\n<meta property=\"og:image\" content=\"https:\/\/global-hookah.com\/wp-content\/uploads\/2023\/12\/O1CN018F3hz61rwMM8uGdEM___2208137625695-0-cib.jpg\" \/>\n\t<meta property=\"og:image:width\" content=\"1600\" \/>\n\t<meta property=\"og:image:height\" content=\"1600\" \/>\n\t<meta property=\"og:image:type\" content=\"image\/jpeg\" \/>\n<meta name=\"twitter:card\" content=\"summary_large_image\" \/>\n<meta name=\"twitter:label1\" content=\"Gesch\u00e4tzte Lesezeit\" \/>\n\t<meta name=\"twitter:data1\" content=\"1\u00a0Minute\" \/>\n<script type=\"application\/ld+json\" class=\"yoast-schema-graph\">{\"@context\":\"https:\/\/schema.org\",\"@graph\":[{\"@type\":\"WebPage\",\"@id\":\"https:\/\/global-hookah.com\/pt\/produto\/narguile-de-liga-de-aluminio-arabe-no-atacado\/\",\"url\":\"https:\/\/global-hookah.com\/pt\/produto\/narguile-de-liga-de-aluminio-arabe-no-atacado\/\",\"name\":\"Arabian Aluminum Alloy Hookah Wholesale - Global Hookah\",\"isPartOf\":{\"@id\":\"https:\/\/global-hookah.com\/#website\"},\"primaryImageOfPage\":{\"@id\":\"https:\/\/global-hookah.com\/pt\/produto\/narguile-de-liga-de-aluminio-arabe-no-atacado\/#primaryimage\"},\"image\":{\"@id\":\"https:\/\/global-hookah.com\/pt\/produto\/narguile-de-liga-de-aluminio-arabe-no-atacado\/#primaryimage\"},\"thumbnailUrl\":\"https:\/\/global-hookah.com\/wp-content\/uploads\/2023\/12\/O1CN018F3hz61rwMM8uGdEM___2208137625695-0-cib.jpg\",\"datePublished\":\"2023-12-06T03:58:52+00:00\",\"dateModified\":\"2023-12-27T08:50:28+00:00\",\"breadcrumb\":{\"@id\":\"https:\/\/global-hookah.com\/pt\/produto\/narguile-de-liga-de-aluminio-arabe-no-atacado\/#breadcrumb\"},\"inLanguage\":\"de\",\"potentialAction\":[{\"@type\":\"ReadAction\",\"target\":[\"https:\/\/global-hookah.com\/pt\/produto\/narguile-de-liga-de-aluminio-arabe-no-atacado\/\"]}]},{\"@type\":\"ImageObject\",\"inLanguage\":\"de\",\"@id\":\"https:\/\/global-hookah.com\/pt\/produto\/narguile-de-liga-de-aluminio-arabe-no-atacado\/#primaryimage\",\"url\":\"https:\/\/global-hookah.com\/wp-content\/uploads\/2023\/12\/O1CN018F3hz61rwMM8uGdEM___2208137625695-0-cib.jpg\",\"contentUrl\":\"https:\/\/global-hookah.com\/wp-content\/uploads\/2023\/12\/O1CN018F3hz61rwMM8uGdEM___2208137625695-0-cib.jpg\",\"width\":1600,\"height\":1600,\"caption\":\"Arabian Aluminum Alloy Hookah Wholesale\"},{\"@type\":\"BreadcrumbList\",\"@id\":\"https:\/\/global-hookah.com\/pt\/produto\/narguile-de-liga-de-aluminio-arabe-no-atacado\/#breadcrumb\",\"itemListElement\":[{\"@type\":\"ListItem\",\"position\":1,\"name\":\"Home\",\"item\":\"https:\/\/global-hookah.com\/\"},{\"@type\":\"ListItem\",\"position\":2,\"name\":\"Shop\",\"item\":\"https:\/\/global-hookah.com\/shop\/\"},{\"@type\":\"ListItem\",\"position\":3,\"name\":\"Arabian Aluminum Alloy Hookah Wholesale\"}]},{\"@type\":\"WebSite\",\"@id\":\"https:\/\/global-hookah.com\/#website\",\"url\":\"https:\/\/global-hookah.com\/\",\"name\":\"Global Hookah\",\"description\":\"Global Hookah\",\"publisher\":{\"@id\":\"https:\/\/global-hookah.com\/#organization\"},\"potentialAction\":[{\"@type\":\"SearchAction\",\"target\":{\"@type\":\"EntryPoint\",\"urlTemplate\":\"https:\/\/global-hookah.com\/?s={search_term_string}\"},\"query-input\":{\"@type\":\"PropertyValueSpecification\",\"valueRequired\":true,\"valueName\":\"search_term_string\"}}],\"inLanguage\":\"de\"},{\"@type\":\"Organization\",\"@id\":\"https:\/\/global-hookah.com\/#organization\",\"name\":\"Global Hookah\",\"url\":\"https:\/\/global-hookah.com\/\",\"logo\":{\"@type\":\"ImageObject\",\"inLanguage\":\"de\",\"@id\":\"https:\/\/global-hookah.com\/#\/schema\/logo\/image\/\",\"url\":\"https:\/\/global-hookah.com\/wp-content\/uploads\/2021\/10\/cropped-fgg.png\",\"contentUrl\":\"https:\/\/global-hookah.com\/wp-content\/uploads\/2021\/10\/cropped-fgg.png\",\"width\":512,\"height\":512,\"caption\":\"Global Hookah\"},\"image\":{\"@id\":\"https:\/\/global-hookah.com\/#\/schema\/logo\/image\/\"}}]}<\/script>\n<!-- \/ Yoast SEO Premium plugin. -->","yoast_head_json":{"title":"Arabische Aluminiumlegierung Hookah Gro\u00dfhandel - Global Hookah","robots":{"index":"index","follow":"follow","max-snippet":"max-snippet:-1","max-image-preview":"max-image-preview:large","max-video-preview":"max-video-preview:-1"},"canonical":"https:\/\/global-hookah.com\/de\/pt\/produto\/narguile-de-liga-de-aluminio-arabe-no-atacado\/","og_locale":"de_DE","og_type":"article","og_title":"Arabian Aluminum Alloy Hookah Wholesale","og_description":"This Arabian Aluminum Alloy Hookah features a stylish bottle-shaped design with a matte finish, accented by metal bands and a","og_url":"https:\/\/global-hookah.com\/de\/pt\/produto\/narguile-de-liga-de-aluminio-arabe-no-atacado\/","og_site_name":"Global Hookah","article_modified_time":"2023-12-27T08:50:28+00:00","og_image":[{"width":1600,"height":1600,"url":"https:\/\/global-hookah.com\/wp-content\/uploads\/2023\/12\/O1CN018F3hz61rwMM8uGdEM___2208137625695-0-cib.jpg","type":"image\/jpeg"}],"twitter_card":"summary_large_image","twitter_misc":{"Gesch\u00e4tzte Lesezeit":"1\u00a0Minute"},"schema":{"@context":"https:\/\/schema.org","@graph":[{"@type":"WebPage","@id":"https:\/\/global-hookah.com\/pt\/produto\/narguile-de-liga-de-aluminio-arabe-no-atacado\/","url":"https:\/\/global-hookah.com\/pt\/produto\/narguile-de-liga-de-aluminio-arabe-no-atacado\/","name":"Arabische Aluminiumlegierung Hookah Gro\u00dfhandel - Global Hookah","isPartOf":{"@id":"https:\/\/global-hookah.com\/#website"},"primaryImageOfPage":{"@id":"https:\/\/global-hookah.com\/pt\/produto\/narguile-de-liga-de-aluminio-arabe-no-atacado\/#primaryimage"},"image":{"@id":"https:\/\/global-hookah.com\/pt\/produto\/narguile-de-liga-de-aluminio-arabe-no-atacado\/#primaryimage"},"thumbnailUrl":"https:\/\/global-hookah.com\/wp-content\/uploads\/2023\/12\/O1CN018F3hz61rwMM8uGdEM___2208137625695-0-cib.jpg","datePublished":"2023-12-06T03:58:52+00:00","dateModified":"2023-12-27T08:50:28+00:00","breadcrumb":{"@id":"https:\/\/global-hookah.com\/pt\/produto\/narguile-de-liga-de-aluminio-arabe-no-atacado\/#breadcrumb"},"inLanguage":"de","potentialAction":[{"@type":"ReadAction","target":["https:\/\/global-hookah.com\/pt\/produto\/narguile-de-liga-de-aluminio-arabe-no-atacado\/"]}]},{"@type":"ImageObject","inLanguage":"de","@id":"https:\/\/global-hookah.com\/pt\/produto\/narguile-de-liga-de-aluminio-arabe-no-atacado\/#primaryimage","url":"https:\/\/global-hookah.com\/wp-content\/uploads\/2023\/12\/O1CN018F3hz61rwMM8uGdEM___2208137625695-0-cib.jpg","contentUrl":"https:\/\/global-hookah.com\/wp-content\/uploads\/2023\/12\/O1CN018F3hz61rwMM8uGdEM___2208137625695-0-cib.jpg","width":1600,"height":1600,"caption":"Arabian Aluminum Alloy Hookah Wholesale"},{"@type":"BreadcrumbList","@id":"https:\/\/global-hookah.com\/pt\/produto\/narguile-de-liga-de-aluminio-arabe-no-atacado\/#breadcrumb","itemListElement":[{"@type":"ListItem","position":1,"name":"Home","item":"https:\/\/global-hookah.com\/"},{"@type":"ListItem","position":2,"name":"Shop","item":"https:\/\/global-hookah.com\/shop\/"},{"@type":"ListItem","position":3,"name":"Arabian Aluminum Alloy Hookah Wholesale"}]},{"@type":"WebSite","@id":"https:\/\/global-hookah.com\/#website","url":"https:\/\/global-hookah.com\/","name":"Globale Wasserpfeife","description":"Globale Wasserpfeife","publisher":{"@id":"https:\/\/global-hookah.com\/#organization"},"potentialAction":[{"@type":"SearchAction","target":{"@type":"EntryPoint","urlTemplate":"https:\/\/global-hookah.com\/?s={search_term_string}"},"query-input":{"@type":"PropertyValueSpecification","valueRequired":true,"valueName":"search_term_string"}}],"inLanguage":"de"},{"@type":"Organization","@id":"https:\/\/global-hookah.com\/#organization","name":"Globale Wasserpfeife","url":"https:\/\/global-hookah.com\/","logo":{"@type":"ImageObject","inLanguage":"de","@id":"https:\/\/global-hookah.com\/#\/schema\/logo\/image\/","url":"https:\/\/global-hookah.com\/wp-content\/uploads\/2021\/10\/cropped-fgg.png","contentUrl":"https:\/\/global-hookah.com\/wp-content\/uploads\/2021\/10\/cropped-fgg.png","width":512,"height":512,"caption":"Global Hookah"},"image":{"@id":"https:\/\/global-hookah.com\/#\/schema\/logo\/image\/"}}]}},"_links":{"self":[{"href":"https:\/\/global-hookah.com\/de\/wp-json\/wp\/v2\/product\/16770","targetHints":{"allow":["GET"]}}],"collection":[{"href":"https:\/\/global-hookah.com\/de\/wp-json\/wp\/v2\/product"}],"about":[{"href":"https:\/\/global-hookah.com\/de\/wp-json\/wp\/v2\/types\/product"}],"replies":[{"embeddable":true,"href":"https:\/\/global-hookah.com\/de\/wp-json\/wp\/v2\/comments?post=16770"}],"version-history":[{"count":0,"href":"https:\/\/global-hookah.com\/de\/wp-json\/wp\/v2\/product\/16770\/revisions"}],"wp:featuredmedia":[{"embeddable":true,"href":"https:\/\/global-hookah.com\/de\/wp-json\/wp\/v2\/media\/16777"}],"wp:attachment":[{"href":"https:\/\/global-hookah.com\/de\/wp-json\/wp\/v2\/media?parent=16770"}],"wp:term":[{"taxonomy":"product_brand","embeddable":true,"href":"https:\/\/global-hookah.com\/de\/wp-json\/wp\/v2\/product_brand?post=16770"},{"taxonomy":"product_cat","embeddable":true,"href":"https:\/\/global-hookah.com\/de\/wp-json\/wp\/v2\/product_cat?post=16770"},{"taxonomy":"product_tag","embeddable":true,"href":"https:\/\/global-hookah.com\/de\/wp-json\/wp\/v2\/product_tag?post=16770"}],"curies":[{"name":"wp","href":"https:\/\/api.w.org\/{rel}","templated":true}]}}