{"id":16779,"date":"2023-12-06T05:25:36","date_gmt":"2023-12-06T05:25:36","guid":{"rendered":"https:\/\/global-hookah.com\/?post_type=product&#038;p=16779"},"modified":"2024-01-12T03:51:41","modified_gmt":"2024-01-12T03:51:41","slug":"shisha-water-pipe-wholesale","status":"publish","type":"product","link":"https:\/\/global-hookah.com\/de\/produkt\/shisha-water-pipe-wholesale\/","title":{"rendered":"Shisha-Wasserpfeife Gro\u00dfhandel"},"content":{"rendered":"<ul class=\"a-unordered-list a-vertical a-spacing-mini\">\n<li class=\"a-spacing-mini\">Der Sockel aus Klarglas hat die ikonische Vasen-Silhouette eines <strong>Shisha-Wasserpfeife<\/strong>Sie sind unten breiter und verj\u00fcngen sich dann nach oben, um einen sicheren Stand und ein gutes Gleichgewicht zu gew\u00e4hrleisten.<\/li>\n<li>Von der Basis aus erstrecken sich ein lebhaft lackierter Stiel und ein Schaft mit gl\u00e4nzender Gl\u00e4tte und stromlinienf\u00f6rmiger Formgebung. Subtile Rillen entlang des Stiels sorgen f\u00fcr taktilen Komfort und visuelle Faszination.<\/li>\n<li>Der Schaft der Shisha-Pfeife verf\u00fcgt \u00fcber einen Schlauchanschluss f\u00fcr die Verbindung mit der Wasserpfeife. Ihr minimalistisches Design passt zu Farbgebung und Stil.<\/li>\n<li>Die H\u00f6he der <strong>Shisha-Wasserpfeife<\/strong> betr\u00e4gt 43 cm und das Gewicht liegt bei knapp 3 Pfund. Die <a href=\"https:\/\/global-hookah.com\/\">Wasserpfeife<\/a> wird mit komplettem Zubeh\u00f6r wie Schl\u00e4uchen und Schellen geliefert.<\/li>\n<li>Um es noch au\u00dfergew\u00f6hnlicher zu machen, haben wir speziell f\u00fcr dieses Produkt einen Umkarton entworfen. <strong>Shisha-Bong<\/strong>! Es ist leicht zu tragen und zu lagern.<\/li>\n<li>ULTRA EINFACHE REINIGUNG - F\u00fcgen Sie einfach Zitrone und Backpulver zu Wasser hinzu, waschen Sie es gr\u00fcndlich mit einer B\u00fcrste, und Ihr pers\u00f6nliches Wasserpfeifen-Set wird so sauber wie neu sein.<\/li>\n<\/ul>","protected":false},"excerpt":{"rendered":"<p>Der Sockel aus Klarglas hat die ikonische Vasen-Silhouette einer Shisha-Wasserpfeife, die unten breiter ist und dann<\/p>","protected":false},"featured_media":16782,"comment_status":"open","ping_status":"closed","template":"","meta":{"iawp_total_views":1,"_joinchat":[]},"product_brand":[],"product_cat":[560,119],"product_tag":[],"class_list":{"0":"post-16779","1":"product","2":"type-product","3":"status-publish","4":"has-post-thumbnail","6":"product_cat-glass-hookah-wholesale","7":"product_cat-wholesale-hookah","9":"first","10":"instock","11":"shipping-taxable","12":"purchasable","13":"product-type-simple"},"yoast_head":"<!-- This site is optimized with the Yoast SEO Premium plugin v24.7 (Yoast SEO v26.8) - https:\/\/yoast.com\/product\/yoast-seo-premium-wordpress\/ -->\n<title>Shisha Water Pipe Wholesale - Global Hookah<\/title>\n<meta name=\"robots\" content=\"index, follow, max-snippet:-1, max-image-preview:large, max-video-preview:-1\" \/>\n<link rel=\"canonical\" href=\"https:\/\/global-hookah.com\/de\/produkt\/shisha-wasserpfeifen-groshandel\/\" \/>\n<meta property=\"og:locale\" content=\"de_DE\" \/>\n<meta property=\"og:type\" content=\"article\" \/>\n<meta property=\"og:title\" content=\"Shisha Water Pipe Wholesale\" \/>\n<meta property=\"og:description\" content=\"The clear glass base has the iconic vase silhouette of a Shisha Water Pipe, wider at the bottom and then\" \/>\n<meta property=\"og:url\" content=\"https:\/\/global-hookah.com\/de\/produkt\/shisha-wasserpfeifen-groshandel\/\" \/>\n<meta property=\"og:site_name\" content=\"Global Hookah\" \/>\n<meta property=\"article:modified_time\" content=\"2024-01-12T03:51:41+00:00\" \/>\n<meta property=\"og:image\" content=\"https:\/\/global-hookah.com\/wp-content\/uploads\/2023\/12\/0db28043-f2e9-405f-adde-eabcde1ad93f.jpg\" \/>\n\t<meta property=\"og:image:width\" content=\"850\" \/>\n\t<meta property=\"og:image:height\" content=\"850\" \/>\n\t<meta property=\"og:image:type\" content=\"image\/jpeg\" \/>\n<meta name=\"twitter:card\" content=\"summary_large_image\" \/>\n<meta name=\"twitter:label1\" content=\"Gesch\u00e4tzte Lesezeit\" \/>\n\t<meta name=\"twitter:data1\" content=\"1\u00a0Minute\" \/>\n<script type=\"application\/ld+json\" class=\"yoast-schema-graph\">{\"@context\":\"https:\/\/schema.org\",\"@graph\":[{\"@type\":\"WebPage\",\"@id\":\"https:\/\/global-hookah.com\/de\/produkt\/shisha-wasserpfeifen-groshandel\/\",\"url\":\"https:\/\/global-hookah.com\/de\/produkt\/shisha-wasserpfeifen-groshandel\/\",\"name\":\"Shisha Water Pipe Wholesale - Global Hookah\",\"isPartOf\":{\"@id\":\"https:\/\/global-hookah.com\/#website\"},\"primaryImageOfPage\":{\"@id\":\"https:\/\/global-hookah.com\/de\/produkt\/shisha-wasserpfeifen-groshandel\/#primaryimage\"},\"image\":{\"@id\":\"https:\/\/global-hookah.com\/de\/produkt\/shisha-wasserpfeifen-groshandel\/#primaryimage\"},\"thumbnailUrl\":\"https:\/\/global-hookah.com\/wp-content\/uploads\/2023\/12\/0db28043-f2e9-405f-adde-eabcde1ad93f.jpg\",\"datePublished\":\"2023-12-06T05:25:36+00:00\",\"dateModified\":\"2024-01-12T03:51:41+00:00\",\"breadcrumb\":{\"@id\":\"https:\/\/global-hookah.com\/de\/produkt\/shisha-wasserpfeifen-groshandel\/#breadcrumb\"},\"inLanguage\":\"de\",\"potentialAction\":[{\"@type\":\"ReadAction\",\"target\":[\"https:\/\/global-hookah.com\/de\/produkt\/shisha-wasserpfeifen-groshandel\/\"]}]},{\"@type\":\"ImageObject\",\"inLanguage\":\"de\",\"@id\":\"https:\/\/global-hookah.com\/de\/produkt\/shisha-wasserpfeifen-groshandel\/#primaryimage\",\"url\":\"https:\/\/global-hookah.com\/wp-content\/uploads\/2023\/12\/0db28043-f2e9-405f-adde-eabcde1ad93f.jpg\",\"contentUrl\":\"https:\/\/global-hookah.com\/wp-content\/uploads\/2023\/12\/0db28043-f2e9-405f-adde-eabcde1ad93f.jpg\",\"width\":850,\"height\":850,\"caption\":\"Shisha Water Pipe Wholesale\"},{\"@type\":\"BreadcrumbList\",\"@id\":\"https:\/\/global-hookah.com\/de\/produkt\/shisha-wasserpfeifen-groshandel\/#breadcrumb\",\"itemListElement\":[{\"@type\":\"ListItem\",\"position\":1,\"name\":\"Home\",\"item\":\"https:\/\/global-hookah.com\/\"},{\"@type\":\"ListItem\",\"position\":2,\"name\":\"Shop\",\"item\":\"https:\/\/global-hookah.com\/shop\/\"},{\"@type\":\"ListItem\",\"position\":3,\"name\":\"Shisha Water Pipe Wholesale\"}]},{\"@type\":\"WebSite\",\"@id\":\"https:\/\/global-hookah.com\/#website\",\"url\":\"https:\/\/global-hookah.com\/\",\"name\":\"Global Hookah\",\"description\":\"Global Hookah\",\"publisher\":{\"@id\":\"https:\/\/global-hookah.com\/#organization\"},\"potentialAction\":[{\"@type\":\"SearchAction\",\"target\":{\"@type\":\"EntryPoint\",\"urlTemplate\":\"https:\/\/global-hookah.com\/?s={search_term_string}\"},\"query-input\":{\"@type\":\"PropertyValueSpecification\",\"valueRequired\":true,\"valueName\":\"search_term_string\"}}],\"inLanguage\":\"de\"},{\"@type\":\"Organization\",\"@id\":\"https:\/\/global-hookah.com\/#organization\",\"name\":\"Global Hookah\",\"url\":\"https:\/\/global-hookah.com\/\",\"logo\":{\"@type\":\"ImageObject\",\"inLanguage\":\"de\",\"@id\":\"https:\/\/global-hookah.com\/#\/schema\/logo\/image\/\",\"url\":\"https:\/\/global-hookah.com\/wp-content\/uploads\/2021\/10\/cropped-fgg.png\",\"contentUrl\":\"https:\/\/global-hookah.com\/wp-content\/uploads\/2021\/10\/cropped-fgg.png\",\"width\":512,\"height\":512,\"caption\":\"Global Hookah\"},\"image\":{\"@id\":\"https:\/\/global-hookah.com\/#\/schema\/logo\/image\/\"}}]}<\/script>\n<!-- \/ Yoast SEO Premium plugin. -->","yoast_head_json":{"title":"Shisha-Wasserpfeife Gro\u00dfhandel - Global Hookah","robots":{"index":"index","follow":"follow","max-snippet":"max-snippet:-1","max-image-preview":"max-image-preview:large","max-video-preview":"max-video-preview:-1"},"canonical":"https:\/\/global-hookah.com\/de\/produkt\/shisha-wasserpfeifen-groshandel\/","og_locale":"de_DE","og_type":"article","og_title":"Shisha Water Pipe Wholesale","og_description":"The clear glass base has the iconic vase silhouette of a Shisha Water Pipe, wider at the bottom and then","og_url":"https:\/\/global-hookah.com\/de\/produkt\/shisha-wasserpfeifen-groshandel\/","og_site_name":"Global Hookah","article_modified_time":"2024-01-12T03:51:41+00:00","og_image":[{"width":850,"height":850,"url":"https:\/\/global-hookah.com\/wp-content\/uploads\/2023\/12\/0db28043-f2e9-405f-adde-eabcde1ad93f.jpg","type":"image\/jpeg"}],"twitter_card":"summary_large_image","twitter_misc":{"Gesch\u00e4tzte Lesezeit":"1\u00a0Minute"},"schema":{"@context":"https:\/\/schema.org","@graph":[{"@type":"WebPage","@id":"https:\/\/global-hookah.com\/de\/produkt\/shisha-wasserpfeifen-groshandel\/","url":"https:\/\/global-hookah.com\/de\/produkt\/shisha-wasserpfeifen-groshandel\/","name":"Shisha-Wasserpfeife Gro\u00dfhandel - Global Hookah","isPartOf":{"@id":"https:\/\/global-hookah.com\/#website"},"primaryImageOfPage":{"@id":"https:\/\/global-hookah.com\/de\/produkt\/shisha-wasserpfeifen-groshandel\/#primaryimage"},"image":{"@id":"https:\/\/global-hookah.com\/de\/produkt\/shisha-wasserpfeifen-groshandel\/#primaryimage"},"thumbnailUrl":"https:\/\/global-hookah.com\/wp-content\/uploads\/2023\/12\/0db28043-f2e9-405f-adde-eabcde1ad93f.jpg","datePublished":"2023-12-06T05:25:36+00:00","dateModified":"2024-01-12T03:51:41+00:00","breadcrumb":{"@id":"https:\/\/global-hookah.com\/de\/produkt\/shisha-wasserpfeifen-groshandel\/#breadcrumb"},"inLanguage":"de","potentialAction":[{"@type":"ReadAction","target":["https:\/\/global-hookah.com\/de\/produkt\/shisha-wasserpfeifen-groshandel\/"]}]},{"@type":"ImageObject","inLanguage":"de","@id":"https:\/\/global-hookah.com\/de\/produkt\/shisha-wasserpfeifen-groshandel\/#primaryimage","url":"https:\/\/global-hookah.com\/wp-content\/uploads\/2023\/12\/0db28043-f2e9-405f-adde-eabcde1ad93f.jpg","contentUrl":"https:\/\/global-hookah.com\/wp-content\/uploads\/2023\/12\/0db28043-f2e9-405f-adde-eabcde1ad93f.jpg","width":850,"height":850,"caption":"Shisha Water Pipe Wholesale"},{"@type":"BreadcrumbList","@id":"https:\/\/global-hookah.com\/de\/produkt\/shisha-wasserpfeifen-groshandel\/#breadcrumb","itemListElement":[{"@type":"ListItem","position":1,"name":"Home","item":"https:\/\/global-hookah.com\/"},{"@type":"ListItem","position":2,"name":"Shop","item":"https:\/\/global-hookah.com\/shop\/"},{"@type":"ListItem","position":3,"name":"Shisha Water Pipe Wholesale"}]},{"@type":"WebSite","@id":"https:\/\/global-hookah.com\/#website","url":"https:\/\/global-hookah.com\/","name":"Globale Wasserpfeife","description":"Globale Wasserpfeife","publisher":{"@id":"https:\/\/global-hookah.com\/#organization"},"potentialAction":[{"@type":"SearchAction","target":{"@type":"EntryPoint","urlTemplate":"https:\/\/global-hookah.com\/?s={search_term_string}"},"query-input":{"@type":"PropertyValueSpecification","valueRequired":true,"valueName":"search_term_string"}}],"inLanguage":"de"},{"@type":"Organization","@id":"https:\/\/global-hookah.com\/#organization","name":"Globale Wasserpfeife","url":"https:\/\/global-hookah.com\/","logo":{"@type":"ImageObject","inLanguage":"de","@id":"https:\/\/global-hookah.com\/#\/schema\/logo\/image\/","url":"https:\/\/global-hookah.com\/wp-content\/uploads\/2021\/10\/cropped-fgg.png","contentUrl":"https:\/\/global-hookah.com\/wp-content\/uploads\/2021\/10\/cropped-fgg.png","width":512,"height":512,"caption":"Global Hookah"},"image":{"@id":"https:\/\/global-hookah.com\/#\/schema\/logo\/image\/"}}]}},"_links":{"self":[{"href":"https:\/\/global-hookah.com\/de\/wp-json\/wp\/v2\/product\/16779","targetHints":{"allow":["GET"]}}],"collection":[{"href":"https:\/\/global-hookah.com\/de\/wp-json\/wp\/v2\/product"}],"about":[{"href":"https:\/\/global-hookah.com\/de\/wp-json\/wp\/v2\/types\/product"}],"replies":[{"embeddable":true,"href":"https:\/\/global-hookah.com\/de\/wp-json\/wp\/v2\/comments?post=16779"}],"version-history":[{"count":0,"href":"https:\/\/global-hookah.com\/de\/wp-json\/wp\/v2\/product\/16779\/revisions"}],"wp:featuredmedia":[{"embeddable":true,"href":"https:\/\/global-hookah.com\/de\/wp-json\/wp\/v2\/media\/16782"}],"wp:attachment":[{"href":"https:\/\/global-hookah.com\/de\/wp-json\/wp\/v2\/media?parent=16779"}],"wp:term":[{"taxonomy":"product_brand","embeddable":true,"href":"https:\/\/global-hookah.com\/de\/wp-json\/wp\/v2\/product_brand?post=16779"},{"taxonomy":"product_cat","embeddable":true,"href":"https:\/\/global-hookah.com\/de\/wp-json\/wp\/v2\/product_cat?post=16779"},{"taxonomy":"product_tag","embeddable":true,"href":"https:\/\/global-hookah.com\/de\/wp-json\/wp\/v2\/product_tag?post=16779"}],"curies":[{"name":"wp","href":"https:\/\/api.w.org\/{rel}","templated":true}]}}