{"id":16787,"date":"2023-12-06T05:28:03","date_gmt":"2023-12-06T05:28:03","guid":{"rendered":"https:\/\/global-hookah.com\/?post_type=product&#038;p=16787"},"modified":"2024-01-12T03:51:40","modified_gmt":"2024-01-12T03:51:40","slug":"clear-glass-hookah-wholesale","status":"publish","type":"product","link":"https:\/\/global-hookah.com\/de\/produkt\/clear-glass-hookah-wholesale\/","title":{"rendered":"Klarglas Wasserpfeife Gro\u00dfhandel"},"content":{"rendered":"<ul class=\"a-unordered-list a-vertical a-spacing-mini\">\n<li class=\"a-spacing-mini\">Der schlanke Metallstiel mit den dazu passenden leuchtend gr\u00fcnen Akzenten h\u00e4lt eine gro\u00dfe Schale und einen breiten, stabilen Aschenbecher.<\/li>\n<li>Die Shisha-Schale ist f\u00fcr eine gro\u00dfe Menge Shisha ausgelegt, so dass man l\u00e4nger rauchen kann und weniger oft nachf\u00fcllen muss.<\/li>\n<li>Der Schlauch besteht aus flexiblem, neongr\u00fcnem Silikon mit einem spiralf\u00f6rmigen Design, das einen bequemen Griff und eine moderne \u00c4sthetik bietet.<\/li>\n<li>Je l\u00e4nger <a href=\"https:\/\/global-hookah.com\/\">Wasserpfeife<\/a> Der Schlauch erm\u00f6glicht eine einfache und bequeme Handhabung, so dass Sie in einer entspannten Haltung rauchen k\u00f6nnen.<\/li>\n<\/ul>","protected":false},"excerpt":{"rendered":"<p>Der schlanke Metallstiel mit seinen leuchtend gr\u00fcnen Akzenten h\u00e4lt eine gro\u00dfe Schale und eine breite, stabile<\/p>","protected":false},"featured_media":16789,"comment_status":"open","ping_status":"closed","template":"","meta":{"iawp_total_views":1,"_joinchat":[]},"product_brand":[],"product_cat":[560,119],"product_tag":[],"class_list":{"0":"post-16787","1":"product","2":"type-product","3":"status-publish","4":"has-post-thumbnail","6":"product_cat-glass-hookah-wholesale","7":"product_cat-wholesale-hookah","9":"first","10":"instock","11":"shipping-taxable","12":"purchasable","13":"product-type-simple"},"yoast_head":"<!-- This site is optimized with the Yoast SEO Premium plugin v24.7 (Yoast SEO v26.8) - https:\/\/yoast.com\/product\/yoast-seo-premium-wordpress\/ -->\n<title>Clear Glass Hookah Wholesale - Global Hookah<\/title>\n<meta name=\"robots\" content=\"index, follow, max-snippet:-1, max-image-preview:large, max-video-preview:-1\" \/>\n<link rel=\"canonical\" href=\"https:\/\/global-hookah.com\/de\/produkt\/klarglas-wasserpfeife-groshandel\/\" \/>\n<meta property=\"og:locale\" content=\"de_DE\" \/>\n<meta property=\"og:type\" content=\"article\" \/>\n<meta property=\"og:title\" content=\"Clear Glass Hookah Wholesale\" \/>\n<meta property=\"og:description\" content=\"The sleek metal stem, which has bright green accents that match, holds up a large bowl and a wide, stable\" \/>\n<meta property=\"og:url\" content=\"https:\/\/global-hookah.com\/de\/produkt\/klarglas-wasserpfeife-groshandel\/\" \/>\n<meta property=\"og:site_name\" content=\"Global Hookah\" \/>\n<meta property=\"article:modified_time\" content=\"2024-01-12T03:51:40+00:00\" \/>\n<meta property=\"og:image\" content=\"https:\/\/global-hookah.com\/wp-content\/uploads\/2023\/12\/O1CN01aNA9Qw23khmQq35Rc___2201231717294-0-cib.jpg\" \/>\n\t<meta property=\"og:image:width\" content=\"1920\" \/>\n\t<meta property=\"og:image:height\" content=\"1920\" \/>\n\t<meta property=\"og:image:type\" content=\"image\/jpeg\" \/>\n<meta name=\"twitter:card\" content=\"summary_large_image\" \/>\n<meta name=\"twitter:label1\" content=\"Gesch\u00e4tzte Lesezeit\" \/>\n\t<meta name=\"twitter:data1\" content=\"1\u00a0Minute\" \/>\n<script type=\"application\/ld+json\" class=\"yoast-schema-graph\">{\"@context\":\"https:\/\/schema.org\",\"@graph\":[{\"@type\":\"WebPage\",\"@id\":\"https:\/\/global-hookah.com\/de\/produkt\/klarglas-wasserpfeife-groshandel\/\",\"url\":\"https:\/\/global-hookah.com\/de\/produkt\/klarglas-wasserpfeife-groshandel\/\",\"name\":\"Clear Glass Hookah Wholesale - Global Hookah\",\"isPartOf\":{\"@id\":\"https:\/\/global-hookah.com\/#website\"},\"primaryImageOfPage\":{\"@id\":\"https:\/\/global-hookah.com\/de\/produkt\/klarglas-wasserpfeife-groshandel\/#primaryimage\"},\"image\":{\"@id\":\"https:\/\/global-hookah.com\/de\/produkt\/klarglas-wasserpfeife-groshandel\/#primaryimage\"},\"thumbnailUrl\":\"https:\/\/global-hookah.com\/wp-content\/uploads\/2023\/12\/O1CN01aNA9Qw23khmQq35Rc___2201231717294-0-cib.jpg\",\"datePublished\":\"2023-12-06T05:28:03+00:00\",\"dateModified\":\"2024-01-12T03:51:40+00:00\",\"breadcrumb\":{\"@id\":\"https:\/\/global-hookah.com\/de\/produkt\/klarglas-wasserpfeife-groshandel\/#breadcrumb\"},\"inLanguage\":\"de\",\"potentialAction\":[{\"@type\":\"ReadAction\",\"target\":[\"https:\/\/global-hookah.com\/de\/produkt\/klarglas-wasserpfeife-groshandel\/\"]}]},{\"@type\":\"ImageObject\",\"inLanguage\":\"de\",\"@id\":\"https:\/\/global-hookah.com\/de\/produkt\/klarglas-wasserpfeife-groshandel\/#primaryimage\",\"url\":\"https:\/\/global-hookah.com\/wp-content\/uploads\/2023\/12\/O1CN01aNA9Qw23khmQq35Rc___2201231717294-0-cib.jpg\",\"contentUrl\":\"https:\/\/global-hookah.com\/wp-content\/uploads\/2023\/12\/O1CN01aNA9Qw23khmQq35Rc___2201231717294-0-cib.jpg\",\"width\":1920,\"height\":1920,\"caption\":\"Clear Glass Hookah Wholesale\"},{\"@type\":\"BreadcrumbList\",\"@id\":\"https:\/\/global-hookah.com\/de\/produkt\/klarglas-wasserpfeife-groshandel\/#breadcrumb\",\"itemListElement\":[{\"@type\":\"ListItem\",\"position\":1,\"name\":\"Home\",\"item\":\"https:\/\/global-hookah.com\/\"},{\"@type\":\"ListItem\",\"position\":2,\"name\":\"Shop\",\"item\":\"https:\/\/global-hookah.com\/shop\/\"},{\"@type\":\"ListItem\",\"position\":3,\"name\":\"Clear Glass Hookah Wholesale\"}]},{\"@type\":\"WebSite\",\"@id\":\"https:\/\/global-hookah.com\/#website\",\"url\":\"https:\/\/global-hookah.com\/\",\"name\":\"Global Hookah\",\"description\":\"Global Hookah\",\"publisher\":{\"@id\":\"https:\/\/global-hookah.com\/#organization\"},\"potentialAction\":[{\"@type\":\"SearchAction\",\"target\":{\"@type\":\"EntryPoint\",\"urlTemplate\":\"https:\/\/global-hookah.com\/?s={search_term_string}\"},\"query-input\":{\"@type\":\"PropertyValueSpecification\",\"valueRequired\":true,\"valueName\":\"search_term_string\"}}],\"inLanguage\":\"de\"},{\"@type\":\"Organization\",\"@id\":\"https:\/\/global-hookah.com\/#organization\",\"name\":\"Global Hookah\",\"url\":\"https:\/\/global-hookah.com\/\",\"logo\":{\"@type\":\"ImageObject\",\"inLanguage\":\"de\",\"@id\":\"https:\/\/global-hookah.com\/#\/schema\/logo\/image\/\",\"url\":\"https:\/\/global-hookah.com\/wp-content\/uploads\/2021\/10\/cropped-fgg.png\",\"contentUrl\":\"https:\/\/global-hookah.com\/wp-content\/uploads\/2021\/10\/cropped-fgg.png\",\"width\":512,\"height\":512,\"caption\":\"Global Hookah\"},\"image\":{\"@id\":\"https:\/\/global-hookah.com\/#\/schema\/logo\/image\/\"}}]}<\/script>\n<!-- \/ Yoast SEO Premium plugin. -->","yoast_head_json":{"title":"Klarglas Wasserpfeife Gro\u00dfhandel - Global Hookah","robots":{"index":"index","follow":"follow","max-snippet":"max-snippet:-1","max-image-preview":"max-image-preview:large","max-video-preview":"max-video-preview:-1"},"canonical":"https:\/\/global-hookah.com\/de\/produkt\/klarglas-wasserpfeife-groshandel\/","og_locale":"de_DE","og_type":"article","og_title":"Clear Glass Hookah Wholesale","og_description":"The sleek metal stem, which has bright green accents that match, holds up a large bowl and a wide, stable","og_url":"https:\/\/global-hookah.com\/de\/produkt\/klarglas-wasserpfeife-groshandel\/","og_site_name":"Global Hookah","article_modified_time":"2024-01-12T03:51:40+00:00","og_image":[{"width":1920,"height":1920,"url":"https:\/\/global-hookah.com\/wp-content\/uploads\/2023\/12\/O1CN01aNA9Qw23khmQq35Rc___2201231717294-0-cib.jpg","type":"image\/jpeg"}],"twitter_card":"summary_large_image","twitter_misc":{"Gesch\u00e4tzte Lesezeit":"1\u00a0Minute"},"schema":{"@context":"https:\/\/schema.org","@graph":[{"@type":"WebPage","@id":"https:\/\/global-hookah.com\/de\/produkt\/klarglas-wasserpfeife-groshandel\/","url":"https:\/\/global-hookah.com\/de\/produkt\/klarglas-wasserpfeife-groshandel\/","name":"Klarglas Wasserpfeife Gro\u00dfhandel - Global Hookah","isPartOf":{"@id":"https:\/\/global-hookah.com\/#website"},"primaryImageOfPage":{"@id":"https:\/\/global-hookah.com\/de\/produkt\/klarglas-wasserpfeife-groshandel\/#primaryimage"},"image":{"@id":"https:\/\/global-hookah.com\/de\/produkt\/klarglas-wasserpfeife-groshandel\/#primaryimage"},"thumbnailUrl":"https:\/\/global-hookah.com\/wp-content\/uploads\/2023\/12\/O1CN01aNA9Qw23khmQq35Rc___2201231717294-0-cib.jpg","datePublished":"2023-12-06T05:28:03+00:00","dateModified":"2024-01-12T03:51:40+00:00","breadcrumb":{"@id":"https:\/\/global-hookah.com\/de\/produkt\/klarglas-wasserpfeife-groshandel\/#breadcrumb"},"inLanguage":"de","potentialAction":[{"@type":"ReadAction","target":["https:\/\/global-hookah.com\/de\/produkt\/klarglas-wasserpfeife-groshandel\/"]}]},{"@type":"ImageObject","inLanguage":"de","@id":"https:\/\/global-hookah.com\/de\/produkt\/klarglas-wasserpfeife-groshandel\/#primaryimage","url":"https:\/\/global-hookah.com\/wp-content\/uploads\/2023\/12\/O1CN01aNA9Qw23khmQq35Rc___2201231717294-0-cib.jpg","contentUrl":"https:\/\/global-hookah.com\/wp-content\/uploads\/2023\/12\/O1CN01aNA9Qw23khmQq35Rc___2201231717294-0-cib.jpg","width":1920,"height":1920,"caption":"Clear Glass Hookah Wholesale"},{"@type":"BreadcrumbList","@id":"https:\/\/global-hookah.com\/de\/produkt\/klarglas-wasserpfeife-groshandel\/#breadcrumb","itemListElement":[{"@type":"ListItem","position":1,"name":"Home","item":"https:\/\/global-hookah.com\/"},{"@type":"ListItem","position":2,"name":"Shop","item":"https:\/\/global-hookah.com\/shop\/"},{"@type":"ListItem","position":3,"name":"Clear Glass Hookah Wholesale"}]},{"@type":"WebSite","@id":"https:\/\/global-hookah.com\/#website","url":"https:\/\/global-hookah.com\/","name":"Globale Wasserpfeife","description":"Globale Wasserpfeife","publisher":{"@id":"https:\/\/global-hookah.com\/#organization"},"potentialAction":[{"@type":"SearchAction","target":{"@type":"EntryPoint","urlTemplate":"https:\/\/global-hookah.com\/?s={search_term_string}"},"query-input":{"@type":"PropertyValueSpecification","valueRequired":true,"valueName":"search_term_string"}}],"inLanguage":"de"},{"@type":"Organization","@id":"https:\/\/global-hookah.com\/#organization","name":"Globale Wasserpfeife","url":"https:\/\/global-hookah.com\/","logo":{"@type":"ImageObject","inLanguage":"de","@id":"https:\/\/global-hookah.com\/#\/schema\/logo\/image\/","url":"https:\/\/global-hookah.com\/wp-content\/uploads\/2021\/10\/cropped-fgg.png","contentUrl":"https:\/\/global-hookah.com\/wp-content\/uploads\/2021\/10\/cropped-fgg.png","width":512,"height":512,"caption":"Global Hookah"},"image":{"@id":"https:\/\/global-hookah.com\/#\/schema\/logo\/image\/"}}]}},"_links":{"self":[{"href":"https:\/\/global-hookah.com\/de\/wp-json\/wp\/v2\/product\/16787","targetHints":{"allow":["GET"]}}],"collection":[{"href":"https:\/\/global-hookah.com\/de\/wp-json\/wp\/v2\/product"}],"about":[{"href":"https:\/\/global-hookah.com\/de\/wp-json\/wp\/v2\/types\/product"}],"replies":[{"embeddable":true,"href":"https:\/\/global-hookah.com\/de\/wp-json\/wp\/v2\/comments?post=16787"}],"version-history":[{"count":0,"href":"https:\/\/global-hookah.com\/de\/wp-json\/wp\/v2\/product\/16787\/revisions"}],"wp:featuredmedia":[{"embeddable":true,"href":"https:\/\/global-hookah.com\/de\/wp-json\/wp\/v2\/media\/16789"}],"wp:attachment":[{"href":"https:\/\/global-hookah.com\/de\/wp-json\/wp\/v2\/media?parent=16787"}],"wp:term":[{"taxonomy":"product_brand","embeddable":true,"href":"https:\/\/global-hookah.com\/de\/wp-json\/wp\/v2\/product_brand?post=16787"},{"taxonomy":"product_cat","embeddable":true,"href":"https:\/\/global-hookah.com\/de\/wp-json\/wp\/v2\/product_cat?post=16787"},{"taxonomy":"product_tag","embeddable":true,"href":"https:\/\/global-hookah.com\/de\/wp-json\/wp\/v2\/product_tag?post=16787"}],"curies":[{"name":"wp","href":"https:\/\/api.w.org\/{rel}","templated":true}]}}