{"id":16812,"date":"2023-12-06T05:48:56","date_gmt":"2023-12-06T05:48:56","guid":{"rendered":"https:\/\/global-hookah.com\/?post_type=product&#038;p=16812"},"modified":"2024-01-12T03:51:37","modified_gmt":"2024-01-12T03:51:37","slug":"fancy-hookah-pipes-wholesale","status":"publish","type":"product","link":"https:\/\/global-hookah.com\/de\/produkt\/fancy-hookah-pipes-wholesale\/","title":{"rendered":"Fancy Hookah Pfeifen Gro\u00dfhandel"},"content":{"rendered":"<ul>\n<li>Das zentrale Merkmal dieser <strong>Ausgefallene Hookah-Pfeife<\/strong> ist der einzigartig gestaltete Vasensockel mit den komplizierten vertikalen Mustern, die ihm ein modernes, stilvolles Aussehen verleihen.<\/li>\n<li>Die <strong>gro\u00dfe ausgefallene Wasserpfeifen<\/strong> ist auf einem Holzsockel montiert, der nicht nur f\u00fcr eine organische \u00c4sthetik sorgt, sondern auch einen stabilen Halt bietet, um ein Umkippen w\u00e4hrend des Gebrauchs zu verhindern.<\/li>\n<li>Vier flexible Schl\u00e4uche gehen von den Metallgelenken aus - zwei klassische schwarze und zwei leuchtend blaue. Jeder Schlauch hat einen durchsichtigen Abschnitt in der N\u00e4he des Mundst\u00fccks, damit die Benutzer den Rauch sehen k\u00f6nnen, der hindurchgeht.<\/li>\n<li>Die Schl\u00e4uche haben t\u00fcllenfreie Anschl\u00fcsse zum einfachen Einsetzen in Armaturen ohne zus\u00e4tzliche Dichtungen. Die Teile k\u00f6nnen ohne zus\u00e4tzliche Dichtungen sicher montiert werden.<\/li>\n<li>Die Schl\u00e4uche haben schlanke Mundst\u00fccke, die auf Komfort ausgelegt sind und sich f\u00fcr lange Sitzungen eignen.<\/li>\n<li>Die <strong>High-End-Mehrschlauch-Hookah-Set<\/strong> kommt mit einem Glas Wasserpfeife K\u00f6rper, Aschenbecher, waschbar Silikonschlauch (1,5 m), Aluminium-Mundst\u00fcck, Tonschale, Kohle-Sieb-Halter, Zange, und alle Gummidichtungen. Du brauchst nur noch Kohlen und Tabak, um sie zu genie\u00dfen.<\/li>\n<li>Diese <strong>Schickes Wasserpfeifen-Set<\/strong> ist ideal f\u00fcr gesellige Raucher, da sie bis zu vier gleichzeitige Benutzer zul\u00e4sst. Perfekt f\u00fcr Lounges oder soziale R\u00e4ume, in denen Gruppen zusammenkommen k\u00f6nnen, um gemeinsam Wasserpfeife zu genie\u00dfen.<\/li>\n<li>Unsere sch\u00f6nen Wasserpfeifen sind perfekt f\u00fcr gehobene Lounges. Wenn Sie auf der Suche nach dieser Art von Wasserpfeife sind, kontaktieren Sie uns bitte f\u00fcr <a href=\"https:\/\/global-hookah.com\/product-category\/wholesale-hookah\/\">individueller Gro\u00dfhandel<\/a><\/li>\n<\/ul>","protected":false},"excerpt":{"rendered":"<p>Das zentrale Merkmal dieser Fancy Hookah Pipe ist der einzigartig gestaltete Vasenboden, der mit seinen verschlungenen vertikalen Mustern die<\/p>","protected":false},"featured_media":16814,"comment_status":"open","ping_status":"closed","template":"","meta":{"iawp_total_views":1,"_joinchat":[]},"product_brand":[],"product_cat":[560,119],"product_tag":[],"class_list":{"0":"post-16812","1":"product","2":"type-product","3":"status-publish","4":"has-post-thumbnail","6":"product_cat-glass-hookah-wholesale","7":"product_cat-wholesale-hookah","9":"first","10":"instock","11":"shipping-taxable","12":"purchasable","13":"product-type-simple"},"yoast_head":"<!-- This site is optimized with the Yoast SEO Premium plugin v24.7 (Yoast SEO v26.8) - https:\/\/yoast.com\/product\/yoast-seo-premium-wordpress\/ -->\n<title>Fancy Hookah Pipes Wholesale - Global Hookah<\/title>\n<meta name=\"robots\" content=\"index, follow, max-snippet:-1, max-image-preview:large, max-video-preview:-1\" \/>\n<link rel=\"canonical\" href=\"https:\/\/global-hookah.com\/de\/pt\/produto\/cachimbos-de-luxo-atacado\/\" \/>\n<meta property=\"og:locale\" content=\"de_DE\" \/>\n<meta property=\"og:type\" content=\"article\" \/>\n<meta property=\"og:title\" content=\"Fancy Hookah Pipes Wholesale\" \/>\n<meta property=\"og:description\" content=\"The central feature of this Fancy Hookah Pipe is the uniquely designed vase base, with intricate vertical patterns giving it\" \/>\n<meta property=\"og:url\" content=\"https:\/\/global-hookah.com\/de\/pt\/produto\/cachimbos-de-luxo-atacado\/\" \/>\n<meta property=\"og:site_name\" content=\"Global Hookah\" \/>\n<meta property=\"article:modified_time\" content=\"2024-01-12T03:51:37+00:00\" \/>\n<meta property=\"og:image\" content=\"https:\/\/global-hookah.com\/wp-content\/uploads\/2023\/12\/O1CN01cu37Wv23khkwhul2X___2201231717294-0-cib.jpg\" \/>\n\t<meta property=\"og:image:width\" content=\"1920\" \/>\n\t<meta property=\"og:image:height\" content=\"1920\" \/>\n\t<meta property=\"og:image:type\" content=\"image\/jpeg\" \/>\n<meta name=\"twitter:card\" content=\"summary_large_image\" \/>\n<meta name=\"twitter:label1\" content=\"Gesch\u00e4tzte Lesezeit\" \/>\n\t<meta name=\"twitter:data1\" content=\"1\u00a0Minute\" \/>\n<script type=\"application\/ld+json\" class=\"yoast-schema-graph\">{\"@context\":\"https:\/\/schema.org\",\"@graph\":[{\"@type\":\"WebPage\",\"@id\":\"https:\/\/global-hookah.com\/pt\/produto\/cachimbos-de-luxo-atacado\/\",\"url\":\"https:\/\/global-hookah.com\/pt\/produto\/cachimbos-de-luxo-atacado\/\",\"name\":\"Fancy Hookah Pipes Wholesale - Global Hookah\",\"isPartOf\":{\"@id\":\"https:\/\/global-hookah.com\/#website\"},\"primaryImageOfPage\":{\"@id\":\"https:\/\/global-hookah.com\/pt\/produto\/cachimbos-de-luxo-atacado\/#primaryimage\"},\"image\":{\"@id\":\"https:\/\/global-hookah.com\/pt\/produto\/cachimbos-de-luxo-atacado\/#primaryimage\"},\"thumbnailUrl\":\"https:\/\/global-hookah.com\/wp-content\/uploads\/2023\/12\/O1CN01cu37Wv23khkwhul2X___2201231717294-0-cib.jpg\",\"datePublished\":\"2023-12-06T05:48:56+00:00\",\"dateModified\":\"2024-01-12T03:51:37+00:00\",\"breadcrumb\":{\"@id\":\"https:\/\/global-hookah.com\/pt\/produto\/cachimbos-de-luxo-atacado\/#breadcrumb\"},\"inLanguage\":\"de\",\"potentialAction\":[{\"@type\":\"ReadAction\",\"target\":[\"https:\/\/global-hookah.com\/pt\/produto\/cachimbos-de-luxo-atacado\/\"]}]},{\"@type\":\"ImageObject\",\"inLanguage\":\"de\",\"@id\":\"https:\/\/global-hookah.com\/pt\/produto\/cachimbos-de-luxo-atacado\/#primaryimage\",\"url\":\"https:\/\/global-hookah.com\/wp-content\/uploads\/2023\/12\/O1CN01cu37Wv23khkwhul2X___2201231717294-0-cib.jpg\",\"contentUrl\":\"https:\/\/global-hookah.com\/wp-content\/uploads\/2023\/12\/O1CN01cu37Wv23khkwhul2X___2201231717294-0-cib.jpg\",\"width\":1920,\"height\":1920,\"caption\":\"Fancy Hookah Pipes Wholesale\"},{\"@type\":\"BreadcrumbList\",\"@id\":\"https:\/\/global-hookah.com\/pt\/produto\/cachimbos-de-luxo-atacado\/#breadcrumb\",\"itemListElement\":[{\"@type\":\"ListItem\",\"position\":1,\"name\":\"Home\",\"item\":\"https:\/\/global-hookah.com\/\"},{\"@type\":\"ListItem\",\"position\":2,\"name\":\"Shop\",\"item\":\"https:\/\/global-hookah.com\/shop\/\"},{\"@type\":\"ListItem\",\"position\":3,\"name\":\"Fancy Hookah Pipes Wholesale\"}]},{\"@type\":\"WebSite\",\"@id\":\"https:\/\/global-hookah.com\/#website\",\"url\":\"https:\/\/global-hookah.com\/\",\"name\":\"Global Hookah\",\"description\":\"Global Hookah\",\"publisher\":{\"@id\":\"https:\/\/global-hookah.com\/#organization\"},\"potentialAction\":[{\"@type\":\"SearchAction\",\"target\":{\"@type\":\"EntryPoint\",\"urlTemplate\":\"https:\/\/global-hookah.com\/?s={search_term_string}\"},\"query-input\":{\"@type\":\"PropertyValueSpecification\",\"valueRequired\":true,\"valueName\":\"search_term_string\"}}],\"inLanguage\":\"de\"},{\"@type\":\"Organization\",\"@id\":\"https:\/\/global-hookah.com\/#organization\",\"name\":\"Global Hookah\",\"url\":\"https:\/\/global-hookah.com\/\",\"logo\":{\"@type\":\"ImageObject\",\"inLanguage\":\"de\",\"@id\":\"https:\/\/global-hookah.com\/#\/schema\/logo\/image\/\",\"url\":\"https:\/\/global-hookah.com\/wp-content\/uploads\/2021\/10\/cropped-fgg.png\",\"contentUrl\":\"https:\/\/global-hookah.com\/wp-content\/uploads\/2021\/10\/cropped-fgg.png\",\"width\":512,\"height\":512,\"caption\":\"Global Hookah\"},\"image\":{\"@id\":\"https:\/\/global-hookah.com\/#\/schema\/logo\/image\/\"}}]}<\/script>\n<!-- \/ Yoast SEO Premium plugin. -->","yoast_head_json":{"title":"Ausgefallene Hookah-Pfeifen Gro\u00dfhandel - Global Hookah","robots":{"index":"index","follow":"follow","max-snippet":"max-snippet:-1","max-image-preview":"max-image-preview:large","max-video-preview":"max-video-preview:-1"},"canonical":"https:\/\/global-hookah.com\/de\/pt\/produto\/cachimbos-de-luxo-atacado\/","og_locale":"de_DE","og_type":"article","og_title":"Fancy Hookah Pipes Wholesale","og_description":"The central feature of this Fancy Hookah Pipe is the uniquely designed vase base, with intricate vertical patterns giving it","og_url":"https:\/\/global-hookah.com\/de\/pt\/produto\/cachimbos-de-luxo-atacado\/","og_site_name":"Global Hookah","article_modified_time":"2024-01-12T03:51:37+00:00","og_image":[{"width":1920,"height":1920,"url":"https:\/\/global-hookah.com\/wp-content\/uploads\/2023\/12\/O1CN01cu37Wv23khkwhul2X___2201231717294-0-cib.jpg","type":"image\/jpeg"}],"twitter_card":"summary_large_image","twitter_misc":{"Gesch\u00e4tzte Lesezeit":"1\u00a0Minute"},"schema":{"@context":"https:\/\/schema.org","@graph":[{"@type":"WebPage","@id":"https:\/\/global-hookah.com\/pt\/produto\/cachimbos-de-luxo-atacado\/","url":"https:\/\/global-hookah.com\/pt\/produto\/cachimbos-de-luxo-atacado\/","name":"Ausgefallene Hookah-Pfeifen Gro\u00dfhandel - Global Hookah","isPartOf":{"@id":"https:\/\/global-hookah.com\/#website"},"primaryImageOfPage":{"@id":"https:\/\/global-hookah.com\/pt\/produto\/cachimbos-de-luxo-atacado\/#primaryimage"},"image":{"@id":"https:\/\/global-hookah.com\/pt\/produto\/cachimbos-de-luxo-atacado\/#primaryimage"},"thumbnailUrl":"https:\/\/global-hookah.com\/wp-content\/uploads\/2023\/12\/O1CN01cu37Wv23khkwhul2X___2201231717294-0-cib.jpg","datePublished":"2023-12-06T05:48:56+00:00","dateModified":"2024-01-12T03:51:37+00:00","breadcrumb":{"@id":"https:\/\/global-hookah.com\/pt\/produto\/cachimbos-de-luxo-atacado\/#breadcrumb"},"inLanguage":"de","potentialAction":[{"@type":"ReadAction","target":["https:\/\/global-hookah.com\/pt\/produto\/cachimbos-de-luxo-atacado\/"]}]},{"@type":"ImageObject","inLanguage":"de","@id":"https:\/\/global-hookah.com\/pt\/produto\/cachimbos-de-luxo-atacado\/#primaryimage","url":"https:\/\/global-hookah.com\/wp-content\/uploads\/2023\/12\/O1CN01cu37Wv23khkwhul2X___2201231717294-0-cib.jpg","contentUrl":"https:\/\/global-hookah.com\/wp-content\/uploads\/2023\/12\/O1CN01cu37Wv23khkwhul2X___2201231717294-0-cib.jpg","width":1920,"height":1920,"caption":"Fancy Hookah Pipes Wholesale"},{"@type":"BreadcrumbList","@id":"https:\/\/global-hookah.com\/pt\/produto\/cachimbos-de-luxo-atacado\/#breadcrumb","itemListElement":[{"@type":"ListItem","position":1,"name":"Home","item":"https:\/\/global-hookah.com\/"},{"@type":"ListItem","position":2,"name":"Shop","item":"https:\/\/global-hookah.com\/shop\/"},{"@type":"ListItem","position":3,"name":"Fancy Hookah Pipes Wholesale"}]},{"@type":"WebSite","@id":"https:\/\/global-hookah.com\/#website","url":"https:\/\/global-hookah.com\/","name":"Globale Wasserpfeife","description":"Globale Wasserpfeife","publisher":{"@id":"https:\/\/global-hookah.com\/#organization"},"potentialAction":[{"@type":"SearchAction","target":{"@type":"EntryPoint","urlTemplate":"https:\/\/global-hookah.com\/?s={search_term_string}"},"query-input":{"@type":"PropertyValueSpecification","valueRequired":true,"valueName":"search_term_string"}}],"inLanguage":"de"},{"@type":"Organization","@id":"https:\/\/global-hookah.com\/#organization","name":"Globale Wasserpfeife","url":"https:\/\/global-hookah.com\/","logo":{"@type":"ImageObject","inLanguage":"de","@id":"https:\/\/global-hookah.com\/#\/schema\/logo\/image\/","url":"https:\/\/global-hookah.com\/wp-content\/uploads\/2021\/10\/cropped-fgg.png","contentUrl":"https:\/\/global-hookah.com\/wp-content\/uploads\/2021\/10\/cropped-fgg.png","width":512,"height":512,"caption":"Global Hookah"},"image":{"@id":"https:\/\/global-hookah.com\/#\/schema\/logo\/image\/"}}]}},"_links":{"self":[{"href":"https:\/\/global-hookah.com\/de\/wp-json\/wp\/v2\/product\/16812","targetHints":{"allow":["GET"]}}],"collection":[{"href":"https:\/\/global-hookah.com\/de\/wp-json\/wp\/v2\/product"}],"about":[{"href":"https:\/\/global-hookah.com\/de\/wp-json\/wp\/v2\/types\/product"}],"replies":[{"embeddable":true,"href":"https:\/\/global-hookah.com\/de\/wp-json\/wp\/v2\/comments?post=16812"}],"version-history":[{"count":0,"href":"https:\/\/global-hookah.com\/de\/wp-json\/wp\/v2\/product\/16812\/revisions"}],"wp:featuredmedia":[{"embeddable":true,"href":"https:\/\/global-hookah.com\/de\/wp-json\/wp\/v2\/media\/16814"}],"wp:attachment":[{"href":"https:\/\/global-hookah.com\/de\/wp-json\/wp\/v2\/media?parent=16812"}],"wp:term":[{"taxonomy":"product_brand","embeddable":true,"href":"https:\/\/global-hookah.com\/de\/wp-json\/wp\/v2\/product_brand?post=16812"},{"taxonomy":"product_cat","embeddable":true,"href":"https:\/\/global-hookah.com\/de\/wp-json\/wp\/v2\/product_cat?post=16812"},{"taxonomy":"product_tag","embeddable":true,"href":"https:\/\/global-hookah.com\/de\/wp-json\/wp\/v2\/product_tag?post=16812"}],"curies":[{"name":"wp","href":"https:\/\/api.w.org\/{rel}","templated":true}]}}