{"id":16820,"date":"2023-12-06T05:52:50","date_gmt":"2023-12-06T05:52:50","guid":{"rendered":"https:\/\/global-hookah.com\/?post_type=product&#038;p=16820"},"modified":"2024-01-12T03:51:36","modified_gmt":"2024-01-12T03:51:36","slug":"blown-glass-hookah-set-wholesale","status":"publish","type":"product","link":"https:\/\/global-hookah.com\/de\/produkt\/blown-glass-hookah-set-wholesale\/","title":{"rendered":"Geblasenes Glas Hookah Set Gro\u00dfhandel"},"content":{"rendered":"<ul class=\"a-unordered-list a-vertical a-spacing-mini\">\n<li class=\"a-spacing-mini\">Die durchdacht gestaltete Wasserpfeifenschale auf dem <strong>Geblasenes Glas Wasserpfeifen-Set<\/strong> sorgt f\u00fcr eine optimale W\u00e4rmeverteilung beim Rauchen der Wasserpfeife, was zu einem sanften, k\u00f6stlichen Rauch f\u00fchrt<\/li>\n<li>Wenn sich die Flasche mit Rauch f\u00fcllt, k\u00f6nnen Sie von oben in die Wasserpfeife blasen, um den Rauch in einem spektakul\u00e4ren Schauspiel ausstr\u00f6men zu lassen, was Ihr Raucherlebnis noch angenehmer macht.<\/li>\n<li>Der Metallstiel ist mit einer auff\u00e4lligen Auswahl an mehrfarbigen Kristallperlen verziert, die eine schillernde Regenbogenpalette bilden und einen Hauch von moderner Eleganz vermitteln.<\/li>\n<li>Oben auf den St\u00e4ngeln befinden sich zeitlose, mit dem bevorzugten Tabak des Benutzers gef\u00fcllte Beh\u00e4lter f\u00fcr ein ma\u00dfgeschneidertes Raucherlebnis<\/li>\n<li>Der hochwertige, schwarze Silikonschlauch hat einen Griff aus Aluminium und Edelstahl, der sich frei biegen l\u00e4sst, so dass er bequem und individuell angepasst werden kann und jeder Zug gleichm\u00e4\u00dfig und ungehindert erfolgt.<\/li>\n<li>Mit einem Ausblasventil und einem Silikonschlauch werden die w\u00e4hrend des Gebrauchs entstehenden Abgase durch das Ventil abgeleitet, anstatt in der Glasflasche eingeschlossen zu werden, was einen besseren Geschmack garantiert.<\/li>\n<li><strong>Individuell geblasene Glas-Wasserpfeife<\/strong> Der Zusammenbau und die Verwendung sind sehr einfach. Der Sockel und die Glasflasche werden mit einem Grobgewinde absolut luftdicht verschraubt.<\/li>\n<li><strong>Luxus Regenbogen Kristall Perle Wasserpfeife<\/strong> Der formsch\u00f6ne Stiel und die kunstvolle Glasflasche vereinen traditionelle und moderne Stile, sowohl funktional als auch \u00e4sthetisch, f\u00fcr ein neuartiges Shisha-Erlebnis.<\/li>\n<li>Unsere Wasserpfeifen reichen von klassischen bis hin zu arabischen Stilen. W\u00e4hlen Sie unser <a href=\"https:\/\/global-hookah.com\/product-category\/wholesale-hookah\/\">Gro\u00dfhandel Wasserpfeifen<\/a> bedeutet, dass Sie die <a href=\"https:\/\/global-hookah.com\/\">die meisten Arten von Wasserpfeifen<\/a> auf dem Markt.<\/li>\n<\/ul>","protected":false},"excerpt":{"rendered":"<p>Die durchdachte Shisha-Schale des Blown Glass Hookah Sets sorgt f\u00fcr eine optimale W\u00e4rmeverteilung beim Shisha-Rauchen und damit f\u00fcr<\/p>","protected":false},"featured_media":16823,"comment_status":"open","ping_status":"closed","template":"","meta":{"iawp_total_views":0,"_joinchat":[]},"product_brand":[],"product_cat":[560,119],"product_tag":[],"class_list":{"0":"post-16820","1":"product","2":"type-product","3":"status-publish","4":"has-post-thumbnail","6":"product_cat-glass-hookah-wholesale","7":"product_cat-wholesale-hookah","9":"first","10":"instock","11":"shipping-taxable","12":"purchasable","13":"product-type-simple"},"yoast_head":"<!-- This site is optimized with the Yoast SEO Premium plugin v24.7 (Yoast SEO v26.8) - https:\/\/yoast.com\/product\/yoast-seo-premium-wordpress\/ -->\n<title>Blown Glass Hookah Set Wholesale - Global Hookah<\/title>\n<meta name=\"robots\" content=\"index, follow, max-snippet:-1, max-image-preview:large, max-video-preview:-1\" \/>\n<link rel=\"canonical\" href=\"https:\/\/global-hookah.com\/de\/produkt\/blown-glass-hookah-set-wholesale\/\" \/>\n<meta property=\"og:locale\" content=\"de_DE\" \/>\n<meta property=\"og:type\" content=\"article\" \/>\n<meta property=\"og:title\" content=\"Blown Glass Hookah Set Wholesale\" \/>\n<meta property=\"og:description\" content=\"The thoughtfully designed hookah bowl on the Blown Glass Hookah Set ensures optimal heat distribution while you smoke hookah, resulting\" \/>\n<meta property=\"og:url\" content=\"https:\/\/global-hookah.com\/de\/produkt\/blown-glass-hookah-set-wholesale\/\" \/>\n<meta property=\"og:site_name\" content=\"Global Hookah\" \/>\n<meta property=\"article:modified_time\" content=\"2024-01-12T03:51:36+00:00\" \/>\n<meta property=\"og:image\" content=\"https:\/\/global-hookah.com\/wp-content\/uploads\/2023\/12\/O1CN01NfHZUx23khlAA1npw___2201231717294-0-cib-1.jpg\" \/>\n\t<meta property=\"og:image:width\" content=\"1920\" \/>\n\t<meta property=\"og:image:height\" content=\"1920\" \/>\n\t<meta property=\"og:image:type\" content=\"image\/jpeg\" \/>\n<meta name=\"twitter:card\" content=\"summary_large_image\" \/>\n<meta name=\"twitter:label1\" content=\"Gesch\u00e4tzte Lesezeit\" \/>\n\t<meta name=\"twitter:data1\" content=\"2\u00a0Minuten\" \/>\n<script type=\"application\/ld+json\" class=\"yoast-schema-graph\">{\"@context\":\"https:\/\/schema.org\",\"@graph\":[{\"@type\":\"WebPage\",\"@id\":\"https:\/\/global-hookah.com\/product\/blown-glass-hookah-set-wholesale\/\",\"url\":\"https:\/\/global-hookah.com\/product\/blown-glass-hookah-set-wholesale\/\",\"name\":\"Blown Glass Hookah Set Wholesale - Global Hookah\",\"isPartOf\":{\"@id\":\"https:\/\/global-hookah.com\/#website\"},\"primaryImageOfPage\":{\"@id\":\"https:\/\/global-hookah.com\/product\/blown-glass-hookah-set-wholesale\/#primaryimage\"},\"image\":{\"@id\":\"https:\/\/global-hookah.com\/product\/blown-glass-hookah-set-wholesale\/#primaryimage\"},\"thumbnailUrl\":\"https:\/\/global-hookah.com\/wp-content\/uploads\/2023\/12\/O1CN01NfHZUx23khlAA1npw___2201231717294-0-cib-1.jpg\",\"datePublished\":\"2023-12-06T05:52:50+00:00\",\"dateModified\":\"2024-01-12T03:51:36+00:00\",\"breadcrumb\":{\"@id\":\"https:\/\/global-hookah.com\/product\/blown-glass-hookah-set-wholesale\/#breadcrumb\"},\"inLanguage\":\"de\",\"potentialAction\":[{\"@type\":\"ReadAction\",\"target\":[\"https:\/\/global-hookah.com\/product\/blown-glass-hookah-set-wholesale\/\"]}]},{\"@type\":\"ImageObject\",\"inLanguage\":\"de\",\"@id\":\"https:\/\/global-hookah.com\/product\/blown-glass-hookah-set-wholesale\/#primaryimage\",\"url\":\"https:\/\/global-hookah.com\/wp-content\/uploads\/2023\/12\/O1CN01NfHZUx23khlAA1npw___2201231717294-0-cib-1.jpg\",\"contentUrl\":\"https:\/\/global-hookah.com\/wp-content\/uploads\/2023\/12\/O1CN01NfHZUx23khlAA1npw___2201231717294-0-cib-1.jpg\",\"width\":1920,\"height\":1920,\"caption\":\"Blown Glass Hookah Set Wholesale\"},{\"@type\":\"BreadcrumbList\",\"@id\":\"https:\/\/global-hookah.com\/product\/blown-glass-hookah-set-wholesale\/#breadcrumb\",\"itemListElement\":[{\"@type\":\"ListItem\",\"position\":1,\"name\":\"Home\",\"item\":\"https:\/\/global-hookah.com\/\"},{\"@type\":\"ListItem\",\"position\":2,\"name\":\"Shop\",\"item\":\"https:\/\/global-hookah.com\/shop\/\"},{\"@type\":\"ListItem\",\"position\":3,\"name\":\"Blown Glass Hookah Set Wholesale\"}]},{\"@type\":\"WebSite\",\"@id\":\"https:\/\/global-hookah.com\/#website\",\"url\":\"https:\/\/global-hookah.com\/\",\"name\":\"Global Hookah\",\"description\":\"Global Hookah\",\"publisher\":{\"@id\":\"https:\/\/global-hookah.com\/#organization\"},\"potentialAction\":[{\"@type\":\"SearchAction\",\"target\":{\"@type\":\"EntryPoint\",\"urlTemplate\":\"https:\/\/global-hookah.com\/?s={search_term_string}\"},\"query-input\":{\"@type\":\"PropertyValueSpecification\",\"valueRequired\":true,\"valueName\":\"search_term_string\"}}],\"inLanguage\":\"de\"},{\"@type\":\"Organization\",\"@id\":\"https:\/\/global-hookah.com\/#organization\",\"name\":\"Global Hookah\",\"url\":\"https:\/\/global-hookah.com\/\",\"logo\":{\"@type\":\"ImageObject\",\"inLanguage\":\"de\",\"@id\":\"https:\/\/global-hookah.com\/#\/schema\/logo\/image\/\",\"url\":\"https:\/\/global-hookah.com\/wp-content\/uploads\/2021\/10\/cropped-fgg.png\",\"contentUrl\":\"https:\/\/global-hookah.com\/wp-content\/uploads\/2021\/10\/cropped-fgg.png\",\"width\":512,\"height\":512,\"caption\":\"Global Hookah\"},\"image\":{\"@id\":\"https:\/\/global-hookah.com\/#\/schema\/logo\/image\/\"}}]}<\/script>\n<!-- \/ Yoast SEO Premium plugin. -->","yoast_head_json":{"title":"Geblasenes Glas Wasserpfeife Set Gro\u00dfhandel - Global Hookah","robots":{"index":"index","follow":"follow","max-snippet":"max-snippet:-1","max-image-preview":"max-image-preview:large","max-video-preview":"max-video-preview:-1"},"canonical":"https:\/\/global-hookah.com\/de\/produkt\/blown-glass-hookah-set-wholesale\/","og_locale":"de_DE","og_type":"article","og_title":"Blown Glass Hookah Set Wholesale","og_description":"The thoughtfully designed hookah bowl on the Blown Glass Hookah Set ensures optimal heat distribution while you smoke hookah, resulting","og_url":"https:\/\/global-hookah.com\/de\/produkt\/blown-glass-hookah-set-wholesale\/","og_site_name":"Global Hookah","article_modified_time":"2024-01-12T03:51:36+00:00","og_image":[{"width":1920,"height":1920,"url":"https:\/\/global-hookah.com\/wp-content\/uploads\/2023\/12\/O1CN01NfHZUx23khlAA1npw___2201231717294-0-cib-1.jpg","type":"image\/jpeg"}],"twitter_card":"summary_large_image","twitter_misc":{"Gesch\u00e4tzte Lesezeit":"2\u00a0Minuten"},"schema":{"@context":"https:\/\/schema.org","@graph":[{"@type":"WebPage","@id":"https:\/\/global-hookah.com\/product\/blown-glass-hookah-set-wholesale\/","url":"https:\/\/global-hookah.com\/product\/blown-glass-hookah-set-wholesale\/","name":"Geblasenes Glas Wasserpfeife Set Gro\u00dfhandel - Global Hookah","isPartOf":{"@id":"https:\/\/global-hookah.com\/#website"},"primaryImageOfPage":{"@id":"https:\/\/global-hookah.com\/product\/blown-glass-hookah-set-wholesale\/#primaryimage"},"image":{"@id":"https:\/\/global-hookah.com\/product\/blown-glass-hookah-set-wholesale\/#primaryimage"},"thumbnailUrl":"https:\/\/global-hookah.com\/wp-content\/uploads\/2023\/12\/O1CN01NfHZUx23khlAA1npw___2201231717294-0-cib-1.jpg","datePublished":"2023-12-06T05:52:50+00:00","dateModified":"2024-01-12T03:51:36+00:00","breadcrumb":{"@id":"https:\/\/global-hookah.com\/product\/blown-glass-hookah-set-wholesale\/#breadcrumb"},"inLanguage":"de","potentialAction":[{"@type":"ReadAction","target":["https:\/\/global-hookah.com\/product\/blown-glass-hookah-set-wholesale\/"]}]},{"@type":"ImageObject","inLanguage":"de","@id":"https:\/\/global-hookah.com\/product\/blown-glass-hookah-set-wholesale\/#primaryimage","url":"https:\/\/global-hookah.com\/wp-content\/uploads\/2023\/12\/O1CN01NfHZUx23khlAA1npw___2201231717294-0-cib-1.jpg","contentUrl":"https:\/\/global-hookah.com\/wp-content\/uploads\/2023\/12\/O1CN01NfHZUx23khlAA1npw___2201231717294-0-cib-1.jpg","width":1920,"height":1920,"caption":"Blown Glass Hookah Set Wholesale"},{"@type":"BreadcrumbList","@id":"https:\/\/global-hookah.com\/product\/blown-glass-hookah-set-wholesale\/#breadcrumb","itemListElement":[{"@type":"ListItem","position":1,"name":"Home","item":"https:\/\/global-hookah.com\/"},{"@type":"ListItem","position":2,"name":"Shop","item":"https:\/\/global-hookah.com\/shop\/"},{"@type":"ListItem","position":3,"name":"Blown Glass Hookah Set Wholesale"}]},{"@type":"WebSite","@id":"https:\/\/global-hookah.com\/#website","url":"https:\/\/global-hookah.com\/","name":"Globale Wasserpfeife","description":"Globale Wasserpfeife","publisher":{"@id":"https:\/\/global-hookah.com\/#organization"},"potentialAction":[{"@type":"SearchAction","target":{"@type":"EntryPoint","urlTemplate":"https:\/\/global-hookah.com\/?s={search_term_string}"},"query-input":{"@type":"PropertyValueSpecification","valueRequired":true,"valueName":"search_term_string"}}],"inLanguage":"de"},{"@type":"Organization","@id":"https:\/\/global-hookah.com\/#organization","name":"Globale Wasserpfeife","url":"https:\/\/global-hookah.com\/","logo":{"@type":"ImageObject","inLanguage":"de","@id":"https:\/\/global-hookah.com\/#\/schema\/logo\/image\/","url":"https:\/\/global-hookah.com\/wp-content\/uploads\/2021\/10\/cropped-fgg.png","contentUrl":"https:\/\/global-hookah.com\/wp-content\/uploads\/2021\/10\/cropped-fgg.png","width":512,"height":512,"caption":"Global Hookah"},"image":{"@id":"https:\/\/global-hookah.com\/#\/schema\/logo\/image\/"}}]}},"_links":{"self":[{"href":"https:\/\/global-hookah.com\/de\/wp-json\/wp\/v2\/product\/16820","targetHints":{"allow":["GET"]}}],"collection":[{"href":"https:\/\/global-hookah.com\/de\/wp-json\/wp\/v2\/product"}],"about":[{"href":"https:\/\/global-hookah.com\/de\/wp-json\/wp\/v2\/types\/product"}],"replies":[{"embeddable":true,"href":"https:\/\/global-hookah.com\/de\/wp-json\/wp\/v2\/comments?post=16820"}],"version-history":[{"count":0,"href":"https:\/\/global-hookah.com\/de\/wp-json\/wp\/v2\/product\/16820\/revisions"}],"wp:featuredmedia":[{"embeddable":true,"href":"https:\/\/global-hookah.com\/de\/wp-json\/wp\/v2\/media\/16823"}],"wp:attachment":[{"href":"https:\/\/global-hookah.com\/de\/wp-json\/wp\/v2\/media?parent=16820"}],"wp:term":[{"taxonomy":"product_brand","embeddable":true,"href":"https:\/\/global-hookah.com\/de\/wp-json\/wp\/v2\/product_brand?post=16820"},{"taxonomy":"product_cat","embeddable":true,"href":"https:\/\/global-hookah.com\/de\/wp-json\/wp\/v2\/product_cat?post=16820"},{"taxonomy":"product_tag","embeddable":true,"href":"https:\/\/global-hookah.com\/de\/wp-json\/wp\/v2\/product_tag?post=16820"}],"curies":[{"name":"wp","href":"https:\/\/api.w.org\/{rel}","templated":true}]}}