{"id":16827,"date":"2023-12-06T05:56:58","date_gmt":"2023-12-06T05:56:58","guid":{"rendered":"https:\/\/global-hookah.com\/?post_type=product&#038;p=16827"},"modified":"2024-01-12T03:51:35","modified_gmt":"2024-01-12T03:51:35","slug":"wholesale-hookah-water-pipe-for-marijuana","status":"publish","type":"product","link":"https:\/\/global-hookah.com\/de\/produkt\/wholesale-hookah-water-pipe-for-marijuana\/","title":{"rendered":"Gro\u00dfhandel Hookah Wasserpfeife f\u00fcr Marihuana"},"content":{"rendered":"<ul class=\"a-unordered-list a-vertical a-spacing-mini\">\n<li class=\"a-spacing-mini\">Diese <strong>Hookah Wasserpfeife f\u00fcr Marihuana<\/strong> verf\u00fcgt \u00fcber einen eleganten, tiefblauen Glassockel, der ein klassisches und zugleich modernes Aussehen bietet. Der robuste Metallstiel hat eine weiche, matte Oberfl\u00e4che, die gut zu dem Aufsatz passt, in den eine Keramiksch\u00fcssel eingesetzt werden kann.<\/li>\n<li>Diese <strong>Hookah Wasserpfeife f\u00fcr Marihuana<\/strong> hat au\u00dferdem eine stabile, glockenf\u00f6rmige Konstruktion, die viel Platz f\u00fcr die Rauchk\u00fchlung bietet.<\/li>\n<li>Premium Shisha-Pfeife f\u00fcr Cannabis hat einen flexiblen schwarzen Schlauch und ein komfortables Mundst\u00fcck f\u00fcr gem\u00fctliches Rauchen.<\/li>\n<li>Der zentrale Stiel hat eine raffinierte dunkle Oberfl\u00e4che. Der praktische, breite Aschenbecher auf der Oberseite f\u00e4ngt herunterfallende Asche oder Kohlen auf.<\/li>\n<li>Die komfortablen Steckverbindungen sind mit Dichtungen f\u00fcr gute Luftdichtheit ausgestattet.<\/li>\n<li><strong>Marihuana-Hookah-Bausatz<\/strong> wird au\u00dferdem mit zwei 1500-mm-Schl\u00e4uchen und zwei Aluminiumgriffen geliefert, die von zwei Personen gleichzeitig benutzt werden k\u00f6nnen.<\/li>\n<li>Wenn Sie andere Arten von Wasserpfeifen im Gro\u00dfhandel suchen, k\u00f6nnen Sie auf unsere <a href=\"https:\/\/global-hookah.com\/product-category\/wholesale-hookah\/\">Gro\u00dfhandel Wasserpfeifen Seite<\/a>. Wir haben eine Menge von Stilen f\u00fcr Sie zu w\u00e4hlen.<\/li>\n<\/ul>","protected":false},"excerpt":{"rendered":"<p>Diese Hookah Wasserpfeife f\u00fcr Marihuana verf\u00fcgt \u00fcber eine elegante, tiefblaue Glasbasis, die einen klassischen und dennoch modernen Look bietet.<\/p>","protected":false},"featured_media":16830,"comment_status":"open","ping_status":"closed","template":"","meta":{"iawp_total_views":0,"_joinchat":[]},"product_brand":[],"product_cat":[560,119],"product_tag":[],"class_list":{"0":"post-16827","1":"product","2":"type-product","3":"status-publish","4":"has-post-thumbnail","6":"product_cat-glass-hookah-wholesale","7":"product_cat-wholesale-hookah","9":"first","10":"instock","11":"shipping-taxable","12":"purchasable","13":"product-type-simple"},"yoast_head":"<!-- This site is optimized with the Yoast SEO Premium plugin v24.7 (Yoast SEO v26.8) - https:\/\/yoast.com\/product\/yoast-seo-premium-wordpress\/ -->\n<title>Wholesale Hookah Water Pipe For Marijuana - Global Hookah<\/title>\n<meta name=\"robots\" content=\"index, follow, max-snippet:-1, max-image-preview:large, max-video-preview:-1\" \/>\n<link rel=\"canonical\" href=\"https:\/\/global-hookah.com\/de\/produkt\/groshandel-hookah-wasserpfeife-fur-marihuana\/\" \/>\n<meta property=\"og:locale\" content=\"de_DE\" \/>\n<meta property=\"og:type\" content=\"article\" \/>\n<meta property=\"og:title\" content=\"Wholesale Hookah Water Pipe For Marijuana\" \/>\n<meta property=\"og:description\" content=\"This Hookah Water Pipe For Marijuana features a sleek, deep blue glass base that provides a classic yet contemporary look.\" \/>\n<meta property=\"og:url\" content=\"https:\/\/global-hookah.com\/de\/produkt\/groshandel-hookah-wasserpfeife-fur-marihuana\/\" \/>\n<meta property=\"og:site_name\" content=\"Global Hookah\" \/>\n<meta property=\"article:modified_time\" content=\"2024-01-12T03:51:35+00:00\" \/>\n<meta property=\"og:image\" content=\"https:\/\/global-hookah.com\/wp-content\/uploads\/2023\/12\/O1CN01dOLLIk23kho2kojG3___2201231717294-0-cib.jpg\" \/>\n\t<meta property=\"og:image:width\" content=\"1920\" \/>\n\t<meta property=\"og:image:height\" content=\"1920\" \/>\n\t<meta property=\"og:image:type\" content=\"image\/jpeg\" \/>\n<meta name=\"twitter:card\" content=\"summary_large_image\" \/>\n<meta name=\"twitter:label1\" content=\"Gesch\u00e4tzte Lesezeit\" \/>\n\t<meta name=\"twitter:data1\" content=\"1\u00a0Minute\" \/>\n<script type=\"application\/ld+json\" class=\"yoast-schema-graph\">{\"@context\":\"https:\/\/schema.org\",\"@graph\":[{\"@type\":\"WebPage\",\"@id\":\"https:\/\/global-hookah.com\/de\/produkt\/groshandel-hookah-wasserpfeife-fur-marihuana\/\",\"url\":\"https:\/\/global-hookah.com\/de\/produkt\/groshandel-hookah-wasserpfeife-fur-marihuana\/\",\"name\":\"Wholesale Hookah Water Pipe For Marijuana - Global Hookah\",\"isPartOf\":{\"@id\":\"https:\/\/global-hookah.com\/#website\"},\"primaryImageOfPage\":{\"@id\":\"https:\/\/global-hookah.com\/de\/produkt\/groshandel-hookah-wasserpfeife-fur-marihuana\/#primaryimage\"},\"image\":{\"@id\":\"https:\/\/global-hookah.com\/de\/produkt\/groshandel-hookah-wasserpfeife-fur-marihuana\/#primaryimage\"},\"thumbnailUrl\":\"https:\/\/global-hookah.com\/wp-content\/uploads\/2023\/12\/O1CN01dOLLIk23kho2kojG3___2201231717294-0-cib.jpg\",\"datePublished\":\"2023-12-06T05:56:58+00:00\",\"dateModified\":\"2024-01-12T03:51:35+00:00\",\"breadcrumb\":{\"@id\":\"https:\/\/global-hookah.com\/de\/produkt\/groshandel-hookah-wasserpfeife-fur-marihuana\/#breadcrumb\"},\"inLanguage\":\"de\",\"potentialAction\":[{\"@type\":\"ReadAction\",\"target\":[\"https:\/\/global-hookah.com\/de\/produkt\/groshandel-hookah-wasserpfeife-fur-marihuana\/\"]}]},{\"@type\":\"ImageObject\",\"inLanguage\":\"de\",\"@id\":\"https:\/\/global-hookah.com\/de\/produkt\/groshandel-hookah-wasserpfeife-fur-marihuana\/#primaryimage\",\"url\":\"https:\/\/global-hookah.com\/wp-content\/uploads\/2023\/12\/O1CN01dOLLIk23kho2kojG3___2201231717294-0-cib.jpg\",\"contentUrl\":\"https:\/\/global-hookah.com\/wp-content\/uploads\/2023\/12\/O1CN01dOLLIk23kho2kojG3___2201231717294-0-cib.jpg\",\"width\":1920,\"height\":1920,\"caption\":\"Wholesale Hookah Water Pipe For Marijuana\"},{\"@type\":\"BreadcrumbList\",\"@id\":\"https:\/\/global-hookah.com\/de\/produkt\/groshandel-hookah-wasserpfeife-fur-marihuana\/#breadcrumb\",\"itemListElement\":[{\"@type\":\"ListItem\",\"position\":1,\"name\":\"Home\",\"item\":\"https:\/\/global-hookah.com\/\"},{\"@type\":\"ListItem\",\"position\":2,\"name\":\"Shop\",\"item\":\"https:\/\/global-hookah.com\/shop\/\"},{\"@type\":\"ListItem\",\"position\":3,\"name\":\"Wholesale Hookah Water Pipe For Marijuana\"}]},{\"@type\":\"WebSite\",\"@id\":\"https:\/\/global-hookah.com\/#website\",\"url\":\"https:\/\/global-hookah.com\/\",\"name\":\"Global Hookah\",\"description\":\"Global Hookah\",\"publisher\":{\"@id\":\"https:\/\/global-hookah.com\/#organization\"},\"potentialAction\":[{\"@type\":\"SearchAction\",\"target\":{\"@type\":\"EntryPoint\",\"urlTemplate\":\"https:\/\/global-hookah.com\/?s={search_term_string}\"},\"query-input\":{\"@type\":\"PropertyValueSpecification\",\"valueRequired\":true,\"valueName\":\"search_term_string\"}}],\"inLanguage\":\"de\"},{\"@type\":\"Organization\",\"@id\":\"https:\/\/global-hookah.com\/#organization\",\"name\":\"Global Hookah\",\"url\":\"https:\/\/global-hookah.com\/\",\"logo\":{\"@type\":\"ImageObject\",\"inLanguage\":\"de\",\"@id\":\"https:\/\/global-hookah.com\/#\/schema\/logo\/image\/\",\"url\":\"https:\/\/global-hookah.com\/wp-content\/uploads\/2021\/10\/cropped-fgg.png\",\"contentUrl\":\"https:\/\/global-hookah.com\/wp-content\/uploads\/2021\/10\/cropped-fgg.png\",\"width\":512,\"height\":512,\"caption\":\"Global Hookah\"},\"image\":{\"@id\":\"https:\/\/global-hookah.com\/#\/schema\/logo\/image\/\"}}]}<\/script>\n<!-- \/ Yoast SEO Premium plugin. -->","yoast_head_json":{"title":"Gro\u00dfhandel Hookah Wasserpfeife f\u00fcr Marihuana - Global Hookah","robots":{"index":"index","follow":"follow","max-snippet":"max-snippet:-1","max-image-preview":"max-image-preview:large","max-video-preview":"max-video-preview:-1"},"canonical":"https:\/\/global-hookah.com\/de\/produkt\/groshandel-hookah-wasserpfeife-fur-marihuana\/","og_locale":"de_DE","og_type":"article","og_title":"Wholesale Hookah Water Pipe For Marijuana","og_description":"This Hookah Water Pipe For Marijuana features a sleek, deep blue glass base that provides a classic yet contemporary look.","og_url":"https:\/\/global-hookah.com\/de\/produkt\/groshandel-hookah-wasserpfeife-fur-marihuana\/","og_site_name":"Global Hookah","article_modified_time":"2024-01-12T03:51:35+00:00","og_image":[{"width":1920,"height":1920,"url":"https:\/\/global-hookah.com\/wp-content\/uploads\/2023\/12\/O1CN01dOLLIk23kho2kojG3___2201231717294-0-cib.jpg","type":"image\/jpeg"}],"twitter_card":"summary_large_image","twitter_misc":{"Gesch\u00e4tzte Lesezeit":"1\u00a0Minute"},"schema":{"@context":"https:\/\/schema.org","@graph":[{"@type":"WebPage","@id":"https:\/\/global-hookah.com\/de\/produkt\/groshandel-hookah-wasserpfeife-fur-marihuana\/","url":"https:\/\/global-hookah.com\/de\/produkt\/groshandel-hookah-wasserpfeife-fur-marihuana\/","name":"Gro\u00dfhandel Hookah Wasserpfeife f\u00fcr Marihuana - Global Hookah","isPartOf":{"@id":"https:\/\/global-hookah.com\/#website"},"primaryImageOfPage":{"@id":"https:\/\/global-hookah.com\/de\/produkt\/groshandel-hookah-wasserpfeife-fur-marihuana\/#primaryimage"},"image":{"@id":"https:\/\/global-hookah.com\/de\/produkt\/groshandel-hookah-wasserpfeife-fur-marihuana\/#primaryimage"},"thumbnailUrl":"https:\/\/global-hookah.com\/wp-content\/uploads\/2023\/12\/O1CN01dOLLIk23kho2kojG3___2201231717294-0-cib.jpg","datePublished":"2023-12-06T05:56:58+00:00","dateModified":"2024-01-12T03:51:35+00:00","breadcrumb":{"@id":"https:\/\/global-hookah.com\/de\/produkt\/groshandel-hookah-wasserpfeife-fur-marihuana\/#breadcrumb"},"inLanguage":"de","potentialAction":[{"@type":"ReadAction","target":["https:\/\/global-hookah.com\/de\/produkt\/groshandel-hookah-wasserpfeife-fur-marihuana\/"]}]},{"@type":"ImageObject","inLanguage":"de","@id":"https:\/\/global-hookah.com\/de\/produkt\/groshandel-hookah-wasserpfeife-fur-marihuana\/#primaryimage","url":"https:\/\/global-hookah.com\/wp-content\/uploads\/2023\/12\/O1CN01dOLLIk23kho2kojG3___2201231717294-0-cib.jpg","contentUrl":"https:\/\/global-hookah.com\/wp-content\/uploads\/2023\/12\/O1CN01dOLLIk23kho2kojG3___2201231717294-0-cib.jpg","width":1920,"height":1920,"caption":"Wholesale Hookah Water Pipe For Marijuana"},{"@type":"BreadcrumbList","@id":"https:\/\/global-hookah.com\/de\/produkt\/groshandel-hookah-wasserpfeife-fur-marihuana\/#breadcrumb","itemListElement":[{"@type":"ListItem","position":1,"name":"Home","item":"https:\/\/global-hookah.com\/"},{"@type":"ListItem","position":2,"name":"Shop","item":"https:\/\/global-hookah.com\/shop\/"},{"@type":"ListItem","position":3,"name":"Wholesale Hookah Water Pipe For Marijuana"}]},{"@type":"WebSite","@id":"https:\/\/global-hookah.com\/#website","url":"https:\/\/global-hookah.com\/","name":"Globale Wasserpfeife","description":"Globale Wasserpfeife","publisher":{"@id":"https:\/\/global-hookah.com\/#organization"},"potentialAction":[{"@type":"SearchAction","target":{"@type":"EntryPoint","urlTemplate":"https:\/\/global-hookah.com\/?s={search_term_string}"},"query-input":{"@type":"PropertyValueSpecification","valueRequired":true,"valueName":"search_term_string"}}],"inLanguage":"de"},{"@type":"Organization","@id":"https:\/\/global-hookah.com\/#organization","name":"Globale Wasserpfeife","url":"https:\/\/global-hookah.com\/","logo":{"@type":"ImageObject","inLanguage":"de","@id":"https:\/\/global-hookah.com\/#\/schema\/logo\/image\/","url":"https:\/\/global-hookah.com\/wp-content\/uploads\/2021\/10\/cropped-fgg.png","contentUrl":"https:\/\/global-hookah.com\/wp-content\/uploads\/2021\/10\/cropped-fgg.png","width":512,"height":512,"caption":"Global Hookah"},"image":{"@id":"https:\/\/global-hookah.com\/#\/schema\/logo\/image\/"}}]}},"_links":{"self":[{"href":"https:\/\/global-hookah.com\/de\/wp-json\/wp\/v2\/product\/16827","targetHints":{"allow":["GET"]}}],"collection":[{"href":"https:\/\/global-hookah.com\/de\/wp-json\/wp\/v2\/product"}],"about":[{"href":"https:\/\/global-hookah.com\/de\/wp-json\/wp\/v2\/types\/product"}],"replies":[{"embeddable":true,"href":"https:\/\/global-hookah.com\/de\/wp-json\/wp\/v2\/comments?post=16827"}],"version-history":[{"count":0,"href":"https:\/\/global-hookah.com\/de\/wp-json\/wp\/v2\/product\/16827\/revisions"}],"wp:featuredmedia":[{"embeddable":true,"href":"https:\/\/global-hookah.com\/de\/wp-json\/wp\/v2\/media\/16830"}],"wp:attachment":[{"href":"https:\/\/global-hookah.com\/de\/wp-json\/wp\/v2\/media?parent=16827"}],"wp:term":[{"taxonomy":"product_brand","embeddable":true,"href":"https:\/\/global-hookah.com\/de\/wp-json\/wp\/v2\/product_brand?post=16827"},{"taxonomy":"product_cat","embeddable":true,"href":"https:\/\/global-hookah.com\/de\/wp-json\/wp\/v2\/product_cat?post=16827"},{"taxonomy":"product_tag","embeddable":true,"href":"https:\/\/global-hookah.com\/de\/wp-json\/wp\/v2\/product_tag?post=16827"}],"curies":[{"name":"wp","href":"https:\/\/api.w.org\/{rel}","templated":true}]}}