{"id":16843,"date":"2023-12-06T06:03:06","date_gmt":"2023-12-06T06:03:06","guid":{"rendered":"https:\/\/global-hookah.com\/?post_type=product&#038;p=16843"},"modified":"2024-01-12T03:51:34","modified_gmt":"2024-01-12T03:51:34","slug":"silicone-hookah-pipe-wholesale","status":"publish","type":"product","link":"https:\/\/global-hookah.com\/de\/produkt\/silicone-hookah-pipe-wholesale\/","title":{"rendered":"Silikon Hookah Rohr Gro\u00dfhandel"},"content":{"rendered":"<p>Diese <strong>Silikon Hookah Pfeife<\/strong> Wir verwenden Silikon in Lebensmittelqualit\u00e4t und enthalten kein Bisphenol A (BPA), keine Phthalate und kein Latex. Das macht unsere <strong>Silikon Hookah Pfeife<\/strong> das sicherste Hilfsmittel zum Rauchen von Wasserpfeifentabak<\/p>\n<p>Im Gegensatz zu herk\u00f6mmlichen Wasserpfeifen aus Glas oder Metall bewahrt eine Silikon-Wasserpfeife den Geschmack des Rauchs, was einer ihrer Hauptvorteile ist. Denn Silikonmaterial ist inert und f\u00fcgt Ihrer Shisha-Session keine unerw\u00fcnschten Aromen hinzu. Dies ist besonders offensichtlich, wenn Sie fruchtige oder minzige D\u00fcfte rauchen. Wenn Sie eine Metall-Wasserpfeife verwenden, vermischt sich der Geschmack manchmal mit dem chemischen Geruch von Metall. Aber wenn Sie unsere <strong>Silikon-Hookah<\/strong>Der Rauch, den sie produziert, wird reiner riechen, und Silikon l\u00e4sst diese Aromen sauber durchscheinen. So k\u00f6nnen Sie wirklich die nat\u00fcrlichen Aromen des Tabaks oder der Kr\u00e4utermischung schmecken, die Sie rauchen.<\/p>\n<p>Au\u00dferdem ist die glattere Oberfl\u00e4che von <strong>Lebensmittelqualit\u00e4t Silikon Wasserpfeife<\/strong> verhindert, dass sich Ascher\u00fcckst\u00e4nde und verbrannter Shisha-Tabak ansammeln. Im Vergleich zu herk\u00f6mmlichen Pfeifen, bei denen sich Schmutz auf den Innenfl\u00e4chen und an den gezackten Kanten ansammeln kann, erfordert dies weniger Reinigung. Einfaches Abwischen einer <strong>Premium Qualit\u00e4t Silikon Hookah Pfeife<\/strong> mit einem Tuch h\u00e4lt es zwischen den Tiefenreinigungen frisch.<\/p>\n<p>Unser Gro\u00dfhandelsgesch\u00e4ft umfasst eine Vielzahl von <strong>Hochwertige Silikon Wasserpfeifen<\/strong>. Wenn Sie Ihr eigenes Design haben, k\u00f6nnen Sie uns f\u00fcr OEM kundenspezifische Produktion kontaktieren. Egal wie viele Wasserpfeifen Sie im Gro\u00dfhandel ben\u00f6tigen, wir k\u00f6nnen sie liefern. Wir bieten die <a href=\"https:\/\/global-hookah.com\/product-category\/wholesale-hookah\/\">beste Gro\u00dfhandelspreise f\u00fcr Wasserpfeifen<\/a>.<\/p>","protected":false},"excerpt":{"rendered":"<p>Diese Silikonpfeife wird aus lebensmittelechtem Silikon hergestellt und enth\u00e4lt kein Bisphenol A (BPA), Phthalate oder Latex.<\/p>","protected":false},"featured_media":16849,"comment_status":"open","ping_status":"closed","template":"","meta":{"iawp_total_views":0,"_joinchat":[]},"product_brand":[],"product_cat":[560,119],"product_tag":[],"class_list":{"0":"post-16843","1":"product","2":"type-product","3":"status-publish","4":"has-post-thumbnail","6":"product_cat-glass-hookah-wholesale","7":"product_cat-wholesale-hookah","9":"first","10":"instock","11":"shipping-taxable","12":"purchasable","13":"product-type-simple"},"yoast_head":"<!-- This site is optimized with the Yoast SEO Premium plugin v24.7 (Yoast SEO v26.8) - https:\/\/yoast.com\/product\/yoast-seo-premium-wordpress\/ -->\n<title>Silicone Hookah Pipe Wholesale - Global Hookah<\/title>\n<meta name=\"robots\" content=\"index, follow, max-snippet:-1, max-image-preview:large, max-video-preview:-1\" \/>\n<link rel=\"canonical\" href=\"https:\/\/global-hookah.com\/de\/ru\/\u043f\u0440\u043e\u0434\u0443\u043a\u0442\/\u0441\u0438\u043b\u0438\u043a\u043e\u043d\u043e\u0432\u044b\u0435-\u043a\u0430\u043b\u044c\u044f\u043d\u043d\u044b\u0435-\u0442\u0440\u0443\u0431\u043a\u0438-\u043e\u043f\u0442\u043e\u043c\/\" \/>\n<meta property=\"og:locale\" content=\"de_DE\" \/>\n<meta property=\"og:type\" content=\"article\" \/>\n<meta property=\"og:title\" content=\"Silicone Hookah Pipe Wholesale\" \/>\n<meta property=\"og:description\" content=\"This Silicone Hookah Pipe we use food grade silicone and does not contain any Bisphenol A (BPA), Phthalates or Latex.\" \/>\n<meta property=\"og:url\" content=\"https:\/\/global-hookah.com\/de\/ru\/\u043f\u0440\u043e\u0434\u0443\u043a\u0442\/\u0441\u0438\u043b\u0438\u043a\u043e\u043d\u043e\u0432\u044b\u0435-\u043a\u0430\u043b\u044c\u044f\u043d\u043d\u044b\u0435-\u0442\u0440\u0443\u0431\u043a\u0438-\u043e\u043f\u0442\u043e\u043c\/\" \/>\n<meta property=\"og:site_name\" content=\"Global Hookah\" \/>\n<meta property=\"article:modified_time\" content=\"2024-01-12T03:51:34+00:00\" \/>\n<meta property=\"og:image\" content=\"https:\/\/global-hookah.com\/wp-content\/uploads\/2023\/12\/O1CN01zfEBg323khkNHJQ1y___2201231717294-0-cib.jpg\" \/>\n\t<meta property=\"og:image:width\" content=\"1920\" \/>\n\t<meta property=\"og:image:height\" content=\"1920\" \/>\n\t<meta property=\"og:image:type\" content=\"image\/jpeg\" \/>\n<meta name=\"twitter:card\" content=\"summary_large_image\" \/>\n<meta name=\"twitter:label1\" content=\"Gesch\u00e4tzte Lesezeit\" \/>\n\t<meta name=\"twitter:data1\" content=\"2\u00a0Minuten\" \/>\n<script type=\"application\/ld+json\" class=\"yoast-schema-graph\">{\"@context\":\"https:\/\/schema.org\",\"@graph\":[{\"@type\":\"WebPage\",\"@id\":\"https:\/\/global-hookah.com\/ru\/\u043f\u0440\u043e\u0434\u0443\u043a\u0442\/%d1%81%d0%b8%d0%bb%d0%b8%d0%ba%d0%be%d0%bd%d0%be%d0%b2%d1%8b%d0%b5-%d0%ba%d0%b0%d0%bb%d1%8c%d1%8f%d0%bd%d0%bd%d1%8b%d0%b5-%d1%82%d1%80%d1%83%d0%b1%d0%ba%d0%b8-%d0%be%d0%bf%d1%82%d0%be%d0%bc\/\",\"url\":\"https:\/\/global-hookah.com\/ru\/\u043f\u0440\u043e\u0434\u0443\u043a\u0442\/%d1%81%d0%b8%d0%bb%d0%b8%d0%ba%d0%be%d0%bd%d0%be%d0%b2%d1%8b%d0%b5-%d0%ba%d0%b0%d0%bb%d1%8c%d1%8f%d0%bd%d0%bd%d1%8b%d0%b5-%d1%82%d1%80%d1%83%d0%b1%d0%ba%d0%b8-%d0%be%d0%bf%d1%82%d0%be%d0%bc\/\",\"name\":\"Silicone Hookah Pipe Wholesale - Global Hookah\",\"isPartOf\":{\"@id\":\"https:\/\/global-hookah.com\/#website\"},\"primaryImageOfPage\":{\"@id\":\"https:\/\/global-hookah.com\/ru\/\u043f\u0440\u043e\u0434\u0443\u043a\u0442\/%d1%81%d0%b8%d0%bb%d0%b8%d0%ba%d0%be%d0%bd%d0%be%d0%b2%d1%8b%d0%b5-%d0%ba%d0%b0%d0%bb%d1%8c%d1%8f%d0%bd%d0%bd%d1%8b%d0%b5-%d1%82%d1%80%d1%83%d0%b1%d0%ba%d0%b8-%d0%be%d0%bf%d1%82%d0%be%d0%bc\/#primaryimage\"},\"image\":{\"@id\":\"https:\/\/global-hookah.com\/ru\/\u043f\u0440\u043e\u0434\u0443\u043a\u0442\/%d1%81%d0%b8%d0%bb%d0%b8%d0%ba%d0%be%d0%bd%d0%be%d0%b2%d1%8b%d0%b5-%d0%ba%d0%b0%d0%bb%d1%8c%d1%8f%d0%bd%d0%bd%d1%8b%d0%b5-%d1%82%d1%80%d1%83%d0%b1%d0%ba%d0%b8-%d0%be%d0%bf%d1%82%d0%be%d0%bc\/#primaryimage\"},\"thumbnailUrl\":\"https:\/\/global-hookah.com\/wp-content\/uploads\/2023\/12\/O1CN01zfEBg323khkNHJQ1y___2201231717294-0-cib.jpg\",\"datePublished\":\"2023-12-06T06:03:06+00:00\",\"dateModified\":\"2024-01-12T03:51:34+00:00\",\"breadcrumb\":{\"@id\":\"https:\/\/global-hookah.com\/ru\/\u043f\u0440\u043e\u0434\u0443\u043a\u0442\/%d1%81%d0%b8%d0%bb%d0%b8%d0%ba%d0%be%d0%bd%d0%be%d0%b2%d1%8b%d0%b5-%d0%ba%d0%b0%d0%bb%d1%8c%d1%8f%d0%bd%d0%bd%d1%8b%d0%b5-%d1%82%d1%80%d1%83%d0%b1%d0%ba%d0%b8-%d0%be%d0%bf%d1%82%d0%be%d0%bc\/#breadcrumb\"},\"inLanguage\":\"de\",\"potentialAction\":[{\"@type\":\"ReadAction\",\"target\":[\"https:\/\/global-hookah.com\/ru\/\u043f\u0440\u043e\u0434\u0443\u043a\u0442\/%d1%81%d0%b8%d0%bb%d0%b8%d0%ba%d0%be%d0%bd%d0%be%d0%b2%d1%8b%d0%b5-%d0%ba%d0%b0%d0%bb%d1%8c%d1%8f%d0%bd%d0%bd%d1%8b%d0%b5-%d1%82%d1%80%d1%83%d0%b1%d0%ba%d0%b8-%d0%be%d0%bf%d1%82%d0%be%d0%bc\/\"]}]},{\"@type\":\"ImageObject\",\"inLanguage\":\"de\",\"@id\":\"https:\/\/global-hookah.com\/ru\/\u043f\u0440\u043e\u0434\u0443\u043a\u0442\/%d1%81%d0%b8%d0%bb%d0%b8%d0%ba%d0%be%d0%bd%d0%be%d0%b2%d1%8b%d0%b5-%d0%ba%d0%b0%d0%bb%d1%8c%d1%8f%d0%bd%d0%bd%d1%8b%d0%b5-%d1%82%d1%80%d1%83%d0%b1%d0%ba%d0%b8-%d0%be%d0%bf%d1%82%d0%be%d0%bc\/#primaryimage\",\"url\":\"https:\/\/global-hookah.com\/wp-content\/uploads\/2023\/12\/O1CN01zfEBg323khkNHJQ1y___2201231717294-0-cib.jpg\",\"contentUrl\":\"https:\/\/global-hookah.com\/wp-content\/uploads\/2023\/12\/O1CN01zfEBg323khkNHJQ1y___2201231717294-0-cib.jpg\",\"width\":1920,\"height\":1920,\"caption\":\"Silicone Hookah Pipe Wholesale\"},{\"@type\":\"BreadcrumbList\",\"@id\":\"https:\/\/global-hookah.com\/ru\/\u043f\u0440\u043e\u0434\u0443\u043a\u0442\/%d1%81%d0%b8%d0%bb%d0%b8%d0%ba%d0%be%d0%bd%d0%be%d0%b2%d1%8b%d0%b5-%d0%ba%d0%b0%d0%bb%d1%8c%d1%8f%d0%bd%d0%bd%d1%8b%d0%b5-%d1%82%d1%80%d1%83%d0%b1%d0%ba%d0%b8-%d0%be%d0%bf%d1%82%d0%be%d0%bc\/#breadcrumb\",\"itemListElement\":[{\"@type\":\"ListItem\",\"position\":1,\"name\":\"Home\",\"item\":\"https:\/\/global-hookah.com\/\"},{\"@type\":\"ListItem\",\"position\":2,\"name\":\"Shop\",\"item\":\"https:\/\/global-hookah.com\/shop\/\"},{\"@type\":\"ListItem\",\"position\":3,\"name\":\"Silicone Hookah Pipe Wholesale\"}]},{\"@type\":\"WebSite\",\"@id\":\"https:\/\/global-hookah.com\/#website\",\"url\":\"https:\/\/global-hookah.com\/\",\"name\":\"Global Hookah\",\"description\":\"Global Hookah\",\"publisher\":{\"@id\":\"https:\/\/global-hookah.com\/#organization\"},\"potentialAction\":[{\"@type\":\"SearchAction\",\"target\":{\"@type\":\"EntryPoint\",\"urlTemplate\":\"https:\/\/global-hookah.com\/?s={search_term_string}\"},\"query-input\":{\"@type\":\"PropertyValueSpecification\",\"valueRequired\":true,\"valueName\":\"search_term_string\"}}],\"inLanguage\":\"de\"},{\"@type\":\"Organization\",\"@id\":\"https:\/\/global-hookah.com\/#organization\",\"name\":\"Global Hookah\",\"url\":\"https:\/\/global-hookah.com\/\",\"logo\":{\"@type\":\"ImageObject\",\"inLanguage\":\"de\",\"@id\":\"https:\/\/global-hookah.com\/#\/schema\/logo\/image\/\",\"url\":\"https:\/\/global-hookah.com\/wp-content\/uploads\/2021\/10\/cropped-fgg.png\",\"contentUrl\":\"https:\/\/global-hookah.com\/wp-content\/uploads\/2021\/10\/cropped-fgg.png\",\"width\":512,\"height\":512,\"caption\":\"Global Hookah\"},\"image\":{\"@id\":\"https:\/\/global-hookah.com\/#\/schema\/logo\/image\/\"}}]}<\/script>\n<!-- \/ Yoast SEO Premium plugin. -->","yoast_head_json":{"title":"Silikon Hookah Rohr Gro\u00dfhandel - Global Hookah","robots":{"index":"index","follow":"follow","max-snippet":"max-snippet:-1","max-image-preview":"max-image-preview:large","max-video-preview":"max-video-preview:-1"},"canonical":"https:\/\/global-hookah.com\/de\/ru\/\u043f\u0440\u043e\u0434\u0443\u043a\u0442\/\u0441\u0438\u043b\u0438\u043a\u043e\u043d\u043e\u0432\u044b\u0435-\u043a\u0430\u043b\u044c\u044f\u043d\u043d\u044b\u0435-\u0442\u0440\u0443\u0431\u043a\u0438-\u043e\u043f\u0442\u043e\u043c\/","og_locale":"de_DE","og_type":"article","og_title":"Silicone Hookah Pipe Wholesale","og_description":"This Silicone Hookah Pipe we use food grade silicone and does not contain any Bisphenol A (BPA), Phthalates or Latex.","og_url":"https:\/\/global-hookah.com\/de\/ru\/\u043f\u0440\u043e\u0434\u0443\u043a\u0442\/\u0441\u0438\u043b\u0438\u043a\u043e\u043d\u043e\u0432\u044b\u0435-\u043a\u0430\u043b\u044c\u044f\u043d\u043d\u044b\u0435-\u0442\u0440\u0443\u0431\u043a\u0438-\u043e\u043f\u0442\u043e\u043c\/","og_site_name":"Global Hookah","article_modified_time":"2024-01-12T03:51:34+00:00","og_image":[{"width":1920,"height":1920,"url":"https:\/\/global-hookah.com\/wp-content\/uploads\/2023\/12\/O1CN01zfEBg323khkNHJQ1y___2201231717294-0-cib.jpg","type":"image\/jpeg"}],"twitter_card":"summary_large_image","twitter_misc":{"Gesch\u00e4tzte Lesezeit":"2\u00a0Minuten"},"schema":{"@context":"https:\/\/schema.org","@graph":[{"@type":"WebPage","@id":"https:\/\/global-hookah.com\/ru\/\u043f\u0440\u043e\u0434\u0443\u043a\u0442\/%d1%81%d0%b8%d0%bb%d0%b8%d0%ba%d0%be%d0%bd%d0%be%d0%b2%d1%8b%d0%b5-%d0%ba%d0%b0%d0%bb%d1%8c%d1%8f%d0%bd%d0%bd%d1%8b%d0%b5-%d1%82%d1%80%d1%83%d0%b1%d0%ba%d0%b8-%d0%be%d0%bf%d1%82%d0%be%d0%bc\/","url":"https:\/\/global-hookah.com\/ru\/\u043f\u0440\u043e\u0434\u0443\u043a\u0442\/%d1%81%d0%b8%d0%bb%d0%b8%d0%ba%d0%be%d0%bd%d0%be%d0%b2%d1%8b%d0%b5-%d0%ba%d0%b0%d0%bb%d1%8c%d1%8f%d0%bd%d0%bd%d1%8b%d0%b5-%d1%82%d1%80%d1%83%d0%b1%d0%ba%d0%b8-%d0%be%d0%bf%d1%82%d0%be%d0%bc\/","name":"Silikon Hookah Rohr Gro\u00dfhandel - Global Hookah","isPartOf":{"@id":"https:\/\/global-hookah.com\/#website"},"primaryImageOfPage":{"@id":"https:\/\/global-hookah.com\/ru\/\u043f\u0440\u043e\u0434\u0443\u043a\u0442\/%d1%81%d0%b8%d0%bb%d0%b8%d0%ba%d0%be%d0%bd%d0%be%d0%b2%d1%8b%d0%b5-%d0%ba%d0%b0%d0%bb%d1%8c%d1%8f%d0%bd%d0%bd%d1%8b%d0%b5-%d1%82%d1%80%d1%83%d0%b1%d0%ba%d0%b8-%d0%be%d0%bf%d1%82%d0%be%d0%bc\/#primaryimage"},"image":{"@id":"https:\/\/global-hookah.com\/ru\/\u043f\u0440\u043e\u0434\u0443\u043a\u0442\/%d1%81%d0%b8%d0%bb%d0%b8%d0%ba%d0%be%d0%bd%d0%be%d0%b2%d1%8b%d0%b5-%d0%ba%d0%b0%d0%bb%d1%8c%d1%8f%d0%bd%d0%bd%d1%8b%d0%b5-%d1%82%d1%80%d1%83%d0%b1%d0%ba%d0%b8-%d0%be%d0%bf%d1%82%d0%be%d0%bc\/#primaryimage"},"thumbnailUrl":"https:\/\/global-hookah.com\/wp-content\/uploads\/2023\/12\/O1CN01zfEBg323khkNHJQ1y___2201231717294-0-cib.jpg","datePublished":"2023-12-06T06:03:06+00:00","dateModified":"2024-01-12T03:51:34+00:00","breadcrumb":{"@id":"https:\/\/global-hookah.com\/ru\/\u043f\u0440\u043e\u0434\u0443\u043a\u0442\/%d1%81%d0%b8%d0%bb%d0%b8%d0%ba%d0%be%d0%bd%d0%be%d0%b2%d1%8b%d0%b5-%d0%ba%d0%b0%d0%bb%d1%8c%d1%8f%d0%bd%d0%bd%d1%8b%d0%b5-%d1%82%d1%80%d1%83%d0%b1%d0%ba%d0%b8-%d0%be%d0%bf%d1%82%d0%be%d0%bc\/#breadcrumb"},"inLanguage":"de","potentialAction":[{"@type":"ReadAction","target":["https:\/\/global-hookah.com\/ru\/\u043f\u0440\u043e\u0434\u0443\u043a\u0442\/%d1%81%d0%b8%d0%bb%d0%b8%d0%ba%d0%be%d0%bd%d0%be%d0%b2%d1%8b%d0%b5-%d0%ba%d0%b0%d0%bb%d1%8c%d1%8f%d0%bd%d0%bd%d1%8b%d0%b5-%d1%82%d1%80%d1%83%d0%b1%d0%ba%d0%b8-%d0%be%d0%bf%d1%82%d0%be%d0%bc\/"]}]},{"@type":"ImageObject","inLanguage":"de","@id":"https:\/\/global-hookah.com\/ru\/\u043f\u0440\u043e\u0434\u0443\u043a\u0442\/%d1%81%d0%b8%d0%bb%d0%b8%d0%ba%d0%be%d0%bd%d0%be%d0%b2%d1%8b%d0%b5-%d0%ba%d0%b0%d0%bb%d1%8c%d1%8f%d0%bd%d0%bd%d1%8b%d0%b5-%d1%82%d1%80%d1%83%d0%b1%d0%ba%d0%b8-%d0%be%d0%bf%d1%82%d0%be%d0%bc\/#primaryimage","url":"https:\/\/global-hookah.com\/wp-content\/uploads\/2023\/12\/O1CN01zfEBg323khkNHJQ1y___2201231717294-0-cib.jpg","contentUrl":"https:\/\/global-hookah.com\/wp-content\/uploads\/2023\/12\/O1CN01zfEBg323khkNHJQ1y___2201231717294-0-cib.jpg","width":1920,"height":1920,"caption":"Silicone Hookah Pipe Wholesale"},{"@type":"BreadcrumbList","@id":"https:\/\/global-hookah.com\/ru\/\u043f\u0440\u043e\u0434\u0443\u043a\u0442\/%d1%81%d0%b8%d0%bb%d0%b8%d0%ba%d0%be%d0%bd%d0%be%d0%b2%d1%8b%d0%b5-%d0%ba%d0%b0%d0%bb%d1%8c%d1%8f%d0%bd%d0%bd%d1%8b%d0%b5-%d1%82%d1%80%d1%83%d0%b1%d0%ba%d0%b8-%d0%be%d0%bf%d1%82%d0%be%d0%bc\/#breadcrumb","itemListElement":[{"@type":"ListItem","position":1,"name":"Home","item":"https:\/\/global-hookah.com\/"},{"@type":"ListItem","position":2,"name":"Shop","item":"https:\/\/global-hookah.com\/shop\/"},{"@type":"ListItem","position":3,"name":"Silicone Hookah Pipe Wholesale"}]},{"@type":"WebSite","@id":"https:\/\/global-hookah.com\/#website","url":"https:\/\/global-hookah.com\/","name":"Globale Wasserpfeife","description":"Globale Wasserpfeife","publisher":{"@id":"https:\/\/global-hookah.com\/#organization"},"potentialAction":[{"@type":"SearchAction","target":{"@type":"EntryPoint","urlTemplate":"https:\/\/global-hookah.com\/?s={search_term_string}"},"query-input":{"@type":"PropertyValueSpecification","valueRequired":true,"valueName":"search_term_string"}}],"inLanguage":"de"},{"@type":"Organization","@id":"https:\/\/global-hookah.com\/#organization","name":"Globale Wasserpfeife","url":"https:\/\/global-hookah.com\/","logo":{"@type":"ImageObject","inLanguage":"de","@id":"https:\/\/global-hookah.com\/#\/schema\/logo\/image\/","url":"https:\/\/global-hookah.com\/wp-content\/uploads\/2021\/10\/cropped-fgg.png","contentUrl":"https:\/\/global-hookah.com\/wp-content\/uploads\/2021\/10\/cropped-fgg.png","width":512,"height":512,"caption":"Global Hookah"},"image":{"@id":"https:\/\/global-hookah.com\/#\/schema\/logo\/image\/"}}]}},"_links":{"self":[{"href":"https:\/\/global-hookah.com\/de\/wp-json\/wp\/v2\/product\/16843","targetHints":{"allow":["GET"]}}],"collection":[{"href":"https:\/\/global-hookah.com\/de\/wp-json\/wp\/v2\/product"}],"about":[{"href":"https:\/\/global-hookah.com\/de\/wp-json\/wp\/v2\/types\/product"}],"replies":[{"embeddable":true,"href":"https:\/\/global-hookah.com\/de\/wp-json\/wp\/v2\/comments?post=16843"}],"version-history":[{"count":0,"href":"https:\/\/global-hookah.com\/de\/wp-json\/wp\/v2\/product\/16843\/revisions"}],"wp:featuredmedia":[{"embeddable":true,"href":"https:\/\/global-hookah.com\/de\/wp-json\/wp\/v2\/media\/16849"}],"wp:attachment":[{"href":"https:\/\/global-hookah.com\/de\/wp-json\/wp\/v2\/media?parent=16843"}],"wp:term":[{"taxonomy":"product_brand","embeddable":true,"href":"https:\/\/global-hookah.com\/de\/wp-json\/wp\/v2\/product_brand?post=16843"},{"taxonomy":"product_cat","embeddable":true,"href":"https:\/\/global-hookah.com\/de\/wp-json\/wp\/v2\/product_cat?post=16843"},{"taxonomy":"product_tag","embeddable":true,"href":"https:\/\/global-hookah.com\/de\/wp-json\/wp\/v2\/product_tag?post=16843"}],"curies":[{"name":"wp","href":"https:\/\/api.w.org\/{rel}","templated":true}]}}