{"id":16871,"date":"2023-12-06T06:54:57","date_gmt":"2023-12-06T06:54:57","guid":{"rendered":"https:\/\/global-hookah.com\/?post_type=product&#038;p=16871"},"modified":"2024-01-12T03:51:32","modified_gmt":"2024-01-12T03:51:32","slug":"egyptian-retro-style-2-hose-hookah-wholesale","status":"publish","type":"product","link":"https:\/\/global-hookah.com\/de\/produkt\/egyptian-retro-style-2-hose-hookah-wholesale\/","title":{"rendered":"\u00c4gyptische Retro-Stil 2 Schlauch Hookah Gro\u00dfhandel"},"content":{"rendered":"<p>Diese<strong> \u00c4gyptischer Stil 2 Schlauch Wasserpfeife<\/strong> besticht durch seine verschn\u00f6rkelten, \u00e4gyptisch inspirierten Designakzente. Die Vase ist in Antikgold gehalten und weist dekorative Lotusbl\u00fcten und Palmbl\u00e4tter entlang des Schafts und des Sockels auf. Verschlungene Hieroglyphen und Pyramidenmuster zieren die Vase und sorgen f\u00fcr einen exotischen Effekt.<\/p>\n<p>Diese<strong> 2 Schlauch Wasserpfeife<\/strong> verbindet mit seinen auff\u00e4lligen Kupferakzenten und den beiden Schl\u00e4uchen Zweckm\u00e4\u00dfigkeit und exotischen Stil. Die traditionellen Materialien wie Glas und Kupfer verleihen ihm ein realistisches, altmodisches Flair.<\/p>\n<p>Der Stiel, der den Boden und die obere Kammer miteinander verbindet, besteht aus poliertem Edelstahl. Edelstahl bietet Haltbarkeit und verhindert, dass normaler Stahl mit der Zeit rostet oder anl\u00e4uft.<\/p>\n<p>Zus\u00e4tzlich bestehen die Entl\u00fcftungsventile und Schlauch\u00f6ffnungen aus robustem Edelstahl. Um den bestm\u00f6glichen Luftstrom und Rauchaussto\u00df zu gew\u00e4hrleisten, wurden sie speziell entworfen und konstruiert.<\/p>\n<p>In der ger\u00e4umigen, 55 cm hohen Wasserkammer ist viel Platz, um den Rauch vor der Inhalation zu k\u00fchlen und zu filtern. Der an der Unterseite angebrachte Diffusor teilt den Rauch effizient in kleinere Blasen auf und sorgt so f\u00fcr einen sanften Zug.<\/p>\n<p>Die hochwertige hitzebest\u00e4ndige Glasschale, die mit dem <strong>\u00c4gyptische Wasserpfeife se<\/strong>Die Schale ist speziell f\u00fcr die obere Kammer geformt und sorgt f\u00fcr eine optimale W\u00e4rmeverteilung. Im Vergleich zu herk\u00f6mmlichen Tongef\u00e4\u00dfen erm\u00f6glichen Glasgef\u00e4\u00dfe eine genauere \u00dcberwachung der Tabakerhitzung.<\/p>\n<p>Einige der wichtigsten Merkmale sind:<\/p>\n<p>- Elegantes Kupferdesign mit ge\u00e4tzten \u00e4gyptischen Mustern<br \/>\n- Zwei Schlauchanschl\u00fcsse zum Teilen der Wasserpfeife mit einem Freund<br \/>\n- Glasvase, Kupferschlauchspitzen<br \/>\n- Sorgt f\u00fcr k\u00fchlen, gleichm\u00e4\u00dfigen Zug f\u00fcr durchschnittlich 45-60 Minuten<br \/>\n- Lustiger Gespr\u00e4chsgegenstand f\u00fcr Versammlungen mit seinem Retro-Thema<\/p>\n<p>Wir unterst\u00fctzen OEM-Anpassungsdienste. Wir k\u00f6nnen Wasserpfeifen anpassen und Logos auf Wasserpfeifenflaschen drucken, um Ihre pers\u00f6nlichen Bed\u00fcrfnisse zu erf\u00fcllen. Wenn Sie in gro\u00dfen Mengen kaufen, gibt es auch gro\u00dfe Rabatte. Unser professioneller Kundendienst ber\u00e4t Sie gerne pers\u00f6nlich und hilft Ihnen dabei, das am besten geeignete Produkt zu finden. <a href=\"https:\/\/global-hookah.com\/product-category\/wholesale-hookah\/\">Gro\u00dfhandel Wasserpfeife Produkte<\/a><\/p>\n<p>&nbsp;<\/p>\n<p>&nbsp;<\/p>","protected":false},"excerpt":{"rendered":"<p>Diese 2-Schlauch-Hookah im \u00e4gyptischen Stil zeichnet sich durch ihre kunstvollen, \u00e4gyptisch inspirierten Design-Akzente aus. Sie kommt in einem antiken Gold<\/p>","protected":false},"featured_media":16874,"comment_status":"open","ping_status":"closed","template":"","meta":{"iawp_total_views":0,"_joinchat":[]},"product_brand":[],"product_cat":[560,119],"product_tag":[],"class_list":{"0":"post-16871","1":"product","2":"type-product","3":"status-publish","4":"has-post-thumbnail","6":"product_cat-glass-hookah-wholesale","7":"product_cat-wholesale-hookah","9":"first","10":"instock","11":"shipping-taxable","12":"purchasable","13":"product-type-simple"},"yoast_head":"<!-- This site is optimized with the Yoast SEO Premium plugin v24.7 (Yoast SEO v26.8) - https:\/\/yoast.com\/product\/yoast-seo-premium-wordpress\/ -->\n<title>Egyptian Retro Style 2 Hose Hookah Wholesale - Global Hookah<\/title>\n<meta name=\"robots\" content=\"index, follow, max-snippet:-1, max-image-preview:large, max-video-preview:-1\" \/>\n<link rel=\"canonical\" href=\"https:\/\/global-hookah.com\/de\/ru\/\u043f\u0440\u043e\u0434\u0443\u043a\u0442\/\u0435\u0433\u0438\u043f\u0435\u0442\u0441\u043a\u0438\u0439-\u0440\u0435\u0442\u0440\u043e-\u0441\u0442\u0438\u043b\u044c-2-\u0448\u043b\u0430\u043d\u0433\u0430-\u043a\u0430\u043b\u044c\u044f\u043d\/\" \/>\n<meta property=\"og:locale\" content=\"de_DE\" \/>\n<meta property=\"og:type\" content=\"article\" \/>\n<meta property=\"og:title\" content=\"Egyptian Retro Style 2 Hose Hookah Wholesale\" \/>\n<meta property=\"og:description\" content=\"This Egyptian Style 2 Hose Hookah stands out for its ornate Egyptian-inspired design accents. It comes in an antique gold\" \/>\n<meta property=\"og:url\" content=\"https:\/\/global-hookah.com\/de\/ru\/\u043f\u0440\u043e\u0434\u0443\u043a\u0442\/\u0435\u0433\u0438\u043f\u0435\u0442\u0441\u043a\u0438\u0439-\u0440\u0435\u0442\u0440\u043e-\u0441\u0442\u0438\u043b\u044c-2-\u0448\u043b\u0430\u043d\u0433\u0430-\u043a\u0430\u043b\u044c\u044f\u043d\/\" \/>\n<meta property=\"og:site_name\" content=\"Global Hookah\" \/>\n<meta property=\"article:modified_time\" content=\"2024-01-12T03:51:32+00:00\" \/>\n<meta property=\"og:image\" content=\"https:\/\/global-hookah.com\/wp-content\/uploads\/2023\/12\/O1CN01F5bCQ223khfypz5oi___2201231717294-0-cib.jpg\" \/>\n\t<meta property=\"og:image:width\" content=\"1920\" \/>\n\t<meta property=\"og:image:height\" content=\"1920\" \/>\n\t<meta property=\"og:image:type\" content=\"image\/jpeg\" \/>\n<meta name=\"twitter:card\" content=\"summary_large_image\" \/>\n<meta name=\"twitter:label1\" content=\"Gesch\u00e4tzte Lesezeit\" \/>\n\t<meta name=\"twitter:data1\" content=\"2\u00a0Minuten\" \/>\n<script type=\"application\/ld+json\" class=\"yoast-schema-graph\">{\"@context\":\"https:\/\/schema.org\",\"@graph\":[{\"@type\":\"WebPage\",\"@id\":\"https:\/\/global-hookah.com\/ru\/\u043f\u0440\u043e\u0434\u0443\u043a\u0442\/%d0%b5%d0%b3%d0%b8%d0%bf%d0%b5%d1%82%d1%81%d0%ba%d0%b8%d0%b9-%d1%80%d0%b5%d1%82%d1%80%d0%be-%d1%81%d1%82%d0%b8%d0%bb%d1%8c-2-%d1%88%d0%bb%d0%b0%d0%bd%d0%b3%d0%b0-%d0%ba%d0%b0%d0%bb%d1%8c%d1%8f%d0%bd\/\",\"url\":\"https:\/\/global-hookah.com\/ru\/\u043f\u0440\u043e\u0434\u0443\u043a\u0442\/%d0%b5%d0%b3%d0%b8%d0%bf%d0%b5%d1%82%d1%81%d0%ba%d0%b8%d0%b9-%d1%80%d0%b5%d1%82%d1%80%d0%be-%d1%81%d1%82%d0%b8%d0%bb%d1%8c-2-%d1%88%d0%bb%d0%b0%d0%bd%d0%b3%d0%b0-%d0%ba%d0%b0%d0%bb%d1%8c%d1%8f%d0%bd\/\",\"name\":\"Egyptian Retro Style 2 Hose Hookah Wholesale - Global Hookah\",\"isPartOf\":{\"@id\":\"https:\/\/global-hookah.com\/#website\"},\"primaryImageOfPage\":{\"@id\":\"https:\/\/global-hookah.com\/ru\/\u043f\u0440\u043e\u0434\u0443\u043a\u0442\/%d0%b5%d0%b3%d0%b8%d0%bf%d0%b5%d1%82%d1%81%d0%ba%d0%b8%d0%b9-%d1%80%d0%b5%d1%82%d1%80%d0%be-%d1%81%d1%82%d0%b8%d0%bb%d1%8c-2-%d1%88%d0%bb%d0%b0%d0%bd%d0%b3%d0%b0-%d0%ba%d0%b0%d0%bb%d1%8c%d1%8f%d0%bd\/#primaryimage\"},\"image\":{\"@id\":\"https:\/\/global-hookah.com\/ru\/\u043f\u0440\u043e\u0434\u0443\u043a\u0442\/%d0%b5%d0%b3%d0%b8%d0%bf%d0%b5%d1%82%d1%81%d0%ba%d0%b8%d0%b9-%d1%80%d0%b5%d1%82%d1%80%d0%be-%d1%81%d1%82%d0%b8%d0%bb%d1%8c-2-%d1%88%d0%bb%d0%b0%d0%bd%d0%b3%d0%b0-%d0%ba%d0%b0%d0%bb%d1%8c%d1%8f%d0%bd\/#primaryimage\"},\"thumbnailUrl\":\"https:\/\/global-hookah.com\/wp-content\/uploads\/2023\/12\/O1CN01F5bCQ223khfypz5oi___2201231717294-0-cib.jpg\",\"datePublished\":\"2023-12-06T06:54:57+00:00\",\"dateModified\":\"2024-01-12T03:51:32+00:00\",\"breadcrumb\":{\"@id\":\"https:\/\/global-hookah.com\/ru\/\u043f\u0440\u043e\u0434\u0443\u043a\u0442\/%d0%b5%d0%b3%d0%b8%d0%bf%d0%b5%d1%82%d1%81%d0%ba%d0%b8%d0%b9-%d1%80%d0%b5%d1%82%d1%80%d0%be-%d1%81%d1%82%d0%b8%d0%bb%d1%8c-2-%d1%88%d0%bb%d0%b0%d0%bd%d0%b3%d0%b0-%d0%ba%d0%b0%d0%bb%d1%8c%d1%8f%d0%bd\/#breadcrumb\"},\"inLanguage\":\"de\",\"potentialAction\":[{\"@type\":\"ReadAction\",\"target\":[\"https:\/\/global-hookah.com\/ru\/\u043f\u0440\u043e\u0434\u0443\u043a\u0442\/%d0%b5%d0%b3%d0%b8%d0%bf%d0%b5%d1%82%d1%81%d0%ba%d0%b8%d0%b9-%d1%80%d0%b5%d1%82%d1%80%d0%be-%d1%81%d1%82%d0%b8%d0%bb%d1%8c-2-%d1%88%d0%bb%d0%b0%d0%bd%d0%b3%d0%b0-%d0%ba%d0%b0%d0%bb%d1%8c%d1%8f%d0%bd\/\"]}]},{\"@type\":\"ImageObject\",\"inLanguage\":\"de\",\"@id\":\"https:\/\/global-hookah.com\/ru\/\u043f\u0440\u043e\u0434\u0443\u043a\u0442\/%d0%b5%d0%b3%d0%b8%d0%bf%d0%b5%d1%82%d1%81%d0%ba%d0%b8%d0%b9-%d1%80%d0%b5%d1%82%d1%80%d0%be-%d1%81%d1%82%d0%b8%d0%bb%d1%8c-2-%d1%88%d0%bb%d0%b0%d0%bd%d0%b3%d0%b0-%d0%ba%d0%b0%d0%bb%d1%8c%d1%8f%d0%bd\/#primaryimage\",\"url\":\"https:\/\/global-hookah.com\/wp-content\/uploads\/2023\/12\/O1CN01F5bCQ223khfypz5oi___2201231717294-0-cib.jpg\",\"contentUrl\":\"https:\/\/global-hookah.com\/wp-content\/uploads\/2023\/12\/O1CN01F5bCQ223khfypz5oi___2201231717294-0-cib.jpg\",\"width\":1920,\"height\":1920,\"caption\":\"Egyptian Retro Style 2 Hose Hookah Wholesale\"},{\"@type\":\"BreadcrumbList\",\"@id\":\"https:\/\/global-hookah.com\/ru\/\u043f\u0440\u043e\u0434\u0443\u043a\u0442\/%d0%b5%d0%b3%d0%b8%d0%bf%d0%b5%d1%82%d1%81%d0%ba%d0%b8%d0%b9-%d1%80%d0%b5%d1%82%d1%80%d0%be-%d1%81%d1%82%d0%b8%d0%bb%d1%8c-2-%d1%88%d0%bb%d0%b0%d0%bd%d0%b3%d0%b0-%d0%ba%d0%b0%d0%bb%d1%8c%d1%8f%d0%bd\/#breadcrumb\",\"itemListElement\":[{\"@type\":\"ListItem\",\"position\":1,\"name\":\"Home\",\"item\":\"https:\/\/global-hookah.com\/\"},{\"@type\":\"ListItem\",\"position\":2,\"name\":\"Shop\",\"item\":\"https:\/\/global-hookah.com\/shop\/\"},{\"@type\":\"ListItem\",\"position\":3,\"name\":\"Egyptian Retro Style 2 Hose Hookah Wholesale\"}]},{\"@type\":\"WebSite\",\"@id\":\"https:\/\/global-hookah.com\/#website\",\"url\":\"https:\/\/global-hookah.com\/\",\"name\":\"Global Hookah\",\"description\":\"Global Hookah\",\"publisher\":{\"@id\":\"https:\/\/global-hookah.com\/#organization\"},\"potentialAction\":[{\"@type\":\"SearchAction\",\"target\":{\"@type\":\"EntryPoint\",\"urlTemplate\":\"https:\/\/global-hookah.com\/?s={search_term_string}\"},\"query-input\":{\"@type\":\"PropertyValueSpecification\",\"valueRequired\":true,\"valueName\":\"search_term_string\"}}],\"inLanguage\":\"de\"},{\"@type\":\"Organization\",\"@id\":\"https:\/\/global-hookah.com\/#organization\",\"name\":\"Global Hookah\",\"url\":\"https:\/\/global-hookah.com\/\",\"logo\":{\"@type\":\"ImageObject\",\"inLanguage\":\"de\",\"@id\":\"https:\/\/global-hookah.com\/#\/schema\/logo\/image\/\",\"url\":\"https:\/\/global-hookah.com\/wp-content\/uploads\/2021\/10\/cropped-fgg.png\",\"contentUrl\":\"https:\/\/global-hookah.com\/wp-content\/uploads\/2021\/10\/cropped-fgg.png\",\"width\":512,\"height\":512,\"caption\":\"Global Hookah\"},\"image\":{\"@id\":\"https:\/\/global-hookah.com\/#\/schema\/logo\/image\/\"}}]}<\/script>\n<!-- \/ Yoast SEO Premium plugin. -->","yoast_head_json":{"title":"\u00c4gyptische Retro-Stil 2 Schlauch Wasserpfeife Gro\u00dfhandel - Global Hookah","robots":{"index":"index","follow":"follow","max-snippet":"max-snippet:-1","max-image-preview":"max-image-preview:large","max-video-preview":"max-video-preview:-1"},"canonical":"https:\/\/global-hookah.com\/de\/ru\/\u043f\u0440\u043e\u0434\u0443\u043a\u0442\/\u0435\u0433\u0438\u043f\u0435\u0442\u0441\u043a\u0438\u0439-\u0440\u0435\u0442\u0440\u043e-\u0441\u0442\u0438\u043b\u044c-2-\u0448\u043b\u0430\u043d\u0433\u0430-\u043a\u0430\u043b\u044c\u044f\u043d\/","og_locale":"de_DE","og_type":"article","og_title":"Egyptian Retro Style 2 Hose Hookah Wholesale","og_description":"This Egyptian Style 2 Hose Hookah stands out for its ornate Egyptian-inspired design accents. It comes in an antique gold","og_url":"https:\/\/global-hookah.com\/de\/ru\/\u043f\u0440\u043e\u0434\u0443\u043a\u0442\/\u0435\u0433\u0438\u043f\u0435\u0442\u0441\u043a\u0438\u0439-\u0440\u0435\u0442\u0440\u043e-\u0441\u0442\u0438\u043b\u044c-2-\u0448\u043b\u0430\u043d\u0433\u0430-\u043a\u0430\u043b\u044c\u044f\u043d\/","og_site_name":"Global Hookah","article_modified_time":"2024-01-12T03:51:32+00:00","og_image":[{"width":1920,"height":1920,"url":"https:\/\/global-hookah.com\/wp-content\/uploads\/2023\/12\/O1CN01F5bCQ223khfypz5oi___2201231717294-0-cib.jpg","type":"image\/jpeg"}],"twitter_card":"summary_large_image","twitter_misc":{"Gesch\u00e4tzte Lesezeit":"2\u00a0Minuten"},"schema":{"@context":"https:\/\/schema.org","@graph":[{"@type":"WebPage","@id":"https:\/\/global-hookah.com\/ru\/\u043f\u0440\u043e\u0434\u0443\u043a\u0442\/%d0%b5%d0%b3%d0%b8%d0%bf%d0%b5%d1%82%d1%81%d0%ba%d0%b8%d0%b9-%d1%80%d0%b5%d1%82%d1%80%d0%be-%d1%81%d1%82%d0%b8%d0%bb%d1%8c-2-%d1%88%d0%bb%d0%b0%d0%bd%d0%b3%d0%b0-%d0%ba%d0%b0%d0%bb%d1%8c%d1%8f%d0%bd\/","url":"https:\/\/global-hookah.com\/ru\/\u043f\u0440\u043e\u0434\u0443\u043a\u0442\/%d0%b5%d0%b3%d0%b8%d0%bf%d0%b5%d1%82%d1%81%d0%ba%d0%b8%d0%b9-%d1%80%d0%b5%d1%82%d1%80%d0%be-%d1%81%d1%82%d0%b8%d0%bb%d1%8c-2-%d1%88%d0%bb%d0%b0%d0%bd%d0%b3%d0%b0-%d0%ba%d0%b0%d0%bb%d1%8c%d1%8f%d0%bd\/","name":"\u00c4gyptische Retro-Stil 2 Schlauch Wasserpfeife Gro\u00dfhandel - Global Hookah","isPartOf":{"@id":"https:\/\/global-hookah.com\/#website"},"primaryImageOfPage":{"@id":"https:\/\/global-hookah.com\/ru\/\u043f\u0440\u043e\u0434\u0443\u043a\u0442\/%d0%b5%d0%b3%d0%b8%d0%bf%d0%b5%d1%82%d1%81%d0%ba%d0%b8%d0%b9-%d1%80%d0%b5%d1%82%d1%80%d0%be-%d1%81%d1%82%d0%b8%d0%bb%d1%8c-2-%d1%88%d0%bb%d0%b0%d0%bd%d0%b3%d0%b0-%d0%ba%d0%b0%d0%bb%d1%8c%d1%8f%d0%bd\/#primaryimage"},"image":{"@id":"https:\/\/global-hookah.com\/ru\/\u043f\u0440\u043e\u0434\u0443\u043a\u0442\/%d0%b5%d0%b3%d0%b8%d0%bf%d0%b5%d1%82%d1%81%d0%ba%d0%b8%d0%b9-%d1%80%d0%b5%d1%82%d1%80%d0%be-%d1%81%d1%82%d0%b8%d0%bb%d1%8c-2-%d1%88%d0%bb%d0%b0%d0%bd%d0%b3%d0%b0-%d0%ba%d0%b0%d0%bb%d1%8c%d1%8f%d0%bd\/#primaryimage"},"thumbnailUrl":"https:\/\/global-hookah.com\/wp-content\/uploads\/2023\/12\/O1CN01F5bCQ223khfypz5oi___2201231717294-0-cib.jpg","datePublished":"2023-12-06T06:54:57+00:00","dateModified":"2024-01-12T03:51:32+00:00","breadcrumb":{"@id":"https:\/\/global-hookah.com\/ru\/\u043f\u0440\u043e\u0434\u0443\u043a\u0442\/%d0%b5%d0%b3%d0%b8%d0%bf%d0%b5%d1%82%d1%81%d0%ba%d0%b8%d0%b9-%d1%80%d0%b5%d1%82%d1%80%d0%be-%d1%81%d1%82%d0%b8%d0%bb%d1%8c-2-%d1%88%d0%bb%d0%b0%d0%bd%d0%b3%d0%b0-%d0%ba%d0%b0%d0%bb%d1%8c%d1%8f%d0%bd\/#breadcrumb"},"inLanguage":"de","potentialAction":[{"@type":"ReadAction","target":["https:\/\/global-hookah.com\/ru\/\u043f\u0440\u043e\u0434\u0443\u043a\u0442\/%d0%b5%d0%b3%d0%b8%d0%bf%d0%b5%d1%82%d1%81%d0%ba%d0%b8%d0%b9-%d1%80%d0%b5%d1%82%d1%80%d0%be-%d1%81%d1%82%d0%b8%d0%bb%d1%8c-2-%d1%88%d0%bb%d0%b0%d0%bd%d0%b3%d0%b0-%d0%ba%d0%b0%d0%bb%d1%8c%d1%8f%d0%bd\/"]}]},{"@type":"ImageObject","inLanguage":"de","@id":"https:\/\/global-hookah.com\/ru\/\u043f\u0440\u043e\u0434\u0443\u043a\u0442\/%d0%b5%d0%b3%d0%b8%d0%bf%d0%b5%d1%82%d1%81%d0%ba%d0%b8%d0%b9-%d1%80%d0%b5%d1%82%d1%80%d0%be-%d1%81%d1%82%d0%b8%d0%bb%d1%8c-2-%d1%88%d0%bb%d0%b0%d0%bd%d0%b3%d0%b0-%d0%ba%d0%b0%d0%bb%d1%8c%d1%8f%d0%bd\/#primaryimage","url":"https:\/\/global-hookah.com\/wp-content\/uploads\/2023\/12\/O1CN01F5bCQ223khfypz5oi___2201231717294-0-cib.jpg","contentUrl":"https:\/\/global-hookah.com\/wp-content\/uploads\/2023\/12\/O1CN01F5bCQ223khfypz5oi___2201231717294-0-cib.jpg","width":1920,"height":1920,"caption":"Egyptian Retro Style 2 Hose Hookah Wholesale"},{"@type":"BreadcrumbList","@id":"https:\/\/global-hookah.com\/ru\/\u043f\u0440\u043e\u0434\u0443\u043a\u0442\/%d0%b5%d0%b3%d0%b8%d0%bf%d0%b5%d1%82%d1%81%d0%ba%d0%b8%d0%b9-%d1%80%d0%b5%d1%82%d1%80%d0%be-%d1%81%d1%82%d0%b8%d0%bb%d1%8c-2-%d1%88%d0%bb%d0%b0%d0%bd%d0%b3%d0%b0-%d0%ba%d0%b0%d0%bb%d1%8c%d1%8f%d0%bd\/#breadcrumb","itemListElement":[{"@type":"ListItem","position":1,"name":"Home","item":"https:\/\/global-hookah.com\/"},{"@type":"ListItem","position":2,"name":"Shop","item":"https:\/\/global-hookah.com\/shop\/"},{"@type":"ListItem","position":3,"name":"Egyptian Retro Style 2 Hose Hookah Wholesale"}]},{"@type":"WebSite","@id":"https:\/\/global-hookah.com\/#website","url":"https:\/\/global-hookah.com\/","name":"Globale Wasserpfeife","description":"Globale Wasserpfeife","publisher":{"@id":"https:\/\/global-hookah.com\/#organization"},"potentialAction":[{"@type":"SearchAction","target":{"@type":"EntryPoint","urlTemplate":"https:\/\/global-hookah.com\/?s={search_term_string}"},"query-input":{"@type":"PropertyValueSpecification","valueRequired":true,"valueName":"search_term_string"}}],"inLanguage":"de"},{"@type":"Organization","@id":"https:\/\/global-hookah.com\/#organization","name":"Globale Wasserpfeife","url":"https:\/\/global-hookah.com\/","logo":{"@type":"ImageObject","inLanguage":"de","@id":"https:\/\/global-hookah.com\/#\/schema\/logo\/image\/","url":"https:\/\/global-hookah.com\/wp-content\/uploads\/2021\/10\/cropped-fgg.png","contentUrl":"https:\/\/global-hookah.com\/wp-content\/uploads\/2021\/10\/cropped-fgg.png","width":512,"height":512,"caption":"Global Hookah"},"image":{"@id":"https:\/\/global-hookah.com\/#\/schema\/logo\/image\/"}}]}},"_links":{"self":[{"href":"https:\/\/global-hookah.com\/de\/wp-json\/wp\/v2\/product\/16871","targetHints":{"allow":["GET"]}}],"collection":[{"href":"https:\/\/global-hookah.com\/de\/wp-json\/wp\/v2\/product"}],"about":[{"href":"https:\/\/global-hookah.com\/de\/wp-json\/wp\/v2\/types\/product"}],"replies":[{"embeddable":true,"href":"https:\/\/global-hookah.com\/de\/wp-json\/wp\/v2\/comments?post=16871"}],"version-history":[{"count":0,"href":"https:\/\/global-hookah.com\/de\/wp-json\/wp\/v2\/product\/16871\/revisions"}],"wp:featuredmedia":[{"embeddable":true,"href":"https:\/\/global-hookah.com\/de\/wp-json\/wp\/v2\/media\/16874"}],"wp:attachment":[{"href":"https:\/\/global-hookah.com\/de\/wp-json\/wp\/v2\/media?parent=16871"}],"wp:term":[{"taxonomy":"product_brand","embeddable":true,"href":"https:\/\/global-hookah.com\/de\/wp-json\/wp\/v2\/product_brand?post=16871"},{"taxonomy":"product_cat","embeddable":true,"href":"https:\/\/global-hookah.com\/de\/wp-json\/wp\/v2\/product_cat?post=16871"},{"taxonomy":"product_tag","embeddable":true,"href":"https:\/\/global-hookah.com\/de\/wp-json\/wp\/v2\/product_tag?post=16871"}],"curies":[{"name":"wp","href":"https:\/\/api.w.org\/{rel}","templated":true}]}}