{"id":16883,"date":"2023-12-06T06:58:22","date_gmt":"2023-12-06T06:58:22","guid":{"rendered":"https:\/\/global-hookah.com\/?post_type=product&#038;p=16883"},"modified":"2023-12-27T08:53:12","modified_gmt":"2023-12-27T08:53:12","slug":"dubai-hookah-wholesale-2","status":"publish","type":"product","link":"https:\/\/global-hookah.com\/de\/produkt\/dubai-hookah-wholesale-2\/","title":{"rendered":"Dubai Hookah Gro\u00dfhandel"},"content":{"rendered":"<p>Sie suchen eine erschwingliche <strong>Dubai Wasserpfeife<\/strong>? Diese <strong>Emirat Dubai Wasserpfeife<\/strong> ist Ihre beste Wahl. Es hat nicht nur ein gutes Preis-Leistungs-Verh\u00e4ltnis, sondern kommt auch mit einem kompletten Satz von <a href=\"https:\/\/global-hookah.com\/product-category\/hookah-accessories-wholesale\/hookah-bowl-wholesale\/\">Wasserpfeifen-Zubeh\u00f6r<\/a> - Damit k\u00f6nnen Sie die Wasserpfeife perfekt genie\u00dfen, egal ob Sie campen gehen, reisen oder einfach nur mit Freunden zu Hause chillen wollen.<\/p>\n<p><strong>Rauchrohr UAE<\/strong> Das Design ist sehr stilvoll und modern und repr\u00e4sentiert einen neuen Trend im l\u00e4ssigen Wasserpfeifenrauchen. Dank der doppelten Schl\u00e4uche k\u00f6nnen Sie den Spa\u00df leicht mit Freunden teilen.<\/p>\n<p>Dar\u00fcber hinaus sorgt das innovative vertikale Sp\u00fclsystem f\u00fcr ein super cooles visuelles Vergn\u00fcgen. Unsere geschlossene Kammer-Technologie und unser neuartiges Shisha-Kopf-Design k\u00f6nnen auch Verunreinigungen aus dem Rauch filtern.<\/p>\n<p>Sie brauchen nur 1 Minute f\u00fcr den Zusammenbau, 8 Minuten f\u00fcr die Beleuchtung und k\u00f6nnen 120 Minuten lang genie\u00dfen.<\/p>","protected":false},"excerpt":{"rendered":"<p>Suchen Sie nach einer erschwinglichen Dubai Hookah? Diese Emirati Dubai Wasserpfeife ist Ihre beste Wahl. Es hat nicht nur eine hohe<\/p>","protected":false},"featured_media":16886,"comment_status":"open","ping_status":"closed","template":"","meta":{"iawp_total_views":9,"_joinchat":[]},"product_brand":[],"product_cat":[415,119],"product_tag":[],"class_list":{"0":"post-16883","1":"product","2":"type-product","3":"status-publish","4":"has-post-thumbnail","6":"product_cat-accessories","7":"product_cat-wholesale-hookah","9":"first","10":"instock","11":"shipping-taxable","12":"purchasable","13":"product-type-simple"},"yoast_head":"<!-- This site is optimized with the Yoast SEO Premium plugin v24.7 (Yoast SEO v26.8) - https:\/\/yoast.com\/product\/yoast-seo-premium-wordpress\/ -->\n<title>Dubai Hookah Wholesale - Global Hookah<\/title>\n<meta name=\"robots\" content=\"index, follow, max-snippet:-1, max-image-preview:large, max-video-preview:-1\" \/>\n<link rel=\"canonical\" href=\"https:\/\/global-hookah.com\/de\/ru\/\u043f\u0440\u043e\u0434\u0443\u043a\u0442\/\u0434\u0443\u0431\u0430\u0439-\u043a\u0430\u043b\u044c\u044f\u043d-\u043e\u043f\u0442\u043e\u043c-2\/\" \/>\n<meta property=\"og:locale\" content=\"de_DE\" \/>\n<meta property=\"og:type\" content=\"article\" \/>\n<meta property=\"og:title\" content=\"Dubai Hookah Wholesale\" \/>\n<meta property=\"og:description\" content=\"Looking for an affordable Dubai Hookah? This Emirati Dubai hookah is your best choice. It not only has a high\" \/>\n<meta property=\"og:url\" content=\"https:\/\/global-hookah.com\/de\/ru\/\u043f\u0440\u043e\u0434\u0443\u043a\u0442\/\u0434\u0443\u0431\u0430\u0439-\u043a\u0430\u043b\u044c\u044f\u043d-\u043e\u043f\u0442\u043e\u043c-2\/\" \/>\n<meta property=\"og:site_name\" content=\"Global Hookah\" \/>\n<meta property=\"article:modified_time\" content=\"2023-12-27T08:53:12+00:00\" \/>\n<meta property=\"og:image\" content=\"https:\/\/global-hookah.com\/wp-content\/uploads\/2023\/12\/O1CN01LCLksq23khcv8Q1Jl___2201231717294-0-cib.jpg\" \/>\n\t<meta property=\"og:image:width\" content=\"800\" \/>\n\t<meta property=\"og:image:height\" content=\"800\" \/>\n\t<meta property=\"og:image:type\" content=\"image\/jpeg\" \/>\n<meta name=\"twitter:card\" content=\"summary_large_image\" \/>\n<meta name=\"twitter:label1\" content=\"Gesch\u00e4tzte Lesezeit\" \/>\n\t<meta name=\"twitter:data1\" content=\"1\u00a0Minute\" \/>\n<script type=\"application\/ld+json\" class=\"yoast-schema-graph\">{\"@context\":\"https:\/\/schema.org\",\"@graph\":[{\"@type\":\"WebPage\",\"@id\":\"https:\/\/global-hookah.com\/ru\/\u043f\u0440\u043e\u0434\u0443\u043a\u0442\/\u0434\u0443\u0431\u0430\u0439-\u043a\u0430\u043b\u044c\u044f\u043d-\u043e\u043f\u0442\u043e\u043c-2\/\",\"url\":\"https:\/\/global-hookah.com\/ru\/\u043f\u0440\u043e\u0434\u0443\u043a\u0442\/\u0434\u0443\u0431\u0430\u0439-\u043a\u0430\u043b\u044c\u044f\u043d-\u043e\u043f\u0442\u043e\u043c-2\/\",\"name\":\"Dubai Hookah Wholesale - Global Hookah\",\"isPartOf\":{\"@id\":\"https:\/\/global-hookah.com\/#website\"},\"primaryImageOfPage\":{\"@id\":\"https:\/\/global-hookah.com\/ru\/\u043f\u0440\u043e\u0434\u0443\u043a\u0442\/\u0434\u0443\u0431\u0430\u0439-\u043a\u0430\u043b\u044c\u044f\u043d-\u043e\u043f\u0442\u043e\u043c-2\/#primaryimage\"},\"image\":{\"@id\":\"https:\/\/global-hookah.com\/ru\/\u043f\u0440\u043e\u0434\u0443\u043a\u0442\/\u0434\u0443\u0431\u0430\u0439-\u043a\u0430\u043b\u044c\u044f\u043d-\u043e\u043f\u0442\u043e\u043c-2\/#primaryimage\"},\"thumbnailUrl\":\"https:\/\/global-hookah.com\/wp-content\/uploads\/2023\/12\/O1CN01LCLksq23khcv8Q1Jl___2201231717294-0-cib.jpg\",\"datePublished\":\"2023-12-06T06:58:22+00:00\",\"dateModified\":\"2023-12-27T08:53:12+00:00\",\"breadcrumb\":{\"@id\":\"https:\/\/global-hookah.com\/ru\/\u043f\u0440\u043e\u0434\u0443\u043a\u0442\/\u0434\u0443\u0431\u0430\u0439-\u043a\u0430\u043b\u044c\u044f\u043d-\u043e\u043f\u0442\u043e\u043c-2\/#breadcrumb\"},\"inLanguage\":\"de\",\"potentialAction\":[{\"@type\":\"ReadAction\",\"target\":[\"https:\/\/global-hookah.com\/ru\/\u043f\u0440\u043e\u0434\u0443\u043a\u0442\/\u0434\u0443\u0431\u0430\u0439-\u043a\u0430\u043b\u044c\u044f\u043d-\u043e\u043f\u0442\u043e\u043c-2\/\"]}]},{\"@type\":\"ImageObject\",\"inLanguage\":\"de\",\"@id\":\"https:\/\/global-hookah.com\/ru\/\u043f\u0440\u043e\u0434\u0443\u043a\u0442\/\u0434\u0443\u0431\u0430\u0439-\u043a\u0430\u043b\u044c\u044f\u043d-\u043e\u043f\u0442\u043e\u043c-2\/#primaryimage\",\"url\":\"https:\/\/global-hookah.com\/wp-content\/uploads\/2023\/12\/O1CN01LCLksq23khcv8Q1Jl___2201231717294-0-cib.jpg\",\"contentUrl\":\"https:\/\/global-hookah.com\/wp-content\/uploads\/2023\/12\/O1CN01LCLksq23khcv8Q1Jl___2201231717294-0-cib.jpg\",\"width\":800,\"height\":800,\"caption\":\"Dubai Hookah Wholesale\"},{\"@type\":\"BreadcrumbList\",\"@id\":\"https:\/\/global-hookah.com\/ru\/\u043f\u0440\u043e\u0434\u0443\u043a\u0442\/\u0434\u0443\u0431\u0430\u0439-\u043a\u0430\u043b\u044c\u044f\u043d-\u043e\u043f\u0442\u043e\u043c-2\/#breadcrumb\",\"itemListElement\":[{\"@type\":\"ListItem\",\"position\":1,\"name\":\"Home\",\"item\":\"https:\/\/global-hookah.com\/\"},{\"@type\":\"ListItem\",\"position\":2,\"name\":\"Shop\",\"item\":\"https:\/\/global-hookah.com\/shop\/\"},{\"@type\":\"ListItem\",\"position\":3,\"name\":\"Dubai Hookah Wholesale\"}]},{\"@type\":\"WebSite\",\"@id\":\"https:\/\/global-hookah.com\/#website\",\"url\":\"https:\/\/global-hookah.com\/\",\"name\":\"Global Hookah\",\"description\":\"Global Hookah\",\"publisher\":{\"@id\":\"https:\/\/global-hookah.com\/#organization\"},\"potentialAction\":[{\"@type\":\"SearchAction\",\"target\":{\"@type\":\"EntryPoint\",\"urlTemplate\":\"https:\/\/global-hookah.com\/?s={search_term_string}\"},\"query-input\":{\"@type\":\"PropertyValueSpecification\",\"valueRequired\":true,\"valueName\":\"search_term_string\"}}],\"inLanguage\":\"de\"},{\"@type\":\"Organization\",\"@id\":\"https:\/\/global-hookah.com\/#organization\",\"name\":\"Global Hookah\",\"url\":\"https:\/\/global-hookah.com\/\",\"logo\":{\"@type\":\"ImageObject\",\"inLanguage\":\"de\",\"@id\":\"https:\/\/global-hookah.com\/#\/schema\/logo\/image\/\",\"url\":\"https:\/\/global-hookah.com\/wp-content\/uploads\/2021\/10\/cropped-fgg.png\",\"contentUrl\":\"https:\/\/global-hookah.com\/wp-content\/uploads\/2021\/10\/cropped-fgg.png\",\"width\":512,\"height\":512,\"caption\":\"Global Hookah\"},\"image\":{\"@id\":\"https:\/\/global-hookah.com\/#\/schema\/logo\/image\/\"}}]}<\/script>\n<!-- \/ Yoast SEO Premium plugin. -->","yoast_head_json":{"title":"Dubai Wasserpfeife Gro\u00dfhandel - Global Hookah","robots":{"index":"index","follow":"follow","max-snippet":"max-snippet:-1","max-image-preview":"max-image-preview:large","max-video-preview":"max-video-preview:-1"},"canonical":"https:\/\/global-hookah.com\/de\/ru\/\u043f\u0440\u043e\u0434\u0443\u043a\u0442\/\u0434\u0443\u0431\u0430\u0439-\u043a\u0430\u043b\u044c\u044f\u043d-\u043e\u043f\u0442\u043e\u043c-2\/","og_locale":"de_DE","og_type":"article","og_title":"Dubai Hookah Wholesale","og_description":"Looking for an affordable Dubai Hookah? This Emirati Dubai hookah is your best choice. It not only has a high","og_url":"https:\/\/global-hookah.com\/de\/ru\/\u043f\u0440\u043e\u0434\u0443\u043a\u0442\/\u0434\u0443\u0431\u0430\u0439-\u043a\u0430\u043b\u044c\u044f\u043d-\u043e\u043f\u0442\u043e\u043c-2\/","og_site_name":"Global Hookah","article_modified_time":"2023-12-27T08:53:12+00:00","og_image":[{"width":800,"height":800,"url":"https:\/\/global-hookah.com\/wp-content\/uploads\/2023\/12\/O1CN01LCLksq23khcv8Q1Jl___2201231717294-0-cib.jpg","type":"image\/jpeg"}],"twitter_card":"summary_large_image","twitter_misc":{"Gesch\u00e4tzte Lesezeit":"1\u00a0Minute"},"schema":{"@context":"https:\/\/schema.org","@graph":[{"@type":"WebPage","@id":"https:\/\/global-hookah.com\/ru\/\u043f\u0440\u043e\u0434\u0443\u043a\u0442\/\u0434\u0443\u0431\u0430\u0439-\u043a\u0430\u043b\u044c\u044f\u043d-\u043e\u043f\u0442\u043e\u043c-2\/","url":"https:\/\/global-hookah.com\/ru\/\u043f\u0440\u043e\u0434\u0443\u043a\u0442\/\u0434\u0443\u0431\u0430\u0439-\u043a\u0430\u043b\u044c\u044f\u043d-\u043e\u043f\u0442\u043e\u043c-2\/","name":"Dubai Wasserpfeife Gro\u00dfhandel - Global Hookah","isPartOf":{"@id":"https:\/\/global-hookah.com\/#website"},"primaryImageOfPage":{"@id":"https:\/\/global-hookah.com\/ru\/\u043f\u0440\u043e\u0434\u0443\u043a\u0442\/\u0434\u0443\u0431\u0430\u0439-\u043a\u0430\u043b\u044c\u044f\u043d-\u043e\u043f\u0442\u043e\u043c-2\/#primaryimage"},"image":{"@id":"https:\/\/global-hookah.com\/ru\/\u043f\u0440\u043e\u0434\u0443\u043a\u0442\/\u0434\u0443\u0431\u0430\u0439-\u043a\u0430\u043b\u044c\u044f\u043d-\u043e\u043f\u0442\u043e\u043c-2\/#primaryimage"},"thumbnailUrl":"https:\/\/global-hookah.com\/wp-content\/uploads\/2023\/12\/O1CN01LCLksq23khcv8Q1Jl___2201231717294-0-cib.jpg","datePublished":"2023-12-06T06:58:22+00:00","dateModified":"2023-12-27T08:53:12+00:00","breadcrumb":{"@id":"https:\/\/global-hookah.com\/ru\/\u043f\u0440\u043e\u0434\u0443\u043a\u0442\/\u0434\u0443\u0431\u0430\u0439-\u043a\u0430\u043b\u044c\u044f\u043d-\u043e\u043f\u0442\u043e\u043c-2\/#breadcrumb"},"inLanguage":"de","potentialAction":[{"@type":"ReadAction","target":["https:\/\/global-hookah.com\/ru\/\u043f\u0440\u043e\u0434\u0443\u043a\u0442\/\u0434\u0443\u0431\u0430\u0439-\u043a\u0430\u043b\u044c\u044f\u043d-\u043e\u043f\u0442\u043e\u043c-2\/"]}]},{"@type":"ImageObject","inLanguage":"de","@id":"https:\/\/global-hookah.com\/ru\/\u043f\u0440\u043e\u0434\u0443\u043a\u0442\/\u0434\u0443\u0431\u0430\u0439-\u043a\u0430\u043b\u044c\u044f\u043d-\u043e\u043f\u0442\u043e\u043c-2\/#primaryimage","url":"https:\/\/global-hookah.com\/wp-content\/uploads\/2023\/12\/O1CN01LCLksq23khcv8Q1Jl___2201231717294-0-cib.jpg","contentUrl":"https:\/\/global-hookah.com\/wp-content\/uploads\/2023\/12\/O1CN01LCLksq23khcv8Q1Jl___2201231717294-0-cib.jpg","width":800,"height":800,"caption":"Dubai Hookah Wholesale"},{"@type":"BreadcrumbList","@id":"https:\/\/global-hookah.com\/ru\/\u043f\u0440\u043e\u0434\u0443\u043a\u0442\/\u0434\u0443\u0431\u0430\u0439-\u043a\u0430\u043b\u044c\u044f\u043d-\u043e\u043f\u0442\u043e\u043c-2\/#breadcrumb","itemListElement":[{"@type":"ListItem","position":1,"name":"Home","item":"https:\/\/global-hookah.com\/"},{"@type":"ListItem","position":2,"name":"Shop","item":"https:\/\/global-hookah.com\/shop\/"},{"@type":"ListItem","position":3,"name":"Dubai Hookah Wholesale"}]},{"@type":"WebSite","@id":"https:\/\/global-hookah.com\/#website","url":"https:\/\/global-hookah.com\/","name":"Globale Wasserpfeife","description":"Globale Wasserpfeife","publisher":{"@id":"https:\/\/global-hookah.com\/#organization"},"potentialAction":[{"@type":"SearchAction","target":{"@type":"EntryPoint","urlTemplate":"https:\/\/global-hookah.com\/?s={search_term_string}"},"query-input":{"@type":"PropertyValueSpecification","valueRequired":true,"valueName":"search_term_string"}}],"inLanguage":"de"},{"@type":"Organization","@id":"https:\/\/global-hookah.com\/#organization","name":"Globale Wasserpfeife","url":"https:\/\/global-hookah.com\/","logo":{"@type":"ImageObject","inLanguage":"de","@id":"https:\/\/global-hookah.com\/#\/schema\/logo\/image\/","url":"https:\/\/global-hookah.com\/wp-content\/uploads\/2021\/10\/cropped-fgg.png","contentUrl":"https:\/\/global-hookah.com\/wp-content\/uploads\/2021\/10\/cropped-fgg.png","width":512,"height":512,"caption":"Global Hookah"},"image":{"@id":"https:\/\/global-hookah.com\/#\/schema\/logo\/image\/"}}]}},"_links":{"self":[{"href":"https:\/\/global-hookah.com\/de\/wp-json\/wp\/v2\/product\/16883","targetHints":{"allow":["GET"]}}],"collection":[{"href":"https:\/\/global-hookah.com\/de\/wp-json\/wp\/v2\/product"}],"about":[{"href":"https:\/\/global-hookah.com\/de\/wp-json\/wp\/v2\/types\/product"}],"replies":[{"embeddable":true,"href":"https:\/\/global-hookah.com\/de\/wp-json\/wp\/v2\/comments?post=16883"}],"version-history":[{"count":0,"href":"https:\/\/global-hookah.com\/de\/wp-json\/wp\/v2\/product\/16883\/revisions"}],"wp:featuredmedia":[{"embeddable":true,"href":"https:\/\/global-hookah.com\/de\/wp-json\/wp\/v2\/media\/16886"}],"wp:attachment":[{"href":"https:\/\/global-hookah.com\/de\/wp-json\/wp\/v2\/media?parent=16883"}],"wp:term":[{"taxonomy":"product_brand","embeddable":true,"href":"https:\/\/global-hookah.com\/de\/wp-json\/wp\/v2\/product_brand?post=16883"},{"taxonomy":"product_cat","embeddable":true,"href":"https:\/\/global-hookah.com\/de\/wp-json\/wp\/v2\/product_cat?post=16883"},{"taxonomy":"product_tag","embeddable":true,"href":"https:\/\/global-hookah.com\/de\/wp-json\/wp\/v2\/product_tag?post=16883"}],"curies":[{"name":"wp","href":"https:\/\/api.w.org\/{rel}","templated":true}]}}