{"id":16955,"date":"2023-12-08T01:53:24","date_gmt":"2023-12-08T01:53:24","guid":{"rendered":"https:\/\/global-hookah.com\/?post_type=product&#038;p=16955"},"modified":"2024-01-12T03:51:30","modified_gmt":"2024-01-12T03:51:30","slug":"arabic-hookah-cup-set-wholesale","status":"publish","type":"product","link":"https:\/\/global-hookah.com\/de\/produkt\/arabic-hookah-cup-set-wholesale\/","title":{"rendered":"Arabisch Hookah Cup Set Gro\u00dfhandel"},"content":{"rendered":"<div data-elementor-type=\"wp-post\" data-elementor-id=\"16955\" class=\"elementor elementor-16955\">\n\t\t\t\t\t\t<section class=\"elementor-section elementor-top-section elementor-element elementor-element-0e2a73a elementor-section-boxed elementor-section-height-default elementor-section-height-default\" data-id=\"0e2a73a\" data-element_type=\"section\" data-e-type=\"section\">\n\t\t\t\t\t\t<div class=\"elementor-container elementor-column-gap-default\">\n\t\t\t\t\t<div class=\"elementor-column elementor-col-100 elementor-top-column elementor-element elementor-element-21374aa\" data-id=\"21374aa\" data-element_type=\"column\" data-e-type=\"column\">\n\t\t\t<div class=\"elementor-widget-wrap elementor-element-populated\">\n\t\t\t\t\t\t<div class=\"elementor-element elementor-element-b55da70 color-scheme-inherit text-left elementor-widget elementor-widget-text-editor\" data-id=\"b55da70\" data-element_type=\"widget\" data-e-type=\"widget\" data-widget_type=\"text-editor.default\">\n\t\t\t\t<div class=\"elementor-widget-container\">\n\t\t\t\t\t\t\t\t\t<p>Die komplizierten Muster und authentischen arabischen Einfl\u00fcsse im Design dieses <strong>Arabische Wasserpfeife Tasse Set<\/strong> werden Sie sicher beeindrucken. Die <strong>Arabische Wasserpfeife Tasse Set <\/strong>ist in verschiedenen Farben wie Rot, Gr\u00fcn, Orange und Gold erh\u00e4ltlich, aus denen Sie w\u00e4hlen k\u00f6nnen.<\/p><p>Das Design hebt die exquisite Handwerkskunst hervor und erinnert auf den ersten Blick an die Kultur des Nahen Ostens. Wenn er benutzt wird, wird er zum Mittelpunkt der Unterhaltung und bringt eine exotische Atmosph\u00e4re auf jede Party.<\/p><p>Einf\u00fchrung in das Material:<\/p><p>Der Shisha-Stiel ist ein Schl\u00fcsselelement, das den Rauch von der Schale \u00fcber den Schlauch und das Mundst\u00fcck leitet. Unser Set verf\u00fcgt \u00fcber einen langlebigen, hochwertigen Metallschaft, der f\u00fcr einen optimalen Rauchfluss entwickelt wurde.<\/p><p>Mit der verstellbaren Stielh\u00f6he k\u00f6nnen Sie die Wasserpfeife an Ihre bevorzugte Gr\u00f6\u00dfe anpassen. Drehen Sie ihn einfach, um ihn auf die ideale H\u00f6he f\u00fcr den sitzenden oder stehenden Gebrauch anzuheben oder abzusenken.<\/p><p>Der lange Stiel k\u00fchlt und filtert den Rauch f\u00fcr einen gleichm\u00e4\u00dfigen Zug. W\u00e4hrend der Rauch die L\u00e4nge des Stiels hinaufwandert, hat er Zeit, sich vor dem Inhalieren abzuk\u00fchlen.<\/p><p>Der flexible Kunststoffschlauch l\u00e4sst sich knickfrei biegen, sodass das Mundst\u00fcck unabh\u00e4ngig von der Schlauchrichtung bequem gehalten werden kann. Die Flexibilit\u00e4t erm\u00f6glicht auch ein einfaches Aufwickeln des Schlauchs zur Aufbewahrung.<\/p><p>Die mittelgro\u00dfe Wasserschale aus Glas bietet reichlich Platz f\u00fcr Wasser und Eis zum K\u00fchlen und Filtern des Rauchs. Sie ist aus haltbarem Glas gefertigt, fasst bis zu 500 ml Wasser und hat ein offenes Design f\u00fcr eine einfache Reinigung.<\/p><p>Die Zugabe von Eis k\u00fchlt den Rauch weiter ab und sorgt f\u00fcr ein sanftes, gereinigtes Raucherlebnis, w\u00e4hrend sich die Blasen durch das Wasser bewegen.<\/p><p>Als Qualit\u00e4t <a href=\"https:\/\/global-hookah.com\/product-category\/wholesale-hookah\/\">Shisha-Anpassung Fabrik<\/a>Unsere Preise sind \u00e4u\u00dferst wettbewerbsf\u00e4hig. Unser Designteam kann Muster und Formen nach Ihren W\u00fcnschen anpassen. Kontaktieren Sie uns f\u00fcr g\u00fcnstige Gro\u00dfhandelspreise f\u00fcr kundenspezifische Gro\u00dfauftr\u00e4ge.<\/p>\t\t\t\t\t\t\t\t<\/div>\n\t\t\t\t<\/div>\n\t\t\t\t\t<\/div>\n\t\t<\/div>\n\t\t\t\t\t<\/div>\n\t\t<\/section>\n\t\t\t\t<\/div>","protected":false},"excerpt":{"rendered":"<p>Die komplizierten Muster und authentischen arabischen Einfl\u00fcsse im Design dieses arabischen Hookah Cup Sets werden Sie sicher beeindrucken.<\/p>","protected":false},"featured_media":16957,"comment_status":"open","ping_status":"closed","template":"","meta":{"iawp_total_views":0,"_joinchat":[]},"product_brand":[],"product_cat":[560,119],"product_tag":[],"class_list":{"0":"post-16955","1":"product","2":"type-product","3":"status-publish","4":"has-post-thumbnail","6":"product_cat-glass-hookah-wholesale","7":"product_cat-wholesale-hookah","9":"first","10":"instock","11":"shipping-taxable","12":"product-type-external"},"yoast_head":"<!-- This site is optimized with the Yoast SEO Premium plugin v24.7 (Yoast SEO v26.8) - https:\/\/yoast.com\/product\/yoast-seo-premium-wordpress\/ -->\n<title>Arabic Hookah Cup Set Wholesale - Global Hookah<\/title>\n<meta name=\"robots\" content=\"index, follow, max-snippet:-1, max-image-preview:large, max-video-preview:-1\" \/>\n<link rel=\"canonical\" href=\"https:\/\/global-hookah.com\/de\/produkt\/arabic-hookah-cup-set-wholesale\/\" \/>\n<meta property=\"og:locale\" content=\"de_DE\" \/>\n<meta property=\"og:type\" content=\"article\" \/>\n<meta property=\"og:title\" content=\"Arabic Hookah Cup Set Wholesale\" \/>\n<meta property=\"og:description\" content=\"The intricate patterns and authentic Arabic influences in the design of this Arabic Hookah Cup Set are sure to impress.\" \/>\n<meta property=\"og:url\" content=\"https:\/\/global-hookah.com\/de\/produkt\/arabic-hookah-cup-set-wholesale\/\" \/>\n<meta property=\"og:site_name\" content=\"Global Hookah\" \/>\n<meta property=\"article:modified_time\" content=\"2024-01-12T03:51:30+00:00\" \/>\n<meta property=\"og:image\" content=\"https:\/\/global-hookah.com\/wp-content\/uploads\/2023\/12\/O1CN01GJZyap23khnKPanL7_2201231717294-0-cib.jpg\" \/>\n\t<meta property=\"og:image:width\" content=\"1920\" \/>\n\t<meta property=\"og:image:height\" content=\"1920\" \/>\n\t<meta property=\"og:image:type\" content=\"image\/jpeg\" \/>\n<meta name=\"twitter:card\" content=\"summary_large_image\" \/>\n<script type=\"application\/ld+json\" class=\"yoast-schema-graph\">{\"@context\":\"https:\/\/schema.org\",\"@graph\":[{\"@type\":\"WebPage\",\"@id\":\"https:\/\/global-hookah.com\/product\/arabic-hookah-cup-set-wholesale\/\",\"url\":\"https:\/\/global-hookah.com\/product\/arabic-hookah-cup-set-wholesale\/\",\"name\":\"Arabic Hookah Cup Set Wholesale - Global Hookah\",\"isPartOf\":{\"@id\":\"https:\/\/global-hookah.com\/#website\"},\"primaryImageOfPage\":{\"@id\":\"https:\/\/global-hookah.com\/product\/arabic-hookah-cup-set-wholesale\/#primaryimage\"},\"image\":{\"@id\":\"https:\/\/global-hookah.com\/product\/arabic-hookah-cup-set-wholesale\/#primaryimage\"},\"thumbnailUrl\":\"https:\/\/global-hookah.com\/wp-content\/uploads\/2023\/12\/O1CN01GJZyap23khnKPanL7_2201231717294-0-cib.jpg\",\"datePublished\":\"2023-12-08T01:53:24+00:00\",\"dateModified\":\"2024-01-12T03:51:30+00:00\",\"breadcrumb\":{\"@id\":\"https:\/\/global-hookah.com\/product\/arabic-hookah-cup-set-wholesale\/#breadcrumb\"},\"inLanguage\":\"de\",\"potentialAction\":[{\"@type\":\"ReadAction\",\"target\":[\"https:\/\/global-hookah.com\/product\/arabic-hookah-cup-set-wholesale\/\"]}]},{\"@type\":\"ImageObject\",\"inLanguage\":\"de\",\"@id\":\"https:\/\/global-hookah.com\/product\/arabic-hookah-cup-set-wholesale\/#primaryimage\",\"url\":\"https:\/\/global-hookah.com\/wp-content\/uploads\/2023\/12\/O1CN01GJZyap23khnKPanL7_2201231717294-0-cib.jpg\",\"contentUrl\":\"https:\/\/global-hookah.com\/wp-content\/uploads\/2023\/12\/O1CN01GJZyap23khnKPanL7_2201231717294-0-cib.jpg\",\"width\":1920,\"height\":1920,\"caption\":\"Arabic Hookah Cup Set Wholesale\"},{\"@type\":\"BreadcrumbList\",\"@id\":\"https:\/\/global-hookah.com\/product\/arabic-hookah-cup-set-wholesale\/#breadcrumb\",\"itemListElement\":[{\"@type\":\"ListItem\",\"position\":1,\"name\":\"Home\",\"item\":\"https:\/\/global-hookah.com\/\"},{\"@type\":\"ListItem\",\"position\":2,\"name\":\"Shop\",\"item\":\"https:\/\/global-hookah.com\/shop\/\"},{\"@type\":\"ListItem\",\"position\":3,\"name\":\"Arabic Hookah Cup Set Wholesale\"}]},{\"@type\":\"WebSite\",\"@id\":\"https:\/\/global-hookah.com\/#website\",\"url\":\"https:\/\/global-hookah.com\/\",\"name\":\"Global Hookah\",\"description\":\"Global Hookah\",\"publisher\":{\"@id\":\"https:\/\/global-hookah.com\/#organization\"},\"potentialAction\":[{\"@type\":\"SearchAction\",\"target\":{\"@type\":\"EntryPoint\",\"urlTemplate\":\"https:\/\/global-hookah.com\/?s={search_term_string}\"},\"query-input\":{\"@type\":\"PropertyValueSpecification\",\"valueRequired\":true,\"valueName\":\"search_term_string\"}}],\"inLanguage\":\"de\"},{\"@type\":\"Organization\",\"@id\":\"https:\/\/global-hookah.com\/#organization\",\"name\":\"Global Hookah\",\"url\":\"https:\/\/global-hookah.com\/\",\"logo\":{\"@type\":\"ImageObject\",\"inLanguage\":\"de\",\"@id\":\"https:\/\/global-hookah.com\/#\/schema\/logo\/image\/\",\"url\":\"https:\/\/global-hookah.com\/wp-content\/uploads\/2021\/10\/cropped-fgg.png\",\"contentUrl\":\"https:\/\/global-hookah.com\/wp-content\/uploads\/2021\/10\/cropped-fgg.png\",\"width\":512,\"height\":512,\"caption\":\"Global Hookah\"},\"image\":{\"@id\":\"https:\/\/global-hookah.com\/#\/schema\/logo\/image\/\"}}]}<\/script>\n<!-- \/ Yoast SEO Premium plugin. -->","yoast_head_json":{"title":"Arabische Wasserpfeife Cup Set Gro\u00dfhandel - Global Hookah","robots":{"index":"index","follow":"follow","max-snippet":"max-snippet:-1","max-image-preview":"max-image-preview:large","max-video-preview":"max-video-preview:-1"},"canonical":"https:\/\/global-hookah.com\/de\/produkt\/arabic-hookah-cup-set-wholesale\/","og_locale":"de_DE","og_type":"article","og_title":"Arabic Hookah Cup Set Wholesale","og_description":"The intricate patterns and authentic Arabic influences in the design of this Arabic Hookah Cup Set are sure to impress.","og_url":"https:\/\/global-hookah.com\/de\/produkt\/arabic-hookah-cup-set-wholesale\/","og_site_name":"Global Hookah","article_modified_time":"2024-01-12T03:51:30+00:00","og_image":[{"width":1920,"height":1920,"url":"https:\/\/global-hookah.com\/wp-content\/uploads\/2023\/12\/O1CN01GJZyap23khnKPanL7_2201231717294-0-cib.jpg","type":"image\/jpeg"}],"twitter_card":"summary_large_image","schema":{"@context":"https:\/\/schema.org","@graph":[{"@type":"WebPage","@id":"https:\/\/global-hookah.com\/product\/arabic-hookah-cup-set-wholesale\/","url":"https:\/\/global-hookah.com\/product\/arabic-hookah-cup-set-wholesale\/","name":"Arabische Wasserpfeife Cup Set Gro\u00dfhandel - Global Hookah","isPartOf":{"@id":"https:\/\/global-hookah.com\/#website"},"primaryImageOfPage":{"@id":"https:\/\/global-hookah.com\/product\/arabic-hookah-cup-set-wholesale\/#primaryimage"},"image":{"@id":"https:\/\/global-hookah.com\/product\/arabic-hookah-cup-set-wholesale\/#primaryimage"},"thumbnailUrl":"https:\/\/global-hookah.com\/wp-content\/uploads\/2023\/12\/O1CN01GJZyap23khnKPanL7_2201231717294-0-cib.jpg","datePublished":"2023-12-08T01:53:24+00:00","dateModified":"2024-01-12T03:51:30+00:00","breadcrumb":{"@id":"https:\/\/global-hookah.com\/product\/arabic-hookah-cup-set-wholesale\/#breadcrumb"},"inLanguage":"de","potentialAction":[{"@type":"ReadAction","target":["https:\/\/global-hookah.com\/product\/arabic-hookah-cup-set-wholesale\/"]}]},{"@type":"ImageObject","inLanguage":"de","@id":"https:\/\/global-hookah.com\/product\/arabic-hookah-cup-set-wholesale\/#primaryimage","url":"https:\/\/global-hookah.com\/wp-content\/uploads\/2023\/12\/O1CN01GJZyap23khnKPanL7_2201231717294-0-cib.jpg","contentUrl":"https:\/\/global-hookah.com\/wp-content\/uploads\/2023\/12\/O1CN01GJZyap23khnKPanL7_2201231717294-0-cib.jpg","width":1920,"height":1920,"caption":"Arabic Hookah Cup Set Wholesale"},{"@type":"BreadcrumbList","@id":"https:\/\/global-hookah.com\/product\/arabic-hookah-cup-set-wholesale\/#breadcrumb","itemListElement":[{"@type":"ListItem","position":1,"name":"Home","item":"https:\/\/global-hookah.com\/"},{"@type":"ListItem","position":2,"name":"Shop","item":"https:\/\/global-hookah.com\/shop\/"},{"@type":"ListItem","position":3,"name":"Arabic Hookah Cup Set Wholesale"}]},{"@type":"WebSite","@id":"https:\/\/global-hookah.com\/#website","url":"https:\/\/global-hookah.com\/","name":"Globale Wasserpfeife","description":"Globale Wasserpfeife","publisher":{"@id":"https:\/\/global-hookah.com\/#organization"},"potentialAction":[{"@type":"SearchAction","target":{"@type":"EntryPoint","urlTemplate":"https:\/\/global-hookah.com\/?s={search_term_string}"},"query-input":{"@type":"PropertyValueSpecification","valueRequired":true,"valueName":"search_term_string"}}],"inLanguage":"de"},{"@type":"Organization","@id":"https:\/\/global-hookah.com\/#organization","name":"Globale Wasserpfeife","url":"https:\/\/global-hookah.com\/","logo":{"@type":"ImageObject","inLanguage":"de","@id":"https:\/\/global-hookah.com\/#\/schema\/logo\/image\/","url":"https:\/\/global-hookah.com\/wp-content\/uploads\/2021\/10\/cropped-fgg.png","contentUrl":"https:\/\/global-hookah.com\/wp-content\/uploads\/2021\/10\/cropped-fgg.png","width":512,"height":512,"caption":"Global Hookah"},"image":{"@id":"https:\/\/global-hookah.com\/#\/schema\/logo\/image\/"}}]}},"_links":{"self":[{"href":"https:\/\/global-hookah.com\/de\/wp-json\/wp\/v2\/product\/16955","targetHints":{"allow":["GET"]}}],"collection":[{"href":"https:\/\/global-hookah.com\/de\/wp-json\/wp\/v2\/product"}],"about":[{"href":"https:\/\/global-hookah.com\/de\/wp-json\/wp\/v2\/types\/product"}],"replies":[{"embeddable":true,"href":"https:\/\/global-hookah.com\/de\/wp-json\/wp\/v2\/comments?post=16955"}],"version-history":[{"count":0,"href":"https:\/\/global-hookah.com\/de\/wp-json\/wp\/v2\/product\/16955\/revisions"}],"wp:featuredmedia":[{"embeddable":true,"href":"https:\/\/global-hookah.com\/de\/wp-json\/wp\/v2\/media\/16957"}],"wp:attachment":[{"href":"https:\/\/global-hookah.com\/de\/wp-json\/wp\/v2\/media?parent=16955"}],"wp:term":[{"taxonomy":"product_brand","embeddable":true,"href":"https:\/\/global-hookah.com\/de\/wp-json\/wp\/v2\/product_brand?post=16955"},{"taxonomy":"product_cat","embeddable":true,"href":"https:\/\/global-hookah.com\/de\/wp-json\/wp\/v2\/product_cat?post=16955"},{"taxonomy":"product_tag","embeddable":true,"href":"https:\/\/global-hookah.com\/de\/wp-json\/wp\/v2\/product_tag?post=16955"}],"curies":[{"name":"wp","href":"https:\/\/api.w.org\/{rel}","templated":true}]}}