{"id":16966,"date":"2023-12-08T02:02:41","date_gmt":"2023-12-08T02:02:41","guid":{"rendered":"https:\/\/global-hookah.com\/?post_type=product&#038;p=16966"},"modified":"2024-01-12T03:51:29","modified_gmt":"2024-01-12T03:51:29","slug":"glass-blue-hookah-wholesale","status":"publish","type":"product","link":"https:\/\/global-hookah.com\/de\/produkt\/glass-blue-hookah-wholesale\/","title":{"rendered":"Glas Blau Hookah Gro\u00dfhandel"},"content":{"rendered":"<p>Diese<strong> himmelblaue Wasserpfeifen<\/strong> sind die Spitze des Shisha-Designs auf unserer Website, und als eine unserer gr\u00f6\u00dften<a href=\"https:\/\/global-hookah.com\/product-category\/wholesale-hookah\/\"> Gro\u00dfhandel Wasserpfeifen<\/a>Diese Wasserpfeifen verbinden moderne \u00c4sthetik mit modernstem Design.<\/p>\n<p>Die aus hochwertigem Glas in auff\u00e4lligen Blaut\u00f6nen gefertigte Ocean <strong>Blaue Wasserpfeife<\/strong> zeichnet sich durch sein einzigartiges Aussehen und seine raffinierten Annehmlichkeiten aus. Zugleich ist dieses <strong>blaues Wasserpfeifen-Set<\/strong> ist sehr einfach zu installieren und integriert perfekt die Qualit\u00e4t von Hookahs R Us in moderne Glasformen. Die Shisha-Basis, Vase, Downstem und Schlauch sind alle aus mundgeblasenem Borosilikatglas f\u00fcr optimale Haltbarkeit und Hitzebest\u00e4ndigkeit hergestellt.<\/p>\n<p>An der breitesten Stelle misst der Umfang 10 Zoll, die birnenf\u00f6rmige Vase hat eine H\u00f6he von etwa 18 Zoll. Das Volumen ist gro\u00df genug, damit sich der Rauch aufbauen und vor dem Einatmen abk\u00fchlen kann. Die schmale, eingepasste \u00d6ffnung oben an der Vase erm\u00f6glicht eine sichere Verbindung mit dem Downstream.<\/p>\n<p>Der passende kobaltblaue Downstem hat eine kantige, k\u00fcnstlerische Form mit einer Eisf\u00e4nger-Ausbuchtung und einem Duschkopf-Diffusor am unteren Ende. Dies sorgt f\u00fcr einen gleichm\u00e4\u00dfigen Luftstrom und Perkolation f\u00fcr den Rauch.<\/p>\n<p>Au\u00dferdem ist die Innenseite <strong>Blaue Wasserpfeife f\u00fcr Anf\u00e4nger<\/strong> Die K\u00fchlung wird durch neue k\u00fchle Luftstromeins\u00e4tze reibungslos gesteuert. Die herk\u00f6mmliche Kugellagersp\u00fclung wird durch diese ersetzt, die f\u00fcr <a href=\"https:\/\/global-hookah.com\/how-to-make-hookah-smoke-thicker-help-you-improve-your-hookah-experience\/\">verbesserter Rauch<\/a> K\u00fchlung und kalibrierter Luftstrom. Die Kunden k\u00f6nnen die K\u00fchlung und den Luftstrom an ihre Vorlieben und den Verpackungsstil anpassen, indem sie aus einer Vielzahl von Eins\u00e4tzen w\u00e4hlen.<\/p>\n<p>Schlie\u00dflich ist die <strong>blaues Wasserpfeifen-Set<\/strong> verf\u00fcgt \u00fcber einen eingebauten magnetischen Pokerhalter und ein Multitool. Dies ist die erste Wasserpfeife, bei der diese Annehmlichkeiten in die Basis und den Schaft integriert sind. Der magnetische Halter erm\u00f6glicht einen einfachen Zugriff auf den Sch\u00fcrhaken w\u00e4hrend des Rauchens und h\u00e4lt ihn immer griffbereit. Mit dem eingebauten Werkzeug k\u00f6nnen Sie den Pfeifenkopf und die Packung w\u00e4hrend des Rauchens \u00fcber die \u00d6ffnung des Rauchers einstellen. Diese innovative Kombination macht ihn zu einem unverzichtbaren Werkzeug f\u00fcr Raucherfreunde.<\/p>","protected":false},"excerpt":{"rendered":"<p>Diese himmelblauen Wasserpfeifen sind der H\u00f6hepunkt des Wasserpfeifen-Designs auf unserer Website, und als einer unserer gr\u00f6\u00dften Gro\u00dfhandels<\/p>","protected":false},"featured_media":16969,"comment_status":"open","ping_status":"closed","template":"","meta":{"iawp_total_views":4,"_joinchat":[]},"product_brand":[],"product_cat":[560,119],"product_tag":[],"class_list":{"0":"post-16966","1":"product","2":"type-product","3":"status-publish","4":"has-post-thumbnail","6":"product_cat-glass-hookah-wholesale","7":"product_cat-wholesale-hookah","9":"first","10":"instock","11":"shipping-taxable","12":"product-type-external"},"yoast_head":"<!-- This site is optimized with the Yoast SEO Premium plugin v24.7 (Yoast SEO v26.8) - https:\/\/yoast.com\/product\/yoast-seo-premium-wordpress\/ -->\n<title>Glass Blue Hookah Wholesale - Global Hookah<\/title>\n<meta name=\"robots\" content=\"index, follow, max-snippet:-1, max-image-preview:large, max-video-preview:-1\" \/>\n<link rel=\"canonical\" href=\"https:\/\/global-hookah.com\/de\/produkt\/glass-blue-hookah-wholesale\/\" \/>\n<meta property=\"og:locale\" content=\"de_DE\" \/>\n<meta property=\"og:type\" content=\"article\" \/>\n<meta property=\"og:title\" content=\"Glass Blue Hookah Wholesale\" \/>\n<meta property=\"og:description\" content=\"These sky blue hookahs are the pinnacle of hookah design on our site, and as one of our largest wholesale\" \/>\n<meta property=\"og:url\" content=\"https:\/\/global-hookah.com\/de\/produkt\/glass-blue-hookah-wholesale\/\" \/>\n<meta property=\"og:site_name\" content=\"Global Hookah\" \/>\n<meta property=\"article:modified_time\" content=\"2024-01-12T03:51:29+00:00\" \/>\n<meta property=\"og:image\" content=\"https:\/\/global-hookah.com\/wp-content\/uploads\/2023\/12\/O1CN01idALJr23khkDIDdug_2201231717294-0-cib.jpg\" \/>\n\t<meta property=\"og:image:width\" content=\"1920\" \/>\n\t<meta property=\"og:image:height\" content=\"1920\" \/>\n\t<meta property=\"og:image:type\" content=\"image\/jpeg\" \/>\n<meta name=\"twitter:card\" content=\"summary_large_image\" \/>\n<meta name=\"twitter:label1\" content=\"Gesch\u00e4tzte Lesezeit\" \/>\n\t<meta name=\"twitter:data1\" content=\"2\u00a0Minuten\" \/>\n<script type=\"application\/ld+json\" class=\"yoast-schema-graph\">{\"@context\":\"https:\/\/schema.org\",\"@graph\":[{\"@type\":\"WebPage\",\"@id\":\"https:\/\/global-hookah.com\/product\/glass-blue-hookah-wholesale\/\",\"url\":\"https:\/\/global-hookah.com\/product\/glass-blue-hookah-wholesale\/\",\"name\":\"Glass Blue Hookah Wholesale - Global Hookah\",\"isPartOf\":{\"@id\":\"https:\/\/global-hookah.com\/#website\"},\"primaryImageOfPage\":{\"@id\":\"https:\/\/global-hookah.com\/product\/glass-blue-hookah-wholesale\/#primaryimage\"},\"image\":{\"@id\":\"https:\/\/global-hookah.com\/product\/glass-blue-hookah-wholesale\/#primaryimage\"},\"thumbnailUrl\":\"https:\/\/global-hookah.com\/wp-content\/uploads\/2023\/12\/O1CN01idALJr23khkDIDdug_2201231717294-0-cib.jpg\",\"datePublished\":\"2023-12-08T02:02:41+00:00\",\"dateModified\":\"2024-01-12T03:51:29+00:00\",\"breadcrumb\":{\"@id\":\"https:\/\/global-hookah.com\/product\/glass-blue-hookah-wholesale\/#breadcrumb\"},\"inLanguage\":\"de\",\"potentialAction\":[{\"@type\":\"ReadAction\",\"target\":[\"https:\/\/global-hookah.com\/product\/glass-blue-hookah-wholesale\/\"]}]},{\"@type\":\"ImageObject\",\"inLanguage\":\"de\",\"@id\":\"https:\/\/global-hookah.com\/product\/glass-blue-hookah-wholesale\/#primaryimage\",\"url\":\"https:\/\/global-hookah.com\/wp-content\/uploads\/2023\/12\/O1CN01idALJr23khkDIDdug_2201231717294-0-cib.jpg\",\"contentUrl\":\"https:\/\/global-hookah.com\/wp-content\/uploads\/2023\/12\/O1CN01idALJr23khkDIDdug_2201231717294-0-cib.jpg\",\"width\":1920,\"height\":1920,\"caption\":\"Glass Blue Hookah Wholesale\"},{\"@type\":\"BreadcrumbList\",\"@id\":\"https:\/\/global-hookah.com\/product\/glass-blue-hookah-wholesale\/#breadcrumb\",\"itemListElement\":[{\"@type\":\"ListItem\",\"position\":1,\"name\":\"Home\",\"item\":\"https:\/\/global-hookah.com\/\"},{\"@type\":\"ListItem\",\"position\":2,\"name\":\"Shop\",\"item\":\"https:\/\/global-hookah.com\/shop\/\"},{\"@type\":\"ListItem\",\"position\":3,\"name\":\"Glass Blue Hookah Wholesale\"}]},{\"@type\":\"WebSite\",\"@id\":\"https:\/\/global-hookah.com\/#website\",\"url\":\"https:\/\/global-hookah.com\/\",\"name\":\"Global Hookah\",\"description\":\"Global Hookah\",\"publisher\":{\"@id\":\"https:\/\/global-hookah.com\/#organization\"},\"potentialAction\":[{\"@type\":\"SearchAction\",\"target\":{\"@type\":\"EntryPoint\",\"urlTemplate\":\"https:\/\/global-hookah.com\/?s={search_term_string}\"},\"query-input\":{\"@type\":\"PropertyValueSpecification\",\"valueRequired\":true,\"valueName\":\"search_term_string\"}}],\"inLanguage\":\"de\"},{\"@type\":\"Organization\",\"@id\":\"https:\/\/global-hookah.com\/#organization\",\"name\":\"Global Hookah\",\"url\":\"https:\/\/global-hookah.com\/\",\"logo\":{\"@type\":\"ImageObject\",\"inLanguage\":\"de\",\"@id\":\"https:\/\/global-hookah.com\/#\/schema\/logo\/image\/\",\"url\":\"https:\/\/global-hookah.com\/wp-content\/uploads\/2021\/10\/cropped-fgg.png\",\"contentUrl\":\"https:\/\/global-hookah.com\/wp-content\/uploads\/2021\/10\/cropped-fgg.png\",\"width\":512,\"height\":512,\"caption\":\"Global Hookah\"},\"image\":{\"@id\":\"https:\/\/global-hookah.com\/#\/schema\/logo\/image\/\"}}]}<\/script>\n<!-- \/ Yoast SEO Premium plugin. -->","yoast_head_json":{"title":"Glas Blaue Wasserpfeife Gro\u00dfhandel - Global Hookah","robots":{"index":"index","follow":"follow","max-snippet":"max-snippet:-1","max-image-preview":"max-image-preview:large","max-video-preview":"max-video-preview:-1"},"canonical":"https:\/\/global-hookah.com\/de\/produkt\/glass-blue-hookah-wholesale\/","og_locale":"de_DE","og_type":"article","og_title":"Glass Blue Hookah Wholesale","og_description":"These sky blue hookahs are the pinnacle of hookah design on our site, and as one of our largest wholesale","og_url":"https:\/\/global-hookah.com\/de\/produkt\/glass-blue-hookah-wholesale\/","og_site_name":"Global Hookah","article_modified_time":"2024-01-12T03:51:29+00:00","og_image":[{"width":1920,"height":1920,"url":"https:\/\/global-hookah.com\/wp-content\/uploads\/2023\/12\/O1CN01idALJr23khkDIDdug_2201231717294-0-cib.jpg","type":"image\/jpeg"}],"twitter_card":"summary_large_image","twitter_misc":{"Gesch\u00e4tzte Lesezeit":"2\u00a0Minuten"},"schema":{"@context":"https:\/\/schema.org","@graph":[{"@type":"WebPage","@id":"https:\/\/global-hookah.com\/product\/glass-blue-hookah-wholesale\/","url":"https:\/\/global-hookah.com\/product\/glass-blue-hookah-wholesale\/","name":"Glas Blaue Wasserpfeife Gro\u00dfhandel - Global Hookah","isPartOf":{"@id":"https:\/\/global-hookah.com\/#website"},"primaryImageOfPage":{"@id":"https:\/\/global-hookah.com\/product\/glass-blue-hookah-wholesale\/#primaryimage"},"image":{"@id":"https:\/\/global-hookah.com\/product\/glass-blue-hookah-wholesale\/#primaryimage"},"thumbnailUrl":"https:\/\/global-hookah.com\/wp-content\/uploads\/2023\/12\/O1CN01idALJr23khkDIDdug_2201231717294-0-cib.jpg","datePublished":"2023-12-08T02:02:41+00:00","dateModified":"2024-01-12T03:51:29+00:00","breadcrumb":{"@id":"https:\/\/global-hookah.com\/product\/glass-blue-hookah-wholesale\/#breadcrumb"},"inLanguage":"de","potentialAction":[{"@type":"ReadAction","target":["https:\/\/global-hookah.com\/product\/glass-blue-hookah-wholesale\/"]}]},{"@type":"ImageObject","inLanguage":"de","@id":"https:\/\/global-hookah.com\/product\/glass-blue-hookah-wholesale\/#primaryimage","url":"https:\/\/global-hookah.com\/wp-content\/uploads\/2023\/12\/O1CN01idALJr23khkDIDdug_2201231717294-0-cib.jpg","contentUrl":"https:\/\/global-hookah.com\/wp-content\/uploads\/2023\/12\/O1CN01idALJr23khkDIDdug_2201231717294-0-cib.jpg","width":1920,"height":1920,"caption":"Glass Blue Hookah Wholesale"},{"@type":"BreadcrumbList","@id":"https:\/\/global-hookah.com\/product\/glass-blue-hookah-wholesale\/#breadcrumb","itemListElement":[{"@type":"ListItem","position":1,"name":"Home","item":"https:\/\/global-hookah.com\/"},{"@type":"ListItem","position":2,"name":"Shop","item":"https:\/\/global-hookah.com\/shop\/"},{"@type":"ListItem","position":3,"name":"Glass Blue Hookah Wholesale"}]},{"@type":"WebSite","@id":"https:\/\/global-hookah.com\/#website","url":"https:\/\/global-hookah.com\/","name":"Globale Wasserpfeife","description":"Globale Wasserpfeife","publisher":{"@id":"https:\/\/global-hookah.com\/#organization"},"potentialAction":[{"@type":"SearchAction","target":{"@type":"EntryPoint","urlTemplate":"https:\/\/global-hookah.com\/?s={search_term_string}"},"query-input":{"@type":"PropertyValueSpecification","valueRequired":true,"valueName":"search_term_string"}}],"inLanguage":"de"},{"@type":"Organization","@id":"https:\/\/global-hookah.com\/#organization","name":"Globale Wasserpfeife","url":"https:\/\/global-hookah.com\/","logo":{"@type":"ImageObject","inLanguage":"de","@id":"https:\/\/global-hookah.com\/#\/schema\/logo\/image\/","url":"https:\/\/global-hookah.com\/wp-content\/uploads\/2021\/10\/cropped-fgg.png","contentUrl":"https:\/\/global-hookah.com\/wp-content\/uploads\/2021\/10\/cropped-fgg.png","width":512,"height":512,"caption":"Global Hookah"},"image":{"@id":"https:\/\/global-hookah.com\/#\/schema\/logo\/image\/"}}]}},"_links":{"self":[{"href":"https:\/\/global-hookah.com\/de\/wp-json\/wp\/v2\/product\/16966","targetHints":{"allow":["GET"]}}],"collection":[{"href":"https:\/\/global-hookah.com\/de\/wp-json\/wp\/v2\/product"}],"about":[{"href":"https:\/\/global-hookah.com\/de\/wp-json\/wp\/v2\/types\/product"}],"replies":[{"embeddable":true,"href":"https:\/\/global-hookah.com\/de\/wp-json\/wp\/v2\/comments?post=16966"}],"version-history":[{"count":0,"href":"https:\/\/global-hookah.com\/de\/wp-json\/wp\/v2\/product\/16966\/revisions"}],"wp:featuredmedia":[{"embeddable":true,"href":"https:\/\/global-hookah.com\/de\/wp-json\/wp\/v2\/media\/16969"}],"wp:attachment":[{"href":"https:\/\/global-hookah.com\/de\/wp-json\/wp\/v2\/media?parent=16966"}],"wp:term":[{"taxonomy":"product_brand","embeddable":true,"href":"https:\/\/global-hookah.com\/de\/wp-json\/wp\/v2\/product_brand?post=16966"},{"taxonomy":"product_cat","embeddable":true,"href":"https:\/\/global-hookah.com\/de\/wp-json\/wp\/v2\/product_cat?post=16966"},{"taxonomy":"product_tag","embeddable":true,"href":"https:\/\/global-hookah.com\/de\/wp-json\/wp\/v2\/product_tag?post=16966"}],"curies":[{"name":"wp","href":"https:\/\/api.w.org\/{rel}","templated":true}]}}