{"id":16976,"date":"2023-12-08T02:13:48","date_gmt":"2023-12-08T02:13:48","guid":{"rendered":"https:\/\/global-hookah.com\/?post_type=product&#038;p=16976"},"modified":"2024-01-12T07:48:34","modified_gmt":"2024-01-12T07:48:34","slug":"portable-car-hookah-wholesale","status":"publish","type":"product","link":"https:\/\/global-hookah.com\/de\/produkt\/portable-car-hookah-wholesale\/","title":{"rendered":"Tragbare Auto-Wasserpfeife Gro\u00dfhandel"},"content":{"rendered":"<p>Der perfekte Begleiter f\u00fcr gem\u00fctliche Fahrten, ein<strong> tragbare Auto-Wasserpfeife<\/strong> k\u00f6nnen Sie Ihre bevorzugten Shisha-Aromen auch unterwegs genie\u00dfen. Von Grund auf f\u00fcr den einfachen Gebrauch im Auto konzipiert, k\u00f6nnen diese Wasserpfeifen f\u00fcr das Auto Ihnen helfen, unterwegs zu rauchen. Wasserpfeife ohne \u00c4rger zu verursachen<\/p>\n<p>Das Herzst\u00fcck der <strong>tragbare Auto-Wasserpfeife<\/strong> ist ein Kompakter, <strong>reisefreundliche Shisha-Pfeife<\/strong> und Sockel, die nur wenig Platz ben\u00f6tigen. F\u00fcllen Sie einfach Wasser in den Sockel und schlie\u00dfen Sie ihn an die Pfeife an. Der stabile Sockel ist so geformt, dass er perfekt in den Getr\u00e4nkehalter Ihres Autos passt, und erm\u00f6glicht es Ihnen, w\u00e4hrend der Fahrt sicher zu rauchen. Die Shisha-Pfeife wird mit einem Schlauch verbunden, der zu Einweg-Mundst\u00fccken f\u00fchrt. So k\u00f6nnen Fahrer und Beifahrer ganz einfach aromatischen Shisha-Rauch ziehen.<\/p>\n<p>Wenn Sie in Ihrem Auto rauchen wollen, muss der <strong>Tragbare Mini-Wasserpfeife f\u00fcr das Auto<\/strong> l\u00e4sst sich schnell und einfach aufbauen. Alle Teile lassen sich mit einer einfachen Drehung sicher zusammenstecken. Keine Werkzeuge oder komplizierte Montage erforderlich! Schlie\u00dfen Sie einfach die Vase an, f\u00fcgen Sie Wasser hinzu, befestigen Sie den Schlauch und den Kohlebeh\u00e4lter, und schon k\u00f6nnen Sie die Wasserpfeife in wenigen Minuten genie\u00dfen.<\/p>\n<p>Der Einfachheit halber wird unser <strong>tragbare Auto-Wasserpfeife<\/strong> kommt mit allen wesentlichen Zubeh\u00f6rteilen, die Sie brauchen, um sofort aus der Box zu starten. Dazu geh\u00f6ren ein Schlauch, Mundst\u00fcck, Spule Brenner, Wir wollten alles, was erforderlich ist, so Wasserpfeife Anf\u00e4nger k\u00f6nnen leicht verwenden und genie\u00dfen Sie das Produkt.<\/p>\n<p>Design und Spezifikationen<\/p>\n<p>Unser <strong>Wasserpfeife f\u00fcr Auto<\/strong> ist fachm\u00e4nnisch aus hochwertigen Materialien gefertigt, um maximale Haltbarkeit f\u00fcr unterwegs zu gew\u00e4hrleisten. Das Haupt <strong>Wasserpfeife im Auto<\/strong> Das Geh\u00e4use besteht aus Edelstahl 304 mit einer eleganten, geb\u00fcrsteten Metalloberfl\u00e4che, die f\u00fcr eine lange Lebensdauer ausgelegt ist.<\/p>\n<p>Als direkter Gro\u00dfhandelsvertrieb f\u00fcr <a href=\"https:\/\/global-hookah.com\/product-category\/wholesale-hookah\/\">Wasserpfeifenhersteller<\/a>k\u00f6nnen wir die wettbewerbsf\u00e4higsten Gro\u00dfhandelspreise auf dem Markt anbieten. Je gr\u00f6\u00dfer die Bestellung, desto besser der Rabatt, den wir anbieten k\u00f6nnen. Ob Sie f\u00fcr den Wiederverkauf oder den pers\u00f6nlichen Gebrauch kaufen, k\u00f6nnen Sie erhalten <strong>hochwertige tragbare Auto-Wasserpfeifen im Gro\u00dfhandel<\/strong> Preise bei uns.<\/p>\n<p>Merkmale:<br \/>\nMaterial: Rostfreier Stahl<br \/>\n- Abmessungen - 28cm\" hoch x 6.8cm\" Durchmesser<br \/>\n- Gewicht - 3 lbs<br \/>\n- Schlauch - 5 Fu\u00df verst\u00e4rkter Kunststoffschlauch<br \/>\n- Sockel - Breiter beschwerter Stahlsockel f\u00fcr Stabilit\u00e4t<br \/>\n- Mundst\u00fccke - 2 Einwegspitzen aus Kunststoff enthalten<\/p>","protected":false},"excerpt":{"rendered":"<p>Eine tragbare Wasserpfeife f\u00fcr das Auto ist der perfekte Begleiter f\u00fcr gem\u00fctliche Fahrten und erm\u00f6glicht es Ihnen, Ihre bevorzugten Wasserpfeifen-Aromen auch unterwegs zu genie\u00dfen<\/p>","protected":false},"featured_media":16978,"comment_status":"open","ping_status":"closed","template":"","meta":{"iawp_total_views":20,"_joinchat":[]},"product_brand":[],"product_cat":[559,119],"product_tag":[],"class_list":{"0":"post-16976","1":"product","2":"type-product","3":"status-publish","4":"has-post-thumbnail","6":"product_cat-portable-hookah-wholesale","7":"product_cat-wholesale-hookah","9":"first","10":"instock","11":"shipping-taxable","12":"product-type-external"},"yoast_head":"<!-- This site is optimized with the Yoast SEO Premium plugin v24.7 (Yoast SEO v26.8) - https:\/\/yoast.com\/product\/yoast-seo-premium-wordpress\/ -->\n<title>Portable Car Hookah Wholesale - Global Hookah<\/title>\n<meta name=\"robots\" content=\"index, follow, max-snippet:-1, max-image-preview:large, max-video-preview:-1\" \/>\n<link rel=\"canonical\" href=\"https:\/\/global-hookah.com\/de\/ru\/\u043f\u0440\u043e\u0434\u0443\u043a\u0442\/\u043f\u043e\u0440\u0442\u0430\u0442\u0438\u0432\u043d\u044b\u0439-\u0430\u0432\u0442\u043e\u043c\u043e\u0431\u0438\u043b\u044c\u043d\u044b\u0439-\u043a\u0430\u043b\u044c\u044f\u043d-\u043e\u043f\/\" \/>\n<meta property=\"og:locale\" content=\"de_DE\" \/>\n<meta property=\"og:type\" content=\"article\" \/>\n<meta property=\"og:title\" content=\"Portable Car Hookah Wholesale\" \/>\n<meta property=\"og:description\" content=\"The perfect companion for leisurely drives, a portable car hookah allows you to enjoy your preferred hookah flavors while on\" \/>\n<meta property=\"og:url\" content=\"https:\/\/global-hookah.com\/de\/ru\/\u043f\u0440\u043e\u0434\u0443\u043a\u0442\/\u043f\u043e\u0440\u0442\u0430\u0442\u0438\u0432\u043d\u044b\u0439-\u0430\u0432\u0442\u043e\u043c\u043e\u0431\u0438\u043b\u044c\u043d\u044b\u0439-\u043a\u0430\u043b\u044c\u044f\u043d-\u043e\u043f\/\" \/>\n<meta property=\"og:site_name\" content=\"Global Hookah\" \/>\n<meta property=\"article:modified_time\" content=\"2024-01-12T07:48:34+00:00\" \/>\n<meta property=\"og:image\" content=\"https:\/\/global-hookah.com\/wp-content\/uploads\/2023\/12\/O1CN01BUvF8H24LLS0WhRsP_2216207697374-0-cib.jpg\" \/>\n\t<meta property=\"og:image:width\" content=\"800\" \/>\n\t<meta property=\"og:image:height\" content=\"800\" \/>\n\t<meta property=\"og:image:type\" content=\"image\/jpeg\" \/>\n<meta name=\"twitter:card\" content=\"summary_large_image\" \/>\n<meta name=\"twitter:label1\" content=\"Gesch\u00e4tzte Lesezeit\" \/>\n\t<meta name=\"twitter:data1\" content=\"2\u00a0Minuten\" \/>\n<script type=\"application\/ld+json\" class=\"yoast-schema-graph\">{\"@context\":\"https:\/\/schema.org\",\"@graph\":[{\"@type\":\"WebPage\",\"@id\":\"https:\/\/global-hookah.com\/ru\/\u043f\u0440\u043e\u0434\u0443\u043a\u0442\/%d0%bf%d0%be%d1%80%d1%82%d0%b0%d1%82%d0%b8%d0%b2%d0%bd%d1%8b%d0%b9-%d0%b0%d0%b2%d1%82%d0%be%d0%bc%d0%be%d0%b1%d0%b8%d0%bb%d1%8c%d0%bd%d1%8b%d0%b9-%d0%ba%d0%b0%d0%bb%d1%8c%d1%8f%d0%bd-%d0%be%d0%bf\/\",\"url\":\"https:\/\/global-hookah.com\/ru\/\u043f\u0440\u043e\u0434\u0443\u043a\u0442\/%d0%bf%d0%be%d1%80%d1%82%d0%b0%d1%82%d0%b8%d0%b2%d0%bd%d1%8b%d0%b9-%d0%b0%d0%b2%d1%82%d0%be%d0%bc%d0%be%d0%b1%d0%b8%d0%bb%d1%8c%d0%bd%d1%8b%d0%b9-%d0%ba%d0%b0%d0%bb%d1%8c%d1%8f%d0%bd-%d0%be%d0%bf\/\",\"name\":\"Portable Car Hookah Wholesale - Global Hookah\",\"isPartOf\":{\"@id\":\"https:\/\/global-hookah.com\/#website\"},\"primaryImageOfPage\":{\"@id\":\"https:\/\/global-hookah.com\/ru\/\u043f\u0440\u043e\u0434\u0443\u043a\u0442\/%d0%bf%d0%be%d1%80%d1%82%d0%b0%d1%82%d0%b8%d0%b2%d0%bd%d1%8b%d0%b9-%d0%b0%d0%b2%d1%82%d0%be%d0%bc%d0%be%d0%b1%d0%b8%d0%bb%d1%8c%d0%bd%d1%8b%d0%b9-%d0%ba%d0%b0%d0%bb%d1%8c%d1%8f%d0%bd-%d0%be%d0%bf\/#primaryimage\"},\"image\":{\"@id\":\"https:\/\/global-hookah.com\/ru\/\u043f\u0440\u043e\u0434\u0443\u043a\u0442\/%d0%bf%d0%be%d1%80%d1%82%d0%b0%d1%82%d0%b8%d0%b2%d0%bd%d1%8b%d0%b9-%d0%b0%d0%b2%d1%82%d0%be%d0%bc%d0%be%d0%b1%d0%b8%d0%bb%d1%8c%d0%bd%d1%8b%d0%b9-%d0%ba%d0%b0%d0%bb%d1%8c%d1%8f%d0%bd-%d0%be%d0%bf\/#primaryimage\"},\"thumbnailUrl\":\"https:\/\/global-hookah.com\/wp-content\/uploads\/2023\/12\/O1CN01BUvF8H24LLS0WhRsP_2216207697374-0-cib.jpg\",\"datePublished\":\"2023-12-08T02:13:48+00:00\",\"dateModified\":\"2024-01-12T07:48:34+00:00\",\"breadcrumb\":{\"@id\":\"https:\/\/global-hookah.com\/ru\/\u043f\u0440\u043e\u0434\u0443\u043a\u0442\/%d0%bf%d0%be%d1%80%d1%82%d0%b0%d1%82%d0%b8%d0%b2%d0%bd%d1%8b%d0%b9-%d0%b0%d0%b2%d1%82%d0%be%d0%bc%d0%be%d0%b1%d0%b8%d0%bb%d1%8c%d0%bd%d1%8b%d0%b9-%d0%ba%d0%b0%d0%bb%d1%8c%d1%8f%d0%bd-%d0%be%d0%bf\/#breadcrumb\"},\"inLanguage\":\"de\",\"potentialAction\":[{\"@type\":\"ReadAction\",\"target\":[\"https:\/\/global-hookah.com\/ru\/\u043f\u0440\u043e\u0434\u0443\u043a\u0442\/%d0%bf%d0%be%d1%80%d1%82%d0%b0%d1%82%d0%b8%d0%b2%d0%bd%d1%8b%d0%b9-%d0%b0%d0%b2%d1%82%d0%be%d0%bc%d0%be%d0%b1%d0%b8%d0%bb%d1%8c%d0%bd%d1%8b%d0%b9-%d0%ba%d0%b0%d0%bb%d1%8c%d1%8f%d0%bd-%d0%be%d0%bf\/\"]}]},{\"@type\":\"ImageObject\",\"inLanguage\":\"de\",\"@id\":\"https:\/\/global-hookah.com\/ru\/\u043f\u0440\u043e\u0434\u0443\u043a\u0442\/%d0%bf%d0%be%d1%80%d1%82%d0%b0%d1%82%d0%b8%d0%b2%d0%bd%d1%8b%d0%b9-%d0%b0%d0%b2%d1%82%d0%be%d0%bc%d0%be%d0%b1%d0%b8%d0%bb%d1%8c%d0%bd%d1%8b%d0%b9-%d0%ba%d0%b0%d0%bb%d1%8c%d1%8f%d0%bd-%d0%be%d0%bf\/#primaryimage\",\"url\":\"https:\/\/global-hookah.com\/wp-content\/uploads\/2023\/12\/O1CN01BUvF8H24LLS0WhRsP_2216207697374-0-cib.jpg\",\"contentUrl\":\"https:\/\/global-hookah.com\/wp-content\/uploads\/2023\/12\/O1CN01BUvF8H24LLS0WhRsP_2216207697374-0-cib.jpg\",\"width\":800,\"height\":800,\"caption\":\"Portable Car Hookah Wholesale\"},{\"@type\":\"BreadcrumbList\",\"@id\":\"https:\/\/global-hookah.com\/ru\/\u043f\u0440\u043e\u0434\u0443\u043a\u0442\/%d0%bf%d0%be%d1%80%d1%82%d0%b0%d1%82%d0%b8%d0%b2%d0%bd%d1%8b%d0%b9-%d0%b0%d0%b2%d1%82%d0%be%d0%bc%d0%be%d0%b1%d0%b8%d0%bb%d1%8c%d0%bd%d1%8b%d0%b9-%d0%ba%d0%b0%d0%bb%d1%8c%d1%8f%d0%bd-%d0%be%d0%bf\/#breadcrumb\",\"itemListElement\":[{\"@type\":\"ListItem\",\"position\":1,\"name\":\"Home\",\"item\":\"https:\/\/global-hookah.com\/\"},{\"@type\":\"ListItem\",\"position\":2,\"name\":\"Shop\",\"item\":\"https:\/\/global-hookah.com\/shop\/\"},{\"@type\":\"ListItem\",\"position\":3,\"name\":\"Portable Car Hookah Wholesale\"}]},{\"@type\":\"WebSite\",\"@id\":\"https:\/\/global-hookah.com\/#website\",\"url\":\"https:\/\/global-hookah.com\/\",\"name\":\"Global Hookah\",\"description\":\"Global Hookah\",\"publisher\":{\"@id\":\"https:\/\/global-hookah.com\/#organization\"},\"potentialAction\":[{\"@type\":\"SearchAction\",\"target\":{\"@type\":\"EntryPoint\",\"urlTemplate\":\"https:\/\/global-hookah.com\/?s={search_term_string}\"},\"query-input\":{\"@type\":\"PropertyValueSpecification\",\"valueRequired\":true,\"valueName\":\"search_term_string\"}}],\"inLanguage\":\"de\"},{\"@type\":\"Organization\",\"@id\":\"https:\/\/global-hookah.com\/#organization\",\"name\":\"Global Hookah\",\"url\":\"https:\/\/global-hookah.com\/\",\"logo\":{\"@type\":\"ImageObject\",\"inLanguage\":\"de\",\"@id\":\"https:\/\/global-hookah.com\/#\/schema\/logo\/image\/\",\"url\":\"https:\/\/global-hookah.com\/wp-content\/uploads\/2021\/10\/cropped-fgg.png\",\"contentUrl\":\"https:\/\/global-hookah.com\/wp-content\/uploads\/2021\/10\/cropped-fgg.png\",\"width\":512,\"height\":512,\"caption\":\"Global Hookah\"},\"image\":{\"@id\":\"https:\/\/global-hookah.com\/#\/schema\/logo\/image\/\"}}]}<\/script>\n<!-- \/ Yoast SEO Premium plugin. -->","yoast_head_json":{"title":"Tragbare Auto-Wasserpfeife Gro\u00dfhandel - Global Hookah","robots":{"index":"index","follow":"follow","max-snippet":"max-snippet:-1","max-image-preview":"max-image-preview:large","max-video-preview":"max-video-preview:-1"},"canonical":"https:\/\/global-hookah.com\/de\/ru\/\u043f\u0440\u043e\u0434\u0443\u043a\u0442\/\u043f\u043e\u0440\u0442\u0430\u0442\u0438\u0432\u043d\u044b\u0439-\u0430\u0432\u0442\u043e\u043c\u043e\u0431\u0438\u043b\u044c\u043d\u044b\u0439-\u043a\u0430\u043b\u044c\u044f\u043d-\u043e\u043f\/","og_locale":"de_DE","og_type":"article","og_title":"Portable Car Hookah Wholesale","og_description":"The perfect companion for leisurely drives, a portable car hookah allows you to enjoy your preferred hookah flavors while on","og_url":"https:\/\/global-hookah.com\/de\/ru\/\u043f\u0440\u043e\u0434\u0443\u043a\u0442\/\u043f\u043e\u0440\u0442\u0430\u0442\u0438\u0432\u043d\u044b\u0439-\u0430\u0432\u0442\u043e\u043c\u043e\u0431\u0438\u043b\u044c\u043d\u044b\u0439-\u043a\u0430\u043b\u044c\u044f\u043d-\u043e\u043f\/","og_site_name":"Global Hookah","article_modified_time":"2024-01-12T07:48:34+00:00","og_image":[{"width":800,"height":800,"url":"https:\/\/global-hookah.com\/wp-content\/uploads\/2023\/12\/O1CN01BUvF8H24LLS0WhRsP_2216207697374-0-cib.jpg","type":"image\/jpeg"}],"twitter_card":"summary_large_image","twitter_misc":{"Gesch\u00e4tzte Lesezeit":"2\u00a0Minuten"},"schema":{"@context":"https:\/\/schema.org","@graph":[{"@type":"WebPage","@id":"https:\/\/global-hookah.com\/ru\/\u043f\u0440\u043e\u0434\u0443\u043a\u0442\/%d0%bf%d0%be%d1%80%d1%82%d0%b0%d1%82%d0%b8%d0%b2%d0%bd%d1%8b%d0%b9-%d0%b0%d0%b2%d1%82%d0%be%d0%bc%d0%be%d0%b1%d0%b8%d0%bb%d1%8c%d0%bd%d1%8b%d0%b9-%d0%ba%d0%b0%d0%bb%d1%8c%d1%8f%d0%bd-%d0%be%d0%bf\/","url":"https:\/\/global-hookah.com\/ru\/\u043f\u0440\u043e\u0434\u0443\u043a\u0442\/%d0%bf%d0%be%d1%80%d1%82%d0%b0%d1%82%d0%b8%d0%b2%d0%bd%d1%8b%d0%b9-%d0%b0%d0%b2%d1%82%d0%be%d0%bc%d0%be%d0%b1%d0%b8%d0%bb%d1%8c%d0%bd%d1%8b%d0%b9-%d0%ba%d0%b0%d0%bb%d1%8c%d1%8f%d0%bd-%d0%be%d0%bf\/","name":"Tragbare Auto-Wasserpfeife Gro\u00dfhandel - Global Hookah","isPartOf":{"@id":"https:\/\/global-hookah.com\/#website"},"primaryImageOfPage":{"@id":"https:\/\/global-hookah.com\/ru\/\u043f\u0440\u043e\u0434\u0443\u043a\u0442\/%d0%bf%d0%be%d1%80%d1%82%d0%b0%d1%82%d0%b8%d0%b2%d0%bd%d1%8b%d0%b9-%d0%b0%d0%b2%d1%82%d0%be%d0%bc%d0%be%d0%b1%d0%b8%d0%bb%d1%8c%d0%bd%d1%8b%d0%b9-%d0%ba%d0%b0%d0%bb%d1%8c%d1%8f%d0%bd-%d0%be%d0%bf\/#primaryimage"},"image":{"@id":"https:\/\/global-hookah.com\/ru\/\u043f\u0440\u043e\u0434\u0443\u043a\u0442\/%d0%bf%d0%be%d1%80%d1%82%d0%b0%d1%82%d0%b8%d0%b2%d0%bd%d1%8b%d0%b9-%d0%b0%d0%b2%d1%82%d0%be%d0%bc%d0%be%d0%b1%d0%b8%d0%bb%d1%8c%d0%bd%d1%8b%d0%b9-%d0%ba%d0%b0%d0%bb%d1%8c%d1%8f%d0%bd-%d0%be%d0%bf\/#primaryimage"},"thumbnailUrl":"https:\/\/global-hookah.com\/wp-content\/uploads\/2023\/12\/O1CN01BUvF8H24LLS0WhRsP_2216207697374-0-cib.jpg","datePublished":"2023-12-08T02:13:48+00:00","dateModified":"2024-01-12T07:48:34+00:00","breadcrumb":{"@id":"https:\/\/global-hookah.com\/ru\/\u043f\u0440\u043e\u0434\u0443\u043a\u0442\/%d0%bf%d0%be%d1%80%d1%82%d0%b0%d1%82%d0%b8%d0%b2%d0%bd%d1%8b%d0%b9-%d0%b0%d0%b2%d1%82%d0%be%d0%bc%d0%be%d0%b1%d0%b8%d0%bb%d1%8c%d0%bd%d1%8b%d0%b9-%d0%ba%d0%b0%d0%bb%d1%8c%d1%8f%d0%bd-%d0%be%d0%bf\/#breadcrumb"},"inLanguage":"de","potentialAction":[{"@type":"ReadAction","target":["https:\/\/global-hookah.com\/ru\/\u043f\u0440\u043e\u0434\u0443\u043a\u0442\/%d0%bf%d0%be%d1%80%d1%82%d0%b0%d1%82%d0%b8%d0%b2%d0%bd%d1%8b%d0%b9-%d0%b0%d0%b2%d1%82%d0%be%d0%bc%d0%be%d0%b1%d0%b8%d0%bb%d1%8c%d0%bd%d1%8b%d0%b9-%d0%ba%d0%b0%d0%bb%d1%8c%d1%8f%d0%bd-%d0%be%d0%bf\/"]}]},{"@type":"ImageObject","inLanguage":"de","@id":"https:\/\/global-hookah.com\/ru\/\u043f\u0440\u043e\u0434\u0443\u043a\u0442\/%d0%bf%d0%be%d1%80%d1%82%d0%b0%d1%82%d0%b8%d0%b2%d0%bd%d1%8b%d0%b9-%d0%b0%d0%b2%d1%82%d0%be%d0%bc%d0%be%d0%b1%d0%b8%d0%bb%d1%8c%d0%bd%d1%8b%d0%b9-%d0%ba%d0%b0%d0%bb%d1%8c%d1%8f%d0%bd-%d0%be%d0%bf\/#primaryimage","url":"https:\/\/global-hookah.com\/wp-content\/uploads\/2023\/12\/O1CN01BUvF8H24LLS0WhRsP_2216207697374-0-cib.jpg","contentUrl":"https:\/\/global-hookah.com\/wp-content\/uploads\/2023\/12\/O1CN01BUvF8H24LLS0WhRsP_2216207697374-0-cib.jpg","width":800,"height":800,"caption":"Portable Car Hookah Wholesale"},{"@type":"BreadcrumbList","@id":"https:\/\/global-hookah.com\/ru\/\u043f\u0440\u043e\u0434\u0443\u043a\u0442\/%d0%bf%d0%be%d1%80%d1%82%d0%b0%d1%82%d0%b8%d0%b2%d0%bd%d1%8b%d0%b9-%d0%b0%d0%b2%d1%82%d0%be%d0%bc%d0%be%d0%b1%d0%b8%d0%bb%d1%8c%d0%bd%d1%8b%d0%b9-%d0%ba%d0%b0%d0%bb%d1%8c%d1%8f%d0%bd-%d0%be%d0%bf\/#breadcrumb","itemListElement":[{"@type":"ListItem","position":1,"name":"Home","item":"https:\/\/global-hookah.com\/"},{"@type":"ListItem","position":2,"name":"Shop","item":"https:\/\/global-hookah.com\/shop\/"},{"@type":"ListItem","position":3,"name":"Portable Car Hookah Wholesale"}]},{"@type":"WebSite","@id":"https:\/\/global-hookah.com\/#website","url":"https:\/\/global-hookah.com\/","name":"Globale Wasserpfeife","description":"Globale Wasserpfeife","publisher":{"@id":"https:\/\/global-hookah.com\/#organization"},"potentialAction":[{"@type":"SearchAction","target":{"@type":"EntryPoint","urlTemplate":"https:\/\/global-hookah.com\/?s={search_term_string}"},"query-input":{"@type":"PropertyValueSpecification","valueRequired":true,"valueName":"search_term_string"}}],"inLanguage":"de"},{"@type":"Organization","@id":"https:\/\/global-hookah.com\/#organization","name":"Globale Wasserpfeife","url":"https:\/\/global-hookah.com\/","logo":{"@type":"ImageObject","inLanguage":"de","@id":"https:\/\/global-hookah.com\/#\/schema\/logo\/image\/","url":"https:\/\/global-hookah.com\/wp-content\/uploads\/2021\/10\/cropped-fgg.png","contentUrl":"https:\/\/global-hookah.com\/wp-content\/uploads\/2021\/10\/cropped-fgg.png","width":512,"height":512,"caption":"Global Hookah"},"image":{"@id":"https:\/\/global-hookah.com\/#\/schema\/logo\/image\/"}}]}},"_links":{"self":[{"href":"https:\/\/global-hookah.com\/de\/wp-json\/wp\/v2\/product\/16976","targetHints":{"allow":["GET"]}}],"collection":[{"href":"https:\/\/global-hookah.com\/de\/wp-json\/wp\/v2\/product"}],"about":[{"href":"https:\/\/global-hookah.com\/de\/wp-json\/wp\/v2\/types\/product"}],"replies":[{"embeddable":true,"href":"https:\/\/global-hookah.com\/de\/wp-json\/wp\/v2\/comments?post=16976"}],"version-history":[{"count":0,"href":"https:\/\/global-hookah.com\/de\/wp-json\/wp\/v2\/product\/16976\/revisions"}],"wp:featuredmedia":[{"embeddable":true,"href":"https:\/\/global-hookah.com\/de\/wp-json\/wp\/v2\/media\/16978"}],"wp:attachment":[{"href":"https:\/\/global-hookah.com\/de\/wp-json\/wp\/v2\/media?parent=16976"}],"wp:term":[{"taxonomy":"product_brand","embeddable":true,"href":"https:\/\/global-hookah.com\/de\/wp-json\/wp\/v2\/product_brand?post=16976"},{"taxonomy":"product_cat","embeddable":true,"href":"https:\/\/global-hookah.com\/de\/wp-json\/wp\/v2\/product_cat?post=16976"},{"taxonomy":"product_tag","embeddable":true,"href":"https:\/\/global-hookah.com\/de\/wp-json\/wp\/v2\/product_tag?post=16976"}],"curies":[{"name":"wp","href":"https:\/\/api.w.org\/{rel}","templated":true}]}}