{"id":17249,"date":"2023-12-16T05:50:44","date_gmt":"2023-12-16T05:50:44","guid":{"rendered":"https:\/\/global-hookah.com\/?post_type=product&#038;p=17249"},"modified":"2024-01-12T03:51:27","modified_gmt":"2024-01-12T03:51:27","slug":"arabic-blue-hookah-wholesale","status":"publish","type":"product","link":"https:\/\/global-hookah.com\/de\/produkt\/arabic-blue-hookah-wholesale\/","title":{"rendered":"Arabisch Blau Hookah Gro\u00dfhandel"},"content":{"rendered":"<p><iframe title=\"Hookah Rohr Gro\u00dfhandel\" width=\"500\" height=\"281\" src=\"https:\/\/www.youtube.com\/embed\/pMUsz8Tl0Ns?feature=oembed\" frameborder=\"0\" allow=\"accelerometer; autoplay; clipboard-write; encrypted-media; gyroscope; picture-in-picture; web-share\" referrerpolicy=\"strict-origin-when-cross-origin\" allowfullscreen><\/iframe><\/p>\n<p>Diese <strong>Arabisch Blaue Wasserpfeife<\/strong> wird in Handarbeit aus langlebigen, robusten Glasmaterialien hergestellt. Sie verf\u00fcgt \u00fcber ein Auslassventil und einen Silikonschlauch, um den Rauch gleichm\u00e4\u00dfig abzulassen, ohne dass es zu einer Ansammlung in der Flasche kommt, was einen optimalen Geschmack gew\u00e4hrleistet.<\/p>\n<p>Der Sockel und die Glasflasche sind mit einem Grobgewinde luftdicht verschraubt und lassen sich leicht zusammenbauen und verwenden. Der formsch\u00f6ne Stiel und <a href=\"https:\/\/global-hookah.com\/product-category\/wholesale-hookah\/\">stilvolles Glas<\/a> Flasche verleihen der Wasserpfeife ihre moderne \u00c4sthetik.<\/p>\n<p><strong>blaue Shisha-Pfeife<\/strong> Mit einer kompakten Gr\u00f6\u00dfe und einer H\u00f6he von 63 cm wiegt er etwa 2,7 kg. Perfekt f\u00fcr Partys, Reisen oder zum Genie\u00dfen zu jeder Zeit.<\/p>\n<p>Diese elegante, hochwertige<strong> handgefertigte arabische blaue Wasserpfeife<\/strong> bietet authentischen Rauchgenuss ohne Nikotin, ideal f\u00fcr Hausversammlungen, Restaurants und Caf\u00e9s. Wenn sie nicht in Gebrauch ist, dient sie als orientalische Dekoration.<\/p>\n<p>Die vollst\u00e4ndige<strong> Blaues Wasserpfeifen-Set<\/strong> enth\u00e4lt einen Aschenbecher, einen Keramikkopf, eine Glasvase, PVC-Schl\u00e4uche, eine Zange und Dichtungen. Er bietet Premiumqualit\u00e4t, einfache Montage, Tragbarkeit und gro\u00dfe Vielseitigkeit.<\/p>","protected":false},"excerpt":{"rendered":"<p>Diese arabische blaue Wasserpfeife wird in Handarbeit aus langlebigem, robustem Glas hergestellt. Sie verf\u00fcgt \u00fcber ein Auslassventil und einen Silikonschlauch zum<\/p>","protected":false},"featured_media":17252,"comment_status":"open","ping_status":"closed","template":"","meta":{"iawp_total_views":0,"_joinchat":[]},"product_brand":[],"product_cat":[560,119],"product_tag":[],"class_list":{"0":"post-17249","1":"product","2":"type-product","3":"status-publish","4":"has-post-thumbnail","6":"product_cat-glass-hookah-wholesale","7":"product_cat-wholesale-hookah","9":"first","10":"instock","11":"shipping-taxable","12":"product-type-external"},"yoast_head":"<!-- This site is optimized with the Yoast SEO Premium plugin v24.7 (Yoast SEO v26.8) - https:\/\/yoast.com\/product\/yoast-seo-premium-wordpress\/ -->\n<title>Arabic Blue Hookah Wholesale - Global Hookah<\/title>\n<meta name=\"robots\" content=\"index, follow, max-snippet:-1, max-image-preview:large, max-video-preview:-1\" \/>\n<link rel=\"canonical\" href=\"https:\/\/global-hookah.com\/de\/producto\/narguile-arabe-azul-mayorista\/\" \/>\n<meta property=\"og:locale\" content=\"de_DE\" \/>\n<meta property=\"og:type\" content=\"article\" \/>\n<meta property=\"og:title\" content=\"Arabic Blue Hookah Wholesale\" \/>\n<meta property=\"og:description\" content=\"This Arabic Blue Hookah is handcrafted with durable, sturdy glass materials. It features an exhaust valve and silicone hose to\" \/>\n<meta property=\"og:url\" content=\"https:\/\/global-hookah.com\/de\/producto\/narguile-arabe-azul-mayorista\/\" \/>\n<meta property=\"og:site_name\" content=\"Global Hookah\" \/>\n<meta property=\"article:modified_time\" content=\"2024-01-12T03:51:27+00:00\" \/>\n<meta property=\"og:image\" content=\"https:\/\/global-hookah.com\/wp-content\/uploads\/2023\/12\/\u4e3b\u56fe-01.jpg\" \/>\n\t<meta property=\"og:image:width\" content=\"1000\" \/>\n\t<meta property=\"og:image:height\" content=\"1000\" \/>\n\t<meta property=\"og:image:type\" content=\"image\/jpeg\" \/>\n<meta name=\"twitter:card\" content=\"summary_large_image\" \/>\n<meta name=\"twitter:label1\" content=\"Gesch\u00e4tzte Lesezeit\" \/>\n\t<meta name=\"twitter:data1\" content=\"1\u00a0Minute\" \/>\n<script type=\"application\/ld+json\" class=\"yoast-schema-graph\">{\"@context\":\"https:\/\/schema.org\",\"@graph\":[{\"@type\":\"WebPage\",\"@id\":\"https:\/\/global-hookah.com\/es\/producto\/narguile-arabe-azul-mayorista\/\",\"url\":\"https:\/\/global-hookah.com\/es\/producto\/narguile-arabe-azul-mayorista\/\",\"name\":\"Arabic Blue Hookah Wholesale - Global Hookah\",\"isPartOf\":{\"@id\":\"https:\/\/global-hookah.com\/#website\"},\"primaryImageOfPage\":{\"@id\":\"https:\/\/global-hookah.com\/es\/producto\/narguile-arabe-azul-mayorista\/#primaryimage\"},\"image\":{\"@id\":\"https:\/\/global-hookah.com\/es\/producto\/narguile-arabe-azul-mayorista\/#primaryimage\"},\"thumbnailUrl\":\"https:\/\/global-hookah.com\/wp-content\/uploads\/2023\/12\/\u4e3b\u56fe-01.jpg\",\"datePublished\":\"2023-12-16T05:50:44+00:00\",\"dateModified\":\"2024-01-12T03:51:27+00:00\",\"breadcrumb\":{\"@id\":\"https:\/\/global-hookah.com\/es\/producto\/narguile-arabe-azul-mayorista\/#breadcrumb\"},\"inLanguage\":\"de\",\"potentialAction\":[{\"@type\":\"ReadAction\",\"target\":[\"https:\/\/global-hookah.com\/es\/producto\/narguile-arabe-azul-mayorista\/\"]}]},{\"@type\":\"ImageObject\",\"inLanguage\":\"de\",\"@id\":\"https:\/\/global-hookah.com\/es\/producto\/narguile-arabe-azul-mayorista\/#primaryimage\",\"url\":\"https:\/\/global-hookah.com\/wp-content\/uploads\/2023\/12\/\u4e3b\u56fe-01.jpg\",\"contentUrl\":\"https:\/\/global-hookah.com\/wp-content\/uploads\/2023\/12\/\u4e3b\u56fe-01.jpg\",\"width\":1000,\"height\":1000,\"caption\":\"Blue Hookah Wholesale\"},{\"@type\":\"BreadcrumbList\",\"@id\":\"https:\/\/global-hookah.com\/es\/producto\/narguile-arabe-azul-mayorista\/#breadcrumb\",\"itemListElement\":[{\"@type\":\"ListItem\",\"position\":1,\"name\":\"Home\",\"item\":\"https:\/\/global-hookah.com\/\"},{\"@type\":\"ListItem\",\"position\":2,\"name\":\"Shop\",\"item\":\"https:\/\/global-hookah.com\/shop\/\"},{\"@type\":\"ListItem\",\"position\":3,\"name\":\"Arabic Blue Hookah Wholesale\"}]},{\"@type\":\"WebSite\",\"@id\":\"https:\/\/global-hookah.com\/#website\",\"url\":\"https:\/\/global-hookah.com\/\",\"name\":\"Global Hookah\",\"description\":\"Global Hookah\",\"publisher\":{\"@id\":\"https:\/\/global-hookah.com\/#organization\"},\"potentialAction\":[{\"@type\":\"SearchAction\",\"target\":{\"@type\":\"EntryPoint\",\"urlTemplate\":\"https:\/\/global-hookah.com\/?s={search_term_string}\"},\"query-input\":{\"@type\":\"PropertyValueSpecification\",\"valueRequired\":true,\"valueName\":\"search_term_string\"}}],\"inLanguage\":\"de\"},{\"@type\":\"Organization\",\"@id\":\"https:\/\/global-hookah.com\/#organization\",\"name\":\"Global Hookah\",\"url\":\"https:\/\/global-hookah.com\/\",\"logo\":{\"@type\":\"ImageObject\",\"inLanguage\":\"de\",\"@id\":\"https:\/\/global-hookah.com\/#\/schema\/logo\/image\/\",\"url\":\"https:\/\/global-hookah.com\/wp-content\/uploads\/2021\/10\/cropped-fgg.png\",\"contentUrl\":\"https:\/\/global-hookah.com\/wp-content\/uploads\/2021\/10\/cropped-fgg.png\",\"width\":512,\"height\":512,\"caption\":\"Global Hookah\"},\"image\":{\"@id\":\"https:\/\/global-hookah.com\/#\/schema\/logo\/image\/\"}}]}<\/script>\n<!-- \/ Yoast SEO Premium plugin. -->","yoast_head_json":{"title":"Arabische blaue Wasserpfeife Gro\u00dfhandel - Global Hookah","robots":{"index":"index","follow":"follow","max-snippet":"max-snippet:-1","max-image-preview":"max-image-preview:large","max-video-preview":"max-video-preview:-1"},"canonical":"https:\/\/global-hookah.com\/de\/producto\/narguile-arabe-azul-mayorista\/","og_locale":"de_DE","og_type":"article","og_title":"Arabic Blue Hookah Wholesale","og_description":"This Arabic Blue Hookah is handcrafted with durable, sturdy glass materials. It features an exhaust valve and silicone hose to","og_url":"https:\/\/global-hookah.com\/de\/producto\/narguile-arabe-azul-mayorista\/","og_site_name":"Global Hookah","article_modified_time":"2024-01-12T03:51:27+00:00","og_image":[{"width":1000,"height":1000,"url":"https:\/\/global-hookah.com\/wp-content\/uploads\/2023\/12\/\u4e3b\u56fe-01.jpg","type":"image\/jpeg"}],"twitter_card":"summary_large_image","twitter_misc":{"Gesch\u00e4tzte Lesezeit":"1\u00a0Minute"},"schema":{"@context":"https:\/\/schema.org","@graph":[{"@type":"WebPage","@id":"https:\/\/global-hookah.com\/es\/producto\/narguile-arabe-azul-mayorista\/","url":"https:\/\/global-hookah.com\/es\/producto\/narguile-arabe-azul-mayorista\/","name":"Arabische blaue Wasserpfeife Gro\u00dfhandel - Global Hookah","isPartOf":{"@id":"https:\/\/global-hookah.com\/#website"},"primaryImageOfPage":{"@id":"https:\/\/global-hookah.com\/es\/producto\/narguile-arabe-azul-mayorista\/#primaryimage"},"image":{"@id":"https:\/\/global-hookah.com\/es\/producto\/narguile-arabe-azul-mayorista\/#primaryimage"},"thumbnailUrl":"https:\/\/global-hookah.com\/wp-content\/uploads\/2023\/12\/\u4e3b\u56fe-01.jpg","datePublished":"2023-12-16T05:50:44+00:00","dateModified":"2024-01-12T03:51:27+00:00","breadcrumb":{"@id":"https:\/\/global-hookah.com\/es\/producto\/narguile-arabe-azul-mayorista\/#breadcrumb"},"inLanguage":"de","potentialAction":[{"@type":"ReadAction","target":["https:\/\/global-hookah.com\/es\/producto\/narguile-arabe-azul-mayorista\/"]}]},{"@type":"ImageObject","inLanguage":"de","@id":"https:\/\/global-hookah.com\/es\/producto\/narguile-arabe-azul-mayorista\/#primaryimage","url":"https:\/\/global-hookah.com\/wp-content\/uploads\/2023\/12\/\u4e3b\u56fe-01.jpg","contentUrl":"https:\/\/global-hookah.com\/wp-content\/uploads\/2023\/12\/\u4e3b\u56fe-01.jpg","width":1000,"height":1000,"caption":"Blue Hookah Wholesale"},{"@type":"BreadcrumbList","@id":"https:\/\/global-hookah.com\/es\/producto\/narguile-arabe-azul-mayorista\/#breadcrumb","itemListElement":[{"@type":"ListItem","position":1,"name":"Home","item":"https:\/\/global-hookah.com\/"},{"@type":"ListItem","position":2,"name":"Shop","item":"https:\/\/global-hookah.com\/shop\/"},{"@type":"ListItem","position":3,"name":"Arabic Blue Hookah Wholesale"}]},{"@type":"WebSite","@id":"https:\/\/global-hookah.com\/#website","url":"https:\/\/global-hookah.com\/","name":"Globale Wasserpfeife","description":"Globale Wasserpfeife","publisher":{"@id":"https:\/\/global-hookah.com\/#organization"},"potentialAction":[{"@type":"SearchAction","target":{"@type":"EntryPoint","urlTemplate":"https:\/\/global-hookah.com\/?s={search_term_string}"},"query-input":{"@type":"PropertyValueSpecification","valueRequired":true,"valueName":"search_term_string"}}],"inLanguage":"de"},{"@type":"Organization","@id":"https:\/\/global-hookah.com\/#organization","name":"Globale Wasserpfeife","url":"https:\/\/global-hookah.com\/","logo":{"@type":"ImageObject","inLanguage":"de","@id":"https:\/\/global-hookah.com\/#\/schema\/logo\/image\/","url":"https:\/\/global-hookah.com\/wp-content\/uploads\/2021\/10\/cropped-fgg.png","contentUrl":"https:\/\/global-hookah.com\/wp-content\/uploads\/2021\/10\/cropped-fgg.png","width":512,"height":512,"caption":"Global Hookah"},"image":{"@id":"https:\/\/global-hookah.com\/#\/schema\/logo\/image\/"}}]}},"_links":{"self":[{"href":"https:\/\/global-hookah.com\/de\/wp-json\/wp\/v2\/product\/17249","targetHints":{"allow":["GET"]}}],"collection":[{"href":"https:\/\/global-hookah.com\/de\/wp-json\/wp\/v2\/product"}],"about":[{"href":"https:\/\/global-hookah.com\/de\/wp-json\/wp\/v2\/types\/product"}],"replies":[{"embeddable":true,"href":"https:\/\/global-hookah.com\/de\/wp-json\/wp\/v2\/comments?post=17249"}],"version-history":[{"count":0,"href":"https:\/\/global-hookah.com\/de\/wp-json\/wp\/v2\/product\/17249\/revisions"}],"wp:featuredmedia":[{"embeddable":true,"href":"https:\/\/global-hookah.com\/de\/wp-json\/wp\/v2\/media\/17252"}],"wp:attachment":[{"href":"https:\/\/global-hookah.com\/de\/wp-json\/wp\/v2\/media?parent=17249"}],"wp:term":[{"taxonomy":"product_brand","embeddable":true,"href":"https:\/\/global-hookah.com\/de\/wp-json\/wp\/v2\/product_brand?post=17249"},{"taxonomy":"product_cat","embeddable":true,"href":"https:\/\/global-hookah.com\/de\/wp-json\/wp\/v2\/product_cat?post=17249"},{"taxonomy":"product_tag","embeddable":true,"href":"https:\/\/global-hookah.com\/de\/wp-json\/wp\/v2\/product_tag?post=17249"}],"curies":[{"name":"wp","href":"https:\/\/api.w.org\/{rel}","templated":true}]}}