{"id":17269,"date":"2023-12-16T06:01:10","date_gmt":"2023-12-16T06:01:10","guid":{"rendered":"https:\/\/global-hookah.com\/?post_type=product&#038;p=17269"},"modified":"2023-12-27T08:53:03","modified_gmt":"2023-12-27T08:53:03","slug":"arabic-acrylic-hookah-box-wholesale","status":"publish","type":"product","link":"https:\/\/global-hookah.com\/de\/produkt\/arabic-acrylic-hookah-box-wholesale\/","title":{"rendered":"Arabisch Acryl Hookah Box Gro\u00dfhandel"},"content":{"rendered":"<p>Diese <strong>Acryl quadratische Wasserpfeife<\/strong> hat ein modisches und kompaktes Design mit einer LED-Farblichtbasis, die ihm ein sehr modernes Aussehen und eine ausgezeichnete visuelle Attraktivit\u00e4t verleiht. Es erm\u00f6glicht Ihnen, sich von Nikotinvergiftungen fernzuhalten und ein ges\u00fcnderes, gl\u00fccklicheres Raucherlebnis zu haben.<\/p>\n<p>Er verf\u00fcgt \u00fcber ein fortschrittliches Wasserleitungssystem und ein eingebautes Ventil, das den Rauchfluss automatisch stoppt, wenn er nicht benutzt wird. Er ist leicht zu montieren, zu demontieren und zu reinigen und eignet sich ideal f\u00fcr den Gebrauch zu Hause oder auf Reisen.<\/p>\n<p>Diese <strong>Wasserpfeife aus Harz<\/strong> bietet ein \u00e4hnliches Vergn\u00fcgen wie das traditionelle Rauchen. Der Schlauchsatz erf\u00fcllt verschiedene Rauchbed\u00fcrfnisse und erzeugt bei der Verwendung riesige Wolken.<\/p>\n<p>Die <strong>aufger\u00fcstet <a href=\"https:\/\/global-hookah.com\/product-category\/wholesale-hookah\/\">Modische Wasserpfeife<\/a><\/strong> verf\u00fcgt \u00fcber ein praktisches Heizungssteuerungssystem - die L\u00fcftungsschlitze k\u00f6nnen ge\u00f6ffnet werden, um die Hitze abzulassen, wenn der Rauch zu hei\u00df wird, oder geschlossen werden, um mehr Hitze zu erzeugen.<\/p>\n<p>Wir empfehlen au\u00dferdem dringend, die <strong>Wasserpfeife aus Acryl<\/strong> nach jedem Gebrauch. Jeder Wasserwechsel sorgt f\u00fcr einen sauberen, reinen Geschmack, insbesondere beim Wechsel der Geschmacksrichtungen, damit keine R\u00fcckst\u00e4nde den Geschmack beeintr\u00e4chtigen.<\/p>\n<p>Diese<strong> LED-Acryl Wasserpfeife<\/strong> eignet sich f\u00fcr den Einsatz zu Hause, in Bars, Clubs, auf Hochzeiten, Partys, bei Mahlzeiten im Freien und vielem mehr.<\/p>","protected":false},"excerpt":{"rendered":"<p>Diese quadratische Wasserpfeife aus Acryl hat ein modisches und kompaktes Design mit einer LED-Farblichtbasis, die ihr einen sehr<\/p>","protected":false},"featured_media":17270,"comment_status":"open","ping_status":"closed","template":"","meta":{"iawp_total_views":0,"_joinchat":[]},"product_brand":[],"product_cat":[119],"product_tag":[],"class_list":{"0":"post-17269","1":"product","2":"type-product","3":"status-publish","4":"has-post-thumbnail","6":"product_cat-wholesale-hookah","8":"first","9":"instock","10":"shipping-taxable","11":"product-type-external"},"yoast_head":"<!-- This site is optimized with the Yoast SEO Premium plugin v24.7 (Yoast SEO v26.8) - https:\/\/yoast.com\/product\/yoast-seo-premium-wordpress\/ -->\n<title>Arabic Acrylic Hookah Box Wholesale - Global Hookah<\/title>\n<meta name=\"robots\" content=\"index, follow, max-snippet:-1, max-image-preview:large, max-video-preview:-1\" \/>\n<link rel=\"canonical\" href=\"https:\/\/global-hookah.com\/de\/produkt\/arabische-acryl-hookah-box-groshandel\/\" \/>\n<meta property=\"og:locale\" content=\"de_DE\" \/>\n<meta property=\"og:type\" content=\"article\" \/>\n<meta property=\"og:title\" content=\"Arabic Acrylic Hookah Box Wholesale\" \/>\n<meta property=\"og:description\" content=\"This acrylic square hookah has a fashionable and compact design with an LED colored light base, giving it a very\" \/>\n<meta property=\"og:url\" content=\"https:\/\/global-hookah.com\/de\/produkt\/arabische-acryl-hookah-box-groshandel\/\" \/>\n<meta property=\"og:site_name\" content=\"Global Hookah\" \/>\n<meta property=\"article:modified_time\" content=\"2023-12-27T08:53:03+00:00\" \/>\n<meta property=\"og:image\" content=\"https:\/\/global-hookah.com\/wp-content\/uploads\/2023\/12\/\u4e3b\u56fe-05-2.jpg\" \/>\n\t<meta property=\"og:image:width\" content=\"750\" \/>\n\t<meta property=\"og:image:height\" content=\"750\" \/>\n\t<meta property=\"og:image:type\" content=\"image\/jpeg\" \/>\n<meta name=\"twitter:card\" content=\"summary_large_image\" \/>\n<meta name=\"twitter:label1\" content=\"Gesch\u00e4tzte Lesezeit\" \/>\n\t<meta name=\"twitter:data1\" content=\"1\u00a0Minute\" \/>\n<script type=\"application\/ld+json\" class=\"yoast-schema-graph\">{\"@context\":\"https:\/\/schema.org\",\"@graph\":[{\"@type\":\"WebPage\",\"@id\":\"https:\/\/global-hookah.com\/de\/produkt\/arabische-acryl-hookah-box-groshandel\/\",\"url\":\"https:\/\/global-hookah.com\/de\/produkt\/arabische-acryl-hookah-box-groshandel\/\",\"name\":\"Arabic Acrylic Hookah Box Wholesale - Global Hookah\",\"isPartOf\":{\"@id\":\"https:\/\/global-hookah.com\/#website\"},\"primaryImageOfPage\":{\"@id\":\"https:\/\/global-hookah.com\/de\/produkt\/arabische-acryl-hookah-box-groshandel\/#primaryimage\"},\"image\":{\"@id\":\"https:\/\/global-hookah.com\/de\/produkt\/arabische-acryl-hookah-box-groshandel\/#primaryimage\"},\"thumbnailUrl\":\"https:\/\/global-hookah.com\/wp-content\/uploads\/2023\/12\/\u4e3b\u56fe-05-2.jpg\",\"datePublished\":\"2023-12-16T06:01:10+00:00\",\"dateModified\":\"2023-12-27T08:53:03+00:00\",\"breadcrumb\":{\"@id\":\"https:\/\/global-hookah.com\/de\/produkt\/arabische-acryl-hookah-box-groshandel\/#breadcrumb\"},\"inLanguage\":\"de\",\"potentialAction\":[{\"@type\":\"ReadAction\",\"target\":[\"https:\/\/global-hookah.com\/de\/produkt\/arabische-acryl-hookah-box-groshandel\/\"]}]},{\"@type\":\"ImageObject\",\"inLanguage\":\"de\",\"@id\":\"https:\/\/global-hookah.com\/de\/produkt\/arabische-acryl-hookah-box-groshandel\/#primaryimage\",\"url\":\"https:\/\/global-hookah.com\/wp-content\/uploads\/2023\/12\/\u4e3b\u56fe-05-2.jpg\",\"contentUrl\":\"https:\/\/global-hookah.com\/wp-content\/uploads\/2023\/12\/\u4e3b\u56fe-05-2.jpg\",\"width\":750,\"height\":750,\"caption\":\"Acrylic Hookah Box Wholesale\"},{\"@type\":\"BreadcrumbList\",\"@id\":\"https:\/\/global-hookah.com\/de\/produkt\/arabische-acryl-hookah-box-groshandel\/#breadcrumb\",\"itemListElement\":[{\"@type\":\"ListItem\",\"position\":1,\"name\":\"Home\",\"item\":\"https:\/\/global-hookah.com\/\"},{\"@type\":\"ListItem\",\"position\":2,\"name\":\"Shop\",\"item\":\"https:\/\/global-hookah.com\/shop\/\"},{\"@type\":\"ListItem\",\"position\":3,\"name\":\"Arabic Acrylic Hookah Box Wholesale\"}]},{\"@type\":\"WebSite\",\"@id\":\"https:\/\/global-hookah.com\/#website\",\"url\":\"https:\/\/global-hookah.com\/\",\"name\":\"Global Hookah\",\"description\":\"Global Hookah\",\"publisher\":{\"@id\":\"https:\/\/global-hookah.com\/#organization\"},\"potentialAction\":[{\"@type\":\"SearchAction\",\"target\":{\"@type\":\"EntryPoint\",\"urlTemplate\":\"https:\/\/global-hookah.com\/?s={search_term_string}\"},\"query-input\":{\"@type\":\"PropertyValueSpecification\",\"valueRequired\":true,\"valueName\":\"search_term_string\"}}],\"inLanguage\":\"de\"},{\"@type\":\"Organization\",\"@id\":\"https:\/\/global-hookah.com\/#organization\",\"name\":\"Global Hookah\",\"url\":\"https:\/\/global-hookah.com\/\",\"logo\":{\"@type\":\"ImageObject\",\"inLanguage\":\"de\",\"@id\":\"https:\/\/global-hookah.com\/#\/schema\/logo\/image\/\",\"url\":\"https:\/\/global-hookah.com\/wp-content\/uploads\/2021\/10\/cropped-fgg.png\",\"contentUrl\":\"https:\/\/global-hookah.com\/wp-content\/uploads\/2021\/10\/cropped-fgg.png\",\"width\":512,\"height\":512,\"caption\":\"Global Hookah\"},\"image\":{\"@id\":\"https:\/\/global-hookah.com\/#\/schema\/logo\/image\/\"}}]}<\/script>\n<!-- \/ Yoast SEO Premium plugin. -->","yoast_head_json":{"title":"Arabische Acryl Wasserpfeife Box Gro\u00dfhandel - Global Hookah","robots":{"index":"index","follow":"follow","max-snippet":"max-snippet:-1","max-image-preview":"max-image-preview:large","max-video-preview":"max-video-preview:-1"},"canonical":"https:\/\/global-hookah.com\/de\/produkt\/arabische-acryl-hookah-box-groshandel\/","og_locale":"de_DE","og_type":"article","og_title":"Arabic Acrylic Hookah Box Wholesale","og_description":"This acrylic square hookah has a fashionable and compact design with an LED colored light base, giving it a very","og_url":"https:\/\/global-hookah.com\/de\/produkt\/arabische-acryl-hookah-box-groshandel\/","og_site_name":"Global Hookah","article_modified_time":"2023-12-27T08:53:03+00:00","og_image":[{"width":750,"height":750,"url":"https:\/\/global-hookah.com\/wp-content\/uploads\/2023\/12\/\u4e3b\u56fe-05-2.jpg","type":"image\/jpeg"}],"twitter_card":"summary_large_image","twitter_misc":{"Gesch\u00e4tzte Lesezeit":"1\u00a0Minute"},"schema":{"@context":"https:\/\/schema.org","@graph":[{"@type":"WebPage","@id":"https:\/\/global-hookah.com\/de\/produkt\/arabische-acryl-hookah-box-groshandel\/","url":"https:\/\/global-hookah.com\/de\/produkt\/arabische-acryl-hookah-box-groshandel\/","name":"Arabische Acryl Wasserpfeife Box Gro\u00dfhandel - Global Hookah","isPartOf":{"@id":"https:\/\/global-hookah.com\/#website"},"primaryImageOfPage":{"@id":"https:\/\/global-hookah.com\/de\/produkt\/arabische-acryl-hookah-box-groshandel\/#primaryimage"},"image":{"@id":"https:\/\/global-hookah.com\/de\/produkt\/arabische-acryl-hookah-box-groshandel\/#primaryimage"},"thumbnailUrl":"https:\/\/global-hookah.com\/wp-content\/uploads\/2023\/12\/\u4e3b\u56fe-05-2.jpg","datePublished":"2023-12-16T06:01:10+00:00","dateModified":"2023-12-27T08:53:03+00:00","breadcrumb":{"@id":"https:\/\/global-hookah.com\/de\/produkt\/arabische-acryl-hookah-box-groshandel\/#breadcrumb"},"inLanguage":"de","potentialAction":[{"@type":"ReadAction","target":["https:\/\/global-hookah.com\/de\/produkt\/arabische-acryl-hookah-box-groshandel\/"]}]},{"@type":"ImageObject","inLanguage":"de","@id":"https:\/\/global-hookah.com\/de\/produkt\/arabische-acryl-hookah-box-groshandel\/#primaryimage","url":"https:\/\/global-hookah.com\/wp-content\/uploads\/2023\/12\/\u4e3b\u56fe-05-2.jpg","contentUrl":"https:\/\/global-hookah.com\/wp-content\/uploads\/2023\/12\/\u4e3b\u56fe-05-2.jpg","width":750,"height":750,"caption":"Acrylic Hookah Box Wholesale"},{"@type":"BreadcrumbList","@id":"https:\/\/global-hookah.com\/de\/produkt\/arabische-acryl-hookah-box-groshandel\/#breadcrumb","itemListElement":[{"@type":"ListItem","position":1,"name":"Home","item":"https:\/\/global-hookah.com\/"},{"@type":"ListItem","position":2,"name":"Shop","item":"https:\/\/global-hookah.com\/shop\/"},{"@type":"ListItem","position":3,"name":"Arabic Acrylic Hookah Box Wholesale"}]},{"@type":"WebSite","@id":"https:\/\/global-hookah.com\/#website","url":"https:\/\/global-hookah.com\/","name":"Globale Wasserpfeife","description":"Globale Wasserpfeife","publisher":{"@id":"https:\/\/global-hookah.com\/#organization"},"potentialAction":[{"@type":"SearchAction","target":{"@type":"EntryPoint","urlTemplate":"https:\/\/global-hookah.com\/?s={search_term_string}"},"query-input":{"@type":"PropertyValueSpecification","valueRequired":true,"valueName":"search_term_string"}}],"inLanguage":"de"},{"@type":"Organization","@id":"https:\/\/global-hookah.com\/#organization","name":"Globale Wasserpfeife","url":"https:\/\/global-hookah.com\/","logo":{"@type":"ImageObject","inLanguage":"de","@id":"https:\/\/global-hookah.com\/#\/schema\/logo\/image\/","url":"https:\/\/global-hookah.com\/wp-content\/uploads\/2021\/10\/cropped-fgg.png","contentUrl":"https:\/\/global-hookah.com\/wp-content\/uploads\/2021\/10\/cropped-fgg.png","width":512,"height":512,"caption":"Global Hookah"},"image":{"@id":"https:\/\/global-hookah.com\/#\/schema\/logo\/image\/"}}]}},"_links":{"self":[{"href":"https:\/\/global-hookah.com\/de\/wp-json\/wp\/v2\/product\/17269","targetHints":{"allow":["GET"]}}],"collection":[{"href":"https:\/\/global-hookah.com\/de\/wp-json\/wp\/v2\/product"}],"about":[{"href":"https:\/\/global-hookah.com\/de\/wp-json\/wp\/v2\/types\/product"}],"replies":[{"embeddable":true,"href":"https:\/\/global-hookah.com\/de\/wp-json\/wp\/v2\/comments?post=17269"}],"version-history":[{"count":0,"href":"https:\/\/global-hookah.com\/de\/wp-json\/wp\/v2\/product\/17269\/revisions"}],"wp:featuredmedia":[{"embeddable":true,"href":"https:\/\/global-hookah.com\/de\/wp-json\/wp\/v2\/media\/17270"}],"wp:attachment":[{"href":"https:\/\/global-hookah.com\/de\/wp-json\/wp\/v2\/media?parent=17269"}],"wp:term":[{"taxonomy":"product_brand","embeddable":true,"href":"https:\/\/global-hookah.com\/de\/wp-json\/wp\/v2\/product_brand?post=17269"},{"taxonomy":"product_cat","embeddable":true,"href":"https:\/\/global-hookah.com\/de\/wp-json\/wp\/v2\/product_cat?post=17269"},{"taxonomy":"product_tag","embeddable":true,"href":"https:\/\/global-hookah.com\/de\/wp-json\/wp\/v2\/product_tag?post=17269"}],"curies":[{"name":"wp","href":"https:\/\/api.w.org\/{rel}","templated":true}]}}