{"id":17278,"date":"2023-12-16T06:13:13","date_gmt":"2023-12-16T06:13:13","guid":{"rendered":"https:\/\/global-hookah.com\/?post_type=product&#038;p=17278"},"modified":"2023-12-27T08:53:02","modified_gmt":"2023-12-27T08:53:02","slug":"middle-eastern-style-four-pipe-aluminum-alloy-hookah-wholesale","status":"publish","type":"product","link":"https:\/\/global-hookah.com\/de\/produkt\/middle-eastern-style-four-pipe-aluminum-alloy-hookah-wholesale\/","title":{"rendered":"Nahost-Stil Vier-Rohr-Aluminium-Legierung Hookah Gro\u00dfhandel"},"content":{"rendered":"<p>Diese <strong>Vier-Schlauch-Aluminium-Legierung Hookah<\/strong> k\u00f6nnen gleichzeitig verwendet werden. Jedes Ventil hat einen eingebauten kugelgelagerten Entl\u00fcftungsstopfen. Das Schlauchventil schlie\u00dft sich automatisch, wenn es nicht benutzt wird. Dieses Design erm\u00f6glicht es Ihnen, Ihre Wasserpfeife mehr personalisiert ohne Probleme zu verwenden. kein Adapter erforderlich<\/p>\n<p>Zur gleichen Zeit, <strong>Mehrschlauch-Wasserpfeife<\/strong> hat ein modisches und einfaches Design im nah\u00f6stlichen Stil, und der Hauptk\u00f6rper ist aus einer soliden Aluminiumlegierung gefertigt, um sicherzustellen, dass er sich auch nach langem Gebrauch nicht verformt.<\/p>\n<p>Und dies<strong> Vier-Schlauch-Aluminium-Legierung Hookah<\/strong> ist sehr leicht zu reinigen. Wenn Sie es nach jedem Gebrauch reinigen, kann es Ihnen helfen, auf verschiedene Shisha-Aromen zu wechseln.<\/p>\n<p>Ob zu Hause oder auf Reisen, dieser <strong>4-Schlauch-Hooka<\/strong>h kann perfekt getragen werden. Stecken Sie ihn einfach in die Schutztasche und schon k\u00f6nnen Sie rausgehen und mit Ihren Freunden rauchen. Wenn der Rauch zu wenig ist, k\u00f6nnen Sie mehr Holzkohle hinzuf\u00fcgen oder einen Deckel auf das Holzkohlegestell setzen, was perfekt ist, um das perfekte Shisha-Erlebnis mit Freunden zu genie\u00dfen.<\/p>\n<p>Dieses Produkt enth\u00e4lt:<br \/>\n1 Silikonschale, 1 Zigarettenstummel-Adapter, 1 rundes Edelstahltablett, 1 obere Spindel, 2 Verbindungsst\u00fccke, 1 untere Spindel, 1 Schalld\u00e4mpfer, 2 Lederschl\u00e4uche, 2 Silikonscheiben, 1 Wasserpfeife, 1 Holzkohlezange, 1 Reisetasche.<\/p>\n<p>Wenn Sie das nicht finden <a href=\"https:\/\/global-hookah.com\/product-category\/wholesale-hookah\/\">Wasserpfeife, die Sie im Gro\u00dfhandel ben\u00f6tigen<\/a>Sie k\u00f6nnen auch ein Lesezeichen auf unserer Website und freuen uns auf mehr Arten von Wasserpfeife von uns.<\/p>","protected":false},"excerpt":{"rendered":"<p>Diese Vier-Schlauch-Aluminium-Legierung Hookah kann gleichzeitig verwendet werden. Jedes Ventil hat einen eingebauten kugelgelagerten Entl\u00fcftungsstopfen. Das Schlauchventil<\/p>","protected":false},"featured_media":17280,"comment_status":"open","ping_status":"closed","template":"","meta":{"iawp_total_views":0,"_joinchat":[]},"product_brand":[],"product_cat":[119],"product_tag":[],"class_list":{"0":"post-17278","1":"product","2":"type-product","3":"status-publish","4":"has-post-thumbnail","6":"product_cat-wholesale-hookah","8":"first","9":"instock","10":"shipping-taxable","11":"product-type-external"},"yoast_head":"<!-- This site is optimized with the Yoast SEO Premium plugin v24.7 (Yoast SEO v26.8) - https:\/\/yoast.com\/product\/yoast-seo-premium-wordpress\/ -->\n<title>Middle Eastern Style Four-Pipe Aluminum Alloy Hookah Wholesale - Global Hookah<\/title>\n<meta name=\"robots\" content=\"index, follow, max-snippet:-1, max-image-preview:large, max-video-preview:-1\" \/>\n<link rel=\"canonical\" href=\"https:\/\/global-hookah.com\/de\/producto\/middle-eastern-style-four-pipe-aluminum-alloy-hookah-wholesale\/\" \/>\n<meta property=\"og:locale\" content=\"de_DE\" \/>\n<meta property=\"og:type\" content=\"article\" \/>\n<meta property=\"og:title\" content=\"Middle Eastern Style Four-Pipe Aluminum Alloy Hookah Wholesale\" \/>\n<meta property=\"og:description\" content=\"This Four-hose Aluminum Alloy Hookah can be used simultaneously. Each valve has a built-in ball-bearing breather plug. The hose valve\" \/>\n<meta property=\"og:url\" content=\"https:\/\/global-hookah.com\/de\/producto\/middle-eastern-style-four-pipe-aluminum-alloy-hookah-wholesale\/\" \/>\n<meta property=\"og:site_name\" content=\"Global Hookah\" \/>\n<meta property=\"article:modified_time\" content=\"2023-12-27T08:53:02+00:00\" \/>\n<meta property=\"og:image\" content=\"https:\/\/global-hookah.com\/wp-content\/uploads\/2023\/12\/\u4e3b\u56fe-05-3.jpg\" \/>\n\t<meta property=\"og:image:width\" content=\"1000\" \/>\n\t<meta property=\"og:image:height\" content=\"1000\" \/>\n\t<meta property=\"og:image:type\" content=\"image\/jpeg\" \/>\n<meta name=\"twitter:card\" content=\"summary_large_image\" \/>\n<meta name=\"twitter:label1\" content=\"Gesch\u00e4tzte Lesezeit\" \/>\n\t<meta name=\"twitter:data1\" content=\"2\u00a0Minuten\" \/>\n<script type=\"application\/ld+json\" class=\"yoast-schema-graph\">{\"@context\":\"https:\/\/schema.org\",\"@graph\":[{\"@type\":\"WebPage\",\"@id\":\"https:\/\/global-hookah.com\/es\/producto\/middle-eastern-style-four-pipe-aluminum-alloy-hookah-wholesale\/\",\"url\":\"https:\/\/global-hookah.com\/es\/producto\/middle-eastern-style-four-pipe-aluminum-alloy-hookah-wholesale\/\",\"name\":\"Middle Eastern Style Four-Pipe Aluminum Alloy Hookah Wholesale - Global Hookah\",\"isPartOf\":{\"@id\":\"https:\/\/global-hookah.com\/#website\"},\"primaryImageOfPage\":{\"@id\":\"https:\/\/global-hookah.com\/es\/producto\/middle-eastern-style-four-pipe-aluminum-alloy-hookah-wholesale\/#primaryimage\"},\"image\":{\"@id\":\"https:\/\/global-hookah.com\/es\/producto\/middle-eastern-style-four-pipe-aluminum-alloy-hookah-wholesale\/#primaryimage\"},\"thumbnailUrl\":\"https:\/\/global-hookah.com\/wp-content\/uploads\/2023\/12\/\u4e3b\u56fe-05-3.jpg\",\"datePublished\":\"2023-12-16T06:13:13+00:00\",\"dateModified\":\"2023-12-27T08:53:02+00:00\",\"breadcrumb\":{\"@id\":\"https:\/\/global-hookah.com\/es\/producto\/middle-eastern-style-four-pipe-aluminum-alloy-hookah-wholesale\/#breadcrumb\"},\"inLanguage\":\"de\",\"potentialAction\":[{\"@type\":\"ReadAction\",\"target\":[\"https:\/\/global-hookah.com\/es\/producto\/middle-eastern-style-four-pipe-aluminum-alloy-hookah-wholesale\/\"]}]},{\"@type\":\"ImageObject\",\"inLanguage\":\"de\",\"@id\":\"https:\/\/global-hookah.com\/es\/producto\/middle-eastern-style-four-pipe-aluminum-alloy-hookah-wholesale\/#primaryimage\",\"url\":\"https:\/\/global-hookah.com\/wp-content\/uploads\/2023\/12\/\u4e3b\u56fe-05-3.jpg\",\"contentUrl\":\"https:\/\/global-hookah.com\/wp-content\/uploads\/2023\/12\/\u4e3b\u56fe-05-3.jpg\",\"width\":1000,\"height\":1000,\"caption\":\"Four-Pipe Aluminum Alloy Hookah Wholesale\"},{\"@type\":\"BreadcrumbList\",\"@id\":\"https:\/\/global-hookah.com\/es\/producto\/middle-eastern-style-four-pipe-aluminum-alloy-hookah-wholesale\/#breadcrumb\",\"itemListElement\":[{\"@type\":\"ListItem\",\"position\":1,\"name\":\"Home\",\"item\":\"https:\/\/global-hookah.com\/\"},{\"@type\":\"ListItem\",\"position\":2,\"name\":\"Shop\",\"item\":\"https:\/\/global-hookah.com\/shop\/\"},{\"@type\":\"ListItem\",\"position\":3,\"name\":\"Middle Eastern Style Four-Pipe Aluminum Alloy Hookah Wholesale\"}]},{\"@type\":\"WebSite\",\"@id\":\"https:\/\/global-hookah.com\/#website\",\"url\":\"https:\/\/global-hookah.com\/\",\"name\":\"Global Hookah\",\"description\":\"Global Hookah\",\"publisher\":{\"@id\":\"https:\/\/global-hookah.com\/#organization\"},\"potentialAction\":[{\"@type\":\"SearchAction\",\"target\":{\"@type\":\"EntryPoint\",\"urlTemplate\":\"https:\/\/global-hookah.com\/?s={search_term_string}\"},\"query-input\":{\"@type\":\"PropertyValueSpecification\",\"valueRequired\":true,\"valueName\":\"search_term_string\"}}],\"inLanguage\":\"de\"},{\"@type\":\"Organization\",\"@id\":\"https:\/\/global-hookah.com\/#organization\",\"name\":\"Global Hookah\",\"url\":\"https:\/\/global-hookah.com\/\",\"logo\":{\"@type\":\"ImageObject\",\"inLanguage\":\"de\",\"@id\":\"https:\/\/global-hookah.com\/#\/schema\/logo\/image\/\",\"url\":\"https:\/\/global-hookah.com\/wp-content\/uploads\/2021\/10\/cropped-fgg.png\",\"contentUrl\":\"https:\/\/global-hookah.com\/wp-content\/uploads\/2021\/10\/cropped-fgg.png\",\"width\":512,\"height\":512,\"caption\":\"Global Hookah\"},\"image\":{\"@id\":\"https:\/\/global-hookah.com\/#\/schema\/logo\/image\/\"}}]}<\/script>\n<!-- \/ Yoast SEO Premium plugin. -->","yoast_head_json":{"title":"Mittlerer Osten Stil Vier-Rohr-Aluminium-Legierung Hookah Gro\u00dfhandel - Global Hookah","robots":{"index":"index","follow":"follow","max-snippet":"max-snippet:-1","max-image-preview":"max-image-preview:large","max-video-preview":"max-video-preview:-1"},"canonical":"https:\/\/global-hookah.com\/de\/producto\/middle-eastern-style-four-pipe-aluminum-alloy-hookah-wholesale\/","og_locale":"de_DE","og_type":"article","og_title":"Middle Eastern Style Four-Pipe Aluminum Alloy Hookah Wholesale","og_description":"This Four-hose Aluminum Alloy Hookah can be used simultaneously. Each valve has a built-in ball-bearing breather plug. The hose valve","og_url":"https:\/\/global-hookah.com\/de\/producto\/middle-eastern-style-four-pipe-aluminum-alloy-hookah-wholesale\/","og_site_name":"Global Hookah","article_modified_time":"2023-12-27T08:53:02+00:00","og_image":[{"width":1000,"height":1000,"url":"https:\/\/global-hookah.com\/wp-content\/uploads\/2023\/12\/\u4e3b\u56fe-05-3.jpg","type":"image\/jpeg"}],"twitter_card":"summary_large_image","twitter_misc":{"Gesch\u00e4tzte Lesezeit":"2\u00a0Minuten"},"schema":{"@context":"https:\/\/schema.org","@graph":[{"@type":"WebPage","@id":"https:\/\/global-hookah.com\/es\/producto\/middle-eastern-style-four-pipe-aluminum-alloy-hookah-wholesale\/","url":"https:\/\/global-hookah.com\/es\/producto\/middle-eastern-style-four-pipe-aluminum-alloy-hookah-wholesale\/","name":"Mittlerer Osten Stil Vier-Rohr-Aluminium-Legierung Hookah Gro\u00dfhandel - Global Hookah","isPartOf":{"@id":"https:\/\/global-hookah.com\/#website"},"primaryImageOfPage":{"@id":"https:\/\/global-hookah.com\/es\/producto\/middle-eastern-style-four-pipe-aluminum-alloy-hookah-wholesale\/#primaryimage"},"image":{"@id":"https:\/\/global-hookah.com\/es\/producto\/middle-eastern-style-four-pipe-aluminum-alloy-hookah-wholesale\/#primaryimage"},"thumbnailUrl":"https:\/\/global-hookah.com\/wp-content\/uploads\/2023\/12\/\u4e3b\u56fe-05-3.jpg","datePublished":"2023-12-16T06:13:13+00:00","dateModified":"2023-12-27T08:53:02+00:00","breadcrumb":{"@id":"https:\/\/global-hookah.com\/es\/producto\/middle-eastern-style-four-pipe-aluminum-alloy-hookah-wholesale\/#breadcrumb"},"inLanguage":"de","potentialAction":[{"@type":"ReadAction","target":["https:\/\/global-hookah.com\/es\/producto\/middle-eastern-style-four-pipe-aluminum-alloy-hookah-wholesale\/"]}]},{"@type":"ImageObject","inLanguage":"de","@id":"https:\/\/global-hookah.com\/es\/producto\/middle-eastern-style-four-pipe-aluminum-alloy-hookah-wholesale\/#primaryimage","url":"https:\/\/global-hookah.com\/wp-content\/uploads\/2023\/12\/\u4e3b\u56fe-05-3.jpg","contentUrl":"https:\/\/global-hookah.com\/wp-content\/uploads\/2023\/12\/\u4e3b\u56fe-05-3.jpg","width":1000,"height":1000,"caption":"Four-Pipe Aluminum Alloy Hookah Wholesale"},{"@type":"BreadcrumbList","@id":"https:\/\/global-hookah.com\/es\/producto\/middle-eastern-style-four-pipe-aluminum-alloy-hookah-wholesale\/#breadcrumb","itemListElement":[{"@type":"ListItem","position":1,"name":"Home","item":"https:\/\/global-hookah.com\/"},{"@type":"ListItem","position":2,"name":"Shop","item":"https:\/\/global-hookah.com\/shop\/"},{"@type":"ListItem","position":3,"name":"Middle Eastern Style Four-Pipe Aluminum Alloy Hookah Wholesale"}]},{"@type":"WebSite","@id":"https:\/\/global-hookah.com\/#website","url":"https:\/\/global-hookah.com\/","name":"Globale Wasserpfeife","description":"Globale Wasserpfeife","publisher":{"@id":"https:\/\/global-hookah.com\/#organization"},"potentialAction":[{"@type":"SearchAction","target":{"@type":"EntryPoint","urlTemplate":"https:\/\/global-hookah.com\/?s={search_term_string}"},"query-input":{"@type":"PropertyValueSpecification","valueRequired":true,"valueName":"search_term_string"}}],"inLanguage":"de"},{"@type":"Organization","@id":"https:\/\/global-hookah.com\/#organization","name":"Globale Wasserpfeife","url":"https:\/\/global-hookah.com\/","logo":{"@type":"ImageObject","inLanguage":"de","@id":"https:\/\/global-hookah.com\/#\/schema\/logo\/image\/","url":"https:\/\/global-hookah.com\/wp-content\/uploads\/2021\/10\/cropped-fgg.png","contentUrl":"https:\/\/global-hookah.com\/wp-content\/uploads\/2021\/10\/cropped-fgg.png","width":512,"height":512,"caption":"Global Hookah"},"image":{"@id":"https:\/\/global-hookah.com\/#\/schema\/logo\/image\/"}}]}},"_links":{"self":[{"href":"https:\/\/global-hookah.com\/de\/wp-json\/wp\/v2\/product\/17278","targetHints":{"allow":["GET"]}}],"collection":[{"href":"https:\/\/global-hookah.com\/de\/wp-json\/wp\/v2\/product"}],"about":[{"href":"https:\/\/global-hookah.com\/de\/wp-json\/wp\/v2\/types\/product"}],"replies":[{"embeddable":true,"href":"https:\/\/global-hookah.com\/de\/wp-json\/wp\/v2\/comments?post=17278"}],"version-history":[{"count":0,"href":"https:\/\/global-hookah.com\/de\/wp-json\/wp\/v2\/product\/17278\/revisions"}],"wp:featuredmedia":[{"embeddable":true,"href":"https:\/\/global-hookah.com\/de\/wp-json\/wp\/v2\/media\/17280"}],"wp:attachment":[{"href":"https:\/\/global-hookah.com\/de\/wp-json\/wp\/v2\/media?parent=17278"}],"wp:term":[{"taxonomy":"product_brand","embeddable":true,"href":"https:\/\/global-hookah.com\/de\/wp-json\/wp\/v2\/product_brand?post=17278"},{"taxonomy":"product_cat","embeddable":true,"href":"https:\/\/global-hookah.com\/de\/wp-json\/wp\/v2\/product_cat?post=17278"},{"taxonomy":"product_tag","embeddable":true,"href":"https:\/\/global-hookah.com\/de\/wp-json\/wp\/v2\/product_tag?post=17278"}],"curies":[{"name":"wp","href":"https:\/\/api.w.org\/{rel}","templated":true}]}}