{"id":17286,"date":"2023-12-16T06:20:50","date_gmt":"2023-12-16T06:20:50","guid":{"rendered":"https:\/\/global-hookah.com\/?post_type=product&#038;p=17286"},"modified":"2023-12-27T08:53:01","modified_gmt":"2023-12-27T08:53:01","slug":"hookah-with-led-lights-wholesale","status":"publish","type":"product","link":"https:\/\/global-hookah.com\/de\/produkt\/hookah-with-led-lights-wholesale\/","title":{"rendered":"Wasserpfeife mit Led Lichtern Gro\u00dfhandel"},"content":{"rendered":"<p>Diese<strong> Wasserpfeife mit LED-Licht<\/strong> hat ein extrem cooles Design. Die Acryl-Wasserflasche K\u00f6rper ist sehr modisch, so dass Sie die Aufmerksamkeit aller auf der Party zu gewinnen, und der einzelne Schlauch-Design ist nicht nur einfach zu tragen und zu verwenden, sondern auch erm\u00f6glicht es Ihnen, durch den Schlauch Griff Abgas reichen Rauch blasen und den Geschmack einzustellen.<\/p>\n<p>Die <strong>Wasserpfeifen-Set mit LED-Licht<\/strong>s umfasst Shisha-Zangen, Silikonschalen, Schlauchgriffe aus Aluminiumlegierung, etc. Der Silikonschlauch und die Feder verhindern das Falten, und die Shisha-Folie ist ebenfalls enthalten.<\/p>\n<p>Die <strong>Acryl Material LED Wasserpfeife<\/strong> ist mit einstellbaren LED-Lichtern in verschiedenen Farben und Modi sowie mit einem Blinkmodus ausgestattet. Sie k\u00f6nnen einzelne Lichter oder Gruppen von Lichtern in verschiedenen Farbkombinationen steuern, und die Acrylflasche bietet zusammen mit dem Ger\u00e4usch von flie\u00dfendem Wasser und blinkenden Lichtern ein erstaunliches Erlebnis.<\/p>\n<p>Das Shisha-Set enth\u00e4lt: 1 Silikonschale, 1 Shisha-Flasche, 1 Luftloch, 1 Rauchloch, 1 Silikondichtung, 1 Shisha-Schlauch, 1 Kohlenzange, 1 LED-Licht, 1 unbedeckter Holzkohlehalter.<\/p>\n<p>Dieses Produkt kann von einer Person verwendet werden, und Shisha-Aromen k\u00f6nnen w\u00e4hrend des Gebrauchs hinzugef\u00fcgt werden. Die LED-Beleuchtung kann auch verwendet werden, um eine perfekte Atmosph\u00e4re zu schaffen.<\/p>\n<p>Sie k\u00f6nnen diese bunte LED <a href=\"https:\/\/global-hookah.com\/product\/wholesale-hookah-shisha-pipe-with-smoking-accessories\/\">Shisha-Zubeh\u00f6r<\/a> im Kofferraum Ihres Autos f\u00fcr den Einsatz unterwegs. Wenn die Rauchentwicklung zu gering ist, f\u00fcgen Sie bitte 5-6 St\u00fcck Kohle hinzu oder legen Sie einen Deckel auf den Holzkohlehalter.<\/p>","protected":false},"excerpt":{"rendered":"<p>Diese Wasserpfeife mit LED-Licht hat ein extrem cooles Design. Die Acryl-Wasserflasche K\u00f6rper ist sehr modisch, so dass Sie<\/p>","protected":false},"featured_media":17290,"comment_status":"open","ping_status":"closed","template":"","meta":{"iawp_total_views":1,"_joinchat":[]},"product_brand":[],"product_cat":[119],"product_tag":[],"class_list":{"0":"post-17286","1":"product","2":"type-product","3":"status-publish","4":"has-post-thumbnail","6":"product_cat-wholesale-hookah","8":"first","9":"instock","10":"shipping-taxable","11":"product-type-external"},"yoast_head":"<!-- This site is optimized with the Yoast SEO Premium plugin v24.7 (Yoast SEO v26.8) - https:\/\/yoast.com\/product\/yoast-seo-premium-wordpress\/ -->\n<title>Hookah With Led Lights Wholesale - Global Hookah<\/title>\n<meta name=\"robots\" content=\"index, follow, max-snippet:-1, max-image-preview:large, max-video-preview:-1\" \/>\n<link rel=\"canonical\" href=\"https:\/\/global-hookah.com\/de\/produkt\/hookah-with-led-lights-wholesale\/\" \/>\n<meta property=\"og:locale\" content=\"de_DE\" \/>\n<meta property=\"og:type\" content=\"article\" \/>\n<meta property=\"og:title\" content=\"Hookah With Led Lights Wholesale\" \/>\n<meta property=\"og:description\" content=\"This hookah with LED lights has an extremely cool design. The acrylic water bottle body is very fashionable, allowing you\" \/>\n<meta property=\"og:url\" content=\"https:\/\/global-hookah.com\/de\/produkt\/hookah-with-led-lights-wholesale\/\" \/>\n<meta property=\"og:site_name\" content=\"Global Hookah\" \/>\n<meta property=\"article:modified_time\" content=\"2023-12-27T08:53:01+00:00\" \/>\n<meta property=\"og:image\" content=\"https:\/\/global-hookah.com\/wp-content\/uploads\/2023\/12\/\u4e3b\u56fe-05-4.jpg\" \/>\n\t<meta property=\"og:image:width\" content=\"1920\" \/>\n\t<meta property=\"og:image:height\" content=\"1920\" \/>\n\t<meta property=\"og:image:type\" content=\"image\/jpeg\" \/>\n<meta name=\"twitter:card\" content=\"summary_large_image\" \/>\n<meta name=\"twitter:label1\" content=\"Gesch\u00e4tzte Lesezeit\" \/>\n\t<meta name=\"twitter:data1\" content=\"2\u00a0Minuten\" \/>\n<script type=\"application\/ld+json\" class=\"yoast-schema-graph\">{\"@context\":\"https:\/\/schema.org\",\"@graph\":[{\"@type\":\"WebPage\",\"@id\":\"https:\/\/global-hookah.com\/product\/hookah-with-led-lights-wholesale\/\",\"url\":\"https:\/\/global-hookah.com\/product\/hookah-with-led-lights-wholesale\/\",\"name\":\"Hookah With Led Lights Wholesale - Global Hookah\",\"isPartOf\":{\"@id\":\"https:\/\/global-hookah.com\/#website\"},\"primaryImageOfPage\":{\"@id\":\"https:\/\/global-hookah.com\/product\/hookah-with-led-lights-wholesale\/#primaryimage\"},\"image\":{\"@id\":\"https:\/\/global-hookah.com\/product\/hookah-with-led-lights-wholesale\/#primaryimage\"},\"thumbnailUrl\":\"https:\/\/global-hookah.com\/wp-content\/uploads\/2023\/12\/\u4e3b\u56fe-05-4.jpg\",\"datePublished\":\"2023-12-16T06:20:50+00:00\",\"dateModified\":\"2023-12-27T08:53:01+00:00\",\"breadcrumb\":{\"@id\":\"https:\/\/global-hookah.com\/product\/hookah-with-led-lights-wholesale\/#breadcrumb\"},\"inLanguage\":\"de\",\"potentialAction\":[{\"@type\":\"ReadAction\",\"target\":[\"https:\/\/global-hookah.com\/product\/hookah-with-led-lights-wholesale\/\"]}]},{\"@type\":\"ImageObject\",\"inLanguage\":\"de\",\"@id\":\"https:\/\/global-hookah.com\/product\/hookah-with-led-lights-wholesale\/#primaryimage\",\"url\":\"https:\/\/global-hookah.com\/wp-content\/uploads\/2023\/12\/\u4e3b\u56fe-05-4.jpg\",\"contentUrl\":\"https:\/\/global-hookah.com\/wp-content\/uploads\/2023\/12\/\u4e3b\u56fe-05-4.jpg\",\"width\":1920,\"height\":1920,\"caption\":\"Hookah With Led Lights Wholesale\"},{\"@type\":\"BreadcrumbList\",\"@id\":\"https:\/\/global-hookah.com\/product\/hookah-with-led-lights-wholesale\/#breadcrumb\",\"itemListElement\":[{\"@type\":\"ListItem\",\"position\":1,\"name\":\"Home\",\"item\":\"https:\/\/global-hookah.com\/\"},{\"@type\":\"ListItem\",\"position\":2,\"name\":\"Shop\",\"item\":\"https:\/\/global-hookah.com\/shop\/\"},{\"@type\":\"ListItem\",\"position\":3,\"name\":\"Hookah With Led Lights Wholesale\"}]},{\"@type\":\"WebSite\",\"@id\":\"https:\/\/global-hookah.com\/#website\",\"url\":\"https:\/\/global-hookah.com\/\",\"name\":\"Global Hookah\",\"description\":\"Global Hookah\",\"publisher\":{\"@id\":\"https:\/\/global-hookah.com\/#organization\"},\"potentialAction\":[{\"@type\":\"SearchAction\",\"target\":{\"@type\":\"EntryPoint\",\"urlTemplate\":\"https:\/\/global-hookah.com\/?s={search_term_string}\"},\"query-input\":{\"@type\":\"PropertyValueSpecification\",\"valueRequired\":true,\"valueName\":\"search_term_string\"}}],\"inLanguage\":\"de\"},{\"@type\":\"Organization\",\"@id\":\"https:\/\/global-hookah.com\/#organization\",\"name\":\"Global Hookah\",\"url\":\"https:\/\/global-hookah.com\/\",\"logo\":{\"@type\":\"ImageObject\",\"inLanguage\":\"de\",\"@id\":\"https:\/\/global-hookah.com\/#\/schema\/logo\/image\/\",\"url\":\"https:\/\/global-hookah.com\/wp-content\/uploads\/2021\/10\/cropped-fgg.png\",\"contentUrl\":\"https:\/\/global-hookah.com\/wp-content\/uploads\/2021\/10\/cropped-fgg.png\",\"width\":512,\"height\":512,\"caption\":\"Global Hookah\"},\"image\":{\"@id\":\"https:\/\/global-hookah.com\/#\/schema\/logo\/image\/\"}}]}<\/script>\n<!-- \/ Yoast SEO Premium plugin. -->","yoast_head_json":{"title":"Wasserpfeife mit Led-Lichtern Gro\u00dfhandel - Global Hookah","robots":{"index":"index","follow":"follow","max-snippet":"max-snippet:-1","max-image-preview":"max-image-preview:large","max-video-preview":"max-video-preview:-1"},"canonical":"https:\/\/global-hookah.com\/de\/produkt\/hookah-with-led-lights-wholesale\/","og_locale":"de_DE","og_type":"article","og_title":"Hookah With Led Lights Wholesale","og_description":"This hookah with LED lights has an extremely cool design. The acrylic water bottle body is very fashionable, allowing you","og_url":"https:\/\/global-hookah.com\/de\/produkt\/hookah-with-led-lights-wholesale\/","og_site_name":"Global Hookah","article_modified_time":"2023-12-27T08:53:01+00:00","og_image":[{"width":1920,"height":1920,"url":"https:\/\/global-hookah.com\/wp-content\/uploads\/2023\/12\/\u4e3b\u56fe-05-4.jpg","type":"image\/jpeg"}],"twitter_card":"summary_large_image","twitter_misc":{"Gesch\u00e4tzte Lesezeit":"2\u00a0Minuten"},"schema":{"@context":"https:\/\/schema.org","@graph":[{"@type":"WebPage","@id":"https:\/\/global-hookah.com\/product\/hookah-with-led-lights-wholesale\/","url":"https:\/\/global-hookah.com\/product\/hookah-with-led-lights-wholesale\/","name":"Wasserpfeife mit Led-Lichtern Gro\u00dfhandel - Global Hookah","isPartOf":{"@id":"https:\/\/global-hookah.com\/#website"},"primaryImageOfPage":{"@id":"https:\/\/global-hookah.com\/product\/hookah-with-led-lights-wholesale\/#primaryimage"},"image":{"@id":"https:\/\/global-hookah.com\/product\/hookah-with-led-lights-wholesale\/#primaryimage"},"thumbnailUrl":"https:\/\/global-hookah.com\/wp-content\/uploads\/2023\/12\/\u4e3b\u56fe-05-4.jpg","datePublished":"2023-12-16T06:20:50+00:00","dateModified":"2023-12-27T08:53:01+00:00","breadcrumb":{"@id":"https:\/\/global-hookah.com\/product\/hookah-with-led-lights-wholesale\/#breadcrumb"},"inLanguage":"de","potentialAction":[{"@type":"ReadAction","target":["https:\/\/global-hookah.com\/product\/hookah-with-led-lights-wholesale\/"]}]},{"@type":"ImageObject","inLanguage":"de","@id":"https:\/\/global-hookah.com\/product\/hookah-with-led-lights-wholesale\/#primaryimage","url":"https:\/\/global-hookah.com\/wp-content\/uploads\/2023\/12\/\u4e3b\u56fe-05-4.jpg","contentUrl":"https:\/\/global-hookah.com\/wp-content\/uploads\/2023\/12\/\u4e3b\u56fe-05-4.jpg","width":1920,"height":1920,"caption":"Hookah With Led Lights Wholesale"},{"@type":"BreadcrumbList","@id":"https:\/\/global-hookah.com\/product\/hookah-with-led-lights-wholesale\/#breadcrumb","itemListElement":[{"@type":"ListItem","position":1,"name":"Home","item":"https:\/\/global-hookah.com\/"},{"@type":"ListItem","position":2,"name":"Shop","item":"https:\/\/global-hookah.com\/shop\/"},{"@type":"ListItem","position":3,"name":"Hookah With Led Lights Wholesale"}]},{"@type":"WebSite","@id":"https:\/\/global-hookah.com\/#website","url":"https:\/\/global-hookah.com\/","name":"Globale Wasserpfeife","description":"Globale Wasserpfeife","publisher":{"@id":"https:\/\/global-hookah.com\/#organization"},"potentialAction":[{"@type":"SearchAction","target":{"@type":"EntryPoint","urlTemplate":"https:\/\/global-hookah.com\/?s={search_term_string}"},"query-input":{"@type":"PropertyValueSpecification","valueRequired":true,"valueName":"search_term_string"}}],"inLanguage":"de"},{"@type":"Organization","@id":"https:\/\/global-hookah.com\/#organization","name":"Globale Wasserpfeife","url":"https:\/\/global-hookah.com\/","logo":{"@type":"ImageObject","inLanguage":"de","@id":"https:\/\/global-hookah.com\/#\/schema\/logo\/image\/","url":"https:\/\/global-hookah.com\/wp-content\/uploads\/2021\/10\/cropped-fgg.png","contentUrl":"https:\/\/global-hookah.com\/wp-content\/uploads\/2021\/10\/cropped-fgg.png","width":512,"height":512,"caption":"Global Hookah"},"image":{"@id":"https:\/\/global-hookah.com\/#\/schema\/logo\/image\/"}}]}},"_links":{"self":[{"href":"https:\/\/global-hookah.com\/de\/wp-json\/wp\/v2\/product\/17286","targetHints":{"allow":["GET"]}}],"collection":[{"href":"https:\/\/global-hookah.com\/de\/wp-json\/wp\/v2\/product"}],"about":[{"href":"https:\/\/global-hookah.com\/de\/wp-json\/wp\/v2\/types\/product"}],"replies":[{"embeddable":true,"href":"https:\/\/global-hookah.com\/de\/wp-json\/wp\/v2\/comments?post=17286"}],"version-history":[{"count":0,"href":"https:\/\/global-hookah.com\/de\/wp-json\/wp\/v2\/product\/17286\/revisions"}],"wp:featuredmedia":[{"embeddable":true,"href":"https:\/\/global-hookah.com\/de\/wp-json\/wp\/v2\/media\/17290"}],"wp:attachment":[{"href":"https:\/\/global-hookah.com\/de\/wp-json\/wp\/v2\/media?parent=17286"}],"wp:term":[{"taxonomy":"product_brand","embeddable":true,"href":"https:\/\/global-hookah.com\/de\/wp-json\/wp\/v2\/product_brand?post=17286"},{"taxonomy":"product_cat","embeddable":true,"href":"https:\/\/global-hookah.com\/de\/wp-json\/wp\/v2\/product_cat?post=17286"},{"taxonomy":"product_tag","embeddable":true,"href":"https:\/\/global-hookah.com\/de\/wp-json\/wp\/v2\/product_tag?post=17286"}],"curies":[{"name":"wp","href":"https:\/\/api.w.org\/{rel}","templated":true}]}}