{"id":17295,"date":"2023-12-16T06:26:28","date_gmt":"2023-12-16T06:26:28","guid":{"rendered":"https:\/\/global-hookah.com\/?post_type=product&#038;p=17295"},"modified":"2024-01-12T07:48:31","modified_gmt":"2024-01-12T07:48:31","slug":"portable-aluminum-hookah-wholesale","status":"publish","type":"product","link":"https:\/\/global-hookah.com\/de\/produkt\/portable-aluminum-hookah-wholesale\/","title":{"rendered":"Tragbare Aluminium Wasserpfeife Gro\u00dfhandel"},"content":{"rendered":"<p>Diese <strong>Tragbare Aluminium Wasserpfeife<\/strong> enth\u00e4lt alles, was Sie f\u00fcr den tragbaren Shisha-Spa\u00df brauchen. Das Portable Aluminum Hookah Set beinhaltet eine Wasserpfeifenvase, einen Aluminiumstiel, einen Silikonschlauch, eine Kohlenzange, einen Windschutzdeckel sowie kleine und gro\u00dfe Metallschalen - alles ordentlich verpackt in einem diskreten Tragekoffer.<\/p>\n<p>Nimm dies <strong>Tragbare Wasserpfeife mit winddichtem Deckel<\/strong> mit an den Strand, in den Garten, ins Auto oder wo immer Sie sich mit einer aromatischen Wasserpfeife entspannen wollen. Es dauert nur ein paar Minuten, um schnell zu montieren, und die magnetische Verbindung Design macht die Montage einfacher und schneller.<\/p>\n<p>Diese <strong>Tragbare Aluminium Wasserpfeife<\/strong> hat die praktische Form einer Wasserflasche f\u00fcr einen einfachen und diskreten Transport. Die interne Abdichtung Design kann effektiv verhindern, dass die Luft entweicht. Der Geschmack ist glatt, wenn das Rauchen, die eine sehr angenehme Erfahrung bringen kann, Dar\u00fcber hinaus ist die dauerhafte Aluminium und Silikon-Konstruktion sorgt f\u00fcr Jahre der Nutzung und ist leicht zu reinigen nach dem Gebrauch.<\/p>\n<p>Diese<strong> Reise-Shisha-Kit<\/strong> ist ein gro\u00dfartiges Geschenk und setzt einen eleganten Akzent in jedem Raum. Das tragbare Design ist perfekt f\u00fcr Reisen und erm\u00f6glicht es Ihnen, die Wasserpfeife unterwegs zu genie\u00dfen.<\/p>\n<p>Diese<strong> Reise-Wasserpfeife<\/strong> ist nur f\u00fcr Benutzer ab 21 Jahren bestimmt. Verwenden Sie es nicht w\u00e4hrend der Fahrt. Wir sind verpflichtet, Sie dar\u00fcber zu informieren, wenn Sie auch <a href=\"https:\/\/global-hookah.com\/product-category\/wholesale-hookah\/\">Gro\u00dfhandel andere Stile von Portable hooka<\/a>h, bitte senden Sie uns eine E-Mail<\/p>","protected":false},"excerpt":{"rendered":"<p>Diese tragbare Aluminium Wasserpfeife kommt mit allem, was Sie f\u00fcr tragbare Wasserpfeife Spa\u00df brauchen. Das tragbare Aluminium Hookah Set enth\u00e4lt eine<\/p>","protected":false},"featured_media":17300,"comment_status":"open","ping_status":"closed","template":"","meta":{"iawp_total_views":1,"_joinchat":[]},"product_brand":[],"product_cat":[559,119],"product_tag":[],"class_list":{"0":"post-17295","1":"product","2":"type-product","3":"status-publish","4":"has-post-thumbnail","6":"product_cat-portable-hookah-wholesale","7":"product_cat-wholesale-hookah","9":"first","10":"instock","11":"shipping-taxable","12":"product-type-external"},"yoast_head":"<!-- This site is optimized with the Yoast SEO Premium plugin v24.7 (Yoast SEO v26.8) - https:\/\/yoast.com\/product\/yoast-seo-premium-wordpress\/ -->\n<title>Portable Aluminum Hookah Wholesale - Global Hookah<\/title>\n<meta name=\"robots\" content=\"index, follow, max-snippet:-1, max-image-preview:large, max-video-preview:-1\" \/>\n<link rel=\"canonical\" href=\"https:\/\/global-hookah.com\/de\/produkt\/portable-aluminum-hookah-wholesale\/\" \/>\n<meta property=\"og:locale\" content=\"de_DE\" \/>\n<meta property=\"og:type\" content=\"article\" \/>\n<meta property=\"og:title\" content=\"Portable Aluminum Hookah Wholesale\" \/>\n<meta property=\"og:description\" content=\"This Portable Aluminum Hookah comes with everything you need for portable hookah fun. The Portable Aluminum Hookah set includes a\" \/>\n<meta property=\"og:url\" content=\"https:\/\/global-hookah.com\/de\/produkt\/portable-aluminum-hookah-wholesale\/\" \/>\n<meta property=\"og:site_name\" content=\"Global Hookah\" \/>\n<meta property=\"article:modified_time\" content=\"2024-01-12T07:48:31+00:00\" \/>\n<meta property=\"og:image\" content=\"https:\/\/global-hookah.com\/wp-content\/uploads\/2023\/12\/\u4e3b\u56fe-03-5.jpg\" \/>\n\t<meta property=\"og:image:width\" content=\"1000\" \/>\n\t<meta property=\"og:image:height\" content=\"1000\" \/>\n\t<meta property=\"og:image:type\" content=\"image\/jpeg\" \/>\n<meta name=\"twitter:card\" content=\"summary_large_image\" \/>\n<meta name=\"twitter:label1\" content=\"Gesch\u00e4tzte Lesezeit\" \/>\n\t<meta name=\"twitter:data1\" content=\"1\u00a0Minute\" \/>\n<script type=\"application\/ld+json\" class=\"yoast-schema-graph\">{\"@context\":\"https:\/\/schema.org\",\"@graph\":[{\"@type\":\"WebPage\",\"@id\":\"https:\/\/global-hookah.com\/product\/portable-aluminum-hookah-wholesale\/\",\"url\":\"https:\/\/global-hookah.com\/product\/portable-aluminum-hookah-wholesale\/\",\"name\":\"Portable Aluminum Hookah Wholesale - Global Hookah\",\"isPartOf\":{\"@id\":\"https:\/\/global-hookah.com\/#website\"},\"primaryImageOfPage\":{\"@id\":\"https:\/\/global-hookah.com\/product\/portable-aluminum-hookah-wholesale\/#primaryimage\"},\"image\":{\"@id\":\"https:\/\/global-hookah.com\/product\/portable-aluminum-hookah-wholesale\/#primaryimage\"},\"thumbnailUrl\":\"https:\/\/global-hookah.com\/wp-content\/uploads\/2023\/12\/\u4e3b\u56fe-03-5.jpg\",\"datePublished\":\"2023-12-16T06:26:28+00:00\",\"dateModified\":\"2024-01-12T07:48:31+00:00\",\"breadcrumb\":{\"@id\":\"https:\/\/global-hookah.com\/product\/portable-aluminum-hookah-wholesale\/#breadcrumb\"},\"inLanguage\":\"de\",\"potentialAction\":[{\"@type\":\"ReadAction\",\"target\":[\"https:\/\/global-hookah.com\/product\/portable-aluminum-hookah-wholesale\/\"]}]},{\"@type\":\"ImageObject\",\"inLanguage\":\"de\",\"@id\":\"https:\/\/global-hookah.com\/product\/portable-aluminum-hookah-wholesale\/#primaryimage\",\"url\":\"https:\/\/global-hookah.com\/wp-content\/uploads\/2023\/12\/\u4e3b\u56fe-03-5.jpg\",\"contentUrl\":\"https:\/\/global-hookah.com\/wp-content\/uploads\/2023\/12\/\u4e3b\u56fe-03-5.jpg\",\"width\":1000,\"height\":1000,\"caption\":\"Portable Aluminum Hookah Wholesale\"},{\"@type\":\"BreadcrumbList\",\"@id\":\"https:\/\/global-hookah.com\/product\/portable-aluminum-hookah-wholesale\/#breadcrumb\",\"itemListElement\":[{\"@type\":\"ListItem\",\"position\":1,\"name\":\"Home\",\"item\":\"https:\/\/global-hookah.com\/\"},{\"@type\":\"ListItem\",\"position\":2,\"name\":\"Shop\",\"item\":\"https:\/\/global-hookah.com\/shop\/\"},{\"@type\":\"ListItem\",\"position\":3,\"name\":\"Portable Aluminum Hookah Wholesale\"}]},{\"@type\":\"WebSite\",\"@id\":\"https:\/\/global-hookah.com\/#website\",\"url\":\"https:\/\/global-hookah.com\/\",\"name\":\"Global Hookah\",\"description\":\"Global Hookah\",\"publisher\":{\"@id\":\"https:\/\/global-hookah.com\/#organization\"},\"potentialAction\":[{\"@type\":\"SearchAction\",\"target\":{\"@type\":\"EntryPoint\",\"urlTemplate\":\"https:\/\/global-hookah.com\/?s={search_term_string}\"},\"query-input\":{\"@type\":\"PropertyValueSpecification\",\"valueRequired\":true,\"valueName\":\"search_term_string\"}}],\"inLanguage\":\"de\"},{\"@type\":\"Organization\",\"@id\":\"https:\/\/global-hookah.com\/#organization\",\"name\":\"Global Hookah\",\"url\":\"https:\/\/global-hookah.com\/\",\"logo\":{\"@type\":\"ImageObject\",\"inLanguage\":\"de\",\"@id\":\"https:\/\/global-hookah.com\/#\/schema\/logo\/image\/\",\"url\":\"https:\/\/global-hookah.com\/wp-content\/uploads\/2021\/10\/cropped-fgg.png\",\"contentUrl\":\"https:\/\/global-hookah.com\/wp-content\/uploads\/2021\/10\/cropped-fgg.png\",\"width\":512,\"height\":512,\"caption\":\"Global Hookah\"},\"image\":{\"@id\":\"https:\/\/global-hookah.com\/#\/schema\/logo\/image\/\"}}]}<\/script>\n<!-- \/ Yoast SEO Premium plugin. -->","yoast_head_json":{"title":"Tragbare Aluminium Wasserpfeife Gro\u00dfhandel - Global Hookah","robots":{"index":"index","follow":"follow","max-snippet":"max-snippet:-1","max-image-preview":"max-image-preview:large","max-video-preview":"max-video-preview:-1"},"canonical":"https:\/\/global-hookah.com\/de\/produkt\/portable-aluminum-hookah-wholesale\/","og_locale":"de_DE","og_type":"article","og_title":"Portable Aluminum Hookah Wholesale","og_description":"This Portable Aluminum Hookah comes with everything you need for portable hookah fun. The Portable Aluminum Hookah set includes a","og_url":"https:\/\/global-hookah.com\/de\/produkt\/portable-aluminum-hookah-wholesale\/","og_site_name":"Global Hookah","article_modified_time":"2024-01-12T07:48:31+00:00","og_image":[{"width":1000,"height":1000,"url":"https:\/\/global-hookah.com\/wp-content\/uploads\/2023\/12\/\u4e3b\u56fe-03-5.jpg","type":"image\/jpeg"}],"twitter_card":"summary_large_image","twitter_misc":{"Gesch\u00e4tzte Lesezeit":"1\u00a0Minute"},"schema":{"@context":"https:\/\/schema.org","@graph":[{"@type":"WebPage","@id":"https:\/\/global-hookah.com\/product\/portable-aluminum-hookah-wholesale\/","url":"https:\/\/global-hookah.com\/product\/portable-aluminum-hookah-wholesale\/","name":"Tragbare Aluminium Wasserpfeife Gro\u00dfhandel - Global Hookah","isPartOf":{"@id":"https:\/\/global-hookah.com\/#website"},"primaryImageOfPage":{"@id":"https:\/\/global-hookah.com\/product\/portable-aluminum-hookah-wholesale\/#primaryimage"},"image":{"@id":"https:\/\/global-hookah.com\/product\/portable-aluminum-hookah-wholesale\/#primaryimage"},"thumbnailUrl":"https:\/\/global-hookah.com\/wp-content\/uploads\/2023\/12\/\u4e3b\u56fe-03-5.jpg","datePublished":"2023-12-16T06:26:28+00:00","dateModified":"2024-01-12T07:48:31+00:00","breadcrumb":{"@id":"https:\/\/global-hookah.com\/product\/portable-aluminum-hookah-wholesale\/#breadcrumb"},"inLanguage":"de","potentialAction":[{"@type":"ReadAction","target":["https:\/\/global-hookah.com\/product\/portable-aluminum-hookah-wholesale\/"]}]},{"@type":"ImageObject","inLanguage":"de","@id":"https:\/\/global-hookah.com\/product\/portable-aluminum-hookah-wholesale\/#primaryimage","url":"https:\/\/global-hookah.com\/wp-content\/uploads\/2023\/12\/\u4e3b\u56fe-03-5.jpg","contentUrl":"https:\/\/global-hookah.com\/wp-content\/uploads\/2023\/12\/\u4e3b\u56fe-03-5.jpg","width":1000,"height":1000,"caption":"Portable Aluminum Hookah Wholesale"},{"@type":"BreadcrumbList","@id":"https:\/\/global-hookah.com\/product\/portable-aluminum-hookah-wholesale\/#breadcrumb","itemListElement":[{"@type":"ListItem","position":1,"name":"Home","item":"https:\/\/global-hookah.com\/"},{"@type":"ListItem","position":2,"name":"Shop","item":"https:\/\/global-hookah.com\/shop\/"},{"@type":"ListItem","position":3,"name":"Portable Aluminum Hookah Wholesale"}]},{"@type":"WebSite","@id":"https:\/\/global-hookah.com\/#website","url":"https:\/\/global-hookah.com\/","name":"Globale Wasserpfeife","description":"Globale Wasserpfeife","publisher":{"@id":"https:\/\/global-hookah.com\/#organization"},"potentialAction":[{"@type":"SearchAction","target":{"@type":"EntryPoint","urlTemplate":"https:\/\/global-hookah.com\/?s={search_term_string}"},"query-input":{"@type":"PropertyValueSpecification","valueRequired":true,"valueName":"search_term_string"}}],"inLanguage":"de"},{"@type":"Organization","@id":"https:\/\/global-hookah.com\/#organization","name":"Globale Wasserpfeife","url":"https:\/\/global-hookah.com\/","logo":{"@type":"ImageObject","inLanguage":"de","@id":"https:\/\/global-hookah.com\/#\/schema\/logo\/image\/","url":"https:\/\/global-hookah.com\/wp-content\/uploads\/2021\/10\/cropped-fgg.png","contentUrl":"https:\/\/global-hookah.com\/wp-content\/uploads\/2021\/10\/cropped-fgg.png","width":512,"height":512,"caption":"Global Hookah"},"image":{"@id":"https:\/\/global-hookah.com\/#\/schema\/logo\/image\/"}}]}},"_links":{"self":[{"href":"https:\/\/global-hookah.com\/de\/wp-json\/wp\/v2\/product\/17295","targetHints":{"allow":["GET"]}}],"collection":[{"href":"https:\/\/global-hookah.com\/de\/wp-json\/wp\/v2\/product"}],"about":[{"href":"https:\/\/global-hookah.com\/de\/wp-json\/wp\/v2\/types\/product"}],"replies":[{"embeddable":true,"href":"https:\/\/global-hookah.com\/de\/wp-json\/wp\/v2\/comments?post=17295"}],"version-history":[{"count":0,"href":"https:\/\/global-hookah.com\/de\/wp-json\/wp\/v2\/product\/17295\/revisions"}],"wp:featuredmedia":[{"embeddable":true,"href":"https:\/\/global-hookah.com\/de\/wp-json\/wp\/v2\/media\/17300"}],"wp:attachment":[{"href":"https:\/\/global-hookah.com\/de\/wp-json\/wp\/v2\/media?parent=17295"}],"wp:term":[{"taxonomy":"product_brand","embeddable":true,"href":"https:\/\/global-hookah.com\/de\/wp-json\/wp\/v2\/product_brand?post=17295"},{"taxonomy":"product_cat","embeddable":true,"href":"https:\/\/global-hookah.com\/de\/wp-json\/wp\/v2\/product_cat?post=17295"},{"taxonomy":"product_tag","embeddable":true,"href":"https:\/\/global-hookah.com\/de\/wp-json\/wp\/v2\/product_tag?post=17295"}],"curies":[{"name":"wp","href":"https:\/\/api.w.org\/{rel}","templated":true}]}}