{"id":17325,"date":"2023-12-16T07:15:24","date_gmt":"2023-12-16T07:15:24","guid":{"rendered":"https:\/\/global-hookah.com\/?post_type=product&#038;p=17325"},"modified":"2024-01-12T03:51:25","modified_gmt":"2024-01-12T03:51:25","slug":"wholesale-imported-turkish-hookahs-with-middle-eastern-style","status":"publish","type":"product","link":"https:\/\/global-hookah.com\/de\/produkt\/wholesale-imported-turkish-hookahs-with-middle-eastern-style\/","title":{"rendered":"Gro\u00dfhandel importierte t\u00fcrkische Wasserpfeifen mit nah\u00f6stlichem Stil"},"content":{"rendered":"<p>Wir <strong>Gro\u00dfhandel eine gro\u00dfe Auswahl an qualitativ hochwertigen t\u00fcrkischen Wasserpfeifen<\/strong>alle mit orientalischen Merkmalen und leuchtenden Farben<br \/>\nDiese Wasserpfeifen sind aus hochwertigem Edelstahl gefertigt und im traditionellen persischen Stil gestaltet, so dass Sie das ultimative Raucherlebnis genie\u00dfen k\u00f6nnen.<\/p>\n<p>Merkmale:<\/p>\n<p>Transparenter Glastank, Sie k\u00f6nnen den aufsteigenden Rauch beobachten<br \/>\nMehrere Farben verf\u00fcgbar, um verschiedenen Vorlieben gerecht zu werden<br \/>\nEinzigartige Form mit starkem nah\u00f6stlichen Stil<br \/>\nDie gesamte Wasserpfeife ist komplett handgefertigt aus Glas und Messing<br \/>\nJedes Teil wird sorgf\u00e4ltig nach alter Handwerkskunst hergestellt<br \/>\nEinzigartige handgeschnitzte Handwerkskunst, voller ethnischer Br\u00e4uche<br \/>\nDer Raucheffekt ist herausragend und das Raucherlebnis ist extrem sanft.<\/p>\n<p>Anwendbare Szene:<br \/>\nBars, Restaurants, Nachtclubs, Heimgebrauch usw. Als Dekoration verleiht er eine orientalisch-klassische, \u00e4sthetische Atmosph\u00e4re. Auch geeignet f\u00fcr <a href=\"https:\/\/global-hookah.com\/product-category\/wholesale-hookah\/\">Wasserpfeife Gro\u00dfhandel Lieferanten<\/a> oder Vertreibern.<\/p>","protected":false},"excerpt":{"rendered":"<p>Wir Gro\u00dfhandel eine gro\u00dfe Auswahl an hochwertigen t\u00fcrkischen Stil Wasserpfeifen, die alle mit nah\u00f6stlichen Funktionen und brillanten Farben Diese<\/p>","protected":false},"featured_media":17327,"comment_status":"open","ping_status":"closed","template":"","meta":{"iawp_total_views":15,"_joinchat":[]},"product_brand":[],"product_cat":[560,119],"product_tag":[],"class_list":{"0":"post-17325","1":"product","2":"type-product","3":"status-publish","4":"has-post-thumbnail","6":"product_cat-glass-hookah-wholesale","7":"product_cat-wholesale-hookah","9":"first","10":"instock","11":"shipping-taxable","12":"product-type-external"},"yoast_head":"<!-- This site is optimized with the Yoast SEO Premium plugin v24.7 (Yoast SEO v26.8) - https:\/\/yoast.com\/product\/yoast-seo-premium-wordpress\/ -->\n<title>Wholesale Imported Turkish Hookahs with Middle Eastern Style - Global Hookah<\/title>\n<meta name=\"robots\" content=\"index, follow, max-snippet:-1, max-image-preview:large, max-video-preview:-1\" \/>\n<link rel=\"canonical\" href=\"https:\/\/global-hookah.com\/de\/ru\/\u043f\u0440\u043e\u0434\u0443\u043a\u0442\/\u043e\u043f\u0442\u043e\u0432\u044b\u0435-\u0438\u043c\u043f\u043e\u0440\u0442\u043d\u044b\u0435-\u0442\u0443\u0440\u0435\u0446\u043a\u0438\u0435-\u043a\u0430\u043b\u044c\u044f\u043d\u044b-\u0432\/\" \/>\n<meta property=\"og:locale\" content=\"de_DE\" \/>\n<meta property=\"og:type\" content=\"article\" \/>\n<meta property=\"og:title\" content=\"Wholesale Imported Turkish Hookahs with Middle Eastern Style\" \/>\n<meta property=\"og:description\" content=\"We wholesale a large range of high quality Turkish style hookahs, all with Middle Eastern features and brilliant colors These\" \/>\n<meta property=\"og:url\" content=\"https:\/\/global-hookah.com\/de\/ru\/\u043f\u0440\u043e\u0434\u0443\u043a\u0442\/\u043e\u043f\u0442\u043e\u0432\u044b\u0435-\u0438\u043c\u043f\u043e\u0440\u0442\u043d\u044b\u0435-\u0442\u0443\u0440\u0435\u0446\u043a\u0438\u0435-\u043a\u0430\u043b\u044c\u044f\u043d\u044b-\u0432\/\" \/>\n<meta property=\"og:site_name\" content=\"Global Hookah\" \/>\n<meta property=\"article:modified_time\" content=\"2024-01-12T03:51:25+00:00\" \/>\n<meta property=\"og:image\" content=\"https:\/\/global-hookah.com\/wp-content\/uploads\/2023\/12\/\u4e3b\u56fe-08.jpg\" \/>\n\t<meta property=\"og:image:width\" content=\"1000\" \/>\n\t<meta property=\"og:image:height\" content=\"1000\" \/>\n\t<meta property=\"og:image:type\" content=\"image\/jpeg\" \/>\n<meta name=\"twitter:card\" content=\"summary_large_image\" \/>\n<meta name=\"twitter:label1\" content=\"Gesch\u00e4tzte Lesezeit\" \/>\n\t<meta name=\"twitter:data1\" content=\"1\u00a0Minute\" \/>\n<script type=\"application\/ld+json\" class=\"yoast-schema-graph\">{\"@context\":\"https:\/\/schema.org\",\"@graph\":[{\"@type\":\"WebPage\",\"@id\":\"https:\/\/global-hookah.com\/ru\/\u043f\u0440\u043e\u0434\u0443\u043a\u0442\/%d0%be%d0%bf%d1%82%d0%be%d0%b2%d1%8b%d0%b5-%d0%b8%d0%bc%d0%bf%d0%be%d1%80%d1%82%d0%bd%d1%8b%d0%b5-%d1%82%d1%83%d1%80%d0%b5%d1%86%d0%ba%d0%b8%d0%b5-%d0%ba%d0%b0%d0%bb%d1%8c%d1%8f%d0%bd%d1%8b-%d0%b2\/\",\"url\":\"https:\/\/global-hookah.com\/ru\/\u043f\u0440\u043e\u0434\u0443\u043a\u0442\/%d0%be%d0%bf%d1%82%d0%be%d0%b2%d1%8b%d0%b5-%d0%b8%d0%bc%d0%bf%d0%be%d1%80%d1%82%d0%bd%d1%8b%d0%b5-%d1%82%d1%83%d1%80%d0%b5%d1%86%d0%ba%d0%b8%d0%b5-%d0%ba%d0%b0%d0%bb%d1%8c%d1%8f%d0%bd%d1%8b-%d0%b2\/\",\"name\":\"Wholesale Imported Turkish Hookahs with Middle Eastern Style - Global Hookah\",\"isPartOf\":{\"@id\":\"https:\/\/global-hookah.com\/#website\"},\"primaryImageOfPage\":{\"@id\":\"https:\/\/global-hookah.com\/ru\/\u043f\u0440\u043e\u0434\u0443\u043a\u0442\/%d0%be%d0%bf%d1%82%d0%be%d0%b2%d1%8b%d0%b5-%d0%b8%d0%bc%d0%bf%d0%be%d1%80%d1%82%d0%bd%d1%8b%d0%b5-%d1%82%d1%83%d1%80%d0%b5%d1%86%d0%ba%d0%b8%d0%b5-%d0%ba%d0%b0%d0%bb%d1%8c%d1%8f%d0%bd%d1%8b-%d0%b2\/#primaryimage\"},\"image\":{\"@id\":\"https:\/\/global-hookah.com\/ru\/\u043f\u0440\u043e\u0434\u0443\u043a\u0442\/%d0%be%d0%bf%d1%82%d0%be%d0%b2%d1%8b%d0%b5-%d0%b8%d0%bc%d0%bf%d0%be%d1%80%d1%82%d0%bd%d1%8b%d0%b5-%d1%82%d1%83%d1%80%d0%b5%d1%86%d0%ba%d0%b8%d0%b5-%d0%ba%d0%b0%d0%bb%d1%8c%d1%8f%d0%bd%d1%8b-%d0%b2\/#primaryimage\"},\"thumbnailUrl\":\"https:\/\/global-hookah.com\/wp-content\/uploads\/2023\/12\/\u4e3b\u56fe-08.jpg\",\"datePublished\":\"2023-12-16T07:15:24+00:00\",\"dateModified\":\"2024-01-12T03:51:25+00:00\",\"breadcrumb\":{\"@id\":\"https:\/\/global-hookah.com\/ru\/\u043f\u0440\u043e\u0434\u0443\u043a\u0442\/%d0%be%d0%bf%d1%82%d0%be%d0%b2%d1%8b%d0%b5-%d0%b8%d0%bc%d0%bf%d0%be%d1%80%d1%82%d0%bd%d1%8b%d0%b5-%d1%82%d1%83%d1%80%d0%b5%d1%86%d0%ba%d0%b8%d0%b5-%d0%ba%d0%b0%d0%bb%d1%8c%d1%8f%d0%bd%d1%8b-%d0%b2\/#breadcrumb\"},\"inLanguage\":\"de\",\"potentialAction\":[{\"@type\":\"ReadAction\",\"target\":[\"https:\/\/global-hookah.com\/ru\/\u043f\u0440\u043e\u0434\u0443\u043a\u0442\/%d0%be%d0%bf%d1%82%d0%be%d0%b2%d1%8b%d0%b5-%d0%b8%d0%bc%d0%bf%d0%be%d1%80%d1%82%d0%bd%d1%8b%d0%b5-%d1%82%d1%83%d1%80%d0%b5%d1%86%d0%ba%d0%b8%d0%b5-%d0%ba%d0%b0%d0%bb%d1%8c%d1%8f%d0%bd%d1%8b-%d0%b2\/\"]}]},{\"@type\":\"ImageObject\",\"inLanguage\":\"de\",\"@id\":\"https:\/\/global-hookah.com\/ru\/\u043f\u0440\u043e\u0434\u0443\u043a\u0442\/%d0%be%d0%bf%d1%82%d0%be%d0%b2%d1%8b%d0%b5-%d0%b8%d0%bc%d0%bf%d0%be%d1%80%d1%82%d0%bd%d1%8b%d0%b5-%d1%82%d1%83%d1%80%d0%b5%d1%86%d0%ba%d0%b8%d0%b5-%d0%ba%d0%b0%d0%bb%d1%8c%d1%8f%d0%bd%d1%8b-%d0%b2\/#primaryimage\",\"url\":\"https:\/\/global-hookah.com\/wp-content\/uploads\/2023\/12\/\u4e3b\u56fe-08.jpg\",\"contentUrl\":\"https:\/\/global-hookah.com\/wp-content\/uploads\/2023\/12\/\u4e3b\u56fe-08.jpg\",\"width\":1000,\"height\":1000,\"caption\":\"Wholesale Imported Turkish Hookahs with Middle Eastern Style\"},{\"@type\":\"BreadcrumbList\",\"@id\":\"https:\/\/global-hookah.com\/ru\/\u043f\u0440\u043e\u0434\u0443\u043a\u0442\/%d0%be%d0%bf%d1%82%d0%be%d0%b2%d1%8b%d0%b5-%d0%b8%d0%bc%d0%bf%d0%be%d1%80%d1%82%d0%bd%d1%8b%d0%b5-%d1%82%d1%83%d1%80%d0%b5%d1%86%d0%ba%d0%b8%d0%b5-%d0%ba%d0%b0%d0%bb%d1%8c%d1%8f%d0%bd%d1%8b-%d0%b2\/#breadcrumb\",\"itemListElement\":[{\"@type\":\"ListItem\",\"position\":1,\"name\":\"Home\",\"item\":\"https:\/\/global-hookah.com\/\"},{\"@type\":\"ListItem\",\"position\":2,\"name\":\"Shop\",\"item\":\"https:\/\/global-hookah.com\/shop\/\"},{\"@type\":\"ListItem\",\"position\":3,\"name\":\"Wholesale Imported Turkish Hookahs with Middle Eastern Style\"}]},{\"@type\":\"WebSite\",\"@id\":\"https:\/\/global-hookah.com\/#website\",\"url\":\"https:\/\/global-hookah.com\/\",\"name\":\"Global Hookah\",\"description\":\"Global Hookah\",\"publisher\":{\"@id\":\"https:\/\/global-hookah.com\/#organization\"},\"potentialAction\":[{\"@type\":\"SearchAction\",\"target\":{\"@type\":\"EntryPoint\",\"urlTemplate\":\"https:\/\/global-hookah.com\/?s={search_term_string}\"},\"query-input\":{\"@type\":\"PropertyValueSpecification\",\"valueRequired\":true,\"valueName\":\"search_term_string\"}}],\"inLanguage\":\"de\"},{\"@type\":\"Organization\",\"@id\":\"https:\/\/global-hookah.com\/#organization\",\"name\":\"Global Hookah\",\"url\":\"https:\/\/global-hookah.com\/\",\"logo\":{\"@type\":\"ImageObject\",\"inLanguage\":\"de\",\"@id\":\"https:\/\/global-hookah.com\/#\/schema\/logo\/image\/\",\"url\":\"https:\/\/global-hookah.com\/wp-content\/uploads\/2021\/10\/cropped-fgg.png\",\"contentUrl\":\"https:\/\/global-hookah.com\/wp-content\/uploads\/2021\/10\/cropped-fgg.png\",\"width\":512,\"height\":512,\"caption\":\"Global Hookah\"},\"image\":{\"@id\":\"https:\/\/global-hookah.com\/#\/schema\/logo\/image\/\"}}]}<\/script>\n<!-- \/ Yoast SEO Premium plugin. -->","yoast_head_json":{"title":"Gro\u00dfhandel importierte t\u00fcrkische Wasserpfeifen mit nah\u00f6stlichem Stil - Global Hookah","robots":{"index":"index","follow":"follow","max-snippet":"max-snippet:-1","max-image-preview":"max-image-preview:large","max-video-preview":"max-video-preview:-1"},"canonical":"https:\/\/global-hookah.com\/de\/ru\/\u043f\u0440\u043e\u0434\u0443\u043a\u0442\/\u043e\u043f\u0442\u043e\u0432\u044b\u0435-\u0438\u043c\u043f\u043e\u0440\u0442\u043d\u044b\u0435-\u0442\u0443\u0440\u0435\u0446\u043a\u0438\u0435-\u043a\u0430\u043b\u044c\u044f\u043d\u044b-\u0432\/","og_locale":"de_DE","og_type":"article","og_title":"Wholesale Imported Turkish Hookahs with Middle Eastern Style","og_description":"We wholesale a large range of high quality Turkish style hookahs, all with Middle Eastern features and brilliant colors These","og_url":"https:\/\/global-hookah.com\/de\/ru\/\u043f\u0440\u043e\u0434\u0443\u043a\u0442\/\u043e\u043f\u0442\u043e\u0432\u044b\u0435-\u0438\u043c\u043f\u043e\u0440\u0442\u043d\u044b\u0435-\u0442\u0443\u0440\u0435\u0446\u043a\u0438\u0435-\u043a\u0430\u043b\u044c\u044f\u043d\u044b-\u0432\/","og_site_name":"Global Hookah","article_modified_time":"2024-01-12T03:51:25+00:00","og_image":[{"width":1000,"height":1000,"url":"https:\/\/global-hookah.com\/wp-content\/uploads\/2023\/12\/\u4e3b\u56fe-08.jpg","type":"image\/jpeg"}],"twitter_card":"summary_large_image","twitter_misc":{"Gesch\u00e4tzte Lesezeit":"1\u00a0Minute"},"schema":{"@context":"https:\/\/schema.org","@graph":[{"@type":"WebPage","@id":"https:\/\/global-hookah.com\/ru\/\u043f\u0440\u043e\u0434\u0443\u043a\u0442\/%d0%be%d0%bf%d1%82%d0%be%d0%b2%d1%8b%d0%b5-%d0%b8%d0%bc%d0%bf%d0%be%d1%80%d1%82%d0%bd%d1%8b%d0%b5-%d1%82%d1%83%d1%80%d0%b5%d1%86%d0%ba%d0%b8%d0%b5-%d0%ba%d0%b0%d0%bb%d1%8c%d1%8f%d0%bd%d1%8b-%d0%b2\/","url":"https:\/\/global-hookah.com\/ru\/\u043f\u0440\u043e\u0434\u0443\u043a\u0442\/%d0%be%d0%bf%d1%82%d0%be%d0%b2%d1%8b%d0%b5-%d0%b8%d0%bc%d0%bf%d0%be%d1%80%d1%82%d0%bd%d1%8b%d0%b5-%d1%82%d1%83%d1%80%d0%b5%d1%86%d0%ba%d0%b8%d0%b5-%d0%ba%d0%b0%d0%bb%d1%8c%d1%8f%d0%bd%d1%8b-%d0%b2\/","name":"Gro\u00dfhandel importierte t\u00fcrkische Wasserpfeifen mit nah\u00f6stlichem Stil - Global Hookah","isPartOf":{"@id":"https:\/\/global-hookah.com\/#website"},"primaryImageOfPage":{"@id":"https:\/\/global-hookah.com\/ru\/\u043f\u0440\u043e\u0434\u0443\u043a\u0442\/%d0%be%d0%bf%d1%82%d0%be%d0%b2%d1%8b%d0%b5-%d0%b8%d0%bc%d0%bf%d0%be%d1%80%d1%82%d0%bd%d1%8b%d0%b5-%d1%82%d1%83%d1%80%d0%b5%d1%86%d0%ba%d0%b8%d0%b5-%d0%ba%d0%b0%d0%bb%d1%8c%d1%8f%d0%bd%d1%8b-%d0%b2\/#primaryimage"},"image":{"@id":"https:\/\/global-hookah.com\/ru\/\u043f\u0440\u043e\u0434\u0443\u043a\u0442\/%d0%be%d0%bf%d1%82%d0%be%d0%b2%d1%8b%d0%b5-%d0%b8%d0%bc%d0%bf%d0%be%d1%80%d1%82%d0%bd%d1%8b%d0%b5-%d1%82%d1%83%d1%80%d0%b5%d1%86%d0%ba%d0%b8%d0%b5-%d0%ba%d0%b0%d0%bb%d1%8c%d1%8f%d0%bd%d1%8b-%d0%b2\/#primaryimage"},"thumbnailUrl":"https:\/\/global-hookah.com\/wp-content\/uploads\/2023\/12\/\u4e3b\u56fe-08.jpg","datePublished":"2023-12-16T07:15:24+00:00","dateModified":"2024-01-12T03:51:25+00:00","breadcrumb":{"@id":"https:\/\/global-hookah.com\/ru\/\u043f\u0440\u043e\u0434\u0443\u043a\u0442\/%d0%be%d0%bf%d1%82%d0%be%d0%b2%d1%8b%d0%b5-%d0%b8%d0%bc%d0%bf%d0%be%d1%80%d1%82%d0%bd%d1%8b%d0%b5-%d1%82%d1%83%d1%80%d0%b5%d1%86%d0%ba%d0%b8%d0%b5-%d0%ba%d0%b0%d0%bb%d1%8c%d1%8f%d0%bd%d1%8b-%d0%b2\/#breadcrumb"},"inLanguage":"de","potentialAction":[{"@type":"ReadAction","target":["https:\/\/global-hookah.com\/ru\/\u043f\u0440\u043e\u0434\u0443\u043a\u0442\/%d0%be%d0%bf%d1%82%d0%be%d0%b2%d1%8b%d0%b5-%d0%b8%d0%bc%d0%bf%d0%be%d1%80%d1%82%d0%bd%d1%8b%d0%b5-%d1%82%d1%83%d1%80%d0%b5%d1%86%d0%ba%d0%b8%d0%b5-%d0%ba%d0%b0%d0%bb%d1%8c%d1%8f%d0%bd%d1%8b-%d0%b2\/"]}]},{"@type":"ImageObject","inLanguage":"de","@id":"https:\/\/global-hookah.com\/ru\/\u043f\u0440\u043e\u0434\u0443\u043a\u0442\/%d0%be%d0%bf%d1%82%d0%be%d0%b2%d1%8b%d0%b5-%d0%b8%d0%bc%d0%bf%d0%be%d1%80%d1%82%d0%bd%d1%8b%d0%b5-%d1%82%d1%83%d1%80%d0%b5%d1%86%d0%ba%d0%b8%d0%b5-%d0%ba%d0%b0%d0%bb%d1%8c%d1%8f%d0%bd%d1%8b-%d0%b2\/#primaryimage","url":"https:\/\/global-hookah.com\/wp-content\/uploads\/2023\/12\/\u4e3b\u56fe-08.jpg","contentUrl":"https:\/\/global-hookah.com\/wp-content\/uploads\/2023\/12\/\u4e3b\u56fe-08.jpg","width":1000,"height":1000,"caption":"Wholesale Imported Turkish Hookahs with Middle Eastern Style"},{"@type":"BreadcrumbList","@id":"https:\/\/global-hookah.com\/ru\/\u043f\u0440\u043e\u0434\u0443\u043a\u0442\/%d0%be%d0%bf%d1%82%d0%be%d0%b2%d1%8b%d0%b5-%d0%b8%d0%bc%d0%bf%d0%be%d1%80%d1%82%d0%bd%d1%8b%d0%b5-%d1%82%d1%83%d1%80%d0%b5%d1%86%d0%ba%d0%b8%d0%b5-%d0%ba%d0%b0%d0%bb%d1%8c%d1%8f%d0%bd%d1%8b-%d0%b2\/#breadcrumb","itemListElement":[{"@type":"ListItem","position":1,"name":"Home","item":"https:\/\/global-hookah.com\/"},{"@type":"ListItem","position":2,"name":"Shop","item":"https:\/\/global-hookah.com\/shop\/"},{"@type":"ListItem","position":3,"name":"Wholesale Imported Turkish Hookahs with Middle Eastern Style"}]},{"@type":"WebSite","@id":"https:\/\/global-hookah.com\/#website","url":"https:\/\/global-hookah.com\/","name":"Globale Wasserpfeife","description":"Globale Wasserpfeife","publisher":{"@id":"https:\/\/global-hookah.com\/#organization"},"potentialAction":[{"@type":"SearchAction","target":{"@type":"EntryPoint","urlTemplate":"https:\/\/global-hookah.com\/?s={search_term_string}"},"query-input":{"@type":"PropertyValueSpecification","valueRequired":true,"valueName":"search_term_string"}}],"inLanguage":"de"},{"@type":"Organization","@id":"https:\/\/global-hookah.com\/#organization","name":"Globale Wasserpfeife","url":"https:\/\/global-hookah.com\/","logo":{"@type":"ImageObject","inLanguage":"de","@id":"https:\/\/global-hookah.com\/#\/schema\/logo\/image\/","url":"https:\/\/global-hookah.com\/wp-content\/uploads\/2021\/10\/cropped-fgg.png","contentUrl":"https:\/\/global-hookah.com\/wp-content\/uploads\/2021\/10\/cropped-fgg.png","width":512,"height":512,"caption":"Global Hookah"},"image":{"@id":"https:\/\/global-hookah.com\/#\/schema\/logo\/image\/"}}]}},"_links":{"self":[{"href":"https:\/\/global-hookah.com\/de\/wp-json\/wp\/v2\/product\/17325","targetHints":{"allow":["GET"]}}],"collection":[{"href":"https:\/\/global-hookah.com\/de\/wp-json\/wp\/v2\/product"}],"about":[{"href":"https:\/\/global-hookah.com\/de\/wp-json\/wp\/v2\/types\/product"}],"replies":[{"embeddable":true,"href":"https:\/\/global-hookah.com\/de\/wp-json\/wp\/v2\/comments?post=17325"}],"version-history":[{"count":0,"href":"https:\/\/global-hookah.com\/de\/wp-json\/wp\/v2\/product\/17325\/revisions"}],"wp:featuredmedia":[{"embeddable":true,"href":"https:\/\/global-hookah.com\/de\/wp-json\/wp\/v2\/media\/17327"}],"wp:attachment":[{"href":"https:\/\/global-hookah.com\/de\/wp-json\/wp\/v2\/media?parent=17325"}],"wp:term":[{"taxonomy":"product_brand","embeddable":true,"href":"https:\/\/global-hookah.com\/de\/wp-json\/wp\/v2\/product_brand?post=17325"},{"taxonomy":"product_cat","embeddable":true,"href":"https:\/\/global-hookah.com\/de\/wp-json\/wp\/v2\/product_cat?post=17325"},{"taxonomy":"product_tag","embeddable":true,"href":"https:\/\/global-hookah.com\/de\/wp-json\/wp\/v2\/product_tag?post=17325"}],"curies":[{"name":"wp","href":"https:\/\/api.w.org\/{rel}","templated":true}]}}