{"id":17336,"date":"2023-12-16T07:19:13","date_gmt":"2023-12-16T07:19:13","guid":{"rendered":"https:\/\/global-hookah.com\/?post_type=product&#038;p=17336"},"modified":"2024-01-12T07:48:30","modified_gmt":"2024-01-12T07:48:30","slug":"wholesale-large-aluminum-alloy-hookahs-in-dubai-style","status":"publish","type":"product","link":"https:\/\/global-hookah.com\/de\/produkt\/wholesale-large-aluminum-alloy-hookahs-in-dubai-style\/","title":{"rendered":"Gro\u00dfhandel gro\u00dfe Aluminium-Legierung Hookahs in Dubai Stil"},"content":{"rendered":"<p>Diese stilvolle und <strong>praktische gro\u00dfe Wasserpfeife aus Aluminiumlegierung<\/strong> kombiniert die luxuri\u00f6se, moderne Atmosph\u00e4re Dubais und ist damit die beste Wahl f\u00fcr eine neue Generation von Freizeitrauchern.<\/p>\n<p>Produktmerkmale:<\/p>\n<p>Komplettes Set: Enth\u00e4lt eine Wasserpfeifenschale aus Metall, einen Wassertank aus Glas, 2 waschbare PVC-Schl\u00e4uche, eine Zange und alle Dichtungen.<br \/>\nModernes und minimalistisches Design: Sch\u00f6n und funktional, geteilte Doppelschlauch Design f\u00fcr doppeltes Vergn\u00fcgen mit Freunden.<br \/>\nHochwertige Materialien: Handgeblasener Glastank, haltbar und langlebig.<br \/>\nTragbar und leicht zu montieren: Schnell und einfach zu montieren \/ demontieren und zu reinigen. Tragbar f\u00fcr bequeme Lagerung und Transport.<br \/>\nBreite Anwendung: Geeignet f\u00fcr den Einsatz in Wohnungen, Bars, Clubs, Hochzeiten, Partys, im Freien, Caf\u00e9s, Familien, etc.<\/p>\n<p>Wir <a href=\"https:\/\/global-hookah.com\/product-category\/wholesale-hookah\/\">Gro\u00dfhandel alle Arten von Wasserpfeifen<\/a>Wenn Sie Interesse haben, k\u00f6nnen Sie uns gerne kontaktieren.<\/p>","protected":false},"excerpt":{"rendered":"<p>Diese stilvolle und praktische gro\u00dfe Aluminiumlegierung Wasserpfeife kombiniert die luxuri\u00f6se moderne Atmosph\u00e4re von Dubai, so dass es die beste Wahl<\/p>","protected":false},"featured_media":17340,"comment_status":"open","ping_status":"closed","template":"","meta":{"iawp_total_views":1,"_joinchat":[]},"product_brand":[],"product_cat":[560,559,119],"product_tag":[],"class_list":{"0":"post-17336","1":"product","2":"type-product","3":"status-publish","4":"has-post-thumbnail","6":"product_cat-glass-hookah-wholesale","7":"product_cat-portable-hookah-wholesale","8":"product_cat-wholesale-hookah","10":"first","11":"instock","12":"shipping-taxable","13":"product-type-external"},"yoast_head":"<!-- This site is optimized with the Yoast SEO Premium plugin v24.7 (Yoast SEO v26.8) - https:\/\/yoast.com\/product\/yoast-seo-premium-wordpress\/ -->\n<title>Wholesale Large Aluminum Alloy Hookahs in Dubai Style - Global Hookah<\/title>\n<meta name=\"robots\" content=\"index, follow, max-snippet:-1, max-image-preview:large, max-video-preview:-1\" \/>\n<link rel=\"canonical\" href=\"https:\/\/global-hookah.com\/de\/produkt\/groshandel-grose-aluminium-legierungs-hookahs-in-dubai-stil\/\" \/>\n<meta property=\"og:locale\" content=\"de_DE\" \/>\n<meta property=\"og:type\" content=\"article\" \/>\n<meta property=\"og:title\" content=\"Wholesale Large Aluminum Alloy Hookahs in Dubai Style\" \/>\n<meta property=\"og:description\" content=\"This stylish and practical large aluminum alloy hookah combines the luxurious modern atmosphere of Dubai, making it the best choice\" \/>\n<meta property=\"og:url\" content=\"https:\/\/global-hookah.com\/de\/produkt\/groshandel-grose-aluminium-legierungs-hookahs-in-dubai-stil\/\" \/>\n<meta property=\"og:site_name\" content=\"Global Hookah\" \/>\n<meta property=\"article:modified_time\" content=\"2024-01-12T07:48:30+00:00\" \/>\n<meta property=\"og:image\" content=\"https:\/\/global-hookah.com\/wp-content\/uploads\/2023\/12\/\u4e3b\u56fe-05-9.jpg\" \/>\n\t<meta property=\"og:image:width\" content=\"1000\" \/>\n\t<meta property=\"og:image:height\" content=\"1000\" \/>\n\t<meta property=\"og:image:type\" content=\"image\/jpeg\" \/>\n<meta name=\"twitter:card\" content=\"summary_large_image\" \/>\n<meta name=\"twitter:label1\" content=\"Gesch\u00e4tzte Lesezeit\" \/>\n\t<meta name=\"twitter:data1\" content=\"1\u00a0Minute\" \/>\n<script type=\"application\/ld+json\" class=\"yoast-schema-graph\">{\"@context\":\"https:\/\/schema.org\",\"@graph\":[{\"@type\":\"WebPage\",\"@id\":\"https:\/\/global-hookah.com\/de\/produkt\/groshandel-grose-aluminium-legierungs-hookahs-in-dubai-stil\/\",\"url\":\"https:\/\/global-hookah.com\/de\/produkt\/groshandel-grose-aluminium-legierungs-hookahs-in-dubai-stil\/\",\"name\":\"Wholesale Large Aluminum Alloy Hookahs in Dubai Style - Global Hookah\",\"isPartOf\":{\"@id\":\"https:\/\/global-hookah.com\/#website\"},\"primaryImageOfPage\":{\"@id\":\"https:\/\/global-hookah.com\/de\/produkt\/groshandel-grose-aluminium-legierungs-hookahs-in-dubai-stil\/#primaryimage\"},\"image\":{\"@id\":\"https:\/\/global-hookah.com\/de\/produkt\/groshandel-grose-aluminium-legierungs-hookahs-in-dubai-stil\/#primaryimage\"},\"thumbnailUrl\":\"https:\/\/global-hookah.com\/wp-content\/uploads\/2023\/12\/\u4e3b\u56fe-05-9.jpg\",\"datePublished\":\"2023-12-16T07:19:13+00:00\",\"dateModified\":\"2024-01-12T07:48:30+00:00\",\"breadcrumb\":{\"@id\":\"https:\/\/global-hookah.com\/de\/produkt\/groshandel-grose-aluminium-legierungs-hookahs-in-dubai-stil\/#breadcrumb\"},\"inLanguage\":\"de\",\"potentialAction\":[{\"@type\":\"ReadAction\",\"target\":[\"https:\/\/global-hookah.com\/de\/produkt\/groshandel-grose-aluminium-legierungs-hookahs-in-dubai-stil\/\"]}]},{\"@type\":\"ImageObject\",\"inLanguage\":\"de\",\"@id\":\"https:\/\/global-hookah.com\/de\/produkt\/groshandel-grose-aluminium-legierungs-hookahs-in-dubai-stil\/#primaryimage\",\"url\":\"https:\/\/global-hookah.com\/wp-content\/uploads\/2023\/12\/\u4e3b\u56fe-05-9.jpg\",\"contentUrl\":\"https:\/\/global-hookah.com\/wp-content\/uploads\/2023\/12\/\u4e3b\u56fe-05-9.jpg\",\"width\":1000,\"height\":1000,\"caption\":\"Wholesale Large Aluminum Alloy Hookahs in Dubai Style\"},{\"@type\":\"BreadcrumbList\",\"@id\":\"https:\/\/global-hookah.com\/de\/produkt\/groshandel-grose-aluminium-legierungs-hookahs-in-dubai-stil\/#breadcrumb\",\"itemListElement\":[{\"@type\":\"ListItem\",\"position\":1,\"name\":\"Home\",\"item\":\"https:\/\/global-hookah.com\/\"},{\"@type\":\"ListItem\",\"position\":2,\"name\":\"Shop\",\"item\":\"https:\/\/global-hookah.com\/shop\/\"},{\"@type\":\"ListItem\",\"position\":3,\"name\":\"Wholesale Large Aluminum Alloy Hookahs in Dubai Style\"}]},{\"@type\":\"WebSite\",\"@id\":\"https:\/\/global-hookah.com\/#website\",\"url\":\"https:\/\/global-hookah.com\/\",\"name\":\"Global Hookah\",\"description\":\"Global Hookah\",\"publisher\":{\"@id\":\"https:\/\/global-hookah.com\/#organization\"},\"potentialAction\":[{\"@type\":\"SearchAction\",\"target\":{\"@type\":\"EntryPoint\",\"urlTemplate\":\"https:\/\/global-hookah.com\/?s={search_term_string}\"},\"query-input\":{\"@type\":\"PropertyValueSpecification\",\"valueRequired\":true,\"valueName\":\"search_term_string\"}}],\"inLanguage\":\"de\"},{\"@type\":\"Organization\",\"@id\":\"https:\/\/global-hookah.com\/#organization\",\"name\":\"Global Hookah\",\"url\":\"https:\/\/global-hookah.com\/\",\"logo\":{\"@type\":\"ImageObject\",\"inLanguage\":\"de\",\"@id\":\"https:\/\/global-hookah.com\/#\/schema\/logo\/image\/\",\"url\":\"https:\/\/global-hookah.com\/wp-content\/uploads\/2021\/10\/cropped-fgg.png\",\"contentUrl\":\"https:\/\/global-hookah.com\/wp-content\/uploads\/2021\/10\/cropped-fgg.png\",\"width\":512,\"height\":512,\"caption\":\"Global Hookah\"},\"image\":{\"@id\":\"https:\/\/global-hookah.com\/#\/schema\/logo\/image\/\"}}]}<\/script>\n<!-- \/ Yoast SEO Premium plugin. -->","yoast_head_json":{"title":"Gro\u00dfhandel gro\u00dfe Aluminium-Legierung Hookahs in Dubai Stil - Global Hookah","robots":{"index":"index","follow":"follow","max-snippet":"max-snippet:-1","max-image-preview":"max-image-preview:large","max-video-preview":"max-video-preview:-1"},"canonical":"https:\/\/global-hookah.com\/de\/produkt\/groshandel-grose-aluminium-legierungs-hookahs-in-dubai-stil\/","og_locale":"de_DE","og_type":"article","og_title":"Wholesale Large Aluminum Alloy Hookahs in Dubai Style","og_description":"This stylish and practical large aluminum alloy hookah combines the luxurious modern atmosphere of Dubai, making it the best choice","og_url":"https:\/\/global-hookah.com\/de\/produkt\/groshandel-grose-aluminium-legierungs-hookahs-in-dubai-stil\/","og_site_name":"Global Hookah","article_modified_time":"2024-01-12T07:48:30+00:00","og_image":[{"width":1000,"height":1000,"url":"https:\/\/global-hookah.com\/wp-content\/uploads\/2023\/12\/\u4e3b\u56fe-05-9.jpg","type":"image\/jpeg"}],"twitter_card":"summary_large_image","twitter_misc":{"Gesch\u00e4tzte Lesezeit":"1\u00a0Minute"},"schema":{"@context":"https:\/\/schema.org","@graph":[{"@type":"WebPage","@id":"https:\/\/global-hookah.com\/de\/produkt\/groshandel-grose-aluminium-legierungs-hookahs-in-dubai-stil\/","url":"https:\/\/global-hookah.com\/de\/produkt\/groshandel-grose-aluminium-legierungs-hookahs-in-dubai-stil\/","name":"Gro\u00dfhandel gro\u00dfe Aluminium-Legierung Hookahs in Dubai Stil - Global Hookah","isPartOf":{"@id":"https:\/\/global-hookah.com\/#website"},"primaryImageOfPage":{"@id":"https:\/\/global-hookah.com\/de\/produkt\/groshandel-grose-aluminium-legierungs-hookahs-in-dubai-stil\/#primaryimage"},"image":{"@id":"https:\/\/global-hookah.com\/de\/produkt\/groshandel-grose-aluminium-legierungs-hookahs-in-dubai-stil\/#primaryimage"},"thumbnailUrl":"https:\/\/global-hookah.com\/wp-content\/uploads\/2023\/12\/\u4e3b\u56fe-05-9.jpg","datePublished":"2023-12-16T07:19:13+00:00","dateModified":"2024-01-12T07:48:30+00:00","breadcrumb":{"@id":"https:\/\/global-hookah.com\/de\/produkt\/groshandel-grose-aluminium-legierungs-hookahs-in-dubai-stil\/#breadcrumb"},"inLanguage":"de","potentialAction":[{"@type":"ReadAction","target":["https:\/\/global-hookah.com\/de\/produkt\/groshandel-grose-aluminium-legierungs-hookahs-in-dubai-stil\/"]}]},{"@type":"ImageObject","inLanguage":"de","@id":"https:\/\/global-hookah.com\/de\/produkt\/groshandel-grose-aluminium-legierungs-hookahs-in-dubai-stil\/#primaryimage","url":"https:\/\/global-hookah.com\/wp-content\/uploads\/2023\/12\/\u4e3b\u56fe-05-9.jpg","contentUrl":"https:\/\/global-hookah.com\/wp-content\/uploads\/2023\/12\/\u4e3b\u56fe-05-9.jpg","width":1000,"height":1000,"caption":"Wholesale Large Aluminum Alloy Hookahs in Dubai Style"},{"@type":"BreadcrumbList","@id":"https:\/\/global-hookah.com\/de\/produkt\/groshandel-grose-aluminium-legierungs-hookahs-in-dubai-stil\/#breadcrumb","itemListElement":[{"@type":"ListItem","position":1,"name":"Home","item":"https:\/\/global-hookah.com\/"},{"@type":"ListItem","position":2,"name":"Shop","item":"https:\/\/global-hookah.com\/shop\/"},{"@type":"ListItem","position":3,"name":"Wholesale Large Aluminum Alloy Hookahs in Dubai Style"}]},{"@type":"WebSite","@id":"https:\/\/global-hookah.com\/#website","url":"https:\/\/global-hookah.com\/","name":"Globale Wasserpfeife","description":"Globale Wasserpfeife","publisher":{"@id":"https:\/\/global-hookah.com\/#organization"},"potentialAction":[{"@type":"SearchAction","target":{"@type":"EntryPoint","urlTemplate":"https:\/\/global-hookah.com\/?s={search_term_string}"},"query-input":{"@type":"PropertyValueSpecification","valueRequired":true,"valueName":"search_term_string"}}],"inLanguage":"de"},{"@type":"Organization","@id":"https:\/\/global-hookah.com\/#organization","name":"Globale Wasserpfeife","url":"https:\/\/global-hookah.com\/","logo":{"@type":"ImageObject","inLanguage":"de","@id":"https:\/\/global-hookah.com\/#\/schema\/logo\/image\/","url":"https:\/\/global-hookah.com\/wp-content\/uploads\/2021\/10\/cropped-fgg.png","contentUrl":"https:\/\/global-hookah.com\/wp-content\/uploads\/2021\/10\/cropped-fgg.png","width":512,"height":512,"caption":"Global Hookah"},"image":{"@id":"https:\/\/global-hookah.com\/#\/schema\/logo\/image\/"}}]}},"_links":{"self":[{"href":"https:\/\/global-hookah.com\/de\/wp-json\/wp\/v2\/product\/17336","targetHints":{"allow":["GET"]}}],"collection":[{"href":"https:\/\/global-hookah.com\/de\/wp-json\/wp\/v2\/product"}],"about":[{"href":"https:\/\/global-hookah.com\/de\/wp-json\/wp\/v2\/types\/product"}],"replies":[{"embeddable":true,"href":"https:\/\/global-hookah.com\/de\/wp-json\/wp\/v2\/comments?post=17336"}],"version-history":[{"count":0,"href":"https:\/\/global-hookah.com\/de\/wp-json\/wp\/v2\/product\/17336\/revisions"}],"wp:featuredmedia":[{"embeddable":true,"href":"https:\/\/global-hookah.com\/de\/wp-json\/wp\/v2\/media\/17340"}],"wp:attachment":[{"href":"https:\/\/global-hookah.com\/de\/wp-json\/wp\/v2\/media?parent=17336"}],"wp:term":[{"taxonomy":"product_brand","embeddable":true,"href":"https:\/\/global-hookah.com\/de\/wp-json\/wp\/v2\/product_brand?post=17336"},{"taxonomy":"product_cat","embeddable":true,"href":"https:\/\/global-hookah.com\/de\/wp-json\/wp\/v2\/product_cat?post=17336"},{"taxonomy":"product_tag","embeddable":true,"href":"https:\/\/global-hookah.com\/de\/wp-json\/wp\/v2\/product_tag?post=17336"}],"curies":[{"name":"wp","href":"https:\/\/api.w.org\/{rel}","templated":true}]}}