{"id":17365,"date":"2023-12-16T07:35:48","date_gmt":"2023-12-16T07:35:48","guid":{"rendered":"https:\/\/global-hookah.com\/?post_type=product&#038;p=17365"},"modified":"2024-01-12T07:48:29","modified_gmt":"2024-01-12T07:48:29","slug":"fashion-car-hookah-wholesale","status":"publish","type":"product","link":"https:\/\/global-hookah.com\/de\/produkt\/fashion-car-hookah-wholesale\/","title":{"rendered":"Mode Auto Wasserpfeife Gro\u00dfhandel"},"content":{"rendered":"<p>Wenn Sie unterwegs entspannen und eine Shisha genie\u00dfen m\u00f6chten, ist ein <strong>tragbare Auto-Wasserpfeife<\/strong> ist Ihr bester Begleiter. Heute m\u00f6chte ich Ihnen dieses gro\u00dfartige tragbare Wasserpfeifenprodukt vorstellen - <strong>Mode Auto Wasserpfeife<\/strong>und erl\u00e4utern, wie sie im Einzelnen zu verwenden ist.<\/p>\n<p><strong>Produktmerkmale:<\/strong><\/p>\n<p>Ultrakompaktes Design: Die <strong>Mode <\/strong><strong>Auto Wasserpfeife<\/strong> ist nur 24 cm hoch und hat einen Durchmesser von 6,5 cm. Das kleine Volumen nimmt im Auto nur wenig Platz weg.<\/p>\n<p>Abnehmbar f\u00fcr die Reinigung<\/p>\n<p>HOCHWERTIGES MATERIAL: <strong>Mobile Wasserpfeife<\/strong> ist aus hochwertigem Edelstahl gefertigt, robust und langlebig. Der Innenraum ist aus Glas, das sicher und hygienisch ist.<\/p>\n<p>Speziell f\u00fcr das Auto: Die Autoladeschnittstelle ist so konzipiert, dass die Wasserpfeife ununterbrochen mit Strom versorgt wird, solange sie an den Aschenbecher im Auto angeschlossen ist.<\/p>\n<p>Multifunktionssteuerung: ausgestattet mit LED-Anzeigen und Ber\u00fchrungsschaltern, einfach zu bedienen.<\/p>\n<p>Wie zu verwenden:<\/p>\n<p>\u00d6ffnen Sie zun\u00e4chst die <strong>Reisehookah<\/strong> und f\u00fcllen Sie den Wassertank bis knapp unter das Logo. Du wirst drei Komponenten sehen - eine f\u00fcr den Tabak, eine f\u00fcr die Kohle und eine dekorative Abdeckung. Heute verwende ich Blaubeer-Minze-Tabak, meinen Lieblingsgeschmack.<\/p>\n<p>Zweitens, legen Sie den Tabakbeh\u00e4lter \u00fcber den Tabak, dann z\u00fcnden Sie die schnelle Kohle an. Nach dem Schlie\u00dfen der oberen Abdeckung k\u00f6nnen wir den Schlauch an die Wasserpfeife anschlie\u00dfen. Jetzt ist diese handliche <strong>Wasserpfeifen-Reiseset<\/strong> ist jederzeit einsatzbereit.<\/p>\n<p>Wenn Sie auch im Gro\u00dfhandel cool und praktisch sein wollen <strong>tragbare Auto-Wasserpfeifen<\/strong>k\u00f6nnen Sie \u00fcber meine Website bestellen <a href=\"https:\/\/global-hookah.com\/\">Globale Wasserpfeife<\/a>. Die Website hat auch viele weitere Wasserpfeife Sorten, f\u00fchlen sich frei zu kommen und zu erkunden.<\/p>","protected":false},"excerpt":{"rendered":"<p>Wenn Sie unterwegs entspannen und Shisha genie\u00dfen wollen, ist eine tragbare Wasserpfeife f\u00fcr das Auto Ihr bester Begleiter. Heute,<\/p>","protected":false},"featured_media":17367,"comment_status":"open","ping_status":"closed","template":"","meta":{"iawp_total_views":19,"_joinchat":[]},"product_brand":[],"product_cat":[559,119],"product_tag":[],"class_list":{"0":"post-17365","1":"product","2":"type-product","3":"status-publish","4":"has-post-thumbnail","6":"product_cat-portable-hookah-wholesale","7":"product_cat-wholesale-hookah","9":"first","10":"instock","11":"shipping-taxable","12":"product-type-external"},"yoast_head":"<!-- This site is optimized with the Yoast SEO Premium plugin v24.7 (Yoast SEO v26.8) - https:\/\/yoast.com\/product\/yoast-seo-premium-wordpress\/ -->\n<title>Fashion Car Hookah Wholesale - Global Hookah<\/title>\n<meta name=\"robots\" content=\"index, follow, max-snippet:-1, max-image-preview:large, max-video-preview:-1\" \/>\n<link rel=\"canonical\" href=\"https:\/\/global-hookah.com\/de\/produkt\/fashion-car-hookah-wholesale\/\" \/>\n<meta property=\"og:locale\" content=\"de_DE\" \/>\n<meta property=\"og:type\" content=\"article\" \/>\n<meta property=\"og:title\" content=\"Fashion Car Hookah Wholesale\" \/>\n<meta property=\"og:description\" content=\"When you want to relax and enjoy shisha on the road, a portable car hookah is your best companion. Today,\" \/>\n<meta property=\"og:url\" content=\"https:\/\/global-hookah.com\/de\/produkt\/fashion-car-hookah-wholesale\/\" \/>\n<meta property=\"og:site_name\" content=\"Global Hookah\" \/>\n<meta property=\"article:modified_time\" content=\"2024-01-12T07:48:29+00:00\" \/>\n<meta property=\"og:image\" content=\"https:\/\/global-hookah.com\/wp-content\/uploads\/2023\/12\/\u4e3b\u56fe-02-11.jpg\" \/>\n\t<meta property=\"og:image:width\" content=\"1000\" \/>\n\t<meta property=\"og:image:height\" content=\"1000\" \/>\n\t<meta property=\"og:image:type\" content=\"image\/jpeg\" \/>\n<meta name=\"twitter:card\" content=\"summary_large_image\" \/>\n<meta name=\"twitter:label1\" content=\"Gesch\u00e4tzte Lesezeit\" \/>\n\t<meta name=\"twitter:data1\" content=\"2\u00a0Minuten\" \/>\n<script type=\"application\/ld+json\" class=\"yoast-schema-graph\">{\"@context\":\"https:\/\/schema.org\",\"@graph\":[{\"@type\":\"WebPage\",\"@id\":\"https:\/\/global-hookah.com\/product\/fashion-car-hookah-wholesale\/\",\"url\":\"https:\/\/global-hookah.com\/product\/fashion-car-hookah-wholesale\/\",\"name\":\"Fashion Car Hookah Wholesale - Global Hookah\",\"isPartOf\":{\"@id\":\"https:\/\/global-hookah.com\/#website\"},\"primaryImageOfPage\":{\"@id\":\"https:\/\/global-hookah.com\/product\/fashion-car-hookah-wholesale\/#primaryimage\"},\"image\":{\"@id\":\"https:\/\/global-hookah.com\/product\/fashion-car-hookah-wholesale\/#primaryimage\"},\"thumbnailUrl\":\"https:\/\/global-hookah.com\/wp-content\/uploads\/2023\/12\/\u4e3b\u56fe-02-11.jpg\",\"datePublished\":\"2023-12-16T07:35:48+00:00\",\"dateModified\":\"2024-01-12T07:48:29+00:00\",\"breadcrumb\":{\"@id\":\"https:\/\/global-hookah.com\/product\/fashion-car-hookah-wholesale\/#breadcrumb\"},\"inLanguage\":\"de\",\"potentialAction\":[{\"@type\":\"ReadAction\",\"target\":[\"https:\/\/global-hookah.com\/product\/fashion-car-hookah-wholesale\/\"]}]},{\"@type\":\"ImageObject\",\"inLanguage\":\"de\",\"@id\":\"https:\/\/global-hookah.com\/product\/fashion-car-hookah-wholesale\/#primaryimage\",\"url\":\"https:\/\/global-hookah.com\/wp-content\/uploads\/2023\/12\/\u4e3b\u56fe-02-11.jpg\",\"contentUrl\":\"https:\/\/global-hookah.com\/wp-content\/uploads\/2023\/12\/\u4e3b\u56fe-02-11.jpg\",\"width\":1000,\"height\":1000,\"caption\":\"Fashion Car Hookah Wholesale\"},{\"@type\":\"BreadcrumbList\",\"@id\":\"https:\/\/global-hookah.com\/product\/fashion-car-hookah-wholesale\/#breadcrumb\",\"itemListElement\":[{\"@type\":\"ListItem\",\"position\":1,\"name\":\"Home\",\"item\":\"https:\/\/global-hookah.com\/\"},{\"@type\":\"ListItem\",\"position\":2,\"name\":\"Shop\",\"item\":\"https:\/\/global-hookah.com\/shop\/\"},{\"@type\":\"ListItem\",\"position\":3,\"name\":\"Fashion Car Hookah Wholesale\"}]},{\"@type\":\"WebSite\",\"@id\":\"https:\/\/global-hookah.com\/#website\",\"url\":\"https:\/\/global-hookah.com\/\",\"name\":\"Global Hookah\",\"description\":\"Global Hookah\",\"publisher\":{\"@id\":\"https:\/\/global-hookah.com\/#organization\"},\"potentialAction\":[{\"@type\":\"SearchAction\",\"target\":{\"@type\":\"EntryPoint\",\"urlTemplate\":\"https:\/\/global-hookah.com\/?s={search_term_string}\"},\"query-input\":{\"@type\":\"PropertyValueSpecification\",\"valueRequired\":true,\"valueName\":\"search_term_string\"}}],\"inLanguage\":\"de\"},{\"@type\":\"Organization\",\"@id\":\"https:\/\/global-hookah.com\/#organization\",\"name\":\"Global Hookah\",\"url\":\"https:\/\/global-hookah.com\/\",\"logo\":{\"@type\":\"ImageObject\",\"inLanguage\":\"de\",\"@id\":\"https:\/\/global-hookah.com\/#\/schema\/logo\/image\/\",\"url\":\"https:\/\/global-hookah.com\/wp-content\/uploads\/2021\/10\/cropped-fgg.png\",\"contentUrl\":\"https:\/\/global-hookah.com\/wp-content\/uploads\/2021\/10\/cropped-fgg.png\",\"width\":512,\"height\":512,\"caption\":\"Global Hookah\"},\"image\":{\"@id\":\"https:\/\/global-hookah.com\/#\/schema\/logo\/image\/\"}}]}<\/script>\n<!-- \/ Yoast SEO Premium plugin. -->","yoast_head_json":{"title":"Mode Auto Wasserpfeife Gro\u00dfhandel - Global Hookah","robots":{"index":"index","follow":"follow","max-snippet":"max-snippet:-1","max-image-preview":"max-image-preview:large","max-video-preview":"max-video-preview:-1"},"canonical":"https:\/\/global-hookah.com\/de\/produkt\/fashion-car-hookah-wholesale\/","og_locale":"de_DE","og_type":"article","og_title":"Fashion Car Hookah Wholesale","og_description":"When you want to relax and enjoy shisha on the road, a portable car hookah is your best companion. Today,","og_url":"https:\/\/global-hookah.com\/de\/produkt\/fashion-car-hookah-wholesale\/","og_site_name":"Global Hookah","article_modified_time":"2024-01-12T07:48:29+00:00","og_image":[{"width":1000,"height":1000,"url":"https:\/\/global-hookah.com\/wp-content\/uploads\/2023\/12\/\u4e3b\u56fe-02-11.jpg","type":"image\/jpeg"}],"twitter_card":"summary_large_image","twitter_misc":{"Gesch\u00e4tzte Lesezeit":"2\u00a0Minuten"},"schema":{"@context":"https:\/\/schema.org","@graph":[{"@type":"WebPage","@id":"https:\/\/global-hookah.com\/product\/fashion-car-hookah-wholesale\/","url":"https:\/\/global-hookah.com\/product\/fashion-car-hookah-wholesale\/","name":"Mode Auto Wasserpfeife Gro\u00dfhandel - Global Hookah","isPartOf":{"@id":"https:\/\/global-hookah.com\/#website"},"primaryImageOfPage":{"@id":"https:\/\/global-hookah.com\/product\/fashion-car-hookah-wholesale\/#primaryimage"},"image":{"@id":"https:\/\/global-hookah.com\/product\/fashion-car-hookah-wholesale\/#primaryimage"},"thumbnailUrl":"https:\/\/global-hookah.com\/wp-content\/uploads\/2023\/12\/\u4e3b\u56fe-02-11.jpg","datePublished":"2023-12-16T07:35:48+00:00","dateModified":"2024-01-12T07:48:29+00:00","breadcrumb":{"@id":"https:\/\/global-hookah.com\/product\/fashion-car-hookah-wholesale\/#breadcrumb"},"inLanguage":"de","potentialAction":[{"@type":"ReadAction","target":["https:\/\/global-hookah.com\/product\/fashion-car-hookah-wholesale\/"]}]},{"@type":"ImageObject","inLanguage":"de","@id":"https:\/\/global-hookah.com\/product\/fashion-car-hookah-wholesale\/#primaryimage","url":"https:\/\/global-hookah.com\/wp-content\/uploads\/2023\/12\/\u4e3b\u56fe-02-11.jpg","contentUrl":"https:\/\/global-hookah.com\/wp-content\/uploads\/2023\/12\/\u4e3b\u56fe-02-11.jpg","width":1000,"height":1000,"caption":"Fashion Car Hookah Wholesale"},{"@type":"BreadcrumbList","@id":"https:\/\/global-hookah.com\/product\/fashion-car-hookah-wholesale\/#breadcrumb","itemListElement":[{"@type":"ListItem","position":1,"name":"Home","item":"https:\/\/global-hookah.com\/"},{"@type":"ListItem","position":2,"name":"Shop","item":"https:\/\/global-hookah.com\/shop\/"},{"@type":"ListItem","position":3,"name":"Fashion Car Hookah Wholesale"}]},{"@type":"WebSite","@id":"https:\/\/global-hookah.com\/#website","url":"https:\/\/global-hookah.com\/","name":"Globale Wasserpfeife","description":"Globale Wasserpfeife","publisher":{"@id":"https:\/\/global-hookah.com\/#organization"},"potentialAction":[{"@type":"SearchAction","target":{"@type":"EntryPoint","urlTemplate":"https:\/\/global-hookah.com\/?s={search_term_string}"},"query-input":{"@type":"PropertyValueSpecification","valueRequired":true,"valueName":"search_term_string"}}],"inLanguage":"de"},{"@type":"Organization","@id":"https:\/\/global-hookah.com\/#organization","name":"Globale Wasserpfeife","url":"https:\/\/global-hookah.com\/","logo":{"@type":"ImageObject","inLanguage":"de","@id":"https:\/\/global-hookah.com\/#\/schema\/logo\/image\/","url":"https:\/\/global-hookah.com\/wp-content\/uploads\/2021\/10\/cropped-fgg.png","contentUrl":"https:\/\/global-hookah.com\/wp-content\/uploads\/2021\/10\/cropped-fgg.png","width":512,"height":512,"caption":"Global Hookah"},"image":{"@id":"https:\/\/global-hookah.com\/#\/schema\/logo\/image\/"}}]}},"_links":{"self":[{"href":"https:\/\/global-hookah.com\/de\/wp-json\/wp\/v2\/product\/17365","targetHints":{"allow":["GET"]}}],"collection":[{"href":"https:\/\/global-hookah.com\/de\/wp-json\/wp\/v2\/product"}],"about":[{"href":"https:\/\/global-hookah.com\/de\/wp-json\/wp\/v2\/types\/product"}],"replies":[{"embeddable":true,"href":"https:\/\/global-hookah.com\/de\/wp-json\/wp\/v2\/comments?post=17365"}],"version-history":[{"count":0,"href":"https:\/\/global-hookah.com\/de\/wp-json\/wp\/v2\/product\/17365\/revisions"}],"wp:featuredmedia":[{"embeddable":true,"href":"https:\/\/global-hookah.com\/de\/wp-json\/wp\/v2\/media\/17367"}],"wp:attachment":[{"href":"https:\/\/global-hookah.com\/de\/wp-json\/wp\/v2\/media?parent=17365"}],"wp:term":[{"taxonomy":"product_brand","embeddable":true,"href":"https:\/\/global-hookah.com\/de\/wp-json\/wp\/v2\/product_brand?post=17365"},{"taxonomy":"product_cat","embeddable":true,"href":"https:\/\/global-hookah.com\/de\/wp-json\/wp\/v2\/product_cat?post=17365"},{"taxonomy":"product_tag","embeddable":true,"href":"https:\/\/global-hookah.com\/de\/wp-json\/wp\/v2\/product_tag?post=17365"}],"curies":[{"name":"wp","href":"https:\/\/api.w.org\/{rel}","templated":true}]}}