{"id":18180,"date":"2023-12-31T04:05:09","date_gmt":"2023-12-31T04:05:09","guid":{"rendered":"https:\/\/global-hookah.com\/?post_type=product&#038;p=18180"},"modified":"2024-01-03T01:29:49","modified_gmt":"2024-01-03T01:29:49","slug":"10-2inches-social-glass-bong-wholesale","status":"publish","type":"product","link":"https:\/\/global-hookah.com\/de\/produkt\/10-2inches-social-glass-bong-wholesale\/","title":{"rendered":"10,2 Zoll Sozial Glas Bong Gro\u00dfhandel"},"content":{"rendered":"<p><strong>10,2 Zoll Sozial Glas Bong<\/strong> das \u00c4u\u00dfere hat lila Akzente, die ihm eine handgefertigte \u00c4sthetik verleihen<\/p>\n<p>Das klare Glas erm\u00f6glicht es Ihnen, die sanften Schl\u00e4ge visuell zu genie\u00dfen, w\u00e4hrend Sie Kr\u00e4uter oder Tabak darin genie\u00dfen.<\/p>\n<p><strong>10,2 Zoll Sozial Glas Bong<\/strong> verf\u00fcgt au\u00dferdem \u00fcber einen luftdichten Verschluss, der sicherstellt, dass kein Rauch verschwendet wird und jeder Zug so angenehm ist wie der letzte.<\/p>\n<p><strong>Soziale Glas-Bong's<\/strong> Mehrere Diffusions\u00f6ffnungen sorgen f\u00fcr eine hervorragende Filterung und K\u00fchlung f\u00fcr eine reibungslose, angenehme Session<\/p>\n<p>Das Mehrkammerdesign mit Perkolatoren erm\u00f6glicht sanfte, befriedigende gemeinsame Z\u00fcge mit Freunden.<\/p>\n<p>Die gerade \u00d6ffnung der Schale erleichtert das Einf\u00fcllen von Eisw\u00fcrfeln und ist zudem leicht zu reinigen und zu pflegen.<\/p>","protected":false},"excerpt":{"rendered":"<p>10,2 Zoll Social Glass Bong Au\u00dfen hat lila Akzente, die es eine handgefertigte \u00c4sthetik gibt Das klare Glas l\u00e4sst Sie<\/p>","protected":false},"featured_media":18182,"comment_status":"open","ping_status":"closed","template":"","meta":{"iawp_total_views":4,"_joinchat":[]},"product_brand":[],"product_cat":[535],"product_tag":[],"class_list":{"0":"post-18180","1":"product","2":"type-product","3":"status-publish","4":"has-post-thumbnail","6":"product_cat-wholesale-glass-bong","8":"first","9":"instock","10":"shipping-taxable","11":"product-type-external"},"yoast_head":"<!-- This site is optimized with the Yoast SEO Premium plugin v24.7 (Yoast SEO v26.8) - https:\/\/yoast.com\/product\/yoast-seo-premium-wordpress\/ -->\n<title>10.2 inches Social Glass Bong Wholesale - Global Hookah<\/title>\n<meta name=\"robots\" content=\"index, follow, max-snippet:-1, max-image-preview:large, max-video-preview:-1\" \/>\n<link rel=\"canonical\" href=\"https:\/\/global-hookah.com\/de\/produkt\/10-2inches-social-glass-bong-wholesale\/\" \/>\n<meta property=\"og:locale\" content=\"de_DE\" \/>\n<meta property=\"og:type\" content=\"article\" \/>\n<meta property=\"og:title\" content=\"10.2 inches Social Glass Bong Wholesale\" \/>\n<meta property=\"og:description\" content=\"10.2 inches Social Glass Bong exterior has purple accents which gives it a handmade aesthetic The clear glass lets you\" \/>\n<meta property=\"og:url\" content=\"https:\/\/global-hookah.com\/de\/produkt\/10-2inches-social-glass-bong-wholesale\/\" \/>\n<meta property=\"og:site_name\" content=\"Global Hookah\" \/>\n<meta property=\"article:modified_time\" content=\"2024-01-03T01:29:49+00:00\" \/>\n<meta property=\"og:image\" content=\"https:\/\/global-hookah.com\/wp-content\/uploads\/2023\/12\/\u4e3b\u56fe-01-2-1.jpg\" \/>\n\t<meta property=\"og:image:width\" content=\"800\" \/>\n\t<meta property=\"og:image:height\" content=\"800\" \/>\n\t<meta property=\"og:image:type\" content=\"image\/png\" \/>\n<meta name=\"twitter:card\" content=\"summary_large_image\" \/>\n<meta name=\"twitter:label1\" content=\"Gesch\u00e4tzte Lesezeit\" \/>\n\t<meta name=\"twitter:data1\" content=\"1\u00a0Minute\" \/>\n<script type=\"application\/ld+json\" class=\"yoast-schema-graph\">{\"@context\":\"https:\/\/schema.org\",\"@graph\":[{\"@type\":\"WebPage\",\"@id\":\"https:\/\/global-hookah.com\/product\/10-2inches-social-glass-bong-wholesale\/\",\"url\":\"https:\/\/global-hookah.com\/product\/10-2inches-social-glass-bong-wholesale\/\",\"name\":\"10.2 inches Social Glass Bong Wholesale - Global Hookah\",\"isPartOf\":{\"@id\":\"https:\/\/global-hookah.com\/#website\"},\"primaryImageOfPage\":{\"@id\":\"https:\/\/global-hookah.com\/product\/10-2inches-social-glass-bong-wholesale\/#primaryimage\"},\"image\":{\"@id\":\"https:\/\/global-hookah.com\/product\/10-2inches-social-glass-bong-wholesale\/#primaryimage\"},\"thumbnailUrl\":\"https:\/\/global-hookah.com\/wp-content\/uploads\/2023\/12\/\u4e3b\u56fe-01-2-1.jpg\",\"datePublished\":\"2023-12-31T04:05:09+00:00\",\"dateModified\":\"2024-01-03T01:29:49+00:00\",\"breadcrumb\":{\"@id\":\"https:\/\/global-hookah.com\/product\/10-2inches-social-glass-bong-wholesale\/#breadcrumb\"},\"inLanguage\":\"de\",\"potentialAction\":[{\"@type\":\"ReadAction\",\"target\":[\"https:\/\/global-hookah.com\/product\/10-2inches-social-glass-bong-wholesale\/\"]}]},{\"@type\":\"ImageObject\",\"inLanguage\":\"de\",\"@id\":\"https:\/\/global-hookah.com\/product\/10-2inches-social-glass-bong-wholesale\/#primaryimage\",\"url\":\"https:\/\/global-hookah.com\/wp-content\/uploads\/2023\/12\/\u4e3b\u56fe-01-2-1.jpg\",\"contentUrl\":\"https:\/\/global-hookah.com\/wp-content\/uploads\/2023\/12\/\u4e3b\u56fe-01-2-1.jpg\",\"width\":800,\"height\":800,\"caption\":\"10.2 inches Social Glass Bong Wholesale\"},{\"@type\":\"BreadcrumbList\",\"@id\":\"https:\/\/global-hookah.com\/product\/10-2inches-social-glass-bong-wholesale\/#breadcrumb\",\"itemListElement\":[{\"@type\":\"ListItem\",\"position\":1,\"name\":\"Home\",\"item\":\"https:\/\/global-hookah.com\/\"},{\"@type\":\"ListItem\",\"position\":2,\"name\":\"Shop\",\"item\":\"https:\/\/global-hookah.com\/shop\/\"},{\"@type\":\"ListItem\",\"position\":3,\"name\":\"10.2 inches Social Glass Bong Wholesale\"}]},{\"@type\":\"WebSite\",\"@id\":\"https:\/\/global-hookah.com\/#website\",\"url\":\"https:\/\/global-hookah.com\/\",\"name\":\"Global Hookah\",\"description\":\"Global Hookah\",\"publisher\":{\"@id\":\"https:\/\/global-hookah.com\/#organization\"},\"potentialAction\":[{\"@type\":\"SearchAction\",\"target\":{\"@type\":\"EntryPoint\",\"urlTemplate\":\"https:\/\/global-hookah.com\/?s={search_term_string}\"},\"query-input\":{\"@type\":\"PropertyValueSpecification\",\"valueRequired\":true,\"valueName\":\"search_term_string\"}}],\"inLanguage\":\"de\"},{\"@type\":\"Organization\",\"@id\":\"https:\/\/global-hookah.com\/#organization\",\"name\":\"Global Hookah\",\"url\":\"https:\/\/global-hookah.com\/\",\"logo\":{\"@type\":\"ImageObject\",\"inLanguage\":\"de\",\"@id\":\"https:\/\/global-hookah.com\/#\/schema\/logo\/image\/\",\"url\":\"https:\/\/global-hookah.com\/wp-content\/uploads\/2021\/10\/cropped-fgg.png\",\"contentUrl\":\"https:\/\/global-hookah.com\/wp-content\/uploads\/2021\/10\/cropped-fgg.png\",\"width\":512,\"height\":512,\"caption\":\"Global Hookah\"},\"image\":{\"@id\":\"https:\/\/global-hookah.com\/#\/schema\/logo\/image\/\"}}]}<\/script>\n<!-- \/ Yoast SEO Premium plugin. -->","yoast_head_json":{"title":"10,2 Zoll Sozial Glas Bong Gro\u00dfhandel - Global Hookah","robots":{"index":"index","follow":"follow","max-snippet":"max-snippet:-1","max-image-preview":"max-image-preview:large","max-video-preview":"max-video-preview:-1"},"canonical":"https:\/\/global-hookah.com\/de\/produkt\/10-2inches-social-glass-bong-wholesale\/","og_locale":"de_DE","og_type":"article","og_title":"10.2 inches Social Glass Bong Wholesale","og_description":"10.2 inches Social Glass Bong exterior has purple accents which gives it a handmade aesthetic The clear glass lets you","og_url":"https:\/\/global-hookah.com\/de\/produkt\/10-2inches-social-glass-bong-wholesale\/","og_site_name":"Global Hookah","article_modified_time":"2024-01-03T01:29:49+00:00","og_image":[{"width":800,"height":800,"url":"https:\/\/global-hookah.com\/wp-content\/uploads\/2023\/12\/\u4e3b\u56fe-01-2-1.jpg","type":"image\/png"}],"twitter_card":"summary_large_image","twitter_misc":{"Gesch\u00e4tzte Lesezeit":"1\u00a0Minute"},"schema":{"@context":"https:\/\/schema.org","@graph":[{"@type":"WebPage","@id":"https:\/\/global-hookah.com\/product\/10-2inches-social-glass-bong-wholesale\/","url":"https:\/\/global-hookah.com\/product\/10-2inches-social-glass-bong-wholesale\/","name":"10,2 Zoll Sozial Glas Bong Gro\u00dfhandel - Global Hookah","isPartOf":{"@id":"https:\/\/global-hookah.com\/#website"},"primaryImageOfPage":{"@id":"https:\/\/global-hookah.com\/product\/10-2inches-social-glass-bong-wholesale\/#primaryimage"},"image":{"@id":"https:\/\/global-hookah.com\/product\/10-2inches-social-glass-bong-wholesale\/#primaryimage"},"thumbnailUrl":"https:\/\/global-hookah.com\/wp-content\/uploads\/2023\/12\/\u4e3b\u56fe-01-2-1.jpg","datePublished":"2023-12-31T04:05:09+00:00","dateModified":"2024-01-03T01:29:49+00:00","breadcrumb":{"@id":"https:\/\/global-hookah.com\/product\/10-2inches-social-glass-bong-wholesale\/#breadcrumb"},"inLanguage":"de","potentialAction":[{"@type":"ReadAction","target":["https:\/\/global-hookah.com\/product\/10-2inches-social-glass-bong-wholesale\/"]}]},{"@type":"ImageObject","inLanguage":"de","@id":"https:\/\/global-hookah.com\/product\/10-2inches-social-glass-bong-wholesale\/#primaryimage","url":"https:\/\/global-hookah.com\/wp-content\/uploads\/2023\/12\/\u4e3b\u56fe-01-2-1.jpg","contentUrl":"https:\/\/global-hookah.com\/wp-content\/uploads\/2023\/12\/\u4e3b\u56fe-01-2-1.jpg","width":800,"height":800,"caption":"10.2 inches Social Glass Bong Wholesale"},{"@type":"BreadcrumbList","@id":"https:\/\/global-hookah.com\/product\/10-2inches-social-glass-bong-wholesale\/#breadcrumb","itemListElement":[{"@type":"ListItem","position":1,"name":"Home","item":"https:\/\/global-hookah.com\/"},{"@type":"ListItem","position":2,"name":"Shop","item":"https:\/\/global-hookah.com\/shop\/"},{"@type":"ListItem","position":3,"name":"10.2 inches Social Glass Bong Wholesale"}]},{"@type":"WebSite","@id":"https:\/\/global-hookah.com\/#website","url":"https:\/\/global-hookah.com\/","name":"Globale Wasserpfeife","description":"Globale Wasserpfeife","publisher":{"@id":"https:\/\/global-hookah.com\/#organization"},"potentialAction":[{"@type":"SearchAction","target":{"@type":"EntryPoint","urlTemplate":"https:\/\/global-hookah.com\/?s={search_term_string}"},"query-input":{"@type":"PropertyValueSpecification","valueRequired":true,"valueName":"search_term_string"}}],"inLanguage":"de"},{"@type":"Organization","@id":"https:\/\/global-hookah.com\/#organization","name":"Globale Wasserpfeife","url":"https:\/\/global-hookah.com\/","logo":{"@type":"ImageObject","inLanguage":"de","@id":"https:\/\/global-hookah.com\/#\/schema\/logo\/image\/","url":"https:\/\/global-hookah.com\/wp-content\/uploads\/2021\/10\/cropped-fgg.png","contentUrl":"https:\/\/global-hookah.com\/wp-content\/uploads\/2021\/10\/cropped-fgg.png","width":512,"height":512,"caption":"Global Hookah"},"image":{"@id":"https:\/\/global-hookah.com\/#\/schema\/logo\/image\/"}}]}},"_links":{"self":[{"href":"https:\/\/global-hookah.com\/de\/wp-json\/wp\/v2\/product\/18180","targetHints":{"allow":["GET"]}}],"collection":[{"href":"https:\/\/global-hookah.com\/de\/wp-json\/wp\/v2\/product"}],"about":[{"href":"https:\/\/global-hookah.com\/de\/wp-json\/wp\/v2\/types\/product"}],"replies":[{"embeddable":true,"href":"https:\/\/global-hookah.com\/de\/wp-json\/wp\/v2\/comments?post=18180"}],"version-history":[{"count":0,"href":"https:\/\/global-hookah.com\/de\/wp-json\/wp\/v2\/product\/18180\/revisions"}],"wp:featuredmedia":[{"embeddable":true,"href":"https:\/\/global-hookah.com\/de\/wp-json\/wp\/v2\/media\/18182"}],"wp:attachment":[{"href":"https:\/\/global-hookah.com\/de\/wp-json\/wp\/v2\/media?parent=18180"}],"wp:term":[{"taxonomy":"product_brand","embeddable":true,"href":"https:\/\/global-hookah.com\/de\/wp-json\/wp\/v2\/product_brand?post=18180"},{"taxonomy":"product_cat","embeddable":true,"href":"https:\/\/global-hookah.com\/de\/wp-json\/wp\/v2\/product_cat?post=18180"},{"taxonomy":"product_tag","embeddable":true,"href":"https:\/\/global-hookah.com\/de\/wp-json\/wp\/v2\/product_tag?post=18180"}],"curies":[{"name":"wp","href":"https:\/\/api.w.org\/{rel}","templated":true}]}}