{"id":18323,"date":"2023-12-31T06:37:27","date_gmt":"2023-12-31T06:37:27","guid":{"rendered":"https:\/\/global-hookah.com\/?post_type=product&#038;p=18323"},"modified":"2024-01-08T07:50:35","modified_gmt":"2024-01-08T07:50:35","slug":"19-6-inch-glass-straight-tube-bong-wholesale","status":"publish","type":"product","link":"https:\/\/global-hookah.com\/de\/produkt\/19-6-inch-glass-straight-tube-bong-wholesale\/","title":{"rendered":"19,6 Zoll Glas gerade Rohr Bong Gro\u00dfhandel"},"content":{"rendered":"<p>Hast du dich schon einmal dabei ertappt, dass du hustest und stotterst, wenn du versuchst, einen Zug von deiner Bong zu nehmen? F\u00fchlen sich deine Lungen schon nach ein paar Z\u00fcgen an, als w\u00fcrden sie brennen? Da bist Du nicht allein.<\/p>\n<p>Viele Bong-Raucher sch\u00e4digen unwissentlich ihre Lungen, indem sie schlecht konstruierte Produkte verwenden. Die kurzen, engen Rohre billiger Bongs behindern den Luftstrom und zwingen Dich zu kurzen, konzentrierten Z\u00fcgen. Dies f\u00fchrt zu Reizungen, Husten und m\u00f6glichen langfristigen Lungensch\u00e4den.<\/p>\n<p>Aber das muss nicht so sein!<\/p>\n<p>Wir stellen die neue 19,6 Zoll Glas Straight Tube Bong von Brand vor. Diese durchdacht konstruierte Wasserpfeife l\u00f6st die Probleme, die durch restriktive Designs verursacht werden.<\/p>\n<p>Das verl\u00e4ngerte 19,6-Zoll-Hauptrohr erm\u00f6glicht es dem Rauch, sich vor der Inhalation abzuk\u00fchlen und auszudehnen. Dies minimiert Irritationen und maximiert gleichzeitig den Luftstrom und die Dampfproduktion. Strategisch platzierte Perkolatoren weiter filtern und verbreiten den Rauch f\u00fcr glatte, einfache Hits jedes Mal.<\/p>\n<p>Vorbei sind die Zeiten, in denen man k\u00e4mpfen musste, um einen vollen Zug zu nehmen, ohne in einen Hustenanfall zu verfallen. Das innovative, gerade Rohrdesign dieser Bong macht das Rauchen einfacher und angenehmer.<\/p>\n<p>G\u00f6nnen Sie Ihrer Lunge eine Pause. Werfen Sie die veralteten Becher Bongs weg und steigen Sie noch heute auf die 19.6 Inch Glass Straight Tube Bong um! Deine Atmung wird es dir danken.<\/p>","protected":false},"excerpt":{"rendered":"<p>Hast du dich jemals dabei ertappt, wie du hustend und stotternd versucht hast, einen Zug aus deiner Bong zu nehmen? Haben Ihre<\/p>","protected":false},"featured_media":18325,"comment_status":"open","ping_status":"closed","template":"","meta":{"iawp_total_views":1,"_joinchat":[]},"product_brand":[],"product_cat":[535],"product_tag":[],"class_list":{"0":"post-18323","1":"product","2":"type-product","3":"status-publish","4":"has-post-thumbnail","6":"product_cat-wholesale-glass-bong","8":"first","9":"instock","10":"shipping-taxable","11":"product-type-external"},"yoast_head":"<!-- This site is optimized with the Yoast SEO Premium plugin v24.7 (Yoast SEO v26.8) - https:\/\/yoast.com\/product\/yoast-seo-premium-wordpress\/ -->\n<title>19.6 Inch Glass Straight Tube Bong Wholesale - Global Hookah<\/title>\n<meta name=\"robots\" content=\"index, follow, max-snippet:-1, max-image-preview:large, max-video-preview:-1\" \/>\n<link rel=\"canonical\" href=\"https:\/\/global-hookah.com\/de\/produkt\/19-6-inch-glass-straight-tube-bong-wholesale\/\" \/>\n<meta property=\"og:locale\" content=\"de_DE\" \/>\n<meta property=\"og:type\" content=\"article\" \/>\n<meta property=\"og:title\" content=\"19.6 Inch Glass Straight Tube Bong Wholesale\" \/>\n<meta property=\"og:description\" content=\"Have you ever found yourself coughing and sputtering as you try to take a hit from your bong? Do your\" \/>\n<meta property=\"og:url\" content=\"https:\/\/global-hookah.com\/de\/produkt\/19-6-inch-glass-straight-tube-bong-wholesale\/\" \/>\n<meta property=\"og:site_name\" content=\"Global Hookah\" \/>\n<meta property=\"article:modified_time\" content=\"2024-01-08T07:50:35+00:00\" \/>\n<meta property=\"og:image\" content=\"https:\/\/global-hookah.com\/wp-content\/uploads\/2023\/12\/\u4e3b\u56fe-01-31.jpg\" \/>\n\t<meta property=\"og:image:width\" content=\"1024\" \/>\n\t<meta property=\"og:image:height\" content=\"1024\" \/>\n\t<meta property=\"og:image:type\" content=\"image\/jpeg\" \/>\n<meta name=\"twitter:card\" content=\"summary_large_image\" \/>\n<meta name=\"twitter:label1\" content=\"Gesch\u00e4tzte Lesezeit\" \/>\n\t<meta name=\"twitter:data1\" content=\"1\u00a0Minute\" \/>\n<script type=\"application\/ld+json\" class=\"yoast-schema-graph\">{\"@context\":\"https:\/\/schema.org\",\"@graph\":[{\"@type\":\"WebPage\",\"@id\":\"https:\/\/global-hookah.com\/product\/19-6-inch-glass-straight-tube-bong-wholesale\/\",\"url\":\"https:\/\/global-hookah.com\/product\/19-6-inch-glass-straight-tube-bong-wholesale\/\",\"name\":\"19.6 Inch Glass Straight Tube Bong Wholesale - Global Hookah\",\"isPartOf\":{\"@id\":\"https:\/\/global-hookah.com\/#website\"},\"primaryImageOfPage\":{\"@id\":\"https:\/\/global-hookah.com\/product\/19-6-inch-glass-straight-tube-bong-wholesale\/#primaryimage\"},\"image\":{\"@id\":\"https:\/\/global-hookah.com\/product\/19-6-inch-glass-straight-tube-bong-wholesale\/#primaryimage\"},\"thumbnailUrl\":\"https:\/\/global-hookah.com\/wp-content\/uploads\/2023\/12\/\u4e3b\u56fe-01-31.jpg\",\"datePublished\":\"2023-12-31T06:37:27+00:00\",\"dateModified\":\"2024-01-08T07:50:35+00:00\",\"breadcrumb\":{\"@id\":\"https:\/\/global-hookah.com\/product\/19-6-inch-glass-straight-tube-bong-wholesale\/#breadcrumb\"},\"inLanguage\":\"de\",\"potentialAction\":[{\"@type\":\"ReadAction\",\"target\":[\"https:\/\/global-hookah.com\/product\/19-6-inch-glass-straight-tube-bong-wholesale\/\"]}]},{\"@type\":\"ImageObject\",\"inLanguage\":\"de\",\"@id\":\"https:\/\/global-hookah.com\/product\/19-6-inch-glass-straight-tube-bong-wholesale\/#primaryimage\",\"url\":\"https:\/\/global-hookah.com\/wp-content\/uploads\/2023\/12\/\u4e3b\u56fe-01-31.jpg\",\"contentUrl\":\"https:\/\/global-hookah.com\/wp-content\/uploads\/2023\/12\/\u4e3b\u56fe-01-31.jpg\",\"width\":1024,\"height\":1024},{\"@type\":\"BreadcrumbList\",\"@id\":\"https:\/\/global-hookah.com\/product\/19-6-inch-glass-straight-tube-bong-wholesale\/#breadcrumb\",\"itemListElement\":[{\"@type\":\"ListItem\",\"position\":1,\"name\":\"Home\",\"item\":\"https:\/\/global-hookah.com\/\"},{\"@type\":\"ListItem\",\"position\":2,\"name\":\"Shop\",\"item\":\"https:\/\/global-hookah.com\/shop\/\"},{\"@type\":\"ListItem\",\"position\":3,\"name\":\"19.6 Inch Glass Straight Tube Bong Wholesale\"}]},{\"@type\":\"WebSite\",\"@id\":\"https:\/\/global-hookah.com\/#website\",\"url\":\"https:\/\/global-hookah.com\/\",\"name\":\"Global Hookah\",\"description\":\"Global Hookah\",\"publisher\":{\"@id\":\"https:\/\/global-hookah.com\/#organization\"},\"potentialAction\":[{\"@type\":\"SearchAction\",\"target\":{\"@type\":\"EntryPoint\",\"urlTemplate\":\"https:\/\/global-hookah.com\/?s={search_term_string}\"},\"query-input\":{\"@type\":\"PropertyValueSpecification\",\"valueRequired\":true,\"valueName\":\"search_term_string\"}}],\"inLanguage\":\"de\"},{\"@type\":\"Organization\",\"@id\":\"https:\/\/global-hookah.com\/#organization\",\"name\":\"Global Hookah\",\"url\":\"https:\/\/global-hookah.com\/\",\"logo\":{\"@type\":\"ImageObject\",\"inLanguage\":\"de\",\"@id\":\"https:\/\/global-hookah.com\/#\/schema\/logo\/image\/\",\"url\":\"https:\/\/global-hookah.com\/wp-content\/uploads\/2021\/10\/cropped-fgg.png\",\"contentUrl\":\"https:\/\/global-hookah.com\/wp-content\/uploads\/2021\/10\/cropped-fgg.png\",\"width\":512,\"height\":512,\"caption\":\"Global Hookah\"},\"image\":{\"@id\":\"https:\/\/global-hookah.com\/#\/schema\/logo\/image\/\"}}]}<\/script>\n<!-- \/ Yoast SEO Premium plugin. -->","yoast_head_json":{"title":"19,6 Zoll Glas gerade Rohr Bong Gro\u00dfhandel - Global Hookah","robots":{"index":"index","follow":"follow","max-snippet":"max-snippet:-1","max-image-preview":"max-image-preview:large","max-video-preview":"max-video-preview:-1"},"canonical":"https:\/\/global-hookah.com\/de\/produkt\/19-6-inch-glass-straight-tube-bong-wholesale\/","og_locale":"de_DE","og_type":"article","og_title":"19.6 Inch Glass Straight Tube Bong Wholesale","og_description":"Have you ever found yourself coughing and sputtering as you try to take a hit from your bong? Do your","og_url":"https:\/\/global-hookah.com\/de\/produkt\/19-6-inch-glass-straight-tube-bong-wholesale\/","og_site_name":"Global Hookah","article_modified_time":"2024-01-08T07:50:35+00:00","og_image":[{"width":1024,"height":1024,"url":"https:\/\/global-hookah.com\/wp-content\/uploads\/2023\/12\/\u4e3b\u56fe-01-31.jpg","type":"image\/jpeg"}],"twitter_card":"summary_large_image","twitter_misc":{"Gesch\u00e4tzte Lesezeit":"1\u00a0Minute"},"schema":{"@context":"https:\/\/schema.org","@graph":[{"@type":"WebPage","@id":"https:\/\/global-hookah.com\/product\/19-6-inch-glass-straight-tube-bong-wholesale\/","url":"https:\/\/global-hookah.com\/product\/19-6-inch-glass-straight-tube-bong-wholesale\/","name":"19,6 Zoll Glas gerade Rohr Bong Gro\u00dfhandel - Global Hookah","isPartOf":{"@id":"https:\/\/global-hookah.com\/#website"},"primaryImageOfPage":{"@id":"https:\/\/global-hookah.com\/product\/19-6-inch-glass-straight-tube-bong-wholesale\/#primaryimage"},"image":{"@id":"https:\/\/global-hookah.com\/product\/19-6-inch-glass-straight-tube-bong-wholesale\/#primaryimage"},"thumbnailUrl":"https:\/\/global-hookah.com\/wp-content\/uploads\/2023\/12\/\u4e3b\u56fe-01-31.jpg","datePublished":"2023-12-31T06:37:27+00:00","dateModified":"2024-01-08T07:50:35+00:00","breadcrumb":{"@id":"https:\/\/global-hookah.com\/product\/19-6-inch-glass-straight-tube-bong-wholesale\/#breadcrumb"},"inLanguage":"de","potentialAction":[{"@type":"ReadAction","target":["https:\/\/global-hookah.com\/product\/19-6-inch-glass-straight-tube-bong-wholesale\/"]}]},{"@type":"ImageObject","inLanguage":"de","@id":"https:\/\/global-hookah.com\/product\/19-6-inch-glass-straight-tube-bong-wholesale\/#primaryimage","url":"https:\/\/global-hookah.com\/wp-content\/uploads\/2023\/12\/\u4e3b\u56fe-01-31.jpg","contentUrl":"https:\/\/global-hookah.com\/wp-content\/uploads\/2023\/12\/\u4e3b\u56fe-01-31.jpg","width":1024,"height":1024},{"@type":"BreadcrumbList","@id":"https:\/\/global-hookah.com\/product\/19-6-inch-glass-straight-tube-bong-wholesale\/#breadcrumb","itemListElement":[{"@type":"ListItem","position":1,"name":"Home","item":"https:\/\/global-hookah.com\/"},{"@type":"ListItem","position":2,"name":"Shop","item":"https:\/\/global-hookah.com\/shop\/"},{"@type":"ListItem","position":3,"name":"19.6 Inch Glass Straight Tube Bong Wholesale"}]},{"@type":"WebSite","@id":"https:\/\/global-hookah.com\/#website","url":"https:\/\/global-hookah.com\/","name":"Globale Wasserpfeife","description":"Globale Wasserpfeife","publisher":{"@id":"https:\/\/global-hookah.com\/#organization"},"potentialAction":[{"@type":"SearchAction","target":{"@type":"EntryPoint","urlTemplate":"https:\/\/global-hookah.com\/?s={search_term_string}"},"query-input":{"@type":"PropertyValueSpecification","valueRequired":true,"valueName":"search_term_string"}}],"inLanguage":"de"},{"@type":"Organization","@id":"https:\/\/global-hookah.com\/#organization","name":"Globale Wasserpfeife","url":"https:\/\/global-hookah.com\/","logo":{"@type":"ImageObject","inLanguage":"de","@id":"https:\/\/global-hookah.com\/#\/schema\/logo\/image\/","url":"https:\/\/global-hookah.com\/wp-content\/uploads\/2021\/10\/cropped-fgg.png","contentUrl":"https:\/\/global-hookah.com\/wp-content\/uploads\/2021\/10\/cropped-fgg.png","width":512,"height":512,"caption":"Global Hookah"},"image":{"@id":"https:\/\/global-hookah.com\/#\/schema\/logo\/image\/"}}]}},"_links":{"self":[{"href":"https:\/\/global-hookah.com\/de\/wp-json\/wp\/v2\/product\/18323","targetHints":{"allow":["GET"]}}],"collection":[{"href":"https:\/\/global-hookah.com\/de\/wp-json\/wp\/v2\/product"}],"about":[{"href":"https:\/\/global-hookah.com\/de\/wp-json\/wp\/v2\/types\/product"}],"replies":[{"embeddable":true,"href":"https:\/\/global-hookah.com\/de\/wp-json\/wp\/v2\/comments?post=18323"}],"version-history":[{"count":0,"href":"https:\/\/global-hookah.com\/de\/wp-json\/wp\/v2\/product\/18323\/revisions"}],"wp:featuredmedia":[{"embeddable":true,"href":"https:\/\/global-hookah.com\/de\/wp-json\/wp\/v2\/media\/18325"}],"wp:attachment":[{"href":"https:\/\/global-hookah.com\/de\/wp-json\/wp\/v2\/media?parent=18323"}],"wp:term":[{"taxonomy":"product_brand","embeddable":true,"href":"https:\/\/global-hookah.com\/de\/wp-json\/wp\/v2\/product_brand?post=18323"},{"taxonomy":"product_cat","embeddable":true,"href":"https:\/\/global-hookah.com\/de\/wp-json\/wp\/v2\/product_cat?post=18323"},{"taxonomy":"product_tag","embeddable":true,"href":"https:\/\/global-hookah.com\/de\/wp-json\/wp\/v2\/product_tag?post=18323"}],"curies":[{"name":"wp","href":"https:\/\/api.w.org\/{rel}","templated":true}]}}