{"id":18344,"date":"2023-12-31T06:45:39","date_gmt":"2023-12-31T06:45:39","guid":{"rendered":"https:\/\/global-hookah.com\/?post_type=product&#038;p=18344"},"modified":"2024-06-23T05:53:00","modified_gmt":"2024-06-23T05:53:00","slug":"wholesale-clear-glass-bong-with-multi-chamber-filtration-and-ice-catcher","status":"publish","type":"product","link":"https:\/\/global-hookah.com\/de\/produkt\/wholesale-clear-glass-bong-with-multi-chamber-filtration-and-ice-catcher\/","title":{"rendered":"Gro\u00dfhandel Klarglas Bong mit Multi-Kammer-Filtration und Eis-Catcher"},"content":{"rendered":"<p>Es ist ein <strong>handgefertigte Klarglas-Bong<\/strong> Unser Mehrkammer-Filtersystem verf\u00fcgt \u00fcber eine Prim\u00e4rkammer, einen Inline-Perkolator und eine zus\u00e4tzliche Eisauffangkammer f\u00fcr ultrak\u00fchle, seidig weiche Z\u00fcge.<\/p>\n<p>Der Rauch durchl\u00e4uft zwei Kammern mit Perkolatoren, die daf\u00fcr sorgen, dass der Rauch durch Wasser geleitet wird, wodurch er weicher wird und Verunreinigungen beseitigt werden. Aber das ist noch nicht alles. Die zweite Kammer des <strong>Glasbong mit Multi-Chambe<\/strong> verf\u00fcgt \u00fcber einen Eisf\u00e4nger an einer strategischen Stelle, in den man Eisw\u00fcrfel legen kann, um einen erfrischenden, gek\u00fchlten Rauch zu erhalten. Wenn der Dampf weiter aufsteigt, trifft er auf eine eisige Oberfl\u00e4che, die die Temperatur weiter abk\u00fchlt und so den Zug weicher macht, so dass Sie ein cooles Raucherlebnis haben<\/p>\n<p>Wenn Sie auf der Suche nach mehreren Filtrationsschichten in Verbindung mit eiskalten Z\u00fcgen sind, dann wird dies Ihr Hauptartikel sein, um sie in Ihrer Sammlung von Raucherzubeh\u00f6r zu erg\u00e4nzen. Wir haben verschiedene <a href=\"https:\/\/global-hookah.com\/product-category\/bong-wholesale\/\"><strong>Arten von Glasbongs<\/strong><\/a> auf unserer Website, damit Sie ganz einfach <a href=\"https:\/\/global-hookah.com\/product-category\/bong-wholesale\/wholesale-glass-bong\/\">Gro\u00dfhandel Glas Bongs<\/a> f\u00fcr Ihr Gesch\u00e4ft!<\/p>","protected":false},"excerpt":{"rendered":"<p>Es ist eine handgefertigte Klarglas-Bong aus Borosilikatglas, die die beste Verk\u00f6rperung unserer Handwerkskunst ist.<\/p>","protected":false},"featured_media":18347,"comment_status":"open","ping_status":"closed","template":"","meta":{"iawp_total_views":3,"_joinchat":[]},"product_brand":[],"product_cat":[535],"product_tag":[],"class_list":{"0":"post-18344","1":"product","2":"type-product","3":"status-publish","4":"has-post-thumbnail","6":"product_cat-wholesale-glass-bong","8":"first","9":"instock","10":"shipping-taxable","11":"product-type-external"},"yoast_head":"<!-- This site is optimized with the Yoast SEO Premium plugin v24.7 (Yoast SEO v26.8) - https:\/\/yoast.com\/product\/yoast-seo-premium-wordpress\/ -->\n<title>Wholesale Clear Glass Bong With Multi-Chamber Filtration And Ice Catcher - Global Hookah<\/title>\n<meta name=\"robots\" content=\"index, follow, max-snippet:-1, max-image-preview:large, max-video-preview:-1\" \/>\n<link rel=\"canonical\" href=\"https:\/\/global-hookah.com\/de\/produkt\/wholesale-clear-glass-bong-with-multi-chamber-filtration-and-ice-catcher\/\" \/>\n<meta property=\"og:locale\" content=\"de_DE\" \/>\n<meta property=\"og:type\" content=\"article\" \/>\n<meta property=\"og:title\" content=\"Wholesale Clear Glass Bong With Multi-Chamber Filtration And Ice Catcher\" \/>\n<meta property=\"og:description\" content=\"It is a hand-crafted Clear Glass Bong made from borosilicate glass which is the best embodiment of our craftsmanship, Our\" \/>\n<meta property=\"og:url\" content=\"https:\/\/global-hookah.com\/de\/produkt\/wholesale-clear-glass-bong-with-multi-chamber-filtration-and-ice-catcher\/\" \/>\n<meta property=\"og:site_name\" content=\"Global Hookah\" \/>\n<meta property=\"article:modified_time\" content=\"2024-06-23T05:53:00+00:00\" \/>\n<meta property=\"og:image\" content=\"https:\/\/global-hookah.com\/wp-content\/uploads\/2023\/12\/\u4e3b\u56fe-02-1-1.jpg\" \/>\n\t<meta property=\"og:image:width\" content=\"1024\" \/>\n\t<meta property=\"og:image:height\" content=\"1024\" \/>\n\t<meta property=\"og:image:type\" content=\"image\/jpeg\" \/>\n<meta name=\"twitter:card\" content=\"summary_large_image\" \/>\n<meta name=\"twitter:label1\" content=\"Gesch\u00e4tzte Lesezeit\" \/>\n\t<meta name=\"twitter:data1\" content=\"1\u00a0Minute\" \/>\n<script type=\"application\/ld+json\" class=\"yoast-schema-graph\">{\"@context\":\"https:\/\/schema.org\",\"@graph\":[{\"@type\":\"WebPage\",\"@id\":\"https:\/\/global-hookah.com\/product\/wholesale-clear-glass-bong-with-multi-chamber-filtration-and-ice-catcher\/\",\"url\":\"https:\/\/global-hookah.com\/product\/wholesale-clear-glass-bong-with-multi-chamber-filtration-and-ice-catcher\/\",\"name\":\"Wholesale Clear Glass Bong With Multi-Chamber Filtration And Ice Catcher - Global Hookah\",\"isPartOf\":{\"@id\":\"https:\/\/global-hookah.com\/#website\"},\"primaryImageOfPage\":{\"@id\":\"https:\/\/global-hookah.com\/product\/wholesale-clear-glass-bong-with-multi-chamber-filtration-and-ice-catcher\/#primaryimage\"},\"image\":{\"@id\":\"https:\/\/global-hookah.com\/product\/wholesale-clear-glass-bong-with-multi-chamber-filtration-and-ice-catcher\/#primaryimage\"},\"thumbnailUrl\":\"https:\/\/global-hookah.com\/wp-content\/uploads\/2023\/12\/\u4e3b\u56fe-02-1-1.jpg\",\"datePublished\":\"2023-12-31T06:45:39+00:00\",\"dateModified\":\"2024-06-23T05:53:00+00:00\",\"breadcrumb\":{\"@id\":\"https:\/\/global-hookah.com\/product\/wholesale-clear-glass-bong-with-multi-chamber-filtration-and-ice-catcher\/#breadcrumb\"},\"inLanguage\":\"de\",\"potentialAction\":[{\"@type\":\"ReadAction\",\"target\":[\"https:\/\/global-hookah.com\/product\/wholesale-clear-glass-bong-with-multi-chamber-filtration-and-ice-catcher\/\"]}]},{\"@type\":\"ImageObject\",\"inLanguage\":\"de\",\"@id\":\"https:\/\/global-hookah.com\/product\/wholesale-clear-glass-bong-with-multi-chamber-filtration-and-ice-catcher\/#primaryimage\",\"url\":\"https:\/\/global-hookah.com\/wp-content\/uploads\/2023\/12\/\u4e3b\u56fe-02-1-1.jpg\",\"contentUrl\":\"https:\/\/global-hookah.com\/wp-content\/uploads\/2023\/12\/\u4e3b\u56fe-02-1-1.jpg\",\"width\":1024,\"height\":1024,\"caption\":\"Clear Glass Bong With Multi-Chamber Filtration\"},{\"@type\":\"BreadcrumbList\",\"@id\":\"https:\/\/global-hookah.com\/product\/wholesale-clear-glass-bong-with-multi-chamber-filtration-and-ice-catcher\/#breadcrumb\",\"itemListElement\":[{\"@type\":\"ListItem\",\"position\":1,\"name\":\"Home\",\"item\":\"https:\/\/global-hookah.com\/\"},{\"@type\":\"ListItem\",\"position\":2,\"name\":\"Shop\",\"item\":\"https:\/\/global-hookah.com\/shop\/\"},{\"@type\":\"ListItem\",\"position\":3,\"name\":\"Wholesale Clear Glass Bong With Multi-Chamber Filtration And Ice Catcher\"}]},{\"@type\":\"WebSite\",\"@id\":\"https:\/\/global-hookah.com\/#website\",\"url\":\"https:\/\/global-hookah.com\/\",\"name\":\"Global Hookah\",\"description\":\"Global Hookah\",\"publisher\":{\"@id\":\"https:\/\/global-hookah.com\/#organization\"},\"potentialAction\":[{\"@type\":\"SearchAction\",\"target\":{\"@type\":\"EntryPoint\",\"urlTemplate\":\"https:\/\/global-hookah.com\/?s={search_term_string}\"},\"query-input\":{\"@type\":\"PropertyValueSpecification\",\"valueRequired\":true,\"valueName\":\"search_term_string\"}}],\"inLanguage\":\"de\"},{\"@type\":\"Organization\",\"@id\":\"https:\/\/global-hookah.com\/#organization\",\"name\":\"Global Hookah\",\"url\":\"https:\/\/global-hookah.com\/\",\"logo\":{\"@type\":\"ImageObject\",\"inLanguage\":\"de\",\"@id\":\"https:\/\/global-hookah.com\/#\/schema\/logo\/image\/\",\"url\":\"https:\/\/global-hookah.com\/wp-content\/uploads\/2021\/10\/cropped-fgg.png\",\"contentUrl\":\"https:\/\/global-hookah.com\/wp-content\/uploads\/2021\/10\/cropped-fgg.png\",\"width\":512,\"height\":512,\"caption\":\"Global Hookah\"},\"image\":{\"@id\":\"https:\/\/global-hookah.com\/#\/schema\/logo\/image\/\"}}]}<\/script>\n<!-- \/ Yoast SEO Premium plugin. -->","yoast_head_json":{"title":"Gro\u00dfhandel Klarglas Bong mit Multi-Kammer-Filtration und Eisf\u00e4nger - Global Hookah","robots":{"index":"index","follow":"follow","max-snippet":"max-snippet:-1","max-image-preview":"max-image-preview:large","max-video-preview":"max-video-preview:-1"},"canonical":"https:\/\/global-hookah.com\/de\/produkt\/wholesale-clear-glass-bong-with-multi-chamber-filtration-and-ice-catcher\/","og_locale":"de_DE","og_type":"article","og_title":"Wholesale Clear Glass Bong With Multi-Chamber Filtration And Ice Catcher","og_description":"It is a hand-crafted Clear Glass Bong made from borosilicate glass which is the best embodiment of our craftsmanship, Our","og_url":"https:\/\/global-hookah.com\/de\/produkt\/wholesale-clear-glass-bong-with-multi-chamber-filtration-and-ice-catcher\/","og_site_name":"Global Hookah","article_modified_time":"2024-06-23T05:53:00+00:00","og_image":[{"width":1024,"height":1024,"url":"https:\/\/global-hookah.com\/wp-content\/uploads\/2023\/12\/\u4e3b\u56fe-02-1-1.jpg","type":"image\/jpeg"}],"twitter_card":"summary_large_image","twitter_misc":{"Gesch\u00e4tzte Lesezeit":"1\u00a0Minute"},"schema":{"@context":"https:\/\/schema.org","@graph":[{"@type":"WebPage","@id":"https:\/\/global-hookah.com\/product\/wholesale-clear-glass-bong-with-multi-chamber-filtration-and-ice-catcher\/","url":"https:\/\/global-hookah.com\/product\/wholesale-clear-glass-bong-with-multi-chamber-filtration-and-ice-catcher\/","name":"Gro\u00dfhandel Klarglas Bong mit Multi-Kammer-Filtration und Eisf\u00e4nger - Global Hookah","isPartOf":{"@id":"https:\/\/global-hookah.com\/#website"},"primaryImageOfPage":{"@id":"https:\/\/global-hookah.com\/product\/wholesale-clear-glass-bong-with-multi-chamber-filtration-and-ice-catcher\/#primaryimage"},"image":{"@id":"https:\/\/global-hookah.com\/product\/wholesale-clear-glass-bong-with-multi-chamber-filtration-and-ice-catcher\/#primaryimage"},"thumbnailUrl":"https:\/\/global-hookah.com\/wp-content\/uploads\/2023\/12\/\u4e3b\u56fe-02-1-1.jpg","datePublished":"2023-12-31T06:45:39+00:00","dateModified":"2024-06-23T05:53:00+00:00","breadcrumb":{"@id":"https:\/\/global-hookah.com\/product\/wholesale-clear-glass-bong-with-multi-chamber-filtration-and-ice-catcher\/#breadcrumb"},"inLanguage":"de","potentialAction":[{"@type":"ReadAction","target":["https:\/\/global-hookah.com\/product\/wholesale-clear-glass-bong-with-multi-chamber-filtration-and-ice-catcher\/"]}]},{"@type":"ImageObject","inLanguage":"de","@id":"https:\/\/global-hookah.com\/product\/wholesale-clear-glass-bong-with-multi-chamber-filtration-and-ice-catcher\/#primaryimage","url":"https:\/\/global-hookah.com\/wp-content\/uploads\/2023\/12\/\u4e3b\u56fe-02-1-1.jpg","contentUrl":"https:\/\/global-hookah.com\/wp-content\/uploads\/2023\/12\/\u4e3b\u56fe-02-1-1.jpg","width":1024,"height":1024,"caption":"Clear Glass Bong With Multi-Chamber Filtration"},{"@type":"BreadcrumbList","@id":"https:\/\/global-hookah.com\/product\/wholesale-clear-glass-bong-with-multi-chamber-filtration-and-ice-catcher\/#breadcrumb","itemListElement":[{"@type":"ListItem","position":1,"name":"Home","item":"https:\/\/global-hookah.com\/"},{"@type":"ListItem","position":2,"name":"Shop","item":"https:\/\/global-hookah.com\/shop\/"},{"@type":"ListItem","position":3,"name":"Wholesale Clear Glass Bong With Multi-Chamber Filtration And Ice Catcher"}]},{"@type":"WebSite","@id":"https:\/\/global-hookah.com\/#website","url":"https:\/\/global-hookah.com\/","name":"Globale Wasserpfeife","description":"Globale Wasserpfeife","publisher":{"@id":"https:\/\/global-hookah.com\/#organization"},"potentialAction":[{"@type":"SearchAction","target":{"@type":"EntryPoint","urlTemplate":"https:\/\/global-hookah.com\/?s={search_term_string}"},"query-input":{"@type":"PropertyValueSpecification","valueRequired":true,"valueName":"search_term_string"}}],"inLanguage":"de"},{"@type":"Organization","@id":"https:\/\/global-hookah.com\/#organization","name":"Globale Wasserpfeife","url":"https:\/\/global-hookah.com\/","logo":{"@type":"ImageObject","inLanguage":"de","@id":"https:\/\/global-hookah.com\/#\/schema\/logo\/image\/","url":"https:\/\/global-hookah.com\/wp-content\/uploads\/2021\/10\/cropped-fgg.png","contentUrl":"https:\/\/global-hookah.com\/wp-content\/uploads\/2021\/10\/cropped-fgg.png","width":512,"height":512,"caption":"Global Hookah"},"image":{"@id":"https:\/\/global-hookah.com\/#\/schema\/logo\/image\/"}}]}},"_links":{"self":[{"href":"https:\/\/global-hookah.com\/de\/wp-json\/wp\/v2\/product\/18344","targetHints":{"allow":["GET"]}}],"collection":[{"href":"https:\/\/global-hookah.com\/de\/wp-json\/wp\/v2\/product"}],"about":[{"href":"https:\/\/global-hookah.com\/de\/wp-json\/wp\/v2\/types\/product"}],"replies":[{"embeddable":true,"href":"https:\/\/global-hookah.com\/de\/wp-json\/wp\/v2\/comments?post=18344"}],"version-history":[{"count":0,"href":"https:\/\/global-hookah.com\/de\/wp-json\/wp\/v2\/product\/18344\/revisions"}],"wp:featuredmedia":[{"embeddable":true,"href":"https:\/\/global-hookah.com\/de\/wp-json\/wp\/v2\/media\/18347"}],"wp:attachment":[{"href":"https:\/\/global-hookah.com\/de\/wp-json\/wp\/v2\/media?parent=18344"}],"wp:term":[{"taxonomy":"product_brand","embeddable":true,"href":"https:\/\/global-hookah.com\/de\/wp-json\/wp\/v2\/product_brand?post=18344"},{"taxonomy":"product_cat","embeddable":true,"href":"https:\/\/global-hookah.com\/de\/wp-json\/wp\/v2\/product_cat?post=18344"},{"taxonomy":"product_tag","embeddable":true,"href":"https:\/\/global-hookah.com\/de\/wp-json\/wp\/v2\/product_tag?post=18344"}],"curies":[{"name":"wp","href":"https:\/\/api.w.org\/{rel}","templated":true}]}}