{"id":18358,"date":"2023-12-31T06:56:27","date_gmt":"2023-12-31T06:56:27","guid":{"rendered":"https:\/\/global-hookah.com\/?post_type=product&#038;p=18358"},"modified":"2024-01-03T07:11:39","modified_gmt":"2024-01-03T07:11:39","slug":"9-8-inches-portable-glass-bong-wholesale","status":"publish","type":"product","link":"https:\/\/global-hookah.com\/de\/produkt\/9-8-inches-portable-glass-bong-wholesale\/","title":{"rendered":"9,8 Zoll tragbare Glasbong Gro\u00dfhandel"},"content":{"rendered":"<p>Die H\u00f6he dieser <strong>Tragbare Glasbong<\/strong> ist 9,8 Zoll, das ist sehr geeignet f\u00fcr Sie zu tragen, wenn Sie gehen.<\/p>\n<p><strong>Mini-Glasbecher-Bong's<\/strong> Das einfache und stromlinienf\u00f6rmige Design ist einfacher zu halten, und es ist leicht und wiegt nur 1,1 Pfund,<\/p>\n<p><strong>kleine tragbare Bongs<\/strong> haben eine Kammer und eine nachgeschaltete, um mit der Filterung und Luftstrom f\u00fcr glatte Hits helfen.<\/p>\n<p>Diese<strong> tragbare Bong<\/strong> hat eine Baumperkussion mit mehreren Armen und Schlitzen, um den Rauch durch das Wasser zu filtern und zu streuen.<\/p>\n<p>Sie k\u00f6nnen sogar Ihre <strong>tragbare Glas-Wasserbongs<\/strong> in ein Dab-Rig verwandeln, indem man einen Glas- oder Keramiknagel und ein Dabber-Werkzeug hinzuf\u00fcgt. Mit dem Dabber werden dann konzentrierte Cannabisextrakte auf die hei\u00dfe Oberfl\u00e4che gegeben. Wenn der Extrakt verdampft, ziehst du einfach daran. Du kannst glatte, gefilterte Dabs erhalten<\/p>\n<p>Wenn Sie noch etwas brauchen <a href=\"https:\/\/global-hookah.com\/product-category\/bong-wholesale\/\">verschiedene Bong-Zubeh\u00f6rteile anpassen<\/a>Sie k\u00f6nnen uns auch jederzeit kontaktieren, wir werden Ihre Anforderungen erf\u00fcllen und Ihnen ein individuelles Raucherlebnis bieten.<\/p>\n<p>Diese tragbare Wasserpfeife aus Glas ist der beste Begleiter f\u00fcr Partys im Freien und Campingausfl\u00fcge, mit der Sie sich jederzeit und \u00fcberall entspannen und eine gem\u00fctliche Zeit genie\u00dfen k\u00f6nnen<\/p>","protected":false},"excerpt":{"rendered":"<p>Die H\u00f6he dieser tragbaren Glasbong ist 9,8 Zoll, die sehr geeignet ist f\u00fcr Sie zu tragen, wenn Sie<\/p>","protected":false},"featured_media":18360,"comment_status":"open","ping_status":"closed","template":"","meta":{"iawp_total_views":6,"_joinchat":[]},"product_brand":[],"product_cat":[535],"product_tag":[],"class_list":{"0":"post-18358","1":"product","2":"type-product","3":"status-publish","4":"has-post-thumbnail","6":"product_cat-wholesale-glass-bong","8":"first","9":"instock","10":"shipping-taxable","11":"product-type-external"},"yoast_head":"<!-- This site is optimized with the Yoast SEO Premium plugin v24.7 (Yoast SEO v26.8) - https:\/\/yoast.com\/product\/yoast-seo-premium-wordpress\/ -->\n<title>9.8 Inches Portable Glass Bong Wholesale - Global Hookah<\/title>\n<meta name=\"robots\" content=\"index, follow, max-snippet:-1, max-image-preview:large, max-video-preview:-1\" \/>\n<link rel=\"canonical\" href=\"https:\/\/global-hookah.com\/de\/pt\/produto\/bongo-de-vidro-portatil-de-9-8-polegadas-atacado\/\" \/>\n<meta property=\"og:locale\" content=\"de_DE\" \/>\n<meta property=\"og:type\" content=\"article\" \/>\n<meta property=\"og:title\" content=\"9.8 Inches Portable Glass Bong Wholesale\" \/>\n<meta property=\"og:description\" content=\"The height of this Portable Glass Bong is 9.8 Inches, which is very suitable for you to carry when you\" \/>\n<meta property=\"og:url\" content=\"https:\/\/global-hookah.com\/de\/pt\/produto\/bongo-de-vidro-portatil-de-9-8-polegadas-atacado\/\" \/>\n<meta property=\"og:site_name\" content=\"Global Hookah\" \/>\n<meta property=\"article:modified_time\" content=\"2024-01-03T07:11:39+00:00\" \/>\n<meta property=\"og:image\" content=\"https:\/\/global-hookah.com\/wp-content\/uploads\/2023\/12\/\u4e3b\u56fe-02-37.jpg\" \/>\n\t<meta property=\"og:image:width\" content=\"800\" \/>\n\t<meta property=\"og:image:height\" content=\"800\" \/>\n\t<meta property=\"og:image:type\" content=\"image\/jpeg\" \/>\n<meta name=\"twitter:card\" content=\"summary_large_image\" \/>\n<meta name=\"twitter:label1\" content=\"Gesch\u00e4tzte Lesezeit\" \/>\n\t<meta name=\"twitter:data1\" content=\"1\u00a0Minute\" \/>\n<script type=\"application\/ld+json\" class=\"yoast-schema-graph\">{\"@context\":\"https:\/\/schema.org\",\"@graph\":[{\"@type\":\"WebPage\",\"@id\":\"https:\/\/global-hookah.com\/pt\/produto\/bongo-de-vidro-portatil-de-9-8-polegadas-atacado\/\",\"url\":\"https:\/\/global-hookah.com\/pt\/produto\/bongo-de-vidro-portatil-de-9-8-polegadas-atacado\/\",\"name\":\"9.8 Inches Portable Glass Bong Wholesale - Global Hookah\",\"isPartOf\":{\"@id\":\"https:\/\/global-hookah.com\/#website\"},\"primaryImageOfPage\":{\"@id\":\"https:\/\/global-hookah.com\/pt\/produto\/bongo-de-vidro-portatil-de-9-8-polegadas-atacado\/#primaryimage\"},\"image\":{\"@id\":\"https:\/\/global-hookah.com\/pt\/produto\/bongo-de-vidro-portatil-de-9-8-polegadas-atacado\/#primaryimage\"},\"thumbnailUrl\":\"https:\/\/global-hookah.com\/wp-content\/uploads\/2023\/12\/\u4e3b\u56fe-02-37.jpg\",\"datePublished\":\"2023-12-31T06:56:27+00:00\",\"dateModified\":\"2024-01-03T07:11:39+00:00\",\"breadcrumb\":{\"@id\":\"https:\/\/global-hookah.com\/pt\/produto\/bongo-de-vidro-portatil-de-9-8-polegadas-atacado\/#breadcrumb\"},\"inLanguage\":\"de\",\"potentialAction\":[{\"@type\":\"ReadAction\",\"target\":[\"https:\/\/global-hookah.com\/pt\/produto\/bongo-de-vidro-portatil-de-9-8-polegadas-atacado\/\"]}]},{\"@type\":\"ImageObject\",\"inLanguage\":\"de\",\"@id\":\"https:\/\/global-hookah.com\/pt\/produto\/bongo-de-vidro-portatil-de-9-8-polegadas-atacado\/#primaryimage\",\"url\":\"https:\/\/global-hookah.com\/wp-content\/uploads\/2023\/12\/\u4e3b\u56fe-02-37.jpg\",\"contentUrl\":\"https:\/\/global-hookah.com\/wp-content\/uploads\/2023\/12\/\u4e3b\u56fe-02-37.jpg\",\"width\":800,\"height\":800,\"caption\":\"Portable Glass Bong Wholesale\"},{\"@type\":\"BreadcrumbList\",\"@id\":\"https:\/\/global-hookah.com\/pt\/produto\/bongo-de-vidro-portatil-de-9-8-polegadas-atacado\/#breadcrumb\",\"itemListElement\":[{\"@type\":\"ListItem\",\"position\":1,\"name\":\"Home\",\"item\":\"https:\/\/global-hookah.com\/\"},{\"@type\":\"ListItem\",\"position\":2,\"name\":\"Shop\",\"item\":\"https:\/\/global-hookah.com\/shop\/\"},{\"@type\":\"ListItem\",\"position\":3,\"name\":\"9.8 Inches Portable Glass Bong Wholesale\"}]},{\"@type\":\"WebSite\",\"@id\":\"https:\/\/global-hookah.com\/#website\",\"url\":\"https:\/\/global-hookah.com\/\",\"name\":\"Global Hookah\",\"description\":\"Global Hookah\",\"publisher\":{\"@id\":\"https:\/\/global-hookah.com\/#organization\"},\"potentialAction\":[{\"@type\":\"SearchAction\",\"target\":{\"@type\":\"EntryPoint\",\"urlTemplate\":\"https:\/\/global-hookah.com\/?s={search_term_string}\"},\"query-input\":{\"@type\":\"PropertyValueSpecification\",\"valueRequired\":true,\"valueName\":\"search_term_string\"}}],\"inLanguage\":\"de\"},{\"@type\":\"Organization\",\"@id\":\"https:\/\/global-hookah.com\/#organization\",\"name\":\"Global Hookah\",\"url\":\"https:\/\/global-hookah.com\/\",\"logo\":{\"@type\":\"ImageObject\",\"inLanguage\":\"de\",\"@id\":\"https:\/\/global-hookah.com\/#\/schema\/logo\/image\/\",\"url\":\"https:\/\/global-hookah.com\/wp-content\/uploads\/2021\/10\/cropped-fgg.png\",\"contentUrl\":\"https:\/\/global-hookah.com\/wp-content\/uploads\/2021\/10\/cropped-fgg.png\",\"width\":512,\"height\":512,\"caption\":\"Global Hookah\"},\"image\":{\"@id\":\"https:\/\/global-hookah.com\/#\/schema\/logo\/image\/\"}}]}<\/script>\n<!-- \/ Yoast SEO Premium plugin. -->","yoast_head_json":{"title":"9,8 Zoll tragbare Glasbong Gro\u00dfhandel - Global Hookah","robots":{"index":"index","follow":"follow","max-snippet":"max-snippet:-1","max-image-preview":"max-image-preview:large","max-video-preview":"max-video-preview:-1"},"canonical":"https:\/\/global-hookah.com\/de\/pt\/produto\/bongo-de-vidro-portatil-de-9-8-polegadas-atacado\/","og_locale":"de_DE","og_type":"article","og_title":"9.8 Inches Portable Glass Bong Wholesale","og_description":"The height of this Portable Glass Bong is 9.8 Inches, which is very suitable for you to carry when you","og_url":"https:\/\/global-hookah.com\/de\/pt\/produto\/bongo-de-vidro-portatil-de-9-8-polegadas-atacado\/","og_site_name":"Global Hookah","article_modified_time":"2024-01-03T07:11:39+00:00","og_image":[{"width":800,"height":800,"url":"https:\/\/global-hookah.com\/wp-content\/uploads\/2023\/12\/\u4e3b\u56fe-02-37.jpg","type":"image\/jpeg"}],"twitter_card":"summary_large_image","twitter_misc":{"Gesch\u00e4tzte Lesezeit":"1\u00a0Minute"},"schema":{"@context":"https:\/\/schema.org","@graph":[{"@type":"WebPage","@id":"https:\/\/global-hookah.com\/pt\/produto\/bongo-de-vidro-portatil-de-9-8-polegadas-atacado\/","url":"https:\/\/global-hookah.com\/pt\/produto\/bongo-de-vidro-portatil-de-9-8-polegadas-atacado\/","name":"9,8 Zoll tragbare Glasbong Gro\u00dfhandel - Global Hookah","isPartOf":{"@id":"https:\/\/global-hookah.com\/#website"},"primaryImageOfPage":{"@id":"https:\/\/global-hookah.com\/pt\/produto\/bongo-de-vidro-portatil-de-9-8-polegadas-atacado\/#primaryimage"},"image":{"@id":"https:\/\/global-hookah.com\/pt\/produto\/bongo-de-vidro-portatil-de-9-8-polegadas-atacado\/#primaryimage"},"thumbnailUrl":"https:\/\/global-hookah.com\/wp-content\/uploads\/2023\/12\/\u4e3b\u56fe-02-37.jpg","datePublished":"2023-12-31T06:56:27+00:00","dateModified":"2024-01-03T07:11:39+00:00","breadcrumb":{"@id":"https:\/\/global-hookah.com\/pt\/produto\/bongo-de-vidro-portatil-de-9-8-polegadas-atacado\/#breadcrumb"},"inLanguage":"de","potentialAction":[{"@type":"ReadAction","target":["https:\/\/global-hookah.com\/pt\/produto\/bongo-de-vidro-portatil-de-9-8-polegadas-atacado\/"]}]},{"@type":"ImageObject","inLanguage":"de","@id":"https:\/\/global-hookah.com\/pt\/produto\/bongo-de-vidro-portatil-de-9-8-polegadas-atacado\/#primaryimage","url":"https:\/\/global-hookah.com\/wp-content\/uploads\/2023\/12\/\u4e3b\u56fe-02-37.jpg","contentUrl":"https:\/\/global-hookah.com\/wp-content\/uploads\/2023\/12\/\u4e3b\u56fe-02-37.jpg","width":800,"height":800,"caption":"Portable Glass Bong Wholesale"},{"@type":"BreadcrumbList","@id":"https:\/\/global-hookah.com\/pt\/produto\/bongo-de-vidro-portatil-de-9-8-polegadas-atacado\/#breadcrumb","itemListElement":[{"@type":"ListItem","position":1,"name":"Home","item":"https:\/\/global-hookah.com\/"},{"@type":"ListItem","position":2,"name":"Shop","item":"https:\/\/global-hookah.com\/shop\/"},{"@type":"ListItem","position":3,"name":"9.8 Inches Portable Glass Bong Wholesale"}]},{"@type":"WebSite","@id":"https:\/\/global-hookah.com\/#website","url":"https:\/\/global-hookah.com\/","name":"Globale Wasserpfeife","description":"Globale Wasserpfeife","publisher":{"@id":"https:\/\/global-hookah.com\/#organization"},"potentialAction":[{"@type":"SearchAction","target":{"@type":"EntryPoint","urlTemplate":"https:\/\/global-hookah.com\/?s={search_term_string}"},"query-input":{"@type":"PropertyValueSpecification","valueRequired":true,"valueName":"search_term_string"}}],"inLanguage":"de"},{"@type":"Organization","@id":"https:\/\/global-hookah.com\/#organization","name":"Globale Wasserpfeife","url":"https:\/\/global-hookah.com\/","logo":{"@type":"ImageObject","inLanguage":"de","@id":"https:\/\/global-hookah.com\/#\/schema\/logo\/image\/","url":"https:\/\/global-hookah.com\/wp-content\/uploads\/2021\/10\/cropped-fgg.png","contentUrl":"https:\/\/global-hookah.com\/wp-content\/uploads\/2021\/10\/cropped-fgg.png","width":512,"height":512,"caption":"Global Hookah"},"image":{"@id":"https:\/\/global-hookah.com\/#\/schema\/logo\/image\/"}}]}},"_links":{"self":[{"href":"https:\/\/global-hookah.com\/de\/wp-json\/wp\/v2\/product\/18358","targetHints":{"allow":["GET"]}}],"collection":[{"href":"https:\/\/global-hookah.com\/de\/wp-json\/wp\/v2\/product"}],"about":[{"href":"https:\/\/global-hookah.com\/de\/wp-json\/wp\/v2\/types\/product"}],"replies":[{"embeddable":true,"href":"https:\/\/global-hookah.com\/de\/wp-json\/wp\/v2\/comments?post=18358"}],"version-history":[{"count":0,"href":"https:\/\/global-hookah.com\/de\/wp-json\/wp\/v2\/product\/18358\/revisions"}],"wp:featuredmedia":[{"embeddable":true,"href":"https:\/\/global-hookah.com\/de\/wp-json\/wp\/v2\/media\/18360"}],"wp:attachment":[{"href":"https:\/\/global-hookah.com\/de\/wp-json\/wp\/v2\/media?parent=18358"}],"wp:term":[{"taxonomy":"product_brand","embeddable":true,"href":"https:\/\/global-hookah.com\/de\/wp-json\/wp\/v2\/product_brand?post=18358"},{"taxonomy":"product_cat","embeddable":true,"href":"https:\/\/global-hookah.com\/de\/wp-json\/wp\/v2\/product_cat?post=18358"},{"taxonomy":"product_tag","embeddable":true,"href":"https:\/\/global-hookah.com\/de\/wp-json\/wp\/v2\/product_tag?post=18358"}],"curies":[{"name":"wp","href":"https:\/\/api.w.org\/{rel}","templated":true}]}}