{"id":18366,"date":"2023-12-31T07:01:26","date_gmt":"2023-12-31T07:01:26","guid":{"rendered":"https:\/\/global-hookah.com\/?post_type=product&#038;p=18366"},"modified":"2024-02-19T08:22:03","modified_gmt":"2024-02-19T08:22:03","slug":"straight-tube-glass-bong-with-spiral-percolator-wholesale","status":"publish","type":"product","link":"https:\/\/global-hookah.com\/de\/produkt\/straight-tube-glass-bong-with-spiral-percolator-wholesale\/","title":{"rendered":"Gerade Rohr Glas Bong mit Spirale Percolator Gro\u00dfhandel"},"content":{"rendered":"<div data-elementor-type=\"wp-post\" data-elementor-id=\"18366\" class=\"elementor elementor-18366\">\n\t\t\t\t\t\t<section class=\"elementor-section elementor-top-section elementor-element elementor-element-22d42a82 elementor-section-boxed elementor-section-height-default elementor-section-height-default\" data-id=\"22d42a82\" data-element_type=\"section\" data-e-type=\"section\">\n\t\t\t\t\t\t<div class=\"elementor-container elementor-column-gap-default\">\n\t\t\t\t\t<div class=\"elementor-column elementor-col-100 elementor-top-column elementor-element elementor-element-282f6830\" data-id=\"282f6830\" data-element_type=\"column\" data-e-type=\"column\">\n\t\t\t<div class=\"elementor-widget-wrap elementor-element-populated\">\n\t\t\t\t\t\t<div class=\"elementor-element elementor-element-13311a4d color-scheme-inherit text-left elementor-widget elementor-widget-text-editor\" data-id=\"13311a4d\" data-element_type=\"widget\" data-e-type=\"widget\" data-widget_type=\"text-editor.default\">\n\t\t\t\t<div class=\"elementor-widget-container\">\n\t\t\t\t\t\t\t\t\tDiese <strong>Glasbong mit Spiral-Perkolatoren<\/strong> werden in Handarbeit aus stabilem, kristallklarem Borosilikatglas hergestellt und sind daher besonders langlebig.\r\n\r\nDas gerade Rohrdesign wird durch einen stabilen, runden Sockel erg\u00e4nzt, der f\u00fcr hervorragende Stabilit\u00e4t sorgt.\r\n\r\nDas schlanke zylindrische Rohr und der gerade Hals sorgen f\u00fcr sanfte, gefilterte Z\u00fcge.\r\n\r\nDas Hauptmerkmal ist die Inline-Spirale Perkolator, die einen Wirbel der Wasserfiltration erzeugt. Dies erzeugt eine feine Diffusion des Rauchs f\u00fcr ein k\u00fchleres, sanfteres Raucherlebnis.\r\n\r\nUnser<strong> Glasbong mit Spiral-Perkolator<\/strong> ist mit Eisfangkammern und mehrstufigen Filtersystemen f\u00fcr eine effektive Rauchk\u00fchlung und superweiche Hits konzipiert. Dies ist un\u00fcbertroffen durch regelm\u00e4\u00dfige Glas oder Metall Bongs.\r\n\r\nDiese <strong>gerade Bong mit Perkolatoren<\/strong> ist in verschiedenen Gr\u00f6\u00dfen erh\u00e4ltlich, von kompakten 12-Zoll- bis hin zu gro\u00dfen 18-Zoll-Rohren, um den Anforderungen aller Benutzer gerecht zu werden.\r\n\r\nWorauf warten Sie also noch? Liefern Sie die sanftesten Hits der Stadt mit diesen<strong> Glasbongs mit Spiral-Perkolator<\/strong> heute!\r\n\r\nIhre Zufriedenheit ist garantiert, wenn Sie sich f\u00fcr uns als Ihren <a href=\"https:\/\/global-hookah.com\/product-category\/bong-wholesale\/\">Bong-Gro\u00dfh\u00e4ndler<\/a>.\t\t\t\t\t\t\t\t<\/div>\n\t\t\t\t<\/div>\n\t\t\t\t\t<\/div>\n\t\t<\/div>\n\t\t\t\t\t<\/div>\n\t\t<\/section>\n\t\t\t\t<section class=\"elementor-section elementor-top-section elementor-element elementor-element-b424d14 elementor-section-boxed elementor-section-height-default elementor-section-height-default\" data-id=\"b424d14\" data-element_type=\"section\" data-e-type=\"section\">\n\t\t\t\t\t\t<div class=\"elementor-container elementor-column-gap-default\">\n\t\t\t\t\t<div class=\"elementor-column elementor-col-100 elementor-top-column elementor-element elementor-element-f64325e\" data-id=\"f64325e\" data-element_type=\"column\" data-e-type=\"column\">\n\t\t\t<div class=\"elementor-widget-wrap elementor-element-populated\">\n\t\t\t\t\t\t<div class=\"elementor-element elementor-element-87275e8 elementor-widget elementor-widget-heading\" data-id=\"87275e8\" data-element_type=\"widget\" data-e-type=\"widget\" data-widget_type=\"heading.default\">\n\t\t\t\t<div class=\"elementor-widget-container\">\n\t\t\t\t\t<h2 class=\"elementor-heading-title elementor-size-default\">FAQ<\/h2>\t\t\t\t<\/div>\n\t\t\t\t<\/div>\n\t\t\t\t<div class=\"elementor-element elementor-element-a65c818 elementor-widget elementor-widget-toggle\" data-id=\"a65c818\" data-element_type=\"widget\" data-e-type=\"widget\" data-widget_type=\"toggle.default\">\n\t\t\t\t<div class=\"elementor-widget-container\">\n\t\t\t\t\t\t\t<div class=\"elementor-toggle\">\n\t\t\t\t\t\t\t<div class=\"elementor-toggle-item\">\n\t\t\t\t\t<div id=\"elementor-tab-title-1741\" class=\"elementor-tab-title\" data-tab=\"1\" role=\"button\" aria-controls=\"elementor-tab-content-1741\" aria-expanded=\"false\">\n\t\t\t\t\t\t\t\t\t\t\t\t<span class=\"elementor-toggle-icon elementor-toggle-icon-left\" aria-hidden=\"true\">\n\t\t\t\t\t\t\t\t\t\t\t\t\t\t\t<span class=\"elementor-toggle-icon-closed\"><i class=\"fas fa-caret-right\"><\/i><\/span>\n\t\t\t\t\t\t\t\t<span class=\"elementor-toggle-icon-opened\"><i class=\"elementor-toggle-icon-opened fas fa-caret-up\"><\/i><\/span>\n\t\t\t\t\t\t\t\t\t\t\t\t\t<\/span>\n\t\t\t\t\t\t\t\t\t\t\t\t<a class=\"elementor-toggle-title\" tabindex=\"0\">Was ist eine spiralf\u00f6rmige Perkolator-Glasbong mit einem geraden Rohr?<\/a>\n\t\t\t\t\t<\/div>\n\n\t\t\t\t\t<div id=\"elementor-tab-content-1741\" class=\"elementor-tab-content elementor-clearfix\" data-tab=\"1\" role=\"region\" aria-labelledby=\"elementor-tab-title-1741\"><p>Eine Glasbong mit geradem Rohr und spiralf\u00f6rmigem Perkolator ist eine Wasserpfeife aus Glas, die einen geraden, zylinderf\u00f6rmigen Hauptkopf hat. Im Inneren des Rohrs befindet sich ein kreisf\u00f6rmiger Perkolator, der den Rauch filtert und verteilt. Der spiralf\u00f6rmige Perkolator hat kleine L\u00f6cher, durch die der Rauch durch das Wasser flie\u00dft. Dadurch wird der Rauch gek\u00fchlt und gereinigt, bevor er inhaliert wird.<\/p><\/div>\n\t\t\t\t<\/div>\n\t\t\t\t\t\t\t<div class=\"elementor-toggle-item\">\n\t\t\t\t\t<div id=\"elementor-tab-title-1742\" class=\"elementor-tab-title\" data-tab=\"2\" role=\"button\" aria-controls=\"elementor-tab-content-1742\" aria-expanded=\"false\">\n\t\t\t\t\t\t\t\t\t\t\t\t<span class=\"elementor-toggle-icon elementor-toggle-icon-left\" aria-hidden=\"true\">\n\t\t\t\t\t\t\t\t\t\t\t\t\t\t\t<span class=\"elementor-toggle-icon-closed\"><i class=\"fas fa-caret-right\"><\/i><\/span>\n\t\t\t\t\t\t\t\t<span class=\"elementor-toggle-icon-opened\"><i class=\"elementor-toggle-icon-opened fas fa-caret-up\"><\/i><\/span>\n\t\t\t\t\t\t\t\t\t\t\t\t\t<\/span>\n\t\t\t\t\t\t\t\t\t\t\t\t<a class=\"elementor-toggle-title\" tabindex=\"0\">Was sind die Vorteile von Spiral-Perkolatoren in Bongs?<\/a>\n\t\t\t\t\t<\/div>\n\n\t\t\t\t\t<div id=\"elementor-tab-content-1742\" class=\"elementor-tab-content elementor-clearfix\" data-tab=\"2\" role=\"region\" aria-labelledby=\"elementor-tab-title-1742\"><p>Eine seiner besten Eigenschaften ist, dass er den Rauch verteilen und Verunreinigungen abschirmen kann, wodurch der Treffer sanfter wird. Die gr\u00f6\u00dfere Oberfl\u00e4che des Kreises bedeutet, dass sich mehr Wasser mit dem Rauch vermischen kann. Die Temperatur des Rauchs sinkt und er wird gefiltert.<\/p><\/div>\n\t\t\t\t<\/div>\n\t\t\t\t\t\t\t<div class=\"elementor-toggle-item\">\n\t\t\t\t\t<div id=\"elementor-tab-title-1743\" class=\"elementor-tab-title\" data-tab=\"3\" role=\"button\" aria-controls=\"elementor-tab-content-1743\" aria-expanded=\"false\">\n\t\t\t\t\t\t\t\t\t\t\t\t<span class=\"elementor-toggle-icon elementor-toggle-icon-left\" aria-hidden=\"true\">\n\t\t\t\t\t\t\t\t\t\t\t\t\t\t\t<span class=\"elementor-toggle-icon-closed\"><i class=\"fas fa-caret-right\"><\/i><\/span>\n\t\t\t\t\t\t\t\t<span class=\"elementor-toggle-icon-opened\"><i class=\"elementor-toggle-icon-opened fas fa-caret-up\"><\/i><\/span>\n\t\t\t\t\t\t\t\t\t\t\t\t\t<\/span>\n\t\t\t\t\t\t\t\t\t\t\t\t<a class=\"elementor-toggle-title\" tabindex=\"0\">In welchen Gr\u00f6\u00dfen ist diese Massenbong erh\u00e4ltlich?<\/a>\n\t\t\t\t\t<\/div>\n\n\t\t\t\t\t<div id=\"elementor-tab-content-1743\" class=\"elementor-tab-content elementor-clearfix\" data-tab=\"3\" role=\"region\" aria-labelledby=\"elementor-tab-title-1743\"><p>Diese spiralf\u00f6rmige Perkolator-Glasbong, die in gro\u00dfen Mengen verkauft wird, ist in verschiedenen Gr\u00f6\u00dfen erh\u00e4ltlich. Sie k\u00f6nnen aus vier Gr\u00f6\u00dfen w\u00e4hlen: 10\u2033, 12\u2033, 15\u2033 und 18\u2033.<\/p><\/div>\n\t\t\t\t<\/div>\n\t\t\t\t\t\t\t<div class=\"elementor-toggle-item\">\n\t\t\t\t\t<div id=\"elementor-tab-title-1744\" class=\"elementor-tab-title\" data-tab=\"4\" role=\"button\" aria-controls=\"elementor-tab-content-1744\" aria-expanded=\"false\">\n\t\t\t\t\t\t\t\t\t\t\t\t<span class=\"elementor-toggle-icon elementor-toggle-icon-left\" aria-hidden=\"true\">\n\t\t\t\t\t\t\t\t\t\t\t\t\t\t\t<span class=\"elementor-toggle-icon-closed\"><i class=\"fas fa-caret-right\"><\/i><\/span>\n\t\t\t\t\t\t\t\t<span class=\"elementor-toggle-icon-opened\"><i class=\"elementor-toggle-icon-opened fas fa-caret-up\"><\/i><\/span>\n\t\t\t\t\t\t\t\t\t\t\t\t\t<\/span>\n\t\t\t\t\t\t\t\t\t\t\t\t<a class=\"elementor-toggle-title\" tabindex=\"0\">Gibt es au\u00dfer dem Stiel und der Schale noch etwas anderes, das mit dieser Bong geliefert wird?<\/a>\n\t\t\t\t\t<\/div>\n\n\t\t\t\t\t<div id=\"elementor-tab-content-1744\" class=\"elementor-tab-content elementor-clearfix\" data-tab=\"4\" role=\"region\" aria-labelledby=\"elementor-tab-title-1744\"><p>Diese Bulk-Bong wird mit dem Glaskopf und Downstem geliefert. Weil sie beide 14 mm sind, die Schale und downstem passen eng in die Verbindung. Sie k\u00f6nnen diese Wasserleitung ohne den Kauf von zus\u00e4tzlichen Teilen zu gehen mit ihm zu verwenden.<\/p><\/div>\n\t\t\t\t<\/div>\n\t\t\t\t\t\t\t<div class=\"elementor-toggle-item\">\n\t\t\t\t\t<div id=\"elementor-tab-title-1745\" class=\"elementor-tab-title\" data-tab=\"5\" role=\"button\" aria-controls=\"elementor-tab-content-1745\" aria-expanded=\"false\">\n\t\t\t\t\t\t\t\t\t\t\t\t<span class=\"elementor-toggle-icon elementor-toggle-icon-left\" aria-hidden=\"true\">\n\t\t\t\t\t\t\t\t\t\t\t\t\t\t\t<span class=\"elementor-toggle-icon-closed\"><i class=\"fas fa-caret-right\"><\/i><\/span>\n\t\t\t\t\t\t\t\t<span class=\"elementor-toggle-icon-opened\"><i class=\"elementor-toggle-icon-opened fas fa-caret-up\"><\/i><\/span>\n\t\t\t\t\t\t\t\t\t\t\t\t\t<\/span>\n\t\t\t\t\t\t\t\t\t\t\t\t<a class=\"elementor-toggle-title\" tabindex=\"0\"> Ist diese Bong mit dem Spiral-Perkolator leicht zu reinigen?<\/a>\n\t\t\t\t\t<\/div>\n\n\t\t\t\t\t<div id=\"elementor-tab-content-1745\" class=\"elementor-tab-content elementor-clearfix\" data-tab=\"5\" role=\"region\" aria-labelledby=\"elementor-tab-title-1745\"><p>Das ist richtig, diese gerade R\u00f6hrenbong mit spiralf\u00f6rmigem Perkolator ist so konzipiert, dass sie leicht zu reinigen ist. Dank der geraden Form k\u00f6nnen die B\u00fcrsten leicht das gesamte Innere erreichen. Um Ablagerungen zu beseitigen, kann der Perkolator vollst\u00e4ndig eingetaucht werden.<\/p><\/div>\n\t\t\t\t<\/div>\n\t\t\t\t\t\t\t\t<\/div>\n\t\t\t\t\t\t<\/div>\n\t\t\t\t<\/div>\n\t\t\t\t\t<\/div>\n\t\t<\/div>\n\t\t\t\t\t<\/div>\n\t\t<\/section>\n\t\t\t\t<\/div>","protected":false},"excerpt":{"rendered":"<p>Diese Glasbong mit spiralf\u00f6rmigem Perkolator wird in Handarbeit aus starkem, kristallklarem Borosilikatglas hergestellt, um eine lange Lebensdauer zu gew\u00e4hrleisten. Das gerade Rohr Design<\/p>","protected":false},"featured_media":18369,"comment_status":"open","ping_status":"closed","template":"","meta":{"iawp_total_views":3,"_joinchat":[]},"product_brand":[],"product_cat":[535],"product_tag":[],"class_list":{"0":"post-18366","1":"product","2":"type-product","3":"status-publish","4":"has-post-thumbnail","6":"product_cat-wholesale-glass-bong","8":"first","9":"instock","10":"shipping-taxable","11":"product-type-external"},"yoast_head":"<!-- This site is optimized with the Yoast SEO Premium plugin v24.7 (Yoast SEO v26.8) - https:\/\/yoast.com\/product\/yoast-seo-premium-wordpress\/ -->\n<title>Straight Tube Glass Bong With Spiral Percolator Wholesale - Global Hookah<\/title>\n<meta name=\"robots\" content=\"index, follow, max-snippet:-1, max-image-preview:large, max-video-preview:-1\" \/>\n<link rel=\"canonical\" href=\"https:\/\/global-hookah.com\/de\/produkt\/gerades-rohr-glasbong-mit-spirale-perkolator-groshandel\/\" \/>\n<meta property=\"og:locale\" content=\"de_DE\" \/>\n<meta property=\"og:type\" content=\"article\" \/>\n<meta property=\"og:title\" content=\"Straight Tube Glass Bong With Spiral Percolator Wholesale\" \/>\n<meta property=\"og:description\" content=\"These Glass Bong With Spiral Percolators are handcrafted from strong, crystal clear borosilicate glass for durability. The straight tube design\" \/>\n<meta property=\"og:url\" content=\"https:\/\/global-hookah.com\/de\/produkt\/gerades-rohr-glasbong-mit-spirale-perkolator-groshandel\/\" \/>\n<meta property=\"og:site_name\" content=\"Global Hookah\" \/>\n<meta property=\"article:modified_time\" content=\"2024-02-19T08:22:03+00:00\" \/>\n<meta property=\"og:image\" content=\"https:\/\/global-hookah.com\/wp-content\/uploads\/2023\/12\/\u4e3b\u56fe-01-1-4.jpg\" \/>\n\t<meta property=\"og:image:width\" content=\"800\" \/>\n\t<meta property=\"og:image:height\" content=\"800\" \/>\n\t<meta property=\"og:image:type\" content=\"image\/jpeg\" \/>\n<meta name=\"twitter:card\" content=\"summary_large_image\" \/>\n<script type=\"application\/ld+json\" class=\"yoast-schema-graph\">{\"@context\":\"https:\/\/schema.org\",\"@graph\":[{\"@type\":\"WebPage\",\"@id\":\"https:\/\/global-hookah.com\/de\/produkt\/gerades-rohr-glasbong-mit-spirale-perkolator-groshandel\/\",\"url\":\"https:\/\/global-hookah.com\/de\/produkt\/gerades-rohr-glasbong-mit-spirale-perkolator-groshandel\/\",\"name\":\"Straight Tube Glass Bong With Spiral Percolator Wholesale - Global Hookah\",\"isPartOf\":{\"@id\":\"https:\/\/global-hookah.com\/#website\"},\"primaryImageOfPage\":{\"@id\":\"https:\/\/global-hookah.com\/de\/produkt\/gerades-rohr-glasbong-mit-spirale-perkolator-groshandel\/#primaryimage\"},\"image\":{\"@id\":\"https:\/\/global-hookah.com\/de\/produkt\/gerades-rohr-glasbong-mit-spirale-perkolator-groshandel\/#primaryimage\"},\"thumbnailUrl\":\"https:\/\/global-hookah.com\/wp-content\/uploads\/2023\/12\/\u4e3b\u56fe-01-1-4.jpg\",\"datePublished\":\"2023-12-31T07:01:26+00:00\",\"dateModified\":\"2024-02-19T08:22:03+00:00\",\"breadcrumb\":{\"@id\":\"https:\/\/global-hookah.com\/de\/produkt\/gerades-rohr-glasbong-mit-spirale-perkolator-groshandel\/#breadcrumb\"},\"inLanguage\":\"de\",\"potentialAction\":[{\"@type\":\"ReadAction\",\"target\":[\"https:\/\/global-hookah.com\/de\/produkt\/gerades-rohr-glasbong-mit-spirale-perkolator-groshandel\/\"]}]},{\"@type\":\"ImageObject\",\"inLanguage\":\"de\",\"@id\":\"https:\/\/global-hookah.com\/de\/produkt\/gerades-rohr-glasbong-mit-spirale-perkolator-groshandel\/#primaryimage\",\"url\":\"https:\/\/global-hookah.com\/wp-content\/uploads\/2023\/12\/\u4e3b\u56fe-01-1-4.jpg\",\"contentUrl\":\"https:\/\/global-hookah.com\/wp-content\/uploads\/2023\/12\/\u4e3b\u56fe-01-1-4.jpg\",\"width\":800,\"height\":800,\"caption\":\"Glass Bong With Spiral Percolator Wholesale\"},{\"@type\":\"BreadcrumbList\",\"@id\":\"https:\/\/global-hookah.com\/de\/produkt\/gerades-rohr-glasbong-mit-spirale-perkolator-groshandel\/#breadcrumb\",\"itemListElement\":[{\"@type\":\"ListItem\",\"position\":1,\"name\":\"Home\",\"item\":\"https:\/\/global-hookah.com\/\"},{\"@type\":\"ListItem\",\"position\":2,\"name\":\"Shop\",\"item\":\"https:\/\/global-hookah.com\/shop\/\"},{\"@type\":\"ListItem\",\"position\":3,\"name\":\"Straight Tube Glass Bong With Spiral Percolator Wholesale\"}]},{\"@type\":\"WebSite\",\"@id\":\"https:\/\/global-hookah.com\/#website\",\"url\":\"https:\/\/global-hookah.com\/\",\"name\":\"Global Hookah\",\"description\":\"Global Hookah\",\"publisher\":{\"@id\":\"https:\/\/global-hookah.com\/#organization\"},\"potentialAction\":[{\"@type\":\"SearchAction\",\"target\":{\"@type\":\"EntryPoint\",\"urlTemplate\":\"https:\/\/global-hookah.com\/?s={search_term_string}\"},\"query-input\":{\"@type\":\"PropertyValueSpecification\",\"valueRequired\":true,\"valueName\":\"search_term_string\"}}],\"inLanguage\":\"de\"},{\"@type\":\"Organization\",\"@id\":\"https:\/\/global-hookah.com\/#organization\",\"name\":\"Global Hookah\",\"url\":\"https:\/\/global-hookah.com\/\",\"logo\":{\"@type\":\"ImageObject\",\"inLanguage\":\"de\",\"@id\":\"https:\/\/global-hookah.com\/#\/schema\/logo\/image\/\",\"url\":\"https:\/\/global-hookah.com\/wp-content\/uploads\/2021\/10\/cropped-fgg.png\",\"contentUrl\":\"https:\/\/global-hookah.com\/wp-content\/uploads\/2021\/10\/cropped-fgg.png\",\"width\":512,\"height\":512,\"caption\":\"Global Hookah\"},\"image\":{\"@id\":\"https:\/\/global-hookah.com\/#\/schema\/logo\/image\/\"}}]}<\/script>\n<!-- \/ Yoast SEO Premium plugin. -->","yoast_head_json":{"title":"Gerade Rohr Glas Bong mit Spirale Percolator Gro\u00dfhandel - Global Hookah","robots":{"index":"index","follow":"follow","max-snippet":"max-snippet:-1","max-image-preview":"max-image-preview:large","max-video-preview":"max-video-preview:-1"},"canonical":"https:\/\/global-hookah.com\/de\/produkt\/gerades-rohr-glasbong-mit-spirale-perkolator-groshandel\/","og_locale":"de_DE","og_type":"article","og_title":"Straight Tube Glass Bong With Spiral Percolator Wholesale","og_description":"These Glass Bong With Spiral Percolators are handcrafted from strong, crystal clear borosilicate glass for durability. The straight tube design","og_url":"https:\/\/global-hookah.com\/de\/produkt\/gerades-rohr-glasbong-mit-spirale-perkolator-groshandel\/","og_site_name":"Global Hookah","article_modified_time":"2024-02-19T08:22:03+00:00","og_image":[{"width":800,"height":800,"url":"https:\/\/global-hookah.com\/wp-content\/uploads\/2023\/12\/\u4e3b\u56fe-01-1-4.jpg","type":"image\/jpeg"}],"twitter_card":"summary_large_image","schema":{"@context":"https:\/\/schema.org","@graph":[{"@type":"WebPage","@id":"https:\/\/global-hookah.com\/de\/produkt\/gerades-rohr-glasbong-mit-spirale-perkolator-groshandel\/","url":"https:\/\/global-hookah.com\/de\/produkt\/gerades-rohr-glasbong-mit-spirale-perkolator-groshandel\/","name":"Gerade Rohr Glas Bong mit Spirale Percolator Gro\u00dfhandel - Global Hookah","isPartOf":{"@id":"https:\/\/global-hookah.com\/#website"},"primaryImageOfPage":{"@id":"https:\/\/global-hookah.com\/de\/produkt\/gerades-rohr-glasbong-mit-spirale-perkolator-groshandel\/#primaryimage"},"image":{"@id":"https:\/\/global-hookah.com\/de\/produkt\/gerades-rohr-glasbong-mit-spirale-perkolator-groshandel\/#primaryimage"},"thumbnailUrl":"https:\/\/global-hookah.com\/wp-content\/uploads\/2023\/12\/\u4e3b\u56fe-01-1-4.jpg","datePublished":"2023-12-31T07:01:26+00:00","dateModified":"2024-02-19T08:22:03+00:00","breadcrumb":{"@id":"https:\/\/global-hookah.com\/de\/produkt\/gerades-rohr-glasbong-mit-spirale-perkolator-groshandel\/#breadcrumb"},"inLanguage":"de","potentialAction":[{"@type":"ReadAction","target":["https:\/\/global-hookah.com\/de\/produkt\/gerades-rohr-glasbong-mit-spirale-perkolator-groshandel\/"]}]},{"@type":"ImageObject","inLanguage":"de","@id":"https:\/\/global-hookah.com\/de\/produkt\/gerades-rohr-glasbong-mit-spirale-perkolator-groshandel\/#primaryimage","url":"https:\/\/global-hookah.com\/wp-content\/uploads\/2023\/12\/\u4e3b\u56fe-01-1-4.jpg","contentUrl":"https:\/\/global-hookah.com\/wp-content\/uploads\/2023\/12\/\u4e3b\u56fe-01-1-4.jpg","width":800,"height":800,"caption":"Glass Bong With Spiral Percolator Wholesale"},{"@type":"BreadcrumbList","@id":"https:\/\/global-hookah.com\/de\/produkt\/gerades-rohr-glasbong-mit-spirale-perkolator-groshandel\/#breadcrumb","itemListElement":[{"@type":"ListItem","position":1,"name":"Home","item":"https:\/\/global-hookah.com\/"},{"@type":"ListItem","position":2,"name":"Shop","item":"https:\/\/global-hookah.com\/shop\/"},{"@type":"ListItem","position":3,"name":"Straight Tube Glass Bong With Spiral Percolator Wholesale"}]},{"@type":"WebSite","@id":"https:\/\/global-hookah.com\/#website","url":"https:\/\/global-hookah.com\/","name":"Globale Wasserpfeife","description":"Globale Wasserpfeife","publisher":{"@id":"https:\/\/global-hookah.com\/#organization"},"potentialAction":[{"@type":"SearchAction","target":{"@type":"EntryPoint","urlTemplate":"https:\/\/global-hookah.com\/?s={search_term_string}"},"query-input":{"@type":"PropertyValueSpecification","valueRequired":true,"valueName":"search_term_string"}}],"inLanguage":"de"},{"@type":"Organization","@id":"https:\/\/global-hookah.com\/#organization","name":"Globale Wasserpfeife","url":"https:\/\/global-hookah.com\/","logo":{"@type":"ImageObject","inLanguage":"de","@id":"https:\/\/global-hookah.com\/#\/schema\/logo\/image\/","url":"https:\/\/global-hookah.com\/wp-content\/uploads\/2021\/10\/cropped-fgg.png","contentUrl":"https:\/\/global-hookah.com\/wp-content\/uploads\/2021\/10\/cropped-fgg.png","width":512,"height":512,"caption":"Global Hookah"},"image":{"@id":"https:\/\/global-hookah.com\/#\/schema\/logo\/image\/"}}]}},"_links":{"self":[{"href":"https:\/\/global-hookah.com\/de\/wp-json\/wp\/v2\/product\/18366","targetHints":{"allow":["GET"]}}],"collection":[{"href":"https:\/\/global-hookah.com\/de\/wp-json\/wp\/v2\/product"}],"about":[{"href":"https:\/\/global-hookah.com\/de\/wp-json\/wp\/v2\/types\/product"}],"replies":[{"embeddable":true,"href":"https:\/\/global-hookah.com\/de\/wp-json\/wp\/v2\/comments?post=18366"}],"version-history":[{"count":0,"href":"https:\/\/global-hookah.com\/de\/wp-json\/wp\/v2\/product\/18366\/revisions"}],"wp:featuredmedia":[{"embeddable":true,"href":"https:\/\/global-hookah.com\/de\/wp-json\/wp\/v2\/media\/18369"}],"wp:attachment":[{"href":"https:\/\/global-hookah.com\/de\/wp-json\/wp\/v2\/media?parent=18366"}],"wp:term":[{"taxonomy":"product_brand","embeddable":true,"href":"https:\/\/global-hookah.com\/de\/wp-json\/wp\/v2\/product_brand?post=18366"},{"taxonomy":"product_cat","embeddable":true,"href":"https:\/\/global-hookah.com\/de\/wp-json\/wp\/v2\/product_cat?post=18366"},{"taxonomy":"product_tag","embeddable":true,"href":"https:\/\/global-hookah.com\/de\/wp-json\/wp\/v2\/product_tag?post=18366"}],"curies":[{"name":"wp","href":"https:\/\/api.w.org\/{rel}","templated":true}]}}