{"id":18386,"date":"2023-12-31T07:13:40","date_gmt":"2023-12-31T07:13:40","guid":{"rendered":"https:\/\/global-hookah.com\/?post_type=product&#038;p=18386"},"modified":"2024-04-12T08:49:00","modified_gmt":"2024-04-12T08:49:00","slug":"wholesale-of-17-inch-four-layer-filter-glass-bongs","status":"publish","type":"product","link":"https:\/\/global-hookah.com\/de\/produkt\/wholesale-of-17-inch-four-layer-filter-glass-bongs\/","title":{"rendered":"Gro\u00dfhandel von 17-Zoll Vier-Schicht-Filter Glas Bongs"},"content":{"rendered":"<p><span data-preserver-spaces=\"true\">Diese\u00a0<\/span><strong><span data-preserver-spaces=\"true\">Vier-Schicht-Filter-Glas-Bongs<\/span><\/strong><span data-preserver-spaces=\"true\">\u00a0verf\u00fcgt \u00fcber ein 17-Zoll langes Design f\u00fcr eine bessere Filtration. Die gesamte Bong ist aus hochwertigem Glas handgefertigt, das frei von Giftstoffen ist und so den reinsten Rauch garantiert. Was mich am meisten begeistert, ist das vierschichtige Filtersystem mit zwei motorisierten Filtern, einem Eisf\u00e4nger f\u00fcr eiskalte Z\u00fcge und einem Spiralfilter - jeder Zug ist immens befriedigend!<\/span><\/p>\n<p><span data-preserver-spaces=\"true\">Die Standard 14mm Joint ist kompatibel mit verschiedenen Schalen, und die extra lange R\u00f6hre bietet hervorragende K\u00fchlung f\u00fcr ein unvergessliches Raucherlebnis. Wenn Sie ein Anf\u00e4nger sind, dann, wenn Sie diese verwenden <strong>Vier-Schicht-Filter-Glas-Bongs<\/strong> wird Ihnen ein gro\u00dfartiges imagin\u00e4res Raucherlebnis bescheren<\/span><\/p>\n<p><span data-preserver-spaces=\"true\">Wenn Sie sich von der mehrstufigen Filtration angesprochen f\u00fchlen, kontaktieren Sie mich jetzt! Ich habe einen gro\u00dfen Bestand und kann Ihnen unschlagbare\u00a0<\/span><a class=\"editor-rtfLink\" href=\"https:\/\/global-hookah.com\/product-category\/bong-wholesale\/\" target=\"_blank\" rel=\"noopener\"><span data-preserver-spaces=\"true\">Gro\u00dfhandelspreise f\u00fcr Bongs.<\/span><\/a><span data-preserver-spaces=\"true\">\u00a0Diese Bong wird sicherlich Ihre erste Wahl werden!<\/span><\/p>","protected":false},"excerpt":{"rendered":"<p>Diese Vier-Schicht-Filter-Glas-Bongs verf\u00fcgt \u00fcber ein 17-Zoll langes Design f\u00fcr eine bessere Filtration. Die gesamte Bong ist aus hochwertigem Glas handgefertigt, das<\/p>","protected":false},"featured_media":18388,"comment_status":"open","ping_status":"closed","template":"","meta":{"iawp_total_views":0,"_joinchat":[]},"product_brand":[],"product_cat":[535],"product_tag":[],"class_list":{"0":"post-18386","1":"product","2":"type-product","3":"status-publish","4":"has-post-thumbnail","6":"product_cat-wholesale-glass-bong","8":"first","9":"instock","10":"shipping-taxable","11":"product-type-external"},"yoast_head":"<!-- This site is optimized with the Yoast SEO Premium plugin v24.7 (Yoast SEO v26.8) - https:\/\/yoast.com\/product\/yoast-seo-premium-wordpress\/ -->\n<title>Wholesale Of 17-Inch Four-Layer Filter Glass Bongs - Global Hookah<\/title>\n<meta name=\"robots\" content=\"index, follow, max-snippet:-1, max-image-preview:large, max-video-preview:-1\" \/>\n<link rel=\"canonical\" href=\"https:\/\/global-hookah.com\/de\/ru\/\u043f\u0440\u043e\u0434\u0443\u043a\u0442\/\u043e\u043f\u0442\u043e\u0432\u0430\u044f-\u0442\u043e\u0440\u0433\u043e\u0432\u043b\u044f-17-\u0434\u044e\u0439\u043c\u043e\u0432-\u0447\u0435\u0442\u044b\u0440\u0435-\u0441\u043b\u043e\u044f-\u0444\/\" \/>\n<meta property=\"og:locale\" content=\"de_DE\" \/>\n<meta property=\"og:type\" content=\"article\" \/>\n<meta property=\"og:title\" content=\"Wholesale Of 17-Inch Four-Layer Filter Glass Bongs\" \/>\n<meta property=\"og:description\" content=\"This\u00a0Four-Layer Filter Glass Bongs\u00a0features a 17-inch long design for better filtration. The entire bong is handcrafted from high-quality glass that\" \/>\n<meta property=\"og:url\" content=\"https:\/\/global-hookah.com\/de\/ru\/\u043f\u0440\u043e\u0434\u0443\u043a\u0442\/\u043e\u043f\u0442\u043e\u0432\u0430\u044f-\u0442\u043e\u0440\u0433\u043e\u0432\u043b\u044f-17-\u0434\u044e\u0439\u043c\u043e\u0432-\u0447\u0435\u0442\u044b\u0440\u0435-\u0441\u043b\u043e\u044f-\u0444\/\" \/>\n<meta property=\"og:site_name\" content=\"Global Hookah\" \/>\n<meta property=\"article:modified_time\" content=\"2024-04-12T08:49:00+00:00\" \/>\n<meta property=\"og:image\" content=\"https:\/\/global-hookah.com\/wp-content\/uploads\/2023\/12\/\u4e3b\u56fe-01-36.jpg\" \/>\n\t<meta property=\"og:image:width\" content=\"800\" \/>\n\t<meta property=\"og:image:height\" content=\"800\" \/>\n\t<meta property=\"og:image:type\" content=\"image\/jpeg\" \/>\n<meta name=\"twitter:card\" content=\"summary_large_image\" \/>\n<meta name=\"twitter:label1\" content=\"Gesch\u00e4tzte Lesezeit\" \/>\n\t<meta name=\"twitter:data1\" content=\"1\u00a0Minute\" \/>\n<script type=\"application\/ld+json\" class=\"yoast-schema-graph\">{\"@context\":\"https:\/\/schema.org\",\"@graph\":[{\"@type\":\"WebPage\",\"@id\":\"https:\/\/global-hookah.com\/ru\/\u043f\u0440\u043e\u0434\u0443\u043a\u0442\/\u043e\u043f\u0442\u043e\u0432\u0430\u044f-\u0442\u043e\u0440\u0433\u043e\u0432\u043b\u044f-17-\u0434\u044e\u0439\u043c\u043e\u0432-\u0447\u0435\u0442\u044b\u0440\u0435-\u0441\u043b\u043e\u044f-\u0444\/\",\"url\":\"https:\/\/global-hookah.com\/ru\/\u043f\u0440\u043e\u0434\u0443\u043a\u0442\/\u043e\u043f\u0442\u043e\u0432\u0430\u044f-\u0442\u043e\u0440\u0433\u043e\u0432\u043b\u044f-17-\u0434\u044e\u0439\u043c\u043e\u0432-\u0447\u0435\u0442\u044b\u0440\u0435-\u0441\u043b\u043e\u044f-\u0444\/\",\"name\":\"Wholesale Of 17-Inch Four-Layer Filter Glass Bongs - Global Hookah\",\"isPartOf\":{\"@id\":\"https:\/\/global-hookah.com\/#website\"},\"primaryImageOfPage\":{\"@id\":\"https:\/\/global-hookah.com\/ru\/\u043f\u0440\u043e\u0434\u0443\u043a\u0442\/\u043e\u043f\u0442\u043e\u0432\u0430\u044f-\u0442\u043e\u0440\u0433\u043e\u0432\u043b\u044f-17-\u0434\u044e\u0439\u043c\u043e\u0432-\u0447\u0435\u0442\u044b\u0440\u0435-\u0441\u043b\u043e\u044f-\u0444\/#primaryimage\"},\"image\":{\"@id\":\"https:\/\/global-hookah.com\/ru\/\u043f\u0440\u043e\u0434\u0443\u043a\u0442\/\u043e\u043f\u0442\u043e\u0432\u0430\u044f-\u0442\u043e\u0440\u0433\u043e\u0432\u043b\u044f-17-\u0434\u044e\u0439\u043c\u043e\u0432-\u0447\u0435\u0442\u044b\u0440\u0435-\u0441\u043b\u043e\u044f-\u0444\/#primaryimage\"},\"thumbnailUrl\":\"https:\/\/global-hookah.com\/wp-content\/uploads\/2023\/12\/\u4e3b\u56fe-01-36.jpg\",\"datePublished\":\"2023-12-31T07:13:40+00:00\",\"dateModified\":\"2024-04-12T08:49:00+00:00\",\"breadcrumb\":{\"@id\":\"https:\/\/global-hookah.com\/ru\/\u043f\u0440\u043e\u0434\u0443\u043a\u0442\/\u043e\u043f\u0442\u043e\u0432\u0430\u044f-\u0442\u043e\u0440\u0433\u043e\u0432\u043b\u044f-17-\u0434\u044e\u0439\u043c\u043e\u0432-\u0447\u0435\u0442\u044b\u0440\u0435-\u0441\u043b\u043e\u044f-\u0444\/#breadcrumb\"},\"inLanguage\":\"de\",\"potentialAction\":[{\"@type\":\"ReadAction\",\"target\":[\"https:\/\/global-hookah.com\/ru\/\u043f\u0440\u043e\u0434\u0443\u043a\u0442\/\u043e\u043f\u0442\u043e\u0432\u0430\u044f-\u0442\u043e\u0440\u0433\u043e\u0432\u043b\u044f-17-\u0434\u044e\u0439\u043c\u043e\u0432-\u0447\u0435\u0442\u044b\u0440\u0435-\u0441\u043b\u043e\u044f-\u0444\/\"]}]},{\"@type\":\"ImageObject\",\"inLanguage\":\"de\",\"@id\":\"https:\/\/global-hookah.com\/ru\/\u043f\u0440\u043e\u0434\u0443\u043a\u0442\/\u043e\u043f\u0442\u043e\u0432\u0430\u044f-\u0442\u043e\u0440\u0433\u043e\u0432\u043b\u044f-17-\u0434\u044e\u0439\u043c\u043e\u0432-\u0447\u0435\u0442\u044b\u0440\u0435-\u0441\u043b\u043e\u044f-\u0444\/#primaryimage\",\"url\":\"https:\/\/global-hookah.com\/wp-content\/uploads\/2023\/12\/\u4e3b\u56fe-01-36.jpg\",\"contentUrl\":\"https:\/\/global-hookah.com\/wp-content\/uploads\/2023\/12\/\u4e3b\u56fe-01-36.jpg\",\"width\":800,\"height\":800,\"caption\":\"Four-Layer Filter Glass Bongs\"},{\"@type\":\"BreadcrumbList\",\"@id\":\"https:\/\/global-hookah.com\/ru\/\u043f\u0440\u043e\u0434\u0443\u043a\u0442\/\u043e\u043f\u0442\u043e\u0432\u0430\u044f-\u0442\u043e\u0440\u0433\u043e\u0432\u043b\u044f-17-\u0434\u044e\u0439\u043c\u043e\u0432-\u0447\u0435\u0442\u044b\u0440\u0435-\u0441\u043b\u043e\u044f-\u0444\/#breadcrumb\",\"itemListElement\":[{\"@type\":\"ListItem\",\"position\":1,\"name\":\"Home\",\"item\":\"https:\/\/global-hookah.com\/\"},{\"@type\":\"ListItem\",\"position\":2,\"name\":\"Shop\",\"item\":\"https:\/\/global-hookah.com\/shop\/\"},{\"@type\":\"ListItem\",\"position\":3,\"name\":\"Wholesale Of 17-Inch Four-Layer Filter Glass Bongs\"}]},{\"@type\":\"WebSite\",\"@id\":\"https:\/\/global-hookah.com\/#website\",\"url\":\"https:\/\/global-hookah.com\/\",\"name\":\"Global Hookah\",\"description\":\"Global Hookah\",\"publisher\":{\"@id\":\"https:\/\/global-hookah.com\/#organization\"},\"potentialAction\":[{\"@type\":\"SearchAction\",\"target\":{\"@type\":\"EntryPoint\",\"urlTemplate\":\"https:\/\/global-hookah.com\/?s={search_term_string}\"},\"query-input\":{\"@type\":\"PropertyValueSpecification\",\"valueRequired\":true,\"valueName\":\"search_term_string\"}}],\"inLanguage\":\"de\"},{\"@type\":\"Organization\",\"@id\":\"https:\/\/global-hookah.com\/#organization\",\"name\":\"Global Hookah\",\"url\":\"https:\/\/global-hookah.com\/\",\"logo\":{\"@type\":\"ImageObject\",\"inLanguage\":\"de\",\"@id\":\"https:\/\/global-hookah.com\/#\/schema\/logo\/image\/\",\"url\":\"https:\/\/global-hookah.com\/wp-content\/uploads\/2021\/10\/cropped-fgg.png\",\"contentUrl\":\"https:\/\/global-hookah.com\/wp-content\/uploads\/2021\/10\/cropped-fgg.png\",\"width\":512,\"height\":512,\"caption\":\"Global Hookah\"},\"image\":{\"@id\":\"https:\/\/global-hookah.com\/#\/schema\/logo\/image\/\"}}]}<\/script>\n<!-- \/ Yoast SEO Premium plugin. -->","yoast_head_json":{"title":"Gro\u00dfhandel von 17-Zoll Vier-Schicht-Filter Glas Bongs - Global Hookah","robots":{"index":"index","follow":"follow","max-snippet":"max-snippet:-1","max-image-preview":"max-image-preview:large","max-video-preview":"max-video-preview:-1"},"canonical":"https:\/\/global-hookah.com\/de\/ru\/\u043f\u0440\u043e\u0434\u0443\u043a\u0442\/\u043e\u043f\u0442\u043e\u0432\u0430\u044f-\u0442\u043e\u0440\u0433\u043e\u0432\u043b\u044f-17-\u0434\u044e\u0439\u043c\u043e\u0432-\u0447\u0435\u0442\u044b\u0440\u0435-\u0441\u043b\u043e\u044f-\u0444\/","og_locale":"de_DE","og_type":"article","og_title":"Wholesale Of 17-Inch Four-Layer Filter Glass Bongs","og_description":"This\u00a0Four-Layer Filter Glass Bongs\u00a0features a 17-inch long design for better filtration. The entire bong is handcrafted from high-quality glass that","og_url":"https:\/\/global-hookah.com\/de\/ru\/\u043f\u0440\u043e\u0434\u0443\u043a\u0442\/\u043e\u043f\u0442\u043e\u0432\u0430\u044f-\u0442\u043e\u0440\u0433\u043e\u0432\u043b\u044f-17-\u0434\u044e\u0439\u043c\u043e\u0432-\u0447\u0435\u0442\u044b\u0440\u0435-\u0441\u043b\u043e\u044f-\u0444\/","og_site_name":"Global Hookah","article_modified_time":"2024-04-12T08:49:00+00:00","og_image":[{"width":800,"height":800,"url":"https:\/\/global-hookah.com\/wp-content\/uploads\/2023\/12\/\u4e3b\u56fe-01-36.jpg","type":"image\/jpeg"}],"twitter_card":"summary_large_image","twitter_misc":{"Gesch\u00e4tzte Lesezeit":"1\u00a0Minute"},"schema":{"@context":"https:\/\/schema.org","@graph":[{"@type":"WebPage","@id":"https:\/\/global-hookah.com\/ru\/\u043f\u0440\u043e\u0434\u0443\u043a\u0442\/\u043e\u043f\u0442\u043e\u0432\u0430\u044f-\u0442\u043e\u0440\u0433\u043e\u0432\u043b\u044f-17-\u0434\u044e\u0439\u043c\u043e\u0432-\u0447\u0435\u0442\u044b\u0440\u0435-\u0441\u043b\u043e\u044f-\u0444\/","url":"https:\/\/global-hookah.com\/ru\/\u043f\u0440\u043e\u0434\u0443\u043a\u0442\/\u043e\u043f\u0442\u043e\u0432\u0430\u044f-\u0442\u043e\u0440\u0433\u043e\u0432\u043b\u044f-17-\u0434\u044e\u0439\u043c\u043e\u0432-\u0447\u0435\u0442\u044b\u0440\u0435-\u0441\u043b\u043e\u044f-\u0444\/","name":"Gro\u00dfhandel von 17-Zoll Vier-Schicht-Filter Glas Bongs - Global Hookah","isPartOf":{"@id":"https:\/\/global-hookah.com\/#website"},"primaryImageOfPage":{"@id":"https:\/\/global-hookah.com\/ru\/\u043f\u0440\u043e\u0434\u0443\u043a\u0442\/\u043e\u043f\u0442\u043e\u0432\u0430\u044f-\u0442\u043e\u0440\u0433\u043e\u0432\u043b\u044f-17-\u0434\u044e\u0439\u043c\u043e\u0432-\u0447\u0435\u0442\u044b\u0440\u0435-\u0441\u043b\u043e\u044f-\u0444\/#primaryimage"},"image":{"@id":"https:\/\/global-hookah.com\/ru\/\u043f\u0440\u043e\u0434\u0443\u043a\u0442\/\u043e\u043f\u0442\u043e\u0432\u0430\u044f-\u0442\u043e\u0440\u0433\u043e\u0432\u043b\u044f-17-\u0434\u044e\u0439\u043c\u043e\u0432-\u0447\u0435\u0442\u044b\u0440\u0435-\u0441\u043b\u043e\u044f-\u0444\/#primaryimage"},"thumbnailUrl":"https:\/\/global-hookah.com\/wp-content\/uploads\/2023\/12\/\u4e3b\u56fe-01-36.jpg","datePublished":"2023-12-31T07:13:40+00:00","dateModified":"2024-04-12T08:49:00+00:00","breadcrumb":{"@id":"https:\/\/global-hookah.com\/ru\/\u043f\u0440\u043e\u0434\u0443\u043a\u0442\/\u043e\u043f\u0442\u043e\u0432\u0430\u044f-\u0442\u043e\u0440\u0433\u043e\u0432\u043b\u044f-17-\u0434\u044e\u0439\u043c\u043e\u0432-\u0447\u0435\u0442\u044b\u0440\u0435-\u0441\u043b\u043e\u044f-\u0444\/#breadcrumb"},"inLanguage":"de","potentialAction":[{"@type":"ReadAction","target":["https:\/\/global-hookah.com\/ru\/\u043f\u0440\u043e\u0434\u0443\u043a\u0442\/\u043e\u043f\u0442\u043e\u0432\u0430\u044f-\u0442\u043e\u0440\u0433\u043e\u0432\u043b\u044f-17-\u0434\u044e\u0439\u043c\u043e\u0432-\u0447\u0435\u0442\u044b\u0440\u0435-\u0441\u043b\u043e\u044f-\u0444\/"]}]},{"@type":"ImageObject","inLanguage":"de","@id":"https:\/\/global-hookah.com\/ru\/\u043f\u0440\u043e\u0434\u0443\u043a\u0442\/\u043e\u043f\u0442\u043e\u0432\u0430\u044f-\u0442\u043e\u0440\u0433\u043e\u0432\u043b\u044f-17-\u0434\u044e\u0439\u043c\u043e\u0432-\u0447\u0435\u0442\u044b\u0440\u0435-\u0441\u043b\u043e\u044f-\u0444\/#primaryimage","url":"https:\/\/global-hookah.com\/wp-content\/uploads\/2023\/12\/\u4e3b\u56fe-01-36.jpg","contentUrl":"https:\/\/global-hookah.com\/wp-content\/uploads\/2023\/12\/\u4e3b\u56fe-01-36.jpg","width":800,"height":800,"caption":"Four-Layer Filter Glass Bongs"},{"@type":"BreadcrumbList","@id":"https:\/\/global-hookah.com\/ru\/\u043f\u0440\u043e\u0434\u0443\u043a\u0442\/\u043e\u043f\u0442\u043e\u0432\u0430\u044f-\u0442\u043e\u0440\u0433\u043e\u0432\u043b\u044f-17-\u0434\u044e\u0439\u043c\u043e\u0432-\u0447\u0435\u0442\u044b\u0440\u0435-\u0441\u043b\u043e\u044f-\u0444\/#breadcrumb","itemListElement":[{"@type":"ListItem","position":1,"name":"Home","item":"https:\/\/global-hookah.com\/"},{"@type":"ListItem","position":2,"name":"Shop","item":"https:\/\/global-hookah.com\/shop\/"},{"@type":"ListItem","position":3,"name":"Wholesale Of 17-Inch Four-Layer Filter Glass Bongs"}]},{"@type":"WebSite","@id":"https:\/\/global-hookah.com\/#website","url":"https:\/\/global-hookah.com\/","name":"Globale Wasserpfeife","description":"Globale Wasserpfeife","publisher":{"@id":"https:\/\/global-hookah.com\/#organization"},"potentialAction":[{"@type":"SearchAction","target":{"@type":"EntryPoint","urlTemplate":"https:\/\/global-hookah.com\/?s={search_term_string}"},"query-input":{"@type":"PropertyValueSpecification","valueRequired":true,"valueName":"search_term_string"}}],"inLanguage":"de"},{"@type":"Organization","@id":"https:\/\/global-hookah.com\/#organization","name":"Globale Wasserpfeife","url":"https:\/\/global-hookah.com\/","logo":{"@type":"ImageObject","inLanguage":"de","@id":"https:\/\/global-hookah.com\/#\/schema\/logo\/image\/","url":"https:\/\/global-hookah.com\/wp-content\/uploads\/2021\/10\/cropped-fgg.png","contentUrl":"https:\/\/global-hookah.com\/wp-content\/uploads\/2021\/10\/cropped-fgg.png","width":512,"height":512,"caption":"Global Hookah"},"image":{"@id":"https:\/\/global-hookah.com\/#\/schema\/logo\/image\/"}}]}},"_links":{"self":[{"href":"https:\/\/global-hookah.com\/de\/wp-json\/wp\/v2\/product\/18386","targetHints":{"allow":["GET"]}}],"collection":[{"href":"https:\/\/global-hookah.com\/de\/wp-json\/wp\/v2\/product"}],"about":[{"href":"https:\/\/global-hookah.com\/de\/wp-json\/wp\/v2\/types\/product"}],"replies":[{"embeddable":true,"href":"https:\/\/global-hookah.com\/de\/wp-json\/wp\/v2\/comments?post=18386"}],"version-history":[{"count":0,"href":"https:\/\/global-hookah.com\/de\/wp-json\/wp\/v2\/product\/18386\/revisions"}],"wp:featuredmedia":[{"embeddable":true,"href":"https:\/\/global-hookah.com\/de\/wp-json\/wp\/v2\/media\/18388"}],"wp:attachment":[{"href":"https:\/\/global-hookah.com\/de\/wp-json\/wp\/v2\/media?parent=18386"}],"wp:term":[{"taxonomy":"product_brand","embeddable":true,"href":"https:\/\/global-hookah.com\/de\/wp-json\/wp\/v2\/product_brand?post=18386"},{"taxonomy":"product_cat","embeddable":true,"href":"https:\/\/global-hookah.com\/de\/wp-json\/wp\/v2\/product_cat?post=18386"},{"taxonomy":"product_tag","embeddable":true,"href":"https:\/\/global-hookah.com\/de\/wp-json\/wp\/v2\/product_tag?post=18386"}],"curies":[{"name":"wp","href":"https:\/\/api.w.org\/{rel}","templated":true}]}}