{"id":18394,"date":"2023-12-31T07:16:50","date_gmt":"2023-12-31T07:16:50","guid":{"rendered":"https:\/\/global-hookah.com\/?post_type=product&#038;p=18394"},"modified":"2024-04-12T08:39:10","modified_gmt":"2024-04-12T08:39:10","slug":"galaxy-sparkle-glass-bong-with-beaker-base-wholesale","status":"publish","type":"product","link":"https:\/\/global-hookah.com\/de\/produkt\/galaxy-sparkle-glass-bong-with-beaker-base-wholesale\/","title":{"rendered":"Galaxy Sparkle Glas Bong mit Becher Basis Gro\u00dfhandel"},"content":{"rendered":"<p>Willst du zu Hause eine traumhafte Wasserbong im Galaxie-Stil basteln? Ich empfehle Ihnen dringend, unsere neue <strong>Glasbong mit Becherboden<\/strong>die sowohl \u00e4sthetisch ansprechend als auch praktisch ist.<\/p>\n<p>Erstens werden Sie sein einzigartiges Aussehen lieben - lila und blaues handgezogenes Glas, das zu einer bezaubernden Galaxie verwoben ist. Diese fantasievolle Farbe gepaart mit dem klassischen Design des Becherbodens wird Ihre<strong> Becherbongs mit Motiven<\/strong> sich von den G\u00e4sten abheben und zum Mittelpunkt neuer Gespr\u00e4che werden.<\/p>\n<p>Au\u00dferdem ist die<strong> Becherbong mit Perkolator<\/strong> hat einen breiten Becherboden, der mehr Wasser aufnehmen kann, was die Nutzungszeit verl\u00e4ngert. Der gro\u00dfe Boden hilft auch bei der Filterung des Rauchs und sorgt so f\u00fcr ein sanfteres und angenehmeres Raucherlebnis. Vergessen Sie nicht, regelm\u00e4\u00dfig Eisw\u00fcrfel hinzuzuf\u00fcgen, um den Rauch k\u00fchler zu halten!<\/p>\n<p>Schlie\u00dflich ist das 2-Zoll breite Ice Pinch Mundst\u00fcck ein weiteres Highlight dieses Produkts. Es hilft nicht nur dabei, den Rauch zu filtern, sondern der gro\u00dfe Durchmesser erm\u00f6glicht es auch, ein intensiveres Rauchvolumen zu erhalten. Ja, das <strong>Glasbong mit Becherboden<\/strong> kann Ihr n\u00e4chster perfekter Begleiter f\u00fcr jede Party werden!<\/p>\n<p>Abmessungen bereitstellen<br \/>\nDie <strong>Glasbong mit Becherboden<\/strong> misst 14 Zoll hoch mit einem Basisdurchmesser von 4 Zoll. Der Becherglasboden fasst etwa 18 Fl\u00fcssigunzen Wasser. Die vollst\u00e4ndigen Abmessungen sind:<\/p>\n<p>H\u00f6he: 14 Zoll<br \/>\nDurchmesser der Basis: 4 Zoll<br \/>\nFassungsverm\u00f6gen des Bechers: 18 Fl\u00fcssigunzen<br \/>\nMundst\u00fcck Durchmesser: 0,75 Zoll<br \/>\nL\u00e4nge des unteren Stiels: 3,5 Zoll<br \/>\nDurchmesser des unteren Stiels: 0,5 Zoll<br \/>\nGewicht: 1,1 Pfund<\/p>\n<p><strong>So verwenden Sie die Becher-Glasbong:<\/strong><\/p>\n<p>1. Nehmen Sie alle Teile aus der Verpackung und sp\u00fclen Sie sie mit Wasser ab.<\/p>\n<p>2. F\u00fcllen Sie den Boden des Becherglases mit k\u00fchlem, sauberem Wasser, bis es etwa 1 bis 2 Zentimeter \u00fcber dem stromabw\u00e4rts gelegenen Schaft steht. Nicht \u00fcberf\u00fcllen.<\/p>\n<p>3. Mahlen oder zerkleinern Sie Ihr trockenes Kraut in kleine St\u00fccke und geben Sie es in die Sch\u00fcssel.<\/p>\n<p>4. Halten Sie eine Flamme \u00fcber die Schale und inhalieren Sie langsam durch das Mundst\u00fcck. Der Rauch wird durch das Wasser nach unten und durch den Schlauch nach oben in den Mund geleitet.<\/p>\n<p>Wenn Sie sich entschlossen haben, den Gro\u00dfhandel zu \u00fcbernehmen <strong>Becherbong mit Perkolator<\/strong>k\u00f6nnen Sie unseren Kundendienst per Telefon oder E-Mail kontaktieren. Unsere Mitarbeiter k\u00f6nnen alle Fragen beantworten, die Sie haben \u00fcber <strong><a href=\"https:\/\/global-hookah.com\/product-category\/bong-wholesale\/wholesale-glass-bong\/\">Gro\u00dfhandel<\/a>\u00a0Bongs<\/strong>.<\/p>","protected":false},"excerpt":{"rendered":"<p>Willst du zu Hause eine traumhafte Wasserbong im Galaxie-Stil basteln? Ich empfehle Ihnen, unsere neue Glasbong mit<\/p>","protected":false},"featured_media":18396,"comment_status":"open","ping_status":"closed","template":"","meta":{"iawp_total_views":0,"_joinchat":[]},"product_brand":[],"product_cat":[535],"product_tag":[],"class_list":{"0":"post-18394","1":"product","2":"type-product","3":"status-publish","4":"has-post-thumbnail","6":"product_cat-wholesale-glass-bong","8":"first","9":"instock","10":"shipping-taxable","11":"product-type-external"},"yoast_head":"<!-- This site is optimized with the Yoast SEO Premium plugin v24.7 (Yoast SEO v26.8) - https:\/\/yoast.com\/product\/yoast-seo-premium-wordpress\/ -->\n<title>Galaxy Sparkle Glass Bong with Beaker Base Wholesale - Global Hookah<\/title>\n<meta name=\"robots\" content=\"index, follow, max-snippet:-1, max-image-preview:large, max-video-preview:-1\" \/>\n<link rel=\"canonical\" href=\"https:\/\/global-hookah.com\/de\/ru\/\u043f\u0440\u043e\u0434\u0443\u043a\u0442\/\u0441\u0442\u0435\u043a\u043b\u044f\u043d\u043d\u044b\u0439-\u0431\u043e\u043d\u0433-galaxy-sparkle-\u0441-\u043e\u0441\u043d\u043e\u0432\u0430\u043d\u0438\u0435\u043c-\u0434\u043b\u044f-\u0441\u0442\/\" \/>\n<meta property=\"og:locale\" content=\"de_DE\" \/>\n<meta property=\"og:type\" content=\"article\" \/>\n<meta property=\"og:title\" content=\"Galaxy Sparkle Glass Bong with Beaker Base Wholesale\" \/>\n<meta property=\"og:description\" content=\"Looking to DIY a dreamy galaxy-themed water bong at home? I highly recommend you try our new Glass Bong with\" \/>\n<meta property=\"og:url\" content=\"https:\/\/global-hookah.com\/de\/ru\/\u043f\u0440\u043e\u0434\u0443\u043a\u0442\/\u0441\u0442\u0435\u043a\u043b\u044f\u043d\u043d\u044b\u0439-\u0431\u043e\u043d\u0433-galaxy-sparkle-\u0441-\u043e\u0441\u043d\u043e\u0432\u0430\u043d\u0438\u0435\u043c-\u0434\u043b\u044f-\u0441\u0442\/\" \/>\n<meta property=\"og:site_name\" content=\"Global Hookah\" \/>\n<meta property=\"article:modified_time\" content=\"2024-04-12T08:39:10+00:00\" \/>\n<meta property=\"og:image\" content=\"https:\/\/global-hookah.com\/wp-content\/uploads\/2023\/12\/\u4e3b\u56fe-01-37.jpg\" \/>\n\t<meta property=\"og:image:width\" content=\"1024\" \/>\n\t<meta property=\"og:image:height\" content=\"1024\" \/>\n\t<meta property=\"og:image:type\" content=\"image\/jpeg\" \/>\n<meta name=\"twitter:card\" content=\"summary_large_image\" \/>\n<meta name=\"twitter:label1\" content=\"Gesch\u00e4tzte Lesezeit\" \/>\n\t<meta name=\"twitter:data1\" content=\"2\u00a0Minuten\" \/>\n<script type=\"application\/ld+json\" class=\"yoast-schema-graph\">{\"@context\":\"https:\/\/schema.org\",\"@graph\":[{\"@type\":\"WebPage\",\"@id\":\"https:\/\/global-hookah.com\/ru\/\u043f\u0440\u043e\u0434\u0443\u043a\u0442\/\u0441\u0442\u0435\u043a\u043b\u044f\u043d\u043d\u044b\u0439-\u0431\u043e\u043d\u0433-galaxy-sparkle-\u0441-\u043e\u0441\u043d\u043e\u0432\u0430\u043d\u0438\u0435\u043c-\u0434\u043b\u044f-\u0441\u0442\/\",\"url\":\"https:\/\/global-hookah.com\/ru\/\u043f\u0440\u043e\u0434\u0443\u043a\u0442\/\u0441\u0442\u0435\u043a\u043b\u044f\u043d\u043d\u044b\u0439-\u0431\u043e\u043d\u0433-galaxy-sparkle-\u0441-\u043e\u0441\u043d\u043e\u0432\u0430\u043d\u0438\u0435\u043c-\u0434\u043b\u044f-\u0441\u0442\/\",\"name\":\"Galaxy Sparkle Glass Bong with Beaker Base Wholesale - Global Hookah\",\"isPartOf\":{\"@id\":\"https:\/\/global-hookah.com\/#website\"},\"primaryImageOfPage\":{\"@id\":\"https:\/\/global-hookah.com\/ru\/\u043f\u0440\u043e\u0434\u0443\u043a\u0442\/\u0441\u0442\u0435\u043a\u043b\u044f\u043d\u043d\u044b\u0439-\u0431\u043e\u043d\u0433-galaxy-sparkle-\u0441-\u043e\u0441\u043d\u043e\u0432\u0430\u043d\u0438\u0435\u043c-\u0434\u043b\u044f-\u0441\u0442\/#primaryimage\"},\"image\":{\"@id\":\"https:\/\/global-hookah.com\/ru\/\u043f\u0440\u043e\u0434\u0443\u043a\u0442\/\u0441\u0442\u0435\u043a\u043b\u044f\u043d\u043d\u044b\u0439-\u0431\u043e\u043d\u0433-galaxy-sparkle-\u0441-\u043e\u0441\u043d\u043e\u0432\u0430\u043d\u0438\u0435\u043c-\u0434\u043b\u044f-\u0441\u0442\/#primaryimage\"},\"thumbnailUrl\":\"https:\/\/global-hookah.com\/wp-content\/uploads\/2023\/12\/\u4e3b\u56fe-01-37.jpg\",\"datePublished\":\"2023-12-31T07:16:50+00:00\",\"dateModified\":\"2024-04-12T08:39:10+00:00\",\"breadcrumb\":{\"@id\":\"https:\/\/global-hookah.com\/ru\/\u043f\u0440\u043e\u0434\u0443\u043a\u0442\/\u0441\u0442\u0435\u043a\u043b\u044f\u043d\u043d\u044b\u0439-\u0431\u043e\u043d\u0433-galaxy-sparkle-\u0441-\u043e\u0441\u043d\u043e\u0432\u0430\u043d\u0438\u0435\u043c-\u0434\u043b\u044f-\u0441\u0442\/#breadcrumb\"},\"inLanguage\":\"de\",\"potentialAction\":[{\"@type\":\"ReadAction\",\"target\":[\"https:\/\/global-hookah.com\/ru\/\u043f\u0440\u043e\u0434\u0443\u043a\u0442\/\u0441\u0442\u0435\u043a\u043b\u044f\u043d\u043d\u044b\u0439-\u0431\u043e\u043d\u0433-galaxy-sparkle-\u0441-\u043e\u0441\u043d\u043e\u0432\u0430\u043d\u0438\u0435\u043c-\u0434\u043b\u044f-\u0441\u0442\/\"]}]},{\"@type\":\"ImageObject\",\"inLanguage\":\"de\",\"@id\":\"https:\/\/global-hookah.com\/ru\/\u043f\u0440\u043e\u0434\u0443\u043a\u0442\/\u0441\u0442\u0435\u043a\u043b\u044f\u043d\u043d\u044b\u0439-\u0431\u043e\u043d\u0433-galaxy-sparkle-\u0441-\u043e\u0441\u043d\u043e\u0432\u0430\u043d\u0438\u0435\u043c-\u0434\u043b\u044f-\u0441\u0442\/#primaryimage\",\"url\":\"https:\/\/global-hookah.com\/wp-content\/uploads\/2023\/12\/\u4e3b\u56fe-01-37.jpg\",\"contentUrl\":\"https:\/\/global-hookah.com\/wp-content\/uploads\/2023\/12\/\u4e3b\u56fe-01-37.jpg\",\"width\":1024,\"height\":1024,\"caption\":\"Glass Bong with Beaker Base Wholesale\"},{\"@type\":\"BreadcrumbList\",\"@id\":\"https:\/\/global-hookah.com\/ru\/\u043f\u0440\u043e\u0434\u0443\u043a\u0442\/\u0441\u0442\u0435\u043a\u043b\u044f\u043d\u043d\u044b\u0439-\u0431\u043e\u043d\u0433-galaxy-sparkle-\u0441-\u043e\u0441\u043d\u043e\u0432\u0430\u043d\u0438\u0435\u043c-\u0434\u043b\u044f-\u0441\u0442\/#breadcrumb\",\"itemListElement\":[{\"@type\":\"ListItem\",\"position\":1,\"name\":\"Home\",\"item\":\"https:\/\/global-hookah.com\/\"},{\"@type\":\"ListItem\",\"position\":2,\"name\":\"Shop\",\"item\":\"https:\/\/global-hookah.com\/shop\/\"},{\"@type\":\"ListItem\",\"position\":3,\"name\":\"Galaxy Sparkle Glass Bong with Beaker Base Wholesale\"}]},{\"@type\":\"WebSite\",\"@id\":\"https:\/\/global-hookah.com\/#website\",\"url\":\"https:\/\/global-hookah.com\/\",\"name\":\"Global Hookah\",\"description\":\"Global Hookah\",\"publisher\":{\"@id\":\"https:\/\/global-hookah.com\/#organization\"},\"potentialAction\":[{\"@type\":\"SearchAction\",\"target\":{\"@type\":\"EntryPoint\",\"urlTemplate\":\"https:\/\/global-hookah.com\/?s={search_term_string}\"},\"query-input\":{\"@type\":\"PropertyValueSpecification\",\"valueRequired\":true,\"valueName\":\"search_term_string\"}}],\"inLanguage\":\"de\"},{\"@type\":\"Organization\",\"@id\":\"https:\/\/global-hookah.com\/#organization\",\"name\":\"Global Hookah\",\"url\":\"https:\/\/global-hookah.com\/\",\"logo\":{\"@type\":\"ImageObject\",\"inLanguage\":\"de\",\"@id\":\"https:\/\/global-hookah.com\/#\/schema\/logo\/image\/\",\"url\":\"https:\/\/global-hookah.com\/wp-content\/uploads\/2021\/10\/cropped-fgg.png\",\"contentUrl\":\"https:\/\/global-hookah.com\/wp-content\/uploads\/2021\/10\/cropped-fgg.png\",\"width\":512,\"height\":512,\"caption\":\"Global Hookah\"},\"image\":{\"@id\":\"https:\/\/global-hookah.com\/#\/schema\/logo\/image\/\"}}]}<\/script>\n<!-- \/ Yoast SEO Premium plugin. -->","yoast_head_json":{"title":"Galaxy Sparkle Glas Bong mit Becher Basis Gro\u00dfhandel - Global Hookah","robots":{"index":"index","follow":"follow","max-snippet":"max-snippet:-1","max-image-preview":"max-image-preview:large","max-video-preview":"max-video-preview:-1"},"canonical":"https:\/\/global-hookah.com\/de\/ru\/\u043f\u0440\u043e\u0434\u0443\u043a\u0442\/\u0441\u0442\u0435\u043a\u043b\u044f\u043d\u043d\u044b\u0439-\u0431\u043e\u043d\u0433-galaxy-sparkle-\u0441-\u043e\u0441\u043d\u043e\u0432\u0430\u043d\u0438\u0435\u043c-\u0434\u043b\u044f-\u0441\u0442\/","og_locale":"de_DE","og_type":"article","og_title":"Galaxy Sparkle Glass Bong with Beaker Base Wholesale","og_description":"Looking to DIY a dreamy galaxy-themed water bong at home? I highly recommend you try our new Glass Bong with","og_url":"https:\/\/global-hookah.com\/de\/ru\/\u043f\u0440\u043e\u0434\u0443\u043a\u0442\/\u0441\u0442\u0435\u043a\u043b\u044f\u043d\u043d\u044b\u0439-\u0431\u043e\u043d\u0433-galaxy-sparkle-\u0441-\u043e\u0441\u043d\u043e\u0432\u0430\u043d\u0438\u0435\u043c-\u0434\u043b\u044f-\u0441\u0442\/","og_site_name":"Global Hookah","article_modified_time":"2024-04-12T08:39:10+00:00","og_image":[{"width":1024,"height":1024,"url":"https:\/\/global-hookah.com\/wp-content\/uploads\/2023\/12\/\u4e3b\u56fe-01-37.jpg","type":"image\/jpeg"}],"twitter_card":"summary_large_image","twitter_misc":{"Gesch\u00e4tzte Lesezeit":"2\u00a0Minuten"},"schema":{"@context":"https:\/\/schema.org","@graph":[{"@type":"WebPage","@id":"https:\/\/global-hookah.com\/ru\/\u043f\u0440\u043e\u0434\u0443\u043a\u0442\/\u0441\u0442\u0435\u043a\u043b\u044f\u043d\u043d\u044b\u0439-\u0431\u043e\u043d\u0433-galaxy-sparkle-\u0441-\u043e\u0441\u043d\u043e\u0432\u0430\u043d\u0438\u0435\u043c-\u0434\u043b\u044f-\u0441\u0442\/","url":"https:\/\/global-hookah.com\/ru\/\u043f\u0440\u043e\u0434\u0443\u043a\u0442\/\u0441\u0442\u0435\u043a\u043b\u044f\u043d\u043d\u044b\u0439-\u0431\u043e\u043d\u0433-galaxy-sparkle-\u0441-\u043e\u0441\u043d\u043e\u0432\u0430\u043d\u0438\u0435\u043c-\u0434\u043b\u044f-\u0441\u0442\/","name":"Galaxy Sparkle Glas Bong mit Becher Basis Gro\u00dfhandel - Global Hookah","isPartOf":{"@id":"https:\/\/global-hookah.com\/#website"},"primaryImageOfPage":{"@id":"https:\/\/global-hookah.com\/ru\/\u043f\u0440\u043e\u0434\u0443\u043a\u0442\/\u0441\u0442\u0435\u043a\u043b\u044f\u043d\u043d\u044b\u0439-\u0431\u043e\u043d\u0433-galaxy-sparkle-\u0441-\u043e\u0441\u043d\u043e\u0432\u0430\u043d\u0438\u0435\u043c-\u0434\u043b\u044f-\u0441\u0442\/#primaryimage"},"image":{"@id":"https:\/\/global-hookah.com\/ru\/\u043f\u0440\u043e\u0434\u0443\u043a\u0442\/\u0441\u0442\u0435\u043a\u043b\u044f\u043d\u043d\u044b\u0439-\u0431\u043e\u043d\u0433-galaxy-sparkle-\u0441-\u043e\u0441\u043d\u043e\u0432\u0430\u043d\u0438\u0435\u043c-\u0434\u043b\u044f-\u0441\u0442\/#primaryimage"},"thumbnailUrl":"https:\/\/global-hookah.com\/wp-content\/uploads\/2023\/12\/\u4e3b\u56fe-01-37.jpg","datePublished":"2023-12-31T07:16:50+00:00","dateModified":"2024-04-12T08:39:10+00:00","breadcrumb":{"@id":"https:\/\/global-hookah.com\/ru\/\u043f\u0440\u043e\u0434\u0443\u043a\u0442\/\u0441\u0442\u0435\u043a\u043b\u044f\u043d\u043d\u044b\u0439-\u0431\u043e\u043d\u0433-galaxy-sparkle-\u0441-\u043e\u0441\u043d\u043e\u0432\u0430\u043d\u0438\u0435\u043c-\u0434\u043b\u044f-\u0441\u0442\/#breadcrumb"},"inLanguage":"de","potentialAction":[{"@type":"ReadAction","target":["https:\/\/global-hookah.com\/ru\/\u043f\u0440\u043e\u0434\u0443\u043a\u0442\/\u0441\u0442\u0435\u043a\u043b\u044f\u043d\u043d\u044b\u0439-\u0431\u043e\u043d\u0433-galaxy-sparkle-\u0441-\u043e\u0441\u043d\u043e\u0432\u0430\u043d\u0438\u0435\u043c-\u0434\u043b\u044f-\u0441\u0442\/"]}]},{"@type":"ImageObject","inLanguage":"de","@id":"https:\/\/global-hookah.com\/ru\/\u043f\u0440\u043e\u0434\u0443\u043a\u0442\/\u0441\u0442\u0435\u043a\u043b\u044f\u043d\u043d\u044b\u0439-\u0431\u043e\u043d\u0433-galaxy-sparkle-\u0441-\u043e\u0441\u043d\u043e\u0432\u0430\u043d\u0438\u0435\u043c-\u0434\u043b\u044f-\u0441\u0442\/#primaryimage","url":"https:\/\/global-hookah.com\/wp-content\/uploads\/2023\/12\/\u4e3b\u56fe-01-37.jpg","contentUrl":"https:\/\/global-hookah.com\/wp-content\/uploads\/2023\/12\/\u4e3b\u56fe-01-37.jpg","width":1024,"height":1024,"caption":"Glass Bong with Beaker Base Wholesale"},{"@type":"BreadcrumbList","@id":"https:\/\/global-hookah.com\/ru\/\u043f\u0440\u043e\u0434\u0443\u043a\u0442\/\u0441\u0442\u0435\u043a\u043b\u044f\u043d\u043d\u044b\u0439-\u0431\u043e\u043d\u0433-galaxy-sparkle-\u0441-\u043e\u0441\u043d\u043e\u0432\u0430\u043d\u0438\u0435\u043c-\u0434\u043b\u044f-\u0441\u0442\/#breadcrumb","itemListElement":[{"@type":"ListItem","position":1,"name":"Home","item":"https:\/\/global-hookah.com\/"},{"@type":"ListItem","position":2,"name":"Shop","item":"https:\/\/global-hookah.com\/shop\/"},{"@type":"ListItem","position":3,"name":"Galaxy Sparkle Glass Bong with Beaker Base Wholesale"}]},{"@type":"WebSite","@id":"https:\/\/global-hookah.com\/#website","url":"https:\/\/global-hookah.com\/","name":"Globale Wasserpfeife","description":"Globale Wasserpfeife","publisher":{"@id":"https:\/\/global-hookah.com\/#organization"},"potentialAction":[{"@type":"SearchAction","target":{"@type":"EntryPoint","urlTemplate":"https:\/\/global-hookah.com\/?s={search_term_string}"},"query-input":{"@type":"PropertyValueSpecification","valueRequired":true,"valueName":"search_term_string"}}],"inLanguage":"de"},{"@type":"Organization","@id":"https:\/\/global-hookah.com\/#organization","name":"Globale Wasserpfeife","url":"https:\/\/global-hookah.com\/","logo":{"@type":"ImageObject","inLanguage":"de","@id":"https:\/\/global-hookah.com\/#\/schema\/logo\/image\/","url":"https:\/\/global-hookah.com\/wp-content\/uploads\/2021\/10\/cropped-fgg.png","contentUrl":"https:\/\/global-hookah.com\/wp-content\/uploads\/2021\/10\/cropped-fgg.png","width":512,"height":512,"caption":"Global Hookah"},"image":{"@id":"https:\/\/global-hookah.com\/#\/schema\/logo\/image\/"}}]}},"_links":{"self":[{"href":"https:\/\/global-hookah.com\/de\/wp-json\/wp\/v2\/product\/18394","targetHints":{"allow":["GET"]}}],"collection":[{"href":"https:\/\/global-hookah.com\/de\/wp-json\/wp\/v2\/product"}],"about":[{"href":"https:\/\/global-hookah.com\/de\/wp-json\/wp\/v2\/types\/product"}],"replies":[{"embeddable":true,"href":"https:\/\/global-hookah.com\/de\/wp-json\/wp\/v2\/comments?post=18394"}],"version-history":[{"count":0,"href":"https:\/\/global-hookah.com\/de\/wp-json\/wp\/v2\/product\/18394\/revisions"}],"wp:featuredmedia":[{"embeddable":true,"href":"https:\/\/global-hookah.com\/de\/wp-json\/wp\/v2\/media\/18396"}],"wp:attachment":[{"href":"https:\/\/global-hookah.com\/de\/wp-json\/wp\/v2\/media?parent=18394"}],"wp:term":[{"taxonomy":"product_brand","embeddable":true,"href":"https:\/\/global-hookah.com\/de\/wp-json\/wp\/v2\/product_brand?post=18394"},{"taxonomy":"product_cat","embeddable":true,"href":"https:\/\/global-hookah.com\/de\/wp-json\/wp\/v2\/product_cat?post=18394"},{"taxonomy":"product_tag","embeddable":true,"href":"https:\/\/global-hookah.com\/de\/wp-json\/wp\/v2\/product_tag?post=18394"}],"curies":[{"name":"wp","href":"https:\/\/api.w.org\/{rel}","templated":true}]}}