{"id":18410,"date":"2023-12-31T07:34:28","date_gmt":"2023-12-31T07:34:28","guid":{"rendered":"https:\/\/global-hookah.com\/?post_type=product&#038;p=18410"},"modified":"2024-01-03T05:22:00","modified_gmt":"2024-01-03T05:22:00","slug":"lavender-stripe-glass-water-bong-percolator-wholesale","status":"publish","type":"product","link":"https:\/\/global-hookah.com\/de\/produkt\/lavender-stripe-glass-water-bong-percolator-wholesale\/","title":{"rendered":"Lavendel Streifen Glas Wasser Bong Percolator Gro\u00dfhandel"},"content":{"rendered":"<p>diese <strong>Lavendel Streifen Glas Wasserpfeife<\/strong> sind aus Glas gefertigt und weisen in das Glas eingearbeitete lavendelfarbene Streifen oder Wirbel auf.<\/p>\n<p><strong>Lavendel-Bongs<\/strong> Perkolatoren - zus\u00e4tzliche Kammern und Diffusoren, die den Rauch durch kleine \u00d6ffnungen dr\u00fccken, um Blasen zu erzeugen und den Rauch weiter zu filtern und zu k\u00fchlen.<\/p>\n<p>Die gewirbelten lavendelfarbenen Streifenmuster machen jede Bong zu einem handgefertigten Einzelst\u00fcck.<\/p>\n<p><strong>Lavendel-Bongs<\/strong> sind oft mit praktischem Zubeh\u00f6r wie Aschef\u00e4ngern f\u00fcr zus\u00e4tzliche Filterung und Schalen in verschiedenen Gr\u00f6\u00dfen ausgestattet.<\/p>\n<p>Die transparente Glast\u00fclle ist auf der Oberseite angebracht, um die Bedienung zu erleichtern.<\/p>\n<p>Die Reinigung ist super einfach: Du f\u00fcllst die Bong einfach mit einer 50\/50-Mischung aus warmem Wasser und Isopropylalkohol (mindestens 90% rein). Blockieren Sie die Verbindung mit den Fingern und sch\u00fctteln Sie kr\u00e4ftig f\u00fcr 30 Sekunden. Hilft uns, hartn\u00e4ckige Ablagerungen schnell zu entfernen<\/p>\n<p>Wenn Sie <a href=\"http:\/\/these Lavender Stripe Glass Water Bong are made from glass and feature stripes or swirls of lavender color worked into the glass.  Lavender bongs incorporate percolators - additional chambers and diffusers that force the smoke through small openings to create bubbles and further filter and cool the smoke.  The swirled lavender stripe patterns make each bong a unique handmade piece.  Lavender bongs often come with handy accessories like ash catchers for additional filtration and bowl pieces in different sizes.  transparent glass nozzle is installed on the top for user convenience  Cleaning is super easy: you just fill the bong with a 50\/50 mixture of warm water and isopropyl alcohol (at least 90% pure). Block the joint with your fingers and shake vigorously for 30 seconds. Helps us quickly clean stubborn buildup  If you are wholesale unique bongs for your own smoking shop, then these Lavender bongs are definitely suitable for you and have a great chance to become the highlight of your shop.\" rel=\"nofollow\" target=\"_blank\">Gro\u00dfhandel einzigartige Bongs<\/a> f\u00fcr Ihr eigenes Rauchergesch\u00e4ft, dann sind diese L<strong>Avender Bongs<\/strong> sind auf jeden Fall f\u00fcr Sie geeignet und haben eine gro\u00dfe Chance, das Highlight Ihres Shops zu werden.<\/p>","protected":false},"excerpt":{"rendered":"<p>Diese Wasserpfeife aus Glas mit Lavendelstreifen ist aus Glas gefertigt und mit lavendelfarbenen Streifen oder Wirbeln versehen, die<\/p>","protected":false},"featured_media":18413,"comment_status":"open","ping_status":"closed","template":"","meta":{"iawp_total_views":1,"_joinchat":[]},"product_brand":[],"product_cat":[535],"product_tag":[],"class_list":{"0":"post-18410","1":"product","2":"type-product","3":"status-publish","4":"has-post-thumbnail","6":"product_cat-wholesale-glass-bong","8":"first","9":"instock","10":"shipping-taxable","11":"product-type-external"},"yoast_head":"<!-- This site is optimized with the Yoast SEO Premium plugin v24.7 (Yoast SEO v26.8) - https:\/\/yoast.com\/product\/yoast-seo-premium-wordpress\/ -->\n<title>Lavender Stripe Glass Water Bong Percolator Wholesale - Global Hookah<\/title>\n<meta name=\"robots\" content=\"index, follow, max-snippet:-1, max-image-preview:large, max-video-preview:-1\" \/>\n<link rel=\"canonical\" href=\"https:\/\/global-hookah.com\/de\/pt\/produto\/bong-de-agua-de-vidro-com-listras-de-lavanda-e-coador-no-atacado\/\" \/>\n<meta property=\"og:locale\" content=\"de_DE\" \/>\n<meta property=\"og:type\" content=\"article\" \/>\n<meta property=\"og:title\" content=\"Lavender Stripe Glass Water Bong Percolator Wholesale\" \/>\n<meta property=\"og:description\" content=\"these Lavender Stripe Glass Water Bong are made from glass and feature stripes or swirls of lavender color worked into\" \/>\n<meta property=\"og:url\" content=\"https:\/\/global-hookah.com\/de\/pt\/produto\/bong-de-agua-de-vidro-com-listras-de-lavanda-e-coador-no-atacado\/\" \/>\n<meta property=\"og:site_name\" content=\"Global Hookah\" \/>\n<meta property=\"article:modified_time\" content=\"2024-01-03T05:22:00+00:00\" \/>\n<meta property=\"og:image\" content=\"https:\/\/global-hookah.com\/wp-content\/uploads\/2023\/12\/\u4e3b\u56fe-02-42.jpg\" \/>\n\t<meta property=\"og:image:width\" content=\"1024\" \/>\n\t<meta property=\"og:image:height\" content=\"1024\" \/>\n\t<meta property=\"og:image:type\" content=\"image\/jpeg\" \/>\n<meta name=\"twitter:card\" content=\"summary_large_image\" \/>\n<meta name=\"twitter:label1\" content=\"Gesch\u00e4tzte Lesezeit\" \/>\n\t<meta name=\"twitter:data1\" content=\"1\u00a0Minute\" \/>\n<script type=\"application\/ld+json\" class=\"yoast-schema-graph\">{\"@context\":\"https:\/\/schema.org\",\"@graph\":[{\"@type\":\"WebPage\",\"@id\":\"https:\/\/global-hookah.com\/pt\/produto\/bong-de-agua-de-vidro-com-listras-de-lavanda-e-coador-no-atacado\/\",\"url\":\"https:\/\/global-hookah.com\/pt\/produto\/bong-de-agua-de-vidro-com-listras-de-lavanda-e-coador-no-atacado\/\",\"name\":\"Lavender Stripe Glass Water Bong Percolator Wholesale - Global Hookah\",\"isPartOf\":{\"@id\":\"https:\/\/global-hookah.com\/#website\"},\"primaryImageOfPage\":{\"@id\":\"https:\/\/global-hookah.com\/pt\/produto\/bong-de-agua-de-vidro-com-listras-de-lavanda-e-coador-no-atacado\/#primaryimage\"},\"image\":{\"@id\":\"https:\/\/global-hookah.com\/pt\/produto\/bong-de-agua-de-vidro-com-listras-de-lavanda-e-coador-no-atacado\/#primaryimage\"},\"thumbnailUrl\":\"https:\/\/global-hookah.com\/wp-content\/uploads\/2023\/12\/\u4e3b\u56fe-02-42.jpg\",\"datePublished\":\"2023-12-31T07:34:28+00:00\",\"dateModified\":\"2024-01-03T05:22:00+00:00\",\"breadcrumb\":{\"@id\":\"https:\/\/global-hookah.com\/pt\/produto\/bong-de-agua-de-vidro-com-listras-de-lavanda-e-coador-no-atacado\/#breadcrumb\"},\"inLanguage\":\"de\",\"potentialAction\":[{\"@type\":\"ReadAction\",\"target\":[\"https:\/\/global-hookah.com\/pt\/produto\/bong-de-agua-de-vidro-com-listras-de-lavanda-e-coador-no-atacado\/\"]}]},{\"@type\":\"ImageObject\",\"inLanguage\":\"de\",\"@id\":\"https:\/\/global-hookah.com\/pt\/produto\/bong-de-agua-de-vidro-com-listras-de-lavanda-e-coador-no-atacado\/#primaryimage\",\"url\":\"https:\/\/global-hookah.com\/wp-content\/uploads\/2023\/12\/\u4e3b\u56fe-02-42.jpg\",\"contentUrl\":\"https:\/\/global-hookah.com\/wp-content\/uploads\/2023\/12\/\u4e3b\u56fe-02-42.jpg\",\"width\":1024,\"height\":1024,\"caption\":\"Lavender Stripe Glass Water Bong Percolator Wholesale\"},{\"@type\":\"BreadcrumbList\",\"@id\":\"https:\/\/global-hookah.com\/pt\/produto\/bong-de-agua-de-vidro-com-listras-de-lavanda-e-coador-no-atacado\/#breadcrumb\",\"itemListElement\":[{\"@type\":\"ListItem\",\"position\":1,\"name\":\"Home\",\"item\":\"https:\/\/global-hookah.com\/\"},{\"@type\":\"ListItem\",\"position\":2,\"name\":\"Shop\",\"item\":\"https:\/\/global-hookah.com\/shop\/\"},{\"@type\":\"ListItem\",\"position\":3,\"name\":\"Lavender Stripe Glass Water Bong Percolator Wholesale\"}]},{\"@type\":\"WebSite\",\"@id\":\"https:\/\/global-hookah.com\/#website\",\"url\":\"https:\/\/global-hookah.com\/\",\"name\":\"Global Hookah\",\"description\":\"Global Hookah\",\"publisher\":{\"@id\":\"https:\/\/global-hookah.com\/#organization\"},\"potentialAction\":[{\"@type\":\"SearchAction\",\"target\":{\"@type\":\"EntryPoint\",\"urlTemplate\":\"https:\/\/global-hookah.com\/?s={search_term_string}\"},\"query-input\":{\"@type\":\"PropertyValueSpecification\",\"valueRequired\":true,\"valueName\":\"search_term_string\"}}],\"inLanguage\":\"de\"},{\"@type\":\"Organization\",\"@id\":\"https:\/\/global-hookah.com\/#organization\",\"name\":\"Global Hookah\",\"url\":\"https:\/\/global-hookah.com\/\",\"logo\":{\"@type\":\"ImageObject\",\"inLanguage\":\"de\",\"@id\":\"https:\/\/global-hookah.com\/#\/schema\/logo\/image\/\",\"url\":\"https:\/\/global-hookah.com\/wp-content\/uploads\/2021\/10\/cropped-fgg.png\",\"contentUrl\":\"https:\/\/global-hookah.com\/wp-content\/uploads\/2021\/10\/cropped-fgg.png\",\"width\":512,\"height\":512,\"caption\":\"Global Hookah\"},\"image\":{\"@id\":\"https:\/\/global-hookah.com\/#\/schema\/logo\/image\/\"}}]}<\/script>\n<!-- \/ Yoast SEO Premium plugin. -->","yoast_head_json":{"title":"Lavendel Streifen Glas Wasser Bong Percolator Gro\u00dfhandel - Global Hookah","robots":{"index":"index","follow":"follow","max-snippet":"max-snippet:-1","max-image-preview":"max-image-preview:large","max-video-preview":"max-video-preview:-1"},"canonical":"https:\/\/global-hookah.com\/de\/pt\/produto\/bong-de-agua-de-vidro-com-listras-de-lavanda-e-coador-no-atacado\/","og_locale":"de_DE","og_type":"article","og_title":"Lavender Stripe Glass Water Bong Percolator Wholesale","og_description":"these Lavender Stripe Glass Water Bong are made from glass and feature stripes or swirls of lavender color worked into","og_url":"https:\/\/global-hookah.com\/de\/pt\/produto\/bong-de-agua-de-vidro-com-listras-de-lavanda-e-coador-no-atacado\/","og_site_name":"Global Hookah","article_modified_time":"2024-01-03T05:22:00+00:00","og_image":[{"width":1024,"height":1024,"url":"https:\/\/global-hookah.com\/wp-content\/uploads\/2023\/12\/\u4e3b\u56fe-02-42.jpg","type":"image\/jpeg"}],"twitter_card":"summary_large_image","twitter_misc":{"Gesch\u00e4tzte Lesezeit":"1\u00a0Minute"},"schema":{"@context":"https:\/\/schema.org","@graph":[{"@type":"WebPage","@id":"https:\/\/global-hookah.com\/pt\/produto\/bong-de-agua-de-vidro-com-listras-de-lavanda-e-coador-no-atacado\/","url":"https:\/\/global-hookah.com\/pt\/produto\/bong-de-agua-de-vidro-com-listras-de-lavanda-e-coador-no-atacado\/","name":"Lavendel Streifen Glas Wasser Bong Percolator Gro\u00dfhandel - Global Hookah","isPartOf":{"@id":"https:\/\/global-hookah.com\/#website"},"primaryImageOfPage":{"@id":"https:\/\/global-hookah.com\/pt\/produto\/bong-de-agua-de-vidro-com-listras-de-lavanda-e-coador-no-atacado\/#primaryimage"},"image":{"@id":"https:\/\/global-hookah.com\/pt\/produto\/bong-de-agua-de-vidro-com-listras-de-lavanda-e-coador-no-atacado\/#primaryimage"},"thumbnailUrl":"https:\/\/global-hookah.com\/wp-content\/uploads\/2023\/12\/\u4e3b\u56fe-02-42.jpg","datePublished":"2023-12-31T07:34:28+00:00","dateModified":"2024-01-03T05:22:00+00:00","breadcrumb":{"@id":"https:\/\/global-hookah.com\/pt\/produto\/bong-de-agua-de-vidro-com-listras-de-lavanda-e-coador-no-atacado\/#breadcrumb"},"inLanguage":"de","potentialAction":[{"@type":"ReadAction","target":["https:\/\/global-hookah.com\/pt\/produto\/bong-de-agua-de-vidro-com-listras-de-lavanda-e-coador-no-atacado\/"]}]},{"@type":"ImageObject","inLanguage":"de","@id":"https:\/\/global-hookah.com\/pt\/produto\/bong-de-agua-de-vidro-com-listras-de-lavanda-e-coador-no-atacado\/#primaryimage","url":"https:\/\/global-hookah.com\/wp-content\/uploads\/2023\/12\/\u4e3b\u56fe-02-42.jpg","contentUrl":"https:\/\/global-hookah.com\/wp-content\/uploads\/2023\/12\/\u4e3b\u56fe-02-42.jpg","width":1024,"height":1024,"caption":"Lavender Stripe Glass Water Bong Percolator Wholesale"},{"@type":"BreadcrumbList","@id":"https:\/\/global-hookah.com\/pt\/produto\/bong-de-agua-de-vidro-com-listras-de-lavanda-e-coador-no-atacado\/#breadcrumb","itemListElement":[{"@type":"ListItem","position":1,"name":"Home","item":"https:\/\/global-hookah.com\/"},{"@type":"ListItem","position":2,"name":"Shop","item":"https:\/\/global-hookah.com\/shop\/"},{"@type":"ListItem","position":3,"name":"Lavender Stripe Glass Water Bong Percolator Wholesale"}]},{"@type":"WebSite","@id":"https:\/\/global-hookah.com\/#website","url":"https:\/\/global-hookah.com\/","name":"Globale Wasserpfeife","description":"Globale Wasserpfeife","publisher":{"@id":"https:\/\/global-hookah.com\/#organization"},"potentialAction":[{"@type":"SearchAction","target":{"@type":"EntryPoint","urlTemplate":"https:\/\/global-hookah.com\/?s={search_term_string}"},"query-input":{"@type":"PropertyValueSpecification","valueRequired":true,"valueName":"search_term_string"}}],"inLanguage":"de"},{"@type":"Organization","@id":"https:\/\/global-hookah.com\/#organization","name":"Globale Wasserpfeife","url":"https:\/\/global-hookah.com\/","logo":{"@type":"ImageObject","inLanguage":"de","@id":"https:\/\/global-hookah.com\/#\/schema\/logo\/image\/","url":"https:\/\/global-hookah.com\/wp-content\/uploads\/2021\/10\/cropped-fgg.png","contentUrl":"https:\/\/global-hookah.com\/wp-content\/uploads\/2021\/10\/cropped-fgg.png","width":512,"height":512,"caption":"Global Hookah"},"image":{"@id":"https:\/\/global-hookah.com\/#\/schema\/logo\/image\/"}}]}},"_links":{"self":[{"href":"https:\/\/global-hookah.com\/de\/wp-json\/wp\/v2\/product\/18410","targetHints":{"allow":["GET"]}}],"collection":[{"href":"https:\/\/global-hookah.com\/de\/wp-json\/wp\/v2\/product"}],"about":[{"href":"https:\/\/global-hookah.com\/de\/wp-json\/wp\/v2\/types\/product"}],"replies":[{"embeddable":true,"href":"https:\/\/global-hookah.com\/de\/wp-json\/wp\/v2\/comments?post=18410"}],"version-history":[{"count":0,"href":"https:\/\/global-hookah.com\/de\/wp-json\/wp\/v2\/product\/18410\/revisions"}],"wp:featuredmedia":[{"embeddable":true,"href":"https:\/\/global-hookah.com\/de\/wp-json\/wp\/v2\/media\/18413"}],"wp:attachment":[{"href":"https:\/\/global-hookah.com\/de\/wp-json\/wp\/v2\/media?parent=18410"}],"wp:term":[{"taxonomy":"product_brand","embeddable":true,"href":"https:\/\/global-hookah.com\/de\/wp-json\/wp\/v2\/product_brand?post=18410"},{"taxonomy":"product_cat","embeddable":true,"href":"https:\/\/global-hookah.com\/de\/wp-json\/wp\/v2\/product_cat?post=18410"},{"taxonomy":"product_tag","embeddable":true,"href":"https:\/\/global-hookah.com\/de\/wp-json\/wp\/v2\/product_tag?post=18410"}],"curies":[{"name":"wp","href":"https:\/\/api.w.org\/{rel}","templated":true}]}}