{"id":18424,"date":"2023-12-31T07:47:33","date_gmt":"2023-12-31T07:47:33","guid":{"rendered":"https:\/\/global-hookah.com\/?post_type=product&#038;p=18424"},"modified":"2024-01-03T02:49:47","modified_gmt":"2024-01-03T02:49:47","slug":"rick-and-morty-themed-mini-dab-rig-wholesale","status":"publish","type":"product","link":"https:\/\/global-hookah.com\/de\/produkt\/rick-and-morty-themed-mini-dab-rig-wholesale\/","title":{"rendered":"Rick und Morty-Thema Mini Dab Rig Gro\u00dfhandel"},"content":{"rendered":"<p>Mit den kultigen Charakteren Rick und Morty, die in diesem <strong>Mini Dab Rig<\/strong> verleiht Ihren Rauchsitzungen einen Hauch von Spa\u00df und Pers\u00f6nlichkeit.<\/p>\n<p>Die <strong>rick and morty dab rig kit<\/strong> ist nur 5 Zoll gro\u00df, Sie k\u00f6nnen Ihr Lieblingskonzentrat auch auf Reisen genie\u00dfen<\/p>\n<p>Die <strong>Mini-Dab-Rig im Stil von Rick und Morty<\/strong> verf\u00fcgt au\u00dferdem \u00fcber einen eingebauten Auffangbeh\u00e4lter, der \u00fcbersch\u00fcssiges Konzentrat zur Wiederverwendung auff\u00e4ngt.<\/p>\n<p>Eingebautes zweischichtiges Filtersystem mit kugelf\u00f6rmigen und verzweigten Eisschaufelkammern, die mit Eisw\u00fcrfeln gef\u00fcllt werden k\u00f6nnen, um den Rauch zu filtern<\/p>\n<p>Die <strong>Klecksger\u00e4t Rick und Morty<\/strong> hat einen eimerf\u00f6rmigen Quarz-Banger-Nagel, der zum Halten von Dabs zum Verdampfen entwickelt wurde<\/p>\n<p>Der runde Perc im Inneren enth\u00e4lt mehrere Schlitze zum Filtern und K\u00fchlen des Rauchs<\/p>","protected":false},"excerpt":{"rendered":"<p>Dieses Mini Dab Rig mit den kultigen Charakteren Rick und Morty bringt einen Hauch von Spa\u00df und Pers\u00f6nlichkeit in Ihre<\/p>","protected":false},"featured_media":18428,"comment_status":"open","ping_status":"closed","template":"","meta":{"iawp_total_views":19,"_joinchat":[]},"product_brand":[],"product_cat":[535],"product_tag":[],"class_list":{"0":"post-18424","1":"product","2":"type-product","3":"status-publish","4":"has-post-thumbnail","6":"product_cat-wholesale-glass-bong","8":"first","9":"instock","10":"shipping-taxable","11":"product-type-external"},"yoast_head":"<!-- This site is optimized with the Yoast SEO Premium plugin v24.7 (Yoast SEO v26.8) - https:\/\/yoast.com\/product\/yoast-seo-premium-wordpress\/ -->\n<title>Rick and Morty-Themed Mini Dab Rig Wholesale - Global Hookah<\/title>\n<meta name=\"robots\" content=\"index, follow, max-snippet:-1, max-image-preview:large, max-video-preview:-1\" \/>\n<link rel=\"canonical\" href=\"https:\/\/global-hookah.com\/de\/producto\/rick-and-morty-themed-mini-dab-rig-wholesale\/\" \/>\n<meta property=\"og:locale\" content=\"de_DE\" \/>\n<meta property=\"og:type\" content=\"article\" \/>\n<meta property=\"og:title\" content=\"Rick and Morty-Themed Mini Dab Rig Wholesale\" \/>\n<meta property=\"og:description\" content=\"Featuring the iconic characters Rick and Morty, this Mini Dab Rig adds a touch of fun and personality to your\" \/>\n<meta property=\"og:url\" content=\"https:\/\/global-hookah.com\/de\/producto\/rick-and-morty-themed-mini-dab-rig-wholesale\/\" \/>\n<meta property=\"og:site_name\" content=\"Global Hookah\" \/>\n<meta property=\"article:modified_time\" content=\"2024-01-03T02:49:47+00:00\" \/>\n<meta property=\"og:image\" content=\"https:\/\/global-hookah.com\/wp-content\/uploads\/2023\/12\/\u4e3b\u56fe-02-44.jpg\" \/>\n\t<meta property=\"og:image:width\" content=\"750\" \/>\n\t<meta property=\"og:image:height\" content=\"750\" \/>\n\t<meta property=\"og:image:type\" content=\"image\/jpeg\" \/>\n<meta name=\"twitter:card\" content=\"summary_large_image\" \/>\n<meta name=\"twitter:label1\" content=\"Gesch\u00e4tzte Lesezeit\" \/>\n\t<meta name=\"twitter:data1\" content=\"1\u00a0Minute\" \/>\n<script type=\"application\/ld+json\" class=\"yoast-schema-graph\">{\"@context\":\"https:\/\/schema.org\",\"@graph\":[{\"@type\":\"WebPage\",\"@id\":\"https:\/\/global-hookah.com\/es\/producto\/rick-and-morty-themed-mini-dab-rig-wholesale\/\",\"url\":\"https:\/\/global-hookah.com\/es\/producto\/rick-and-morty-themed-mini-dab-rig-wholesale\/\",\"name\":\"Rick and Morty-Themed Mini Dab Rig Wholesale - Global Hookah\",\"isPartOf\":{\"@id\":\"https:\/\/global-hookah.com\/#website\"},\"primaryImageOfPage\":{\"@id\":\"https:\/\/global-hookah.com\/es\/producto\/rick-and-morty-themed-mini-dab-rig-wholesale\/#primaryimage\"},\"image\":{\"@id\":\"https:\/\/global-hookah.com\/es\/producto\/rick-and-morty-themed-mini-dab-rig-wholesale\/#primaryimage\"},\"thumbnailUrl\":\"https:\/\/global-hookah.com\/wp-content\/uploads\/2023\/12\/\u4e3b\u56fe-02-44.jpg\",\"datePublished\":\"2023-12-31T07:47:33+00:00\",\"dateModified\":\"2024-01-03T02:49:47+00:00\",\"breadcrumb\":{\"@id\":\"https:\/\/global-hookah.com\/es\/producto\/rick-and-morty-themed-mini-dab-rig-wholesale\/#breadcrumb\"},\"inLanguage\":\"de\",\"potentialAction\":[{\"@type\":\"ReadAction\",\"target\":[\"https:\/\/global-hookah.com\/es\/producto\/rick-and-morty-themed-mini-dab-rig-wholesale\/\"]}]},{\"@type\":\"ImageObject\",\"inLanguage\":\"de\",\"@id\":\"https:\/\/global-hookah.com\/es\/producto\/rick-and-morty-themed-mini-dab-rig-wholesale\/#primaryimage\",\"url\":\"https:\/\/global-hookah.com\/wp-content\/uploads\/2023\/12\/\u4e3b\u56fe-02-44.jpg\",\"contentUrl\":\"https:\/\/global-hookah.com\/wp-content\/uploads\/2023\/12\/\u4e3b\u56fe-02-44.jpg\",\"width\":750,\"height\":750,\"caption\":\"Rick and Morty-Themed Mini Dab Rig Wholesale\"},{\"@type\":\"BreadcrumbList\",\"@id\":\"https:\/\/global-hookah.com\/es\/producto\/rick-and-morty-themed-mini-dab-rig-wholesale\/#breadcrumb\",\"itemListElement\":[{\"@type\":\"ListItem\",\"position\":1,\"name\":\"Home\",\"item\":\"https:\/\/global-hookah.com\/\"},{\"@type\":\"ListItem\",\"position\":2,\"name\":\"Shop\",\"item\":\"https:\/\/global-hookah.com\/shop\/\"},{\"@type\":\"ListItem\",\"position\":3,\"name\":\"Rick and Morty-Themed Mini Dab Rig Wholesale\"}]},{\"@type\":\"WebSite\",\"@id\":\"https:\/\/global-hookah.com\/#website\",\"url\":\"https:\/\/global-hookah.com\/\",\"name\":\"Global Hookah\",\"description\":\"Global Hookah\",\"publisher\":{\"@id\":\"https:\/\/global-hookah.com\/#organization\"},\"potentialAction\":[{\"@type\":\"SearchAction\",\"target\":{\"@type\":\"EntryPoint\",\"urlTemplate\":\"https:\/\/global-hookah.com\/?s={search_term_string}\"},\"query-input\":{\"@type\":\"PropertyValueSpecification\",\"valueRequired\":true,\"valueName\":\"search_term_string\"}}],\"inLanguage\":\"de\"},{\"@type\":\"Organization\",\"@id\":\"https:\/\/global-hookah.com\/#organization\",\"name\":\"Global Hookah\",\"url\":\"https:\/\/global-hookah.com\/\",\"logo\":{\"@type\":\"ImageObject\",\"inLanguage\":\"de\",\"@id\":\"https:\/\/global-hookah.com\/#\/schema\/logo\/image\/\",\"url\":\"https:\/\/global-hookah.com\/wp-content\/uploads\/2021\/10\/cropped-fgg.png\",\"contentUrl\":\"https:\/\/global-hookah.com\/wp-content\/uploads\/2021\/10\/cropped-fgg.png\",\"width\":512,\"height\":512,\"caption\":\"Global Hookah\"},\"image\":{\"@id\":\"https:\/\/global-hookah.com\/#\/schema\/logo\/image\/\"}}]}<\/script>\n<!-- \/ Yoast SEO Premium plugin. -->","yoast_head_json":{"title":"Rick und Morty-Themed Mini Dab Rig Gro\u00dfhandel - Global Hookah","robots":{"index":"index","follow":"follow","max-snippet":"max-snippet:-1","max-image-preview":"max-image-preview:large","max-video-preview":"max-video-preview:-1"},"canonical":"https:\/\/global-hookah.com\/de\/producto\/rick-and-morty-themed-mini-dab-rig-wholesale\/","og_locale":"de_DE","og_type":"article","og_title":"Rick and Morty-Themed Mini Dab Rig Wholesale","og_description":"Featuring the iconic characters Rick and Morty, this Mini Dab Rig adds a touch of fun and personality to your","og_url":"https:\/\/global-hookah.com\/de\/producto\/rick-and-morty-themed-mini-dab-rig-wholesale\/","og_site_name":"Global Hookah","article_modified_time":"2024-01-03T02:49:47+00:00","og_image":[{"width":750,"height":750,"url":"https:\/\/global-hookah.com\/wp-content\/uploads\/2023\/12\/\u4e3b\u56fe-02-44.jpg","type":"image\/jpeg"}],"twitter_card":"summary_large_image","twitter_misc":{"Gesch\u00e4tzte Lesezeit":"1\u00a0Minute"},"schema":{"@context":"https:\/\/schema.org","@graph":[{"@type":"WebPage","@id":"https:\/\/global-hookah.com\/es\/producto\/rick-and-morty-themed-mini-dab-rig-wholesale\/","url":"https:\/\/global-hookah.com\/es\/producto\/rick-and-morty-themed-mini-dab-rig-wholesale\/","name":"Rick und Morty-Themed Mini Dab Rig Gro\u00dfhandel - Global Hookah","isPartOf":{"@id":"https:\/\/global-hookah.com\/#website"},"primaryImageOfPage":{"@id":"https:\/\/global-hookah.com\/es\/producto\/rick-and-morty-themed-mini-dab-rig-wholesale\/#primaryimage"},"image":{"@id":"https:\/\/global-hookah.com\/es\/producto\/rick-and-morty-themed-mini-dab-rig-wholesale\/#primaryimage"},"thumbnailUrl":"https:\/\/global-hookah.com\/wp-content\/uploads\/2023\/12\/\u4e3b\u56fe-02-44.jpg","datePublished":"2023-12-31T07:47:33+00:00","dateModified":"2024-01-03T02:49:47+00:00","breadcrumb":{"@id":"https:\/\/global-hookah.com\/es\/producto\/rick-and-morty-themed-mini-dab-rig-wholesale\/#breadcrumb"},"inLanguage":"de","potentialAction":[{"@type":"ReadAction","target":["https:\/\/global-hookah.com\/es\/producto\/rick-and-morty-themed-mini-dab-rig-wholesale\/"]}]},{"@type":"ImageObject","inLanguage":"de","@id":"https:\/\/global-hookah.com\/es\/producto\/rick-and-morty-themed-mini-dab-rig-wholesale\/#primaryimage","url":"https:\/\/global-hookah.com\/wp-content\/uploads\/2023\/12\/\u4e3b\u56fe-02-44.jpg","contentUrl":"https:\/\/global-hookah.com\/wp-content\/uploads\/2023\/12\/\u4e3b\u56fe-02-44.jpg","width":750,"height":750,"caption":"Rick and Morty-Themed Mini Dab Rig Wholesale"},{"@type":"BreadcrumbList","@id":"https:\/\/global-hookah.com\/es\/producto\/rick-and-morty-themed-mini-dab-rig-wholesale\/#breadcrumb","itemListElement":[{"@type":"ListItem","position":1,"name":"Home","item":"https:\/\/global-hookah.com\/"},{"@type":"ListItem","position":2,"name":"Shop","item":"https:\/\/global-hookah.com\/shop\/"},{"@type":"ListItem","position":3,"name":"Rick and Morty-Themed Mini Dab Rig Wholesale"}]},{"@type":"WebSite","@id":"https:\/\/global-hookah.com\/#website","url":"https:\/\/global-hookah.com\/","name":"Globale Wasserpfeife","description":"Globale Wasserpfeife","publisher":{"@id":"https:\/\/global-hookah.com\/#organization"},"potentialAction":[{"@type":"SearchAction","target":{"@type":"EntryPoint","urlTemplate":"https:\/\/global-hookah.com\/?s={search_term_string}"},"query-input":{"@type":"PropertyValueSpecification","valueRequired":true,"valueName":"search_term_string"}}],"inLanguage":"de"},{"@type":"Organization","@id":"https:\/\/global-hookah.com\/#organization","name":"Globale Wasserpfeife","url":"https:\/\/global-hookah.com\/","logo":{"@type":"ImageObject","inLanguage":"de","@id":"https:\/\/global-hookah.com\/#\/schema\/logo\/image\/","url":"https:\/\/global-hookah.com\/wp-content\/uploads\/2021\/10\/cropped-fgg.png","contentUrl":"https:\/\/global-hookah.com\/wp-content\/uploads\/2021\/10\/cropped-fgg.png","width":512,"height":512,"caption":"Global Hookah"},"image":{"@id":"https:\/\/global-hookah.com\/#\/schema\/logo\/image\/"}}]}},"_links":{"self":[{"href":"https:\/\/global-hookah.com\/de\/wp-json\/wp\/v2\/product\/18424","targetHints":{"allow":["GET"]}}],"collection":[{"href":"https:\/\/global-hookah.com\/de\/wp-json\/wp\/v2\/product"}],"about":[{"href":"https:\/\/global-hookah.com\/de\/wp-json\/wp\/v2\/types\/product"}],"replies":[{"embeddable":true,"href":"https:\/\/global-hookah.com\/de\/wp-json\/wp\/v2\/comments?post=18424"}],"version-history":[{"count":0,"href":"https:\/\/global-hookah.com\/de\/wp-json\/wp\/v2\/product\/18424\/revisions"}],"wp:featuredmedia":[{"embeddable":true,"href":"https:\/\/global-hookah.com\/de\/wp-json\/wp\/v2\/media\/18428"}],"wp:attachment":[{"href":"https:\/\/global-hookah.com\/de\/wp-json\/wp\/v2\/media?parent=18424"}],"wp:term":[{"taxonomy":"product_brand","embeddable":true,"href":"https:\/\/global-hookah.com\/de\/wp-json\/wp\/v2\/product_brand?post=18424"},{"taxonomy":"product_cat","embeddable":true,"href":"https:\/\/global-hookah.com\/de\/wp-json\/wp\/v2\/product_cat?post=18424"},{"taxonomy":"product_tag","embeddable":true,"href":"https:\/\/global-hookah.com\/de\/wp-json\/wp\/v2\/product_tag?post=18424"}],"curies":[{"name":"wp","href":"https:\/\/api.w.org\/{rel}","templated":true}]}}