{"id":18458,"date":"2023-12-31T08:56:57","date_gmt":"2023-12-31T08:56:57","guid":{"rendered":"https:\/\/global-hookah.com\/?post_type=product&#038;p=18458"},"modified":"2026-02-10T07:46:22","modified_gmt":"2026-02-10T07:46:22","slug":"color-no-face-silicone-bong-wholesale","status":"publish","type":"product","link":"https:\/\/global-hookah.com\/de\/produkt\/color-no-face-silicone-bong-wholesale\/","title":{"rendered":"Farbe kein Gesicht Silikon Bong Gro\u00dfhandel"},"content":{"rendered":"<p>Unser Handwerker Jack hat diese <strong>Silikonbong ohne Gesicht<\/strong> als Hommage an die ber\u00fchmte Figur \u201cNo-Face\u201d aus dem klassischen Studio Ghibli-Animationsfilm \u201cSpirited Away\u201d. Der K\u00f6rper besteht aus hochwertigem schwarzem Silikon und ist sorgf\u00e4ltig so geformt, dass er wie die mysteri\u00f6se, gewandete Figur von No-Face aussieht.<\/p>\n<p>Sichere Materialien, stressfreier Gebrauch: Hergestellt aus lebensmittelechtem Silikon, das BPA-frei ist, ist dieses <strong>Silikonbong ohne Gesicht<\/strong> ist v\u00f6llig frei von BPA und anderen gef\u00e4hrlichen Chemikalien, was die Sicherheit der Benutzer garantiert. Dank seiner au\u00dfergew\u00f6hnlichen Hitzebest\u00e4ndigkeit ist dieses <strong>Ghibli <a href=\"https:\/\/global-hookah.com\/product-category\/bong-wholesale\/wholesale-glass-bong\/\">Bong<\/a><\/strong> kann Temperaturschwankungen bei regelm\u00e4\u00dfigem Gebrauch \u00fcberstehen, ohne sch\u00e4dliche Verbindungen freizusetzen. Ein einzigartiges \u201cSilikonk\u00f6rper + Glasschale\u201d-Design sorgt f\u00fcr die gesamte strukturelle Haltbarkeit und Sto\u00dffestigkeit der mitgelieferten abnehmbaren 14-mm-Borosilikatglasschale. Au\u00dferdem werden potenzielle Geruchsprobleme durch den direkten Kontakt des Silikons mit der Flamme vermieden, so dass ein reiner Geschmack bei jedem Zug gew\u00e4hrleistet ist.<\/p>\n<p>Einfache Bedienung: F\u00fcllen Sie die Glasschale zuerst mit Tabak oder Kr\u00e4utern und w\u00e4hlen Sie dann, je nach Ihren Vorlieben, entweder den Wasser- oder Trockenrauchmodus. Das Bef\u00fcllen mit Wasser und die Reinigung sind durch das abnehmbare Design des oberen \u201cStrohhalm\u201d-Teils einfach und schnell m\u00f6glich. Einmal mit Wasser gef\u00fcllt, kann der <a class=\"wpil_keyword_link\" href=\"https:\/\/global-hookah.com\/product-category\/wholesale-weed-pipes\/\"   title=\"Glaspfeife\" data-wpil-keyword-link=\"linked\">Glaspfeife<\/a> Die Schale und die feste Schnittstelle erzeugen einen sanften Wasserfiltereffekt, der die Rauchtemperatur senkt und Schadstoffe herausfiltert, um ein komfortables und sanftes Raucherlebnis zu erm\u00f6glichen.<\/p>","protected":false},"excerpt":{"rendered":"<p>Unser Handwerker Jack hat diese No-Face-Silikonbong als Hommage an die ber\u00fchmte Figur \u201cNo-Face\u201d aus dem Klassiker<\/p>","protected":false},"featured_media":18461,"comment_status":"open","ping_status":"closed","template":"","meta":{"iawp_total_views":16,"_joinchat":[]},"product_brand":[],"product_cat":[534],"product_tag":[],"class_list":{"0":"post-18458","1":"product","2":"type-product","3":"status-publish","4":"has-post-thumbnail","6":"product_cat-silicone-bong-wholesale","8":"first","9":"instock","10":"shipping-taxable","11":"product-type-external"},"yoast_head":"<!-- This site is optimized with the Yoast SEO Premium plugin v24.7 (Yoast SEO v26.8) - https:\/\/yoast.com\/product\/yoast-seo-premium-wordpress\/ -->\n<title>Color No Face Silicone Bong Wholesale - Global Hookah<\/title>\n<meta name=\"robots\" content=\"index, follow, max-snippet:-1, max-image-preview:large, max-video-preview:-1\" \/>\n<link rel=\"canonical\" href=\"https:\/\/global-hookah.com\/de\/produkt\/color-no-face-silicone-bong-wholesale\/\" \/>\n<meta property=\"og:locale\" content=\"de_DE\" \/>\n<meta property=\"og:type\" content=\"article\" \/>\n<meta property=\"og:title\" content=\"Color No Face Silicone Bong Wholesale\" \/>\n<meta property=\"og:description\" content=\"Our craftsman Jack made this No Face Silicone Bong as a tribute to the famous character &#8220;No-Face&#8221; from the classic\" \/>\n<meta property=\"og:url\" content=\"https:\/\/global-hookah.com\/de\/produkt\/color-no-face-silicone-bong-wholesale\/\" \/>\n<meta property=\"og:site_name\" content=\"Global Hookah\" \/>\n<meta property=\"article:modified_time\" content=\"2026-02-10T07:46:22+00:00\" \/>\n<meta property=\"og:image\" content=\"https:\/\/global-hookah.com\/wp-content\/uploads\/2023\/12\/\u4e3b\u56fe-02-47.jpg\" \/>\n\t<meta property=\"og:image:width\" content=\"1024\" \/>\n\t<meta property=\"og:image:height\" content=\"1024\" \/>\n\t<meta property=\"og:image:type\" content=\"image\/jpeg\" \/>\n<meta name=\"twitter:card\" content=\"summary_large_image\" \/>\n<meta name=\"twitter:label1\" content=\"Gesch\u00e4tzte Lesezeit\" \/>\n\t<meta name=\"twitter:data1\" content=\"2\u00a0Minuten\" \/>\n<script type=\"application\/ld+json\" class=\"yoast-schema-graph\">{\"@context\":\"https:\/\/schema.org\",\"@graph\":[{\"@type\":\"WebPage\",\"@id\":\"https:\/\/global-hookah.com\/product\/color-no-face-silicone-bong-wholesale\/\",\"url\":\"https:\/\/global-hookah.com\/product\/color-no-face-silicone-bong-wholesale\/\",\"name\":\"Color No Face Silicone Bong Wholesale - Global Hookah\",\"isPartOf\":{\"@id\":\"https:\/\/global-hookah.com\/#website\"},\"primaryImageOfPage\":{\"@id\":\"https:\/\/global-hookah.com\/product\/color-no-face-silicone-bong-wholesale\/#primaryimage\"},\"image\":{\"@id\":\"https:\/\/global-hookah.com\/product\/color-no-face-silicone-bong-wholesale\/#primaryimage\"},\"thumbnailUrl\":\"https:\/\/global-hookah.com\/wp-content\/uploads\/2023\/12\/\u4e3b\u56fe-02-47.jpg\",\"datePublished\":\"2023-12-31T08:56:57+00:00\",\"dateModified\":\"2026-02-10T07:46:22+00:00\",\"breadcrumb\":{\"@id\":\"https:\/\/global-hookah.com\/product\/color-no-face-silicone-bong-wholesale\/#breadcrumb\"},\"inLanguage\":\"de\",\"potentialAction\":[{\"@type\":\"ReadAction\",\"target\":[\"https:\/\/global-hookah.com\/product\/color-no-face-silicone-bong-wholesale\/\"]}]},{\"@type\":\"ImageObject\",\"inLanguage\":\"de\",\"@id\":\"https:\/\/global-hookah.com\/product\/color-no-face-silicone-bong-wholesale\/#primaryimage\",\"url\":\"https:\/\/global-hookah.com\/wp-content\/uploads\/2023\/12\/\u4e3b\u56fe-02-47.jpg\",\"contentUrl\":\"https:\/\/global-hookah.com\/wp-content\/uploads\/2023\/12\/\u4e3b\u56fe-02-47.jpg\",\"width\":1024,\"height\":1024,\"caption\":\"Color No Face Silicone Bong Wholesale\"},{\"@type\":\"BreadcrumbList\",\"@id\":\"https:\/\/global-hookah.com\/product\/color-no-face-silicone-bong-wholesale\/#breadcrumb\",\"itemListElement\":[{\"@type\":\"ListItem\",\"position\":1,\"name\":\"Home\",\"item\":\"https:\/\/global-hookah.com\/\"},{\"@type\":\"ListItem\",\"position\":2,\"name\":\"Shop\",\"item\":\"https:\/\/global-hookah.com\/shop\/\"},{\"@type\":\"ListItem\",\"position\":3,\"name\":\"Color No Face Silicone Bong Wholesale\"}]},{\"@type\":\"WebSite\",\"@id\":\"https:\/\/global-hookah.com\/#website\",\"url\":\"https:\/\/global-hookah.com\/\",\"name\":\"Global Hookah\",\"description\":\"Global Hookah\",\"publisher\":{\"@id\":\"https:\/\/global-hookah.com\/#organization\"},\"potentialAction\":[{\"@type\":\"SearchAction\",\"target\":{\"@type\":\"EntryPoint\",\"urlTemplate\":\"https:\/\/global-hookah.com\/?s={search_term_string}\"},\"query-input\":{\"@type\":\"PropertyValueSpecification\",\"valueRequired\":true,\"valueName\":\"search_term_string\"}}],\"inLanguage\":\"de\"},{\"@type\":\"Organization\",\"@id\":\"https:\/\/global-hookah.com\/#organization\",\"name\":\"Global Hookah\",\"url\":\"https:\/\/global-hookah.com\/\",\"logo\":{\"@type\":\"ImageObject\",\"inLanguage\":\"de\",\"@id\":\"https:\/\/global-hookah.com\/#\/schema\/logo\/image\/\",\"url\":\"https:\/\/global-hookah.com\/wp-content\/uploads\/2021\/10\/cropped-fgg.png\",\"contentUrl\":\"https:\/\/global-hookah.com\/wp-content\/uploads\/2021\/10\/cropped-fgg.png\",\"width\":512,\"height\":512,\"caption\":\"Global Hookah\"},\"image\":{\"@id\":\"https:\/\/global-hookah.com\/#\/schema\/logo\/image\/\"}}]}<\/script>\n<!-- \/ Yoast SEO Premium plugin. -->","yoast_head_json":{"title":"Farbe kein Gesicht Silikon Bong Gro\u00dfhandel - Global Hookah","robots":{"index":"index","follow":"follow","max-snippet":"max-snippet:-1","max-image-preview":"max-image-preview:large","max-video-preview":"max-video-preview:-1"},"canonical":"https:\/\/global-hookah.com\/de\/produkt\/color-no-face-silicone-bong-wholesale\/","og_locale":"de_DE","og_type":"article","og_title":"Color No Face Silicone Bong Wholesale","og_description":"Our craftsman Jack made this No Face Silicone Bong as a tribute to the famous character &#8220;No-Face&#8221; from the classic","og_url":"https:\/\/global-hookah.com\/de\/produkt\/color-no-face-silicone-bong-wholesale\/","og_site_name":"Global Hookah","article_modified_time":"2026-02-10T07:46:22+00:00","og_image":[{"width":1024,"height":1024,"url":"https:\/\/global-hookah.com\/wp-content\/uploads\/2023\/12\/\u4e3b\u56fe-02-47.jpg","type":"image\/jpeg"}],"twitter_card":"summary_large_image","twitter_misc":{"Gesch\u00e4tzte Lesezeit":"2\u00a0Minuten"},"schema":{"@context":"https:\/\/schema.org","@graph":[{"@type":"WebPage","@id":"https:\/\/global-hookah.com\/product\/color-no-face-silicone-bong-wholesale\/","url":"https:\/\/global-hookah.com\/product\/color-no-face-silicone-bong-wholesale\/","name":"Farbe kein Gesicht Silikon Bong Gro\u00dfhandel - Global Hookah","isPartOf":{"@id":"https:\/\/global-hookah.com\/#website"},"primaryImageOfPage":{"@id":"https:\/\/global-hookah.com\/product\/color-no-face-silicone-bong-wholesale\/#primaryimage"},"image":{"@id":"https:\/\/global-hookah.com\/product\/color-no-face-silicone-bong-wholesale\/#primaryimage"},"thumbnailUrl":"https:\/\/global-hookah.com\/wp-content\/uploads\/2023\/12\/\u4e3b\u56fe-02-47.jpg","datePublished":"2023-12-31T08:56:57+00:00","dateModified":"2026-02-10T07:46:22+00:00","breadcrumb":{"@id":"https:\/\/global-hookah.com\/product\/color-no-face-silicone-bong-wholesale\/#breadcrumb"},"inLanguage":"de","potentialAction":[{"@type":"ReadAction","target":["https:\/\/global-hookah.com\/product\/color-no-face-silicone-bong-wholesale\/"]}]},{"@type":"ImageObject","inLanguage":"de","@id":"https:\/\/global-hookah.com\/product\/color-no-face-silicone-bong-wholesale\/#primaryimage","url":"https:\/\/global-hookah.com\/wp-content\/uploads\/2023\/12\/\u4e3b\u56fe-02-47.jpg","contentUrl":"https:\/\/global-hookah.com\/wp-content\/uploads\/2023\/12\/\u4e3b\u56fe-02-47.jpg","width":1024,"height":1024,"caption":"Color No Face Silicone Bong Wholesale"},{"@type":"BreadcrumbList","@id":"https:\/\/global-hookah.com\/product\/color-no-face-silicone-bong-wholesale\/#breadcrumb","itemListElement":[{"@type":"ListItem","position":1,"name":"Home","item":"https:\/\/global-hookah.com\/"},{"@type":"ListItem","position":2,"name":"Shop","item":"https:\/\/global-hookah.com\/shop\/"},{"@type":"ListItem","position":3,"name":"Color No Face Silicone Bong Wholesale"}]},{"@type":"WebSite","@id":"https:\/\/global-hookah.com\/#website","url":"https:\/\/global-hookah.com\/","name":"Globale Wasserpfeife","description":"Globale Wasserpfeife","publisher":{"@id":"https:\/\/global-hookah.com\/#organization"},"potentialAction":[{"@type":"SearchAction","target":{"@type":"EntryPoint","urlTemplate":"https:\/\/global-hookah.com\/?s={search_term_string}"},"query-input":{"@type":"PropertyValueSpecification","valueRequired":true,"valueName":"search_term_string"}}],"inLanguage":"de"},{"@type":"Organization","@id":"https:\/\/global-hookah.com\/#organization","name":"Globale Wasserpfeife","url":"https:\/\/global-hookah.com\/","logo":{"@type":"ImageObject","inLanguage":"de","@id":"https:\/\/global-hookah.com\/#\/schema\/logo\/image\/","url":"https:\/\/global-hookah.com\/wp-content\/uploads\/2021\/10\/cropped-fgg.png","contentUrl":"https:\/\/global-hookah.com\/wp-content\/uploads\/2021\/10\/cropped-fgg.png","width":512,"height":512,"caption":"Global Hookah"},"image":{"@id":"https:\/\/global-hookah.com\/#\/schema\/logo\/image\/"}}]}},"_links":{"self":[{"href":"https:\/\/global-hookah.com\/de\/wp-json\/wp\/v2\/product\/18458","targetHints":{"allow":["GET"]}}],"collection":[{"href":"https:\/\/global-hookah.com\/de\/wp-json\/wp\/v2\/product"}],"about":[{"href":"https:\/\/global-hookah.com\/de\/wp-json\/wp\/v2\/types\/product"}],"replies":[{"embeddable":true,"href":"https:\/\/global-hookah.com\/de\/wp-json\/wp\/v2\/comments?post=18458"}],"version-history":[{"count":2,"href":"https:\/\/global-hookah.com\/de\/wp-json\/wp\/v2\/product\/18458\/revisions"}],"predecessor-version":[{"id":33125,"href":"https:\/\/global-hookah.com\/de\/wp-json\/wp\/v2\/product\/18458\/revisions\/33125"}],"wp:featuredmedia":[{"embeddable":true,"href":"https:\/\/global-hookah.com\/de\/wp-json\/wp\/v2\/media\/18461"}],"wp:attachment":[{"href":"https:\/\/global-hookah.com\/de\/wp-json\/wp\/v2\/media?parent=18458"}],"wp:term":[{"taxonomy":"product_brand","embeddable":true,"href":"https:\/\/global-hookah.com\/de\/wp-json\/wp\/v2\/product_brand?post=18458"},{"taxonomy":"product_cat","embeddable":true,"href":"https:\/\/global-hookah.com\/de\/wp-json\/wp\/v2\/product_cat?post=18458"},{"taxonomy":"product_tag","embeddable":true,"href":"https:\/\/global-hookah.com\/de\/wp-json\/wp\/v2\/product_tag?post=18458"}],"curies":[{"name":"wp","href":"https:\/\/api.w.org\/{rel}","templated":true}]}}