{"id":18730,"date":"2024-01-10T06:41:58","date_gmt":"2024-01-10T06:41:58","guid":{"rendered":"https:\/\/global-hookah.com\/product\/arabian-3-pipe-hookah-full-set-wholesale\/"},"modified":"2024-04-17T07:56:21","modified_gmt":"2024-04-17T07:56:21","slug":"arabian-3-pipe-hookah-full-set-wholesale","status":"publish","type":"product","link":"https:\/\/global-hookah.com\/de\/produkt\/arabian-3-pipe-hookah-full-set-wholesale\/","title":{"rendered":"Arabische 3-Pfeifen Hookah Full Set Gro\u00dfhandel"},"content":{"rendered":"<p>Dieser Satz von <strong>Arabische Wasserpfeifen<\/strong> ist aus hochwertigem Edelstahl gefertigt, der eine k\u00fchle silberne Farbe aufweist, ohne den arabischen Stil zu verlieren.<\/p>\n<p>Das aktualisierte Design verf\u00fcgt \u00fcber zwei Schlauchanschl\u00fcsse, so dass Sie den Spa\u00df verdoppeln und beide Schl\u00e4uche gleichzeitig verwenden k\u00f6nnen, wenn Sie m\u00f6chten. Die fortschrittliche Wasserkamin-Serie und der eingebaute Luftstopfen geben dir die volle Kontrolle \u00fcber den Zug und den Luftstrom. Au\u00dferdem schlie\u00dft sich der Ventilschaft automatisch, wenn er nicht benutzt wird, um ein Auslaufen zu verhindern.<\/p>\n<p>Wenn auch Sie eine hochwertige Shisha genie\u00dfen wollen, kommen Sie und kaufen Sie sie! Ob <a href=\"https:\/\/global-hookah.com\/product-category\/wholesale-hookah\/electric-hookah-wholesale\/\">Gro\u00dfhandel<\/a> oder Einzelhandel, wir sind hier, um Sie mit Begeisterung zu bedienen. W\u00e4hlen Sie uns und Ihr Shisha-Erlebnis wird aufgewertet werden!<\/p>\n<div class=\"product-specs-list-container\">\n<ul class=\"product-specs-list util-clearfix\">\n<li class=\"product-prop line-limit-length\"><span class=\"property-title\">Die Technik:\u00a0<\/span><span class=\"property-desc line-limit-length\">Lack<\/span><\/li>\n<li class=\"product-prop line-limit-length\"><span class=\"property-title\">Material:\u00a0<\/span><span class=\"property-desc line-limit-length\">Metall<\/span><\/li>\n<\/ul>\n<\/div>\n<p><img decoding=\"async\" src=\"https:\/\/ae01.alicdn.com\/kf\/Sdb478040d47943f2b67127a2b6f79eadV.jpg\" \/><img decoding=\"async\" src=\"https:\/\/ae01.alicdn.com\/kf\/Sc0bc35751e9f484392203fc2e755d909h.jpg\" \/><img decoding=\"async\" src=\"https:\/\/ae01.alicdn.com\/kf\/Sd3819244d42d48a8a546ee285c5abf696.jpg\" \/><img decoding=\"async\" src=\"https:\/\/ae01.alicdn.com\/kf\/Se4c851e2ac9747dca4c73ff1b5f5ba61V.jpg\" \/><img decoding=\"async\" src=\"https:\/\/ae01.alicdn.com\/kf\/S7f74b3c7e5c349b0829696b700e20167v.jpg\" \/><\/p>","protected":false},"excerpt":{"rendered":"<p>Dieses Set arabischer Wasserpfeifen ist aus hochwertigem Edelstahl gefertigt und zeigt eine k\u00fchle silberne Farbe, ohne den arabischen Stil zu verlieren.<\/p>","protected":false},"featured_media":18731,"comment_status":"open","ping_status":"closed","template":"","meta":{"iawp_total_views":1,"_joinchat":[]},"product_brand":[],"product_cat":[119],"product_tag":[],"class_list":{"0":"post-18730","1":"product","2":"type-product","3":"status-publish","4":"has-post-thumbnail","6":"product_cat-wholesale-hookah","8":"first","9":"instock","10":"shipping-taxable","11":"purchasable","12":"product-type-variable"},"yoast_head":"<!-- This site is optimized with the Yoast SEO Premium plugin v24.7 (Yoast SEO v26.8) - https:\/\/yoast.com\/product\/yoast-seo-premium-wordpress\/ -->\n<title>Arabian 3-pipe Hookah Full Set Wholesale - Global Hookah<\/title>\n<meta name=\"robots\" content=\"index, follow, max-snippet:-1, max-image-preview:large, max-video-preview:-1\" \/>\n<link rel=\"canonical\" href=\"https:\/\/global-hookah.com\/de\/produkt\/arabische-3-pfeifen-hookah-groshandelspackung\/\" \/>\n<meta property=\"og:locale\" content=\"de_DE\" \/>\n<meta property=\"og:type\" content=\"article\" \/>\n<meta property=\"og:title\" content=\"Arabian 3-pipe Hookah Full Set Wholesale\" \/>\n<meta property=\"og:description\" content=\"This set of Arabian Hookahs is made of high-quality stainless steel, showing a cool silver color without losing the Arabian\" \/>\n<meta property=\"og:url\" content=\"https:\/\/global-hookah.com\/de\/produkt\/arabische-3-pfeifen-hookah-groshandelspackung\/\" \/>\n<meta property=\"og:site_name\" content=\"Global Hookah\" \/>\n<meta property=\"article:modified_time\" content=\"2024-04-17T07:56:21+00:00\" \/>\n<meta property=\"og:image\" content=\"https:\/\/global-hookah.com\/wp-content\/uploads\/2024\/01\/Arabian-3-pipe-Hookah-Full-Set-of-Medium-Glass-Bottle-Hookah-Bar-Accessories-Birthday-Gift.webp\" \/>\n\t<meta property=\"og:image:width\" content=\"900\" \/>\n\t<meta property=\"og:image:height\" content=\"900\" \/>\n\t<meta property=\"og:image:type\" content=\"image\/webp\" \/>\n<meta name=\"twitter:card\" content=\"summary_large_image\" \/>\n<meta name=\"twitter:label1\" content=\"Gesch\u00e4tzte Lesezeit\" \/>\n\t<meta name=\"twitter:data1\" content=\"2\u00a0Minuten\" \/>\n<script type=\"application\/ld+json\" class=\"yoast-schema-graph\">{\"@context\":\"https:\/\/schema.org\",\"@graph\":[{\"@type\":\"WebPage\",\"@id\":\"https:\/\/global-hookah.com\/de\/produkt\/arabische-3-pfeifen-hookah-groshandelspackung\/\",\"url\":\"https:\/\/global-hookah.com\/de\/produkt\/arabische-3-pfeifen-hookah-groshandelspackung\/\",\"name\":\"Arabian 3-pipe Hookah Full Set Wholesale - Global Hookah\",\"isPartOf\":{\"@id\":\"https:\/\/global-hookah.com\/#website\"},\"primaryImageOfPage\":{\"@id\":\"https:\/\/global-hookah.com\/de\/produkt\/arabische-3-pfeifen-hookah-groshandelspackung\/#primaryimage\"},\"image\":{\"@id\":\"https:\/\/global-hookah.com\/de\/produkt\/arabische-3-pfeifen-hookah-groshandelspackung\/#primaryimage\"},\"thumbnailUrl\":\"https:\/\/global-hookah.com\/wp-content\/uploads\/2024\/01\/Arabian-3-pipe-Hookah-Full-Set-of-Medium-Glass-Bottle-Hookah-Bar-Accessories-Birthday-Gift.webp\",\"datePublished\":\"2024-01-10T06:41:58+00:00\",\"dateModified\":\"2024-04-17T07:56:21+00:00\",\"breadcrumb\":{\"@id\":\"https:\/\/global-hookah.com\/de\/produkt\/arabische-3-pfeifen-hookah-groshandelspackung\/#breadcrumb\"},\"inLanguage\":\"de\",\"potentialAction\":[{\"@type\":\"ReadAction\",\"target\":[\"https:\/\/global-hookah.com\/de\/produkt\/arabische-3-pfeifen-hookah-groshandelspackung\/\"]}]},{\"@type\":\"ImageObject\",\"inLanguage\":\"de\",\"@id\":\"https:\/\/global-hookah.com\/de\/produkt\/arabische-3-pfeifen-hookah-groshandelspackung\/#primaryimage\",\"url\":\"https:\/\/global-hookah.com\/wp-content\/uploads\/2024\/01\/Arabian-3-pipe-Hookah-Full-Set-of-Medium-Glass-Bottle-Hookah-Bar-Accessories-Birthday-Gift.webp\",\"contentUrl\":\"https:\/\/global-hookah.com\/wp-content\/uploads\/2024\/01\/Arabian-3-pipe-Hookah-Full-Set-of-Medium-Glass-Bottle-Hookah-Bar-Accessories-Birthday-Gift.webp\",\"width\":900,\"height\":900,\"caption\":\"Arabian 3-pipe Hookah Full Set Wholesale\"},{\"@type\":\"BreadcrumbList\",\"@id\":\"https:\/\/global-hookah.com\/de\/produkt\/arabische-3-pfeifen-hookah-groshandelspackung\/#breadcrumb\",\"itemListElement\":[{\"@type\":\"ListItem\",\"position\":1,\"name\":\"Home\",\"item\":\"https:\/\/global-hookah.com\/\"},{\"@type\":\"ListItem\",\"position\":2,\"name\":\"Shop\",\"item\":\"https:\/\/global-hookah.com\/shop\/\"},{\"@type\":\"ListItem\",\"position\":3,\"name\":\"Arabian 3-pipe Hookah Full Set Wholesale\"}]},{\"@type\":\"WebSite\",\"@id\":\"https:\/\/global-hookah.com\/#website\",\"url\":\"https:\/\/global-hookah.com\/\",\"name\":\"Global Hookah\",\"description\":\"Global Hookah\",\"publisher\":{\"@id\":\"https:\/\/global-hookah.com\/#organization\"},\"potentialAction\":[{\"@type\":\"SearchAction\",\"target\":{\"@type\":\"EntryPoint\",\"urlTemplate\":\"https:\/\/global-hookah.com\/?s={search_term_string}\"},\"query-input\":{\"@type\":\"PropertyValueSpecification\",\"valueRequired\":true,\"valueName\":\"search_term_string\"}}],\"inLanguage\":\"de\"},{\"@type\":\"Organization\",\"@id\":\"https:\/\/global-hookah.com\/#organization\",\"name\":\"Global Hookah\",\"url\":\"https:\/\/global-hookah.com\/\",\"logo\":{\"@type\":\"ImageObject\",\"inLanguage\":\"de\",\"@id\":\"https:\/\/global-hookah.com\/#\/schema\/logo\/image\/\",\"url\":\"https:\/\/global-hookah.com\/wp-content\/uploads\/2021\/10\/cropped-fgg.png\",\"contentUrl\":\"https:\/\/global-hookah.com\/wp-content\/uploads\/2021\/10\/cropped-fgg.png\",\"width\":512,\"height\":512,\"caption\":\"Global Hookah\"},\"image\":{\"@id\":\"https:\/\/global-hookah.com\/#\/schema\/logo\/image\/\"}}]}<\/script>\n<!-- \/ Yoast SEO Premium plugin. -->","yoast_head_json":{"title":"Arabische 3-Pfeifen Hookah Full Set Gro\u00dfhandel - Global Hookah","robots":{"index":"index","follow":"follow","max-snippet":"max-snippet:-1","max-image-preview":"max-image-preview:large","max-video-preview":"max-video-preview:-1"},"canonical":"https:\/\/global-hookah.com\/de\/produkt\/arabische-3-pfeifen-hookah-groshandelspackung\/","og_locale":"de_DE","og_type":"article","og_title":"Arabian 3-pipe Hookah Full Set Wholesale","og_description":"This set of Arabian Hookahs is made of high-quality stainless steel, showing a cool silver color without losing the Arabian","og_url":"https:\/\/global-hookah.com\/de\/produkt\/arabische-3-pfeifen-hookah-groshandelspackung\/","og_site_name":"Global Hookah","article_modified_time":"2024-04-17T07:56:21+00:00","og_image":[{"width":900,"height":900,"url":"https:\/\/global-hookah.com\/wp-content\/uploads\/2024\/01\/Arabian-3-pipe-Hookah-Full-Set-of-Medium-Glass-Bottle-Hookah-Bar-Accessories-Birthday-Gift.webp","type":"image\/webp"}],"twitter_card":"summary_large_image","twitter_misc":{"Gesch\u00e4tzte Lesezeit":"2\u00a0Minuten"},"schema":{"@context":"https:\/\/schema.org","@graph":[{"@type":"WebPage","@id":"https:\/\/global-hookah.com\/de\/produkt\/arabische-3-pfeifen-hookah-groshandelspackung\/","url":"https:\/\/global-hookah.com\/de\/produkt\/arabische-3-pfeifen-hookah-groshandelspackung\/","name":"Arabische 3-Pfeifen Hookah Full Set Gro\u00dfhandel - Global Hookah","isPartOf":{"@id":"https:\/\/global-hookah.com\/#website"},"primaryImageOfPage":{"@id":"https:\/\/global-hookah.com\/de\/produkt\/arabische-3-pfeifen-hookah-groshandelspackung\/#primaryimage"},"image":{"@id":"https:\/\/global-hookah.com\/de\/produkt\/arabische-3-pfeifen-hookah-groshandelspackung\/#primaryimage"},"thumbnailUrl":"https:\/\/global-hookah.com\/wp-content\/uploads\/2024\/01\/Arabian-3-pipe-Hookah-Full-Set-of-Medium-Glass-Bottle-Hookah-Bar-Accessories-Birthday-Gift.webp","datePublished":"2024-01-10T06:41:58+00:00","dateModified":"2024-04-17T07:56:21+00:00","breadcrumb":{"@id":"https:\/\/global-hookah.com\/de\/produkt\/arabische-3-pfeifen-hookah-groshandelspackung\/#breadcrumb"},"inLanguage":"de","potentialAction":[{"@type":"ReadAction","target":["https:\/\/global-hookah.com\/de\/produkt\/arabische-3-pfeifen-hookah-groshandelspackung\/"]}]},{"@type":"ImageObject","inLanguage":"de","@id":"https:\/\/global-hookah.com\/de\/produkt\/arabische-3-pfeifen-hookah-groshandelspackung\/#primaryimage","url":"https:\/\/global-hookah.com\/wp-content\/uploads\/2024\/01\/Arabian-3-pipe-Hookah-Full-Set-of-Medium-Glass-Bottle-Hookah-Bar-Accessories-Birthday-Gift.webp","contentUrl":"https:\/\/global-hookah.com\/wp-content\/uploads\/2024\/01\/Arabian-3-pipe-Hookah-Full-Set-of-Medium-Glass-Bottle-Hookah-Bar-Accessories-Birthday-Gift.webp","width":900,"height":900,"caption":"Arabian 3-pipe Hookah Full Set Wholesale"},{"@type":"BreadcrumbList","@id":"https:\/\/global-hookah.com\/de\/produkt\/arabische-3-pfeifen-hookah-groshandelspackung\/#breadcrumb","itemListElement":[{"@type":"ListItem","position":1,"name":"Home","item":"https:\/\/global-hookah.com\/"},{"@type":"ListItem","position":2,"name":"Shop","item":"https:\/\/global-hookah.com\/shop\/"},{"@type":"ListItem","position":3,"name":"Arabian 3-pipe Hookah Full Set Wholesale"}]},{"@type":"WebSite","@id":"https:\/\/global-hookah.com\/#website","url":"https:\/\/global-hookah.com\/","name":"Globale Wasserpfeife","description":"Globale Wasserpfeife","publisher":{"@id":"https:\/\/global-hookah.com\/#organization"},"potentialAction":[{"@type":"SearchAction","target":{"@type":"EntryPoint","urlTemplate":"https:\/\/global-hookah.com\/?s={search_term_string}"},"query-input":{"@type":"PropertyValueSpecification","valueRequired":true,"valueName":"search_term_string"}}],"inLanguage":"de"},{"@type":"Organization","@id":"https:\/\/global-hookah.com\/#organization","name":"Globale Wasserpfeife","url":"https:\/\/global-hookah.com\/","logo":{"@type":"ImageObject","inLanguage":"de","@id":"https:\/\/global-hookah.com\/#\/schema\/logo\/image\/","url":"https:\/\/global-hookah.com\/wp-content\/uploads\/2021\/10\/cropped-fgg.png","contentUrl":"https:\/\/global-hookah.com\/wp-content\/uploads\/2021\/10\/cropped-fgg.png","width":512,"height":512,"caption":"Global Hookah"},"image":{"@id":"https:\/\/global-hookah.com\/#\/schema\/logo\/image\/"}}]}},"_links":{"self":[{"href":"https:\/\/global-hookah.com\/de\/wp-json\/wp\/v2\/product\/18730","targetHints":{"allow":["GET"]}}],"collection":[{"href":"https:\/\/global-hookah.com\/de\/wp-json\/wp\/v2\/product"}],"about":[{"href":"https:\/\/global-hookah.com\/de\/wp-json\/wp\/v2\/types\/product"}],"replies":[{"embeddable":true,"href":"https:\/\/global-hookah.com\/de\/wp-json\/wp\/v2\/comments?post=18730"}],"version-history":[{"count":0,"href":"https:\/\/global-hookah.com\/de\/wp-json\/wp\/v2\/product\/18730\/revisions"}],"wp:featuredmedia":[{"embeddable":true,"href":"https:\/\/global-hookah.com\/de\/wp-json\/wp\/v2\/media\/18731"}],"wp:attachment":[{"href":"https:\/\/global-hookah.com\/de\/wp-json\/wp\/v2\/media?parent=18730"}],"wp:term":[{"taxonomy":"product_brand","embeddable":true,"href":"https:\/\/global-hookah.com\/de\/wp-json\/wp\/v2\/product_brand?post=18730"},{"taxonomy":"product_cat","embeddable":true,"href":"https:\/\/global-hookah.com\/de\/wp-json\/wp\/v2\/product_cat?post=18730"},{"taxonomy":"product_tag","embeddable":true,"href":"https:\/\/global-hookah.com\/de\/wp-json\/wp\/v2\/product_tag?post=18730"}],"curies":[{"name":"wp","href":"https:\/\/api.w.org\/{rel}","templated":true}]}}