{"id":18794,"date":"2024-01-10T07:33:54","date_gmt":"2024-01-10T07:33:54","guid":{"rendered":"https:\/\/global-hookah.com\/product\/gandalf-churchwarden-pipe\/"},"modified":"2024-01-10T07:33:56","modified_gmt":"2024-01-10T07:33:56","slug":"gandalf-churchwarden-pipe","status":"publish","type":"product","link":"https:\/\/global-hookah.com\/de\/produkt\/gandalf-churchwarden-pipe\/","title":{"rendered":"Gandalf Kirchenvorsteher Pfeife"},"content":{"rendered":"<div class=\"product-specs-list-container\">\n<ul class=\"product-specs-list util-clearfix\">\n<li class=\"product-prop line-limit-length\"><span\n\t\t\t\t\t\t\t\t\tclass=\"property-title\">Die Form:&nbsp;<\/span><span\n\t\t\t\t\t\t\t\t\tclass=\"property-desc line-limit-length\">Gebogener Typ<\/span>\n\t\t\t\t\t\t<\/li>\n<li class=\"product-prop line-limit-length\"><span\n\t\t\t\t\t\t\t\t\tclass=\"property-title\">Modellnummer:&nbsp;<\/span><span\n\t\t\t\t\t\t\t\t\tclass=\"property-desc line-limit-length\">\"aa00447h1t5z\/ aa00447q1t5z\/ aa00447y1t5z\"<\/span>\n\t\t\t\t\t\t<\/li>\n<li class=\"product-prop line-limit-length\"><span\n\t\t\t\t\t\t\t\t\tclass=\"property-title\">Material:&nbsp;<\/span><span\n\t\t\t\t\t\t\t\t\tclass=\"property-desc line-limit-length\">Holz<\/span>\n\t\t\t\t\t\t<\/li>\n<li class=\"product-prop line-limit-length\"><span\n\t\t\t\t\t\t\t\t\tclass=\"property-title\">Markenname:&nbsp;<\/span><span\n\t\t\t\t\t\t\t\t\tclass=\"property-desc line-limit-length\">MUXIANG<\/span>\n\t\t\t\t\t\t<\/li>\n<li class=\"product-prop line-limit-length\"><span\n\t\t\t\t\t\t\t\t\tclass=\"property-title\">Herkunft:&nbsp;<\/span><span\n\t\t\t\t\t\t\t\t\tclass=\"property-desc line-limit-length\">Festland China<\/span>\n\t\t\t\t\t\t<\/li>\n<li class=\"product-prop line-limit-length\"><span\n\t\t\t\t\t\t\t\t\tclass=\"property-title\">Ist ma\u00dfgeschneidert:&nbsp;<\/span><span\n\t\t\t\t\t\t\t\t\tclass=\"property-desc line-limit-length\">Ja<\/span>\n\t\t\t\t\t\t<\/li>\n<li class=\"product-prop line-limit-length\"><span\n\t\t\t\t\t\t\t\t\tclass=\"property-title\">Ort der Herkunft:&nbsp;<\/span><span\n\t\t\t\t\t\t\t\t\tclass=\"property-desc line-limit-length\">Zhejiang, China (Festland)<\/span>\n\t\t\t\t\t\t<\/li>\n<li class=\"product-prop line-limit-length\"><span\n\t\t\t\t\t\t\t\t\tclass=\"property-title\">Kosten f\u00fcr den Versand:&nbsp;<\/span><span\n\t\t\t\t\t\t\t\t\tclass=\"property-desc line-limit-length\">Kostenloser Versand per China Post Air Mail oder HK Post Air Mail<\/span>\n\t\t\t\t\t\t<\/li>\n<li class=\"product-prop line-limit-length\"><span\n\t\t\t\t\t\t\t\t\tclass=\"property-title\">Schl\u00fcsselw\u00f6rter:&nbsp;<\/span><span\n\t\t\t\t\t\t\t\t\tclass=\"property-desc line-limit-length\">Lange Tabakspfeife<\/span>\n\t\t\t\t\t\t<\/li>\n<li class=\"product-prop line-limit-length\"><span\n\t\t\t\t\t\t\t\t\tclass=\"property-title\">Schl\u00fcsselw\u00f6rter:&nbsp;<\/span><span\n\t\t\t\t\t\t\t\t\tclass=\"property-desc line-limit-length\">Leseleitung<\/span>\n\t\t\t\t\t\t<\/li>\n<\/ul><\/div>\n<p>Handgefertigte Anpassung, einzigartig, kontaktieren Sie den Kundenservice f\u00fcr Fotos vor dem Versand<\/p>\n<\/p>\n<p>\u3010Hochwertige Briarholz-Rauchpfeife\u3011<\/p>\n<p><\/p>\n<p>\u25cf Handgefertigt aus italienischem Briarwood der Spitzenklasse<\/p>\n<p>\u25cf Gebogene Bauform<\/p>\n<p>\u25cf Schnelle Versandmethode<\/p>\n<\/p>\n<p>\u3010Produktinformation\u3011<\/p>\n<p><\/p>\n<p>-[ Material-Briarwood-Pfeife]<\/p>\n<p>\u25cf PIPE BODY:100% Briarwood<\/p>\n<p>\u25cf MOUTHPIECE MATERIAL:Hochwertige Lebensmittelqualit\u00e4t Acryl Materialien.<\/p>\n<p><\/p>\n<p>-[ FARBE ]:Wie auf dem Bild zu sehen.<\/p>\n<p>\u25cfEs kann einige Unterschiede zwischen der tats\u00e4chlichen Farbe und dem Bild aufgrund der unterschiedlichen Aufnahme Beleuchtung und Produktionsprozess sein!!!<\/p>\n<\/p>\n<p>\u3010Produkt Details\u3011<\/p>\n<p><\/p>\n<p>\u3010Preset Carbon Layer\u3011<\/p>\n<p><\/p>\n<p>Die schwarze Kohlenstoffschicht im Inneren des Rohres ist die voreingestellte Kohlenstoffschicht, die die Rolle des Flammschutzes, der W\u00e4rmed\u00e4mmung und des Rohrschutzes spielt.<\/p>\n<p><\/p>\n<p>\u3010Acryl-Mundst\u00fcck\u3011<\/p>\n<p><\/p>\n<p>Lebensmittelechtes Material, sicher und gesch\u00fctzt, bequemer zu tragen<\/p>\n<p><\/p>\n<p>Geeignet f\u00fcr aktive Filter.<\/p>\n<p><\/p>\n<p>Hinweis: Es handelt sich um reine Handarbeit,<\/p>\n<p>Das Produkt weist je nach Farbe des Rohmaterials Farbunterschiede auf,<\/p>\n<p>Achten Sie darauf, nicht zu schie\u00dfen, gibt es eine 1-2cm Fehler in der manuellen Messung der Produktgr\u00f6\u00dfe<\/p>\n<\/p>\n<p>Briar ist ein Holz, ein steinerner Baum, der im Mittelmeerraum w\u00e4chst, und seine mehrj\u00e4hrigen Wurzelknollen eignen sich am besten f\u00fcr Rohre.<\/p>\n<p>Diese Art von Wurzelmaterial ist recht hartes Holz, und das Bruy\u00e8reholz selbst hat die Funktion, Wasser zu absorbieren,<\/p>\n<p>die das Wasser im Tabak vollst\u00e4ndig absorbieren k\u00f6nnen, ohne den Geschmack des Tabaks zu beeintr\u00e4chtigen.<\/p>\n<p>Seit 1850 ist Bruy\u00e8reholz das beliebteste Material f\u00fcr die Herstellung von Pfeifen geworden,<\/p>\n<p>weil es sch\u00f6n und haltbar ist, eine sch\u00f6ne Holzmaserung hat, hitzebest\u00e4ndig ist und Wasser absorbiert. Nach Jahren der Praxis und Erforschung,<\/p>\n<p>ist es das Holz mit der besten Wirkung f\u00fcr die Herstellung von Pfeifen geworden. Der \u00fcberwiegende Teil des Bruy\u00e8reholzes, das heute zur Herstellung von Pfeifen verwendet wird, stammt aus Italien,<\/p>\n<p>Frankreich, Griechenland, Korsika und Spanien.<\/p>\n<p>Albanien und Algerien wurden fr\u00fcher als weitere Quellen f\u00fcr Bruy\u00e8re genannt, aber die heutige internationale Situation macht es unm\u00f6glich, Bruy\u00e8re in diesen Gebieten anzubauen,<\/p>\n<p>denn die Gefahren sind \u00fcberall.<\/p>\n<p>Briar hat nur eine Quelle, die robuste Baum, wissenschaftlich gesprochen, ein d\u00fcnner Strauch, 15-25 Meter hoch, in der Regel auf die schroffe, felsige gefunden,<\/p>\n<p>bewachsenen Ufern des Mittelmeers. Keine gef\u00e4hrdete Art. Es ist jedoch nicht der Baum selbst, der f\u00fcr die Pfeifenherstellung verwendet wird,<\/p>\n<p>aber die h\u00e4rtesten Wurzelknollen des Baumes werden getrocknet und in Profile oder Bl\u00f6cke geschnitten, um ein Rohr herzustellen.<\/p>\n<p>Viele hochwertige Pfeifen werden aus korsischem Bruy\u00e8re geschnitzt, das die feine Maserung des griechischen Bruy\u00e8re hat, aber weniger dicht ist. eigentlich,<\/p>\n<p>w\u00e4hrend der Kriegszeit in den 1940er Jahren, als Bruy\u00e8re schwer zu bekommen war,<\/p>\n<p>Der korsische Nanmu wurde zur gleichen Zeit wie der algerische Nanmu f\u00fcr Pfeifen verwendet, da sie sich in vielen Aspekten des Materials sehr \u00e4hnlich waren,<\/p>\n<p>insbesondere in Bezug auf Dichte und Maserung.<img decoding=\"async\" src=\"https:\/\/ae01.alicdn.com\/kf\/Sfda4ec8eda5a4d50826f80a46b791b67T.jpg\" slate-data-type=\"image\"\/><img decoding=\"async\" src=\"https:\/\/ae01.alicdn.com\/kf\/S68daacca203941cc89eb72a73f0aed34A.jpg\" slate-data-type=\"image\"\/><img decoding=\"async\" src=\"https:\/\/ae01.alicdn.com\/kf\/S114f5737ee49449a9d5f38b99d7601baf.jpg\" slate-data-type=\"image\"\/><img decoding=\"async\" src=\"https:\/\/ae01.alicdn.com\/kf\/Sa616ab1015f04de28174a93c8f37d063r.jpg\" slate-data-type=\"image\"\/><img decoding=\"async\" src=\"https:\/\/ae01.alicdn.com\/kf\/S16bb70536ad94bfb924d1c4da8fcb7efw.jpg\" slate-data-type=\"image\"\/><img decoding=\"async\" src=\"https:\/\/ae01.alicdn.com\/kf\/S9f849375d41c484d98861d5932143014J.jpg\" slate-data-type=\"image\"\/><img decoding=\"async\" src=\"https:\/\/ae01.alicdn.com\/kf\/S27eaefe11b724ae2b39315e73df8d538g.jpg\" slate-data-type=\"image\"\/><img decoding=\"async\" src=\"https:\/\/ae01.alicdn.com\/kf\/S101f4faa8750425482f47eb59324e7abM.jpg\" slate-data-type=\"image\"\/><img decoding=\"async\" src=\"https:\/\/ae01.alicdn.com\/kf\/S49ff49bfc69544d697073ceefc6ffdffE.jpg\" slate-data-type=\"image\"\/><img decoding=\"async\" src=\"https:\/\/ae01.alicdn.com\/kf\/Sd102a6e2cb554dae9ba52497948c0eb0S.jpg\" slate-data-type=\"image\"\/><img decoding=\"async\" src=\"https:\/\/ae01.alicdn.com\/kf\/S2e9e616aa3ab4b86b0826f4ae41449a6J.jpg\" slate-data-type=\"image\"\/><img decoding=\"async\" src=\"https:\/\/ae01.alicdn.com\/kf\/Sec75f96f861d440594267683cd32622eq.jpg\" slate-data-type=\"image\"\/><img decoding=\"async\" src=\"https:\/\/ae01.alicdn.com\/kf\/S4287e86a0f434933ad858805fc64d7c0J.jpg\" slate-data-type=\"image\"\/><img decoding=\"async\" src=\"https:\/\/ae01.alicdn.com\/kf\/Sb59346855bce47d5899204a2eaad501cr.jpg\" slate-data-type=\"image\"\/><img decoding=\"async\" src=\"https:\/\/ae01.alicdn.com\/kf\/S67bece61059b4a5ebc463a2c69dd2c652.jpg\" slate-data-type=\"image\"\/><img decoding=\"async\" src=\"https:\/\/ae01.alicdn.com\/kf\/Sa80cc45b40084d25915d27245200ad8aV.jpg\" slate-data-type=\"image\"\/><img decoding=\"async\" src=\"https:\/\/ae01.alicdn.com\/kf\/Sc55cc7dace174f0ebd316ab2e9d6a825l.jpg\" slate-data-type=\"image\"\/><img decoding=\"async\" src=\"https:\/\/ae01.alicdn.com\/kf\/S03c6c9c453374983a3b802d37ca9cec3p.jpg\" slate-data-type=\"image\"\/><img decoding=\"async\" src=\"https:\/\/ae01.alicdn.com\/kf\/S407b2910ef9142e0a44eabd8d5d3f414f.jpg\" slate-data-type=\"image\"\/><img decoding=\"async\" src=\"https:\/\/ae01.alicdn.com\/kf\/S3f9071ef5d7d40c7b6538aa6c9b052d6v.jpg\" slate-data-type=\"image\"\/><img decoding=\"async\" src=\"https:\/\/ae01.alicdn.com\/kf\/S9660a324b4324ed1951e4a5be2379d68D.jpg\" slate-data-type=\"image\"\/><img decoding=\"async\" src=\"https:\/\/ae01.alicdn.com\/kf\/S26b4177365394c0c81db4a8049eee9cdW.jpg\" slate-data-type=\"image\"\/><img decoding=\"async\" src=\"https:\/\/ae01.alicdn.com\/kf\/Sb5745cf928be43ddb646f457c348080e7.jpg\" slate-data-type=\"image\"\/><img decoding=\"async\" src=\"https:\/\/ae01.alicdn.com\/kf\/S0333a90915884073a7e8beaa1baba352J.jpg\" slate-data-type=\"image\"\/><img decoding=\"async\" src=\"https:\/\/ae01.alicdn.com\/kf\/S3b40eb4290744cb8aa21acd1364f55e45.jpg\" slate-data-type=\"image\"\/><img decoding=\"async\" src=\"https:\/\/ae01.alicdn.com\/kf\/S3928f458fe9c43ccbe3d6faa7e015578u.jpg\" slate-data-type=\"image\"\/><\/p>","protected":false},"excerpt":{"rendered":"<p>Form: Gebogener Typ Modellnummer: \"aa00447h1t5z\/ aa00447q1t5z\/ aa00447y1t5z\" Material: Holz Markenname: MUXIANG Herkunft: Festland China Wird angepasst: Ja Herkunftsort: Zhejiang, China (Festland) Versandkosten: Frei<\/p>","protected":false},"featured_media":18795,"comment_status":"open","ping_status":"closed","template":"","meta":{"iawp_total_views":4,"_joinchat":[]},"product_brand":[],"product_cat":[479],"product_tag":[],"class_list":{"0":"post-18794","1":"product","2":"type-product","3":"status-publish","4":"has-post-thumbnail","6":"product_cat-churchwarden-pipe","8":"first","9":"instock","10":"sale","11":"shipping-taxable","12":"purchasable","13":"product-type-variable"},"yoast_head":"<!-- This site is optimized with the Yoast SEO Premium plugin v24.7 (Yoast SEO v26.8) - https:\/\/yoast.com\/product\/yoast-seo-premium-wordpress\/ -->\n<title>Gandalf Churchwarden Pipe - Global Hookah<\/title>\n<meta name=\"robots\" content=\"index, follow, max-snippet:-1, max-image-preview:large, max-video-preview:-1\" \/>\n<link rel=\"canonical\" href=\"https:\/\/global-hookah.com\/de\/it\/prodotto\/tubo-di-gandalf-churchwarden\/\" \/>\n<meta property=\"og:locale\" content=\"de_DE\" \/>\n<meta property=\"og:type\" content=\"article\" \/>\n<meta property=\"og:title\" content=\"Gandalf Churchwarden Pipe\" \/>\n<meta property=\"og:description\" content=\"Shape:&nbsp;Bent Type Model Number:&nbsp;&quot;aa00447h1t5z\/ aa00447q1t5z\/ aa00447y1t5z&quot; Material:&nbsp;Wood Brand Name:&nbsp;MUXIANG Origin:&nbsp;Mainland China Is customized:&nbsp;Yes Place of origin:&nbsp;Zhejiang, China (Mainland) Shipping cost:&nbsp;Free\" \/>\n<meta property=\"og:url\" content=\"https:\/\/global-hookah.com\/de\/it\/prodotto\/tubo-di-gandalf-churchwarden\/\" \/>\n<meta property=\"og:site_name\" content=\"Global Hookah\" \/>\n<meta property=\"article:modified_time\" content=\"2024-01-10T07:33:56+00:00\" \/>\n<meta property=\"og:image\" content=\"https:\/\/global-hookah.com\/wp-content\/uploads\/2024\/01\/Handmade-Custom-Long-Reading-Pipe-Multi-Colour-To-Choose-Cigarette-holder-Smoking-Pipe-With-Accessory.webp\" \/>\n\t<meta property=\"og:image:width\" content=\"1000\" \/>\n\t<meta property=\"og:image:height\" content=\"1000\" \/>\n\t<meta property=\"og:image:type\" content=\"image\/webp\" \/>\n<meta name=\"twitter:card\" content=\"summary_large_image\" \/>\n<meta name=\"twitter:label1\" content=\"Gesch\u00e4tzte Lesezeit\" \/>\n\t<meta name=\"twitter:data1\" content=\"3\u00a0Minuten\" \/>\n<script type=\"application\/ld+json\" class=\"yoast-schema-graph\">{\"@context\":\"https:\/\/schema.org\",\"@graph\":[{\"@type\":\"WebPage\",\"@id\":\"https:\/\/global-hookah.com\/it\/prodotto\/tubo-di-gandalf-churchwarden\/\",\"url\":\"https:\/\/global-hookah.com\/it\/prodotto\/tubo-di-gandalf-churchwarden\/\",\"name\":\"Gandalf Churchwarden Pipe - Global Hookah\",\"isPartOf\":{\"@id\":\"https:\/\/global-hookah.com\/#website\"},\"primaryImageOfPage\":{\"@id\":\"https:\/\/global-hookah.com\/it\/prodotto\/tubo-di-gandalf-churchwarden\/#primaryimage\"},\"image\":{\"@id\":\"https:\/\/global-hookah.com\/it\/prodotto\/tubo-di-gandalf-churchwarden\/#primaryimage\"},\"thumbnailUrl\":\"https:\/\/global-hookah.com\/wp-content\/uploads\/2024\/01\/Handmade-Custom-Long-Reading-Pipe-Multi-Colour-To-Choose-Cigarette-holder-Smoking-Pipe-With-Accessory.webp\",\"datePublished\":\"2024-01-10T07:33:54+00:00\",\"dateModified\":\"2024-01-10T07:33:56+00:00\",\"breadcrumb\":{\"@id\":\"https:\/\/global-hookah.com\/it\/prodotto\/tubo-di-gandalf-churchwarden\/#breadcrumb\"},\"inLanguage\":\"de\",\"potentialAction\":[{\"@type\":\"ReadAction\",\"target\":[\"https:\/\/global-hookah.com\/it\/prodotto\/tubo-di-gandalf-churchwarden\/\"]}]},{\"@type\":\"ImageObject\",\"inLanguage\":\"de\",\"@id\":\"https:\/\/global-hookah.com\/it\/prodotto\/tubo-di-gandalf-churchwarden\/#primaryimage\",\"url\":\"https:\/\/global-hookah.com\/wp-content\/uploads\/2024\/01\/Handmade-Custom-Long-Reading-Pipe-Multi-Colour-To-Choose-Cigarette-holder-Smoking-Pipe-With-Accessory.webp\",\"contentUrl\":\"https:\/\/global-hookah.com\/wp-content\/uploads\/2024\/01\/Handmade-Custom-Long-Reading-Pipe-Multi-Colour-To-Choose-Cigarette-holder-Smoking-Pipe-With-Accessory.webp\",\"width\":1000,\"height\":1000},{\"@type\":\"BreadcrumbList\",\"@id\":\"https:\/\/global-hookah.com\/it\/prodotto\/tubo-di-gandalf-churchwarden\/#breadcrumb\",\"itemListElement\":[{\"@type\":\"ListItem\",\"position\":1,\"name\":\"Home\",\"item\":\"https:\/\/global-hookah.com\/\"},{\"@type\":\"ListItem\",\"position\":2,\"name\":\"Shop\",\"item\":\"https:\/\/global-hookah.com\/shop\/\"},{\"@type\":\"ListItem\",\"position\":3,\"name\":\"Gandalf Churchwarden Pipe\"}]},{\"@type\":\"WebSite\",\"@id\":\"https:\/\/global-hookah.com\/#website\",\"url\":\"https:\/\/global-hookah.com\/\",\"name\":\"Global Hookah\",\"description\":\"Global Hookah\",\"publisher\":{\"@id\":\"https:\/\/global-hookah.com\/#organization\"},\"potentialAction\":[{\"@type\":\"SearchAction\",\"target\":{\"@type\":\"EntryPoint\",\"urlTemplate\":\"https:\/\/global-hookah.com\/?s={search_term_string}\"},\"query-input\":{\"@type\":\"PropertyValueSpecification\",\"valueRequired\":true,\"valueName\":\"search_term_string\"}}],\"inLanguage\":\"de\"},{\"@type\":\"Organization\",\"@id\":\"https:\/\/global-hookah.com\/#organization\",\"name\":\"Global Hookah\",\"url\":\"https:\/\/global-hookah.com\/\",\"logo\":{\"@type\":\"ImageObject\",\"inLanguage\":\"de\",\"@id\":\"https:\/\/global-hookah.com\/#\/schema\/logo\/image\/\",\"url\":\"https:\/\/global-hookah.com\/wp-content\/uploads\/2021\/10\/cropped-fgg.png\",\"contentUrl\":\"https:\/\/global-hookah.com\/wp-content\/uploads\/2021\/10\/cropped-fgg.png\",\"width\":512,\"height\":512,\"caption\":\"Global Hookah\"},\"image\":{\"@id\":\"https:\/\/global-hookah.com\/#\/schema\/logo\/image\/\"}}]}<\/script>\n<!-- \/ Yoast SEO Premium plugin. -->","yoast_head_json":{"title":"Gandalf Churchwarden Pfeife - Global Hookah","robots":{"index":"index","follow":"follow","max-snippet":"max-snippet:-1","max-image-preview":"max-image-preview:large","max-video-preview":"max-video-preview:-1"},"canonical":"https:\/\/global-hookah.com\/de\/it\/prodotto\/tubo-di-gandalf-churchwarden\/","og_locale":"de_DE","og_type":"article","og_title":"Gandalf Churchwarden Pipe","og_description":"Shape:&nbsp;Bent Type Model Number:&nbsp;&quot;aa00447h1t5z\/ aa00447q1t5z\/ aa00447y1t5z&quot; Material:&nbsp;Wood Brand Name:&nbsp;MUXIANG Origin:&nbsp;Mainland China Is customized:&nbsp;Yes Place of origin:&nbsp;Zhejiang, China (Mainland) Shipping cost:&nbsp;Free","og_url":"https:\/\/global-hookah.com\/de\/it\/prodotto\/tubo-di-gandalf-churchwarden\/","og_site_name":"Global Hookah","article_modified_time":"2024-01-10T07:33:56+00:00","og_image":[{"width":1000,"height":1000,"url":"https:\/\/global-hookah.com\/wp-content\/uploads\/2024\/01\/Handmade-Custom-Long-Reading-Pipe-Multi-Colour-To-Choose-Cigarette-holder-Smoking-Pipe-With-Accessory.webp","type":"image\/webp"}],"twitter_card":"summary_large_image","twitter_misc":{"Gesch\u00e4tzte Lesezeit":"3\u00a0Minuten"},"schema":{"@context":"https:\/\/schema.org","@graph":[{"@type":"WebPage","@id":"https:\/\/global-hookah.com\/it\/prodotto\/tubo-di-gandalf-churchwarden\/","url":"https:\/\/global-hookah.com\/it\/prodotto\/tubo-di-gandalf-churchwarden\/","name":"Gandalf Churchwarden Pfeife - Global Hookah","isPartOf":{"@id":"https:\/\/global-hookah.com\/#website"},"primaryImageOfPage":{"@id":"https:\/\/global-hookah.com\/it\/prodotto\/tubo-di-gandalf-churchwarden\/#primaryimage"},"image":{"@id":"https:\/\/global-hookah.com\/it\/prodotto\/tubo-di-gandalf-churchwarden\/#primaryimage"},"thumbnailUrl":"https:\/\/global-hookah.com\/wp-content\/uploads\/2024\/01\/Handmade-Custom-Long-Reading-Pipe-Multi-Colour-To-Choose-Cigarette-holder-Smoking-Pipe-With-Accessory.webp","datePublished":"2024-01-10T07:33:54+00:00","dateModified":"2024-01-10T07:33:56+00:00","breadcrumb":{"@id":"https:\/\/global-hookah.com\/it\/prodotto\/tubo-di-gandalf-churchwarden\/#breadcrumb"},"inLanguage":"de","potentialAction":[{"@type":"ReadAction","target":["https:\/\/global-hookah.com\/it\/prodotto\/tubo-di-gandalf-churchwarden\/"]}]},{"@type":"ImageObject","inLanguage":"de","@id":"https:\/\/global-hookah.com\/it\/prodotto\/tubo-di-gandalf-churchwarden\/#primaryimage","url":"https:\/\/global-hookah.com\/wp-content\/uploads\/2024\/01\/Handmade-Custom-Long-Reading-Pipe-Multi-Colour-To-Choose-Cigarette-holder-Smoking-Pipe-With-Accessory.webp","contentUrl":"https:\/\/global-hookah.com\/wp-content\/uploads\/2024\/01\/Handmade-Custom-Long-Reading-Pipe-Multi-Colour-To-Choose-Cigarette-holder-Smoking-Pipe-With-Accessory.webp","width":1000,"height":1000},{"@type":"BreadcrumbList","@id":"https:\/\/global-hookah.com\/it\/prodotto\/tubo-di-gandalf-churchwarden\/#breadcrumb","itemListElement":[{"@type":"ListItem","position":1,"name":"Home","item":"https:\/\/global-hookah.com\/"},{"@type":"ListItem","position":2,"name":"Shop","item":"https:\/\/global-hookah.com\/shop\/"},{"@type":"ListItem","position":3,"name":"Gandalf Churchwarden Pipe"}]},{"@type":"WebSite","@id":"https:\/\/global-hookah.com\/#website","url":"https:\/\/global-hookah.com\/","name":"Globale Wasserpfeife","description":"Globale Wasserpfeife","publisher":{"@id":"https:\/\/global-hookah.com\/#organization"},"potentialAction":[{"@type":"SearchAction","target":{"@type":"EntryPoint","urlTemplate":"https:\/\/global-hookah.com\/?s={search_term_string}"},"query-input":{"@type":"PropertyValueSpecification","valueRequired":true,"valueName":"search_term_string"}}],"inLanguage":"de"},{"@type":"Organization","@id":"https:\/\/global-hookah.com\/#organization","name":"Globale Wasserpfeife","url":"https:\/\/global-hookah.com\/","logo":{"@type":"ImageObject","inLanguage":"de","@id":"https:\/\/global-hookah.com\/#\/schema\/logo\/image\/","url":"https:\/\/global-hookah.com\/wp-content\/uploads\/2021\/10\/cropped-fgg.png","contentUrl":"https:\/\/global-hookah.com\/wp-content\/uploads\/2021\/10\/cropped-fgg.png","width":512,"height":512,"caption":"Global Hookah"},"image":{"@id":"https:\/\/global-hookah.com\/#\/schema\/logo\/image\/"}}]}},"_links":{"self":[{"href":"https:\/\/global-hookah.com\/de\/wp-json\/wp\/v2\/product\/18794","targetHints":{"allow":["GET"]}}],"collection":[{"href":"https:\/\/global-hookah.com\/de\/wp-json\/wp\/v2\/product"}],"about":[{"href":"https:\/\/global-hookah.com\/de\/wp-json\/wp\/v2\/types\/product"}],"replies":[{"embeddable":true,"href":"https:\/\/global-hookah.com\/de\/wp-json\/wp\/v2\/comments?post=18794"}],"version-history":[{"count":0,"href":"https:\/\/global-hookah.com\/de\/wp-json\/wp\/v2\/product\/18794\/revisions"}],"wp:featuredmedia":[{"embeddable":true,"href":"https:\/\/global-hookah.com\/de\/wp-json\/wp\/v2\/media\/18795"}],"wp:attachment":[{"href":"https:\/\/global-hookah.com\/de\/wp-json\/wp\/v2\/media?parent=18794"}],"wp:term":[{"taxonomy":"product_brand","embeddable":true,"href":"https:\/\/global-hookah.com\/de\/wp-json\/wp\/v2\/product_brand?post=18794"},{"taxonomy":"product_cat","embeddable":true,"href":"https:\/\/global-hookah.com\/de\/wp-json\/wp\/v2\/product_cat?post=18794"},{"taxonomy":"product_tag","embeddable":true,"href":"https:\/\/global-hookah.com\/de\/wp-json\/wp\/v2\/product_tag?post=18794"}],"curies":[{"name":"wp","href":"https:\/\/api.w.org\/{rel}","templated":true}]}}