{"id":18799,"date":"2024-01-10T07:35:31","date_gmt":"2024-01-10T07:35:31","guid":{"rendered":"https:\/\/global-hookah.com\/product\/hand-carved-9-8-inch-briar-churchwarden-pipe\/"},"modified":"2024-01-10T07:35:33","modified_gmt":"2024-01-10T07:35:33","slug":"hand-carved-9-8-inch-briar-churchwarden-pipe","status":"publish","type":"product","link":"https:\/\/global-hookah.com\/de\/produkt\/hand-carved-9-8-inch-briar-churchwarden-pipe\/","title":{"rendered":"Handgeschnitzte 9,8-Zoll-Briar-Kirchenwart-Pfeife"},"content":{"rendered":"<p>\u00a0<\/p>\n<div class=\"product-specs-list-container\">\n<ul class=\"product-specs-list util-clearfix\">\n<li class=\"product-prop line-limit-length\"><span class=\"property-title\">Die Form:\u00a0<\/span><span class=\"property-desc line-limit-length\">Freier Typ<\/span><\/li>\n<li class=\"product-prop line-limit-length\"><span class=\"property-title\">Modellnummer:\u00a0<\/span><span class=\"property-desc line-limit-length\">aa0055k011\/aa0007k011<\/span><\/li>\n<li class=\"product-prop line-limit-length\"><span class=\"property-title\">Material:\u00a0<\/span><span class=\"property-desc line-limit-length\">Holz<\/span><\/li>\n<li class=\"product-prop line-limit-length\"><span class=\"property-title\">Markenname:\u00a0<\/span><span class=\"property-desc line-limit-length\">MUXIANG<\/span><\/li>\n<li class=\"product-prop line-limit-length\"><span class=\"property-title\">Herkunft:\u00a0<\/span><span class=\"property-desc line-limit-length\">Festland China<\/span><\/li>\n<li class=\"product-prop line-limit-length\"><span class=\"property-title\">Material:\u00a0<\/span><span class=\"property-desc line-limit-length\">Dornbuschholz<\/span><\/li>\n<li class=\"product-prop line-limit-length\"><span class=\"property-title\">Stichwort:\u00a0<\/span><span class=\"property-desc line-limit-length\">Pfeife rauchen<\/span><\/li>\n<li class=\"product-prop line-limit-length\"><span class=\"property-title\">Schl\u00fcsselw\u00f6rter:\u00a0<\/span><span class=\"property-desc line-limit-length\">Zubeh\u00f6r f\u00fcr Raucher<\/span><\/li>\n<\/ul>\n<\/div>\n<p>\u00a0<\/p>\n<p>\u3010Hochwertige Briarholz-Rauchpfeife\u3011<\/p>\n<p>\u00a0<\/p>\n<p>\u25cf Handgefertigt aus italienischem Briarwood der Spitzenklasse<\/p>\n<p>\u25cf Gebogene Bauform<\/p>\n<p>\u25cf Schnelle Versandmethode<\/p>\n<\/p>\n<p>\u3010Produktinformation\u3011<\/p>\n<p>\u00a0<\/p>\n<p>-[ Material-Briarwood-Pfeife]<\/p>\n<p>\u25cf PIPE BODY:100% Briarwood<\/p>\n<p>\u25cf MOUTHPIECE MATERIAL:Hochwertige Lebensmittelqualit\u00e4t Acryl Materialien.<\/p>\n<p>\u00a0<\/p>\n<p>-[ FARBE ]:Wie auf dem Bild zu sehen.<\/p>\n<p>\u25cfEs kann einige Unterschiede zwischen der tats\u00e4chlichen Farbe und dem Bild aufgrund der unterschiedlichen Aufnahme Beleuchtung und Produktionsprozess sein!!!<\/p>\n<\/p>\n<p>\u3010Produkt Details\u3011<\/p>\n<p>\u00a0<\/p>\n<p>\u3010Preset Carbon Layer\u3011<\/p>\n<p>\u00a0<\/p>\n<p>Die schwarze Kohlenstoffschicht im Inneren des Rohrs ist die voreingestellte Kohlenstoffschicht, die die Rolle des Flammschutzes, der W\u00e4rmed\u00e4mmung und des Rohrschutzes spielt.<\/p>\n<p>\u00a0<\/p>\n<p>\u3010Acryl-Mundst\u00fcck\u3011<\/p>\n<p>\u00a0<\/p>\n<p>Lebensmittelechtes Material, sicher und gesch\u00fctzt, bequemer zu tragen<\/p>\n<p>\u00a0<\/p>\n<p>Geeignet f\u00fcr aktive Filter.<\/p>\n<p>\u00a0<\/p>\n<p>Hinweis: Es handelt sich um reine Handarbeit,<\/p>\n<p>Das Produkt weist je nach Farbe des Rohmaterials Farbunterschiede auf,<\/p>\n<p>Achten Sie darauf, nicht zu schie\u00dfen, gibt es eine 1-2cm Fehler in der manuellen Messung der Produktgr\u00f6\u00dfe<\/p>\n<\/p>\n<p>Briar ist ein Holz, ein steinerner Baum, der im Mittelmeerraum w\u00e4chst, und seine mehrj\u00e4hrigen Wurzelknollen eignen sich am besten f\u00fcr Rohre.<\/p>\n<p>Diese Art von Wurzelmaterial ist recht hartes Holz, und das Bruy\u00e8reholz selbst hat die Funktion, Wasser zu absorbieren,<\/p>\n<p>die das Wasser im Tabak vollst\u00e4ndig absorbieren k\u00f6nnen, ohne den Geschmack des Tabaks zu beeintr\u00e4chtigen.<\/p>\n<p>Seit 1850 ist Bruy\u00e8reholz das beliebteste Material f\u00fcr die Herstellung von Pfeifen geworden,<\/p>\n<p>weil es sch\u00f6n und haltbar ist, eine sch\u00f6ne Holzmaserung hat, hitzebest\u00e4ndig ist und Wasser absorbiert. Nach Jahren der Praxis und Erforschung,<\/p>\n<p>ist es das Holz mit der besten Wirkung f\u00fcr die Herstellung von Pfeifen geworden. Der \u00fcberwiegende Teil des Bruy\u00e8reholzes, das heute zur Herstellung von Pfeifen verwendet wird, stammt aus Italien,<\/p>\n<p>Frankreich, Griechenland, Korsika und Spanien.<\/p>\n<p>Albanien und Algerien wurden fr\u00fcher als weitere Quellen f\u00fcr Bruy\u00e8re genannt, aber die heutige internationale Situation macht es unm\u00f6glich, Bruy\u00e8re in diesen Gebieten anzubauen,<\/p>\n<p>denn die Gefahren sind \u00fcberall.<\/p>\n<p>Briar hat nur eine Quelle, die robuste Baum, wissenschaftlich gesprochen, ein d\u00fcnner Strauch, 15-25 Meter hoch, in der Regel auf die schroffe, felsige gefunden,<\/p>\n<p>bewachsenen Ufern des Mittelmeers. Keine gef\u00e4hrdete Art. Es ist jedoch nicht der Baum selbst, der f\u00fcr die Pfeifenherstellung verwendet wird,<\/p>\n<p>aber die h\u00e4rtesten Wurzelknollen des Baumes werden getrocknet und in Profile oder Bl\u00f6cke geschnitten, um ein Rohr herzustellen.<\/p>\n<p>Viele hochwertige Pfeifen werden aus korsischem Bruy\u00e8re geschnitzt, das die feine Maserung des griechischen Bruy\u00e8re hat, aber weniger dicht ist. eigentlich,<\/p>\n<p>w\u00e4hrend der Kriegszeit in den 1940er Jahren, als Bruy\u00e8re schwer zu bekommen war,<\/p>\n<p>Der korsische Nanmu wurde zur gleichen Zeit wie der algerische Nanmu f\u00fcr Pfeifen verwendet, da sie sich in vielen Aspekten des Materials sehr \u00e4hnlich waren,<\/p>\n<p>insbesondere in Bezug auf Dichte und Maserung.<img decoding=\"async\" src=\"https:\/\/ae01.alicdn.com\/kf\/S958c0de9fcbb4e349bfadd19025ffe7dw.jpg\" \/><img decoding=\"async\" src=\"https:\/\/ae01.alicdn.com\/kf\/S7a6574752d0c48fe8d762fb10c6eccd8d.jpg\" \/><img decoding=\"async\" src=\"https:\/\/ae01.alicdn.com\/kf\/S9649773c6c5e491ba45e580bb6e5c8114.jpg\" \/><img decoding=\"async\" src=\"https:\/\/ae01.alicdn.com\/kf\/S89090adddc1a4dbc9119e7f092737d409.jpg\" \/><img decoding=\"async\" src=\"https:\/\/ae01.alicdn.com\/kf\/Sbe5a861ce59f4e849dfca4e410278982V.jpg\" \/><img decoding=\"async\" src=\"https:\/\/ae01.alicdn.com\/kf\/S51e1b9ac77ee4cdf8ff71d35f216475aD.jpg\" \/><img decoding=\"async\" src=\"https:\/\/ae01.alicdn.com\/kf\/S806d397660e444748cf73e6c6256a26am.jpg\" \/><img decoding=\"async\" src=\"https:\/\/ae01.alicdn.com\/kf\/Sfca3df99813243c290db4d8e16360e49W.jpg\" \/><img decoding=\"async\" src=\"https:\/\/ae01.alicdn.com\/kf\/S7b739815fe4444a09c3bd4b3b09b23667.jpg\" \/><img decoding=\"async\" src=\"https:\/\/ae01.alicdn.com\/kf\/S4eb346fed04a44b6882d74f31ece1f4eQ.jpg\" \/><img decoding=\"async\" src=\"https:\/\/ae01.alicdn.com\/kf\/S2e10bdff49ac487eb94c80f927501cfe3.jpg\" \/><img decoding=\"async\" src=\"https:\/\/ae01.alicdn.com\/kf\/S974191ed4d68414a95a5db26a67f56fe1.jpg\" \/><img decoding=\"async\" src=\"https:\/\/ae01.alicdn.com\/kf\/Sab45a40b207c4df9b05ce6faf21a533ed.jpg\" \/><img decoding=\"async\" src=\"https:\/\/ae01.alicdn.com\/kf\/S283414d702f643698a31adf7231a30e3D.jpg\" \/><\/p>","protected":false},"excerpt":{"rendered":"<p>\u00a0 Form: Freier Typ Modellnummer: aa0055k011\/aa0007k011 Material: Holz Markenname: MUXIANG Herkunft: Festland China Material: Briar Holz Stichwort: Raucherpfeife Stichworte: Raucherzubeh\u00f6r \u3010High Quality Briar<\/p>","protected":false},"featured_media":18800,"comment_status":"open","ping_status":"closed","template":"","meta":{"iawp_total_views":0,"_joinchat":[]},"product_brand":[],"product_cat":[479],"product_tag":[],"class_list":{"0":"post-18799","1":"product","2":"type-product","3":"status-publish","4":"has-post-thumbnail","6":"product_cat-churchwarden-pipe","8":"first","9":"instock","10":"sale","11":"shipping-taxable","12":"purchasable","13":"product-type-variable"},"yoast_head":"<!-- This site is optimized with the Yoast SEO Premium plugin v24.7 (Yoast SEO v26.8) - https:\/\/yoast.com\/product\/yoast-seo-premium-wordpress\/ -->\n<title>Hand-Carved 9.8-Inch Briar Churchwarden Pipe - Global Hookah<\/title>\n<meta name=\"robots\" content=\"index, follow, max-snippet:-1, max-image-preview:large, max-video-preview:-1\" \/>\n<link rel=\"canonical\" href=\"https:\/\/global-hookah.com\/de\/ru\/\u043f\u0440\u043e\u0434\u0443\u043a\u0442\/hand-carved-9-8-inch-briar-churchwarden-pipe\/\" \/>\n<meta property=\"og:locale\" content=\"de_DE\" \/>\n<meta property=\"og:type\" content=\"article\" \/>\n<meta property=\"og:title\" content=\"Hand-Carved 9.8-Inch Briar Churchwarden Pipe\" \/>\n<meta property=\"og:description\" content=\"\u00a0 Shape:\u00a0Free Type Model Number:\u00a0aa0055k011\/aa0007k011 Material:\u00a0Wood Brand Name:\u00a0MUXIANG Origin:\u00a0Mainland China Material:\u00a0Briar wood keyword:\u00a0Smoking pipe keywords:\u00a0Smoking accessory \u00a0 \u3010High Quality Briar\" \/>\n<meta property=\"og:url\" content=\"https:\/\/global-hookah.com\/de\/ru\/\u043f\u0440\u043e\u0434\u0443\u043a\u0442\/hand-carved-9-8-inch-briar-churchwarden-pipe\/\" \/>\n<meta property=\"og:site_name\" content=\"Global Hookah\" \/>\n<meta property=\"article:modified_time\" content=\"2024-01-10T07:35:33+00:00\" \/>\n<meta property=\"og:image\" content=\"https:\/\/global-hookah.com\/wp-content\/uploads\/2024\/01\/Newest-Hand-carved-Wooden-Tobacco-Pipe-Good-Quality-Briar-Wood-Smoking-Pipe-Smoker-s-Gift.webp\" \/>\n\t<meta property=\"og:image:width\" content=\"1000\" \/>\n\t<meta property=\"og:image:height\" content=\"1000\" \/>\n\t<meta property=\"og:image:type\" content=\"image\/webp\" \/>\n<meta name=\"twitter:card\" content=\"summary_large_image\" \/>\n<meta name=\"twitter:label1\" content=\"Gesch\u00e4tzte Lesezeit\" \/>\n\t<meta name=\"twitter:data1\" content=\"2\u00a0Minuten\" \/>\n<script type=\"application\/ld+json\" class=\"yoast-schema-graph\">{\"@context\":\"https:\/\/schema.org\",\"@graph\":[{\"@type\":\"WebPage\",\"@id\":\"https:\/\/global-hookah.com\/ru\/\u043f\u0440\u043e\u0434\u0443\u043a\u0442\/hand-carved-9-8-inch-briar-churchwarden-pipe\/\",\"url\":\"https:\/\/global-hookah.com\/ru\/\u043f\u0440\u043e\u0434\u0443\u043a\u0442\/hand-carved-9-8-inch-briar-churchwarden-pipe\/\",\"name\":\"Hand-Carved 9.8-Inch Briar Churchwarden Pipe - Global Hookah\",\"isPartOf\":{\"@id\":\"https:\/\/global-hookah.com\/#website\"},\"primaryImageOfPage\":{\"@id\":\"https:\/\/global-hookah.com\/ru\/\u043f\u0440\u043e\u0434\u0443\u043a\u0442\/hand-carved-9-8-inch-briar-churchwarden-pipe\/#primaryimage\"},\"image\":{\"@id\":\"https:\/\/global-hookah.com\/ru\/\u043f\u0440\u043e\u0434\u0443\u043a\u0442\/hand-carved-9-8-inch-briar-churchwarden-pipe\/#primaryimage\"},\"thumbnailUrl\":\"https:\/\/global-hookah.com\/wp-content\/uploads\/2024\/01\/Newest-Hand-carved-Wooden-Tobacco-Pipe-Good-Quality-Briar-Wood-Smoking-Pipe-Smoker-s-Gift.webp\",\"datePublished\":\"2024-01-10T07:35:31+00:00\",\"dateModified\":\"2024-01-10T07:35:33+00:00\",\"breadcrumb\":{\"@id\":\"https:\/\/global-hookah.com\/ru\/\u043f\u0440\u043e\u0434\u0443\u043a\u0442\/hand-carved-9-8-inch-briar-churchwarden-pipe\/#breadcrumb\"},\"inLanguage\":\"de\",\"potentialAction\":[{\"@type\":\"ReadAction\",\"target\":[\"https:\/\/global-hookah.com\/ru\/\u043f\u0440\u043e\u0434\u0443\u043a\u0442\/hand-carved-9-8-inch-briar-churchwarden-pipe\/\"]}]},{\"@type\":\"ImageObject\",\"inLanguage\":\"de\",\"@id\":\"https:\/\/global-hookah.com\/ru\/\u043f\u0440\u043e\u0434\u0443\u043a\u0442\/hand-carved-9-8-inch-briar-churchwarden-pipe\/#primaryimage\",\"url\":\"https:\/\/global-hookah.com\/wp-content\/uploads\/2024\/01\/Newest-Hand-carved-Wooden-Tobacco-Pipe-Good-Quality-Briar-Wood-Smoking-Pipe-Smoker-s-Gift.webp\",\"contentUrl\":\"https:\/\/global-hookah.com\/wp-content\/uploads\/2024\/01\/Newest-Hand-carved-Wooden-Tobacco-Pipe-Good-Quality-Briar-Wood-Smoking-Pipe-Smoker-s-Gift.webp\",\"width\":1000,\"height\":1000},{\"@type\":\"BreadcrumbList\",\"@id\":\"https:\/\/global-hookah.com\/ru\/\u043f\u0440\u043e\u0434\u0443\u043a\u0442\/hand-carved-9-8-inch-briar-churchwarden-pipe\/#breadcrumb\",\"itemListElement\":[{\"@type\":\"ListItem\",\"position\":1,\"name\":\"Home\",\"item\":\"https:\/\/global-hookah.com\/\"},{\"@type\":\"ListItem\",\"position\":2,\"name\":\"Shop\",\"item\":\"https:\/\/global-hookah.com\/shop\/\"},{\"@type\":\"ListItem\",\"position\":3,\"name\":\"Hand-Carved 9.8-Inch Briar Churchwarden Pipe\"}]},{\"@type\":\"WebSite\",\"@id\":\"https:\/\/global-hookah.com\/#website\",\"url\":\"https:\/\/global-hookah.com\/\",\"name\":\"Global Hookah\",\"description\":\"Global Hookah\",\"publisher\":{\"@id\":\"https:\/\/global-hookah.com\/#organization\"},\"potentialAction\":[{\"@type\":\"SearchAction\",\"target\":{\"@type\":\"EntryPoint\",\"urlTemplate\":\"https:\/\/global-hookah.com\/?s={search_term_string}\"},\"query-input\":{\"@type\":\"PropertyValueSpecification\",\"valueRequired\":true,\"valueName\":\"search_term_string\"}}],\"inLanguage\":\"de\"},{\"@type\":\"Organization\",\"@id\":\"https:\/\/global-hookah.com\/#organization\",\"name\":\"Global Hookah\",\"url\":\"https:\/\/global-hookah.com\/\",\"logo\":{\"@type\":\"ImageObject\",\"inLanguage\":\"de\",\"@id\":\"https:\/\/global-hookah.com\/#\/schema\/logo\/image\/\",\"url\":\"https:\/\/global-hookah.com\/wp-content\/uploads\/2021\/10\/cropped-fgg.png\",\"contentUrl\":\"https:\/\/global-hookah.com\/wp-content\/uploads\/2021\/10\/cropped-fgg.png\",\"width\":512,\"height\":512,\"caption\":\"Global Hookah\"},\"image\":{\"@id\":\"https:\/\/global-hookah.com\/#\/schema\/logo\/image\/\"}}]}<\/script>\n<!-- \/ Yoast SEO Premium plugin. -->","yoast_head_json":{"title":"Handgeschnitzte 9,8-Zoll Briar Kirchenpfeife - Global Hookah","robots":{"index":"index","follow":"follow","max-snippet":"max-snippet:-1","max-image-preview":"max-image-preview:large","max-video-preview":"max-video-preview:-1"},"canonical":"https:\/\/global-hookah.com\/de\/ru\/\u043f\u0440\u043e\u0434\u0443\u043a\u0442\/hand-carved-9-8-inch-briar-churchwarden-pipe\/","og_locale":"de_DE","og_type":"article","og_title":"Hand-Carved 9.8-Inch Briar Churchwarden Pipe","og_description":"\u00a0 Shape:\u00a0Free Type Model Number:\u00a0aa0055k011\/aa0007k011 Material:\u00a0Wood Brand Name:\u00a0MUXIANG Origin:\u00a0Mainland China Material:\u00a0Briar wood keyword:\u00a0Smoking pipe keywords:\u00a0Smoking accessory \u00a0 \u3010High Quality Briar","og_url":"https:\/\/global-hookah.com\/de\/ru\/\u043f\u0440\u043e\u0434\u0443\u043a\u0442\/hand-carved-9-8-inch-briar-churchwarden-pipe\/","og_site_name":"Global Hookah","article_modified_time":"2024-01-10T07:35:33+00:00","og_image":[{"width":1000,"height":1000,"url":"https:\/\/global-hookah.com\/wp-content\/uploads\/2024\/01\/Newest-Hand-carved-Wooden-Tobacco-Pipe-Good-Quality-Briar-Wood-Smoking-Pipe-Smoker-s-Gift.webp","type":"image\/webp"}],"twitter_card":"summary_large_image","twitter_misc":{"Gesch\u00e4tzte Lesezeit":"2\u00a0Minuten"},"schema":{"@context":"https:\/\/schema.org","@graph":[{"@type":"WebPage","@id":"https:\/\/global-hookah.com\/ru\/\u043f\u0440\u043e\u0434\u0443\u043a\u0442\/hand-carved-9-8-inch-briar-churchwarden-pipe\/","url":"https:\/\/global-hookah.com\/ru\/\u043f\u0440\u043e\u0434\u0443\u043a\u0442\/hand-carved-9-8-inch-briar-churchwarden-pipe\/","name":"Handgeschnitzte 9,8-Zoll Briar Kirchenpfeife - Global Hookah","isPartOf":{"@id":"https:\/\/global-hookah.com\/#website"},"primaryImageOfPage":{"@id":"https:\/\/global-hookah.com\/ru\/\u043f\u0440\u043e\u0434\u0443\u043a\u0442\/hand-carved-9-8-inch-briar-churchwarden-pipe\/#primaryimage"},"image":{"@id":"https:\/\/global-hookah.com\/ru\/\u043f\u0440\u043e\u0434\u0443\u043a\u0442\/hand-carved-9-8-inch-briar-churchwarden-pipe\/#primaryimage"},"thumbnailUrl":"https:\/\/global-hookah.com\/wp-content\/uploads\/2024\/01\/Newest-Hand-carved-Wooden-Tobacco-Pipe-Good-Quality-Briar-Wood-Smoking-Pipe-Smoker-s-Gift.webp","datePublished":"2024-01-10T07:35:31+00:00","dateModified":"2024-01-10T07:35:33+00:00","breadcrumb":{"@id":"https:\/\/global-hookah.com\/ru\/\u043f\u0440\u043e\u0434\u0443\u043a\u0442\/hand-carved-9-8-inch-briar-churchwarden-pipe\/#breadcrumb"},"inLanguage":"de","potentialAction":[{"@type":"ReadAction","target":["https:\/\/global-hookah.com\/ru\/\u043f\u0440\u043e\u0434\u0443\u043a\u0442\/hand-carved-9-8-inch-briar-churchwarden-pipe\/"]}]},{"@type":"ImageObject","inLanguage":"de","@id":"https:\/\/global-hookah.com\/ru\/\u043f\u0440\u043e\u0434\u0443\u043a\u0442\/hand-carved-9-8-inch-briar-churchwarden-pipe\/#primaryimage","url":"https:\/\/global-hookah.com\/wp-content\/uploads\/2024\/01\/Newest-Hand-carved-Wooden-Tobacco-Pipe-Good-Quality-Briar-Wood-Smoking-Pipe-Smoker-s-Gift.webp","contentUrl":"https:\/\/global-hookah.com\/wp-content\/uploads\/2024\/01\/Newest-Hand-carved-Wooden-Tobacco-Pipe-Good-Quality-Briar-Wood-Smoking-Pipe-Smoker-s-Gift.webp","width":1000,"height":1000},{"@type":"BreadcrumbList","@id":"https:\/\/global-hookah.com\/ru\/\u043f\u0440\u043e\u0434\u0443\u043a\u0442\/hand-carved-9-8-inch-briar-churchwarden-pipe\/#breadcrumb","itemListElement":[{"@type":"ListItem","position":1,"name":"Home","item":"https:\/\/global-hookah.com\/"},{"@type":"ListItem","position":2,"name":"Shop","item":"https:\/\/global-hookah.com\/shop\/"},{"@type":"ListItem","position":3,"name":"Hand-Carved 9.8-Inch Briar Churchwarden Pipe"}]},{"@type":"WebSite","@id":"https:\/\/global-hookah.com\/#website","url":"https:\/\/global-hookah.com\/","name":"Globale Wasserpfeife","description":"Globale Wasserpfeife","publisher":{"@id":"https:\/\/global-hookah.com\/#organization"},"potentialAction":[{"@type":"SearchAction","target":{"@type":"EntryPoint","urlTemplate":"https:\/\/global-hookah.com\/?s={search_term_string}"},"query-input":{"@type":"PropertyValueSpecification","valueRequired":true,"valueName":"search_term_string"}}],"inLanguage":"de"},{"@type":"Organization","@id":"https:\/\/global-hookah.com\/#organization","name":"Globale Wasserpfeife","url":"https:\/\/global-hookah.com\/","logo":{"@type":"ImageObject","inLanguage":"de","@id":"https:\/\/global-hookah.com\/#\/schema\/logo\/image\/","url":"https:\/\/global-hookah.com\/wp-content\/uploads\/2021\/10\/cropped-fgg.png","contentUrl":"https:\/\/global-hookah.com\/wp-content\/uploads\/2021\/10\/cropped-fgg.png","width":512,"height":512,"caption":"Global Hookah"},"image":{"@id":"https:\/\/global-hookah.com\/#\/schema\/logo\/image\/"}}]}},"_links":{"self":[{"href":"https:\/\/global-hookah.com\/de\/wp-json\/wp\/v2\/product\/18799","targetHints":{"allow":["GET"]}}],"collection":[{"href":"https:\/\/global-hookah.com\/de\/wp-json\/wp\/v2\/product"}],"about":[{"href":"https:\/\/global-hookah.com\/de\/wp-json\/wp\/v2\/types\/product"}],"replies":[{"embeddable":true,"href":"https:\/\/global-hookah.com\/de\/wp-json\/wp\/v2\/comments?post=18799"}],"version-history":[{"count":0,"href":"https:\/\/global-hookah.com\/de\/wp-json\/wp\/v2\/product\/18799\/revisions"}],"wp:featuredmedia":[{"embeddable":true,"href":"https:\/\/global-hookah.com\/de\/wp-json\/wp\/v2\/media\/18800"}],"wp:attachment":[{"href":"https:\/\/global-hookah.com\/de\/wp-json\/wp\/v2\/media?parent=18799"}],"wp:term":[{"taxonomy":"product_brand","embeddable":true,"href":"https:\/\/global-hookah.com\/de\/wp-json\/wp\/v2\/product_brand?post=18799"},{"taxonomy":"product_cat","embeddable":true,"href":"https:\/\/global-hookah.com\/de\/wp-json\/wp\/v2\/product_cat?post=18799"},{"taxonomy":"product_tag","embeddable":true,"href":"https:\/\/global-hookah.com\/de\/wp-json\/wp\/v2\/product_tag?post=18799"}],"curies":[{"name":"wp","href":"https:\/\/api.w.org\/{rel}","templated":true}]}}