{"id":18804,"date":"2024-01-10T07:39:11","date_gmt":"2024-01-10T07:39:11","guid":{"rendered":"https:\/\/global-hookah.com\/product\/10-inch-briar-churchwarden-pipe\/"},"modified":"2024-01-10T07:39:14","modified_gmt":"2024-01-10T07:39:14","slug":"10-inch-briar-churchwarden-pipe","status":"publish","type":"product","link":"https:\/\/global-hookah.com\/de\/produkt\/10-inch-briar-churchwarden-pipe\/","title":{"rendered":"10 Zoll Briar Churchwarden Pfeife"},"content":{"rendered":"<p>\u00a0<\/p>\n<div class=\"product-specs-list-container\">\n<ul class=\"product-specs-list util-clearfix\">\n<li class=\"product-prop line-limit-length\"><span class=\"property-title\">Material:\u00a0<\/span><span class=\"property-desc line-limit-length\">Holz<\/span><\/li>\n<li class=\"product-prop line-limit-length\"><span class=\"property-title\">Modellnummer:\u00a0<\/span><span class=\"property-desc line-limit-length\">aa0055K01<\/span><\/li>\n<li class=\"product-prop line-limit-length\"><span class=\"property-title\">Markenname:\u00a0<\/span><span class=\"property-desc line-limit-length\">MUXIANG<\/span><\/li>\n<li class=\"product-prop line-limit-length\"><span class=\"property-title\">Herkunft:\u00a0<\/span><span class=\"property-desc line-limit-length\">Festland China<\/span><\/li>\n<\/ul>\n<\/div>\n<p>\u00a0<\/p>\n<p>Eine Kirchendienerpfeife ist eine Tabakpfeife mit einem langen Stiel. Die Geschichte dieses Pfeifenstils l\u00e4sst sich bis ins sp\u00e4te achtzehnte oder fr\u00fche neunzehnte Jahrhundert zur\u00fcckverfolgen. Einige Kirchenpfeifen k\u00f6nnen bis zu 40 cm (16 Zoll) lang sein. Im Deutschen wird der Stil als \u201cLesepfeife\u201d bezeichnet, vermutlich weil der l\u00e4ngere Stiel einen ungehinderten Blick auf das Buch erm\u00f6glicht und der Rauch nicht in der N\u00e4he der Augen des Lesers entsteht, so dass man nach unten schauen kann.<\/p>\n<p>\u00a0<\/p>\n<p>Informationen zum Produkt:<\/p>\n<p>Eine Bruy\u00e8re-Tabakpfeife + ein Set mit Reinigungszubeh\u00f6r<\/p>\n<p>\u00a0<\/p>\n<p>aa0055K01\uff1a<\/p>\n<p><img decoding=\"async\" src=\"https:\/\/ae01.alicdn.com\/kf\/S69ae9334746f4eed8ec8c45dbd826bc1j.jpg\" \/><\/p>\n<p><img decoding=\"async\" src=\"https:\/\/ae01.alicdn.com\/kf\/S837bb00a78e64293a8f40f9e519449a0h.jpg\" \/><img decoding=\"async\" src=\"https:\/\/ae01.alicdn.com\/kf\/S26300fc6ed3e4c3ca3bd7c6041d2bb34z.jpg\" \/><img decoding=\"async\" src=\"https:\/\/ae01.alicdn.com\/kf\/S035c79d5dd814cfa96e043b7a99272a1C.jpg\" \/><img decoding=\"async\" src=\"https:\/\/ae01.alicdn.com\/kf\/S5d2dff6e1b5746788952505645cc9357W.jpg\" \/><img decoding=\"async\" src=\"https:\/\/ae01.alicdn.com\/kf\/Se30707c9178341c5beecd0e53731f33fm.jpg\" \/><img decoding=\"async\" src=\"https:\/\/ae01.alicdn.com\/kf\/S6c4d6d5c96094ffa80e2c9864b2fe4b28.jpg\" \/><img decoding=\"async\" src=\"https:\/\/ae01.alicdn.com\/kf\/S22f8152bdd024aac99be9e70aa200ed8B.jpg\" \/><img decoding=\"async\" src=\"https:\/\/ae01.alicdn.com\/kf\/S6f34348aebca4122bf1fd6509e7e0850I.jpg\" \/><\/p>","protected":false},"excerpt":{"rendered":"<p>\u00a0 Material: Holz Modellnummer: aa0055K01 Markenname: MUXIANG Herkunft: Festland China Eine Kirchenpfeife ist eine Tabakpfeife mit einem langen Stiel.<\/p>","protected":false},"featured_media":18805,"comment_status":"open","ping_status":"closed","template":"","meta":{"iawp_total_views":0,"_joinchat":[]},"product_brand":[],"product_cat":[479],"product_tag":[],"class_list":{"0":"post-18804","1":"product","2":"type-product","3":"status-publish","4":"has-post-thumbnail","6":"product_cat-churchwarden-pipe","8":"first","9":"instock","10":"sale","11":"shipping-taxable","12":"purchasable","13":"product-type-variable"},"yoast_head":"<!-- This site is optimized with the Yoast SEO Premium plugin v24.7 (Yoast SEO v26.8) - https:\/\/yoast.com\/product\/yoast-seo-premium-wordpress\/ -->\n<title>10 Inch Briar Churchwarden Pipe - Global Hookah<\/title>\n<meta name=\"robots\" content=\"index, follow, max-snippet:-1, max-image-preview:large, max-video-preview:-1\" \/>\n<link rel=\"canonical\" href=\"https:\/\/global-hookah.com\/de\/it\/prodotto\/tubo-da-10-pollici-in-radica-churchwarden\/\" \/>\n<meta property=\"og:locale\" content=\"de_DE\" \/>\n<meta property=\"og:type\" content=\"article\" \/>\n<meta property=\"og:title\" content=\"10 Inch Briar Churchwarden Pipe\" \/>\n<meta property=\"og:description\" content=\"\u00a0 Material:\u00a0wood Model Number:\u00a0aa0055K01 Brand Name:\u00a0MUXIANG Origin:\u00a0Mainland China \u00a0 A churchwarden pipe is a tobacco pipe with a long stem.\" \/>\n<meta property=\"og:url\" content=\"https:\/\/global-hookah.com\/de\/it\/prodotto\/tubo-da-10-pollici-in-radica-churchwarden\/\" \/>\n<meta property=\"og:site_name\" content=\"Global Hookah\" \/>\n<meta property=\"article:modified_time\" content=\"2024-01-10T07:39:14+00:00\" \/>\n<meta property=\"og:image\" content=\"https:\/\/global-hookah.com\/wp-content\/uploads\/2024\/01\/Carved-briar-tobacco-pipe-handwork-Heath-wood-pipe-churchwarden-pipe-Lesepfeife-reading-pipe-With-gift-box.webp\" \/>\n\t<meta property=\"og:image:width\" content=\"1000\" \/>\n\t<meta property=\"og:image:height\" content=\"1000\" \/>\n\t<meta property=\"og:image:type\" content=\"image\/webp\" \/>\n<meta name=\"twitter:card\" content=\"summary_large_image\" \/>\n<script type=\"application\/ld+json\" class=\"yoast-schema-graph\">{\"@context\":\"https:\/\/schema.org\",\"@graph\":[{\"@type\":\"WebPage\",\"@id\":\"https:\/\/global-hookah.com\/it\/prodotto\/tubo-da-10-pollici-in-radica-churchwarden\/\",\"url\":\"https:\/\/global-hookah.com\/it\/prodotto\/tubo-da-10-pollici-in-radica-churchwarden\/\",\"name\":\"10 Inch Briar Churchwarden Pipe - Global Hookah\",\"isPartOf\":{\"@id\":\"https:\/\/global-hookah.com\/#website\"},\"primaryImageOfPage\":{\"@id\":\"https:\/\/global-hookah.com\/it\/prodotto\/tubo-da-10-pollici-in-radica-churchwarden\/#primaryimage\"},\"image\":{\"@id\":\"https:\/\/global-hookah.com\/it\/prodotto\/tubo-da-10-pollici-in-radica-churchwarden\/#primaryimage\"},\"thumbnailUrl\":\"https:\/\/global-hookah.com\/wp-content\/uploads\/2024\/01\/Carved-briar-tobacco-pipe-handwork-Heath-wood-pipe-churchwarden-pipe-Lesepfeife-reading-pipe-With-gift-box.webp\",\"datePublished\":\"2024-01-10T07:39:11+00:00\",\"dateModified\":\"2024-01-10T07:39:14+00:00\",\"breadcrumb\":{\"@id\":\"https:\/\/global-hookah.com\/it\/prodotto\/tubo-da-10-pollici-in-radica-churchwarden\/#breadcrumb\"},\"inLanguage\":\"de\",\"potentialAction\":[{\"@type\":\"ReadAction\",\"target\":[\"https:\/\/global-hookah.com\/it\/prodotto\/tubo-da-10-pollici-in-radica-churchwarden\/\"]}]},{\"@type\":\"ImageObject\",\"inLanguage\":\"de\",\"@id\":\"https:\/\/global-hookah.com\/it\/prodotto\/tubo-da-10-pollici-in-radica-churchwarden\/#primaryimage\",\"url\":\"https:\/\/global-hookah.com\/wp-content\/uploads\/2024\/01\/Carved-briar-tobacco-pipe-handwork-Heath-wood-pipe-churchwarden-pipe-Lesepfeife-reading-pipe-With-gift-box.webp\",\"contentUrl\":\"https:\/\/global-hookah.com\/wp-content\/uploads\/2024\/01\/Carved-briar-tobacco-pipe-handwork-Heath-wood-pipe-churchwarden-pipe-Lesepfeife-reading-pipe-With-gift-box.webp\",\"width\":1000,\"height\":1000},{\"@type\":\"BreadcrumbList\",\"@id\":\"https:\/\/global-hookah.com\/it\/prodotto\/tubo-da-10-pollici-in-radica-churchwarden\/#breadcrumb\",\"itemListElement\":[{\"@type\":\"ListItem\",\"position\":1,\"name\":\"Home\",\"item\":\"https:\/\/global-hookah.com\/\"},{\"@type\":\"ListItem\",\"position\":2,\"name\":\"Shop\",\"item\":\"https:\/\/global-hookah.com\/shop\/\"},{\"@type\":\"ListItem\",\"position\":3,\"name\":\"10 Inch Briar Churchwarden Pipe\"}]},{\"@type\":\"WebSite\",\"@id\":\"https:\/\/global-hookah.com\/#website\",\"url\":\"https:\/\/global-hookah.com\/\",\"name\":\"Global Hookah\",\"description\":\"Global Hookah\",\"publisher\":{\"@id\":\"https:\/\/global-hookah.com\/#organization\"},\"potentialAction\":[{\"@type\":\"SearchAction\",\"target\":{\"@type\":\"EntryPoint\",\"urlTemplate\":\"https:\/\/global-hookah.com\/?s={search_term_string}\"},\"query-input\":{\"@type\":\"PropertyValueSpecification\",\"valueRequired\":true,\"valueName\":\"search_term_string\"}}],\"inLanguage\":\"de\"},{\"@type\":\"Organization\",\"@id\":\"https:\/\/global-hookah.com\/#organization\",\"name\":\"Global Hookah\",\"url\":\"https:\/\/global-hookah.com\/\",\"logo\":{\"@type\":\"ImageObject\",\"inLanguage\":\"de\",\"@id\":\"https:\/\/global-hookah.com\/#\/schema\/logo\/image\/\",\"url\":\"https:\/\/global-hookah.com\/wp-content\/uploads\/2021\/10\/cropped-fgg.png\",\"contentUrl\":\"https:\/\/global-hookah.com\/wp-content\/uploads\/2021\/10\/cropped-fgg.png\",\"width\":512,\"height\":512,\"caption\":\"Global Hookah\"},\"image\":{\"@id\":\"https:\/\/global-hookah.com\/#\/schema\/logo\/image\/\"}}]}<\/script>\n<!-- \/ Yoast SEO Premium plugin. -->","yoast_head_json":{"title":"10 Zoll Briar Churchwarden Pfeife - Global Hookah","robots":{"index":"index","follow":"follow","max-snippet":"max-snippet:-1","max-image-preview":"max-image-preview:large","max-video-preview":"max-video-preview:-1"},"canonical":"https:\/\/global-hookah.com\/de\/it\/prodotto\/tubo-da-10-pollici-in-radica-churchwarden\/","og_locale":"de_DE","og_type":"article","og_title":"10 Inch Briar Churchwarden Pipe","og_description":"\u00a0 Material:\u00a0wood Model Number:\u00a0aa0055K01 Brand Name:\u00a0MUXIANG Origin:\u00a0Mainland China \u00a0 A churchwarden pipe is a tobacco pipe with a long stem.","og_url":"https:\/\/global-hookah.com\/de\/it\/prodotto\/tubo-da-10-pollici-in-radica-churchwarden\/","og_site_name":"Global Hookah","article_modified_time":"2024-01-10T07:39:14+00:00","og_image":[{"width":1000,"height":1000,"url":"https:\/\/global-hookah.com\/wp-content\/uploads\/2024\/01\/Carved-briar-tobacco-pipe-handwork-Heath-wood-pipe-churchwarden-pipe-Lesepfeife-reading-pipe-With-gift-box.webp","type":"image\/webp"}],"twitter_card":"summary_large_image","schema":{"@context":"https:\/\/schema.org","@graph":[{"@type":"WebPage","@id":"https:\/\/global-hookah.com\/it\/prodotto\/tubo-da-10-pollici-in-radica-churchwarden\/","url":"https:\/\/global-hookah.com\/it\/prodotto\/tubo-da-10-pollici-in-radica-churchwarden\/","name":"10 Zoll Briar Churchwarden Pfeife - Global Hookah","isPartOf":{"@id":"https:\/\/global-hookah.com\/#website"},"primaryImageOfPage":{"@id":"https:\/\/global-hookah.com\/it\/prodotto\/tubo-da-10-pollici-in-radica-churchwarden\/#primaryimage"},"image":{"@id":"https:\/\/global-hookah.com\/it\/prodotto\/tubo-da-10-pollici-in-radica-churchwarden\/#primaryimage"},"thumbnailUrl":"https:\/\/global-hookah.com\/wp-content\/uploads\/2024\/01\/Carved-briar-tobacco-pipe-handwork-Heath-wood-pipe-churchwarden-pipe-Lesepfeife-reading-pipe-With-gift-box.webp","datePublished":"2024-01-10T07:39:11+00:00","dateModified":"2024-01-10T07:39:14+00:00","breadcrumb":{"@id":"https:\/\/global-hookah.com\/it\/prodotto\/tubo-da-10-pollici-in-radica-churchwarden\/#breadcrumb"},"inLanguage":"de","potentialAction":[{"@type":"ReadAction","target":["https:\/\/global-hookah.com\/it\/prodotto\/tubo-da-10-pollici-in-radica-churchwarden\/"]}]},{"@type":"ImageObject","inLanguage":"de","@id":"https:\/\/global-hookah.com\/it\/prodotto\/tubo-da-10-pollici-in-radica-churchwarden\/#primaryimage","url":"https:\/\/global-hookah.com\/wp-content\/uploads\/2024\/01\/Carved-briar-tobacco-pipe-handwork-Heath-wood-pipe-churchwarden-pipe-Lesepfeife-reading-pipe-With-gift-box.webp","contentUrl":"https:\/\/global-hookah.com\/wp-content\/uploads\/2024\/01\/Carved-briar-tobacco-pipe-handwork-Heath-wood-pipe-churchwarden-pipe-Lesepfeife-reading-pipe-With-gift-box.webp","width":1000,"height":1000},{"@type":"BreadcrumbList","@id":"https:\/\/global-hookah.com\/it\/prodotto\/tubo-da-10-pollici-in-radica-churchwarden\/#breadcrumb","itemListElement":[{"@type":"ListItem","position":1,"name":"Home","item":"https:\/\/global-hookah.com\/"},{"@type":"ListItem","position":2,"name":"Shop","item":"https:\/\/global-hookah.com\/shop\/"},{"@type":"ListItem","position":3,"name":"10 Inch Briar Churchwarden Pipe"}]},{"@type":"WebSite","@id":"https:\/\/global-hookah.com\/#website","url":"https:\/\/global-hookah.com\/","name":"Globale Wasserpfeife","description":"Globale Wasserpfeife","publisher":{"@id":"https:\/\/global-hookah.com\/#organization"},"potentialAction":[{"@type":"SearchAction","target":{"@type":"EntryPoint","urlTemplate":"https:\/\/global-hookah.com\/?s={search_term_string}"},"query-input":{"@type":"PropertyValueSpecification","valueRequired":true,"valueName":"search_term_string"}}],"inLanguage":"de"},{"@type":"Organization","@id":"https:\/\/global-hookah.com\/#organization","name":"Globale Wasserpfeife","url":"https:\/\/global-hookah.com\/","logo":{"@type":"ImageObject","inLanguage":"de","@id":"https:\/\/global-hookah.com\/#\/schema\/logo\/image\/","url":"https:\/\/global-hookah.com\/wp-content\/uploads\/2021\/10\/cropped-fgg.png","contentUrl":"https:\/\/global-hookah.com\/wp-content\/uploads\/2021\/10\/cropped-fgg.png","width":512,"height":512,"caption":"Global Hookah"},"image":{"@id":"https:\/\/global-hookah.com\/#\/schema\/logo\/image\/"}}]}},"_links":{"self":[{"href":"https:\/\/global-hookah.com\/de\/wp-json\/wp\/v2\/product\/18804","targetHints":{"allow":["GET"]}}],"collection":[{"href":"https:\/\/global-hookah.com\/de\/wp-json\/wp\/v2\/product"}],"about":[{"href":"https:\/\/global-hookah.com\/de\/wp-json\/wp\/v2\/types\/product"}],"replies":[{"embeddable":true,"href":"https:\/\/global-hookah.com\/de\/wp-json\/wp\/v2\/comments?post=18804"}],"version-history":[{"count":0,"href":"https:\/\/global-hookah.com\/de\/wp-json\/wp\/v2\/product\/18804\/revisions"}],"wp:featuredmedia":[{"embeddable":true,"href":"https:\/\/global-hookah.com\/de\/wp-json\/wp\/v2\/media\/18805"}],"wp:attachment":[{"href":"https:\/\/global-hookah.com\/de\/wp-json\/wp\/v2\/media?parent=18804"}],"wp:term":[{"taxonomy":"product_brand","embeddable":true,"href":"https:\/\/global-hookah.com\/de\/wp-json\/wp\/v2\/product_brand?post=18804"},{"taxonomy":"product_cat","embeddable":true,"href":"https:\/\/global-hookah.com\/de\/wp-json\/wp\/v2\/product_cat?post=18804"},{"taxonomy":"product_tag","embeddable":true,"href":"https:\/\/global-hookah.com\/de\/wp-json\/wp\/v2\/product_tag?post=18804"}],"curies":[{"name":"wp","href":"https:\/\/api.w.org\/{rel}","templated":true}]}}