{"id":18812,"date":"2024-01-10T07:44:47","date_gmt":"2024-01-10T07:44:47","guid":{"rendered":"https:\/\/global-hookah.com\/product\/handmade-briar-churchwarden-tobacco-pipe\/"},"modified":"2024-01-10T07:44:49","modified_gmt":"2024-01-10T07:44:49","slug":"handmade-briar-churchwarden-tobacco-pipe","status":"publish","type":"product","link":"https:\/\/global-hookah.com\/de\/produkt\/handmade-briar-churchwarden-tobacco-pipe\/","title":{"rendered":"Handgemachte Briar Churchwarden Tabakspfeife"},"content":{"rendered":"<p>\u00a0<\/p>\n<div class=\"product-specs-list-container\">\n<ul class=\"product-specs-list util-clearfix\">\n<li class=\"product-prop line-limit-length\"><span class=\"property-title\">Material:\u00a0<\/span><span class=\"property-desc line-limit-length\">Holz<\/span><\/li>\n<li class=\"product-prop line-limit-length\"><span class=\"property-title\">Modellnummer:\u00a0<\/span><span class=\"property-desc line-limit-length\">aa0027S<\/span><\/li>\n<li class=\"product-prop line-limit-length\"><span class=\"property-title\">Markenname:\u00a0<\/span><span class=\"property-desc line-limit-length\">MUXIANG<\/span><\/li>\n<li class=\"product-prop line-limit-length\"><span class=\"property-title\">Herkunft:\u00a0<\/span><span class=\"property-desc line-limit-length\">Festland China<\/span><\/li>\n<\/ul>\n<\/div>\n<p>\u00a0<\/p>\n<p>Kirchenvorsteher Merkmale<\/p>\n<p>Churchwarden-Pfeifen sind an ihrem ausgepr\u00e4gten, l\u00e4nglichen Stiel zu erkennen, im Gegensatz zu den meisten anderen Pfeifenformen, die an der Form des Kopfes und des Schafts zu erkennen sind. Obwohl viele glauben, dass die zus\u00e4tzliche L\u00e4nge des Stiels f\u00fcr einen k\u00fchleren, trockeneren Rauch sorgt, ist es wahrscheinlicher, dass sie einfach dazu beitr\u00e4gt, den Rauch beim Pfeifengenuss aus den Augen zu halten. Das deutsche Wort f\u00fcr die Konfiguration ist eigentlich Lesepfeife, oder Lesepfeife.<\/p>\n<p>aa0027S+ak0010\uff1a<\/p>\n<p><img decoding=\"async\" src=\"https:\/\/ae01.alicdn.com\/kf\/A256aa56612ec4f9eab507d17849835d7t.jpg\" \/><img decoding=\"async\" src=\"https:\/\/ae01.alicdn.com\/kf\/Ad0aae52e8d7340e09d8e20766b2a80edK.jpg\" \/><img decoding=\"async\" src=\"https:\/\/ae01.alicdn.com\/kf\/A5c709be0965f4865864a5a990cf0c962F.jpg\" \/><img decoding=\"async\" src=\"https:\/\/ae01.alicdn.com\/kf\/Aa2d2e2a7f2a64e21b95efa5a38fde023g.jpg\" \/><img decoding=\"async\" src=\"https:\/\/ae01.alicdn.com\/kf\/Ade31c4d567bf47e2a5087f8d5361f8a5I.jpg\" \/><img decoding=\"async\" src=\"https:\/\/ae01.alicdn.com\/kf\/Ab327c83fe51b4628bbc1f73db76b27524.jpg\" \/><img decoding=\"async\" src=\"https:\/\/ae01.alicdn.com\/kf\/Aea70e99c5d1b45fd9493dcef583ecb86M.jpg\" \/>aa0027Q+ak0010\uff1a<\/p>\n<p><img fetchpriority=\"high\" decoding=\"async\" src=\"https:\/\/ae01.alicdn.com\/kf\/A8e8b004a0e534eec99018847d1a7d364p.jpg\" width=\"1000\" height=\"1000\" \/><img decoding=\"async\" src=\"https:\/\/ae01.alicdn.com\/kf\/A65c651ad04f543a289f0e43694f9dfe1y.jpg\" width=\"1000\" height=\"1000\" \/><img decoding=\"async\" src=\"https:\/\/ae01.alicdn.com\/kf\/A8622feb557d34082a96db0cef61e2e19e.jpg\" width=\"1000\" height=\"1000\" \/><img loading=\"lazy\" decoding=\"async\" src=\"https:\/\/ae01.alicdn.com\/kf\/Ae07f8f7ae3944e16a39f496b94753a08O.jpg\" width=\"1000\" height=\"1000\" \/><img loading=\"lazy\" decoding=\"async\" src=\"https:\/\/ae01.alicdn.com\/kf\/A056ffc02fc6245209c09d254454d32efw.jpg\" width=\"1000\" height=\"1000\" \/><img loading=\"lazy\" decoding=\"async\" src=\"https:\/\/ae01.alicdn.com\/kf\/A95407c4e460d49d588db6ab05dc3266b9.jpg\" width=\"1000\" height=\"1000\" \/><img loading=\"lazy\" decoding=\"async\" src=\"https:\/\/ae01.alicdn.com\/kf\/Ad8d9fa1dae0b43bd8814bdfc2ea1175e6.jpg\" width=\"1000\" height=\"1000\" \/><img loading=\"lazy\" decoding=\"async\" src=\"https:\/\/ae01.alicdn.com\/kf\/A190afec608e5468ebebc17458e736fc7F.jpg\" width=\"1000\" height=\"1000\" \/><\/p>\n<p>aa0027S-PS1+ak0010:<\/p>\n<p><img decoding=\"async\" src=\"https:\/\/ae01.alicdn.com\/kf\/A43e2247e3c08449dae6ce97ffdbb841f7.jpg\" \/><img decoding=\"async\" src=\"https:\/\/ae01.alicdn.com\/kf\/A42f8b325ab5c4909b734354365325520d.jpg\" \/><img decoding=\"async\" src=\"https:\/\/ae01.alicdn.com\/kf\/A2e9a159a2b0b4c5a9e1be6e093fe9bdee.jpg\" \/><img decoding=\"async\" src=\"https:\/\/ae01.alicdn.com\/kf\/A7d4c9fba25264afb90eb1d5252d150811.jpg\" \/>aa0027K01+ak0010:<\/p>\n<p><img decoding=\"async\" src=\"https:\/\/ae01.alicdn.com\/kf\/Aa91d77dc4c35438eab7af2a2829d3841F.jpg\" \/><\/p>","protected":false},"excerpt":{"rendered":"<p>\u00a0 Material: Holz Modellnummer: aa0027S Markenname: MUXIANG Herkunft: Festland China Churchwarden Merkmale Churchwarden-Pfeifen sind an ihren ausgepr\u00e4gten, l\u00e4nglichen Stielen zu erkennen,<\/p>","protected":false},"featured_media":18813,"comment_status":"open","ping_status":"closed","template":"","meta":{"iawp_total_views":11,"_joinchat":[]},"product_brand":[],"product_cat":[479],"product_tag":[],"class_list":{"0":"post-18812","1":"product","2":"type-product","3":"status-publish","4":"has-post-thumbnail","6":"product_cat-churchwarden-pipe","8":"first","9":"instock","10":"sale","11":"shipping-taxable","12":"purchasable","13":"product-type-variable"},"yoast_head":"<!-- This site is optimized with the Yoast SEO Premium plugin v24.7 (Yoast SEO v26.8) - https:\/\/yoast.com\/product\/yoast-seo-premium-wordpress\/ -->\n<title>Handmade Briar Churchwarden Tobacco Pipe - Global Hookah<\/title>\n<meta name=\"robots\" content=\"index, follow, max-snippet:-1, max-image-preview:large, max-video-preview:-1\" \/>\n<link rel=\"canonical\" href=\"https:\/\/global-hookah.com\/de\/pt\/produto\/cachimbo-de-tabaco-de-barbaro-feito-a-mao\/\" \/>\n<meta property=\"og:locale\" content=\"de_DE\" \/>\n<meta property=\"og:type\" content=\"article\" \/>\n<meta property=\"og:title\" content=\"Handmade Briar Churchwarden Tobacco Pipe\" \/>\n<meta property=\"og:description\" content=\"\u00a0 Material:\u00a0wood Model Number:\u00a0aa0027S Brand Name:\u00a0MUXIANG Origin:\u00a0Mainland China \u00a0 Churchwarden Characteristics Churchwarden pipes are identified by their pronounced, elongated stems,\" \/>\n<meta property=\"og:url\" content=\"https:\/\/global-hookah.com\/de\/pt\/produto\/cachimbo-de-tabaco-de-barbaro-feito-a-mao\/\" \/>\n<meta property=\"og:site_name\" content=\"Global Hookah\" \/>\n<meta property=\"article:modified_time\" content=\"2024-01-10T07:44:49+00:00\" \/>\n<meta property=\"og:image\" content=\"https:\/\/global-hookah.com\/wp-content\/uploads\/2024\/01\/Churchwarden-pipes-handmade-briar-tobacco-pipe-slender-curved-handle-smoking-reading-pipe-smoking-pipe-with-cleaning.webp\" \/>\n\t<meta property=\"og:image:width\" content=\"800\" \/>\n\t<meta property=\"og:image:height\" content=\"800\" \/>\n\t<meta property=\"og:image:type\" content=\"image\/webp\" \/>\n<meta name=\"twitter:card\" content=\"summary_large_image\" \/>\n<script type=\"application\/ld+json\" class=\"yoast-schema-graph\">{\"@context\":\"https:\/\/schema.org\",\"@graph\":[{\"@type\":\"WebPage\",\"@id\":\"https:\/\/global-hookah.com\/pt\/produto\/cachimbo-de-tabaco-de-barbaro-feito-a-mao\/\",\"url\":\"https:\/\/global-hookah.com\/pt\/produto\/cachimbo-de-tabaco-de-barbaro-feito-a-mao\/\",\"name\":\"Handmade Briar Churchwarden Tobacco Pipe - Global Hookah\",\"isPartOf\":{\"@id\":\"https:\/\/global-hookah.com\/#website\"},\"primaryImageOfPage\":{\"@id\":\"https:\/\/global-hookah.com\/pt\/produto\/cachimbo-de-tabaco-de-barbaro-feito-a-mao\/#primaryimage\"},\"image\":{\"@id\":\"https:\/\/global-hookah.com\/pt\/produto\/cachimbo-de-tabaco-de-barbaro-feito-a-mao\/#primaryimage\"},\"thumbnailUrl\":\"https:\/\/global-hookah.com\/wp-content\/uploads\/2024\/01\/Churchwarden-pipes-handmade-briar-tobacco-pipe-slender-curved-handle-smoking-reading-pipe-smoking-pipe-with-cleaning.webp\",\"datePublished\":\"2024-01-10T07:44:47+00:00\",\"dateModified\":\"2024-01-10T07:44:49+00:00\",\"breadcrumb\":{\"@id\":\"https:\/\/global-hookah.com\/pt\/produto\/cachimbo-de-tabaco-de-barbaro-feito-a-mao\/#breadcrumb\"},\"inLanguage\":\"de\",\"potentialAction\":[{\"@type\":\"ReadAction\",\"target\":[\"https:\/\/global-hookah.com\/pt\/produto\/cachimbo-de-tabaco-de-barbaro-feito-a-mao\/\"]}]},{\"@type\":\"ImageObject\",\"inLanguage\":\"de\",\"@id\":\"https:\/\/global-hookah.com\/pt\/produto\/cachimbo-de-tabaco-de-barbaro-feito-a-mao\/#primaryimage\",\"url\":\"https:\/\/global-hookah.com\/wp-content\/uploads\/2024\/01\/Churchwarden-pipes-handmade-briar-tobacco-pipe-slender-curved-handle-smoking-reading-pipe-smoking-pipe-with-cleaning.webp\",\"contentUrl\":\"https:\/\/global-hookah.com\/wp-content\/uploads\/2024\/01\/Churchwarden-pipes-handmade-briar-tobacco-pipe-slender-curved-handle-smoking-reading-pipe-smoking-pipe-with-cleaning.webp\",\"width\":800,\"height\":800},{\"@type\":\"BreadcrumbList\",\"@id\":\"https:\/\/global-hookah.com\/pt\/produto\/cachimbo-de-tabaco-de-barbaro-feito-a-mao\/#breadcrumb\",\"itemListElement\":[{\"@type\":\"ListItem\",\"position\":1,\"name\":\"Home\",\"item\":\"https:\/\/global-hookah.com\/\"},{\"@type\":\"ListItem\",\"position\":2,\"name\":\"Shop\",\"item\":\"https:\/\/global-hookah.com\/shop\/\"},{\"@type\":\"ListItem\",\"position\":3,\"name\":\"Handmade Briar Churchwarden Tobacco Pipe\"}]},{\"@type\":\"WebSite\",\"@id\":\"https:\/\/global-hookah.com\/#website\",\"url\":\"https:\/\/global-hookah.com\/\",\"name\":\"Global Hookah\",\"description\":\"Global Hookah\",\"publisher\":{\"@id\":\"https:\/\/global-hookah.com\/#organization\"},\"potentialAction\":[{\"@type\":\"SearchAction\",\"target\":{\"@type\":\"EntryPoint\",\"urlTemplate\":\"https:\/\/global-hookah.com\/?s={search_term_string}\"},\"query-input\":{\"@type\":\"PropertyValueSpecification\",\"valueRequired\":true,\"valueName\":\"search_term_string\"}}],\"inLanguage\":\"de\"},{\"@type\":\"Organization\",\"@id\":\"https:\/\/global-hookah.com\/#organization\",\"name\":\"Global Hookah\",\"url\":\"https:\/\/global-hookah.com\/\",\"logo\":{\"@type\":\"ImageObject\",\"inLanguage\":\"de\",\"@id\":\"https:\/\/global-hookah.com\/#\/schema\/logo\/image\/\",\"url\":\"https:\/\/global-hookah.com\/wp-content\/uploads\/2021\/10\/cropped-fgg.png\",\"contentUrl\":\"https:\/\/global-hookah.com\/wp-content\/uploads\/2021\/10\/cropped-fgg.png\",\"width\":512,\"height\":512,\"caption\":\"Global Hookah\"},\"image\":{\"@id\":\"https:\/\/global-hookah.com\/#\/schema\/logo\/image\/\"}}]}<\/script>\n<!-- \/ Yoast SEO Premium plugin. -->","yoast_head_json":{"title":"Handgemachte Briar Churchwarden Tabakpfeife - Global Hookah","robots":{"index":"index","follow":"follow","max-snippet":"max-snippet:-1","max-image-preview":"max-image-preview:large","max-video-preview":"max-video-preview:-1"},"canonical":"https:\/\/global-hookah.com\/de\/pt\/produto\/cachimbo-de-tabaco-de-barbaro-feito-a-mao\/","og_locale":"de_DE","og_type":"article","og_title":"Handmade Briar Churchwarden Tobacco Pipe","og_description":"\u00a0 Material:\u00a0wood Model Number:\u00a0aa0027S Brand Name:\u00a0MUXIANG Origin:\u00a0Mainland China \u00a0 Churchwarden Characteristics Churchwarden pipes are identified by their pronounced, elongated stems,","og_url":"https:\/\/global-hookah.com\/de\/pt\/produto\/cachimbo-de-tabaco-de-barbaro-feito-a-mao\/","og_site_name":"Global Hookah","article_modified_time":"2024-01-10T07:44:49+00:00","og_image":[{"width":800,"height":800,"url":"https:\/\/global-hookah.com\/wp-content\/uploads\/2024\/01\/Churchwarden-pipes-handmade-briar-tobacco-pipe-slender-curved-handle-smoking-reading-pipe-smoking-pipe-with-cleaning.webp","type":"image\/webp"}],"twitter_card":"summary_large_image","schema":{"@context":"https:\/\/schema.org","@graph":[{"@type":"WebPage","@id":"https:\/\/global-hookah.com\/pt\/produto\/cachimbo-de-tabaco-de-barbaro-feito-a-mao\/","url":"https:\/\/global-hookah.com\/pt\/produto\/cachimbo-de-tabaco-de-barbaro-feito-a-mao\/","name":"Handgemachte Briar Churchwarden Tabakpfeife - Global Hookah","isPartOf":{"@id":"https:\/\/global-hookah.com\/#website"},"primaryImageOfPage":{"@id":"https:\/\/global-hookah.com\/pt\/produto\/cachimbo-de-tabaco-de-barbaro-feito-a-mao\/#primaryimage"},"image":{"@id":"https:\/\/global-hookah.com\/pt\/produto\/cachimbo-de-tabaco-de-barbaro-feito-a-mao\/#primaryimage"},"thumbnailUrl":"https:\/\/global-hookah.com\/wp-content\/uploads\/2024\/01\/Churchwarden-pipes-handmade-briar-tobacco-pipe-slender-curved-handle-smoking-reading-pipe-smoking-pipe-with-cleaning.webp","datePublished":"2024-01-10T07:44:47+00:00","dateModified":"2024-01-10T07:44:49+00:00","breadcrumb":{"@id":"https:\/\/global-hookah.com\/pt\/produto\/cachimbo-de-tabaco-de-barbaro-feito-a-mao\/#breadcrumb"},"inLanguage":"de","potentialAction":[{"@type":"ReadAction","target":["https:\/\/global-hookah.com\/pt\/produto\/cachimbo-de-tabaco-de-barbaro-feito-a-mao\/"]}]},{"@type":"ImageObject","inLanguage":"de","@id":"https:\/\/global-hookah.com\/pt\/produto\/cachimbo-de-tabaco-de-barbaro-feito-a-mao\/#primaryimage","url":"https:\/\/global-hookah.com\/wp-content\/uploads\/2024\/01\/Churchwarden-pipes-handmade-briar-tobacco-pipe-slender-curved-handle-smoking-reading-pipe-smoking-pipe-with-cleaning.webp","contentUrl":"https:\/\/global-hookah.com\/wp-content\/uploads\/2024\/01\/Churchwarden-pipes-handmade-briar-tobacco-pipe-slender-curved-handle-smoking-reading-pipe-smoking-pipe-with-cleaning.webp","width":800,"height":800},{"@type":"BreadcrumbList","@id":"https:\/\/global-hookah.com\/pt\/produto\/cachimbo-de-tabaco-de-barbaro-feito-a-mao\/#breadcrumb","itemListElement":[{"@type":"ListItem","position":1,"name":"Home","item":"https:\/\/global-hookah.com\/"},{"@type":"ListItem","position":2,"name":"Shop","item":"https:\/\/global-hookah.com\/shop\/"},{"@type":"ListItem","position":3,"name":"Handmade Briar Churchwarden Tobacco Pipe"}]},{"@type":"WebSite","@id":"https:\/\/global-hookah.com\/#website","url":"https:\/\/global-hookah.com\/","name":"Globale Wasserpfeife","description":"Globale Wasserpfeife","publisher":{"@id":"https:\/\/global-hookah.com\/#organization"},"potentialAction":[{"@type":"SearchAction","target":{"@type":"EntryPoint","urlTemplate":"https:\/\/global-hookah.com\/?s={search_term_string}"},"query-input":{"@type":"PropertyValueSpecification","valueRequired":true,"valueName":"search_term_string"}}],"inLanguage":"de"},{"@type":"Organization","@id":"https:\/\/global-hookah.com\/#organization","name":"Globale Wasserpfeife","url":"https:\/\/global-hookah.com\/","logo":{"@type":"ImageObject","inLanguage":"de","@id":"https:\/\/global-hookah.com\/#\/schema\/logo\/image\/","url":"https:\/\/global-hookah.com\/wp-content\/uploads\/2021\/10\/cropped-fgg.png","contentUrl":"https:\/\/global-hookah.com\/wp-content\/uploads\/2021\/10\/cropped-fgg.png","width":512,"height":512,"caption":"Global Hookah"},"image":{"@id":"https:\/\/global-hookah.com\/#\/schema\/logo\/image\/"}}]}},"_links":{"self":[{"href":"https:\/\/global-hookah.com\/de\/wp-json\/wp\/v2\/product\/18812","targetHints":{"allow":["GET"]}}],"collection":[{"href":"https:\/\/global-hookah.com\/de\/wp-json\/wp\/v2\/product"}],"about":[{"href":"https:\/\/global-hookah.com\/de\/wp-json\/wp\/v2\/types\/product"}],"replies":[{"embeddable":true,"href":"https:\/\/global-hookah.com\/de\/wp-json\/wp\/v2\/comments?post=18812"}],"version-history":[{"count":0,"href":"https:\/\/global-hookah.com\/de\/wp-json\/wp\/v2\/product\/18812\/revisions"}],"wp:featuredmedia":[{"embeddable":true,"href":"https:\/\/global-hookah.com\/de\/wp-json\/wp\/v2\/media\/18813"}],"wp:attachment":[{"href":"https:\/\/global-hookah.com\/de\/wp-json\/wp\/v2\/media?parent=18812"}],"wp:term":[{"taxonomy":"product_brand","embeddable":true,"href":"https:\/\/global-hookah.com\/de\/wp-json\/wp\/v2\/product_brand?post=18812"},{"taxonomy":"product_cat","embeddable":true,"href":"https:\/\/global-hookah.com\/de\/wp-json\/wp\/v2\/product_cat?post=18812"},{"taxonomy":"product_tag","embeddable":true,"href":"https:\/\/global-hookah.com\/de\/wp-json\/wp\/v2\/product_tag?post=18812"}],"curies":[{"name":"wp","href":"https:\/\/api.w.org\/{rel}","templated":true}]}}