{"id":19122,"date":"2024-01-12T05:43:24","date_gmt":"2024-01-12T05:43:24","guid":{"rendered":"https:\/\/global-hookah.com\/?post_type=product&#038;p=19122"},"modified":"2024-04-17T07:37:38","modified_gmt":"2024-04-17T07:37:38","slug":"cheap-electronic-hookah-kit-wholesale","status":"publish","type":"product","link":"https:\/\/global-hookah.com\/de\/produkt\/cheap-electronic-hookah-kit-wholesale\/","title":{"rendered":"G\u00fcnstige elektronische Wasserpfeife Kit Gro\u00dfhandel"},"content":{"rendered":"<p>Verwenden m\u00f6chten <strong>elektronische Wasserpfeife<\/strong> um Spa\u00df in Ihr Leben zu bringen? Werfen Sie einen Blick auf diesen Roman <strong>Elektronische Wasserpfeife<\/strong> heute. Anders als<a href=\"https:\/\/global-hookah.com\/\"> traditionelle Wasserpfeife<\/a>diese <strong>Elektronische Wasserpfeife Kit<\/strong> wird \u00fcber einen Akku mit Strom versorgt und ben\u00f6tigt keine Kabelverbindung, was Ihnen eine gro\u00dfe Nutzungsfreiheit bietet. Sie k\u00f6nnen die Platzierung des <strong>elektronische Wasserpfeife<\/strong> wie Sie wollen, ohne durch die Steckdose eingeschr\u00e4nkt zu sein.<\/p>\n<p>Aber das ist noch nicht alles. Diese <strong>tragbare elektronische Wasserpfeife<\/strong> verf\u00fcgt au\u00dferdem \u00fcber eine coole LED, mit der Sie die Szene in leuchtenden Farben gestalten k\u00f6nnen. Planst du eine Party mit Neonlicht oder willst du einfach nur mit Netflix chillen? Mit nur einem Tastendruck k\u00f6nnen Sie die perfekte Stimmung erzeugen. Mit diesen aufregenden M\u00f6glichkeiten werden Sie die Stimmung auf Ihrer Party garantiert anheizen.<\/p>\n<p>Mit den einstellbaren Temperaturreglern k\u00f6nnen Sie die perfekte Hitze einstellen, um aromatischen Dampf zu erzeugen, und mit einem Akku mit hoher Kapazit\u00e4t ist das genau das, was Sie f\u00fcr l\u00e4ngere Sessions des unbeschwerten Genusses brauchen. Paffen Sie nach Herzenslust, ohne sich Gedanken \u00fcber pl\u00f6tzliche Abschaltungen zu machen. Der integrierte \u00dcberhitzungsschutz und die automatische Abschaltung sorgen daf\u00fcr, dass Sie ganz beruhigt sein k\u00f6nnen. Versinken Sie in absolute Entspannung und genie\u00dfen Sie in vollen Z\u00fcgen.<\/p>","protected":false},"excerpt":{"rendered":"<p>M\u00f6chten Sie eine elektronische Wasserpfeife verwenden, um Ihr Leben zu bereichern? Werfen Sie einen Blick auf diese neuartige elektronische Wasserpfeife heute.<\/p>","protected":false},"featured_media":19124,"comment_status":"open","ping_status":"closed","template":"","meta":{"iawp_total_views":41,"_joinchat":[]},"product_brand":[],"product_cat":[561],"product_tag":[],"class_list":{"0":"post-19122","1":"product","2":"type-product","3":"status-publish","4":"has-post-thumbnail","6":"product_cat-electric-hookah-wholesale","8":"first","9":"instock","10":"shipping-taxable","11":"product-type-external"},"yoast_head":"<!-- This site is optimized with the Yoast SEO Premium plugin v24.7 (Yoast SEO v26.8) - https:\/\/yoast.com\/product\/yoast-seo-premium-wordpress\/ -->\n<title>Cheap Electronic Hookah Kit Wholesale - Global Hookah<\/title>\n<meta name=\"robots\" content=\"index, follow, max-snippet:-1, max-image-preview:large, max-video-preview:-1\" \/>\n<link rel=\"canonical\" href=\"https:\/\/global-hookah.com\/de\/produkt\/cheap-electronic-hookah-kit-wholesale\/\" \/>\n<meta property=\"og:locale\" content=\"de_DE\" \/>\n<meta property=\"og:type\" content=\"article\" \/>\n<meta property=\"og:title\" content=\"Cheap Electronic Hookah Kit Wholesale\" \/>\n<meta property=\"og:description\" content=\"Want to use electronic hookah to add fun to your life? Take a look at this novel Electronic Hookah today.\" \/>\n<meta property=\"og:url\" content=\"https:\/\/global-hookah.com\/de\/produkt\/cheap-electronic-hookah-kit-wholesale\/\" \/>\n<meta property=\"og:site_name\" content=\"Global Hookah\" \/>\n<meta property=\"article:modified_time\" content=\"2024-04-17T07:37:38+00:00\" \/>\n<meta property=\"og:image\" content=\"https:\/\/global-hookah.com\/wp-content\/uploads\/2024\/01\/6210b87e6a6418ea45b70476872f325.jpg\" \/>\n\t<meta property=\"og:image:width\" content=\"800\" \/>\n\t<meta property=\"og:image:height\" content=\"800\" \/>\n\t<meta property=\"og:image:type\" content=\"image\/jpeg\" \/>\n<meta name=\"twitter:card\" content=\"summary_large_image\" \/>\n<meta name=\"twitter:label1\" content=\"Gesch\u00e4tzte Lesezeit\" \/>\n\t<meta name=\"twitter:data1\" content=\"2\u00a0Minuten\" \/>\n<script type=\"application\/ld+json\" class=\"yoast-schema-graph\">{\"@context\":\"https:\/\/schema.org\",\"@graph\":[{\"@type\":\"WebPage\",\"@id\":\"https:\/\/global-hookah.com\/product\/cheap-electronic-hookah-kit-wholesale\/\",\"url\":\"https:\/\/global-hookah.com\/product\/cheap-electronic-hookah-kit-wholesale\/\",\"name\":\"Cheap Electronic Hookah Kit Wholesale - Global Hookah\",\"isPartOf\":{\"@id\":\"https:\/\/global-hookah.com\/#website\"},\"primaryImageOfPage\":{\"@id\":\"https:\/\/global-hookah.com\/product\/cheap-electronic-hookah-kit-wholesale\/#primaryimage\"},\"image\":{\"@id\":\"https:\/\/global-hookah.com\/product\/cheap-electronic-hookah-kit-wholesale\/#primaryimage\"},\"thumbnailUrl\":\"https:\/\/global-hookah.com\/wp-content\/uploads\/2024\/01\/6210b87e6a6418ea45b70476872f325.jpg\",\"datePublished\":\"2024-01-12T05:43:24+00:00\",\"dateModified\":\"2024-04-17T07:37:38+00:00\",\"breadcrumb\":{\"@id\":\"https:\/\/global-hookah.com\/product\/cheap-electronic-hookah-kit-wholesale\/#breadcrumb\"},\"inLanguage\":\"de\",\"potentialAction\":[{\"@type\":\"ReadAction\",\"target\":[\"https:\/\/global-hookah.com\/product\/cheap-electronic-hookah-kit-wholesale\/\"]}]},{\"@type\":\"ImageObject\",\"inLanguage\":\"de\",\"@id\":\"https:\/\/global-hookah.com\/product\/cheap-electronic-hookah-kit-wholesale\/#primaryimage\",\"url\":\"https:\/\/global-hookah.com\/wp-content\/uploads\/2024\/01\/6210b87e6a6418ea45b70476872f325.jpg\",\"contentUrl\":\"https:\/\/global-hookah.com\/wp-content\/uploads\/2024\/01\/6210b87e6a6418ea45b70476872f325.jpg\",\"width\":800,\"height\":800,\"caption\":\"Cheap Electronic Hookah Kit Wholesale\"},{\"@type\":\"BreadcrumbList\",\"@id\":\"https:\/\/global-hookah.com\/product\/cheap-electronic-hookah-kit-wholesale\/#breadcrumb\",\"itemListElement\":[{\"@type\":\"ListItem\",\"position\":1,\"name\":\"Home\",\"item\":\"https:\/\/global-hookah.com\/\"},{\"@type\":\"ListItem\",\"position\":2,\"name\":\"Shop\",\"item\":\"https:\/\/global-hookah.com\/shop\/\"},{\"@type\":\"ListItem\",\"position\":3,\"name\":\"Cheap Electronic Hookah Kit Wholesale\"}]},{\"@type\":\"WebSite\",\"@id\":\"https:\/\/global-hookah.com\/#website\",\"url\":\"https:\/\/global-hookah.com\/\",\"name\":\"Global Hookah\",\"description\":\"Global Hookah\",\"publisher\":{\"@id\":\"https:\/\/global-hookah.com\/#organization\"},\"potentialAction\":[{\"@type\":\"SearchAction\",\"target\":{\"@type\":\"EntryPoint\",\"urlTemplate\":\"https:\/\/global-hookah.com\/?s={search_term_string}\"},\"query-input\":{\"@type\":\"PropertyValueSpecification\",\"valueRequired\":true,\"valueName\":\"search_term_string\"}}],\"inLanguage\":\"de\"},{\"@type\":\"Organization\",\"@id\":\"https:\/\/global-hookah.com\/#organization\",\"name\":\"Global Hookah\",\"url\":\"https:\/\/global-hookah.com\/\",\"logo\":{\"@type\":\"ImageObject\",\"inLanguage\":\"de\",\"@id\":\"https:\/\/global-hookah.com\/#\/schema\/logo\/image\/\",\"url\":\"https:\/\/global-hookah.com\/wp-content\/uploads\/2021\/10\/cropped-fgg.png\",\"contentUrl\":\"https:\/\/global-hookah.com\/wp-content\/uploads\/2021\/10\/cropped-fgg.png\",\"width\":512,\"height\":512,\"caption\":\"Global Hookah\"},\"image\":{\"@id\":\"https:\/\/global-hookah.com\/#\/schema\/logo\/image\/\"}}]}<\/script>\n<!-- \/ Yoast SEO Premium plugin. -->","yoast_head_json":{"title":"G\u00fcnstige elektronische Wasserpfeife Kit Gro\u00dfhandel - Global Hookah","robots":{"index":"index","follow":"follow","max-snippet":"max-snippet:-1","max-image-preview":"max-image-preview:large","max-video-preview":"max-video-preview:-1"},"canonical":"https:\/\/global-hookah.com\/de\/produkt\/cheap-electronic-hookah-kit-wholesale\/","og_locale":"de_DE","og_type":"article","og_title":"Cheap Electronic Hookah Kit Wholesale","og_description":"Want to use electronic hookah to add fun to your life? Take a look at this novel Electronic Hookah today.","og_url":"https:\/\/global-hookah.com\/de\/produkt\/cheap-electronic-hookah-kit-wholesale\/","og_site_name":"Global Hookah","article_modified_time":"2024-04-17T07:37:38+00:00","og_image":[{"width":800,"height":800,"url":"https:\/\/global-hookah.com\/wp-content\/uploads\/2024\/01\/6210b87e6a6418ea45b70476872f325.jpg","type":"image\/jpeg"}],"twitter_card":"summary_large_image","twitter_misc":{"Gesch\u00e4tzte Lesezeit":"2\u00a0Minuten"},"schema":{"@context":"https:\/\/schema.org","@graph":[{"@type":"WebPage","@id":"https:\/\/global-hookah.com\/product\/cheap-electronic-hookah-kit-wholesale\/","url":"https:\/\/global-hookah.com\/product\/cheap-electronic-hookah-kit-wholesale\/","name":"G\u00fcnstige elektronische Wasserpfeife Kit Gro\u00dfhandel - Global Hookah","isPartOf":{"@id":"https:\/\/global-hookah.com\/#website"},"primaryImageOfPage":{"@id":"https:\/\/global-hookah.com\/product\/cheap-electronic-hookah-kit-wholesale\/#primaryimage"},"image":{"@id":"https:\/\/global-hookah.com\/product\/cheap-electronic-hookah-kit-wholesale\/#primaryimage"},"thumbnailUrl":"https:\/\/global-hookah.com\/wp-content\/uploads\/2024\/01\/6210b87e6a6418ea45b70476872f325.jpg","datePublished":"2024-01-12T05:43:24+00:00","dateModified":"2024-04-17T07:37:38+00:00","breadcrumb":{"@id":"https:\/\/global-hookah.com\/product\/cheap-electronic-hookah-kit-wholesale\/#breadcrumb"},"inLanguage":"de","potentialAction":[{"@type":"ReadAction","target":["https:\/\/global-hookah.com\/product\/cheap-electronic-hookah-kit-wholesale\/"]}]},{"@type":"ImageObject","inLanguage":"de","@id":"https:\/\/global-hookah.com\/product\/cheap-electronic-hookah-kit-wholesale\/#primaryimage","url":"https:\/\/global-hookah.com\/wp-content\/uploads\/2024\/01\/6210b87e6a6418ea45b70476872f325.jpg","contentUrl":"https:\/\/global-hookah.com\/wp-content\/uploads\/2024\/01\/6210b87e6a6418ea45b70476872f325.jpg","width":800,"height":800,"caption":"Cheap Electronic Hookah Kit Wholesale"},{"@type":"BreadcrumbList","@id":"https:\/\/global-hookah.com\/product\/cheap-electronic-hookah-kit-wholesale\/#breadcrumb","itemListElement":[{"@type":"ListItem","position":1,"name":"Home","item":"https:\/\/global-hookah.com\/"},{"@type":"ListItem","position":2,"name":"Shop","item":"https:\/\/global-hookah.com\/shop\/"},{"@type":"ListItem","position":3,"name":"Cheap Electronic Hookah Kit Wholesale"}]},{"@type":"WebSite","@id":"https:\/\/global-hookah.com\/#website","url":"https:\/\/global-hookah.com\/","name":"Globale Wasserpfeife","description":"Globale Wasserpfeife","publisher":{"@id":"https:\/\/global-hookah.com\/#organization"},"potentialAction":[{"@type":"SearchAction","target":{"@type":"EntryPoint","urlTemplate":"https:\/\/global-hookah.com\/?s={search_term_string}"},"query-input":{"@type":"PropertyValueSpecification","valueRequired":true,"valueName":"search_term_string"}}],"inLanguage":"de"},{"@type":"Organization","@id":"https:\/\/global-hookah.com\/#organization","name":"Globale Wasserpfeife","url":"https:\/\/global-hookah.com\/","logo":{"@type":"ImageObject","inLanguage":"de","@id":"https:\/\/global-hookah.com\/#\/schema\/logo\/image\/","url":"https:\/\/global-hookah.com\/wp-content\/uploads\/2021\/10\/cropped-fgg.png","contentUrl":"https:\/\/global-hookah.com\/wp-content\/uploads\/2021\/10\/cropped-fgg.png","width":512,"height":512,"caption":"Global Hookah"},"image":{"@id":"https:\/\/global-hookah.com\/#\/schema\/logo\/image\/"}}]}},"_links":{"self":[{"href":"https:\/\/global-hookah.com\/de\/wp-json\/wp\/v2\/product\/19122","targetHints":{"allow":["GET"]}}],"collection":[{"href":"https:\/\/global-hookah.com\/de\/wp-json\/wp\/v2\/product"}],"about":[{"href":"https:\/\/global-hookah.com\/de\/wp-json\/wp\/v2\/types\/product"}],"replies":[{"embeddable":true,"href":"https:\/\/global-hookah.com\/de\/wp-json\/wp\/v2\/comments?post=19122"}],"version-history":[{"count":0,"href":"https:\/\/global-hookah.com\/de\/wp-json\/wp\/v2\/product\/19122\/revisions"}],"wp:featuredmedia":[{"embeddable":true,"href":"https:\/\/global-hookah.com\/de\/wp-json\/wp\/v2\/media\/19124"}],"wp:attachment":[{"href":"https:\/\/global-hookah.com\/de\/wp-json\/wp\/v2\/media?parent=19122"}],"wp:term":[{"taxonomy":"product_brand","embeddable":true,"href":"https:\/\/global-hookah.com\/de\/wp-json\/wp\/v2\/product_brand?post=19122"},{"taxonomy":"product_cat","embeddable":true,"href":"https:\/\/global-hookah.com\/de\/wp-json\/wp\/v2\/product_cat?post=19122"},{"taxonomy":"product_tag","embeddable":true,"href":"https:\/\/global-hookah.com\/de\/wp-json\/wp\/v2\/product_tag?post=19122"}],"curies":[{"name":"wp","href":"https:\/\/api.w.org\/{rel}","templated":true}]}}